{"id":6691,"date":"2019-01-31T09:36:23","date_gmt":"2019-01-31T08:36:23","guid":{"rendered":"https:\/\/actoria.com\/ch\/?page_id=6691"},"modified":"2026-04-27T15:49:26","modified_gmt":"2026-04-27T13:49:26","slug":"wie-verkauft-man-sein-unternehmen-in-schwierigkeiten","status":"publish","type":"page","link":"https:\/\/actoria.com\/ch-de\/ubertragen\/beschliesen-zu-ubertragen\/wie-verkauft-man-sein-unternehmen-in-schwierigkeiten\/","title":{"rendered":"Wie verkauft man sein Unternehmen in Schwierigkeiten?"},"content":{"rendered":"<div id='av_section_1'  class='avia-section main_color avia-section-default avia-no-border-styling  avia-full-stretch avia-bg-style-fixed  avia-builder-el-0  el_before_av_one_full  avia-builder-el-first  header_page_section_title_wrapper  av-arrow-down-section av-minimum-height av-minimum-height-custom  container_wrap sidebar_right' style='background-repeat: no-repeat; background-image: url(https:\/\/actoria.com\/ch-de\/wp-content\/uploads\/2021\/10\/shutterstock-304617983-1500x1000.jpg);background-attachment: fixed; background-position: center center;  '  data-section-bg-repeat='stretch'><div class='container' style='height:660px'><main  role=\"main\" itemprop=\"mainContentOfPage\"  class='template-page content  av-content-small alpha units'><div class='post-entry post-entry-type-page post-entry-6691'><div class='entry-content-wrapper clearfix'>\n<div class='flex_column_table av-equal-height-column-flextable -flextable' ><div class=\"flex_column av_one_full  flex_column_table_cell av-equal-height-column av-align-bottom av-zero-column-padding first  avia-builder-el-1  avia-builder-el-no-sibling  header_page_section_title \" style='border-radius:0px; ' id=\"header_page_section_title\" ><p><br \/>\n<div  style='padding-bottom:5px; margin:0 0 0 0; color:#ffffff;' class='av-special-heading av-special-heading-h1 custom-color-heading   avia-builder-el-3  el_after_av_codeblock  avia-builder-el-last  '><h1 class='av-special-heading-tag '  itemprop=\"headline\"  >Wie verkauft man sein Unternehmen in Schwierigkeiten?<\/h1><div class='special-heading-border'><div class='special-heading-inner-border' style='border-color:#ffffff'><\/div><\/div><\/div><\/p><\/div><\/div><!--close column table wrapper. Autoclose: 1 -->\n<\/div><\/div><\/main><!-- close content main element --><\/div><div class='av-extra-border-element border-extra-arrow-down'><div class='av-extra-border-outer'><div class='av-extra-border-inner'  style='background-color:#ffffff;' ><\/div><\/div><\/div><\/div><div id='after_section_1'  class='main_color av_default_container_wrap container_wrap sidebar_right' style=' '  ><div class='container' ><div class='template-page content  av-content-small alpha units'><div class='post-entry post-entry-type-page post-entry-6691'><div class='entry-content-wrapper clearfix'>\n<section class=\"av_textblock_section \"  itemscope=\"itemscope\" itemtype=\"https:\/\/schema.org\/CreativeWork\" ><div class='avia_textblock  '   itemprop=\"text\" ><p><strong>Der Verkauf seines Unternehmens in Schwierigkeiten kann der beste Weg sein, um die Struktur und die Mitarbeiter zu retten. Wie gro\u00df die Peinlichkeiten auch sein m\u00f6gen, die Voraussetzungen sind immer dieselben: eine vern\u00fcnftige Verwendung der verf\u00fcgbaren Kassenmittel.<\/strong><\/p>\n<p><strong style=\"font-size: 16px;text-align: justify\"><img loading=\"lazy\" decoding=\"async\" class=\"alignleft wp-image-6694\" title=\"comment vendre sa soci\u00e9t\u00e9 - - COMMENT VENDRE SA SOCI\u00c9T\u00c9 EN DIFFICULT\u00c9 ?\" src=\"https:\/\/actoria.com\/ch\/wp-content\/uploads\/2019\/01\/vendre-societe-difficulte-300x201.jpg\" alt=\"comment vendre sa soci\u00e9t\u00e9 en difficult\u00e9 en Suisse\" width=\"321\" height=\"215\" srcset=\"https:\/\/actoria.com\/ch-de\/wp-content\/uploads\/2019\/01\/vendre-societe-difficulte-300x201.jpg 300w, https:\/\/actoria.com\/ch-de\/wp-content\/uploads\/2019\/01\/vendre-societe-difficulte-768x514.jpg 768w, https:\/\/actoria.com\/ch-de\/wp-content\/uploads\/2019\/01\/vendre-societe-difficulte-1030x690.jpg 1030w, https:\/\/actoria.com\/ch-de\/wp-content\/uploads\/2019\/01\/vendre-societe-difficulte-705x472.jpg 705w, https:\/\/actoria.com\/ch-de\/wp-content\/uploads\/2019\/01\/vendre-societe-difficulte-450x301.jpg 450w, https:\/\/actoria.com\/ch-de\/wp-content\/uploads\/2019\/01\/vendre-societe-difficulte.jpg 1280w\" sizes=\"auto, (max-width: 321px) 100vw, 321px\" \/><\/strong><\/p>\n<p>Es gibt viele Gr\u00fcnde, sein Unternehmen in Schwierigkeiten zu verkaufen: Zahlungseinstellung, sinkende Nachfrage oder auch mangelnde Antizipation von Marktver\u00e4nderungen&#8230;<\/p>\n<p>Um unter den besten Bedingungen zu verkaufen, sollten Sie sich der Realit\u00e4t mit klarem Verstand stellen. Je genauer Sie sich ein Bild von den Ursachen machen k\u00f6nnen, die zu einer \u00dcbertragung f\u00fchren, und je <strong>transparenter <\/strong>Sie <strong>gegen\u00fcber den potenziellen \u00dcbernehmern<\/strong> sind, desto gr\u00f6\u00dfer sind die Chancen, dass das Unternehmen nach der Transaktion weitergef\u00fchrt wird.<\/p>\n<p>Die Versuchung ist gro\u00df, die Realit\u00e4t verschleiern und besch\u00f6nigen zu wollen. Damit w\u00fcrden Sie jedoch niemandem einen Gefallen tun. Es wird Ihre Chancen auf einen Verkauf nicht erh\u00f6hen.<\/p>\n<h3>SEIN UNTERNEHMEN IN SCHWIERIGKEITEN TRANSPARENT VERKAUFEN<\/h3>\n<p>Wenn Sie Ihr Unternehmen in Schwierigkeiten verkaufen wollen, ist es immer am besten, <strong>Ihre Absichten klar darzulegen<\/strong>. Ehrlichkeit ist der beste Weg, um bei einem Finanzpartner oder Lieferanten eine Fristverl\u00e4ngerung zu erreichen. Auch wenn Sie mit einem \u00fcbernehmenden Investor in Kontakt stehen, sollten Sie nicht versuchen, ihm etwas zu verheimlichen. Wenn er es herausfindet, wird er die Verhandlungen von einem Tag auf den anderen abbrechen.<\/p>\n<p>Denken Sie daran, dass ein potenzieller K\u00e4ufer an der Transaktion interessiert ist, weil er glaubt, ein gutes Gesch\u00e4ft zu machen. Allerdings ist er nicht bereit, ein un\u00fcberlegtes Risiko einzugehen. Er muss Zugang zu allen Informationen haben, um eine Entscheidung treffen zu k\u00f6nnen. Es liegt an Ihnen als Verk\u00e4ufer, <strong>Ihre Kommunikation zu pflegen<\/strong>. Seien Sie ehrlich und vermeiden Sie Ungenauigkeiten. Sie m\u00fcssen Ihre \u00dcbertragung vorbereiten.<\/p>\n<h3>EINE GUTE KASSENMITTELVERWALTUNG<\/h3>\n<p>Die Vorbereitung der \u00dcbertragung besteht im Wesentlichen aus einer finanziellen Bereinigung. Deshalb muss man, um sein Unternehmen in Schwierigkeiten zu verkaufen, es zun\u00e4chst sanieren und stabilisieren. Richten Sie Ihre Aufmerksamkeit auf alle Ausgaben, die Sie reduzieren k\u00f6nnen, und nehmen Sie Kontakt zu Ihren Gl\u00e4ubigern auf. Auf diese Weise <strong>erhalten Sie den Wert Ihres Gesch\u00e4fts.<\/strong> Diesen Trumpf k\u00f6nnen Sie bei den Verhandlungen mit dem \u00dcbernehmer ausspielen. Sie k\u00f6nnen auch nach neuen Wegen suchen, um Einnahmen zu erzielen, besondere Finanzierungsformen zu finden oder Ihre Liquidit\u00e4t zu verbessern.<\/p>\n<p>Sie sollen auch einen <strong>Finanzierungs- (oder Umstrukturierungs-)plan<\/strong> zur Sanierung des Unternehmens erstellen. Denken Sie auch daran, einen Gesch\u00e4ftsplan zu erstellen, der auf der Grundlage objektiver Annahmen und eines detaillierten Zeitplans ausgearbeitet wurde. So k\u00f6nnen Sie Ihre Austrittsbedingungen optimieren. Auch die rechtlichen Aspekte d\u00fcrfen nicht vergessen werden. W\u00e4hlen Sie Ihren \u00dcbernehmer sorgf\u00e4ltig aus. Im Falle einer Zahlungsunf\u00e4higkeit des Unternehmens bis zu 18 Monate nach dem Verkaufsdatum kann das Handelsgericht den Verk\u00e4ufer f\u00fcr haftbar erkl\u00e4ren. Um dieser Situation vorzubeugen, k\u00f6nnen Sie das Handelsgericht im Rahmen eines Schlichtungsverfahrens um Hilfe bitten.<\/p>\n<p>Wenn Sie Ihr Unternehmen in Schwierigkeiten verkaufen m\u00fcssen, lassen Sie sich von unseren Actoria-Beratern begleiten, die Experten f\u00fcr Unternehmens\u00fcbertragungen sind.<\/p>\n<\/div><\/section>\n","protected":false},"excerpt":{"rendered":"<p>Wie verkauft man sein Unternehmen in Schwierigkeiten?<\/p>\n","protected":false},"author":2,"featured_media":6694,"parent":9919,"menu_order":5,"comment_status":"closed","ping_status":"closed","template":"","meta":{"footnotes":""},"class_list":["post-6691","page","type-page","status-publish","has-post-thumbnail","hentry"],"_links":{"self":[{"href":"https:\/\/actoria.com\/ch-de\/wp-json\/wp\/v2\/pages\/6691","targetHints":{"allow":["GET"]}}],"collection":[{"href":"https:\/\/actoria.com\/ch-de\/wp-json\/wp\/v2\/pages"}],"about":[{"href":"https:\/\/actoria.com\/ch-de\/wp-json\/wp\/v2\/types\/page"}],"author":[{"embeddable":true,"href":"https:\/\/actoria.com\/ch-de\/wp-json\/wp\/v2\/users\/2"}],"replies":[{"embeddable":true,"href":"https:\/\/actoria.com\/ch-de\/wp-json\/wp\/v2\/comments?post=6691"}],"version-history":[{"count":1,"href":"https:\/\/actoria.com\/ch-de\/wp-json\/wp\/v2\/pages\/6691\/revisions"}],"predecessor-version":[{"id":24559,"href":"https:\/\/actoria.com\/ch-de\/wp-json\/wp\/v2\/pages\/6691\/revisions\/24559"}],"up":[{"embeddable":true,"href":"https:\/\/actoria.com\/ch-de\/wp-json\/wp\/v2\/pages\/9919"}],"wp:featuredmedia":[{"embeddable":true,"href":"https:\/\/actoria.com\/ch-de\/wp-json\/wp\/v2\/media\/6694"}],"wp:attachment":[{"href":"https:\/\/actoria.com\/ch-de\/wp-json\/wp\/v2\/media?parent=6691"}],"curies":[{"name":"wp","href":"https:\/\/api.w.org\/{rel}","templated":true}]}}