{"id":6999,"date":"2019-04-02T08:52:03","date_gmt":"2019-04-02T06:52:03","guid":{"rendered":"https:\/\/actoria.com\/ch\/?page_id=6999"},"modified":"2026-04-27T15:49:44","modified_gmt":"2026-04-27T13:49:44","slug":"ein-unternehmen-ubernehmen-wie-konnen-sie-ein-gutes-geschaft-machen","status":"publish","type":"page","link":"https:\/\/actoria.com\/ch-de\/ubernehmen\/ein-unternehmen-ubernehmen-wie-konnen-sie-ein-gutes-geschaft-machen\/","title":{"rendered":"Ein Unternehmen \u00fcbernehmen: Wie k\u00f6nnen Sie ein gutes Gesch\u00e4ft machen?"},"content":{"rendered":"<p>Schweiz<\/p>\n","protected":false},"excerpt":{"rendered":"<p>Ein Unternehmen \u00fcbernehmen: Wie k\u00f6nnen Sie ein gutes Gesch\u00e4ft machen?<\/p>\n","protected":false},"author":2,"featured_media":7001,"parent":1690,"menu_order":0,"comment_status":"closed","ping_status":"closed","template":"","meta":{"footnotes":""},"class_list":["post-6999","page","type-page","status-publish","has-post-thumbnail","hentry"],"_links":{"self":[{"href":"https:\/\/actoria.com\/ch-de\/wp-json\/wp\/v2\/pages\/6999","targetHints":{"allow":["GET"]}}],"collection":[{"href":"https:\/\/actoria.com\/ch-de\/wp-json\/wp\/v2\/pages"}],"about":[{"href":"https:\/\/actoria.com\/ch-de\/wp-json\/wp\/v2\/types\/page"}],"author":[{"embeddable":true,"href":"https:\/\/actoria.com\/ch-de\/wp-json\/wp\/v2\/users\/2"}],"replies":[{"embeddable":true,"href":"https:\/\/actoria.com\/ch-de\/wp-json\/wp\/v2\/comments?post=6999"}],"version-history":[{"count":0,"href":"https:\/\/actoria.com\/ch-de\/wp-json\/wp\/v2\/pages\/6999\/revisions"}],"up":[{"embeddable":true,"href":"https:\/\/actoria.com\/ch-de\/wp-json\/wp\/v2\/pages\/1690"}],"wp:featuredmedia":[{"embeddable":true,"href":"https:\/\/actoria.com\/ch-de\/wp-json\/wp\/v2\/media\/7001"}],"wp:attachment":[{"href":"https:\/\/actoria.com\/ch-de\/wp-json\/wp\/v2\/media?parent=6999"}],"curies":[{"name":"wp","href":"https:\/\/api.w.org\/{rel}","templated":true}]}}