{"id":7029,"date":"2019-04-24T11:29:03","date_gmt":"2019-04-24T09:29:03","guid":{"rendered":"https:\/\/actoria.com\/ch\/?page_id=7029"},"modified":"2022-08-12T17:02:50","modified_gmt":"2022-08-12T15:02:50","slug":"datenschutzrichtlinie","status":"publish","type":"page","link":"https:\/\/actoria.com\/ch-de\/datenschutzrichtlinie\/","title":{"rendered":"Datenschutzrichtlinie"},"content":{"rendered":"<div id='av_section_1'  class='avia-section main_color avia-section-default avia-no-border-styling  avia-full-stretch av-parallax-section avia-bg-style-parallax  avia-builder-el-0  el_before_av_textblock  avia-builder-el-first  header_page_section_title_wrapper  av-arrow-down-section av-minimum-height av-minimum-height-custom  container_wrap sidebar_right' style=' '  data-section-bg-repeat='stretch'><div class='av-parallax' data-avia-parallax-ratio='0.3' ><div class='av-parallax-inner main_color  avia-full-stretch' style = 'background-repeat: no-repeat; background-image: url(https:\/\/actoria.com\/ch-de\/wp-content\/uploads\/2019\/10\/actoria-header.jpg);background-attachment: scroll; background-position: center center; ' ><\/div><\/div><div class='container' style='height:660px'><main  role=\"main\" itemprop=\"mainContentOfPage\"  class='template-page content  av-content-small alpha units'><div class='post-entry post-entry-type-page post-entry-7029'><div class='entry-content-wrapper clearfix'>\n<div class='flex_column_table av-equal-height-column-flextable -flextable' ><div class=\"flex_column av_one_full  av-animated-generic bottom-to-top  flex_column_table_cell av-equal-height-column av-align-bottom av-zero-column-padding first  avia-builder-el-1  avia-builder-el-no-sibling  header_page_section_title \" style='border-radius:0px; ' id=\"header_page_section_title\" ><p><br \/>\n<div  style='padding-bottom:5px; margin:0 0 0 0; color:#ffffff;' class='av-special-heading av-special-heading-h1 custom-color-heading   avia-builder-el-3  el_after_av_codeblock  avia-builder-el-last  '><h1 class='av-special-heading-tag '  itemprop=\"headline\"  >Datenschutzrichtlinie<\/h1><div class='special-heading-border'><div class='special-heading-inner-border' style='border-color:#ffffff'><\/div><\/div><\/div><\/p><\/div><\/div><!--close column table wrapper. Autoclose: 1 --><\/div><\/div><\/main><!-- close content main element --><\/div><div class='av-extra-border-element border-extra-arrow-down'><div class='av-extra-border-outer'><div class='av-extra-border-inner'  style='background-color:#ffffff;' ><\/div><\/div><\/div><\/div><div id='after_section_1'  class='main_color av_default_container_wrap container_wrap sidebar_right' style=' '  ><div class='container' ><div class='template-page content  av-content-small alpha units'><div class='post-entry post-entry-type-page post-entry-7029'><div class='entry-content-wrapper clearfix'><section class=\"av_textblock_section \"  itemscope=\"itemscope\" itemtype=\"https:\/\/schema.org\/CreativeWork\" ><div class='avia_textblock  '   itemprop=\"text\" ><p><strong>Sammlung und Verwendung von Informationen<\/strong><br \/>\nBei der Nutzung unserer Website k\u00f6nnen wir Sie bitten, uns bestimmte pers\u00f6nlich identifizierbare Informationen zur Verf\u00fcgung zu stellen, die verwendet werden k\u00f6nnen, um Sie zu kontaktieren oder zu identifizieren. Pers\u00f6nlich identifizierbare Informationen k\u00f6nnen Ihren Namen umfassen, sind aber nicht darauf beschr\u00e4nkt (&#171;Pers\u00f6nliche Informationen&#187;).<\/p>\n<p><strong>Protokolldaten<\/strong><br \/>\nWie viele andere Website-Betreiber sammeln wir Informationen, die Ihr Browser bei jedem Besuch unserer Website sendet (&#171;Protokolldaten&#187;).<br \/>\nDiese Protokolldaten k\u00f6nnen Informationen wie die IP-Adresse (Internet Protocol) Ihres Computers, den Browsertyp, die Browserversion, die Seiten unserer Website, die Sie besuchen, die Uhrzeit und das Datum Ihres Besuchs, die Zeit, die Sie auf diesen Seiten verbringen usw. enthalten.<br \/>\nDar\u00fcber hinaus k\u00f6nnen wir Dienste von Drittanbietern wie Google Analytics nutzen, die diese Informationen sammeln, \u00fcberwachen und analysieren&#8230;<br \/>\nDer Abschnitt Protokolldaten ist f\u00fcr Unternehmen gedacht, die Analyse- oder Tracking-Dienste in Websites oder Anwendungen nutzen, wie z.B. Google Analytics. F\u00fcr den Abschnitt zur vollst\u00e4ndigen Offenlegung erstellen Sie bitte Ihre eigene Datenschutzrichtlinie.<\/p>\n<p><strong>Kommunikation<\/strong><br \/>\nWir k\u00f6nnen Ihre pers\u00f6nlichen Informationen verwenden, um Sie mit Newslettern, Marketing- oder Werbematerial und anderen Informationen zu kontaktieren, die &#8230;<br \/>\nDer Abschnitt Mitteilungen ist f\u00fcr Unternehmen gedacht, die Nutzer per E-Mail (E-Mail-Newsletter) oder auf andere Weise kontaktieren k\u00f6nnen. F\u00fcr den Abschnitt zur vollst\u00e4ndigen Offenlegung erstellen Sie bitte Ihre eigene Datenschutzrichtlinie.<\/p>\n<p><strong>Cookies<\/strong><br \/>\nCookies sind Dateien, die eine kleine Menge an Daten enthalten, die eine eindeutige und anonyme Kennung enthalten k\u00f6nnen. Cookies werden von einer Website an Ihren Browser gesendet und auf der Festplatte Ihres Computers gespeichert.<br \/>\nWie viele andere Websites verwenden auch wir &#171;Cookies&#187;, um Informationen zu sammeln. Sie k\u00f6nnen Ihren Browser anweisen, alle Cookies abzulehnen oder anzugeben, wann ein Cookie gesendet wird. Wenn Sie jedoch keine Cookies akzeptieren, kann es sein, dass Sie bestimmte Teile unserer Website nicht nutzen k\u00f6nnen.<\/p>\n<p><strong>Sicherheit<\/strong><br \/>\nDie Sicherheit Ihrer pers\u00f6nlichen Daten ist uns wichtig, aber denken Sie daran, dass keine Methode der \u00dcbertragung \u00fcber das Internet und keine Methode der elektronischen Speicherung 100% sicher ist. Wir bem\u00fchen uns, wirtschaftlich akzeptable Mittel einzusetzen, um Ihre pers\u00f6nlichen Daten zu sch\u00fctzen, k\u00f6nnen jedoch keine absolute Sicherheit garantieren.<\/p>\n<p><strong>\u00c4nderungen an dieser Datenschutzrichtlinie<\/strong><br \/>\nDiese Datenschutzrichtlinie tritt am (Datum einf\u00fcgen) in Kraft und bleibt in Kraft, mit Ausnahme etwaiger \u00c4nderungen der Bestimmungen, die unmittelbar nach ihrer Ver\u00f6ffentlichung auf dieser Seite in Kraft treten.<br \/>\nWir behalten uns das Recht vor, unsere Datenschutzrichtlinie jederzeit zu aktualisieren oder zu \u00e4ndern, und Sie sollten diese Datenschutzrichtlinie regelm\u00e4\u00dfig \u00fcberpr\u00fcfen. Ihre fortgesetzte Nutzung des Dienstes nach der Ver\u00f6ffentlichung von \u00c4nderungen der Datenschutzrichtlinie auf dieser Seite stellt Ihre Anerkennung der \u00c4nderungen und Ihre Zustimmung dar, die ge\u00e4nderte Datenschutzrichtlinie zu befolgen und an sie gebunden zu sein.<br \/>\nWenn wir wesentliche \u00c4nderungen an dieser Datenschutzrichtlinie vornehmen, werden wir Sie entweder \u00fcber die von Ihnen angegebene E-Mail-Adresse oder durch einen deutlich sichtbaren Hinweis auf unserer Website dar\u00fcber in Kenntnis setzen.<\/p>\n<p><strong>Kontaktieren Sie uns<\/strong><br \/>\nWenn Sie Fragen zu dieser Datenschutzrichtlinie haben, kontaktieren Sie uns bitte.<\/p>\n<\/div><\/section><\/p>\n","protected":false},"excerpt":{"rendered":"<p>Datenschutzrichtlinie<\/p>\n","protected":false},"author":2,"featured_media":18377,"parent":0,"menu_order":0,"comment_status":"closed","ping_status":"closed","template":"","meta":{"footnotes":""},"class_list":["post-7029","page","type-page","status-publish","has-post-thumbnail","hentry"],"_links":{"self":[{"href":"https:\/\/actoria.com\/ch-de\/wp-json\/wp\/v2\/pages\/7029","targetHints":{"allow":["GET"]}}],"collection":[{"href":"https:\/\/actoria.com\/ch-de\/wp-json\/wp\/v2\/pages"}],"about":[{"href":"https:\/\/actoria.com\/ch-de\/wp-json\/wp\/v2\/types\/page"}],"author":[{"embeddable":true,"href":"https:\/\/actoria.com\/ch-de\/wp-json\/wp\/v2\/users\/2"}],"replies":[{"embeddable":true,"href":"https:\/\/actoria.com\/ch-de\/wp-json\/wp\/v2\/comments?post=7029"}],"version-history":[{"count":0,"href":"https:\/\/actoria.com\/ch-de\/wp-json\/wp\/v2\/pages\/7029\/revisions"}],"wp:featuredmedia":[{"embeddable":true,"href":"https:\/\/actoria.com\/ch-de\/wp-json\/wp\/v2\/media\/18377"}],"wp:attachment":[{"href":"https:\/\/actoria.com\/ch-de\/wp-json\/wp\/v2\/media?parent=7029"}],"curies":[{"name":"wp","href":"https:\/\/api.w.org\/{rel}","templated":true}]}}