{"id":9393,"date":"2020-05-05T15:30:43","date_gmt":"2020-05-05T15:30:43","guid":{"rendered":"https:\/\/actoria.com\/ch\/?page_id=9393"},"modified":"2026-04-27T15:49:26","modified_gmt":"2026-04-27T13:49:26","slug":"unternehmenszusammenschluss-in-der-schweiz-durch-konzentration","status":"publish","type":"page","link":"https:\/\/actoria.com\/ch-de\/entwickeln\/wie-sich-entwickeln\/unternehmenszusammenschluss-in-der-schweiz-durch-konzentration\/","title":{"rendered":"Durch Konzentration"},"content":{"rendered":"<div id='av_section_1'  class='avia-section main_color avia-section-default avia-no-border-styling  avia-full-stretch avia-bg-style-fixed  avia-builder-el-0  el_before_av_one_full  avia-builder-el-first  header_page_section_title_wrapper  av-arrow-down-section av-minimum-height av-minimum-height-custom  container_wrap sidebar_right' style='background-repeat: no-repeat; background-image: url(https:\/\/actoria.com\/ch-de\/wp-content\/uploads\/2021\/12\/shutterstock--1500x1000.jpg);background-attachment: fixed; background-position: center center;  '  data-section-bg-repeat='stretch'><div class='container' style='height:660px'><main  role=\"main\" itemprop=\"mainContentOfPage\"  class='template-page content  av-content-small alpha units'><div class='post-entry post-entry-type-page post-entry-9393'><div class='entry-content-wrapper clearfix'>\n<div class='flex_column_table av-equal-height-column-flextable -flextable' ><div class=\"flex_column av_one_full  flex_column_table_cell av-equal-height-column av-align-bottom av-zero-column-padding first  avia-builder-el-1  avia-builder-el-no-sibling  header_page_section_title \" style='border-radius:0px; ' id=\"header_page_section_title\" ><p><br \/>\n<div  style='padding-bottom:5px; margin:0 0 0 0; color:#ffffff;' class='av-special-heading av-special-heading-h1 custom-color-heading   avia-builder-el-3  el_after_av_codeblock  avia-builder-el-last  '><h1 class='av-special-heading-tag '  itemprop=\"headline\"  >Durch Konzentration<\/h1><div class='special-heading-border'><div class='special-heading-inner-border' style='border-color:#ffffff'><\/div><\/div><\/div><\/p><\/div><\/div><!--close column table wrapper. Autoclose: 1 -->\n<\/div><\/div><\/main><!-- close content main element --><\/div><div class='av-extra-border-element border-extra-arrow-down'><div class='av-extra-border-outer'><div class='av-extra-border-inner'  style='background-color:#ffffff;' ><\/div><\/div><\/div><\/div><div id='after_section_1'  class='main_color av_default_container_wrap container_wrap sidebar_right' style=' '  ><div class='container' ><div class='template-page content  av-content-small alpha units'><div class='post-entry post-entry-type-page post-entry-9393'><div class='entry-content-wrapper clearfix'>\n<div class=\"flex_column av_one_full  flex_column_div av-zero-column-padding first  avia-builder-el-4  el_after_av_section  avia-builder-el-no-sibling  \" style='border-radius:0px; '><section class=\"av_textblock_section \"  itemscope=\"itemscope\" itemtype=\"https:\/\/schema.org\/CreativeWork\" ><div class='avia_textblock  '   itemprop=\"text\" ><p><img loading=\"lazy\" decoding=\"async\" class=\"size-medium wp-image-18531 alignleft\" title=\"Par la concentration, transmission d'entreprises en Suisse\" src=\"https:\/\/actoria.com\/ch\/wp-content\/uploads\/2021\/12\/shutterstock-1-45-300x300.jpg\" alt=\"Par la concentration, transmission d'entreprises en Suisse\" width=\"300\" height=\"300\" srcset=\"https:\/\/actoria.com\/ch-de\/wp-content\/uploads\/2021\/12\/shutterstock-1-45-300x300.jpg 300w, https:\/\/actoria.com\/ch-de\/wp-content\/uploads\/2021\/12\/shutterstock-1-45-1030x1030.jpg 1030w, https:\/\/actoria.com\/ch-de\/wp-content\/uploads\/2021\/12\/shutterstock-1-45-80x80.jpg 80w, https:\/\/actoria.com\/ch-de\/wp-content\/uploads\/2021\/12\/shutterstock-1-45-768x768.jpg 768w, https:\/\/actoria.com\/ch-de\/wp-content\/uploads\/2021\/12\/shutterstock-1-45-1536x1536.jpg 1536w, https:\/\/actoria.com\/ch-de\/wp-content\/uploads\/2021\/12\/shutterstock-1-45-36x36.jpg 36w, https:\/\/actoria.com\/ch-de\/wp-content\/uploads\/2021\/12\/shutterstock-1-45-180x180.jpg 180w, https:\/\/actoria.com\/ch-de\/wp-content\/uploads\/2021\/12\/shutterstock-1-45-1500x1500.jpg 1500w, https:\/\/actoria.com\/ch-de\/wp-content\/uploads\/2021\/12\/shutterstock-1-45-705x705.jpg 705w, https:\/\/actoria.com\/ch-de\/wp-content\/uploads\/2021\/12\/shutterstock-1-45.jpg 1600w\" sizes=\"auto, (max-width: 300px) 100vw, 300px\" \/><\/p>\n<p>Anstatt sich auf Ihre eigenen Anstrengungen zu verlassen, k\u00f6nnen Sie versuchen, Ihre Pr\u00e4senz durch Konzentration in der Schweiz in einer Branche auszuweiten, indem Sie sich mit einem Ihrer Wettbewerbern zusammenschlie\u00dfen oder mit ihm fusionieren.<\/p>\n<p>Durch Konzentration k\u00f6nnen viele Unternehmen ihre Gr\u00f6\u00dfe erh\u00f6hen und ihren Wettbewerbern zuvorkommen.<\/p>\n<p>Tats\u00e4chlich kann es Jahre oder Jahrzehnte dauern, bis sich die Gr\u00f6\u00dfe eines Unternehmens durch organisches Wachstum verdoppelt.<\/p>\n<p>Dieses strategische Vorgehen ist als <strong>horizontale Konzentration<\/strong> bekannt.<\/p>\n<p>Wenn Sie sich mit einem Ihrer Lieferanten (vorgelagerte Stufe) oder H\u00e4ndler (nachgelagerte Stufe) zusammenschlie\u00dfen, wird der Begriff <strong>vertikale Konzentration<\/strong> verwendet.<\/p>\n<p>Konzentration kann aus mehreren Gr\u00fcnden interessant sein.<\/p>\n<p>In vielen F\u00e4llen zielt Konzentration darauf ab, <strong>die Kosten<\/strong> durch gr\u00f6\u00dfere Skaleneffekte <strong>zu senken<\/strong>.<\/p>\n<p>Indirekt <strong>verringert<\/strong> sie <strong>die Wettbewerbsintensit\u00e4t <\/strong>in einer Branche und macht die Branche somit rentabler.<\/p>\n<p>Konzentration kann auch den Zugang zu <strong>neuen Vertriebskan\u00e4len<\/strong> erm\u00f6glichen.<\/p>\n<h3><strong>Welche Faktoren treiben Konzentration in der Schweiz voran?<\/strong><\/h3>\n<p><strong>Wettbewerb<\/strong><\/p>\n<p>Der Wettbewerb ist der Hauptgrund daf\u00fcr, dass M&amp;A-T\u00e4tigkeiten in unterschiedlichen Zyklen ablaufen. Der Wunsch, ein Unternehmen mit einem attraktiven Aktiva-Portfolio zu \u00fcbernehmen, bevor ein Wettbewerber dies tut, f\u00fchrt in der Regel zu einer nahrhaften Raserei auf den boomenden M\u00e4rkten.<\/p>\n<p><strong>Synergien<\/strong><\/p>\n<p>Unternehmen fusionieren auch, um Synergien und Skaleneffekte zu nutzen. Synergien entstehen, wenn sich zwei Unternehmen mit \u00e4hnlichen Branchen zusammenschlie\u00dfen, da sie dann doppelte Ressourcen wie Zweigniederlassung und Regionalb\u00fcros, Fertigungsanlagen, Forschungsprojekte usw. konsolidieren (oder eliminieren) k\u00f6nnen.<\/p>\n<p><strong>Dominanz<\/strong><\/p>\n<p>Unternehmen gehen auch Zusammenschl\u00fcsse ein, um ihre Branche zu dominieren.<\/p>\n<p><strong>Steuerliche Ziele<\/strong><\/p>\n<p>Unternehmen setzen M&amp;A auch aus steuerlichen Gr\u00fcnden ein, obwohl dies eher ein implizites als ein explizites Motiv sein kann.<\/p>\n<\/div><\/section><\/div>\n","protected":false},"excerpt":{"rendered":"<p>Durch Konzentration<\/p>\n","protected":false},"author":2,"featured_media":6975,"parent":9390,"menu_order":2,"comment_status":"closed","ping_status":"closed","template":"","meta":{"footnotes":""},"class_list":["post-9393","page","type-page","status-publish","has-post-thumbnail","hentry"],"_links":{"self":[{"href":"https:\/\/actoria.com\/ch-de\/wp-json\/wp\/v2\/pages\/9393","targetHints":{"allow":["GET"]}}],"collection":[{"href":"https:\/\/actoria.com\/ch-de\/wp-json\/wp\/v2\/pages"}],"about":[{"href":"https:\/\/actoria.com\/ch-de\/wp-json\/wp\/v2\/types\/page"}],"author":[{"embeddable":true,"href":"https:\/\/actoria.com\/ch-de\/wp-json\/wp\/v2\/users\/2"}],"replies":[{"embeddable":true,"href":"https:\/\/actoria.com\/ch-de\/wp-json\/wp\/v2\/comments?post=9393"}],"version-history":[{"count":0,"href":"https:\/\/actoria.com\/ch-de\/wp-json\/wp\/v2\/pages\/9393\/revisions"}],"up":[{"embeddable":true,"href":"https:\/\/actoria.com\/ch-de\/wp-json\/wp\/v2\/pages\/9390"}],"wp:featuredmedia":[{"embeddable":true,"href":"https:\/\/actoria.com\/ch-de\/wp-json\/wp\/v2\/media\/6975"}],"wp:attachment":[{"href":"https:\/\/actoria.com\/ch-de\/wp-json\/wp\/v2\/media?parent=9393"}],"curies":[{"name":"wp","href":"https:\/\/api.w.org\/{rel}","templated":true}]}}