{"id":9399,"date":"2020-05-05T15:30:43","date_gmt":"2020-05-05T15:30:43","guid":{"rendered":"https:\/\/actoria.com\/ch\/?page_id=9399"},"modified":"2026-04-27T15:53:12","modified_gmt":"2026-04-27T13:53:12","slug":"unternehmenszusammenschluss-in-der-schweiz-durch-globalisierung","status":"publish","type":"page","link":"https:\/\/actoria.com\/ch-de\/entwickeln\/wie-sich-entwickeln\/unternehmenszusammenschluss-in-der-schweiz-durch-globalisierung\/","title":{"rendered":"Durch Globalisierung"},"content":{"rendered":"<div id='av_section_1'  class='avia-section main_color avia-section-default avia-no-border-styling  avia-full-stretch avia-bg-style-fixed  avia-builder-el-0  el_before_av_one_full  avia-builder-el-first  header_page_section_title_wrapper  av-arrow-down-section av-minimum-height av-minimum-height-custom  container_wrap sidebar_right' style='background-repeat: no-repeat; background-image: url(https:\/\/actoria.com\/ch-de\/wp-content\/uploads\/2021\/12\/shutterstock-1-53-1500x903.jpg);background-attachment: fixed; background-position: center center;  '  data-section-bg-repeat='stretch'><div class='container' style='height:660px'><main  role=\"main\" itemprop=\"mainContentOfPage\"  class='template-page content  av-content-small alpha units'><div class='post-entry post-entry-type-page post-entry-9399'><div class='entry-content-wrapper clearfix'>\n<div class='flex_column_table av-equal-height-column-flextable -flextable' ><div class=\"flex_column av_one_full  flex_column_table_cell av-equal-height-column av-align-bottom av-zero-column-padding first  avia-builder-el-1  avia-builder-el-no-sibling  header_page_section_title \" style='border-radius:0px; ' id=\"header_page_section_title\" ><p><br \/>\n<div  style='padding-bottom:5px; margin:0 0 0 0; color:#ffffff;' class='av-special-heading av-special-heading-h1 custom-color-heading   avia-builder-el-3  el_after_av_codeblock  avia-builder-el-last  '><h1 class='av-special-heading-tag '  itemprop=\"headline\"  >Durch Globalisierung<\/h1><div class='special-heading-border'><div class='special-heading-inner-border' style='border-color:#ffffff'><\/div><\/div><\/div><\/p><\/div><\/div><!--close column table wrapper. Autoclose: 1 -->\n<\/div><\/div><\/main><!-- close content main element --><\/div><div class='av-extra-border-element border-extra-arrow-down'><div class='av-extra-border-outer'><div class='av-extra-border-inner'  style='background-color:#ffffff;' ><\/div><\/div><\/div><\/div><div id='after_section_1'  class='main_color av_default_container_wrap container_wrap sidebar_right' style=' '  ><div class='container' ><div class='template-page content  av-content-small alpha units'><div class='post-entry post-entry-type-page post-entry-9399'><div class='entry-content-wrapper clearfix'>\n<div class=\"flex_column av_one_full  flex_column_div av-zero-column-padding first  avia-builder-el-4  el_after_av_section  avia-builder-el-no-sibling  \" style='border-radius:0px; '><section class=\"av_textblock_section \"  itemscope=\"itemscope\" itemtype=\"https:\/\/schema.org\/CreativeWork\" ><div class='avia_textblock  '   itemprop=\"text\" ><p><img loading=\"lazy\" decoding=\"async\" class=\"size-medium wp-image-18598 alignleft\" title=\"Par la globalisation, transmission d'entreprises en Suisse\" src=\"https:\/\/actoria.com\/ch\/wp-content\/uploads\/2021\/12\/shutterstock-1-54-300x200.jpg\" alt=\"Par la globalisation, transmission d'entreprises en Suisse\" width=\"300\" height=\"200\" srcset=\"https:\/\/actoria.com\/ch-de\/wp-content\/uploads\/2021\/12\/shutterstock-1-54-300x200.jpg 300w, https:\/\/actoria.com\/ch-de\/wp-content\/uploads\/2021\/12\/shutterstock-1-54-1030x687.jpg 1030w, https:\/\/actoria.com\/ch-de\/wp-content\/uploads\/2021\/12\/shutterstock-1-54-768x512.jpg 768w, https:\/\/actoria.com\/ch-de\/wp-content\/uploads\/2021\/12\/shutterstock-1-54-1536x1024.jpg 1536w, https:\/\/actoria.com\/ch-de\/wp-content\/uploads\/2021\/12\/shutterstock-1-54-2048x1365.jpg 2048w, https:\/\/actoria.com\/ch-de\/wp-content\/uploads\/2021\/12\/shutterstock-1-54-1500x1000.jpg 1500w, https:\/\/actoria.com\/ch-de\/wp-content\/uploads\/2021\/12\/shutterstock-1-54-705x470.jpg 705w\" sizes=\"auto, (max-width: 300px) 100vw, 300px\" \/><\/p>\n<p>Die Wachstumsstrategie in der Schweiz durch Globalisierung bedeutet f\u00fcr ein Unternehmen die Eroberung verschiedener geografischer M\u00e4rkte.<\/p>\n<p>Diese Globalisierungsstrategie muss folgende Fragen beantworten: In welchem Umfang muss ein Unternehmen auf den wichtigsten internationalen M\u00e4rkten pr\u00e4sent sein? Wie kann die Organisation eine notwendige internationale Pr\u00e4senz aufbauen? Welches sind die weltweit optimalen Standorte f\u00fcr seine verschiedenen T\u00e4tigkeiten innerhalb der Wertsch\u00f6pfungskette? Wie kann die Organisation eine globale Pr\u00e4senz in einen globalen Wettbewerbsvorteil umwandeln?<\/p>\n<p><strong>Wann sollte man eine globale Wachstumsstrategie umsetzen?<\/strong><\/p>\n<p><strong>Kostenkontrolle<\/strong><\/p>\n<p>Eine Wachstumsstrategie in der Schweiz durch Globalisierung kann in Branchen angebracht sein, in denen die Unternehmen unter starkem Druck stehen, die Kosten zu senken, aber unter geringem Druck, lokal zu reagieren; die Internationalisierung erm\u00f6glicht es diesen Unternehmen daher,<strong> ein standardisiertes Produkt in anderen L\u00e4ndern zu verkaufen.<\/strong><\/p>\n<p>Durch die Erweiterung ihres Kundenstamms k\u00f6nnen diese Unternehmen von Skaleneffekten (Kostenvorteile, die ein Unternehmen durch seine Expansion erzielt) und Lernkurveneffekten profitieren, da sie in der Lage sind, ein Standardprodukt massenhaft zu produzieren, das exportiert werden kann (vorausgesetzt, die Nachfrage ist gr\u00f6\u00dfer als die damit verbundenen Kosten).<\/p>\n<p><strong>Marktwachstum<\/strong><\/p>\n<p>Die Globalisierung beschr\u00e4nkt sich jedoch nicht auf die Kostenkontrolle.<\/p>\n<p>Mit Differenzierungsstrategien lassen sich auch <strong>Skaleneffekte<\/strong> erzielen, indem entweder unterschiedliche Bed\u00fcrfnisse auf verschiedenen M\u00e4rkten mit einer Reihe \u00e4hnlicher Produkte befriedigt werden oder indem neue Produkte entwickelt werden, die den Bed\u00fcrfnissen und Konsumgewohnheiten eines neuen Marktes entsprechen.<\/p>\n<p>Die Differenzierung im Rahmen einer globalen Strategie wird h\u00e4ufig eine <strong>Lokalisierung <\/strong>erfordern, da sich die Unternehmen an den Geschmack der Verbraucher anpassen m\u00fcssen, um im neuen Land besser konkurrieren zu k\u00f6nnen.<\/p>\n<p>Coca-Cola schmeckt zum Beispiel aufgrund unterschiedlicher lokaler Pr\u00e4ferenzen in jedem Land, in dem es gekauft wird, anders.<\/p>\n<p><strong>Beschaffung<\/strong><\/p>\n<p>Weitere Hauptgr\u00fcnde f\u00fcr die Umsetzung einer globalen Wachstumsstrategie sind der Aufbau von Beziehungen zu Lieferanten, die <strong>Verbesserung des Zugangs<\/strong> zu Rohstoffen (die f\u00fcr eine bestimmte Region spezifisch sind) und die <strong>Kostensenkung<\/strong> durch die Nutzung von Spezialisierungen in anderen Regionen. Starbucks zum Beispiel bezieht seine Kaffeebohnen aus der ganzen Welt, da das Klima einen gro\u00dfen Einfluss auf die Art und Qualit\u00e4t der Bohnen hat.<\/p>\n<p>Die Globalisierungsstrategie von Starbucks, in vielen L\u00e4ndern zu verkaufen, h\u00e4ngt stark von der weltweiten Beschaffung ab, und strategische Manager m\u00fcssen diesen Prozess genau beobachten, um Kosten und Nutzen abzusch\u00e4tzen.<\/p>\n<p>Globale Strategien durch Globalisierung erfordern, dass Unternehmen ihre Produkt- und Preisstrategien auf internationalen M\u00e4rkten und an internationalen Standorten <strong>eng aufeinander abstimmen<\/strong>. Daher sind Unternehmen, die eine globale Strategie verfolgen, in der Regel stark zentralisiert.<\/p>\n<\/div><\/section><\/div>\n","protected":false},"excerpt":{"rendered":"<p>Durch Globalisierung<\/p>\n","protected":false},"author":2,"featured_media":18090,"parent":9390,"menu_order":2,"comment_status":"closed","ping_status":"closed","template":"","meta":{"footnotes":""},"class_list":["post-9399","page","type-page","status-publish","has-post-thumbnail","hentry"],"_links":{"self":[{"href":"https:\/\/actoria.com\/ch-de\/wp-json\/wp\/v2\/pages\/9399","targetHints":{"allow":["GET"]}}],"collection":[{"href":"https:\/\/actoria.com\/ch-de\/wp-json\/wp\/v2\/pages"}],"about":[{"href":"https:\/\/actoria.com\/ch-de\/wp-json\/wp\/v2\/types\/page"}],"author":[{"embeddable":true,"href":"https:\/\/actoria.com\/ch-de\/wp-json\/wp\/v2\/users\/2"}],"replies":[{"embeddable":true,"href":"https:\/\/actoria.com\/ch-de\/wp-json\/wp\/v2\/comments?post=9399"}],"version-history":[{"count":0,"href":"https:\/\/actoria.com\/ch-de\/wp-json\/wp\/v2\/pages\/9399\/revisions"}],"up":[{"embeddable":true,"href":"https:\/\/actoria.com\/ch-de\/wp-json\/wp\/v2\/pages\/9390"}],"wp:featuredmedia":[{"embeddable":true,"href":"https:\/\/actoria.com\/ch-de\/wp-json\/wp\/v2\/media\/18090"}],"wp:attachment":[{"href":"https:\/\/actoria.com\/ch-de\/wp-json\/wp\/v2\/media?parent=9399"}],"curies":[{"name":"wp","href":"https:\/\/api.w.org\/{rel}","templated":true}]}}