{"id":9400,"date":"2020-05-05T15:30:43","date_gmt":"2020-05-05T15:30:43","guid":{"rendered":"https:\/\/actoria.com\/ch\/?page_id=9400"},"modified":"2026-04-27T15:49:24","modified_gmt":"2026-04-27T13:49:24","slug":"unternehmenszusammenschluss-in-der-schweiz-durch-integration","status":"publish","type":"page","link":"https:\/\/actoria.com\/ch-de\/entwickeln\/wie-sich-entwickeln\/unternehmenszusammenschluss-in-der-schweiz-durch-integration\/","title":{"rendered":"Durch Integration"},"content":{"rendered":"<div id='av_section_1'  class='avia-section main_color avia-section-default avia-no-border-styling  avia-full-stretch avia-bg-style-fixed  avia-builder-el-0  el_before_av_one_full  avia-builder-el-first  header_page_section_title_wrapper  av-arrow-down-section av-minimum-height av-minimum-height-custom  container_wrap sidebar_right' style='background-repeat: no-repeat; background-image: url(https:\/\/actoria.com\/ch-de\/wp-content\/uploads\/2021\/12\/shutterstock-1-50-1500x1001.jpg);background-attachment: fixed; background-position: center center;  '  data-section-bg-repeat='stretch'><div class='container' style='height:660px'><main  role=\"main\" itemprop=\"mainContentOfPage\"  class='template-page content  av-content-small alpha units'><div class='post-entry post-entry-type-page post-entry-9400'><div class='entry-content-wrapper clearfix'>\n<div class='flex_column_table av-equal-height-column-flextable -flextable' ><div class=\"flex_column av_one_full  flex_column_table_cell av-equal-height-column av-align-bottom av-zero-column-padding first  avia-builder-el-1  avia-builder-el-no-sibling  header_page_section_title \" style='border-radius:0px; ' id=\"header_page_section_title\" ><p><br \/>\n<div  style='padding-bottom:5px; margin:0 0 0 0; color:#ffffff;' class='av-special-heading av-special-heading-h1 custom-color-heading   avia-builder-el-3  el_after_av_codeblock  avia-builder-el-last  '><h1 class='av-special-heading-tag '  itemprop=\"headline\"  >Durch Integration<\/h1><div class='special-heading-border'><div class='special-heading-inner-border' style='border-color:#ffffff'><\/div><\/div><\/div><\/p><\/div><\/div><!--close column table wrapper. Autoclose: 1 -->\n<\/div><\/div><\/main><!-- close content main element --><\/div><div class='av-extra-border-element border-extra-arrow-down'><div class='av-extra-border-outer'><div class='av-extra-border-inner'  style='background-color:#ffffff;' ><\/div><\/div><\/div><\/div><div id='after_section_1'  class='main_color av_default_container_wrap container_wrap sidebar_right' style=' '  ><div class='container' ><div class='template-page content  av-content-small alpha units'><div class='post-entry post-entry-type-page post-entry-9400'><div class='entry-content-wrapper clearfix'>\n<div class=\"flex_column av_one_full  flex_column_div av-zero-column-padding first  avia-builder-el-4  el_after_av_section  avia-builder-el-no-sibling  \" style='border-radius:0px; '><section class=\"av_textblock_section \"  itemscope=\"itemscope\" itemtype=\"https:\/\/schema.org\/CreativeWork\" ><div class='avia_textblock  '   itemprop=\"text\" ><p><img loading=\"lazy\" decoding=\"async\" class=\"size-medium wp-image-18592 alignleft\" title=\"Par l\u2019int\u00e9gration, transmission d'entreprises en Suisse\" src=\"https:\/\/actoria.com\/ch\/wp-content\/uploads\/2021\/12\/shutterstock-1-51-300x200.jpg\" alt=\"Par l\u2019int\u00e9gration, transmission d'entreprises en Suisse\" width=\"300\" height=\"200\" srcset=\"https:\/\/actoria.com\/ch-de\/wp-content\/uploads\/2021\/12\/shutterstock-1-51-300x200.jpg 300w, https:\/\/actoria.com\/ch-de\/wp-content\/uploads\/2021\/12\/shutterstock-1-51-1030x687.jpg 1030w, https:\/\/actoria.com\/ch-de\/wp-content\/uploads\/2021\/12\/shutterstock-1-51-768x512.jpg 768w, https:\/\/actoria.com\/ch-de\/wp-content\/uploads\/2021\/12\/shutterstock-1-51-1536x1024.jpg 1536w, https:\/\/actoria.com\/ch-de\/wp-content\/uploads\/2021\/12\/shutterstock-1-51-2048x1365.jpg 2048w, https:\/\/actoria.com\/ch-de\/wp-content\/uploads\/2021\/12\/shutterstock-1-51-1500x1000.jpg 1500w, https:\/\/actoria.com\/ch-de\/wp-content\/uploads\/2021\/12\/shutterstock-1-51-705x470.jpg 705w\" sizes=\"auto, (max-width: 300px) 100vw, 300px\" \/><\/p>\n<h2><strong>ERFOLGREICHE ENTWICKLUNG: UNTERNEHMENSZUSAMMENSCHLUSS IN DER SCHWEIZ DURCH INTEGRATION<\/strong><\/h2>\n<p>Das Ziel einer Wachstumsstrategie durch Integration in der Schweiz besteht nicht direkt, die Einnahmen zu steigern, sondern vielmehr <strong>die betriebliche Effizienz zu verbessern und die Kosten zu senken,<\/strong> oft zulasten eines erheblichen Wettbewerbsvorteils.<\/p>\n<p>Unternehmenszusammenschl\u00fcsse in der Schweiz durch Integration bedeuten, dass ein Unternehmen <strong>einen Lieferanten, einen H\u00e4ndler oder einen anderen Teil<\/strong> <strong>seiner Lieferkette<\/strong> kauft oder mit ihm eine Allianz eingeht, so dass diese verschiedenen Akteure unter die Kontrolle einer einzigen Einheit gestellt werden k\u00f6nnen.<\/p>\n<p>Beispielsweise kann eine Konsumg\u00fctermarke die Fabriken kaufen, die f\u00fcr die Herstellung ihrer Produkte zust\u00e4ndig sind, oder am anderen Ende der Lieferkette die Gesch\u00e4fte oder L\u00e4den, die sie vertreiben.<\/p>\n<p>Indem sie die Kontrolle \u00fcber die gesamte Lieferkette \u00fcbernehmen, k\u00f6nnen vertikal integrierte Unternehmen in der Schweiz <strong>die Produktion und die Preise besser kontrollieren<\/strong>.<\/p>\n<p>Durch den Kauf von Unternehmen, auf denen die verschiedenen Stufen ihrer Gesch\u00e4ftst\u00e4tigkeit beruhen, haben die Unternehmen nicht nur eine bessere Kontrolle \u00fcber die gesamte Kette, sondern <strong>reduzieren &#8211; <\/strong>insbesondere im Fall von Lieferanten <strong>&#8211;<\/strong> <strong>die ben\u00f6tigte Zeit, <\/strong>um diese verschiedenen Parteien zu finden und mit ihnen zu verhandeln.<\/p>\n<p>Unternehmenszusammenschl\u00fcsse in der Schweiz in Form einer vertikaler Integration tragen ebenfalls zur <strong>Senkung der Ausgaben<\/strong> bei, indem sie sicherstellen, dass die Produktions- und Vertriebsmittel reibungslos funktionieren, so dass es weder einen \u00dcberschuss noch einen Mangel an verkauften Waren gibt.<\/p>\n<p>Zus\u00e4tzlich zu den oben genannten Vorteilen k\u00f6nnen Unternehmen eine <strong>vertikale Fusion<\/strong> durchf\u00fchren, um eine bessere Kontrolle \u00fcber ihre Inputs zu gew\u00e4hrleisten.<\/p>\n<p>Wenn ein Hersteller beispielsweise eine Komponente verwendet, die von einem oder mehreren Unternehmen geliefert wird, gew\u00e4hrleistet der Kauf dieser Lieferanten nicht nur einen kontinuierlichen Zugang zu diesem Input, sondern untergr\u00e4bt auch die Position der Wettbewerbern.<\/p>\n<\/div><\/section><\/div>\n","protected":false},"excerpt":{"rendered":"<p>Durch Integration<\/p>\n","protected":false},"author":2,"featured_media":18381,"parent":9390,"menu_order":3,"comment_status":"closed","ping_status":"closed","template":"","meta":{"footnotes":""},"class_list":["post-9400","page","type-page","status-publish","has-post-thumbnail","hentry"],"_links":{"self":[{"href":"https:\/\/actoria.com\/ch-de\/wp-json\/wp\/v2\/pages\/9400","targetHints":{"allow":["GET"]}}],"collection":[{"href":"https:\/\/actoria.com\/ch-de\/wp-json\/wp\/v2\/pages"}],"about":[{"href":"https:\/\/actoria.com\/ch-de\/wp-json\/wp\/v2\/types\/page"}],"author":[{"embeddable":true,"href":"https:\/\/actoria.com\/ch-de\/wp-json\/wp\/v2\/users\/2"}],"replies":[{"embeddable":true,"href":"https:\/\/actoria.com\/ch-de\/wp-json\/wp\/v2\/comments?post=9400"}],"version-history":[{"count":0,"href":"https:\/\/actoria.com\/ch-de\/wp-json\/wp\/v2\/pages\/9400\/revisions"}],"up":[{"embeddable":true,"href":"https:\/\/actoria.com\/ch-de\/wp-json\/wp\/v2\/pages\/9390"}],"wp:featuredmedia":[{"embeddable":true,"href":"https:\/\/actoria.com\/ch-de\/wp-json\/wp\/v2\/media\/18381"}],"wp:attachment":[{"href":"https:\/\/actoria.com\/ch-de\/wp-json\/wp\/v2\/media?parent=9400"}],"curies":[{"name":"wp","href":"https:\/\/api.w.org\/{rel}","templated":true}]}}