{"id":9405,"date":"2020-05-05T15:30:43","date_gmt":"2020-05-05T15:30:43","guid":{"rendered":"https:\/\/actoria.com\/ch\/?page_id=9405"},"modified":"2026-04-27T15:49:08","modified_gmt":"2026-04-27T13:49:08","slug":"strukturierung-eines-abkommens","status":"publish","type":"page","link":"https:\/\/actoria.com\/ch-de\/entwickeln\/wie-sich-entwickeln\/strukturierung-eines-abkommens\/","title":{"rendered":"Strukturierung eines Abkommens"},"content":{"rendered":"<div id='av_section_1'  class='avia-section main_color avia-section-default avia-no-border-styling  avia-full-stretch avia-bg-style-fixed  avia-builder-el-0  el_before_av_one_full  avia-builder-el-first  header_page_section_title_wrapper  av-arrow-down-section av-minimum-height av-minimum-height-custom  container_wrap sidebar_right' style='background-repeat: no-repeat; background-image: url(https:\/\/actoria.com\/ch-de\/wp-content\/uploads\/2021\/12\/shutterstock-1-55-1500x1000.jpg);background-attachment: fixed; background-position: center center;  '  data-section-bg-repeat='stretch'><div class='container' style='height:660px'><main  role=\"main\" itemprop=\"mainContentOfPage\"  class='template-page content  av-content-small alpha units'><div class='post-entry post-entry-type-page post-entry-9405'><div class='entry-content-wrapper clearfix'>\n<div class='flex_column_table av-equal-height-column-flextable -flextable' ><div class=\"flex_column av_one_full  flex_column_table_cell av-equal-height-column av-align-bottom av-zero-column-padding first  avia-builder-el-1  avia-builder-el-no-sibling  header_page_section_title \" style='border-radius:0px; ' id=\"header_page_section_title\" ><p><br \/>\n<div  style='padding-bottom:5px; margin:0 0 0 0; color:#ffffff;' class='av-special-heading av-special-heading-h1 custom-color-heading   avia-builder-el-3  el_after_av_codeblock  avia-builder-el-last  '><h1 class='av-special-heading-tag '  itemprop=\"headline\"  >Strukturierung eines Abkommens<\/h1><div class='special-heading-border'><div class='special-heading-inner-border' style='border-color:#ffffff'><\/div><\/div><\/div><\/p><\/div><\/div><!--close column table wrapper. Autoclose: 1 --><\/div><\/div><\/main><!-- close content main element --><\/div><div class='av-extra-border-element border-extra-arrow-down'><div class='av-extra-border-outer'><div class='av-extra-border-inner'  style='background-color:#ffffff;' ><\/div><\/div><\/div><\/div><div id='after_section_1'  class='main_color av_default_container_wrap container_wrap sidebar_right' style=' '  ><div class='container' ><div class='template-page content  av-content-small alpha units'><div class='post-entry post-entry-type-page post-entry-9405'><div class='entry-content-wrapper clearfix'><div class=\"flex_column av_one_full  flex_column_div av-zero-column-padding first  avia-builder-el-4  el_after_av_section  avia-builder-el-no-sibling  \" style='border-radius:0px; '><section class=\"av_textblock_section \"  itemscope=\"itemscope\" itemtype=\"https:\/\/schema.org\/CreativeWork\" ><div class='avia_textblock  '   itemprop=\"text\" ><h2>Einer der schwierigsten Schritte im Prozess des Unternehmenszusammenschlusses in der Schweiz<\/h2>\n<div id=\"attachment_18609\" style=\"width: 310px\" class=\"wp-caption alignleft\"><img loading=\"lazy\" decoding=\"async\" aria-describedby=\"caption-attachment-18609\" class=\"size-medium wp-image-18609\" title=\"Structurer un accord, transmission d'entreprises en Suisse\" src=\"https:\/\/actoria.com\/ch\/wp-content\/uploads\/2021\/12\/shutterstock-1-56-300x200.jpg\" alt=\"Structurer un accord, transmission d'entreprises en Suisse\" width=\"300\" height=\"200\" srcset=\"https:\/\/actoria.com\/ch-de\/wp-content\/uploads\/2021\/12\/shutterstock-1-56-300x200.jpg 300w, https:\/\/actoria.com\/ch-de\/wp-content\/uploads\/2021\/12\/shutterstock-1-56-1030x687.jpg 1030w, https:\/\/actoria.com\/ch-de\/wp-content\/uploads\/2021\/12\/shutterstock-1-56-768x512.jpg 768w, https:\/\/actoria.com\/ch-de\/wp-content\/uploads\/2021\/12\/shutterstock-1-56-1536x1024.jpg 1536w, https:\/\/actoria.com\/ch-de\/wp-content\/uploads\/2021\/12\/shutterstock-1-56-2048x1365.jpg 2048w, https:\/\/actoria.com\/ch-de\/wp-content\/uploads\/2021\/12\/shutterstock-1-56-1500x1000.jpg 1500w, https:\/\/actoria.com\/ch-de\/wp-content\/uploads\/2021\/12\/shutterstock-1-56-705x470.jpg 705w\" sizes=\"auto, (max-width: 300px) 100vw, 300px\" \/><p id=\"caption-attachment-18609\" class=\"wp-caption-text\">Strukturierung eines Abkommens, Unternehmens\u00fcbertragung in der Schweiz<\/p><\/div>\n<p>Viele Faktoren m\u00fcssen ber\u00fccksichtigt werden, wie zum Beispiel Kartellgesetze, Wertpapiervorschriften, Unternehmensrecht, konkurrierende Bieter, steuerliche Auswirkungen, Buchhaltungsprobleme, Marktbedingungen, Finanzierungsformen und spezifische Verhandlungspunkte in der Vereinbarung \u00fcber den Unternehmenszusammenschluss.<\/p>\n<p>Wichtige Dokumente bei der Strukturierung von Transaktionen sind das <strong>Term Sheet<\/strong> (wird zur Kapitalbeschaffung verwendet) und eine <strong>Absichtserkl\u00e4rung<\/strong> (LOI), die die grundlegenden Bedingungen der vorgeschlagenen Transaktion festlegt.<\/p>\n<p>Die Verhandlung der Vereinbarung ist oft eine sehr heikle Phase des Prozesses, da sie h\u00e4ufig die wahren Absichten der beteiligten Parteien offenbart.<\/p>\n<p>Um die Reibungsverluste in dieser Phase zu verringern, sollte der Projekttr\u00e4ger eine vorherige Analyse des Zielunternehmens durchf\u00fchren, um zu \u00fcberpr\u00fcfen, ob es dem Geist und und den Zielen des Zusammenschlusses entspricht.<\/p>\n<h2>Analyse von Unternehmenszusammenschl\u00fcssen<\/h2>\n<p>Die vorherige Analyse des Ziels umfasst in der Regel zwei Schritte:<\/p>\n<ul>\n<li>Die Bewertung des Ziels auf einer eigenst\u00e4ndigen Basis und<\/li>\n<li>Die Bewertung der potenziellen Synergien aus der Transaktion.<\/li>\n<\/ul>\n<p>Wenn es um die Bewertung von Synergien geht, gibt es zwei Synergiearten, die ber\u00fccksichtigt werden m\u00fcssen: harte und weiche Synergien.<\/p>\n<p><strong>Harte Synergien<\/strong> sind direkte Kosteneinsparungen, die nach Abschluss des Fusions- und \u00dcbernahmeprozesses realisiert werden. Harte Synergien, die auch als operative Synergien bezeichnet werden, sind Vorteile, die sich mit Sicherheit aus der Fusion oder \u00dcbernahme ergeben werden, wie zum Beispiel Einsparungen bei den Geh\u00e4ltern, die sich aus der Beseitigung von \u00fcberfl\u00fcssigem Personal zwischen dem K\u00e4ufer und den Zielgesellschaften ergeben werden.<\/p>\n<p><strong>Weiche Synergien<\/strong>, die auch als finanzielle Synergien bezeichnet werden, sind Einkommenssteigerungen, die der K\u00e4ufer nach Abschluss der Transaktion zu erzielen hofft. Sie sind \u201eweich\u201c, weil die Realisierung dieser Vorteile nicht so sicher ist wie die Kosteneinsparungen, die mit den \u201eharten\u201c Synergien verbunden sind.<\/p>\n<\/div><\/section><\/div><\/p>\n","protected":false},"excerpt":{"rendered":"<p>Strukturierung eines Abkommens<\/p>\n","protected":false},"author":2,"featured_media":18377,"parent":9390,"menu_order":7,"comment_status":"closed","ping_status":"closed","template":"","meta":{"footnotes":""},"class_list":["post-9405","page","type-page","status-publish","has-post-thumbnail","hentry"],"_links":{"self":[{"href":"https:\/\/actoria.com\/ch-de\/wp-json\/wp\/v2\/pages\/9405","targetHints":{"allow":["GET"]}}],"collection":[{"href":"https:\/\/actoria.com\/ch-de\/wp-json\/wp\/v2\/pages"}],"about":[{"href":"https:\/\/actoria.com\/ch-de\/wp-json\/wp\/v2\/types\/page"}],"author":[{"embeddable":true,"href":"https:\/\/actoria.com\/ch-de\/wp-json\/wp\/v2\/users\/2"}],"replies":[{"embeddable":true,"href":"https:\/\/actoria.com\/ch-de\/wp-json\/wp\/v2\/comments?post=9405"}],"version-history":[{"count":0,"href":"https:\/\/actoria.com\/ch-de\/wp-json\/wp\/v2\/pages\/9405\/revisions"}],"up":[{"embeddable":true,"href":"https:\/\/actoria.com\/ch-de\/wp-json\/wp\/v2\/pages\/9390"}],"wp:featuredmedia":[{"embeddable":true,"href":"https:\/\/actoria.com\/ch-de\/wp-json\/wp\/v2\/media\/18377"}],"wp:attachment":[{"href":"https:\/\/actoria.com\/ch-de\/wp-json\/wp\/v2\/media?parent=9405"}],"curies":[{"name":"wp","href":"https:\/\/api.w.org\/{rel}","templated":true}]}}