{"id":9407,"date":"2020-05-05T15:30:43","date_gmt":"2020-05-05T15:30:43","guid":{"rendered":"https:\/\/actoria.com\/ch\/?page_id=9407"},"modified":"2026-04-27T15:53:08","modified_gmt":"2026-04-27T13:53:08","slug":"vertragsprotokoll-zur-kmu-ubertragung","status":"publish","type":"page","link":"https:\/\/actoria.com\/ch-de\/entwickeln\/wie-sich-entwickeln\/vertragsprotokoll-zur-kmu-ubertragung\/","title":{"rendered":"Vertragsprotokoll"},"content":{"rendered":"<div id='av_section_1'  class='avia-section main_color avia-section-default avia-no-border-styling  avia-full-stretch avia-bg-style-fixed  avia-builder-el-0  el_before_av_one_full  avia-builder-el-first  header_page_section_title_wrapper  av-arrow-down-section av-minimum-height av-minimum-height-custom  container_wrap sidebar_right' style='background-repeat: no-repeat; background-image: url(https:\/\/actoria.com\/ch-de\/wp-content\/uploads\/2021\/12\/shutterstock-1-57-1500x811.jpg);background-attachment: fixed; background-position: center center;  '  data-section-bg-repeat='stretch'><div class='container' style='height:660px'><main  role=\"main\" itemprop=\"mainContentOfPage\"  class='template-page content  av-content-small alpha units'><div class='post-entry post-entry-type-page post-entry-9407'><div class='entry-content-wrapper clearfix'>\n<div class='flex_column_table av-equal-height-column-flextable -flextable' ><div class=\"flex_column av_one_full  flex_column_table_cell av-equal-height-column av-align-bottom av-zero-column-padding first  avia-builder-el-1  avia-builder-el-no-sibling  header_page_section_title \" style='border-radius:0px; ' id=\"header_page_section_title\" ><p><br \/>\n<div  style='padding-bottom:5px; margin:0 0 0 0; color:#ffffff;' class='av-special-heading av-special-heading-h1 custom-color-heading   avia-builder-el-3  el_after_av_codeblock  avia-builder-el-last  '><h1 class='av-special-heading-tag '  itemprop=\"headline\"  >Vertragsprotokoll zur KMU-\u00dcbertragung<\/h1><div class='special-heading-border'><div class='special-heading-inner-border' style='border-color:#ffffff'><\/div><\/div><\/div><\/p><\/div><\/div><!--close column table wrapper. Autoclose: 1 -->\n<\/div><\/div><\/main><!-- close content main element --><\/div><div class='av-extra-border-element border-extra-arrow-down'><div class='av-extra-border-outer'><div class='av-extra-border-inner'  style='background-color:#ffffff;' ><\/div><\/div><\/div><\/div><div id='after_section_1'  class='main_color av_default_container_wrap container_wrap sidebar_right' style=' '  ><div class='container' ><div class='template-page content  av-content-small alpha units'><div class='post-entry post-entry-type-page post-entry-9407'><div class='entry-content-wrapper clearfix'>\n<div class=\"flex_column av_one_full  flex_column_div av-zero-column-padding first  avia-builder-el-4  el_after_av_section  avia-builder-el-no-sibling  \" style='border-radius:0px; '><section class=\"av_textblock_section \"  itemscope=\"itemscope\" itemtype=\"https:\/\/schema.org\/CreativeWork\" ><div class='avia_textblock  '   itemprop=\"text\" ><h3><\/h3>\n<div id=\"attachment_19122\" style=\"width: 310px\" class=\"wp-caption alignleft\"><img loading=\"lazy\" decoding=\"async\" aria-describedby=\"caption-attachment-19122\" class=\"size-medium wp-image-19122\" title=\"Vertragsprotokoll, Firmen\u00fcbergabe, Verkauf von KMU, Erwerb von Schweizer Firmen, Deutschland, \u00d6sterreich\" src=\"http:\/\/actoria.com\/ch-de\/wp-content\/uploads\/2022\/03\/shutterstock-1-1-300x200.jpg\" alt=\"VertragsprotokollFirmen\u00fcbergabe, Verkauf von KMU, Erwerb von Schweizer Firmen, Deutschland, \u00d6sterreich\" width=\"300\" height=\"200\" srcset=\"https:\/\/actoria.com\/ch-de\/wp-content\/uploads\/2022\/03\/shutterstock-1-1-300x200.jpg 300w, https:\/\/actoria.com\/ch-de\/wp-content\/uploads\/2022\/03\/shutterstock-1-1-1030x687.jpg 1030w, https:\/\/actoria.com\/ch-de\/wp-content\/uploads\/2022\/03\/shutterstock-1-1-768x512.jpg 768w, https:\/\/actoria.com\/ch-de\/wp-content\/uploads\/2022\/03\/shutterstock-1-1-1536x1024.jpg 1536w, https:\/\/actoria.com\/ch-de\/wp-content\/uploads\/2022\/03\/shutterstock-1-1-2048x1365.jpg 2048w, https:\/\/actoria.com\/ch-de\/wp-content\/uploads\/2022\/03\/shutterstock-1-1-1500x1000.jpg 1500w, https:\/\/actoria.com\/ch-de\/wp-content\/uploads\/2022\/03\/shutterstock-1-1-705x470.jpg 705w\" sizes=\"auto, (max-width: 300px) 100vw, 300px\" \/><p id=\"caption-attachment-19122\" class=\"wp-caption-text\"><em>Das Vertragsprotokoll, Unternehmens\u00fcbertragung in der Schweiz<\/em><\/p><\/div>\n<p>Das Vertragsprotokoll im Rahmen der \u00dcbertragung eines KMUs ist das Dokument, das die \u201eVerkaufsurkunde\u201c des Unternehmens darstellt.<\/p>\n<p><strong>Das Gesetz schreibt f\u00fcr dieses Dokument keine besondere Form vor<\/strong> und es ist seltsamerweise viel einfacher, einen Unternehmensverkauf durchzuf\u00fchren als ein Haus oder sogar ein Auto zu verkaufen: Jeden Tag wechseln Aktien an der B\u00f6rse ohne Formalit\u00e4ten den Besitzer.<\/p>\n<p>Mit einem einfachen Bewegungsauftrag ist es Ihnen m\u00f6glich, die Kontrolle \u00fcber ein zum Verkauf stehendes Unternehmen zu \u00fcbernehmen.<\/p>\n<p>Angesichts der Risiken, die mit der \u00dcbertragung von KMU verbunden sind, ist es jedoch zwingend erforderlich, dass ein genaues Dokument von erfahrenen Beratern verfasst wird.<\/p>\n<p>In der Praxis kann dieses Vertragsprotokoll bei einem einfachen Unternehmensverkauf einige Seiten umfassen, bei einem gro\u00dfen Unternehmensverkauf mit internationalem Hintergrund jedoch bis zu 300 Seiten.<\/p>\n<p>Der Vertrag muss folgende Angaben enthalten:<\/p>\n<p>\u2714Name des fr\u00fcheren Verk\u00e4ufers, Datum und Art des Kaufvertrags, Kaufpreis f\u00fcr materielle und immaterielle Aktiva.<\/p>\n<p>\u2714Preis: Betrag und Modalit\u00e4ten.<\/p>\n<p>\u2714Aufstellung der Vorrechte und Pfandrechte, die an das Gesch\u00e4ft gekn\u00fcpft sind.<\/p>\n<p>\u2714Umsatz in den letzten drei Jahren oder seit dem Erwerb (wenn weniger als drei Jahre).<\/p>\n<p>\u2714Nettoergebnisse der letzten 3 Gesch\u00e4ftsjahre.<\/p>\n<p>\u2714Mietvertrag mit Datum, Dauer, Name und Adresse des Vermieters.<\/p>\n<p>Er enth\u00e4lt vor allem alle <strong>Passivgarantien<\/strong>, die mit dem Verkauf des Unternehmens verbunden sind.<\/p>\n<p>Zahlreiche Schriftst\u00fccke werden beigef\u00fcgt, um die Zustellung der Unterlagen zu formalisieren: Vertr\u00e4ge, Eigentumsurkunden, AG, Statuten, Umsatz, Sozialkonten usw.<\/p>\n<\/div><\/section><\/div>\n","protected":false},"excerpt":{"rendered":"<p>Vertragsprotokoll<\/p>\n","protected":false},"author":2,"featured_media":18370,"parent":9390,"menu_order":9,"comment_status":"closed","ping_status":"closed","template":"","meta":{"footnotes":""},"class_list":["post-9407","page","type-page","status-publish","has-post-thumbnail","hentry"],"_links":{"self":[{"href":"https:\/\/actoria.com\/ch-de\/wp-json\/wp\/v2\/pages\/9407","targetHints":{"allow":["GET"]}}],"collection":[{"href":"https:\/\/actoria.com\/ch-de\/wp-json\/wp\/v2\/pages"}],"about":[{"href":"https:\/\/actoria.com\/ch-de\/wp-json\/wp\/v2\/types\/page"}],"author":[{"embeddable":true,"href":"https:\/\/actoria.com\/ch-de\/wp-json\/wp\/v2\/users\/2"}],"replies":[{"embeddable":true,"href":"https:\/\/actoria.com\/ch-de\/wp-json\/wp\/v2\/comments?post=9407"}],"version-history":[{"count":0,"href":"https:\/\/actoria.com\/ch-de\/wp-json\/wp\/v2\/pages\/9407\/revisions"}],"up":[{"embeddable":true,"href":"https:\/\/actoria.com\/ch-de\/wp-json\/wp\/v2\/pages\/9390"}],"wp:featuredmedia":[{"embeddable":true,"href":"https:\/\/actoria.com\/ch-de\/wp-json\/wp\/v2\/media\/18370"}],"wp:attachment":[{"href":"https:\/\/actoria.com\/ch-de\/wp-json\/wp\/v2\/media?parent=9407"}],"curies":[{"name":"wp","href":"https:\/\/api.w.org\/{rel}","templated":true}]}}