{"id":10530,"date":"2020-07-15T13:38:18","date_gmt":"2020-07-15T13:38:18","guid":{"rendered":"https:\/\/actoria.com\/ch-it\/\/?page_id=10530"},"modified":"2023-07-18T11:24:11","modified_gmt":"2023-07-18T09:24:11","slug":"aeronautica-aerospaziale","status":"publish","type":"page","link":"https:\/\/actoria.com\/ch-it\/servizi\/settori\/aeronautica-aerospaziale\/","title":{"rendered":"Aeronautica e aerospaziale"},"content":{"rendered":"<div id='av_section_1'  class='avia-section main_color avia-section-default avia-no-border-styling  avia-full-stretch avia-bg-style-fixed  avia-builder-el-0  el_before_av_one_full  avia-builder-el-first  header_page_section_title_wrapper  av-arrow-down-section av-minimum-height av-minimum-height-custom  container_wrap sidebar_right' style='background-repeat: no-repeat; background-image: url(https:\/\/actoria.com\/ch-it\/wp-content\/uploads\/2022\/08\/aerospatial-actoria.jpg);background-attachment: fixed; background-position: center center;  '  data-section-bg-repeat='stretch'><div class='container' style='height:660px'><main  role=\"main\" itemprop=\"mainContentOfPage\"  class='template-page content  av-content-small alpha units'><div class='post-entry post-entry-type-page post-entry-10530'><div class='entry-content-wrapper clearfix'>\n<div class='flex_column_table av-equal-height-column-flextable -flextable' ><div class=\"flex_column av_one_full  flex_column_table_cell av-equal-height-column av-align-bottom av-zero-column-padding first  avia-builder-el-1  avia-builder-el-no-sibling  header_page_section_title \" style='border-radius:0px; ' id=\"header_page_section_title\" ><p><br \/>\n<div  style='padding-bottom:5px; margin:0 0 0 0; color:#ffffff;' class='av-special-heading av-special-heading-h1 custom-color-heading   avia-builder-el-3  el_after_av_codeblock  avia-builder-el-last  '><h1 class='av-special-heading-tag '  itemprop=\"headline\"  >Aeronautica e aerospaziale in Svizzera<\/h1><div class='special-heading-border'><div class='special-heading-inner-border' style='border-color:#ffffff'><\/div><\/div><\/div><\/p><\/div><\/div><!--close column table wrapper. Autoclose: 1 -->\n<\/div><\/div><\/main><!-- close content main element --><\/div><div class='av-extra-border-element border-extra-arrow-down'><div class='av-extra-border-outer'><div class='av-extra-border-inner'  style='background-color:#ffffff;' ><\/div><\/div><\/div><\/div><div id='after_section_1'  class='main_color av_default_container_wrap container_wrap sidebar_right' style=' '  ><div class='container' ><div class='template-page content  av-content-small alpha units'><div class='post-entry post-entry-type-page post-entry-10530'><div class='entry-content-wrapper clearfix'>\n<div class=\"flex_column av_one_full  flex_column_div av-zero-column-padding first  avia-builder-el-4  el_after_av_section  avia-builder-el-no-sibling  \" style='border-radius:0px; '><section class=\"av_textblock_section \"  itemscope=\"itemscope\" itemtype=\"https:\/\/schema.org\/CreativeWork\" ><div class='avia_textblock  '   itemprop=\"text\" ><h2>Il nostro approccio al mercato aerospaziale in Svizzera:<\/h2>\n<div id=\"attachment_10579\" style=\"width: 310px\" class=\"wp-caption alignleft\"><img loading=\"lazy\" decoding=\"async\" aria-describedby=\"caption-attachment-10579\" class=\"wp-image-10579 size-medium\" title=\"Industrie, trasferimento di aziende in Svizzera\" src=\"https:\/\/actoria.com\/ch-it\/wp-content\/uploads\/2020\/07\/aerospatial-industriel-300x138.png\" alt=\"Industrie, trasferimento di aziende in Svizzera\" width=\"300\" height=\"138\" \/><p id=\"caption-attachment-10579\" class=\"wp-caption-text\">Industrie, trasferimento di aziende in Svizzera<\/p><\/div>\n<p>Nel settore aerospaziale e della difesa svizzera, abbiamo specialisti dedicati e integrati che possono localizzare e selezionare gli acquirenti adatti in un approccio diretto o indiretto. I nostri consulenti internazionali hanno realizzato <strong>numerosi mandati di ricerca e vendita in tutti i settori.<\/strong><\/p>\n<p>Un gruppo di esperti del settore in Svizzera, cos\u00ec come i partner nazionali in Europa e negli Stati Uniti, costituiscono la base dei nostri team globali.<\/p>\n<h2>Definizione delle industrie aerospaziali in Svizzera:<\/h2>\n<p>La produzione aerospaziale in Svizzera \u00e8 un&#8217;<strong>industria ad alta tecnologia<\/strong> che produce aerei, missili guidati, veicoli spaziali, motori aerei, unit\u00e0 di propulsione e parti correlate. Una gran parte dell&#8217;industria \u00e8 orientata verso i mercati pubblici, mentre le compagnie aeree commerciali costituiscono l&#8217;altro importante segmento dell&#8217;industria.<\/p>\n<p>L&#8217;<strong>industria aerospaziale e della difesa<\/strong> in Svizzera \u00e8 dominata da grandi produttori specializzati di attrezzature originali (OEM), ma ci sono anche aziende pi\u00f9 piccole e di alta qualit\u00e0 che forniscono servizi di supporto, tra cui parti e sottoinsiemi elettronici, componenti hardware e software di difesa, che costituiscono societ\u00e0 satellite di gruppi pi\u00f9 grandi come THALES.<\/p>\n<p>L<strong>&#8216;industria dei pezzi di ricambio per aerei<\/strong> in Svizzera si \u00e8 sviluppata dalla vendita di pezzi di ricambio per aerei usati e di seconda mano provenienti dal settore della produzione aerospaziale. Molte compagnie aeree commerciali utilizzano anche servizi a contratto associati per sostenere le loro esigenze (ad esempio, catering, manutenzione, pulizia, operazioni di terra).<\/p>\n<h2>La riservatezza \u00e8 essenziale nel mercato aerospaziale svizzero:<\/h2>\n<p>Come azienda indipendente, siamo liberi di avvicinare i potenziali acquirenti senza rivelare prematuramente l&#8217;identit\u00e0 del nostro cliente.<\/p>\n<p>Ci impegniamo a raggiungere con successo gli obiettivi di crescita dei nostri clienti in Svizzera.<\/p>\n<p>I nostri approcci strutturati e progressivi sono la chiave del nostro tasso di successo storicamente elevato su queste transazioni.<\/p>\n<\/div><\/section><\/div>\n","protected":false},"excerpt":{"rendered":"<p>Vendita azienda Svizzera e Italia, trasferimento azienda Svizzera e Italia, vendita azienda Svizzera e Italia, acquisizione azienda Svizzera e Italia, vendita PMI Svizzera e Italia, vendita PMI Svizzera e Italia, successione PMI Svizzera e Italia, vendita azienda Svizzera e Italia, trovare un acquirente in Svizzera e in Italia<\/p>\n","protected":false},"author":2,"featured_media":22708,"parent":10521,"menu_order":0,"comment_status":"closed","ping_status":"closed","template":"","meta":{"footnotes":""},"class_list":["post-10530","page","type-page","status-publish","has-post-thumbnail","hentry"],"_links":{"self":[{"href":"https:\/\/actoria.com\/ch-it\/wp-json\/wp\/v2\/pages\/10530","targetHints":{"allow":["GET"]}}],"collection":[{"href":"https:\/\/actoria.com\/ch-it\/wp-json\/wp\/v2\/pages"}],"about":[{"href":"https:\/\/actoria.com\/ch-it\/wp-json\/wp\/v2\/types\/page"}],"author":[{"embeddable":true,"href":"https:\/\/actoria.com\/ch-it\/wp-json\/wp\/v2\/users\/2"}],"replies":[{"embeddable":true,"href":"https:\/\/actoria.com\/ch-it\/wp-json\/wp\/v2\/comments?post=10530"}],"version-history":[{"count":0,"href":"https:\/\/actoria.com\/ch-it\/wp-json\/wp\/v2\/pages\/10530\/revisions"}],"up":[{"embeddable":true,"href":"https:\/\/actoria.com\/ch-it\/wp-json\/wp\/v2\/pages\/10521"}],"wp:featuredmedia":[{"embeddable":true,"href":"https:\/\/actoria.com\/ch-it\/wp-json\/wp\/v2\/media\/22708"}],"wp:attachment":[{"href":"https:\/\/actoria.com\/ch-it\/wp-json\/wp\/v2\/media?parent=10530"}],"curies":[{"name":"wp","href":"https:\/\/api.w.org\/{rel}","templated":true}]}}