{"id":10549,"date":"2020-07-15T14:09:35","date_gmt":"2020-07-15T14:09:35","guid":{"rendered":"https:\/\/actoria.com\/ch-it\/\/?page_id=10549"},"modified":"2023-07-18T11:28:08","modified_gmt":"2023-07-18T09:28:08","slug":"produzione-industriale","status":"publish","type":"page","link":"https:\/\/actoria.com\/ch-it\/servizi\/settori\/produzione-industriale\/","title":{"rendered":"Produzione industriale"},"content":{"rendered":"<div id='av_section_1'  class='avia-section main_color avia-section-default avia-no-border-styling  avia-full-stretch avia-bg-style-fixed  avia-builder-el-0  el_before_av_one_full  avia-builder-el-first  header_page_section_title_wrapper  av-arrow-down-section av-minimum-height av-minimum-height-custom  container_wrap sidebar_right' style='background-repeat: no-repeat; background-image: url(https:\/\/actoria.com\/ch-it\/wp-content\/uploads\/2022\/08\/fabrication-industrielle-actoria.jpg);background-attachment: fixed; background-position: center center;  '  data-section-bg-repeat='stretch'><div class='container' style='height:660px'><main  role=\"main\" itemprop=\"mainContentOfPage\"  class='template-page content  av-content-small alpha units'><div class='post-entry post-entry-type-page post-entry-10549'><div class='entry-content-wrapper clearfix'>\n<div class='flex_column_table av-equal-height-column-flextable -flextable' ><div class=\"flex_column av_one_full  flex_column_table_cell av-equal-height-column av-align-bottom av-zero-column-padding first  avia-builder-el-1  avia-builder-el-no-sibling  header_page_section_title \" style='border-radius:0px; ' id=\"header_page_section_title\" ><p><br \/>\n<div  style='padding-bottom:5px; margin:0 0 0 0; color:#ffffff;' class='av-special-heading av-special-heading-h1 custom-color-heading   avia-builder-el-3  el_after_av_codeblock  avia-builder-el-last  '><h1 class='av-special-heading-tag '  itemprop=\"headline\"  >Produzione industriale in Svizzera<\/h1><div class='special-heading-border'><div class='special-heading-inner-border' style='border-color:#ffffff'><\/div><\/div><\/div><\/p><\/div><\/div><!--close column table wrapper. Autoclose: 1 -->\n<\/div><\/div><\/main><!-- close content main element --><\/div><div class='av-extra-border-element border-extra-arrow-down'><div class='av-extra-border-outer'><div class='av-extra-border-inner'  style='background-color:#ffffff;' ><\/div><\/div><\/div><\/div><div id='after_section_1'  class='main_color av_default_container_wrap container_wrap sidebar_right' style=' '  ><div class='container' ><div class='template-page content  av-content-small alpha units'><div class='post-entry post-entry-type-page post-entry-10549'><div class='entry-content-wrapper clearfix'>\n<div class=\"flex_column av_one_full  flex_column_div av-zero-column-padding first  avia-builder-el-4  el_after_av_section  avia-builder-el-no-sibling  \" style='border-radius:0px; '><section class=\"av_textblock_section \"  itemscope=\"itemscope\" itemtype=\"https:\/\/schema.org\/CreativeWork\" ><div class='avia_textblock  '   itemprop=\"text\" ><div id=\"attachment_18405\" style=\"width: 310px\" class=\"wp-caption alignleft\"><img loading=\"lazy\" decoding=\"async\" aria-describedby=\"caption-attachment-18405\" class=\"wp-image-18405 size-medium\" title=\"Produzione industriale, trasferimento di aziende in Svizzera\" src=\"https:\/\/actoria.com\/ch-it\/wp-content\/uploads\/2021\/12\/shutterstock-1-21-300x200.jpg\" alt=\"Produzione industriale, trasferimento di aziende in Svizzera\" width=\"300\" height=\"200\" srcset=\"https:\/\/actoria.com\/ch-it\/wp-content\/uploads\/2021\/12\/shutterstock-1-21-300x200.jpg 300w, https:\/\/actoria.com\/ch-it\/wp-content\/uploads\/2021\/12\/shutterstock-1-21-1030x687.jpg 1030w, https:\/\/actoria.com\/ch-it\/wp-content\/uploads\/2021\/12\/shutterstock-1-21-768x512.jpg 768w, https:\/\/actoria.com\/ch-it\/wp-content\/uploads\/2021\/12\/shutterstock-1-21-1536x1024.jpg 1536w, https:\/\/actoria.com\/ch-it\/wp-content\/uploads\/2021\/12\/shutterstock-1-21-2048x1365.jpg 2048w, https:\/\/actoria.com\/ch-it\/wp-content\/uploads\/2021\/12\/shutterstock-1-21-1500x1000.jpg 1500w, https:\/\/actoria.com\/ch-it\/wp-content\/uploads\/2021\/12\/shutterstock-1-21-705x470.jpg 705w\" sizes=\"auto, (max-width: 300px) 100vw, 300px\" \/><p id=\"caption-attachment-18405\" class=\"wp-caption-text\">Produzione industriale, trasferimento di aziende in Svizzera<\/p><\/div>\n<p>La produzione industriale in Svizzera si sta spostando in Asia, dove le fabbriche pi\u00f9 nuove e tecnicamente avanzate possono competere con quelle europee e americane.<\/p>\n<p>Negli ultimi anni, abbiamo visto un <strong>aumento dell&#8217;automazione e della robotizzazione delle fabbriche europee e americane<\/strong> in Svizzera per aumentare la qualit\u00e0 e ridurre la necessit\u00e0 di personale nelle industrie ad alta intensit\u00e0 di lavoro.<\/p>\n<h2>Produzione industriale in Svizzera secondo la definizione di Actoria International:<\/h2>\n<p>La produzione industriale \u00e8 un settore che ha un impatto su tutti gli aspetti della vita.<\/p>\n<p>Include la <strong>fabbricazione, il trattamento o la preparazione di prodotti a partire da materie prime e prodotti di base.<\/strong><\/p>\n<p>Include tutti i prodotti chimici, tessili, macchinari, attrezzature, elettronica, metalli e minerali, pasta di legno e carta, metallo, mobili e accessori, cuoio, legno, produzione di energia, stampa, editoria, industrie di pietra, argilla, vetro e cemento e mezzi di trasporto.<\/p>\n<p><strong>La struttura di questo settore in Svizzera \u00e8 tanto diversa quanto il settore stesso.<\/strong> Si va dalle piccole aziende ai grandi conglomerati internazionali.<\/p>\n<p>L&#8217;industria \u00e8 composta principalmente da PMI con un know-how produttivo tradizionale e promettenti tecnologie innovative.<\/p>\n<p>Le aziende di questo settore sono attive nei campi della costruzione di macchine e metalli, dell&#8217;ingegneria elettrica ed elettronica, cos\u00ec come nel campo degli strumenti di precisione.<\/p>\n<p>Inoltre, queste aziende stanno sviluppando nuove soluzioni in aree tecnologiche innovative come la tecnologia dei sensori, la fotonica, la robotica, la produzione additiva e l&#8217;informatica industriale.<\/p>\n<p>I nostri esperti hanno tutti una vasta esperienza nel campo della produzione industriale in Svizzera e in tutti i paesi europei. La nostra visione rimane molto pragmatica e adattata alle particolarit\u00e0 delle PMI.<\/p>\n<div id=\"gtx-trans\" style=\"position: absolute; left: 2px; top: 656.8px;\"><\/div>\n<\/div><\/section><\/div>\n","protected":false},"excerpt":{"rendered":"<p>Vendita azienda Svizzera e Italia, trasferimento azienda Svizzera e Italia, vendita azienda Svizzera e Italia, acquisizione azienda Svizzera e Italia, vendita PMI Svizzera e Italia, vendita PMI Svizzera e Italia, successione PMI Svizzera e Italia, vendita azienda Svizzera e Italia, trovare un acquirente in Svizzera e in Italia<\/p>\n","protected":false},"author":2,"featured_media":6716,"parent":10521,"menu_order":0,"comment_status":"closed","ping_status":"closed","template":"","meta":{"footnotes":""},"class_list":["post-10549","page","type-page","status-publish","has-post-thumbnail","hentry"],"_links":{"self":[{"href":"https:\/\/actoria.com\/ch-it\/wp-json\/wp\/v2\/pages\/10549","targetHints":{"allow":["GET"]}}],"collection":[{"href":"https:\/\/actoria.com\/ch-it\/wp-json\/wp\/v2\/pages"}],"about":[{"href":"https:\/\/actoria.com\/ch-it\/wp-json\/wp\/v2\/types\/page"}],"author":[{"embeddable":true,"href":"https:\/\/actoria.com\/ch-it\/wp-json\/wp\/v2\/users\/2"}],"replies":[{"embeddable":true,"href":"https:\/\/actoria.com\/ch-it\/wp-json\/wp\/v2\/comments?post=10549"}],"version-history":[{"count":0,"href":"https:\/\/actoria.com\/ch-it\/wp-json\/wp\/v2\/pages\/10549\/revisions"}],"up":[{"embeddable":true,"href":"https:\/\/actoria.com\/ch-it\/wp-json\/wp\/v2\/pages\/10521"}],"wp:featuredmedia":[{"embeddable":true,"href":"https:\/\/actoria.com\/ch-it\/wp-json\/wp\/v2\/media\/6716"}],"wp:attachment":[{"href":"https:\/\/actoria.com\/ch-it\/wp-json\/wp\/v2\/media?parent=10549"}],"curies":[{"name":"wp","href":"https:\/\/api.w.org\/{rel}","templated":true}]}}