{"id":10558,"date":"2020-07-15T14:12:28","date_gmt":"2020-07-15T14:12:28","guid":{"rendered":"https:\/\/actoria.com\/ch-it\/\/?page_id=10558"},"modified":"2022-08-12T17:43:23","modified_gmt":"2022-08-12T15:43:23","slug":"servizi-professionali","status":"publish","type":"page","link":"https:\/\/actoria.com\/ch-it\/servizi\/settori\/servizi-professionali\/","title":{"rendered":"Servizi professionali"},"content":{"rendered":"<div id='av_section_1'  class='avia-section main_color avia-section-default avia-no-border-styling  avia-full-stretch avia-bg-style-fixed  avia-builder-el-0  el_before_av_one_full  avia-builder-el-first  header_page_section_title_wrapper  av-arrow-down-section av-minimum-height av-minimum-height-custom  container_wrap sidebar_right' style='background-repeat: no-repeat; background-image: url(https:\/\/actoria.com\/ch-it\/wp-content\/uploads\/2021\/01\/shutterstock-1-3-1500x1000.jpg);background-attachment: fixed; background-position: center center;  '  data-section-bg-repeat='stretch'><div class='container' style='height:660px'><main  role=\"main\" itemprop=\"mainContentOfPage\"  class='template-page content  av-content-small alpha units'><div class='post-entry post-entry-type-page post-entry-10558'><div class='entry-content-wrapper clearfix'>\n<div class='flex_column_table av-equal-height-column-flextable -flextable' ><div class=\"flex_column av_one_full  flex_column_table_cell av-equal-height-column av-align-bottom av-zero-column-padding first  avia-builder-el-1  avia-builder-el-no-sibling  header_page_section_title \" style='border-radius:0px; ' id=\"header_page_section_title\" ><p><br \/>\n<div  style='padding-bottom:5px; margin:0 0 0 0; color:#ffffff;' class='av-special-heading av-special-heading-h1 custom-color-heading   avia-builder-el-3  el_after_av_codeblock  avia-builder-el-last  '><h1 class='av-special-heading-tag '  itemprop=\"headline\"  >Servizi professionali in Svizzera<\/h1><div class='special-heading-border'><div class='special-heading-inner-border' style='border-color:#ffffff'><\/div><\/div><\/div><\/p><\/div><\/div><!--close column table wrapper. Autoclose: 1 --><\/div><\/div><\/main><!-- close content main element --><\/div><div class='av-extra-border-element border-extra-arrow-down'><div class='av-extra-border-outer'><div class='av-extra-border-inner'  style='background-color:#ffffff;' ><\/div><\/div><\/div><\/div><div id='after_section_1'  class='main_color av_default_container_wrap container_wrap sidebar_right' style=' '  ><div class='container' ><div class='template-page content  av-content-small alpha units'><div class='post-entry post-entry-type-page post-entry-10558'><div class='entry-content-wrapper clearfix'><div class=\"flex_column av_one_full  flex_column_div av-zero-column-padding first  avia-builder-el-4  el_after_av_section  avia-builder-el-no-sibling  \" style='border-radius:0px; '><section class=\"av_textblock_section \"  itemscope=\"itemscope\" itemtype=\"https:\/\/schema.org\/CreativeWork\" ><div class='avia_textblock  '   itemprop=\"text\" ><div id=\"attachment_18430\" style=\"width: 310px\" class=\"wp-caption alignleft\"><img loading=\"lazy\" decoding=\"async\" aria-describedby=\"caption-attachment-18430\" class=\"wp-image-18430 size-medium\" title=\"Servizi professionali, Servizi professionali, trasferimento, vendita di societ\u00e0 e azienda in Svizzera e Italia\" src=\"https:\/\/actoria.com\/ch-it\/wp-content\/uploads\/2021\/12\/shutterstock-1-28-300x200.jpg\" alt=\"Servizi professionali, Servizi professionali, trasferimento, vendita di societ\u00e0 e azienda in Svizzera e Italia\" width=\"300\" height=\"200\" srcset=\"https:\/\/actoria.com\/ch-it\/wp-content\/uploads\/2021\/12\/shutterstock-1-28-300x200.jpg 300w, https:\/\/actoria.com\/ch-it\/wp-content\/uploads\/2021\/12\/shutterstock-1-28-1030x687.jpg 1030w, https:\/\/actoria.com\/ch-it\/wp-content\/uploads\/2021\/12\/shutterstock-1-28-768x512.jpg 768w, https:\/\/actoria.com\/ch-it\/wp-content\/uploads\/2021\/12\/shutterstock-1-28-1536x1024.jpg 1536w, https:\/\/actoria.com\/ch-it\/wp-content\/uploads\/2021\/12\/shutterstock-1-28-2048x1365.jpg 2048w, https:\/\/actoria.com\/ch-it\/wp-content\/uploads\/2021\/12\/shutterstock-1-28-1500x1000.jpg 1500w, https:\/\/actoria.com\/ch-it\/wp-content\/uploads\/2021\/12\/shutterstock-1-28-705x470.jpg 705w\" sizes=\"auto, (max-width: 300px) 100vw, 300px\" \/><p id=\"caption-attachment-18430\" class=\"wp-caption-text\">Servizi professionali, trasferimento di societ\u00e0 in Svizzera<\/p><\/div>\n<p>Il settore dei Servizi Professionali in Svizzera \u00e8 un settore in cui vediamo grandi cambiamenti e innovazioni per soddisfare le nuove esigenze del mercato. Il settore dei servizi occuper\u00e0 una posizione di mercato maggiore rispetto agli altri settori.<\/p>\n<p>Secondo l&#8217;OCSE, il settore dei servizi alle imprese rappresenta ora pi\u00f9 del 70% dell&#8217;occupazione totale e del valore aggiunto nelle economie OCSE. Rappresenta anche quasi tutta la crescita dell&#8217;occupazione nell&#8217;area OCSE.<\/p>\n<p>Bloomberg riporta che i servizi continuano ad essere le materie prime del settore privato pi\u00f9 ricercate.<\/p>\n<p>Abbiamo lavorato con un certo numero di societ\u00e0 di consulenza professionale e di gestione patrimoniale, societ\u00e0 di software per servizi professionali e societ\u00e0 di servizi alla persona in Svizzera.<\/p>\n<h2>La nostra definizione di Servizi Professionali in Svizzera<\/h2>\n<p>Le societ\u00e0 di servizi professionali affrontano una doppia sfida: anticipare e gestire il cambiamento non solo per i clienti, ma anche per lo studio. Nel mondo frenetico di oggi, questo non \u00e8 un compito facile, ma insieme possiamo sviluppare un piano per cogliere le opportunit\u00e0, soddisfare le aspettative dei clienti e prosperare nei mercati in evoluzione.<\/p>\n<p>Actoria Svizzera ha la conoscenza e l&#8217;esperienza attraverso la sua rete di esperti locali, nazionali e internazionali.<\/p>\n<p>I vostri clienti contano su di voi per fornire servizi e consigli affidabili, credibili e tempestivi. Potete contare su di noi per soddisfare gli stessi standard elevati. Ci impegniamo a fornire ai nostri clienti un&#8217;esperienza eccezionale.<\/p>\n<p>Che siate nel campo architettonico, ingegneristico o legale, forniamo soluzioni pratiche per aiutare i nostri clienti a gestire il cambiamento in modo efficace e con successo.<\/p>\n<p>I servizi professionali in Svizzera includono anche <strong>servizi di assistenza, di ristorazione, di pulizia e di gestione delle imprese e delle propriet\u00e0.<\/strong><\/p>\n<div id=\"gtx-trans\" style=\"position: absolute; left: -3px; top: 783.6px;\"><\/div>\n<\/div><\/section><\/div><\/p>\n","protected":false},"excerpt":{"rendered":"<p>Vendita azienda Svizzera e Italia, trasferimento azienda Svizzera e Italia, vendita azienda Svizzera e Italia, acquisizione azienda Svizzera e Italia, vendita PMI Svizzera e Italia, vendita PMI Svizzera e Italia, successione PMI Svizzera e Italia, vendita azienda Svizzera e Italia, trovare un acquirente in Svizzera e in Italia<\/p>\n","protected":false},"author":2,"featured_media":22705,"parent":10521,"menu_order":0,"comment_status":"closed","ping_status":"closed","template":"","meta":{"footnotes":""},"class_list":["post-10558","page","type-page","status-publish","has-post-thumbnail","hentry"],"yoast_head":"<!-- This site is optimized with the Yoast SEO plugin v27.4 - https:\/\/yoast.com\/product\/yoast-seo-wordpress\/ -->\n<title>Servizi professionali in Svizzera<\/title>\n<meta name=\"description\" content=\"Servizi professionali in Svizzera, Ticino e Italia, servizi economici, sviluppo delle attivit\u00e0 in Svizzera, Ticino e Italia, vendita di PMI in Svizzera, Ticino e Italia\" \/>\n<meta name=\"robots\" content=\"index, follow, max-snippet:-1, max-image-preview:large, max-video-preview:-1\" \/>\n<link rel=\"canonical\" href=\"https:\/\/actoria.com\/ch-it\/servizi\/settori\/servizi-professionali\/\" \/>\n<meta property=\"og:locale\" content=\"it_IT\" \/>\n<meta property=\"og:type\" content=\"article\" \/>\n<meta property=\"og:title\" content=\"Servizi professionali in Svizzera\" \/>\n<meta property=\"og:description\" content=\"Servizi professionali in Svizzera, Ticino e Italia, servizi economici, sviluppo delle attivit\u00e0 in Svizzera, Ticino e Italia, vendita di PMI in Svizzera, Ticino e Italia\" \/>\n<meta property=\"og:url\" content=\"https:\/\/actoria.com\/ch-it\/servizi\/settori\/servizi-professionali\/\" \/>\n<meta property=\"og:site_name\" content=\"Trasferimento di azienda Svizzera, Ticino e Italia, Fusioni &amp; Acquisizioni Svizzera, Ticino e Italia, Sviluppo Strategico Svizzera, Ticino e Italia\" \/>\n<meta property=\"article:modified_time\" content=\"2022-08-12T15:43:23+00:00\" \/>\n<meta property=\"og:image\" content=\"https:\/\/actoria.com\/ch-it\/wp-content\/uploads\/2022\/08\/shutterstock-1-12.jpg\" \/>\n\t<meta property=\"og:image:width\" content=\"2400\" \/>\n\t<meta property=\"og:image:height\" content=\"1600\" \/>\n\t<meta property=\"og:image:type\" content=\"image\/jpeg\" \/>\n<meta name=\"twitter:card\" content=\"summary_large_image\" \/>\n<meta name=\"twitter:label1\" content=\"Tempo di lettura stimato\" \/>\n\t<meta name=\"twitter:data1\" content=\"4 minuti\" \/>\n<script type=\"application\/ld+json\" class=\"yoast-schema-graph\">{\"@context\":\"https:\\\/\\\/schema.org\",\"@graph\":[{\"@type\":\"Article\",\"@id\":\"https:\\\/\\\/actoria.com\\\/ch-it\\\/servizi\\\/settori\\\/servizi-professionali\\\/#article\",\"isPartOf\":{\"@id\":\"https:\\\/\\\/actoria.com\\\/ch-it\\\/servizi\\\/settori\\\/servizi-professionali\\\/\"},\"author\":{\"name\":\"fabrice\",\"@id\":\"https:\\\/\\\/actoria.com\\\/ch-it\\\/#\\\/schema\\\/person\\\/f49dd9d0c4e953ed3de3e3b44cd339ac\"},\"headline\":\"Servizi professionali\",\"datePublished\":\"2020-07-15T14:12:28+00:00\",\"dateModified\":\"2022-08-12T15:43:23+00:00\",\"mainEntityOfPage\":{\"@id\":\"https:\\\/\\\/actoria.com\\\/ch-it\\\/servizi\\\/settori\\\/servizi-professionali\\\/\"},\"wordCount\":687,\"publisher\":{\"@id\":\"https:\\\/\\\/actoria.com\\\/ch-it\\\/#organization\"},\"image\":{\"@id\":\"https:\\\/\\\/actoria.com\\\/ch-it\\\/servizi\\\/settori\\\/servizi-professionali\\\/#primaryimage\"},\"thumbnailUrl\":\"https:\\\/\\\/actoria.com\\\/ch-it\\\/wp-content\\\/uploads\\\/2022\\\/08\\\/shutterstock-1-12.jpg\",\"inLanguage\":\"it-IT\"},{\"@type\":\"WebPage\",\"@id\":\"https:\\\/\\\/actoria.com\\\/ch-it\\\/servizi\\\/settori\\\/servizi-professionali\\\/\",\"url\":\"https:\\\/\\\/actoria.com\\\/ch-it\\\/servizi\\\/settori\\\/servizi-professionali\\\/\",\"name\":\"Servizi professionali in Svizzera\",\"isPartOf\":{\"@id\":\"https:\\\/\\\/actoria.com\\\/ch-it\\\/#website\"},\"primaryImageOfPage\":{\"@id\":\"https:\\\/\\\/actoria.com\\\/ch-it\\\/servizi\\\/settori\\\/servizi-professionali\\\/#primaryimage\"},\"image\":{\"@id\":\"https:\\\/\\\/actoria.com\\\/ch-it\\\/servizi\\\/settori\\\/servizi-professionali\\\/#primaryimage\"},\"thumbnailUrl\":\"https:\\\/\\\/actoria.com\\\/ch-it\\\/wp-content\\\/uploads\\\/2022\\\/08\\\/shutterstock-1-12.jpg\",\"datePublished\":\"2020-07-15T14:12:28+00:00\",\"dateModified\":\"2022-08-12T15:43:23+00:00\",\"description\":\"Servizi professionali in Svizzera, Ticino e Italia, servizi economici, sviluppo delle attivit\u00e0 in Svizzera, Ticino e Italia, vendita di PMI in Svizzera, Ticino e Italia\",\"breadcrumb\":{\"@id\":\"https:\\\/\\\/actoria.com\\\/ch-it\\\/servizi\\\/settori\\\/servizi-professionali\\\/#breadcrumb\"},\"inLanguage\":\"it-IT\",\"potentialAction\":[{\"@type\":\"ReadAction\",\"target\":[\"https:\\\/\\\/actoria.com\\\/ch-it\\\/servizi\\\/settori\\\/servizi-professionali\\\/\"]}]},{\"@type\":\"ImageObject\",\"inLanguage\":\"it-IT\",\"@id\":\"https:\\\/\\\/actoria.com\\\/ch-it\\\/servizi\\\/settori\\\/servizi-professionali\\\/#primaryimage\",\"url\":\"https:\\\/\\\/actoria.com\\\/ch-it\\\/wp-content\\\/uploads\\\/2022\\\/08\\\/shutterstock-1-12.jpg\",\"contentUrl\":\"https:\\\/\\\/actoria.com\\\/ch-it\\\/wp-content\\\/uploads\\\/2022\\\/08\\\/shutterstock-1-12.jpg\",\"width\":2400,\"height\":1600,\"caption\":\"Due Diligence e audit, Due Diligence e audit, trasferimento, vendita di societ\u00e0 e azienda in Svizzera e Italia\"},{\"@type\":\"BreadcrumbList\",\"@id\":\"https:\\\/\\\/actoria.com\\\/ch-it\\\/servizi\\\/settori\\\/servizi-professionali\\\/#breadcrumb\",\"itemListElement\":[{\"@type\":\"ListItem\",\"position\":1,\"name\":\"Home\",\"item\":\"https:\\\/\\\/actoria.com\\\/ch-it\\\/\"},{\"@type\":\"ListItem\",\"position\":2,\"name\":\"Servizi\",\"item\":\"https:\\\/\\\/actoria.com\\\/ch-it\\\/servizi\\\/\"},{\"@type\":\"ListItem\",\"position\":3,\"name\":\"Settori\",\"item\":\"https:\\\/\\\/actoria.com\\\/ch-it\\\/servizi\\\/settori\\\/\"},{\"@type\":\"ListItem\",\"position\":4,\"name\":\"Servizi professionali\"}]},{\"@type\":\"WebSite\",\"@id\":\"https:\\\/\\\/actoria.com\\\/ch-it\\\/#website\",\"url\":\"https:\\\/\\\/actoria.com\\\/ch-it\\\/\",\"name\":\"Trasferimento di azienda Svizzera, Ticino e Italia, Fusioni & Acquisizioni Svizzera, Ticino e Italia, Sviluppo Strategico Svizzera, Ticino e Italia\",\"description\":\"Vendere la tua azienda, PMI in Belgio, Francia, Svizzera, Marocco, Tunisia, Lussemburgo, Italia\",\"publisher\":{\"@id\":\"https:\\\/\\\/actoria.com\\\/ch-it\\\/#organization\"},\"alternateName\":\"Trasferimento di societ\u00e0, sviluppo di societ\u00e0 in Tunisia, lo specialista in fusioni e acquisizioni in Tunisia dal 2002\",\"potentialAction\":[{\"@type\":\"SearchAction\",\"target\":{\"@type\":\"EntryPoint\",\"urlTemplate\":\"https:\\\/\\\/actoria.com\\\/ch-it\\\/?s={search_term_string}\"},\"query-input\":{\"@type\":\"PropertyValueSpecification\",\"valueRequired\":true,\"valueName\":\"search_term_string\"}}],\"inLanguage\":\"it-IT\"},{\"@type\":\"Organization\",\"@id\":\"https:\\\/\\\/actoria.com\\\/ch-it\\\/#organization\",\"name\":\"Actoria Svizzera, Ticico e Italia, Trasferimento di azienda Svizzera, Ticino e Italia, Fusioni & Acquisizioni Svizzera, Ticino e Italia, Sviluppo Strategico Svizzera, Ticino e Italia\",\"alternateName\":\"Vendere la tua azienda, PMI in Belgio, Francia, Svizzera, Marocco, Tunisia, Lussemburgo, Italia\",\"url\":\"https:\\\/\\\/actoria.com\\\/ch-it\\\/\",\"logo\":{\"@type\":\"ImageObject\",\"inLanguage\":\"it-IT\",\"@id\":\"https:\\\/\\\/actoria.com\\\/ch-it\\\/#\\\/schema\\\/logo\\\/image\\\/\",\"url\":\"https:\\\/\\\/actoria.com\\\/ch-it\\\/wp-content\\\/uploads\\\/2020\\\/12\\\/Logo-standard.bmp\",\"contentUrl\":\"https:\\\/\\\/actoria.com\\\/ch-it\\\/wp-content\\\/uploads\\\/2020\\\/12\\\/Logo-standard.bmp\",\"width\":566,\"height\":358,\"caption\":\"Actoria Svizzera, Ticico e Italia, Trasferimento di azienda Svizzera, Ticino e Italia, Fusioni & Acquisizioni Svizzera, Ticino e Italia, Sviluppo Strategico Svizzera, Ticino e Italia\"},\"image\":{\"@id\":\"https:\\\/\\\/actoria.com\\\/ch-it\\\/#\\\/schema\\\/logo\\\/image\\\/\"},\"sameAs\":[\"https:\\\/\\\/fr.linkedin.com\\\/company\\\/actoria-group_2\"]},{\"@type\":\"Person\",\"@id\":\"https:\\\/\\\/actoria.com\\\/ch-it\\\/#\\\/schema\\\/person\\\/f49dd9d0c4e953ed3de3e3b44cd339ac\",\"name\":\"fabrice\",\"url\":\"https:\\\/\\\/actoria.com\\\/ch-it\\\/author\\\/fabrice\\\/\"}]}<\/script>\n<!-- \/ Yoast SEO plugin. -->","yoast_head_json":{"title":"Servizi professionali in Svizzera","description":"Servizi professionali in Svizzera, Ticino e Italia, servizi economici, sviluppo delle attivit\u00e0 in Svizzera, Ticino e Italia, vendita di PMI in Svizzera, Ticino e Italia","robots":{"index":"index","follow":"follow","max-snippet":"max-snippet:-1","max-image-preview":"max-image-preview:large","max-video-preview":"max-video-preview:-1"},"canonical":"https:\/\/actoria.com\/ch-it\/servizi\/settori\/servizi-professionali\/","og_locale":"it_IT","og_type":"article","og_title":"Servizi professionali in Svizzera","og_description":"Servizi professionali in Svizzera, Ticino e Italia, servizi economici, sviluppo delle attivit\u00e0 in Svizzera, Ticino e Italia, vendita di PMI in Svizzera, Ticino e Italia","og_url":"https:\/\/actoria.com\/ch-it\/servizi\/settori\/servizi-professionali\/","og_site_name":"Trasferimento di azienda Svizzera, Ticino e Italia, Fusioni &amp; Acquisizioni Svizzera, Ticino e Italia, Sviluppo Strategico Svizzera, Ticino e Italia","article_modified_time":"2022-08-12T15:43:23+00:00","og_image":[{"width":2400,"height":1600,"url":"https:\/\/actoria.com\/ch-it\/wp-content\/uploads\/2022\/08\/shutterstock-1-12.jpg","type":"image\/jpeg"}],"twitter_card":"summary_large_image","twitter_misc":{"Tempo di lettura stimato":"4 minuti"},"schema":{"@context":"https:\/\/schema.org","@graph":[{"@type":"Article","@id":"https:\/\/actoria.com\/ch-it\/servizi\/settori\/servizi-professionali\/#article","isPartOf":{"@id":"https:\/\/actoria.com\/ch-it\/servizi\/settori\/servizi-professionali\/"},"author":{"name":"fabrice","@id":"https:\/\/actoria.com\/ch-it\/#\/schema\/person\/f49dd9d0c4e953ed3de3e3b44cd339ac"},"headline":"Servizi professionali","datePublished":"2020-07-15T14:12:28+00:00","dateModified":"2022-08-12T15:43:23+00:00","mainEntityOfPage":{"@id":"https:\/\/actoria.com\/ch-it\/servizi\/settori\/servizi-professionali\/"},"wordCount":687,"publisher":{"@id":"https:\/\/actoria.com\/ch-it\/#organization"},"image":{"@id":"https:\/\/actoria.com\/ch-it\/servizi\/settori\/servizi-professionali\/#primaryimage"},"thumbnailUrl":"https:\/\/actoria.com\/ch-it\/wp-content\/uploads\/2022\/08\/shutterstock-1-12.jpg","inLanguage":"it-IT"},{"@type":"WebPage","@id":"https:\/\/actoria.com\/ch-it\/servizi\/settori\/servizi-professionali\/","url":"https:\/\/actoria.com\/ch-it\/servizi\/settori\/servizi-professionali\/","name":"Servizi professionali in Svizzera","isPartOf":{"@id":"https:\/\/actoria.com\/ch-it\/#website"},"primaryImageOfPage":{"@id":"https:\/\/actoria.com\/ch-it\/servizi\/settori\/servizi-professionali\/#primaryimage"},"image":{"@id":"https:\/\/actoria.com\/ch-it\/servizi\/settori\/servizi-professionali\/#primaryimage"},"thumbnailUrl":"https:\/\/actoria.com\/ch-it\/wp-content\/uploads\/2022\/08\/shutterstock-1-12.jpg","datePublished":"2020-07-15T14:12:28+00:00","dateModified":"2022-08-12T15:43:23+00:00","description":"Servizi professionali in Svizzera, Ticino e Italia, servizi economici, sviluppo delle attivit\u00e0 in Svizzera, Ticino e Italia, vendita di PMI in Svizzera, Ticino e Italia","breadcrumb":{"@id":"https:\/\/actoria.com\/ch-it\/servizi\/settori\/servizi-professionali\/#breadcrumb"},"inLanguage":"it-IT","potentialAction":[{"@type":"ReadAction","target":["https:\/\/actoria.com\/ch-it\/servizi\/settori\/servizi-professionali\/"]}]},{"@type":"ImageObject","inLanguage":"it-IT","@id":"https:\/\/actoria.com\/ch-it\/servizi\/settori\/servizi-professionali\/#primaryimage","url":"https:\/\/actoria.com\/ch-it\/wp-content\/uploads\/2022\/08\/shutterstock-1-12.jpg","contentUrl":"https:\/\/actoria.com\/ch-it\/wp-content\/uploads\/2022\/08\/shutterstock-1-12.jpg","width":2400,"height":1600,"caption":"Due Diligence e audit, Due Diligence e audit, trasferimento, vendita di societ\u00e0 e azienda in Svizzera e Italia"},{"@type":"BreadcrumbList","@id":"https:\/\/actoria.com\/ch-it\/servizi\/settori\/servizi-professionali\/#breadcrumb","itemListElement":[{"@type":"ListItem","position":1,"name":"Home","item":"https:\/\/actoria.com\/ch-it\/"},{"@type":"ListItem","position":2,"name":"Servizi","item":"https:\/\/actoria.com\/ch-it\/servizi\/"},{"@type":"ListItem","position":3,"name":"Settori","item":"https:\/\/actoria.com\/ch-it\/servizi\/settori\/"},{"@type":"ListItem","position":4,"name":"Servizi professionali"}]},{"@type":"WebSite","@id":"https:\/\/actoria.com\/ch-it\/#website","url":"https:\/\/actoria.com\/ch-it\/","name":"Trasferimento di azienda Svizzera, Ticino e Italia, Fusioni & Acquisizioni Svizzera, Ticino e Italia, Sviluppo Strategico Svizzera, Ticino e Italia","description":"Vendere la tua azienda, PMI in Belgio, Francia, Svizzera, Marocco, Tunisia, Lussemburgo, Italia","publisher":{"@id":"https:\/\/actoria.com\/ch-it\/#organization"},"alternateName":"Trasferimento di societ\u00e0, sviluppo di societ\u00e0 in Tunisia, lo specialista in fusioni e acquisizioni in Tunisia dal 2002","potentialAction":[{"@type":"SearchAction","target":{"@type":"EntryPoint","urlTemplate":"https:\/\/actoria.com\/ch-it\/?s={search_term_string}"},"query-input":{"@type":"PropertyValueSpecification","valueRequired":true,"valueName":"search_term_string"}}],"inLanguage":"it-IT"},{"@type":"Organization","@id":"https:\/\/actoria.com\/ch-it\/#organization","name":"Actoria Svizzera, Ticico e Italia, Trasferimento di azienda Svizzera, Ticino e Italia, Fusioni & Acquisizioni Svizzera, Ticino e Italia, Sviluppo Strategico Svizzera, Ticino e Italia","alternateName":"Vendere la tua azienda, PMI in Belgio, Francia, Svizzera, Marocco, Tunisia, Lussemburgo, Italia","url":"https:\/\/actoria.com\/ch-it\/","logo":{"@type":"ImageObject","inLanguage":"it-IT","@id":"https:\/\/actoria.com\/ch-it\/#\/schema\/logo\/image\/","url":"https:\/\/actoria.com\/ch-it\/wp-content\/uploads\/2020\/12\/Logo-standard.bmp","contentUrl":"https:\/\/actoria.com\/ch-it\/wp-content\/uploads\/2020\/12\/Logo-standard.bmp","width":566,"height":358,"caption":"Actoria Svizzera, Ticico e Italia, Trasferimento di azienda Svizzera, Ticino e Italia, Fusioni & Acquisizioni Svizzera, Ticino e Italia, Sviluppo Strategico Svizzera, Ticino e Italia"},"image":{"@id":"https:\/\/actoria.com\/ch-it\/#\/schema\/logo\/image\/"},"sameAs":["https:\/\/fr.linkedin.com\/company\/actoria-group_2"]},{"@type":"Person","@id":"https:\/\/actoria.com\/ch-it\/#\/schema\/person\/f49dd9d0c4e953ed3de3e3b44cd339ac","name":"fabrice","url":"https:\/\/actoria.com\/ch-it\/author\/fabrice\/"}]}},"_links":{"self":[{"href":"https:\/\/actoria.com\/ch-it\/wp-json\/wp\/v2\/pages\/10558","targetHints":{"allow":["GET"]}}],"collection":[{"href":"https:\/\/actoria.com\/ch-it\/wp-json\/wp\/v2\/pages"}],"about":[{"href":"https:\/\/actoria.com\/ch-it\/wp-json\/wp\/v2\/types\/page"}],"author":[{"embeddable":true,"href":"https:\/\/actoria.com\/ch-it\/wp-json\/wp\/v2\/users\/2"}],"replies":[{"embeddable":true,"href":"https:\/\/actoria.com\/ch-it\/wp-json\/wp\/v2\/comments?post=10558"}],"version-history":[{"count":0,"href":"https:\/\/actoria.com\/ch-it\/wp-json\/wp\/v2\/pages\/10558\/revisions"}],"up":[{"embeddable":true,"href":"https:\/\/actoria.com\/ch-it\/wp-json\/wp\/v2\/pages\/10521"}],"wp:featuredmedia":[{"embeddable":true,"href":"https:\/\/actoria.com\/ch-it\/wp-json\/wp\/v2\/media\/22705"}],"wp:attachment":[{"href":"https:\/\/actoria.com\/ch-it\/wp-json\/wp\/v2\/media?parent=10558"}],"curies":[{"name":"wp","href":"https:\/\/api.w.org\/{rel}","templated":true}]}}