{"id":10568,"date":"2020-07-15T14:16:42","date_gmt":"2020-07-15T14:16:42","guid":{"rendered":"https:\/\/actoria.com\/ch-it\/\/?page_id=10568"},"modified":"2023-07-18T12:30:52","modified_gmt":"2023-07-18T10:30:52","slug":"chimico","status":"publish","type":"page","link":"https:\/\/actoria.com\/ch-it\/servizi\/settori\/chimico\/","title":{"rendered":"Chimico"},"content":{"rendered":"<div id='av_section_1'  class='avia-section main_color avia-section-default avia-no-border-styling  avia-full-stretch avia-bg-style-fixed  avia-builder-el-0  el_before_av_one_full  avia-builder-el-first  header_page_section_title_wrapper  av-arrow-down-section av-minimum-height av-minimum-height-custom  container_wrap sidebar_right' style='background-repeat: no-repeat; background-image: url(https:\/\/actoria.com\/ch-it\/wp-content\/uploads\/2022\/08\/chimie-actoria.jpg);background-attachment: fixed; background-position: center center;  '  data-section-bg-repeat='stretch'><div class='container' style='height:660px'><main  role=\"main\" itemprop=\"mainContentOfPage\"  class='template-page content  av-content-small alpha units'><div class='post-entry post-entry-type-page post-entry-10568'><div class='entry-content-wrapper clearfix'>\n<div class='flex_column_table av-equal-height-column-flextable -flextable' ><div class=\"flex_column av_one_full  flex_column_table_cell av-equal-height-column av-align-bottom av-zero-column-padding first  avia-builder-el-1  avia-builder-el-no-sibling  header_page_section_title \" style='border-radius:0px; ' id=\"header_page_section_title\" ><p><br \/>\n<div  style='padding-bottom:5px; margin:0 0 0 0; color:#ffffff;' class='av-special-heading av-special-heading-h1 custom-color-heading   avia-builder-el-3  el_after_av_codeblock  avia-builder-el-last  '><h1 class='av-special-heading-tag '  itemprop=\"headline\"  >Prodotti chimici in Svizzera<\/h1><div class='special-heading-border'><div class='special-heading-inner-border' style='border-color:#ffffff'><\/div><\/div><\/div><\/p><\/div><\/div><!--close column table wrapper. Autoclose: 1 -->\n<\/div><\/div><\/main><!-- close content main element --><\/div><div class='av-extra-border-element border-extra-arrow-down'><div class='av-extra-border-outer'><div class='av-extra-border-inner'  style='background-color:#ffffff;' ><\/div><\/div><\/div><\/div><div id='after_section_1'  class='main_color av_default_container_wrap container_wrap sidebar_right' style=' '  ><div class='container' ><div class='template-page content  av-content-small alpha units'><div class='post-entry post-entry-type-page post-entry-10568'><div class='entry-content-wrapper clearfix'>\n<div class=\"flex_column av_one_full  flex_column_div av-zero-column-padding first  avia-builder-el-4  el_after_av_section  el_before_av_postcontent  avia-builder-el-no-sibling  \" style='border-radius:0px; '><section class=\"av_textblock_section \"  itemscope=\"itemscope\" itemtype=\"https:\/\/schema.org\/CreativeWork\" ><div class='avia_textblock  '   itemprop=\"text\" ><h2>Fusioni e acquisizioni nel settore chimico svizzero<\/h2>\n<div id=\"attachment_18374\" style=\"width: 310px\" class=\"wp-caption alignleft\"><img loading=\"lazy\" decoding=\"async\" aria-describedby=\"caption-attachment-18374\" class=\"wp-image-18374 size-medium\" title=\"Prodotti chimici, trasferimento di aziende in Svizzera\" src=\"https:\/\/actoria.com\/ch-it\/wp-content\/uploads\/2021\/12\/shutterstock-1-17-300x200.jpg\" alt=\"Prodotti chimici, trasferimento di aziende in Svizzera\" width=\"300\" height=\"200\" srcset=\"https:\/\/actoria.com\/ch-it\/wp-content\/uploads\/2021\/12\/shutterstock-1-17-300x200.jpg 300w, https:\/\/actoria.com\/ch-it\/wp-content\/uploads\/2021\/12\/shutterstock-1-17-1030x688.jpg 1030w, https:\/\/actoria.com\/ch-it\/wp-content\/uploads\/2021\/12\/shutterstock-1-17-768x513.jpg 768w, https:\/\/actoria.com\/ch-it\/wp-content\/uploads\/2021\/12\/shutterstock-1-17-1536x1025.jpg 1536w, https:\/\/actoria.com\/ch-it\/wp-content\/uploads\/2021\/12\/shutterstock-1-17-2048x1367.jpg 2048w, https:\/\/actoria.com\/ch-it\/wp-content\/uploads\/2021\/12\/shutterstock-1-17-1500x1001.jpg 1500w, https:\/\/actoria.com\/ch-it\/wp-content\/uploads\/2021\/12\/shutterstock-1-17-705x471.jpg 705w\" sizes=\"auto, (max-width: 300px) 100vw, 300px\" \/><p id=\"caption-attachment-18374\" class=\"wp-caption-text\">Prodotti chimici, trasferimento di aziende in Svizzera<\/p><\/div>\n<p>L&#8217;industria chimica svizzera <strong>tocca quasi ogni aspetto della nostra vita<\/strong> e ha un fatturato annuo di oltre 3 miliardi di euro (circa il 5% del PIL mondiale). L&#8217;industria \u00e8 pi\u00f9 che raddoppiata negli ultimi dieci anni, e tutte le regioni hanno registrato una crescita. L&#8217;aumento \u00e8 stato pi\u00f9 forte in Cina e nel resto dell&#8217;Asia.<\/p>\n<p>La crisi finanziaria del 2008-2009 ha portato a una forte contrazione delle vendite in Europa e Nord America, con settori tradizionali come l&#8217;edilizia e l&#8217;automobile in picchiata. L&#8217;attivit\u00e0 di M&amp;A \u00e8 rallentata in quanto i giocatori si concentrano sul controllo dei costi e sulla conservazione della liquidit\u00e0.<\/p>\n<p><strong>Il volume delle transazioni in Svizzera<\/strong> \u00e8 rimbalzato non appena la redditivit\u00e0 \u00e8 aumentata e le aziende hanno ripreso a perseguire i loro piani strategici a lungo termine.<\/p>\n<p><strong>Le principali sfide nel mercato chimico<\/strong> svizzero dal punto di vista delle fusioni e acquisizioni sono le seguenti:<\/p>\n<ul>\n<li>Opportunit\u00e0 di crescita in Asia, America Latina e altre regioni emergenti.<\/li>\n<li>Consolidamento delle catene di approvvigionamento, soprattutto in Europa.<\/li>\n<li>Sviluppo di alternative biochimiche alle scorte.<\/li>\n<li>Disponibilit\u00e0 di scorte di scisto a buon mercato in Nord America.<\/li>\n<li>Un rinnovato interesse da parte degli sponsor finanziari.<\/li>\n<li>Crisi di comunicazione e d&#8217;immagine, sotto la pressione degli attivisti ambientali.<\/li>\n<li>Creazione di nuove tecnologie e maggiore valore aggiunto.<\/li>\n<\/ul>\n<p>Il ritmo annuale di M&amp;A nel volume delle transazioni \u00e8 tipicamente nell&#8217;intervallo di 15-30 miliardi di euro (circa 0,5-1% delle vendite del settore).<\/p>\n<p><strong>Stimiamo che ci sono fino a 500 opportunit\u00e0 di affari in Svizzera ogni anno<\/strong>, ma di solito ci sono solo 50-100 opportunit\u00e0 con un valore di pi\u00f9 di 20 milioni di euro.<\/p>\n<p>Abbiamo completato transazioni in questo settore, sia dal lato dell&#8217;acquisto che da quello della vendita.<\/p>\n<p>Gli esperti e i consulenti di Actoria Suisse sono specialisti esperti e dedicati.<\/p>\n<p>Siamo in grado di localizzare e selezionare gli acquirenti adatti sulla base di un approccio diretto.<\/p>\n<p>I nostri professionisti globali hanno portato a termine numerosi mandati di ricerca e vendita nel settore chimico. Il punto di partenza del nostro team globale \u00e8 un grande gruppo di esperti dell&#8217;industria chimica, oltre a partner nazionali in Europa e negli Stati Uniti.<\/p>\n<h2>La riservatezza \u00e8 essenziale<\/h2>\n<p>Come azienda indipendente in Svizzera, siamo liberi di avvicinare i potenziali acquirenti senza rivelare prematuramente l&#8217;identit\u00e0 del nostro cliente. Siamo impegnati a raggiungere con successo gli obiettivi di crescita dei nostri clienti e non operiamo in modo da creare il rischio di un conflitto di interessi. Non lavoriamo per concorrenti diretti nelle stesse industrie e rappresentiamo solo una parte in ogni transazione. I nostri approcci strutturati e progressivi sono la chiave del nostro tasso di successo storicamente elevato per gli incarichi di cessione.<\/p>\n<\/div><\/section><\/div>[av_section min_height='' min_height_pc='25' min_height_px='500px' padding='huge' shadow='no-border-styling' bottom_border='no-border-styling' bottom_border_diagonal_color='#333333' bottom_border_diagonal_direction='' bottom_border_style='' margin='aviaTBmargin' custom_margin='50px' custom_margin_sync='true' custom_arrow_bg='' color='alternate_color' background='bg_color' custom_bg='' background_gradient_color1='' background_gradient_color2='' background_gradient_direction='vertical' src='https:\/\/actoria.com\/fr\/wp-content\/uploads\/2019\/10\/actoria-transmission-entreprise-2.jpg' attachment='7691' attachment_size='full' attach='parallax' position='top left' repeat='stretch' video='' video_ratio='16:9' overlay_enable='aviaTBoverlay_enable' overlay_opacity='0.8' overlay_color='#0b0146' overlay_pattern='' overlay_custom_pattern='' id='' custom_class='template_element le_cabinet_resume' aria_label='' av_element_hidden_in_editor='0' av_uid='av-2axmry']\r\n\r\n[av_one_half first min_height='av-equal-height-column' vertical_alignment='av-align-middle' space='' margin='0px' margin_sync='true' row_boxshadow_color='' row_boxshadow_width='10' link='' linktarget='' link_hover='' title_attr='' alt_attr='' padding='0px' padding_sync='true' highlight_size='1.1' border='' border_color='' radius='0px' radius_sync='true' column_boxshadow_color='' column_boxshadow_width='10' background='bg_color' background_color='' background_gradient_color1='' background_gradient_color2='' background_gradient_direction='vertical' src='' attachment='' attachment_size='' background_position='top left' background_repeat='no-repeat' animation='' mobile_breaking='' mobile_display='' id='' custom_class='' av_uid='av-m28772']\r\n\r\n[av_textblock size='' av-medium-font-size='' av-small-font-size='' av-mini-font-size='' font_color='' color='' id='' custom_class='' av_uid='av-24hq0e' admin_preview_bg='']\r\n<h3>Il Gruppo in sintesi:<\/h3>\r\n[\/av_textblock]\r\n\r\n[av_headline_rotator before_rotating='Ogni anno' after_rotating='' margin='' margin_sync='true' align='left' custom_title='#ff3d3d' size='14' av-medium-font-size-title='' av-small-font-size-title='' av-mini-font-size-title='' tag='h3' interval='5' animation='' alb_description='' id='' custom_class='' av_uid='av-kit1c31w' admin_preview_bg='']\r\n[av_rotator_item title='60 missioni di successo' custom_title='#ff3d3d' link='' linktarget='' av_uid='av-hfe426']\r\n[av_rotator_item title='con 20 partner e consulenti senior' custom_title='#ff3d3d' link='' linktarget='' av_uid='av-3a6x7y']\r\n[av_rotator_item title='Su aziende da 5 a 100 dipendenti' custom_title='#ff3d3d' link='' linktarget='' av_uid='av-e91dwe']\r\n[av_rotator_item title='Con un fatturato da 1 a 100 milioni' custom_title='#ff3d3d' link='' linktarget='' av_uid='av-d56udq']\r\n[\/av_headline_rotator]\r\n\r\n[\/av_one_half][av_one_half min_height='' vertical_alignment='' space='' custom_margin='' margin='0px' row_boxshadow='' row_boxshadow_color='' row_boxshadow_width='10' link='' linktarget='' link_hover='' title_attr='' alt_attr='' padding='0px' highlight='' highlight_size='' border='' border_color='' radius='0px' column_boxshadow='' column_boxshadow_color='' column_boxshadow_width='10' background='bg_color' background_color='' background_gradient_color1='' background_gradient_color2='' background_gradient_direction='vertical' src='' background_position='top left' background_repeat='no-repeat' animation='' mobile_breaking='' mobile_display='' av_uid='av-l9wtny']\r\n\r\n[av_textblock size='' av-medium-font-size='' av-small-font-size='' av-mini-font-size='' font_color='' color='' id='' custom_class='' av_uid='av-k2aokny5' admin_preview_bg='']\r\nSiamo presenti in numerosi paesi d'Europa e Africa per raggiungere acquirenti\/investitori stranieri:\r\n[\/av_textblock]\r\n\r\n[av_buttonrow alignment='center' button_spacing='5' button_spacing_unit='px' alb_description='' id='' custom_class='' av_uid='av-k2apppve' admin_preview_bg='']\r\n[av_buttonrow_item label='ACTORIA International' icon_select='no' icon='4' font='entypo-fontello' link='manually,https:\/\/actoria.com\/' link_target='_blank' size='small' label_display='' title_attr='' color='theme-color' custom_bg='#444444' custom_font='#ffffff' av_uid='av-dtv1ou']\r\n[av_buttonrow_item label='ACTORIA Suisse' icon_select='no' icon='4' font='entypo-fontello' link='manually,http:\/\/actoria.com\/ch\/' link_target='_blank' size='small' label_display='' title_attr='' color='theme-color' custom_bg='#444444' custom_font='#ffffff' av_uid='av-ciaxvy']\r\n[av_buttonrow_item label='ACTORIA Marocco' icon_select='no' icon='4' font='entypo-fontello' link='manually,https:\/\/actoria.com\/ma\/' link_target='_blank' size='small' label_display='' title_attr='' color='theme-color' custom_bg='#444444' custom_font='#ffffff' av_uid='av-a7v9gu']\r\n[av_buttonrow_item label='ACTORIA Belgio' icon_select='no' icon='4' font='entypo-fontello' link='manually,https:\/\/actoria.com\/be\/' link_target='_blank' size='small' label_display='' title_attr='' color='theme-color' custom_bg='#444444' custom_font='#ffffff' av_uid='av-8fxqj2']\r\n[av_buttonrow_item label='ACTORIA Spagna' icon_select='no' icon='4' font='entypo-fontello' link='manually,https:\/\/actoria.com\/es\/' link_target='_blank' size='small' label_display='' title_attr='' color='theme-color' custom_bg='#444444' custom_font='#ffffff' av_uid='av-7ypnzy']\r\n[av_buttonrow_item label='ACTORIA Lussemburgo' icon_select='no' icon='4' font='entypo-fontello' link='manually,https:\/\/actoria.com\/lu\/' link_target='_blank' size='small' label_display='' title_attr='' color='theme-color' custom_bg='#444444' custom_font='#ffffff' av_uid='av-5yruz2']\r\n[av_buttonrow_item label='ACTORIA Francia' icon_select='no' icon='4' font='entypo-fontello' link='manually,https:\/\/actoria.com\/fr\/' link_target='_blank' size='small' label_display='' title_attr='' color='theme-color' custom_bg='#444444' custom_font='#ffffff' av_uid='av-2ebsxa' icon_hover='']\r\n[av_buttonrow_item label='ACTORIA Italia' icon_select='no' icon='4' font='entypo-fontello' link='manually,https:\/\/actoria.com\/ch-it\/' link_target='_blank' size='small' label_display='' title_attr='' color='theme-color' custom_bg='#444444' custom_font='#ffffff' av_uid='av-4g0er2']\r\n[av_buttonrow_item label='ACTORIA Tunisia' icon_select='no' icon='ue800' font='entypo-fontello' link='manually,https:\/\/actoria.com\/tn\/' link_target='' size='small' label_display='' title_attr='' color='theme-color' custom_bg='#444444' custom_font='#ffffff' av_uid='av-2lsd4u']\r\n[\/av_buttonrow]\r\n\r\n[\/av_one_half][\/av_section]<\/p>\n","protected":false},"excerpt":{"rendered":"<p>Vendita azienda Svizzera e Italia, trasferimento azienda Svizzera e Italia, vendita azienda Svizzera e Italia, acquisizione azienda Svizzera e Italia, vendita PMI Svizzera e Italia, vendita PMI Svizzera e Italia, successione PMI Svizzera e Italia, vendita azienda Svizzera e Italia, trovare un acquirente in Svizzera e in Italia<\/p>\n","protected":false},"author":2,"featured_media":18374,"parent":10521,"menu_order":0,"comment_status":"closed","ping_status":"closed","template":"","meta":{"footnotes":""},"class_list":["post-10568","page","type-page","status-publish","has-post-thumbnail","hentry"],"_links":{"self":[{"href":"https:\/\/actoria.com\/ch-it\/wp-json\/wp\/v2\/pages\/10568","targetHints":{"allow":["GET"]}}],"collection":[{"href":"https:\/\/actoria.com\/ch-it\/wp-json\/wp\/v2\/pages"}],"about":[{"href":"https:\/\/actoria.com\/ch-it\/wp-json\/wp\/v2\/types\/page"}],"author":[{"embeddable":true,"href":"https:\/\/actoria.com\/ch-it\/wp-json\/wp\/v2\/users\/2"}],"replies":[{"embeddable":true,"href":"https:\/\/actoria.com\/ch-it\/wp-json\/wp\/v2\/comments?post=10568"}],"version-history":[{"count":0,"href":"https:\/\/actoria.com\/ch-it\/wp-json\/wp\/v2\/pages\/10568\/revisions"}],"up":[{"embeddable":true,"href":"https:\/\/actoria.com\/ch-it\/wp-json\/wp\/v2\/pages\/10521"}],"wp:featuredmedia":[{"embeddable":true,"href":"https:\/\/actoria.com\/ch-it\/wp-json\/wp\/v2\/media\/18374"}],"wp:attachment":[{"href":"https:\/\/actoria.com\/ch-it\/wp-json\/wp\/v2\/media?parent=10568"}],"curies":[{"name":"wp","href":"https:\/\/api.w.org\/{rel}","templated":true}]}}