{"id":11629,"date":"2020-09-18T14:13:49","date_gmt":"2020-09-18T12:13:49","guid":{"rendered":"https:\/\/actoria.com\/ch-it\/\/?page_id=11629"},"modified":"2022-08-12T17:39:15","modified_gmt":"2022-08-12T15:39:15","slug":"soluzione-di-coaching","status":"publish","type":"page","link":"https:\/\/actoria.com\/ch-it\/trasmissione\/i-nostri-strumenti-di-trasmissione-e-consigli\/soluzione-di-coaching\/","title":{"rendered":"Soluzione di coaching"},"content":{"rendered":"<section class=\"av_textblock_section \"  itemscope=\"itemscope\" itemtype=\"https:\/\/schema.org\/CreativeWork\" ><div class='avia_textblock  '   itemprop=\"text\" ><p><iframe style=\"height: 1000px; width: 100%;\" src=\"https:\/\/survey.zohopublic.com\/zs\/VDCzj8\" frameborder=\"0\" marginwidth=\"0\" marginheight=\"0\" scrolling=\"auto\"><\/iframe><\/p>\n<\/div><\/section>\n","protected":false},"excerpt":{"rendered":"<p>Vendita azienda Svizzera e Italia, trasferimento azienda Svizzera e Italia, vendita azienda Svizzera e Italia, acquisizione azienda Svizzera e Italia, vendita PMI Svizzera e Italia, vendita PMI Svizzera e Italia, successione PMI Svizzera e Italia, vendita azienda Svizzera e Italia, trovare un acquirente in Svizzera e in Italia<\/p>\n","protected":false},"author":2,"featured_media":18347,"parent":16521,"menu_order":0,"comment_status":"closed","ping_status":"closed","template":"","meta":{"footnotes":""},"class_list":["post-11629","page","type-page","status-publish","has-post-thumbnail","hentry"],"yoast_head":"<!-- This site is optimized with the Yoast SEO plugin v27.4 - https:\/\/yoast.com\/product\/yoast-seo-wordpress\/ -->\n<title>Le coaching peut t-il vous aider \u00e0 r\u00e9aliser votre projet ?<\/title>\n<meta name=\"description\" content=\"R\u00e9aliser votre projet gr\u00e2ce au coaching en remplissant ce questionnaire, cession entreprise en Suisse, cession PME en Suisse, vente entreprise en Suisse, transmission PME en Suisse\" \/>\n<meta name=\"robots\" content=\"index, follow, max-snippet:-1, max-image-preview:large, max-video-preview:-1\" \/>\n<link rel=\"canonical\" href=\"https:\/\/actoria.com\/ch-it\/trasmissione\/i-nostri-strumenti-di-trasmissione-e-consigli\/soluzione-di-coaching\/\" \/>\n<meta property=\"og:locale\" content=\"it_IT\" \/>\n<meta property=\"og:type\" content=\"article\" \/>\n<meta property=\"og:title\" content=\"Le coaching peut t-il vous aider \u00e0 r\u00e9aliser votre projet ?\" \/>\n<meta property=\"og:description\" content=\"R\u00e9aliser votre projet gr\u00e2ce au coaching en remplissant ce questionnaire, cession entreprise en Suisse, cession PME en Suisse, vente entreprise en Suisse, transmission PME en Suisse\" \/>\n<meta property=\"og:url\" content=\"https:\/\/actoria.com\/ch-it\/trasmissione\/i-nostri-strumenti-di-trasmissione-e-consigli\/soluzione-di-coaching\/\" \/>\n<meta property=\"og:site_name\" content=\"Trasferimento di azienda Svizzera, Ticino e Italia, Fusioni &amp; Acquisizioni Svizzera, Ticino e Italia, Sviluppo Strategico Svizzera, Ticino e Italia\" \/>\n<meta property=\"article:modified_time\" content=\"2022-08-12T15:39:15+00:00\" \/>\n<meta property=\"og:image\" content=\"https:\/\/actoria.com\/ch-it\/wp-content\/uploads\/2021\/12\/shutterstock-1-9.jpg\" \/>\n\t<meta property=\"og:image:width\" content=\"2257\" \/>\n\t<meta property=\"og:image:height\" content=\"1600\" \/>\n\t<meta property=\"og:image:type\" content=\"image\/jpeg\" \/>\n<meta name=\"twitter:card\" content=\"summary_large_image\" \/>\n<meta name=\"twitter:label1\" content=\"Tempo di lettura stimato\" \/>\n\t<meta name=\"twitter:data1\" content=\"1 minuto\" \/>\n<script type=\"application\/ld+json\" class=\"yoast-schema-graph\">{\"@context\":\"https:\\\/\\\/schema.org\",\"@graph\":[{\"@type\":\"Article\",\"@id\":\"https:\\\/\\\/actoria.com\\\/ch-it\\\/trasmissione\\\/i-nostri-strumenti-di-trasmissione-e-consigli\\\/soluzione-di-coaching\\\/#article\",\"isPartOf\":{\"@id\":\"https:\\\/\\\/actoria.com\\\/ch-it\\\/trasmissione\\\/i-nostri-strumenti-di-trasmissione-e-consigli\\\/soluzione-di-coaching\\\/\"},\"author\":{\"name\":\"fabrice\",\"@id\":\"https:\\\/\\\/actoria.com\\\/ch-it\\\/#\\\/schema\\\/person\\\/f49dd9d0c4e953ed3de3e3b44cd339ac\"},\"headline\":\"Soluzione di coaching\",\"datePublished\":\"2020-09-18T12:13:49+00:00\",\"dateModified\":\"2022-08-12T15:39:15+00:00\",\"mainEntityOfPage\":{\"@id\":\"https:\\\/\\\/actoria.com\\\/ch-it\\\/trasmissione\\\/i-nostri-strumenti-di-trasmissione-e-consigli\\\/soluzione-di-coaching\\\/\"},\"wordCount\":24,\"publisher\":{\"@id\":\"https:\\\/\\\/actoria.com\\\/ch-it\\\/#organization\"},\"image\":{\"@id\":\"https:\\\/\\\/actoria.com\\\/ch-it\\\/trasmissione\\\/i-nostri-strumenti-di-trasmissione-e-consigli\\\/soluzione-di-coaching\\\/#primaryimage\"},\"thumbnailUrl\":\"https:\\\/\\\/actoria.com\\\/ch-it\\\/wp-content\\\/uploads\\\/2021\\\/12\\\/shutterstock-1-9.jpg\",\"inLanguage\":\"it-IT\"},{\"@type\":\"WebPage\",\"@id\":\"https:\\\/\\\/actoria.com\\\/ch-it\\\/trasmissione\\\/i-nostri-strumenti-di-trasmissione-e-consigli\\\/soluzione-di-coaching\\\/\",\"url\":\"https:\\\/\\\/actoria.com\\\/ch-it\\\/trasmissione\\\/i-nostri-strumenti-di-trasmissione-e-consigli\\\/soluzione-di-coaching\\\/\",\"name\":\"Le coaching peut t-il vous aider \u00e0 r\u00e9aliser votre projet ?\",\"isPartOf\":{\"@id\":\"https:\\\/\\\/actoria.com\\\/ch-it\\\/#website\"},\"primaryImageOfPage\":{\"@id\":\"https:\\\/\\\/actoria.com\\\/ch-it\\\/trasmissione\\\/i-nostri-strumenti-di-trasmissione-e-consigli\\\/soluzione-di-coaching\\\/#primaryimage\"},\"image\":{\"@id\":\"https:\\\/\\\/actoria.com\\\/ch-it\\\/trasmissione\\\/i-nostri-strumenti-di-trasmissione-e-consigli\\\/soluzione-di-coaching\\\/#primaryimage\"},\"thumbnailUrl\":\"https:\\\/\\\/actoria.com\\\/ch-it\\\/wp-content\\\/uploads\\\/2021\\\/12\\\/shutterstock-1-9.jpg\",\"datePublished\":\"2020-09-18T12:13:49+00:00\",\"dateModified\":\"2022-08-12T15:39:15+00:00\",\"description\":\"R\u00e9aliser votre projet gr\u00e2ce au coaching en remplissant ce questionnaire, cession entreprise en Suisse, cession PME en Suisse, vente entreprise en Suisse, transmission PME en Suisse\",\"breadcrumb\":{\"@id\":\"https:\\\/\\\/actoria.com\\\/ch-it\\\/trasmissione\\\/i-nostri-strumenti-di-trasmissione-e-consigli\\\/soluzione-di-coaching\\\/#breadcrumb\"},\"inLanguage\":\"it-IT\",\"potentialAction\":[{\"@type\":\"ReadAction\",\"target\":[\"https:\\\/\\\/actoria.com\\\/ch-it\\\/trasmissione\\\/i-nostri-strumenti-di-trasmissione-e-consigli\\\/soluzione-di-coaching\\\/\"]}]},{\"@type\":\"ImageObject\",\"inLanguage\":\"it-IT\",\"@id\":\"https:\\\/\\\/actoria.com\\\/ch-it\\\/trasmissione\\\/i-nostri-strumenti-di-trasmissione-e-consigli\\\/soluzione-di-coaching\\\/#primaryimage\",\"url\":\"https:\\\/\\\/actoria.com\\\/ch-it\\\/wp-content\\\/uploads\\\/2021\\\/12\\\/shutterstock-1-9.jpg\",\"contentUrl\":\"https:\\\/\\\/actoria.com\\\/ch-it\\\/wp-content\\\/uploads\\\/2021\\\/12\\\/shutterstock-1-9.jpg\",\"width\":2257,\"height\":1600,\"caption\":\"Settori, Settori, trasferimento, vendita di societ\u00e0 e azienda in Svizzera e Italia\"},{\"@type\":\"BreadcrumbList\",\"@id\":\"https:\\\/\\\/actoria.com\\\/ch-it\\\/trasmissione\\\/i-nostri-strumenti-di-trasmissione-e-consigli\\\/soluzione-di-coaching\\\/#breadcrumb\",\"itemListElement\":[{\"@type\":\"ListItem\",\"position\":1,\"name\":\"Home\",\"item\":\"https:\\\/\\\/actoria.com\\\/ch-it\\\/\"},{\"@type\":\"ListItem\",\"position\":2,\"name\":\"Trasmissione\",\"item\":\"https:\\\/\\\/actoria.com\\\/ch-it\\\/trasmissione\\\/\"},{\"@type\":\"ListItem\",\"position\":3,\"name\":\"I nostri strumenti di trasmissione e consigli\",\"item\":\"https:\\\/\\\/actoria.com\\\/ch-it\\\/trasmissione\\\/i-nostri-strumenti-di-trasmissione-e-consigli\\\/\"},{\"@type\":\"ListItem\",\"position\":4,\"name\":\"Soluzione di coaching\"}]},{\"@type\":\"WebSite\",\"@id\":\"https:\\\/\\\/actoria.com\\\/ch-it\\\/#website\",\"url\":\"https:\\\/\\\/actoria.com\\\/ch-it\\\/\",\"name\":\"Trasferimento di azienda Svizzera, Ticino e Italia, Fusioni & Acquisizioni Svizzera, Ticino e Italia, Sviluppo Strategico Svizzera, Ticino e Italia\",\"description\":\"Vendere la tua azienda, PMI in Belgio, Francia, Svizzera, Marocco, Tunisia, Lussemburgo, Italia\",\"publisher\":{\"@id\":\"https:\\\/\\\/actoria.com\\\/ch-it\\\/#organization\"},\"alternateName\":\"Trasferimento di societ\u00e0, sviluppo di societ\u00e0 in Tunisia, lo specialista in fusioni e acquisizioni in Tunisia dal 2002\",\"potentialAction\":[{\"@type\":\"SearchAction\",\"target\":{\"@type\":\"EntryPoint\",\"urlTemplate\":\"https:\\\/\\\/actoria.com\\\/ch-it\\\/?s={search_term_string}\"},\"query-input\":{\"@type\":\"PropertyValueSpecification\",\"valueRequired\":true,\"valueName\":\"search_term_string\"}}],\"inLanguage\":\"it-IT\"},{\"@type\":\"Organization\",\"@id\":\"https:\\\/\\\/actoria.com\\\/ch-it\\\/#organization\",\"name\":\"Actoria Svizzera, Ticico e Italia, Trasferimento di azienda Svizzera, Ticino e Italia, Fusioni & Acquisizioni Svizzera, Ticino e Italia, Sviluppo Strategico Svizzera, Ticino e Italia\",\"alternateName\":\"Vendere la tua azienda, PMI in Belgio, Francia, Svizzera, Marocco, Tunisia, Lussemburgo, Italia\",\"url\":\"https:\\\/\\\/actoria.com\\\/ch-it\\\/\",\"logo\":{\"@type\":\"ImageObject\",\"inLanguage\":\"it-IT\",\"@id\":\"https:\\\/\\\/actoria.com\\\/ch-it\\\/#\\\/schema\\\/logo\\\/image\\\/\",\"url\":\"https:\\\/\\\/actoria.com\\\/ch-it\\\/wp-content\\\/uploads\\\/2020\\\/12\\\/Logo-standard.bmp\",\"contentUrl\":\"https:\\\/\\\/actoria.com\\\/ch-it\\\/wp-content\\\/uploads\\\/2020\\\/12\\\/Logo-standard.bmp\",\"width\":566,\"height\":358,\"caption\":\"Actoria Svizzera, Ticico e Italia, Trasferimento di azienda Svizzera, Ticino e Italia, Fusioni & Acquisizioni Svizzera, Ticino e Italia, Sviluppo Strategico Svizzera, Ticino e Italia\"},\"image\":{\"@id\":\"https:\\\/\\\/actoria.com\\\/ch-it\\\/#\\\/schema\\\/logo\\\/image\\\/\"},\"sameAs\":[\"https:\\\/\\\/fr.linkedin.com\\\/company\\\/actoria-group_2\"]},{\"@type\":\"Person\",\"@id\":\"https:\\\/\\\/actoria.com\\\/ch-it\\\/#\\\/schema\\\/person\\\/f49dd9d0c4e953ed3de3e3b44cd339ac\",\"name\":\"fabrice\",\"url\":\"https:\\\/\\\/actoria.com\\\/ch-it\\\/author\\\/fabrice\\\/\"}]}<\/script>\n<!-- \/ Yoast SEO plugin. -->","yoast_head_json":{"title":"Le coaching peut t-il vous aider \u00e0 r\u00e9aliser votre projet ?","description":"R\u00e9aliser votre projet gr\u00e2ce au coaching en remplissant ce questionnaire, cession entreprise en Suisse, cession PME en Suisse, vente entreprise en Suisse, transmission PME en Suisse","robots":{"index":"index","follow":"follow","max-snippet":"max-snippet:-1","max-image-preview":"max-image-preview:large","max-video-preview":"max-video-preview:-1"},"canonical":"https:\/\/actoria.com\/ch-it\/trasmissione\/i-nostri-strumenti-di-trasmissione-e-consigli\/soluzione-di-coaching\/","og_locale":"it_IT","og_type":"article","og_title":"Le coaching peut t-il vous aider \u00e0 r\u00e9aliser votre projet ?","og_description":"R\u00e9aliser votre projet gr\u00e2ce au coaching en remplissant ce questionnaire, cession entreprise en Suisse, cession PME en Suisse, vente entreprise en Suisse, transmission PME en Suisse","og_url":"https:\/\/actoria.com\/ch-it\/trasmissione\/i-nostri-strumenti-di-trasmissione-e-consigli\/soluzione-di-coaching\/","og_site_name":"Trasferimento di azienda Svizzera, Ticino e Italia, Fusioni &amp; Acquisizioni Svizzera, Ticino e Italia, Sviluppo Strategico Svizzera, Ticino e Italia","article_modified_time":"2022-08-12T15:39:15+00:00","og_image":[{"width":2257,"height":1600,"url":"https:\/\/actoria.com\/ch-it\/wp-content\/uploads\/2021\/12\/shutterstock-1-9.jpg","type":"image\/jpeg"}],"twitter_card":"summary_large_image","twitter_misc":{"Tempo di lettura stimato":"1 minuto"},"schema":{"@context":"https:\/\/schema.org","@graph":[{"@type":"Article","@id":"https:\/\/actoria.com\/ch-it\/trasmissione\/i-nostri-strumenti-di-trasmissione-e-consigli\/soluzione-di-coaching\/#article","isPartOf":{"@id":"https:\/\/actoria.com\/ch-it\/trasmissione\/i-nostri-strumenti-di-trasmissione-e-consigli\/soluzione-di-coaching\/"},"author":{"name":"fabrice","@id":"https:\/\/actoria.com\/ch-it\/#\/schema\/person\/f49dd9d0c4e953ed3de3e3b44cd339ac"},"headline":"Soluzione di coaching","datePublished":"2020-09-18T12:13:49+00:00","dateModified":"2022-08-12T15:39:15+00:00","mainEntityOfPage":{"@id":"https:\/\/actoria.com\/ch-it\/trasmissione\/i-nostri-strumenti-di-trasmissione-e-consigli\/soluzione-di-coaching\/"},"wordCount":24,"publisher":{"@id":"https:\/\/actoria.com\/ch-it\/#organization"},"image":{"@id":"https:\/\/actoria.com\/ch-it\/trasmissione\/i-nostri-strumenti-di-trasmissione-e-consigli\/soluzione-di-coaching\/#primaryimage"},"thumbnailUrl":"https:\/\/actoria.com\/ch-it\/wp-content\/uploads\/2021\/12\/shutterstock-1-9.jpg","inLanguage":"it-IT"},{"@type":"WebPage","@id":"https:\/\/actoria.com\/ch-it\/trasmissione\/i-nostri-strumenti-di-trasmissione-e-consigli\/soluzione-di-coaching\/","url":"https:\/\/actoria.com\/ch-it\/trasmissione\/i-nostri-strumenti-di-trasmissione-e-consigli\/soluzione-di-coaching\/","name":"Le coaching peut t-il vous aider \u00e0 r\u00e9aliser votre projet ?","isPartOf":{"@id":"https:\/\/actoria.com\/ch-it\/#website"},"primaryImageOfPage":{"@id":"https:\/\/actoria.com\/ch-it\/trasmissione\/i-nostri-strumenti-di-trasmissione-e-consigli\/soluzione-di-coaching\/#primaryimage"},"image":{"@id":"https:\/\/actoria.com\/ch-it\/trasmissione\/i-nostri-strumenti-di-trasmissione-e-consigli\/soluzione-di-coaching\/#primaryimage"},"thumbnailUrl":"https:\/\/actoria.com\/ch-it\/wp-content\/uploads\/2021\/12\/shutterstock-1-9.jpg","datePublished":"2020-09-18T12:13:49+00:00","dateModified":"2022-08-12T15:39:15+00:00","description":"R\u00e9aliser votre projet gr\u00e2ce au coaching en remplissant ce questionnaire, cession entreprise en Suisse, cession PME en Suisse, vente entreprise en Suisse, transmission PME en Suisse","breadcrumb":{"@id":"https:\/\/actoria.com\/ch-it\/trasmissione\/i-nostri-strumenti-di-trasmissione-e-consigli\/soluzione-di-coaching\/#breadcrumb"},"inLanguage":"it-IT","potentialAction":[{"@type":"ReadAction","target":["https:\/\/actoria.com\/ch-it\/trasmissione\/i-nostri-strumenti-di-trasmissione-e-consigli\/soluzione-di-coaching\/"]}]},{"@type":"ImageObject","inLanguage":"it-IT","@id":"https:\/\/actoria.com\/ch-it\/trasmissione\/i-nostri-strumenti-di-trasmissione-e-consigli\/soluzione-di-coaching\/#primaryimage","url":"https:\/\/actoria.com\/ch-it\/wp-content\/uploads\/2021\/12\/shutterstock-1-9.jpg","contentUrl":"https:\/\/actoria.com\/ch-it\/wp-content\/uploads\/2021\/12\/shutterstock-1-9.jpg","width":2257,"height":1600,"caption":"Settori, Settori, trasferimento, vendita di societ\u00e0 e azienda in Svizzera e Italia"},{"@type":"BreadcrumbList","@id":"https:\/\/actoria.com\/ch-it\/trasmissione\/i-nostri-strumenti-di-trasmissione-e-consigli\/soluzione-di-coaching\/#breadcrumb","itemListElement":[{"@type":"ListItem","position":1,"name":"Home","item":"https:\/\/actoria.com\/ch-it\/"},{"@type":"ListItem","position":2,"name":"Trasmissione","item":"https:\/\/actoria.com\/ch-it\/trasmissione\/"},{"@type":"ListItem","position":3,"name":"I nostri strumenti di trasmissione e consigli","item":"https:\/\/actoria.com\/ch-it\/trasmissione\/i-nostri-strumenti-di-trasmissione-e-consigli\/"},{"@type":"ListItem","position":4,"name":"Soluzione di coaching"}]},{"@type":"WebSite","@id":"https:\/\/actoria.com\/ch-it\/#website","url":"https:\/\/actoria.com\/ch-it\/","name":"Trasferimento di azienda Svizzera, Ticino e Italia, Fusioni & Acquisizioni Svizzera, Ticino e Italia, Sviluppo Strategico Svizzera, Ticino e Italia","description":"Vendere la tua azienda, PMI in Belgio, Francia, Svizzera, Marocco, Tunisia, Lussemburgo, Italia","publisher":{"@id":"https:\/\/actoria.com\/ch-it\/#organization"},"alternateName":"Trasferimento di societ\u00e0, sviluppo di societ\u00e0 in Tunisia, lo specialista in fusioni e acquisizioni in Tunisia dal 2002","potentialAction":[{"@type":"SearchAction","target":{"@type":"EntryPoint","urlTemplate":"https:\/\/actoria.com\/ch-it\/?s={search_term_string}"},"query-input":{"@type":"PropertyValueSpecification","valueRequired":true,"valueName":"search_term_string"}}],"inLanguage":"it-IT"},{"@type":"Organization","@id":"https:\/\/actoria.com\/ch-it\/#organization","name":"Actoria Svizzera, Ticico e Italia, Trasferimento di azienda Svizzera, Ticino e Italia, Fusioni & Acquisizioni Svizzera, Ticino e Italia, Sviluppo Strategico Svizzera, Ticino e Italia","alternateName":"Vendere la tua azienda, PMI in Belgio, Francia, Svizzera, Marocco, Tunisia, Lussemburgo, Italia","url":"https:\/\/actoria.com\/ch-it\/","logo":{"@type":"ImageObject","inLanguage":"it-IT","@id":"https:\/\/actoria.com\/ch-it\/#\/schema\/logo\/image\/","url":"https:\/\/actoria.com\/ch-it\/wp-content\/uploads\/2020\/12\/Logo-standard.bmp","contentUrl":"https:\/\/actoria.com\/ch-it\/wp-content\/uploads\/2020\/12\/Logo-standard.bmp","width":566,"height":358,"caption":"Actoria Svizzera, Ticico e Italia, Trasferimento di azienda Svizzera, Ticino e Italia, Fusioni & Acquisizioni Svizzera, Ticino e Italia, Sviluppo Strategico Svizzera, Ticino e Italia"},"image":{"@id":"https:\/\/actoria.com\/ch-it\/#\/schema\/logo\/image\/"},"sameAs":["https:\/\/fr.linkedin.com\/company\/actoria-group_2"]},{"@type":"Person","@id":"https:\/\/actoria.com\/ch-it\/#\/schema\/person\/f49dd9d0c4e953ed3de3e3b44cd339ac","name":"fabrice","url":"https:\/\/actoria.com\/ch-it\/author\/fabrice\/"}]}},"_links":{"self":[{"href":"https:\/\/actoria.com\/ch-it\/wp-json\/wp\/v2\/pages\/11629","targetHints":{"allow":["GET"]}}],"collection":[{"href":"https:\/\/actoria.com\/ch-it\/wp-json\/wp\/v2\/pages"}],"about":[{"href":"https:\/\/actoria.com\/ch-it\/wp-json\/wp\/v2\/types\/page"}],"author":[{"embeddable":true,"href":"https:\/\/actoria.com\/ch-it\/wp-json\/wp\/v2\/users\/2"}],"replies":[{"embeddable":true,"href":"https:\/\/actoria.com\/ch-it\/wp-json\/wp\/v2\/comments?post=11629"}],"version-history":[{"count":0,"href":"https:\/\/actoria.com\/ch-it\/wp-json\/wp\/v2\/pages\/11629\/revisions"}],"up":[{"embeddable":true,"href":"https:\/\/actoria.com\/ch-it\/wp-json\/wp\/v2\/pages\/16521"}],"wp:featuredmedia":[{"embeddable":true,"href":"https:\/\/actoria.com\/ch-it\/wp-json\/wp\/v2\/media\/18347"}],"wp:attachment":[{"href":"https:\/\/actoria.com\/ch-it\/wp-json\/wp\/v2\/media?parent=11629"}],"curies":[{"name":"wp","href":"https:\/\/api.w.org\/{rel}","templated":true}]}}