{"id":12093,"date":"2020-10-22T13:26:56","date_gmt":"2020-10-22T13:26:56","guid":{"rendered":"https:\/\/actoria.com\/ch-it\/\/?page_id=12093"},"modified":"2022-08-16T15:55:24","modified_gmt":"2022-08-16T13:55:24","slug":"scarica-la-guida-strategica-come-aumentare-la-crescita","status":"publish","type":"page","link":"https:\/\/actoria.com\/ch-it\/sviluppare\/le-nostre-pubblicazioni-sullo-sviluppo\/scarica-la-guida-strategica-come-aumentare-la-crescita\/","title":{"rendered":"Scarica la guida strategica &#8220;Come accelerare la crescita&#8221;"},"content":{"rendered":"<div class=\"flex_column av_one_third  flex_column_div av-zero-column-padding first  avia-builder-el-0  el_before_av_two_third  avia-builder-el-first  \" style='border-radius:0px; '><div  class='avia-image-container  av-styling-    avia-builder-el-1  avia-builder-el-no-sibling  avia-align-center '  itemprop=\"image\" itemscope=\"itemscope\" itemtype=\"https:\/\/schema.org\/ImageObject\"  ><div class='avia-image-container-inner'><div class='avia-image-overlay-wrap'><img class='avia_image' src='https:\/\/actoria.com\/ch-it\/wp-content\/uploads\/2022\/08\/Book-steps-IT-1-1030x950.png' alt='Ordina la Guida strategica per una trasmissione aziendale di successo, Ordina la Guida strategica per una trasmissione aziendale di successo, trasferimento, vendita di societ\u00e0 e azienda in Svizzera e Italia' title='Ordina la Guida strategica per una trasmissione aziendale di successo, Ordina la Guida strategica per una trasmissione aziendale di successo, trasferimento, vendita di societ\u00e0 e azienda in Svizzera e Italia' height=\"950\" width=\"1030\"  itemprop=\"thumbnailUrl\"  \/><\/div><\/div><\/div><\/div><div class=\"flex_column av_two_third  flex_column_div av-zero-column-padding   avia-builder-el-2  el_after_av_one_third  el_before_av_one_full  \" style='border-radius:0px; '><section class=\"av_textblock_section \"  itemscope=\"itemscope\" itemtype=\"https:\/\/schema.org\/CreativeWork\" ><div class='avia_textblock  '   itemprop=\"text\" ><p><iframe style=\"height: 550px; width: 99%; border: none;\" src=\"https:\/\/forms.zohopublic.com\/rseauactoria\/form\/CHITReceveznotreGuidestratgiqueCommentboostersacro\/formperma\/x75k9tiuhffoWKUb22e9OdxmF-KbC5a0EvDCovHqxZ0\" frameborder=\"0\"><\/iframe><\/p>\n<\/div><\/section><\/div><\/p>\n<div class=\"flex_column av_one_full  flex_column_div av-zero-column-padding first  avia-builder-el-4  el_after_av_two_third  avia-builder-el-last  column-top-margin\" style='border-radius:0px; '><section class=\"av_textblock_section \"  itemscope=\"itemscope\" itemtype=\"https:\/\/schema.org\/CreativeWork\" ><div class='avia_textblock  '   itemprop=\"text\" ><h3 class=\"title_livre_blanc\" style=\"text-align: justify;\">Perch\u00e8 questo Libro bianco?<\/h3>\n<p><strong>Alcuni esperti hanno previsto una ripresa a V<\/strong>, altri una U o W, e gli allarmisti una ripresa a L con un crollo senza recupero. <strong>Alla fine, la ripresa emergente sar\u00e0 a K<\/strong>. L&#8217;arresto volontario dell&#8217;economia \u00e8 simboleggiato dalla barra verticale e poi da questa barra partono 2 barre, una che sale, l&#8217;altra che scende.<\/p>\n<p>Questo significa che vedremo una polarizzazione delle tendenze:<strong> le aziende pi\u00f9 avanzate usciranno pi\u00f9 forti dalla crisi<\/strong> mentre altre non lo faranno.<\/p>\n<p>I pi\u00f9 forti, i pi\u00f9 agili, i meglio attrezzati per il futuro, si riprenderanno e addirittura beneficeranno della crisi. Possiamo vederlo, per esempio, con il settore tecnologico negli Stati Uniti. Gli altri, quelli che erano gi\u00e0 deboli prima della crisi, stanno affondando. Per alcuni temporaneamente e per altri permanentemente.<\/p>\n<p><strong>Allora perch\u00e9 questa polarizzazione?<\/strong> Perch\u00e9 alcune aziende usciranno pi\u00f9 forti dalla crisi? Qual \u00e8 la loro strategia?<\/p>\n<\/div><\/section><\/div>\n","protected":false},"excerpt":{"rendered":"<p>Vendita azienda Svizzera e Italia, trasferimento azienda Svizzera e Italia, vendita azienda Svizzera e Italia, acquisizione azienda Svizzera e Italia, vendita PMI Svizzera e Italia, vendita PMI Svizzera e Italia, successione PMI Svizzera e Italia, vendita azienda Svizzera e Italia, trovare un acquirente in Svizzera e in Italia<\/p>\n","protected":false},"author":2,"featured_media":22718,"parent":16506,"menu_order":1,"comment_status":"closed","ping_status":"closed","template":"","meta":{"footnotes":""},"class_list":["post-12093","page","type-page","status-publish","has-post-thumbnail","hentry"],"yoast_head":"<!-- This site is optimized with the Yoast SEO plugin v27.4 - https:\/\/yoast.com\/product\/yoast-seo-wordpress\/ -->\n<title>Scarica la guida strategica &quot;Come aumentare la crescita&quot;.<\/title>\n<meta name=\"description\" content=\"Scarica la guida strategica &quot;Come aumentare la crescita&quot;, sviluppo, concentrazione e acquisizione di aziende in Svizzera, Ticino e Italia\" \/>\n<meta name=\"robots\" content=\"index, follow, max-snippet:-1, max-image-preview:large, max-video-preview:-1\" \/>\n<link rel=\"canonical\" href=\"https:\/\/actoria.com\/ch-it\/sviluppare\/le-nostre-pubblicazioni-sullo-sviluppo\/scarica-la-guida-strategica-come-aumentare-la-crescita\/\" \/>\n<meta property=\"og:locale\" content=\"it_IT\" \/>\n<meta property=\"og:type\" content=\"article\" \/>\n<meta property=\"og:title\" content=\"Scarica la guida strategica &quot;Come aumentare la crescita&quot;.\" \/>\n<meta property=\"og:description\" content=\"Scarica la guida strategica &quot;Come aumentare la crescita&quot;, sviluppo, concentrazione e acquisizione di aziende in Svizzera, Ticino e Italia\" \/>\n<meta property=\"og:url\" content=\"https:\/\/actoria.com\/ch-it\/sviluppare\/le-nostre-pubblicazioni-sullo-sviluppo\/scarica-la-guida-strategica-come-aumentare-la-crescita\/\" \/>\n<meta property=\"og:site_name\" content=\"Trasferimento di azienda Svizzera, Ticino e Italia, Fusioni &amp; Acquisizioni Svizzera, Ticino e Italia, Sviluppo Strategico Svizzera, Ticino e Italia\" \/>\n<meta property=\"article:modified_time\" content=\"2022-08-16T13:55:24+00:00\" \/>\n<meta property=\"og:image\" content=\"https:\/\/actoria.com\/ch-it\/wp-content\/uploads\/2022\/08\/Book-steps-IT-1.png\" \/>\n\t<meta property=\"og:image:width\" content=\"1500\" \/>\n\t<meta property=\"og:image:height\" content=\"1383\" \/>\n\t<meta property=\"og:image:type\" content=\"image\/png\" \/>\n<meta name=\"twitter:card\" content=\"summary_large_image\" \/>\n<meta name=\"twitter:label1\" content=\"Tempo di lettura stimato\" \/>\n\t<meta name=\"twitter:data1\" content=\"2 minuti\" \/>\n<script type=\"application\/ld+json\" class=\"yoast-schema-graph\">{\"@context\":\"https:\\\/\\\/schema.org\",\"@graph\":[{\"@type\":\"Article\",\"@id\":\"https:\\\/\\\/actoria.com\\\/ch-it\\\/sviluppare\\\/le-nostre-pubblicazioni-sullo-sviluppo\\\/scarica-la-guida-strategica-come-aumentare-la-crescita\\\/#article\",\"isPartOf\":{\"@id\":\"https:\\\/\\\/actoria.com\\\/ch-it\\\/sviluppare\\\/le-nostre-pubblicazioni-sullo-sviluppo\\\/scarica-la-guida-strategica-come-aumentare-la-crescita\\\/\"},\"author\":{\"name\":\"fabrice\",\"@id\":\"https:\\\/\\\/actoria.com\\\/ch-it\\\/#\\\/schema\\\/person\\\/f49dd9d0c4e953ed3de3e3b44cd339ac\"},\"headline\":\"Scarica la guida strategica &#8220;Come accelerare la crescita&#8221;\",\"datePublished\":\"2020-10-22T13:26:56+00:00\",\"dateModified\":\"2022-08-16T13:55:24+00:00\",\"mainEntityOfPage\":{\"@id\":\"https:\\\/\\\/actoria.com\\\/ch-it\\\/sviluppare\\\/le-nostre-pubblicazioni-sullo-sviluppo\\\/scarica-la-guida-strategica-come-aumentare-la-crescita\\\/\"},\"wordCount\":525,\"publisher\":{\"@id\":\"https:\\\/\\\/actoria.com\\\/ch-it\\\/#organization\"},\"image\":{\"@id\":\"https:\\\/\\\/actoria.com\\\/ch-it\\\/sviluppare\\\/le-nostre-pubblicazioni-sullo-sviluppo\\\/scarica-la-guida-strategica-come-aumentare-la-crescita\\\/#primaryimage\"},\"thumbnailUrl\":\"https:\\\/\\\/actoria.com\\\/ch-it\\\/wp-content\\\/uploads\\\/2022\\\/08\\\/Book-steps-IT-1.png\",\"inLanguage\":\"it-IT\"},{\"@type\":\"WebPage\",\"@id\":\"https:\\\/\\\/actoria.com\\\/ch-it\\\/sviluppare\\\/le-nostre-pubblicazioni-sullo-sviluppo\\\/scarica-la-guida-strategica-come-aumentare-la-crescita\\\/\",\"url\":\"https:\\\/\\\/actoria.com\\\/ch-it\\\/sviluppare\\\/le-nostre-pubblicazioni-sullo-sviluppo\\\/scarica-la-guida-strategica-come-aumentare-la-crescita\\\/\",\"name\":\"Scarica la guida strategica \\\"Come aumentare la crescita\\\".\",\"isPartOf\":{\"@id\":\"https:\\\/\\\/actoria.com\\\/ch-it\\\/#website\"},\"primaryImageOfPage\":{\"@id\":\"https:\\\/\\\/actoria.com\\\/ch-it\\\/sviluppare\\\/le-nostre-pubblicazioni-sullo-sviluppo\\\/scarica-la-guida-strategica-come-aumentare-la-crescita\\\/#primaryimage\"},\"image\":{\"@id\":\"https:\\\/\\\/actoria.com\\\/ch-it\\\/sviluppare\\\/le-nostre-pubblicazioni-sullo-sviluppo\\\/scarica-la-guida-strategica-come-aumentare-la-crescita\\\/#primaryimage\"},\"thumbnailUrl\":\"https:\\\/\\\/actoria.com\\\/ch-it\\\/wp-content\\\/uploads\\\/2022\\\/08\\\/Book-steps-IT-1.png\",\"datePublished\":\"2020-10-22T13:26:56+00:00\",\"dateModified\":\"2022-08-16T13:55:24+00:00\",\"description\":\"Scarica la guida strategica \\\"Come aumentare la crescita\\\", sviluppo, concentrazione e acquisizione di aziende in Svizzera, Ticino e Italia\",\"breadcrumb\":{\"@id\":\"https:\\\/\\\/actoria.com\\\/ch-it\\\/sviluppare\\\/le-nostre-pubblicazioni-sullo-sviluppo\\\/scarica-la-guida-strategica-come-aumentare-la-crescita\\\/#breadcrumb\"},\"inLanguage\":\"it-IT\",\"potentialAction\":[{\"@type\":\"ReadAction\",\"target\":[\"https:\\\/\\\/actoria.com\\\/ch-it\\\/sviluppare\\\/le-nostre-pubblicazioni-sullo-sviluppo\\\/scarica-la-guida-strategica-come-aumentare-la-crescita\\\/\"]}]},{\"@type\":\"ImageObject\",\"inLanguage\":\"it-IT\",\"@id\":\"https:\\\/\\\/actoria.com\\\/ch-it\\\/sviluppare\\\/le-nostre-pubblicazioni-sullo-sviluppo\\\/scarica-la-guida-strategica-come-aumentare-la-crescita\\\/#primaryimage\",\"url\":\"https:\\\/\\\/actoria.com\\\/ch-it\\\/wp-content\\\/uploads\\\/2022\\\/08\\\/Book-steps-IT-1.png\",\"contentUrl\":\"https:\\\/\\\/actoria.com\\\/ch-it\\\/wp-content\\\/uploads\\\/2022\\\/08\\\/Book-steps-IT-1.png\",\"width\":1500,\"height\":1383,\"caption\":\"Ordina la Guida strategica per una trasmissione aziendale di successo, Ordina la Guida strategica per una trasmissione aziendale di successo, trasferimento, vendita di societ\u00e0 e azienda in Svizzera e Italia\"},{\"@type\":\"BreadcrumbList\",\"@id\":\"https:\\\/\\\/actoria.com\\\/ch-it\\\/sviluppare\\\/le-nostre-pubblicazioni-sullo-sviluppo\\\/scarica-la-guida-strategica-come-aumentare-la-crescita\\\/#breadcrumb\",\"itemListElement\":[{\"@type\":\"ListItem\",\"position\":1,\"name\":\"Home\",\"item\":\"https:\\\/\\\/actoria.com\\\/ch-it\\\/\"},{\"@type\":\"ListItem\",\"position\":2,\"name\":\"Sviluppare\",\"item\":\"https:\\\/\\\/actoria.com\\\/ch-it\\\/sviluppare\\\/\"},{\"@type\":\"ListItem\",\"position\":3,\"name\":\"Le nostre pubblicazioni sullo sviluppo\",\"item\":\"https:\\\/\\\/actoria.com\\\/ch-it\\\/sviluppare\\\/le-nostre-pubblicazioni-sullo-sviluppo\\\/\"},{\"@type\":\"ListItem\",\"position\":4,\"name\":\"Scarica la guida strategica &#8220;Come accelerare la crescita&#8221;\"}]},{\"@type\":\"WebSite\",\"@id\":\"https:\\\/\\\/actoria.com\\\/ch-it\\\/#website\",\"url\":\"https:\\\/\\\/actoria.com\\\/ch-it\\\/\",\"name\":\"Trasferimento di azienda Svizzera, Ticino e Italia, Fusioni & Acquisizioni Svizzera, Ticino e Italia, Sviluppo Strategico Svizzera, Ticino e Italia\",\"description\":\"Vendere la tua azienda, PMI in Belgio, Francia, Svizzera, Marocco, Tunisia, Lussemburgo, Italia\",\"publisher\":{\"@id\":\"https:\\\/\\\/actoria.com\\\/ch-it\\\/#organization\"},\"alternateName\":\"Trasferimento di societ\u00e0, sviluppo di societ\u00e0 in Tunisia, lo specialista in fusioni e acquisizioni in Tunisia dal 2002\",\"potentialAction\":[{\"@type\":\"SearchAction\",\"target\":{\"@type\":\"EntryPoint\",\"urlTemplate\":\"https:\\\/\\\/actoria.com\\\/ch-it\\\/?s={search_term_string}\"},\"query-input\":{\"@type\":\"PropertyValueSpecification\",\"valueRequired\":true,\"valueName\":\"search_term_string\"}}],\"inLanguage\":\"it-IT\"},{\"@type\":\"Organization\",\"@id\":\"https:\\\/\\\/actoria.com\\\/ch-it\\\/#organization\",\"name\":\"Actoria Svizzera, Ticico e Italia, Trasferimento di azienda Svizzera, Ticino e Italia, Fusioni & Acquisizioni Svizzera, Ticino e Italia, Sviluppo Strategico Svizzera, Ticino e Italia\",\"alternateName\":\"Vendere la tua azienda, PMI in Belgio, Francia, Svizzera, Marocco, Tunisia, Lussemburgo, Italia\",\"url\":\"https:\\\/\\\/actoria.com\\\/ch-it\\\/\",\"logo\":{\"@type\":\"ImageObject\",\"inLanguage\":\"it-IT\",\"@id\":\"https:\\\/\\\/actoria.com\\\/ch-it\\\/#\\\/schema\\\/logo\\\/image\\\/\",\"url\":\"https:\\\/\\\/actoria.com\\\/ch-it\\\/wp-content\\\/uploads\\\/2020\\\/12\\\/Logo-standard.bmp\",\"contentUrl\":\"https:\\\/\\\/actoria.com\\\/ch-it\\\/wp-content\\\/uploads\\\/2020\\\/12\\\/Logo-standard.bmp\",\"width\":566,\"height\":358,\"caption\":\"Actoria Svizzera, Ticico e Italia, Trasferimento di azienda Svizzera, Ticino e Italia, Fusioni & Acquisizioni Svizzera, Ticino e Italia, Sviluppo Strategico Svizzera, Ticino e Italia\"},\"image\":{\"@id\":\"https:\\\/\\\/actoria.com\\\/ch-it\\\/#\\\/schema\\\/logo\\\/image\\\/\"},\"sameAs\":[\"https:\\\/\\\/fr.linkedin.com\\\/company\\\/actoria-group_2\"]},{\"@type\":\"Person\",\"@id\":\"https:\\\/\\\/actoria.com\\\/ch-it\\\/#\\\/schema\\\/person\\\/f49dd9d0c4e953ed3de3e3b44cd339ac\",\"name\":\"fabrice\",\"url\":\"https:\\\/\\\/actoria.com\\\/ch-it\\\/author\\\/fabrice\\\/\"}]}<\/script>\n<!-- \/ Yoast SEO plugin. -->","yoast_head_json":{"title":"Scarica la guida strategica \"Come aumentare la crescita\".","description":"Scarica la guida strategica \"Come aumentare la crescita\", sviluppo, concentrazione e acquisizione di aziende in Svizzera, Ticino e Italia","robots":{"index":"index","follow":"follow","max-snippet":"max-snippet:-1","max-image-preview":"max-image-preview:large","max-video-preview":"max-video-preview:-1"},"canonical":"https:\/\/actoria.com\/ch-it\/sviluppare\/le-nostre-pubblicazioni-sullo-sviluppo\/scarica-la-guida-strategica-come-aumentare-la-crescita\/","og_locale":"it_IT","og_type":"article","og_title":"Scarica la guida strategica \"Come aumentare la crescita\".","og_description":"Scarica la guida strategica \"Come aumentare la crescita\", sviluppo, concentrazione e acquisizione di aziende in Svizzera, Ticino e Italia","og_url":"https:\/\/actoria.com\/ch-it\/sviluppare\/le-nostre-pubblicazioni-sullo-sviluppo\/scarica-la-guida-strategica-come-aumentare-la-crescita\/","og_site_name":"Trasferimento di azienda Svizzera, Ticino e Italia, Fusioni &amp; Acquisizioni Svizzera, Ticino e Italia, Sviluppo Strategico Svizzera, Ticino e Italia","article_modified_time":"2022-08-16T13:55:24+00:00","og_image":[{"width":1500,"height":1383,"url":"https:\/\/actoria.com\/ch-it\/wp-content\/uploads\/2022\/08\/Book-steps-IT-1.png","type":"image\/png"}],"twitter_card":"summary_large_image","twitter_misc":{"Tempo di lettura stimato":"2 minuti"},"schema":{"@context":"https:\/\/schema.org","@graph":[{"@type":"Article","@id":"https:\/\/actoria.com\/ch-it\/sviluppare\/le-nostre-pubblicazioni-sullo-sviluppo\/scarica-la-guida-strategica-come-aumentare-la-crescita\/#article","isPartOf":{"@id":"https:\/\/actoria.com\/ch-it\/sviluppare\/le-nostre-pubblicazioni-sullo-sviluppo\/scarica-la-guida-strategica-come-aumentare-la-crescita\/"},"author":{"name":"fabrice","@id":"https:\/\/actoria.com\/ch-it\/#\/schema\/person\/f49dd9d0c4e953ed3de3e3b44cd339ac"},"headline":"Scarica la guida strategica &#8220;Come accelerare la crescita&#8221;","datePublished":"2020-10-22T13:26:56+00:00","dateModified":"2022-08-16T13:55:24+00:00","mainEntityOfPage":{"@id":"https:\/\/actoria.com\/ch-it\/sviluppare\/le-nostre-pubblicazioni-sullo-sviluppo\/scarica-la-guida-strategica-come-aumentare-la-crescita\/"},"wordCount":525,"publisher":{"@id":"https:\/\/actoria.com\/ch-it\/#organization"},"image":{"@id":"https:\/\/actoria.com\/ch-it\/sviluppare\/le-nostre-pubblicazioni-sullo-sviluppo\/scarica-la-guida-strategica-come-aumentare-la-crescita\/#primaryimage"},"thumbnailUrl":"https:\/\/actoria.com\/ch-it\/wp-content\/uploads\/2022\/08\/Book-steps-IT-1.png","inLanguage":"it-IT"},{"@type":"WebPage","@id":"https:\/\/actoria.com\/ch-it\/sviluppare\/le-nostre-pubblicazioni-sullo-sviluppo\/scarica-la-guida-strategica-come-aumentare-la-crescita\/","url":"https:\/\/actoria.com\/ch-it\/sviluppare\/le-nostre-pubblicazioni-sullo-sviluppo\/scarica-la-guida-strategica-come-aumentare-la-crescita\/","name":"Scarica la guida strategica \"Come aumentare la crescita\".","isPartOf":{"@id":"https:\/\/actoria.com\/ch-it\/#website"},"primaryImageOfPage":{"@id":"https:\/\/actoria.com\/ch-it\/sviluppare\/le-nostre-pubblicazioni-sullo-sviluppo\/scarica-la-guida-strategica-come-aumentare-la-crescita\/#primaryimage"},"image":{"@id":"https:\/\/actoria.com\/ch-it\/sviluppare\/le-nostre-pubblicazioni-sullo-sviluppo\/scarica-la-guida-strategica-come-aumentare-la-crescita\/#primaryimage"},"thumbnailUrl":"https:\/\/actoria.com\/ch-it\/wp-content\/uploads\/2022\/08\/Book-steps-IT-1.png","datePublished":"2020-10-22T13:26:56+00:00","dateModified":"2022-08-16T13:55:24+00:00","description":"Scarica la guida strategica \"Come aumentare la crescita\", sviluppo, concentrazione e acquisizione di aziende in Svizzera, Ticino e Italia","breadcrumb":{"@id":"https:\/\/actoria.com\/ch-it\/sviluppare\/le-nostre-pubblicazioni-sullo-sviluppo\/scarica-la-guida-strategica-come-aumentare-la-crescita\/#breadcrumb"},"inLanguage":"it-IT","potentialAction":[{"@type":"ReadAction","target":["https:\/\/actoria.com\/ch-it\/sviluppare\/le-nostre-pubblicazioni-sullo-sviluppo\/scarica-la-guida-strategica-come-aumentare-la-crescita\/"]}]},{"@type":"ImageObject","inLanguage":"it-IT","@id":"https:\/\/actoria.com\/ch-it\/sviluppare\/le-nostre-pubblicazioni-sullo-sviluppo\/scarica-la-guida-strategica-come-aumentare-la-crescita\/#primaryimage","url":"https:\/\/actoria.com\/ch-it\/wp-content\/uploads\/2022\/08\/Book-steps-IT-1.png","contentUrl":"https:\/\/actoria.com\/ch-it\/wp-content\/uploads\/2022\/08\/Book-steps-IT-1.png","width":1500,"height":1383,"caption":"Ordina la Guida strategica per una trasmissione aziendale di successo, Ordina la Guida strategica per una trasmissione aziendale di successo, trasferimento, vendita di societ\u00e0 e azienda in Svizzera e Italia"},{"@type":"BreadcrumbList","@id":"https:\/\/actoria.com\/ch-it\/sviluppare\/le-nostre-pubblicazioni-sullo-sviluppo\/scarica-la-guida-strategica-come-aumentare-la-crescita\/#breadcrumb","itemListElement":[{"@type":"ListItem","position":1,"name":"Home","item":"https:\/\/actoria.com\/ch-it\/"},{"@type":"ListItem","position":2,"name":"Sviluppare","item":"https:\/\/actoria.com\/ch-it\/sviluppare\/"},{"@type":"ListItem","position":3,"name":"Le nostre pubblicazioni sullo sviluppo","item":"https:\/\/actoria.com\/ch-it\/sviluppare\/le-nostre-pubblicazioni-sullo-sviluppo\/"},{"@type":"ListItem","position":4,"name":"Scarica la guida strategica &#8220;Come accelerare la crescita&#8221;"}]},{"@type":"WebSite","@id":"https:\/\/actoria.com\/ch-it\/#website","url":"https:\/\/actoria.com\/ch-it\/","name":"Trasferimento di azienda Svizzera, Ticino e Italia, Fusioni & Acquisizioni Svizzera, Ticino e Italia, Sviluppo Strategico Svizzera, Ticino e Italia","description":"Vendere la tua azienda, PMI in Belgio, Francia, Svizzera, Marocco, Tunisia, Lussemburgo, Italia","publisher":{"@id":"https:\/\/actoria.com\/ch-it\/#organization"},"alternateName":"Trasferimento di societ\u00e0, sviluppo di societ\u00e0 in Tunisia, lo specialista in fusioni e acquisizioni in Tunisia dal 2002","potentialAction":[{"@type":"SearchAction","target":{"@type":"EntryPoint","urlTemplate":"https:\/\/actoria.com\/ch-it\/?s={search_term_string}"},"query-input":{"@type":"PropertyValueSpecification","valueRequired":true,"valueName":"search_term_string"}}],"inLanguage":"it-IT"},{"@type":"Organization","@id":"https:\/\/actoria.com\/ch-it\/#organization","name":"Actoria Svizzera, Ticico e Italia, Trasferimento di azienda Svizzera, Ticino e Italia, Fusioni & Acquisizioni Svizzera, Ticino e Italia, Sviluppo Strategico Svizzera, Ticino e Italia","alternateName":"Vendere la tua azienda, PMI in Belgio, Francia, Svizzera, Marocco, Tunisia, Lussemburgo, Italia","url":"https:\/\/actoria.com\/ch-it\/","logo":{"@type":"ImageObject","inLanguage":"it-IT","@id":"https:\/\/actoria.com\/ch-it\/#\/schema\/logo\/image\/","url":"https:\/\/actoria.com\/ch-it\/wp-content\/uploads\/2020\/12\/Logo-standard.bmp","contentUrl":"https:\/\/actoria.com\/ch-it\/wp-content\/uploads\/2020\/12\/Logo-standard.bmp","width":566,"height":358,"caption":"Actoria Svizzera, Ticico e Italia, Trasferimento di azienda Svizzera, Ticino e Italia, Fusioni & Acquisizioni Svizzera, Ticino e Italia, Sviluppo Strategico Svizzera, Ticino e Italia"},"image":{"@id":"https:\/\/actoria.com\/ch-it\/#\/schema\/logo\/image\/"},"sameAs":["https:\/\/fr.linkedin.com\/company\/actoria-group_2"]},{"@type":"Person","@id":"https:\/\/actoria.com\/ch-it\/#\/schema\/person\/f49dd9d0c4e953ed3de3e3b44cd339ac","name":"fabrice","url":"https:\/\/actoria.com\/ch-it\/author\/fabrice\/"}]}},"_links":{"self":[{"href":"https:\/\/actoria.com\/ch-it\/wp-json\/wp\/v2\/pages\/12093","targetHints":{"allow":["GET"]}}],"collection":[{"href":"https:\/\/actoria.com\/ch-it\/wp-json\/wp\/v2\/pages"}],"about":[{"href":"https:\/\/actoria.com\/ch-it\/wp-json\/wp\/v2\/types\/page"}],"author":[{"embeddable":true,"href":"https:\/\/actoria.com\/ch-it\/wp-json\/wp\/v2\/users\/2"}],"replies":[{"embeddable":true,"href":"https:\/\/actoria.com\/ch-it\/wp-json\/wp\/v2\/comments?post=12093"}],"version-history":[{"count":0,"href":"https:\/\/actoria.com\/ch-it\/wp-json\/wp\/v2\/pages\/12093\/revisions"}],"up":[{"embeddable":true,"href":"https:\/\/actoria.com\/ch-it\/wp-json\/wp\/v2\/pages\/16506"}],"wp:featuredmedia":[{"embeddable":true,"href":"https:\/\/actoria.com\/ch-it\/wp-json\/wp\/v2\/media\/22718"}],"wp:attachment":[{"href":"https:\/\/actoria.com\/ch-it\/wp-json\/wp\/v2\/media?parent=12093"}],"curies":[{"name":"wp","href":"https:\/\/api.w.org\/{rel}","templated":true}]}}