{"id":12420,"date":"2021-01-04T19:07:35","date_gmt":"2021-01-04T19:07:35","guid":{"rendered":"https:\/\/actoria.com\/ch-it\/\/?page_id=12420"},"modified":"2022-08-12T17:43:20","modified_gmt":"2022-08-12T15:43:20","slug":"servizi-finanziari-e-fintech","status":"publish","type":"page","link":"https:\/\/actoria.com\/ch-it\/servizi\/settori\/servizi-finanziari-e-fintech\/","title":{"rendered":"Servizi finanziari e Fintech"},"content":{"rendered":"<div id='av_section_1'  class='avia-section main_color avia-section-default avia-no-border-styling  avia-full-stretch avia-bg-style-fixed  avia-builder-el-0  el_before_av_one_full  avia-builder-el-first  header_page_section_title_wrapper  av-arrow-down-section av-minimum-height av-minimum-height-custom  container_wrap sidebar_right' style='background-repeat: no-repeat; background-image: url(https:\/\/actoria.com\/ch-it\/wp-content\/uploads\/2021\/11\/shutterstock-1-28-1500x1000.jpg);background-attachment: fixed; background-position: center center;  '  data-section-bg-repeat='stretch'><div class='container' style='height:660px'><main  role=\"main\" itemprop=\"mainContentOfPage\"  class='template-page content  av-content-small alpha units'><div class='post-entry post-entry-type-page post-entry-12420'><div class='entry-content-wrapper clearfix'>\n<div class='flex_column_table av-equal-height-column-flextable -flextable' ><div class=\"flex_column av_one_full  flex_column_table_cell av-equal-height-column av-align-bottom av-zero-column-padding first  avia-builder-el-1  avia-builder-el-no-sibling  header_page_section_title \" style='border-radius:0px; ' id=\"header_page_section_title\" ><p><br \/>\n<div  style='padding-bottom:5px; margin:0 0 0 0; color:#ffffff;' class='av-special-heading av-special-heading-h1 custom-color-heading   avia-builder-el-3  el_after_av_codeblock  avia-builder-el-last  '><h1 class='av-special-heading-tag '  itemprop=\"headline\"  >Settori finanziari in Svizzera<\/h1><div class='special-heading-border'><div class='special-heading-inner-border' style='border-color:#ffffff'><\/div><\/div><\/div><\/p><\/div><\/div><!--close column table wrapper. Autoclose: 1 --><\/div><\/div><\/main><!-- close content main element --><\/div><div class='av-extra-border-element border-extra-arrow-down'><div class='av-extra-border-outer'><div class='av-extra-border-inner'  style='background-color:#ffffff;' ><\/div><\/div><\/div><\/div><div id='after_section_1'  class='main_color av_default_container_wrap container_wrap sidebar_right' style=' '  ><div class='container' ><div class='template-page content  av-content-small alpha units'><div class='post-entry post-entry-type-page post-entry-12420'><div class='entry-content-wrapper clearfix'><div class=\"flex_column av_one_full  flex_column_div av-zero-column-padding first  avia-builder-el-4  el_after_av_section  avia-builder-el-no-sibling  \" style='border-radius:0px; '><section class=\"av_textblock_section \"  itemscope=\"itemscope\" itemtype=\"https:\/\/schema.org\/CreativeWork\" ><div class='avia_textblock  '   itemprop=\"text\" ><div id=\"attachment_18427\" style=\"width: 310px\" class=\"wp-caption alignleft\"><img loading=\"lazy\" decoding=\"async\" aria-describedby=\"caption-attachment-18427\" class=\"wp-image-18427 size-medium\" title=\"Servizi finanziari e Fintech, Servizi finanziari e Fintech, trasferimento, vendita di societ\u00e0 e azienda in Svizzera e Italia\" src=\"https:\/\/actoria.com\/ch-it\/wp-content\/uploads\/2021\/12\/shutterstock-1-27-300x221.jpg\" alt=\"Servizi finanziari e Fintech, Servizi finanziari e Fintech, trasferimento, vendita di societ\u00e0 e azienda in Svizzera e Italia\" width=\"300\" height=\"221\" srcset=\"https:\/\/actoria.com\/ch-it\/wp-content\/uploads\/2021\/12\/shutterstock-1-27-300x221.jpg 300w, https:\/\/actoria.com\/ch-it\/wp-content\/uploads\/2021\/12\/shutterstock-1-27-1030x758.jpg 1030w, https:\/\/actoria.com\/ch-it\/wp-content\/uploads\/2021\/12\/shutterstock-1-27-768x565.jpg 768w, https:\/\/actoria.com\/ch-it\/wp-content\/uploads\/2021\/12\/shutterstock-1-27-1536x1130.jpg 1536w, https:\/\/actoria.com\/ch-it\/wp-content\/uploads\/2021\/12\/shutterstock-1-27-2048x1507.jpg 2048w, https:\/\/actoria.com\/ch-it\/wp-content\/uploads\/2021\/12\/shutterstock-1-27-1500x1103.jpg 1500w, https:\/\/actoria.com\/ch-it\/wp-content\/uploads\/2021\/12\/shutterstock-1-27-705x519.jpg 705w\" sizes=\"auto, (max-width: 300px) 100vw, 300px\" \/><p id=\"caption-attachment-18427\" class=\"wp-caption-text\">Servizi finanziari e Fintech, trasferimento d&#8217;affari in Svizzera<\/p><\/div>\n<p>Con la digitalizzazione, i servizi finanziari in Svizzera stanno vivendo un grande cambiamento e il futuro \u00e8 luminoso.<\/p>\n<p>I nostri esperti di servizi finanziari in Svizzera possono aiutarvi nelle seguenti aree<\/p>\n<ul>\n<li>regolamento<\/li>\n<li>gestione del rischio<\/li>\n<li>trasformazione<\/li>\n<li>crescita delle entrate<\/li>\n<li>ritenzione del cliente<\/li>\n<li>gestione dei dati<\/li>\n<li>indagine di fallimento\/frode.<\/li>\n<\/ul>\n<h2>Gestione patrimoniale in Svizzera<\/h2>\n<p>La crescente regolamentazione e le richieste di performance e trasparenza da parte degli investitori hanno portato nuove sfide all&#8217;industria della gestione patrimoniale.<\/p>\n<p>In questo nuovo mondo, le organizzazioni con l&#8217;agilit\u00e0 operativa e la solida infrastruttura per affrontare il cambiamento e l&#8217;innovazione possono massimizzare le opportunit\u00e0.<\/p>\n<p>In Actoria, forniamo l&#8217;esperienza e il supporto di cui l&#8217;industria della gestione patrimoniale ha bisogno per prosperare nell&#8217;attuale mercato in rapido cambiamento.<\/p>\n<p>I nostri team di gestione patrimoniale in Svizzera offrono una vasta gamma di servizi, compresa la collaborazione con voi:<\/p>\n<ul>\n<li>innovazione e cambiamento per massimizzare la vostra efficienza operativa;<\/li>\n<li>integrare la conformit\u00e0 e la regolamentazione nel vostro business;<\/li>\n<li>comprensione e modellizzazione dei rischi interni ed esterni;<\/li>\n<li>soddisfare i requisiti degli stakeholder e della legislazione per un audit solido e indipendente;<\/li>\n<li>stabilire e gestire un&#8217;efficace struttura fiscale internazionale;<\/li>\n<li>comprendere le implicazioni delle strategie digitali e informatiche.<\/li>\n<\/ul>\n<p>Il team globale di Actoria che si occupa di banche e titoli \u00e8 composto da manager nazionali, regionali e di linee di servizio con esperienza nel supportare i clienti in oltre 6 paesi.<\/p>\n<p>Con il nostro team di specialisti, siamo nella posizione ideale per sostenervi nel vostro percorso di crescita. Possiamo offrirvi soluzioni significative e mirate per questioni operative e transazionali, contenziosi e gestione.<\/p>\n<p>Oltre a lavorare con clienti leader in tutto il mondo, collaboriamo con la Banca Mondiale e fungiamo da agente di controllo per diversi regolatori regionali.<\/p>\n<p>Le nostre soluzioni in Svizzera sono fatte su misura per le vostre esigenze specifiche e i nostri team hanno un unico obiettivo: sbloccare il vostro potenziale di crescita.<\/p>\n<p>Per saperne di pi\u00f9 sulle nostre soluzioni per banche e titoli, contattate Paul McCann, il nostro leader europeo in questo campo.<\/p>\n<h2>Assicurazione in Svizzera<\/h2>\n<p>In un mercato in cui le aziende operano con una prospettiva di 30 anni, il cambiamento \u00e8 raramente drammatico o improvviso. Eppure non c&#8217;\u00e8 dubbio che un cambiamento significativo \u00e8 in corso nel settore assicurativo.<\/p>\n<p>Mentre gli assicuratori osservano le tendenze dirompenti che rimodellano molti settori, hanno ragione di chiedersi se vedranno lo stesso nel loro settore. La risposta \u00e8 quasi certamente &#8220;s\u00ec&#8221;, anche se il ritmo del cambiamento sar\u00e0 pi\u00f9 lento che altrove.<\/p>\n<p>In questo contesto, gli assicuratori devono essere attenti alle sfide future. Ci sono nuove opportunit\u00e0 nelle economie emergenti, dove il PIL pro capite e la spesa assicurativa stanno aumentando. Anche i big data sono promettenti, perch\u00e9 danno agli assicuratori un nuovo strumento per valutare il rischio e migliorare la redditivit\u00e0.<\/p>\n<p>Ma queste opportunit\u00e0 vengono contro un contesto di regolamentazione pi\u00f9 stretta, la necessit\u00e0 di investire pesantemente nella tecnologia e un declino generale della redditivit\u00e0.<\/p>\n<p>Comprendiamo che ogni azienda ha obiettivi unici e affronta una serie di sfide diverse. Le nostre soluzioni soddisfano le vostre esigenze.<\/p>\n<ul>\n<li>Garantire la conformit\u00e0 normativa, risolvere i casi di non conformit\u00e0 e integrarsi nelle operazioni.<\/li>\n<li>Modellazione del rischio e monitoraggio dell&#8217;esposizione.<\/li>\n<li>Trasformazione operativa e finanziaria per ridurre i costi, migliorare l&#8217;efficienza e aumentare le entrate.<\/li>\n<li>Gestione dei dati e modellazione.<\/li>\n<li>Conformit\u00e0 con i requisiti normativi, fiduciari e di audit degli stakeholder<br \/>\nidentificazione, gestione e risoluzione delle frodi.<\/li>\n<li>Implementazione di strutture fiscali internazionali convenienti ed efficienti.<\/li>\n<\/ul>\n<\/div><\/section><\/div><\/p>\n","protected":false},"excerpt":{"rendered":"<p>Vendita azienda Svizzera e Italia, trasferimento azienda Svizzera e Italia, vendita azienda Svizzera e Italia, acquisizione azienda Svizzera e Italia, vendita PMI Svizzera e Italia, vendita PMI Svizzera e Italia, successione PMI Svizzera e Italia, vendita azienda Svizzera e Italia, trovare un acquirente in Svizzera e in Italia<\/p>\n","protected":false},"author":2,"featured_media":22660,"parent":10521,"menu_order":0,"comment_status":"closed","ping_status":"closed","template":"","meta":{"footnotes":""},"class_list":["post-12420","page","type-page","status-publish","has-post-thumbnail","hentry"],"yoast_head":"<!-- This site is optimized with the Yoast SEO plugin v27.4 - https:\/\/yoast.com\/product\/yoast-seo-wordpress\/ -->\n<title>Servizi finanziari e Fintech<\/title>\n<meta name=\"description\" content=\"Servizi finanziari, banche e finanza, fintech, servizi economici forniti dal settore finanziario, vendita o trasferimento di attivit\u00e0 in Svizzera, Ticino e Italia\" \/>\n<meta name=\"robots\" content=\"index, follow, max-snippet:-1, max-image-preview:large, max-video-preview:-1\" \/>\n<link rel=\"canonical\" href=\"https:\/\/actoria.com\/ch-it\/servizi\/settori\/servizi-finanziari-e-fintech\/\" \/>\n<meta property=\"og:locale\" content=\"it_IT\" \/>\n<meta property=\"og:type\" content=\"article\" \/>\n<meta property=\"og:title\" content=\"Servizi finanziari e Fintech\" \/>\n<meta property=\"og:description\" content=\"Servizi finanziari, banche e finanza, fintech, servizi economici forniti dal settore finanziario, vendita o trasferimento di attivit\u00e0 in Svizzera, Ticino e Italia\" \/>\n<meta property=\"og:url\" content=\"https:\/\/actoria.com\/ch-it\/servizi\/settori\/servizi-finanziari-e-fintech\/\" \/>\n<meta property=\"og:site_name\" content=\"Trasferimento di azienda Svizzera, Ticino e Italia, Fusioni &amp; Acquisizioni Svizzera, Ticino e Italia, Sviluppo Strategico Svizzera, Ticino e Italia\" \/>\n<meta property=\"article:modified_time\" content=\"2022-08-12T15:43:20+00:00\" \/>\n<meta property=\"og:image\" content=\"https:\/\/actoria.com\/ch-it\/wp-content\/uploads\/2022\/08\/shutterstock-.jpg\" \/>\n\t<meta property=\"og:image:width\" content=\"2400\" \/>\n\t<meta property=\"og:image:height\" content=\"1600\" \/>\n\t<meta property=\"og:image:type\" content=\"image\/jpeg\" \/>\n<meta name=\"twitter:card\" content=\"summary_large_image\" \/>\n<meta name=\"twitter:label1\" content=\"Tempo di lettura stimato\" \/>\n\t<meta name=\"twitter:data1\" content=\"5 minuti\" \/>\n<script type=\"application\/ld+json\" class=\"yoast-schema-graph\">{\"@context\":\"https:\\\/\\\/schema.org\",\"@graph\":[{\"@type\":\"Article\",\"@id\":\"https:\\\/\\\/actoria.com\\\/ch-it\\\/servizi\\\/settori\\\/servizi-finanziari-e-fintech\\\/#article\",\"isPartOf\":{\"@id\":\"https:\\\/\\\/actoria.com\\\/ch-it\\\/servizi\\\/settori\\\/servizi-finanziari-e-fintech\\\/\"},\"author\":{\"name\":\"fabrice\",\"@id\":\"https:\\\/\\\/actoria.com\\\/ch-it\\\/#\\\/schema\\\/person\\\/f49dd9d0c4e953ed3de3e3b44cd339ac\"},\"headline\":\"Servizi finanziari e Fintech\",\"datePublished\":\"2021-01-04T19:07:35+00:00\",\"dateModified\":\"2022-08-12T15:43:20+00:00\",\"mainEntityOfPage\":{\"@id\":\"https:\\\/\\\/actoria.com\\\/ch-it\\\/servizi\\\/settori\\\/servizi-finanziari-e-fintech\\\/\"},\"wordCount\":978,\"publisher\":{\"@id\":\"https:\\\/\\\/actoria.com\\\/ch-it\\\/#organization\"},\"image\":{\"@id\":\"https:\\\/\\\/actoria.com\\\/ch-it\\\/servizi\\\/settori\\\/servizi-finanziari-e-fintech\\\/#primaryimage\"},\"thumbnailUrl\":\"https:\\\/\\\/actoria.com\\\/ch-it\\\/wp-content\\\/uploads\\\/2022\\\/08\\\/shutterstock-.jpg\",\"inLanguage\":\"it-IT\"},{\"@type\":\"WebPage\",\"@id\":\"https:\\\/\\\/actoria.com\\\/ch-it\\\/servizi\\\/settori\\\/servizi-finanziari-e-fintech\\\/\",\"url\":\"https:\\\/\\\/actoria.com\\\/ch-it\\\/servizi\\\/settori\\\/servizi-finanziari-e-fintech\\\/\",\"name\":\"Servizi finanziari e Fintech\",\"isPartOf\":{\"@id\":\"https:\\\/\\\/actoria.com\\\/ch-it\\\/#website\"},\"primaryImageOfPage\":{\"@id\":\"https:\\\/\\\/actoria.com\\\/ch-it\\\/servizi\\\/settori\\\/servizi-finanziari-e-fintech\\\/#primaryimage\"},\"image\":{\"@id\":\"https:\\\/\\\/actoria.com\\\/ch-it\\\/servizi\\\/settori\\\/servizi-finanziari-e-fintech\\\/#primaryimage\"},\"thumbnailUrl\":\"https:\\\/\\\/actoria.com\\\/ch-it\\\/wp-content\\\/uploads\\\/2022\\\/08\\\/shutterstock-.jpg\",\"datePublished\":\"2021-01-04T19:07:35+00:00\",\"dateModified\":\"2022-08-12T15:43:20+00:00\",\"description\":\"Servizi finanziari, banche e finanza, fintech, servizi economici forniti dal settore finanziario, vendita o trasferimento di attivit\u00e0 in Svizzera, Ticino e Italia\",\"breadcrumb\":{\"@id\":\"https:\\\/\\\/actoria.com\\\/ch-it\\\/servizi\\\/settori\\\/servizi-finanziari-e-fintech\\\/#breadcrumb\"},\"inLanguage\":\"it-IT\",\"potentialAction\":[{\"@type\":\"ReadAction\",\"target\":[\"https:\\\/\\\/actoria.com\\\/ch-it\\\/servizi\\\/settori\\\/servizi-finanziari-e-fintech\\\/\"]}]},{\"@type\":\"ImageObject\",\"inLanguage\":\"it-IT\",\"@id\":\"https:\\\/\\\/actoria.com\\\/ch-it\\\/servizi\\\/settori\\\/servizi-finanziari-e-fintech\\\/#primaryimage\",\"url\":\"https:\\\/\\\/actoria.com\\\/ch-it\\\/wp-content\\\/uploads\\\/2022\\\/08\\\/shutterstock-.jpg\",\"contentUrl\":\"https:\\\/\\\/actoria.com\\\/ch-it\\\/wp-content\\\/uploads\\\/2022\\\/08\\\/shutterstock-.jpg\",\"width\":2400,\"height\":1600,\"caption\":\"Il blog sulle fusioni e acquisizioni, Il blog sulle fusioni e acquisizioni, trasferimento, vendita di societ\u00e0 e azienda in Svizzera e Italia\"},{\"@type\":\"BreadcrumbList\",\"@id\":\"https:\\\/\\\/actoria.com\\\/ch-it\\\/servizi\\\/settori\\\/servizi-finanziari-e-fintech\\\/#breadcrumb\",\"itemListElement\":[{\"@type\":\"ListItem\",\"position\":1,\"name\":\"Home\",\"item\":\"https:\\\/\\\/actoria.com\\\/ch-it\\\/\"},{\"@type\":\"ListItem\",\"position\":2,\"name\":\"Servizi\",\"item\":\"https:\\\/\\\/actoria.com\\\/ch-it\\\/servizi\\\/\"},{\"@type\":\"ListItem\",\"position\":3,\"name\":\"Settori\",\"item\":\"https:\\\/\\\/actoria.com\\\/ch-it\\\/servizi\\\/settori\\\/\"},{\"@type\":\"ListItem\",\"position\":4,\"name\":\"Servizi finanziari e Fintech\"}]},{\"@type\":\"WebSite\",\"@id\":\"https:\\\/\\\/actoria.com\\\/ch-it\\\/#website\",\"url\":\"https:\\\/\\\/actoria.com\\\/ch-it\\\/\",\"name\":\"Trasferimento di azienda Svizzera, Ticino e Italia, Fusioni & Acquisizioni Svizzera, Ticino e Italia, Sviluppo Strategico Svizzera, Ticino e Italia\",\"description\":\"Vendere la tua azienda, PMI in Belgio, Francia, Svizzera, Marocco, Tunisia, Lussemburgo, Italia\",\"publisher\":{\"@id\":\"https:\\\/\\\/actoria.com\\\/ch-it\\\/#organization\"},\"alternateName\":\"Trasferimento di societ\u00e0, sviluppo di societ\u00e0 in Tunisia, lo specialista in fusioni e acquisizioni in Tunisia dal 2002\",\"potentialAction\":[{\"@type\":\"SearchAction\",\"target\":{\"@type\":\"EntryPoint\",\"urlTemplate\":\"https:\\\/\\\/actoria.com\\\/ch-it\\\/?s={search_term_string}\"},\"query-input\":{\"@type\":\"PropertyValueSpecification\",\"valueRequired\":true,\"valueName\":\"search_term_string\"}}],\"inLanguage\":\"it-IT\"},{\"@type\":\"Organization\",\"@id\":\"https:\\\/\\\/actoria.com\\\/ch-it\\\/#organization\",\"name\":\"Actoria Svizzera, Ticico e Italia, Trasferimento di azienda Svizzera, Ticino e Italia, Fusioni & Acquisizioni Svizzera, Ticino e Italia, Sviluppo Strategico Svizzera, Ticino e Italia\",\"alternateName\":\"Vendere la tua azienda, PMI in Belgio, Francia, Svizzera, Marocco, Tunisia, Lussemburgo, Italia\",\"url\":\"https:\\\/\\\/actoria.com\\\/ch-it\\\/\",\"logo\":{\"@type\":\"ImageObject\",\"inLanguage\":\"it-IT\",\"@id\":\"https:\\\/\\\/actoria.com\\\/ch-it\\\/#\\\/schema\\\/logo\\\/image\\\/\",\"url\":\"https:\\\/\\\/actoria.com\\\/ch-it\\\/wp-content\\\/uploads\\\/2020\\\/12\\\/Logo-standard.bmp\",\"contentUrl\":\"https:\\\/\\\/actoria.com\\\/ch-it\\\/wp-content\\\/uploads\\\/2020\\\/12\\\/Logo-standard.bmp\",\"width\":566,\"height\":358,\"caption\":\"Actoria Svizzera, Ticico e Italia, Trasferimento di azienda Svizzera, Ticino e Italia, Fusioni & Acquisizioni Svizzera, Ticino e Italia, Sviluppo Strategico Svizzera, Ticino e Italia\"},\"image\":{\"@id\":\"https:\\\/\\\/actoria.com\\\/ch-it\\\/#\\\/schema\\\/logo\\\/image\\\/\"},\"sameAs\":[\"https:\\\/\\\/fr.linkedin.com\\\/company\\\/actoria-group_2\"]},{\"@type\":\"Person\",\"@id\":\"https:\\\/\\\/actoria.com\\\/ch-it\\\/#\\\/schema\\\/person\\\/f49dd9d0c4e953ed3de3e3b44cd339ac\",\"name\":\"fabrice\",\"url\":\"https:\\\/\\\/actoria.com\\\/ch-it\\\/author\\\/fabrice\\\/\"}]}<\/script>\n<!-- \/ Yoast SEO plugin. -->","yoast_head_json":{"title":"Servizi finanziari e Fintech","description":"Servizi finanziari, banche e finanza, fintech, servizi economici forniti dal settore finanziario, vendita o trasferimento di attivit\u00e0 in Svizzera, Ticino e Italia","robots":{"index":"index","follow":"follow","max-snippet":"max-snippet:-1","max-image-preview":"max-image-preview:large","max-video-preview":"max-video-preview:-1"},"canonical":"https:\/\/actoria.com\/ch-it\/servizi\/settori\/servizi-finanziari-e-fintech\/","og_locale":"it_IT","og_type":"article","og_title":"Servizi finanziari e Fintech","og_description":"Servizi finanziari, banche e finanza, fintech, servizi economici forniti dal settore finanziario, vendita o trasferimento di attivit\u00e0 in Svizzera, Ticino e Italia","og_url":"https:\/\/actoria.com\/ch-it\/servizi\/settori\/servizi-finanziari-e-fintech\/","og_site_name":"Trasferimento di azienda Svizzera, Ticino e Italia, Fusioni &amp; Acquisizioni Svizzera, Ticino e Italia, Sviluppo Strategico Svizzera, Ticino e Italia","article_modified_time":"2022-08-12T15:43:20+00:00","og_image":[{"width":2400,"height":1600,"url":"https:\/\/actoria.com\/ch-it\/wp-content\/uploads\/2022\/08\/shutterstock-.jpg","type":"image\/jpeg"}],"twitter_card":"summary_large_image","twitter_misc":{"Tempo di lettura stimato":"5 minuti"},"schema":{"@context":"https:\/\/schema.org","@graph":[{"@type":"Article","@id":"https:\/\/actoria.com\/ch-it\/servizi\/settori\/servizi-finanziari-e-fintech\/#article","isPartOf":{"@id":"https:\/\/actoria.com\/ch-it\/servizi\/settori\/servizi-finanziari-e-fintech\/"},"author":{"name":"fabrice","@id":"https:\/\/actoria.com\/ch-it\/#\/schema\/person\/f49dd9d0c4e953ed3de3e3b44cd339ac"},"headline":"Servizi finanziari e Fintech","datePublished":"2021-01-04T19:07:35+00:00","dateModified":"2022-08-12T15:43:20+00:00","mainEntityOfPage":{"@id":"https:\/\/actoria.com\/ch-it\/servizi\/settori\/servizi-finanziari-e-fintech\/"},"wordCount":978,"publisher":{"@id":"https:\/\/actoria.com\/ch-it\/#organization"},"image":{"@id":"https:\/\/actoria.com\/ch-it\/servizi\/settori\/servizi-finanziari-e-fintech\/#primaryimage"},"thumbnailUrl":"https:\/\/actoria.com\/ch-it\/wp-content\/uploads\/2022\/08\/shutterstock-.jpg","inLanguage":"it-IT"},{"@type":"WebPage","@id":"https:\/\/actoria.com\/ch-it\/servizi\/settori\/servizi-finanziari-e-fintech\/","url":"https:\/\/actoria.com\/ch-it\/servizi\/settori\/servizi-finanziari-e-fintech\/","name":"Servizi finanziari e Fintech","isPartOf":{"@id":"https:\/\/actoria.com\/ch-it\/#website"},"primaryImageOfPage":{"@id":"https:\/\/actoria.com\/ch-it\/servizi\/settori\/servizi-finanziari-e-fintech\/#primaryimage"},"image":{"@id":"https:\/\/actoria.com\/ch-it\/servizi\/settori\/servizi-finanziari-e-fintech\/#primaryimage"},"thumbnailUrl":"https:\/\/actoria.com\/ch-it\/wp-content\/uploads\/2022\/08\/shutterstock-.jpg","datePublished":"2021-01-04T19:07:35+00:00","dateModified":"2022-08-12T15:43:20+00:00","description":"Servizi finanziari, banche e finanza, fintech, servizi economici forniti dal settore finanziario, vendita o trasferimento di attivit\u00e0 in Svizzera, Ticino e Italia","breadcrumb":{"@id":"https:\/\/actoria.com\/ch-it\/servizi\/settori\/servizi-finanziari-e-fintech\/#breadcrumb"},"inLanguage":"it-IT","potentialAction":[{"@type":"ReadAction","target":["https:\/\/actoria.com\/ch-it\/servizi\/settori\/servizi-finanziari-e-fintech\/"]}]},{"@type":"ImageObject","inLanguage":"it-IT","@id":"https:\/\/actoria.com\/ch-it\/servizi\/settori\/servizi-finanziari-e-fintech\/#primaryimage","url":"https:\/\/actoria.com\/ch-it\/wp-content\/uploads\/2022\/08\/shutterstock-.jpg","contentUrl":"https:\/\/actoria.com\/ch-it\/wp-content\/uploads\/2022\/08\/shutterstock-.jpg","width":2400,"height":1600,"caption":"Il blog sulle fusioni e acquisizioni, Il blog sulle fusioni e acquisizioni, trasferimento, vendita di societ\u00e0 e azienda in Svizzera e Italia"},{"@type":"BreadcrumbList","@id":"https:\/\/actoria.com\/ch-it\/servizi\/settori\/servizi-finanziari-e-fintech\/#breadcrumb","itemListElement":[{"@type":"ListItem","position":1,"name":"Home","item":"https:\/\/actoria.com\/ch-it\/"},{"@type":"ListItem","position":2,"name":"Servizi","item":"https:\/\/actoria.com\/ch-it\/servizi\/"},{"@type":"ListItem","position":3,"name":"Settori","item":"https:\/\/actoria.com\/ch-it\/servizi\/settori\/"},{"@type":"ListItem","position":4,"name":"Servizi finanziari e Fintech"}]},{"@type":"WebSite","@id":"https:\/\/actoria.com\/ch-it\/#website","url":"https:\/\/actoria.com\/ch-it\/","name":"Trasferimento di azienda Svizzera, Ticino e Italia, Fusioni & Acquisizioni Svizzera, Ticino e Italia, Sviluppo Strategico Svizzera, Ticino e Italia","description":"Vendere la tua azienda, PMI in Belgio, Francia, Svizzera, Marocco, Tunisia, Lussemburgo, Italia","publisher":{"@id":"https:\/\/actoria.com\/ch-it\/#organization"},"alternateName":"Trasferimento di societ\u00e0, sviluppo di societ\u00e0 in Tunisia, lo specialista in fusioni e acquisizioni in Tunisia dal 2002","potentialAction":[{"@type":"SearchAction","target":{"@type":"EntryPoint","urlTemplate":"https:\/\/actoria.com\/ch-it\/?s={search_term_string}"},"query-input":{"@type":"PropertyValueSpecification","valueRequired":true,"valueName":"search_term_string"}}],"inLanguage":"it-IT"},{"@type":"Organization","@id":"https:\/\/actoria.com\/ch-it\/#organization","name":"Actoria Svizzera, Ticico e Italia, Trasferimento di azienda Svizzera, Ticino e Italia, Fusioni & Acquisizioni Svizzera, Ticino e Italia, Sviluppo Strategico Svizzera, Ticino e Italia","alternateName":"Vendere la tua azienda, PMI in Belgio, Francia, Svizzera, Marocco, Tunisia, Lussemburgo, Italia","url":"https:\/\/actoria.com\/ch-it\/","logo":{"@type":"ImageObject","inLanguage":"it-IT","@id":"https:\/\/actoria.com\/ch-it\/#\/schema\/logo\/image\/","url":"https:\/\/actoria.com\/ch-it\/wp-content\/uploads\/2020\/12\/Logo-standard.bmp","contentUrl":"https:\/\/actoria.com\/ch-it\/wp-content\/uploads\/2020\/12\/Logo-standard.bmp","width":566,"height":358,"caption":"Actoria Svizzera, Ticico e Italia, Trasferimento di azienda Svizzera, Ticino e Italia, Fusioni & Acquisizioni Svizzera, Ticino e Italia, Sviluppo Strategico Svizzera, Ticino e Italia"},"image":{"@id":"https:\/\/actoria.com\/ch-it\/#\/schema\/logo\/image\/"},"sameAs":["https:\/\/fr.linkedin.com\/company\/actoria-group_2"]},{"@type":"Person","@id":"https:\/\/actoria.com\/ch-it\/#\/schema\/person\/f49dd9d0c4e953ed3de3e3b44cd339ac","name":"fabrice","url":"https:\/\/actoria.com\/ch-it\/author\/fabrice\/"}]}},"_links":{"self":[{"href":"https:\/\/actoria.com\/ch-it\/wp-json\/wp\/v2\/pages\/12420","targetHints":{"allow":["GET"]}}],"collection":[{"href":"https:\/\/actoria.com\/ch-it\/wp-json\/wp\/v2\/pages"}],"about":[{"href":"https:\/\/actoria.com\/ch-it\/wp-json\/wp\/v2\/types\/page"}],"author":[{"embeddable":true,"href":"https:\/\/actoria.com\/ch-it\/wp-json\/wp\/v2\/users\/2"}],"replies":[{"embeddable":true,"href":"https:\/\/actoria.com\/ch-it\/wp-json\/wp\/v2\/comments?post=12420"}],"version-history":[{"count":0,"href":"https:\/\/actoria.com\/ch-it\/wp-json\/wp\/v2\/pages\/12420\/revisions"}],"up":[{"embeddable":true,"href":"https:\/\/actoria.com\/ch-it\/wp-json\/wp\/v2\/pages\/10521"}],"wp:featuredmedia":[{"embeddable":true,"href":"https:\/\/actoria.com\/ch-it\/wp-json\/wp\/v2\/media\/22660"}],"wp:attachment":[{"href":"https:\/\/actoria.com\/ch-it\/wp-json\/wp\/v2\/media?parent=12420"}],"curies":[{"name":"wp","href":"https:\/\/api.w.org\/{rel}","templated":true}]}}