{"id":12447,"date":"2021-01-05T09:29:51","date_gmt":"2021-01-05T09:29:51","guid":{"rendered":"https:\/\/actoria.com\/ch-it\/\/?page_id=12447"},"modified":"2023-07-18T17:24:06","modified_gmt":"2023-07-18T15:24:06","slug":"distribuzione-e-e-commerce","status":"publish","type":"page","link":"https:\/\/actoria.com\/ch-it\/servizi\/settori\/distribuzione-e-e-commerce\/","title":{"rendered":"Distribuzione ed E-commerce"},"content":{"rendered":"<div id='av_section_1'  class='avia-section main_color avia-section-default avia-no-border-styling  avia-full-stretch avia-bg-style-fixed  avia-builder-el-0  el_before_av_one_full  avia-builder-el-first  header_page_section_title_wrapper  av-arrow-down-section av-minimum-height av-minimum-height-custom  container_wrap sidebar_right' style='background-repeat: no-repeat; background-image: url(https:\/\/actoria.com\/ch-it\/wp-content\/uploads\/2023\/07\/shutterstock-1-1.jpg);background-attachment: fixed; background-position: center center;  '  data-section-bg-repeat='stretch'><div class='container' style='height:660px'><main  role=\"main\" itemprop=\"mainContentOfPage\"  class='template-page content  av-content-small alpha units'><div class='post-entry post-entry-type-page post-entry-12447'><div class='entry-content-wrapper clearfix'>\n<div class='flex_column_table av-equal-height-column-flextable -flextable' ><div class=\"flex_column av_one_full  flex_column_table_cell av-equal-height-column av-align-bottom av-zero-column-padding first  avia-builder-el-1  avia-builder-el-no-sibling  header_page_section_title \" style='border-radius:0px; ' id=\"header_page_section_title\" ><p><br \/>\n<div  style='padding-bottom:5px; margin:0 0 0 0; color:#ffffff;' class='av-special-heading av-special-heading-h1 custom-color-heading   avia-builder-el-3  el_after_av_codeblock  avia-builder-el-last  '><h1 class='av-special-heading-tag '  itemprop=\"headline\"  >Distribuzione ed E-commerce in Svizzera<\/h1><div class='special-heading-border'><div class='special-heading-inner-border' style='border-color:#ffffff'><\/div><\/div><\/div><\/p><\/div><\/div><!--close column table wrapper. Autoclose: 1 -->\n<\/div><\/div><\/main><!-- close content main element --><\/div><div class='av-extra-border-element border-extra-arrow-down'><div class='av-extra-border-outer'><div class='av-extra-border-inner'  style='background-color:#ffffff;' ><\/div><\/div><\/div><\/div><div id='after_section_1'  class='main_color av_default_container_wrap container_wrap sidebar_right' style=' '  ><div class='container' ><div class='template-page content  av-content-small alpha units'><div class='post-entry post-entry-type-page post-entry-12447'><div class='entry-content-wrapper clearfix'>\n<div class=\"flex_column av_one_full  flex_column_div av-zero-column-padding first  avia-builder-el-4  el_after_av_section  avia-builder-el-no-sibling  \" style='border-radius:0px; '><section class=\"av_textblock_section \"  itemscope=\"itemscope\" itemtype=\"https:\/\/schema.org\/CreativeWork\" ><div class='avia_textblock  '   itemprop=\"text\" ><p>La distribuzione e l&#8217;e-commerce in Svizzera come industria differiscono da altri settori in un modo cruciale: non creano un prodotto. Invece, i dettaglianti comprano prodotti in grandi quantit\u00e0 dai produttori. Questi prodotti sono poi venduti ai consumatori ad un prezzo superiore.<\/p>\n<h2>Le basi della distribuzione in Svizzera<\/h2>\n<div id=\"attachment_18377\" style=\"width: 310px\" class=\"wp-caption alignleft\"><img loading=\"lazy\" decoding=\"async\" aria-describedby=\"caption-attachment-18377\" class=\"wp-image-18377 size-medium\" title=\"Distribuzione &amp; E-commerce, trasferimento di aziende in Svizzera\" src=\"https:\/\/actoria.com\/ch-it\/wp-content\/uploads\/2021\/12\/shutterstock-1-18-300x207.jpg\" alt=\"Distribuzione &amp; E-commerce, trasferimento di aziende in Svizzera\" width=\"300\" height=\"207\" srcset=\"https:\/\/actoria.com\/ch-it\/wp-content\/uploads\/2021\/12\/shutterstock-1-18-300x207.jpg 300w, https:\/\/actoria.com\/ch-it\/wp-content\/uploads\/2021\/12\/shutterstock-1-18-1030x711.jpg 1030w, https:\/\/actoria.com\/ch-it\/wp-content\/uploads\/2021\/12\/shutterstock-1-18-768x530.jpg 768w, https:\/\/actoria.com\/ch-it\/wp-content\/uploads\/2021\/12\/shutterstock-1-18-1536x1061.jpg 1536w, https:\/\/actoria.com\/ch-it\/wp-content\/uploads\/2021\/12\/shutterstock-1-18-2048x1414.jpg 2048w, https:\/\/actoria.com\/ch-it\/wp-content\/uploads\/2021\/12\/shutterstock-1-18-1500x1036.jpg 1500w, https:\/\/actoria.com\/ch-it\/wp-content\/uploads\/2021\/12\/shutterstock-1-18-705x487.jpg 705w\" sizes=\"auto, (max-width: 300px) 100vw, 300px\" \/><p id=\"caption-attachment-18377\" class=\"wp-caption-text\">Distribuzione &amp; E-commerce, trasferimento di aziende in Svizzera<\/p><\/div>\n<p>I produttori svizzeri non sono obbligati a lavorare con un unico distributore e i consumatori sono meno fedeli alla marca rispetto alle generazioni precedenti. Questo significa che il settore della vendita al dettaglio \u00e8 estremamente competitivo. I marchi pi\u00f9 noti sono in giro da secoli e hanno una conoscenza estremamente ben documentata del loro target demografico. Questo permette a queste vecchie aziende di guadagnare un punto d&#8217;appoggio nel settore, a condizione che abbiano prodotti di alta qualit\u00e0 che sono molto richiesti.<\/p>\n<p>La distribuzione e l&#8217;e-commerce generano entrate vendendo prodotti finiti ai clienti in cambio di denaro. I distributori possono vendere quasi ovunque, purch\u00e9 abbiano una licenza o un permesso per farlo. I centri commerciali, come li conosciamo, stanno scomparendo, ma rimangono uno dei migliori esempi di vendita al dettaglio e di ci\u00f2 che comprende.<\/p>\n<p>Tutto, dalle scarpe ai manifesti, \u00e8 considerato parte del settore della vendita al dettaglio. Ci sono anche alcuni tipi di imprese a cui non si pu\u00f2 pensare, come i saloni di parrucchiere e le societ\u00e0 di noleggio di attrezzature, che sono considerati parte del settore del commercio al dettaglio.<\/p>\n<h2>Significato del settore della distribuzione in Svizzera<\/h2>\n<p>La distribuzione e l&#8217;e-commerce sono anche i mezzi con cui i produttori vendono i loro prodotti finiti. Per esempio, un&#8217;auto appena prodotta sar\u00e0 portata in un parcheggio per essere venduta. Un produttore di mobili vender\u00e0 i suoi prodotti a un negozio, che a sua volta vender\u00e0 questi articoli. Poich\u00e9 l&#8217;accesso ai clienti \u00e8 l&#8217;unico modo per vendere un prodotto finito, i produttori tendono a vendere i loro prodotti direttamente ai distributori piuttosto che usare un intermediario.<\/p>\n<p>Puoi scegliere di usare un intermediario come i grossisti e i distributori. Queste aziende raccolgono prodotti da tutto il mondo, li riconfezionano e li inviano ai negozi al dettaglio. Il vantaggio del metodo dell&#8217;intermediario \u00e8 che non devi spendere tempo per il sourcing. Il grossista o il distributore lo fa per voi.<\/p>\n<h2>La concorrenza nel settore del commercio al dettaglio in Svizzera<\/h2>\n<p>Ci sono innumerevoli tipi di distributori che operano nell&#8217;ecosistema economico statunitense. Poich\u00e9 nessun business dovrebbe essere un monopolio, i consumatori possono scegliere dove fare acquisti. Le persone sono creature abitudinarie; se i loro genitori hanno fatto acquisti al negozio X, \u00e8 probabile che facciano lo stesso. Per attirare i clienti lontano dai loro luoghi abituali di shopping, i rivenditori fanno pubblicit\u00e0, offrono saldi e si impegnano in altre attivit\u00e0 promozionali.<\/p>\n<p>Tuttavia, non tutti i rivenditori sono in concorrenza tra loro. Al contrario, sono in concorrenza tra loro nella loro specialit\u00e0 all&#8217;interno del settore. Per esempio, alcuni grandi magazzini offrono una vasta gamma di prodotti, come abbigliamento, utensili da cucina ed elettrodomestici. Altri negozi hanno un obiettivo ancora pi\u00f9 ristretto.<\/p>\n<p>I negozi di scarpe sono un eccellente esempio di un negozio di nicchia a scopo unico nello spazio di vendita al dettaglio. Non importa quanto prodotto vendano, ci sar\u00e0 sempre la concorrenza di altri negozi di scarpe. Come competono i negozi con gli stessi prodotti?<\/p>\n<h2>Modi in cui i distributori competono in Svizzera<\/h2>\n<p>Per quanto riguarda i distributori, ci sono alcune aree in cui la concorrenza pu\u00f2 avvenire. Queste sono le seguenti aree:<\/p>\n<ul>\n<li>Qualit\u00e0<\/li>\n<li>Quantit\u00e0<\/li>\n<li>Prezzo<\/li>\n<li>Selezione<\/li>\n<li>Qualit\u00e0 delle merci<\/li>\n<\/ul>\n<p>I distributori cercano i prodotti migliori e di pi\u00f9 alta qualit\u00e0 che possono trovare per venderli ai clienti. Alcuni distributori hanno accordi con i produttori per i quali saranno l&#8217;unico punto vendita. Altri distributori hanno la loro marca di prodotti che riforniscono i loro negozi. Il controllo e la garanzia della qualit\u00e0 sono un fattore importante per questi distributori per mantenere la loro reputazione.<\/p>\n<h2>Quantit\u00e0 di merci in Svizzera<\/h2>\n<p>La quantit\u00e0 di merce non significa che un distributore deve avere il maggior numero di prodotti. Piuttosto, \u00e8 una duplice idea. In primo luogo, i rivenditori devono avere uno stock adeguato di articoli in negozio.<\/p>\n<p>I grandi rivenditori e le marche hanno sistemi complessi che misurano automaticamente le vendite, e la produzione \u00e8 progettata per funzionare su queste cifre. I siti pi\u00f9 piccoli potrebbero avere un sistema POS (point of sale) dedicato che fa gran parte dello stesso lavoro. Un&#8217;attenta gestione del controllo delle scorte \u00e8 essenziale per tutte le attivit\u00e0 di vendita al dettaglio.<\/p>\n<p>In secondo luogo, la quantit\u00e0 si riferisce a una gamma di prodotti che un negozio porter\u00e0. I grandi magazzini hanno una vasta selezione che va dagli articoli per la casa alle automobili. Queste aziende non prestano solo attenzione allo stoccaggio, ma si concentrano anche sulle vendite. Le categorie di prodotti che vendono bene continueranno ad essere offerte, e quelle che non vendono saranno rimosse.<\/p>\n<h2>Prezzi delle merci in Svizzera<\/h2>\n<p>Quando vendono merci, i rivenditori devono anche prestare attenzione al prezzo che applicano per un prodotto specifico. Possono confrontare queste cifre con quelle dei loro concorrenti per vedere se i prodotti hanno un prezzo troppo alto o troppo basso. Il confronto delle cifre di vendita con quelle dei concorrenti permette al distributore di rimanere competitivo.<\/p>\n<\/div><\/section><\/div>\n","protected":false},"excerpt":{"rendered":"<p>Vendita azienda Svizzera e Italia, trasferimento azienda Svizzera e Italia, vendita azienda Svizzera e Italia, acquisizione azienda Svizzera e Italia, vendita PMI Svizzera e Italia, vendita PMI Svizzera e Italia, successione PMI Svizzera e Italia, vendita azienda Svizzera e Italia, trovare un acquirente in Svizzera e in Italia<\/p>\n","protected":false},"author":2,"featured_media":18377,"parent":10521,"menu_order":0,"comment_status":"closed","ping_status":"closed","template":"","meta":{"footnotes":""},"class_list":["post-12447","page","type-page","status-publish","has-post-thumbnail","hentry"],"yoast_head":"<!-- This site is optimized with the Yoast SEO plugin v27.4 - https:\/\/yoast.com\/product\/yoast-seo-wordpress\/ -->\n<title>Distribuzione ed e-commerce<\/title>\n<meta name=\"description\" content=\"Distribuzione &amp; E-commerce, cessione di PMI in Svizzera, Ticino e Italia, vendita di PMI in Svizzera, Ticino e Italia, cessione di PMI in Svizzera, Ticino e Italia, strategia di sviluppo per azienda di distribuzione in Svizzera, Ticino e Italia, sviluppo\" \/>\n<meta name=\"robots\" content=\"index, follow, max-snippet:-1, max-image-preview:large, max-video-preview:-1\" \/>\n<link rel=\"canonical\" href=\"https:\/\/actoria.com\/ch-it\/servizi\/settori\/distribuzione-e-e-commerce\/\" \/>\n<meta property=\"og:locale\" content=\"it_IT\" \/>\n<meta property=\"og:type\" content=\"article\" \/>\n<meta property=\"og:title\" content=\"Distribuzione ed e-commerce\" \/>\n<meta property=\"og:description\" content=\"Distribuzione &amp; E-commerce, cessione di PMI in Svizzera, Ticino e Italia, vendita di PMI in Svizzera, Ticino e Italia, cessione di PMI in Svizzera, Ticino e Italia, strategia di sviluppo per azienda di distribuzione in Svizzera, Ticino e Italia, sviluppo\" \/>\n<meta property=\"og:url\" content=\"https:\/\/actoria.com\/ch-it\/servizi\/settori\/distribuzione-e-e-commerce\/\" \/>\n<meta property=\"og:site_name\" content=\"Trasferimento di azienda Svizzera, Ticino e Italia, Fusioni &amp; Acquisizioni Svizzera, Ticino e Italia, Sviluppo Strategico Svizzera, Ticino e Italia\" \/>\n<meta property=\"article:modified_time\" content=\"2023-07-18T15:24:06+00:00\" \/>\n<meta property=\"og:image\" content=\"https:\/\/actoria.com\/ch-it\/wp-content\/uploads\/2021\/12\/shutterstock-1-18.jpg\" \/>\n\t<meta property=\"og:image:width\" content=\"2317\" \/>\n\t<meta property=\"og:image:height\" content=\"1600\" \/>\n\t<meta property=\"og:image:type\" content=\"image\/jpeg\" \/>\n<meta name=\"twitter:card\" content=\"summary_large_image\" \/>\n<meta name=\"twitter:label1\" content=\"Tempo di lettura stimato\" \/>\n\t<meta name=\"twitter:data1\" content=\"6 minuti\" \/>\n<script type=\"application\/ld+json\" class=\"yoast-schema-graph\">{\"@context\":\"https:\\\/\\\/schema.org\",\"@graph\":[{\"@type\":\"Article\",\"@id\":\"https:\\\/\\\/actoria.com\\\/ch-it\\\/servizi\\\/settori\\\/distribuzione-e-e-commerce\\\/#article\",\"isPartOf\":{\"@id\":\"https:\\\/\\\/actoria.com\\\/ch-it\\\/servizi\\\/settori\\\/distribuzione-e-e-commerce\\\/\"},\"author\":{\"name\":\"fabrice\",\"@id\":\"https:\\\/\\\/actoria.com\\\/ch-it\\\/#\\\/schema\\\/person\\\/f49dd9d0c4e953ed3de3e3b44cd339ac\"},\"headline\":\"Distribuzione ed E-commerce\",\"datePublished\":\"2021-01-05T09:29:51+00:00\",\"dateModified\":\"2023-07-18T15:24:06+00:00\",\"mainEntityOfPage\":{\"@id\":\"https:\\\/\\\/actoria.com\\\/ch-it\\\/servizi\\\/settori\\\/distribuzione-e-e-commerce\\\/\"},\"wordCount\":1271,\"publisher\":{\"@id\":\"https:\\\/\\\/actoria.com\\\/ch-it\\\/#organization\"},\"image\":{\"@id\":\"https:\\\/\\\/actoria.com\\\/ch-it\\\/servizi\\\/settori\\\/distribuzione-e-e-commerce\\\/#primaryimage\"},\"thumbnailUrl\":\"https:\\\/\\\/actoria.com\\\/ch-it\\\/wp-content\\\/uploads\\\/2021\\\/12\\\/shutterstock-1-18.jpg\",\"inLanguage\":\"it-IT\"},{\"@type\":\"WebPage\",\"@id\":\"https:\\\/\\\/actoria.com\\\/ch-it\\\/servizi\\\/settori\\\/distribuzione-e-e-commerce\\\/\",\"url\":\"https:\\\/\\\/actoria.com\\\/ch-it\\\/servizi\\\/settori\\\/distribuzione-e-e-commerce\\\/\",\"name\":\"Distribuzione ed e-commerce\",\"isPartOf\":{\"@id\":\"https:\\\/\\\/actoria.com\\\/ch-it\\\/#website\"},\"primaryImageOfPage\":{\"@id\":\"https:\\\/\\\/actoria.com\\\/ch-it\\\/servizi\\\/settori\\\/distribuzione-e-e-commerce\\\/#primaryimage\"},\"image\":{\"@id\":\"https:\\\/\\\/actoria.com\\\/ch-it\\\/servizi\\\/settori\\\/distribuzione-e-e-commerce\\\/#primaryimage\"},\"thumbnailUrl\":\"https:\\\/\\\/actoria.com\\\/ch-it\\\/wp-content\\\/uploads\\\/2021\\\/12\\\/shutterstock-1-18.jpg\",\"datePublished\":\"2021-01-05T09:29:51+00:00\",\"dateModified\":\"2023-07-18T15:24:06+00:00\",\"description\":\"Distribuzione & E-commerce, cessione di PMI in Svizzera, Ticino e Italia, vendita di PMI in Svizzera, Ticino e Italia, cessione di PMI in Svizzera, Ticino e Italia, strategia di sviluppo per azienda di distribuzione in Svizzera, Ticino e Italia, sviluppo\",\"breadcrumb\":{\"@id\":\"https:\\\/\\\/actoria.com\\\/ch-it\\\/servizi\\\/settori\\\/distribuzione-e-e-commerce\\\/#breadcrumb\"},\"inLanguage\":\"it-IT\",\"potentialAction\":[{\"@type\":\"ReadAction\",\"target\":[\"https:\\\/\\\/actoria.com\\\/ch-it\\\/servizi\\\/settori\\\/distribuzione-e-e-commerce\\\/\"]}]},{\"@type\":\"ImageObject\",\"inLanguage\":\"it-IT\",\"@id\":\"https:\\\/\\\/actoria.com\\\/ch-it\\\/servizi\\\/settori\\\/distribuzione-e-e-commerce\\\/#primaryimage\",\"url\":\"https:\\\/\\\/actoria.com\\\/ch-it\\\/wp-content\\\/uploads\\\/2021\\\/12\\\/shutterstock-1-18.jpg\",\"contentUrl\":\"https:\\\/\\\/actoria.com\\\/ch-it\\\/wp-content\\\/uploads\\\/2021\\\/12\\\/shutterstock-1-18.jpg\",\"width\":2317,\"height\":1600,\"caption\":\"Distribuzione e E-commerce, Distribuzione e E-commerce, trasferimento, vendita di societ\u00e0 e azienda in Svizzera e Italia\"},{\"@type\":\"BreadcrumbList\",\"@id\":\"https:\\\/\\\/actoria.com\\\/ch-it\\\/servizi\\\/settori\\\/distribuzione-e-e-commerce\\\/#breadcrumb\",\"itemListElement\":[{\"@type\":\"ListItem\",\"position\":1,\"name\":\"Home\",\"item\":\"https:\\\/\\\/actoria.com\\\/ch-it\\\/\"},{\"@type\":\"ListItem\",\"position\":2,\"name\":\"Servizi\",\"item\":\"https:\\\/\\\/actoria.com\\\/ch-it\\\/servizi\\\/\"},{\"@type\":\"ListItem\",\"position\":3,\"name\":\"Settori\",\"item\":\"https:\\\/\\\/actoria.com\\\/ch-it\\\/servizi\\\/settori\\\/\"},{\"@type\":\"ListItem\",\"position\":4,\"name\":\"Distribuzione ed E-commerce\"}]},{\"@type\":\"WebSite\",\"@id\":\"https:\\\/\\\/actoria.com\\\/ch-it\\\/#website\",\"url\":\"https:\\\/\\\/actoria.com\\\/ch-it\\\/\",\"name\":\"Trasferimento di azienda Svizzera, Ticino e Italia, Fusioni & Acquisizioni Svizzera, Ticino e Italia, Sviluppo Strategico Svizzera, Ticino e Italia\",\"description\":\"Vendere la tua azienda, PMI in Belgio, Francia, Svizzera, Marocco, Tunisia, Lussemburgo, Italia\",\"publisher\":{\"@id\":\"https:\\\/\\\/actoria.com\\\/ch-it\\\/#organization\"},\"alternateName\":\"Trasferimento di societ\u00e0, sviluppo di societ\u00e0 in Tunisia, lo specialista in fusioni e acquisizioni in Tunisia dal 2002\",\"potentialAction\":[{\"@type\":\"SearchAction\",\"target\":{\"@type\":\"EntryPoint\",\"urlTemplate\":\"https:\\\/\\\/actoria.com\\\/ch-it\\\/?s={search_term_string}\"},\"query-input\":{\"@type\":\"PropertyValueSpecification\",\"valueRequired\":true,\"valueName\":\"search_term_string\"}}],\"inLanguage\":\"it-IT\"},{\"@type\":\"Organization\",\"@id\":\"https:\\\/\\\/actoria.com\\\/ch-it\\\/#organization\",\"name\":\"Actoria Svizzera, Ticico e Italia, Trasferimento di azienda Svizzera, Ticino e Italia, Fusioni & Acquisizioni Svizzera, Ticino e Italia, Sviluppo Strategico Svizzera, Ticino e Italia\",\"alternateName\":\"Vendere la tua azienda, PMI in Belgio, Francia, Svizzera, Marocco, Tunisia, Lussemburgo, Italia\",\"url\":\"https:\\\/\\\/actoria.com\\\/ch-it\\\/\",\"logo\":{\"@type\":\"ImageObject\",\"inLanguage\":\"it-IT\",\"@id\":\"https:\\\/\\\/actoria.com\\\/ch-it\\\/#\\\/schema\\\/logo\\\/image\\\/\",\"url\":\"https:\\\/\\\/actoria.com\\\/ch-it\\\/wp-content\\\/uploads\\\/2020\\\/12\\\/Logo-standard.bmp\",\"contentUrl\":\"https:\\\/\\\/actoria.com\\\/ch-it\\\/wp-content\\\/uploads\\\/2020\\\/12\\\/Logo-standard.bmp\",\"width\":566,\"height\":358,\"caption\":\"Actoria Svizzera, Ticico e Italia, Trasferimento di azienda Svizzera, Ticino e Italia, Fusioni & Acquisizioni Svizzera, Ticino e Italia, Sviluppo Strategico Svizzera, Ticino e Italia\"},\"image\":{\"@id\":\"https:\\\/\\\/actoria.com\\\/ch-it\\\/#\\\/schema\\\/logo\\\/image\\\/\"},\"sameAs\":[\"https:\\\/\\\/fr.linkedin.com\\\/company\\\/actoria-group_2\"]},{\"@type\":\"Person\",\"@id\":\"https:\\\/\\\/actoria.com\\\/ch-it\\\/#\\\/schema\\\/person\\\/f49dd9d0c4e953ed3de3e3b44cd339ac\",\"name\":\"fabrice\",\"url\":\"https:\\\/\\\/actoria.com\\\/ch-it\\\/author\\\/fabrice\\\/\"}]}<\/script>\n<!-- \/ Yoast SEO plugin. -->","yoast_head_json":{"title":"Distribuzione ed e-commerce","description":"Distribuzione & E-commerce, cessione di PMI in Svizzera, Ticino e Italia, vendita di PMI in Svizzera, Ticino e Italia, cessione di PMI in Svizzera, Ticino e Italia, strategia di sviluppo per azienda di distribuzione in Svizzera, Ticino e Italia, sviluppo","robots":{"index":"index","follow":"follow","max-snippet":"max-snippet:-1","max-image-preview":"max-image-preview:large","max-video-preview":"max-video-preview:-1"},"canonical":"https:\/\/actoria.com\/ch-it\/servizi\/settori\/distribuzione-e-e-commerce\/","og_locale":"it_IT","og_type":"article","og_title":"Distribuzione ed e-commerce","og_description":"Distribuzione & E-commerce, cessione di PMI in Svizzera, Ticino e Italia, vendita di PMI in Svizzera, Ticino e Italia, cessione di PMI in Svizzera, Ticino e Italia, strategia di sviluppo per azienda di distribuzione in Svizzera, Ticino e Italia, sviluppo","og_url":"https:\/\/actoria.com\/ch-it\/servizi\/settori\/distribuzione-e-e-commerce\/","og_site_name":"Trasferimento di azienda Svizzera, Ticino e Italia, Fusioni &amp; Acquisizioni Svizzera, Ticino e Italia, Sviluppo Strategico Svizzera, Ticino e Italia","article_modified_time":"2023-07-18T15:24:06+00:00","og_image":[{"width":2317,"height":1600,"url":"https:\/\/actoria.com\/ch-it\/wp-content\/uploads\/2021\/12\/shutterstock-1-18.jpg","type":"image\/jpeg"}],"twitter_card":"summary_large_image","twitter_misc":{"Tempo di lettura stimato":"6 minuti"},"schema":{"@context":"https:\/\/schema.org","@graph":[{"@type":"Article","@id":"https:\/\/actoria.com\/ch-it\/servizi\/settori\/distribuzione-e-e-commerce\/#article","isPartOf":{"@id":"https:\/\/actoria.com\/ch-it\/servizi\/settori\/distribuzione-e-e-commerce\/"},"author":{"name":"fabrice","@id":"https:\/\/actoria.com\/ch-it\/#\/schema\/person\/f49dd9d0c4e953ed3de3e3b44cd339ac"},"headline":"Distribuzione ed E-commerce","datePublished":"2021-01-05T09:29:51+00:00","dateModified":"2023-07-18T15:24:06+00:00","mainEntityOfPage":{"@id":"https:\/\/actoria.com\/ch-it\/servizi\/settori\/distribuzione-e-e-commerce\/"},"wordCount":1271,"publisher":{"@id":"https:\/\/actoria.com\/ch-it\/#organization"},"image":{"@id":"https:\/\/actoria.com\/ch-it\/servizi\/settori\/distribuzione-e-e-commerce\/#primaryimage"},"thumbnailUrl":"https:\/\/actoria.com\/ch-it\/wp-content\/uploads\/2021\/12\/shutterstock-1-18.jpg","inLanguage":"it-IT"},{"@type":"WebPage","@id":"https:\/\/actoria.com\/ch-it\/servizi\/settori\/distribuzione-e-e-commerce\/","url":"https:\/\/actoria.com\/ch-it\/servizi\/settori\/distribuzione-e-e-commerce\/","name":"Distribuzione ed e-commerce","isPartOf":{"@id":"https:\/\/actoria.com\/ch-it\/#website"},"primaryImageOfPage":{"@id":"https:\/\/actoria.com\/ch-it\/servizi\/settori\/distribuzione-e-e-commerce\/#primaryimage"},"image":{"@id":"https:\/\/actoria.com\/ch-it\/servizi\/settori\/distribuzione-e-e-commerce\/#primaryimage"},"thumbnailUrl":"https:\/\/actoria.com\/ch-it\/wp-content\/uploads\/2021\/12\/shutterstock-1-18.jpg","datePublished":"2021-01-05T09:29:51+00:00","dateModified":"2023-07-18T15:24:06+00:00","description":"Distribuzione & E-commerce, cessione di PMI in Svizzera, Ticino e Italia, vendita di PMI in Svizzera, Ticino e Italia, cessione di PMI in Svizzera, Ticino e Italia, strategia di sviluppo per azienda di distribuzione in Svizzera, Ticino e Italia, sviluppo","breadcrumb":{"@id":"https:\/\/actoria.com\/ch-it\/servizi\/settori\/distribuzione-e-e-commerce\/#breadcrumb"},"inLanguage":"it-IT","potentialAction":[{"@type":"ReadAction","target":["https:\/\/actoria.com\/ch-it\/servizi\/settori\/distribuzione-e-e-commerce\/"]}]},{"@type":"ImageObject","inLanguage":"it-IT","@id":"https:\/\/actoria.com\/ch-it\/servizi\/settori\/distribuzione-e-e-commerce\/#primaryimage","url":"https:\/\/actoria.com\/ch-it\/wp-content\/uploads\/2021\/12\/shutterstock-1-18.jpg","contentUrl":"https:\/\/actoria.com\/ch-it\/wp-content\/uploads\/2021\/12\/shutterstock-1-18.jpg","width":2317,"height":1600,"caption":"Distribuzione e E-commerce, Distribuzione e E-commerce, trasferimento, vendita di societ\u00e0 e azienda in Svizzera e Italia"},{"@type":"BreadcrumbList","@id":"https:\/\/actoria.com\/ch-it\/servizi\/settori\/distribuzione-e-e-commerce\/#breadcrumb","itemListElement":[{"@type":"ListItem","position":1,"name":"Home","item":"https:\/\/actoria.com\/ch-it\/"},{"@type":"ListItem","position":2,"name":"Servizi","item":"https:\/\/actoria.com\/ch-it\/servizi\/"},{"@type":"ListItem","position":3,"name":"Settori","item":"https:\/\/actoria.com\/ch-it\/servizi\/settori\/"},{"@type":"ListItem","position":4,"name":"Distribuzione ed E-commerce"}]},{"@type":"WebSite","@id":"https:\/\/actoria.com\/ch-it\/#website","url":"https:\/\/actoria.com\/ch-it\/","name":"Trasferimento di azienda Svizzera, Ticino e Italia, Fusioni & Acquisizioni Svizzera, Ticino e Italia, Sviluppo Strategico Svizzera, Ticino e Italia","description":"Vendere la tua azienda, PMI in Belgio, Francia, Svizzera, Marocco, Tunisia, Lussemburgo, Italia","publisher":{"@id":"https:\/\/actoria.com\/ch-it\/#organization"},"alternateName":"Trasferimento di societ\u00e0, sviluppo di societ\u00e0 in Tunisia, lo specialista in fusioni e acquisizioni in Tunisia dal 2002","potentialAction":[{"@type":"SearchAction","target":{"@type":"EntryPoint","urlTemplate":"https:\/\/actoria.com\/ch-it\/?s={search_term_string}"},"query-input":{"@type":"PropertyValueSpecification","valueRequired":true,"valueName":"search_term_string"}}],"inLanguage":"it-IT"},{"@type":"Organization","@id":"https:\/\/actoria.com\/ch-it\/#organization","name":"Actoria Svizzera, Ticico e Italia, Trasferimento di azienda Svizzera, Ticino e Italia, Fusioni & Acquisizioni Svizzera, Ticino e Italia, Sviluppo Strategico Svizzera, Ticino e Italia","alternateName":"Vendere la tua azienda, PMI in Belgio, Francia, Svizzera, Marocco, Tunisia, Lussemburgo, Italia","url":"https:\/\/actoria.com\/ch-it\/","logo":{"@type":"ImageObject","inLanguage":"it-IT","@id":"https:\/\/actoria.com\/ch-it\/#\/schema\/logo\/image\/","url":"https:\/\/actoria.com\/ch-it\/wp-content\/uploads\/2020\/12\/Logo-standard.bmp","contentUrl":"https:\/\/actoria.com\/ch-it\/wp-content\/uploads\/2020\/12\/Logo-standard.bmp","width":566,"height":358,"caption":"Actoria Svizzera, Ticico e Italia, Trasferimento di azienda Svizzera, Ticino e Italia, Fusioni & Acquisizioni Svizzera, Ticino e Italia, Sviluppo Strategico Svizzera, Ticino e Italia"},"image":{"@id":"https:\/\/actoria.com\/ch-it\/#\/schema\/logo\/image\/"},"sameAs":["https:\/\/fr.linkedin.com\/company\/actoria-group_2"]},{"@type":"Person","@id":"https:\/\/actoria.com\/ch-it\/#\/schema\/person\/f49dd9d0c4e953ed3de3e3b44cd339ac","name":"fabrice","url":"https:\/\/actoria.com\/ch-it\/author\/fabrice\/"}]}},"_links":{"self":[{"href":"https:\/\/actoria.com\/ch-it\/wp-json\/wp\/v2\/pages\/12447","targetHints":{"allow":["GET"]}}],"collection":[{"href":"https:\/\/actoria.com\/ch-it\/wp-json\/wp\/v2\/pages"}],"about":[{"href":"https:\/\/actoria.com\/ch-it\/wp-json\/wp\/v2\/types\/page"}],"author":[{"embeddable":true,"href":"https:\/\/actoria.com\/ch-it\/wp-json\/wp\/v2\/users\/2"}],"replies":[{"embeddable":true,"href":"https:\/\/actoria.com\/ch-it\/wp-json\/wp\/v2\/comments?post=12447"}],"version-history":[{"count":0,"href":"https:\/\/actoria.com\/ch-it\/wp-json\/wp\/v2\/pages\/12447\/revisions"}],"up":[{"embeddable":true,"href":"https:\/\/actoria.com\/ch-it\/wp-json\/wp\/v2\/pages\/10521"}],"wp:featuredmedia":[{"embeddable":true,"href":"https:\/\/actoria.com\/ch-it\/wp-json\/wp\/v2\/media\/18377"}],"wp:attachment":[{"href":"https:\/\/actoria.com\/ch-it\/wp-json\/wp\/v2\/media?parent=12447"}],"curies":[{"name":"wp","href":"https:\/\/api.w.org\/{rel}","templated":true}]}}