{"id":12677,"date":"2021-02-01T17:35:52","date_gmt":"2021-02-01T17:35:52","guid":{"rendered":"https:\/\/actoria.com\/ch-it\/\/?page_id=12677"},"modified":"2022-08-16T12:19:02","modified_gmt":"2022-08-16T10:19:02","slug":"periodo-di-crisi-dovresti-cambiare-il-tuo-progetto-di-trasmissione-aziendale","status":"publish","type":"page","link":"https:\/\/actoria.com\/ch-it\/trasmissione\/le-nostre-pubblicazioni-sulla-trasmissione\/periodo-di-crisi-dovresti-cambiare-il-tuo-progetto-di-trasmissione-aziendale\/","title":{"rendered":"Ordinate il nostro libro bianco &#8220;Periodo di crisi: come trasferire con successo la vostra azienda ?&#8221;"},"content":{"rendered":"<div class='flex_column_table av-equal-height-column-flextable -flextable' ><div class=\"flex_column av_one_fourth  avia-full-contain flex_column_table_cell av-equal-height-column av-align-top av-zero-column-padding first  avia-builder-el-0  el_before_av_three_fourth  avia-builder-el-first  \" style='border-radius:0px; '><div  class='avia-image-container  av-styling-    avia-builder-el-1  avia-builder-el-no-sibling  avia-align-center '  itemprop=\"image\" itemscope=\"itemscope\" itemtype=\"https:\/\/schema.org\/ImageObject\"  ><div class='avia-image-container-inner'><div class='avia-image-overlay-wrap'><img class='avia_image' src='https:\/\/actoria.com\/ch-it\/wp-content\/uploads\/2022\/08\/unnamed-file-672x1030.jpg' alt='Ordinate il nostro libro bianco \u00ab\u00a0Momento di crisi: come trasferire con successo la vostra azienda?\u00a0\u00bb, trasferimento, vendita di impresa, azienda, PMI in Svizzera, Ticino e Italia,' title='Ordinate il nostro libro bianco \u00ab\u00a0Momento di crisi: come trasferire con successo la vostra azienda?\u00a0\u00bb, trasferimento, vendita di impresa, azienda, PMI in Svizzera, Ticino e Italia,' height=\"1030\" width=\"672\"  itemprop=\"thumbnailUrl\"  \/><\/div><\/div><\/div><\/div>\n<div class='av-flex-placeholder'><\/div><div class=\"flex_column av_three_fourth  flex_column_table_cell av-equal-height-column av-align-top av-zero-column-padding   avia-builder-el-2  el_after_av_one_fourth  el_before_av_one_full  \" style='border-radius:0px; '><section class=\"av_textblock_section \"  itemscope=\"itemscope\" itemtype=\"https:\/\/schema.org\/CreativeWork\" ><div class='avia_textblock  '   itemprop=\"text\" ><p><iframe style=\"height: 700px; width: 100%; border: none;\" src=\"https:\/\/forms.zohopublic.com\/rseauactoria\/form\/OrdinateilnostrolibrobiancoCOVID19cometrasferireco\/formperma\/GXnsVGNbBCfgmYIhveQiN0XIvHWRd_4R-Z41jMUigek?zf_lang=it\" frameborder=\"0\"><\/iframe><\/p>\n<\/div><\/section><\/div><\/div><!--close column table wrapper. Autoclose: 1 --><div class=\"flex_column av_one_full  flex_column_div av-zero-column-padding first  avia-builder-el-4  el_after_av_three_fourth  avia-builder-el-last  column-top-margin\" style='border-radius:0px; '><section class=\"av_textblock_section \"  itemscope=\"itemscope\" itemtype=\"https:\/\/schema.org\/CreativeWork\" ><div class='avia_textblock  '   itemprop=\"text\" ><p><strong>PERCH\u00c9 QUESTO LIBRO BIANCO?<\/strong><\/p>\n<p>I proprietari di aziende stanno sperimentando in prima persona lo sconvolgimento di tutti i loro piani dopo un 2021 totalmente imprevedibile. Chi sta pensando di vendere la propria azienda nel 2022 \u00e8 particolarmente confuso.<\/p>\n<p>In un momento in cui molti settori sono in difficolt\u00e0 &#8211; ma alcuni stanno vivendo un boom inaspettato &#8211; <strong>portare un&#8217;azienda sul mercato \u00e8 una decisione pi\u00f9 difficile rispetto a quando l&#8217;economia era prevedibile, o almeno stabile.<\/strong><\/p>\n<p>Se state pensando di vendere la vostra azienda, farlo nel momento sbagliato pu\u00f2 significare perdere migliaia o addirittura milioni di euro di ricavi.<\/p>\n<p>Sebbene le imprese siano colpite dalla successione delle crisi finanziarie, sanitarie ed energetiche in modi molto diversi, l&#8217;impatto sulla maggior parte di esse \u00e8 negativo e i tempi della ripresa economica sono incerti.<\/p>\n<p>Purtroppo, per molti, il 2022 e forse il 2023 &#8211; chi pu\u00f2 dirlo? <strong>&#8211; pu\u00f2 sembrare il momento sbagliato per trasmettere. Ma nulla \u00e8 meno certo!<\/strong><\/p>\n<\/div><\/section><\/div><\/p>\n","protected":false},"excerpt":{"rendered":"<p>Vendita azienda Svizzera e Italia, trasferimento azienda Svizzera e Italia, vendita azienda Svizzera e Italia, acquisizione azienda Svizzera e Italia, vendita PMI Svizzera e Italia, vendita PMI Svizzera e Italia, successione PMI Svizzera e Italia, vendita azienda Svizzera e Italia, trovare un acquirente in Svizzera e in Italia<\/p>\n","protected":false},"author":2,"featured_media":23313,"parent":16537,"menu_order":1,"comment_status":"closed","ping_status":"closed","template":"","meta":{"footnotes":""},"class_list":["post-12677","page","type-page","status-publish","has-post-thumbnail","hentry"],"_links":{"self":[{"href":"https:\/\/actoria.com\/ch-it\/wp-json\/wp\/v2\/pages\/12677","targetHints":{"allow":["GET"]}}],"collection":[{"href":"https:\/\/actoria.com\/ch-it\/wp-json\/wp\/v2\/pages"}],"about":[{"href":"https:\/\/actoria.com\/ch-it\/wp-json\/wp\/v2\/types\/page"}],"author":[{"embeddable":true,"href":"https:\/\/actoria.com\/ch-it\/wp-json\/wp\/v2\/users\/2"}],"replies":[{"embeddable":true,"href":"https:\/\/actoria.com\/ch-it\/wp-json\/wp\/v2\/comments?post=12677"}],"version-history":[{"count":0,"href":"https:\/\/actoria.com\/ch-it\/wp-json\/wp\/v2\/pages\/12677\/revisions"}],"up":[{"embeddable":true,"href":"https:\/\/actoria.com\/ch-it\/wp-json\/wp\/v2\/pages\/16537"}],"wp:featuredmedia":[{"embeddable":true,"href":"https:\/\/actoria.com\/ch-it\/wp-json\/wp\/v2\/media\/23313"}],"wp:attachment":[{"href":"https:\/\/actoria.com\/ch-it\/wp-json\/wp\/v2\/media?parent=12677"}],"curies":[{"name":"wp","href":"https:\/\/api.w.org\/{rel}","templated":true}]}}