{"id":13624,"date":"2021-05-25T08:33:01","date_gmt":"2021-05-25T06:33:01","guid":{"rendered":"https:\/\/actoria.com\/ch-it\/\/?page_id=13624"},"modified":"2022-08-12T17:43:38","modified_gmt":"2022-08-12T15:43:38","slug":"aumentare-la-capacita-di-investimento","status":"publish","type":"page","link":"https:\/\/actoria.com\/ch-it\/sviluppare\/perche-sviluppare\/aumentare-la-capacita-di-investimento\/","title":{"rendered":"Aumentare la capacit\u00e0 di investimento"},"content":{"rendered":"<div id='av_section_1'  class='avia-section main_color avia-section-default avia-no-border-styling  avia-full-stretch avia-bg-style-fixed  avia-builder-el-0  el_before_av_one_full  avia-builder-el-first  header_page_section_title_wrapper  av-arrow-down-section av-minimum-height av-minimum-height-custom  container_wrap sidebar_right' style='background-repeat: no-repeat; background-image: url(https:\/\/actoria.com\/ch-it\/wp-content\/uploads\/2021\/10\/shutterstock-433567450-1500x1001.jpg);background-attachment: fixed; background-position: center center;  '  data-section-bg-repeat='stretch'><div class='container' style='height:660px'><main  role=\"main\" itemprop=\"mainContentOfPage\"  class='template-page content  av-content-small alpha units'><div class='post-entry post-entry-type-page post-entry-13624'><div class='entry-content-wrapper clearfix'>\n<div class='flex_column_table av-equal-height-column-flextable -flextable' ><div class=\"flex_column av_one_full  flex_column_table_cell av-equal-height-column av-align-bottom av-zero-column-padding first  avia-builder-el-1  avia-builder-el-no-sibling  header_page_section_title \" style='border-radius:0px; ' id=\"header_page_section_title\" ><p><br \/>\n<div  style='padding-bottom:5px; margin:0 0 0 0; color:#ffffff;' class='av-special-heading av-special-heading-h1 custom-color-heading   avia-builder-el-3  el_after_av_codeblock  avia-builder-el-last  '><h1 class='av-special-heading-tag '  itemprop=\"headline\"  >Aumentare la capacit\u00e0 di investimento<\/h1><div class='special-heading-border'><div class='special-heading-inner-border' style='border-color:#ffffff'><\/div><\/div><\/div><\/p><\/div><\/div><!--close column table wrapper. Autoclose: 1 -->\n<\/div><\/div><\/main><!-- close content main element --><\/div><div class='av-extra-border-element border-extra-arrow-down'><div class='av-extra-border-outer'><div class='av-extra-border-inner'  style='background-color:#ffffff;' ><\/div><\/div><\/div><\/div><div id='after_section_1'  class='main_color av_default_container_wrap container_wrap sidebar_right' style=' '  ><div class='container' ><div class='template-page content  av-content-small alpha units'><div class='post-entry post-entry-type-page post-entry-13624'><div class='entry-content-wrapper clearfix'>\n<div class=\"flex_column av_one_full  flex_column_div av-zero-column-padding first  avia-builder-el-4  el_after_av_section  avia-builder-el-no-sibling  \" style='border-radius:0px; '><section class=\"av_textblock_section \"  itemscope=\"itemscope\" itemtype=\"https:\/\/schema.org\/CreativeWork\" ><div class='avia_textblock  '   itemprop=\"text\" ><div id=\"attachment_18505\" style=\"width: 310px\" class=\"wp-caption alignleft\"><img loading=\"lazy\" decoding=\"async\" aria-describedby=\"caption-attachment-18505\" class=\"wp-image-18505 size-medium\" title=\"Aumentare la capacit\u00e0 di investimento, Aumentare la capacit\u00e0 di investimento, trasferimento, vendita di societ\u00e0 e azienda in Svizzera e Italia\" src=\"https:\/\/actoria.com\/ch-it\/wp-content\/uploads\/2021\/12\/shutterstock-1-38-300x300.jpg\" alt=\"Aumentare la capacit\u00e0 di investimento, Aumentare la capacit\u00e0 di investimento, trasferimento, vendita di societ\u00e0 e azienda in Svizzera e Italia\" width=\"300\" height=\"300\" srcset=\"https:\/\/actoria.com\/ch-it\/wp-content\/uploads\/2021\/12\/shutterstock-1-38-300x300.jpg 300w, https:\/\/actoria.com\/ch-it\/wp-content\/uploads\/2021\/12\/shutterstock-1-38-1030x1030.jpg 1030w, https:\/\/actoria.com\/ch-it\/wp-content\/uploads\/2021\/12\/shutterstock-1-38-80x80.jpg 80w, https:\/\/actoria.com\/ch-it\/wp-content\/uploads\/2021\/12\/shutterstock-1-38-768x768.jpg 768w, https:\/\/actoria.com\/ch-it\/wp-content\/uploads\/2021\/12\/shutterstock-1-38-1536x1536.jpg 1536w, https:\/\/actoria.com\/ch-it\/wp-content\/uploads\/2021\/12\/shutterstock-1-38-36x36.jpg 36w, https:\/\/actoria.com\/ch-it\/wp-content\/uploads\/2021\/12\/shutterstock-1-38-180x180.jpg 180w, https:\/\/actoria.com\/ch-it\/wp-content\/uploads\/2021\/12\/shutterstock-1-38-1500x1500.jpg 1500w, https:\/\/actoria.com\/ch-it\/wp-content\/uploads\/2021\/12\/shutterstock-1-38-705x705.jpg 705w, https:\/\/actoria.com\/ch-it\/wp-content\/uploads\/2021\/12\/shutterstock-1-38.jpg 1600w\" sizes=\"auto, (max-width: 300px) 100vw, 300px\" \/><p id=\"caption-attachment-18505\" class=\"wp-caption-text\">Aumentare la capacit\u00e0 d&#8217;investimento, trasferimento di aziende in Svizzera<\/p><\/div>\n<p>Le fusioni di aziende possono permettere degli investimenti pi\u00f9 consistenti in ricerca e sviluppo (R&amp;S) e quindi aumentare la capacit\u00e0 di investimento.<\/p>\n<p>In effetti, la fusione con un&#8217;altra impresa pu\u00f2 generare pi\u00f9 profitti, i quali possono essere utilizzati per finanziare investimenti rischiosi.<\/p>\n<p>Questo pu\u00f2 portare al lancio di <strong>nuovi prodotti o all&#8217;apertura di nuovi mercati<\/strong>\u00a0che da soli non potremmo raggiungere.<\/p>\n<p>Queste fusioni sono importanti per le industrie innovative e il settore sanitario che necessitano poter aumentare la propria capacit\u00e0 di investimento.<\/p>\n<p>Si stima che il 90% delle ricerche condotte dalle aziende non raggiunga mai il mercato.<\/p>\n<p>Un&#8217;aggregazione con un&#8217;altra azienda o una fusione che crei un&#8217;impresa pi\u00f9 grande, conferisce pi\u00f9 margini per tollerare il fallimento, il che incoraggia all&#8217;innovazione.<\/p>\n<p>In un precedente studio di Actoria abbiamo messo in luce come le <strong>alleanze strategiche<\/strong> presentino diversi vantaggi chiave rispetto alle fusioni e alle acquisizioni tradizionali<\/p>\n<ul>\n<li><strong>Meno investimenti iniziali richiesti:<\/strong> in quanto tali, le alleanze sono un&#8217;opzione meno rischiosa per un&#8217;aggregazione aziendale. L&#8217;investimento pu\u00f2 essere testato e scalato senza l&#8217;impegno finanziario completo richiesto per un&#8217;acquisizione.<\/li>\n<li><strong>Maggiore flessibilit\u00e0:<\/strong> rispetto alle fusioni e alle acquisizioni, la maggior parte delle alleanze sono pi\u00f9 facili da sciogliere o modificare. Se \u00e8 necessario un cambio di direzione, pu\u00f2 essere fatto in maniera pi\u00f9 veloce e meno dolorosa.<\/li>\n<li><strong>Capacit\u00e0 di creare un ecosistema di relazioni<\/strong>: le alleanze permettono a una societ\u00e0 di costruire relazioni con diversi partner importanti allo stesso tempo, cosa difficile da ottenere allo stesso ritmo tramite le fusioni e le acquisizioni.<\/li>\n<li><strong>Accesso a partner importanti che non possono essere acquisiti:<\/strong> alcune controparti interessanti semplicemente non sono in vendita; in questo caso, le alleanze sono l&#8217;unica via praticabile per una cooperazione.<\/li>\n<\/ul>\n<p><img loading=\"lazy\" decoding=\"async\" class=\"alignnone wp-image-9600 size-full\" title=\"Aumentare la capacit\u00e0 di investimento, Aumentare la capacit\u00e0 di investimento, trasferimento, vendita di societ\u00e0 e azienda in Svizzera e Italia\" src=\"https:\/\/actoria.com\/ch-it\/wp-content\/uploads\/2020\/05\/Op\u00e9ration-de-d\u00e9veloppement-PME.png\" alt=\"Aumentare la capacit\u00e0 di investimento, Aumentare la capacit\u00e0 di investimento, trasferimento, vendita di societ\u00e0 e azienda in Svizzera e Italia\" width=\"1022\" height=\"657\" srcset=\"https:\/\/actoria.com\/ch-it\/wp-content\/uploads\/2020\/05\/Op\u00e9ration-de-d\u00e9veloppement-PME.png 1022w, https:\/\/actoria.com\/ch-it\/wp-content\/uploads\/2020\/05\/Op\u00e9ration-de-d\u00e9veloppement-PME-300x193.png 300w, https:\/\/actoria.com\/ch-it\/wp-content\/uploads\/2020\/05\/Op\u00e9ration-de-d\u00e9veloppement-PME-768x494.png 768w, https:\/\/actoria.com\/ch-it\/wp-content\/uploads\/2020\/05\/Op\u00e9ration-de-d\u00e9veloppement-PME-705x453.png 705w\" sizes=\"auto, (max-width: 1022px) 100vw, 1022px\" \/><\/p>\n<\/div><\/section><\/div>\n","protected":false},"excerpt":{"rendered":"<p>Vendita azienda Svizzera e Italia, trasferimento azienda Svizzera e Italia, vendita azienda Svizzera e Italia, acquisizione azienda Svizzera e Italia, vendita PMI Svizzera e Italia, vendita PMI Svizzera e Italia, successione PMI Svizzera e Italia, vendita azienda Svizzera e Italia, trovare un acquirente in Svizzera e in Italia<\/p>\n","protected":false},"author":2,"featured_media":6655,"parent":9388,"menu_order":3,"comment_status":"closed","ping_status":"closed","template":"","meta":{"footnotes":""},"class_list":["post-13624","page","type-page","status-publish","has-post-thumbnail","hentry"],"_links":{"self":[{"href":"https:\/\/actoria.com\/ch-it\/wp-json\/wp\/v2\/pages\/13624","targetHints":{"allow":["GET"]}}],"collection":[{"href":"https:\/\/actoria.com\/ch-it\/wp-json\/wp\/v2\/pages"}],"about":[{"href":"https:\/\/actoria.com\/ch-it\/wp-json\/wp\/v2\/types\/page"}],"author":[{"embeddable":true,"href":"https:\/\/actoria.com\/ch-it\/wp-json\/wp\/v2\/users\/2"}],"replies":[{"embeddable":true,"href":"https:\/\/actoria.com\/ch-it\/wp-json\/wp\/v2\/comments?post=13624"}],"version-history":[{"count":0,"href":"https:\/\/actoria.com\/ch-it\/wp-json\/wp\/v2\/pages\/13624\/revisions"}],"up":[{"embeddable":true,"href":"https:\/\/actoria.com\/ch-it\/wp-json\/wp\/v2\/pages\/9388"}],"wp:featuredmedia":[{"embeddable":true,"href":"https:\/\/actoria.com\/ch-it\/wp-json\/wp\/v2\/media\/6655"}],"wp:attachment":[{"href":"https:\/\/actoria.com\/ch-it\/wp-json\/wp\/v2\/media?parent=13624"}],"curies":[{"name":"wp","href":"https:\/\/api.w.org\/{rel}","templated":true}]}}