{"id":13853,"date":"2021-06-03T14:06:29","date_gmt":"2021-06-03T14:06:29","guid":{"rendered":"https:\/\/actoria.com\/ch-it\/\/?page_id=13853"},"modified":"2022-08-12T17:41:40","modified_gmt":"2022-08-12T15:41:40","slug":"supporto-e-consulenza-legale","status":"publish","type":"page","link":"https:\/\/actoria.com\/ch-it\/servizi\/supporto-e-consulenza-legale\/","title":{"rendered":"Supporto e consulenza legale"},"content":{"rendered":"<div id='av_section_1'  class='avia-section main_color avia-section-default avia-no-border-styling  avia-full-stretch avia-bg-style-fixed  avia-builder-el-0  el_before_av_one_full  avia-builder-el-first  header_page_section_title_wrapper  av-arrow-down-section av-minimum-height av-minimum-height-custom  container_wrap sidebar_right' style='background-repeat: no-repeat; background-image: url(https:\/\/actoria.com\/ch-it\/wp-content\/uploads\/2021\/12\/shutterstock-1-14-1500x984.jpg);background-attachment: fixed; background-position: center center;  '  data-section-bg-repeat='stretch'><div class='container' style='height:660px'><main  role=\"main\" itemprop=\"mainContentOfPage\"  class='template-page content  av-content-small alpha units'><div class='post-entry post-entry-type-page post-entry-13853'><div class='entry-content-wrapper clearfix'>\n<div class='flex_column_table av-equal-height-column-flextable -flextable' ><div class=\"flex_column av_one_full  flex_column_table_cell av-equal-height-column av-align-bottom av-zero-column-padding first  avia-builder-el-1  avia-builder-el-no-sibling  header_page_section_title \" style='border-radius:0px; ' id=\"header_page_section_title\" ><p><br \/>\n<div  style='padding-bottom:5px; margin:0 0 0 0; color:#ffffff;' class='av-special-heading av-special-heading-h1 custom-color-heading   avia-builder-el-3  el_after_av_codeblock  avia-builder-el-last  '><h1 class='av-special-heading-tag '  itemprop=\"headline\"  >Supporto e consulenza legale<\/h1><div class='special-heading-border'><div class='special-heading-inner-border' style='border-color:#ffffff'><\/div><\/div><\/div><\/p><\/div><\/div><!--close column table wrapper. Autoclose: 1 -->\n<\/div><\/div><\/main><!-- close content main element --><\/div><div class='av-extra-border-element border-extra-arrow-down'><div class='av-extra-border-outer'><div class='av-extra-border-inner'  style='background-color:#ffffff;' ><\/div><\/div><\/div><\/div><div id='after_section_1'  class='main_color av_default_container_wrap container_wrap sidebar_right' style=' '  ><div class='container' ><div class='template-page content  av-content-small alpha units'><div class='post-entry post-entry-type-page post-entry-13853'><div class='entry-content-wrapper clearfix'>\n<div class=\"flex_column av_one_full  flex_column_div av-zero-column-padding first  avia-builder-el-4  el_after_av_section  avia-builder-el-no-sibling  \" style='border-radius:0px; '><section class=\"av_textblock_section \"  itemscope=\"itemscope\" itemtype=\"https:\/\/schema.org\/CreativeWork\" ><div class='avia_textblock  '   itemprop=\"text\" ><h2>Supporto e consulenza legale:<br \/>\nottimizzare gli aspetti legali del processo di cessione\/acquisizione aziendale<\/h2>\n<p><img loading=\"lazy\" decoding=\"async\" class=\"alignleft wp-image-18356 size-medium\" title=\"Supporto e consulenza legale, Supporto e consulenza legale, trasferimento, vendita di societ\u00e0 e azienda in Svizzera e Italia\" src=\"https:\/\/actoria.com\/ch-it\/wp-content\/uploads\/2021\/12\/shutterstock-1-11-300x200.jpg\" alt=\"Supporto e consulenza legale, Supporto e consulenza legale, trasferimento, vendita di societ\u00e0 e azienda in Svizzera e Italia\" width=\"300\" height=\"200\" \/><\/p>\n<p><em>In ogni fase del processo di trasmissione o acquisizione aziendale, l&#8217;aspetto giuridico deve essere parte integrante nella negoziazione.<\/em><\/p>\n<p><em>La situazione ideale per il venditore \u00e8 quella di beneficiare della consulenza e dell&#8217;assistenza di un esperto che prenda in considerazione l&#8217;aspetto legale il prima possibile nel processo di trasmissione.<\/em><\/p>\n<p><strong style=\"font-size: 20px;\">Preparare la cessione o l&#8217;acquisizione<\/strong><\/p>\n<p>La preparazione di una cessione o di un&#8217;acquisizione aziendale richiede una diagnosi approfondita dell&#8217;aspetto legale.<\/p>\n<p>In particolare, \u00e8 necessario conoscere l&#8217;organizzazione legale dell&#8217;azienda, identificare i contratti in corso e gli obblighi contrattuali ad essi legati, analizzare i loro vantaggi e svantaggi, valutare i rischi che possono sorgere in termini di rapporti contrattuali o nell&#8217;aspetto legale dell&#8217;azienda, considerare la modifica o la chiusura di contratti da trasferire secondo la strategia di trasmissione aziendale pianificata, affrontare la questione dei beni immobili.<\/p>\n<h3>Valutare la propria azienda<\/h3>\n<p>La valutazione dell&#8217;azienda sar\u00e0 influenzata dalla diagnosi effettuata in precedenza.<\/p>\n<p>Infatti, i rischi legali connessi sia all&#8217;ambiente interno che a quello esterno alla societ\u00e0, possono costituire minusvalenze di cui occorre tenere conto per una valutazione attendibile, che non sar\u00e0 rimessa in discussione dopo le negoziazioni.<\/p>\n<h3><strong>Negoziare il prezzo di vendita e le condizioni accessorie (in particolare la garanzia dell&#8217;attivo e del passivo per la vendita delle azioni della societ\u00e0)<\/strong><\/h3>\n<p><img loading=\"lazy\" decoding=\"async\" class=\"alignleft wp-image-18357 size-medium\" title=\"Supporto e consulenza legale, Supporto e consulenza legale, trasferimento, vendita di societ\u00e0 e azienda in Svizzera e Italia\" src=\"https:\/\/actoria.com\/ch-it\/wp-content\/uploads\/2021\/12\/shutterstock-1-12-300x200.jpg\" alt=\"Supporto e consulenza legale, Supporto e consulenza legale, trasferimento, vendita di societ\u00e0 e azienda in Svizzera e Italia\" width=\"300\" height=\"200\" \/><\/p>\n<p>I termini legali e finanziari dell&#8217;operazione riguardano diversi elementi il cui aspetto legale \u00e8 particolarmente strategico per fare gli interessi del committente di ACTORIA International.<\/p>\n<p>I titoli di propriet\u00e0, il patrimonio immobiliare, i marchi e i brevetti e i loro diritti di concessione, l&#8217;esistenza di garanzie o agevolazioni, le controversie in corso e la loro portata giuridica o addirittura contenziosa, gli obblighi normativi, sociali e fiscali, l&#8217;adeguatezza e l&#8217;ottimizzazione del sistema tributario, il rispetto della tenuta di documenti e registri richiesti dalla legge, avalli, garanzie e fideiussioni, mutui e ipoteche, condizioni bancarie sui prestiti, impegni presi dal cedente personalmente per la societ\u00e0, altri rapporti contrattuali del cedente con la societ\u00e0, cos\u00ec come le condizioni della sua uscita dalla societ\u00e0.<\/p>\n<h3><strong>Redigere o ricevere un&#8217;offerta<\/strong><\/h3>\n<p>La lettera d&#8217;intenti \u00e8 il primo documento legale che pone impegni e obblighi legali per le parti (prezzo, termini e condizioni, esclusivit\u00e0, scadenze, riservatezza, ambito della transazione, legge applicabile e giurisdizione, violazione abusiva delle trattative, ecc.)<\/p>\n<p>La revisione legale complessiva di una transazione di vendita e acquisizione avviene di solito dopo la firma della LOI (lettera d&#8217;intenti), comunque, e in particolare quando questa lettera comporta un grado significativo d&#8217;impegno da parte dell&#8217;acquirente, \u00e8 prudente e ragionevole effettuare un&#8217;analisi coerente dei fattori legali e normativi, nonch\u00e9 degli elementi contrattuali sensibili, prima di definire o stabilire un prezzo di vendita o di acquisizione.<\/p>\n<p>In effetti, con il fine di preservare la fiducia tra le parti durante le trattative, il valore iniziale di cessione o di presentazione dovrebbe essere il pi\u00f9 vicino possibile al valore che sar\u00e0 menzionato negli atti finali.<\/p>\n<p>ACTORIA International propone ai suoi clienti, venditori o acquirenti, un servizio ad alto valore aggiunto, fornendo loro un&#8217;ottimizzazione decisiva del processo di transizione e risolvendo tempestivamente tutte le questioni relative agli aspetti legali (contrattuali, legali e normativi), cos\u00ec come un risparmio di tempo e di risorse umane e materiali.<\/p>\n<h3>Concedere l&#8217;accesso ai documenti e alle informazioni richieste dall&#8217;acquirente nell&#8217;ambito dell&#8217;audit di acquisto<\/h3>\n<p><img loading=\"lazy\" decoding=\"async\" class=\"alignleft wp-image-18358 size-medium\" title=\"Supporto e consulenza legale, Supporto e consulenza legale, trasferimento, vendita di societ\u00e0 e azienda in Svizzera e Italia\" src=\"https:\/\/actoria.com\/ch-it\/wp-content\/uploads\/2021\/12\/shutterstock-1-13-300x204.jpg\" alt=\"Supporto e consulenza legale, Supporto e consulenza legale, trasferimento, vendita di societ\u00e0 e azienda in Svizzera e Italia\" width=\"300\" height=\"204\" \/><\/p>\n<p>Lo scopo degli audit di acquisto aziendale \u00e8 quello di confermare le informazioni fornite durante le prime trattative e di aiutare a definire o confermare eventuali aree di rischio, in particolare in materia contrattuale, fiscale, sociale o operativa.<\/p>\n<p>Il servizio legale di ACTORIA International \u00e8 guidato da un avvocato esperto che ti seguir\u00e0 durante il processo di audit aiutandoti a raccogliere tutte le informazioni necessarie, rendendole disponibili su una piattaforma informatica sicura, e coordinando l&#8217;interazione tra il vostro commercialista e l&#8217;acquirente.<\/p>\n<h3><strong>Firmare un memorandum d&#8217;intesa, un atto di trasferimento<\/strong><\/h3>\n<p>Quando gli audit consentono di convalidare la fattibilit\u00e0 dell&#8217;operazione di cessione o di acquisizione dell&#8217;impresa, \u00e8 il momento di firmare un memorandum d&#8217;intesa che impegna l&#8217;acquirente a ottenere il finanziamento, o anche l&#8217;atto definitivo di cessione se il finanziamento dell&#8217;operazione \u00e8 gi\u00e0 stato acquisito o \u00e8 disponibile. ACTORIA International \u00e8 in grado di assistervi nella redazione degli atti di cessione o di acquisizione.<\/p>\n<p>Le clausole di garanzia dell&#8217;attivo e del passivo rivestono un&#8217;importanza particolare, cos\u00ec come quelle relative alle modalit\u00e0 di pagamento.<\/p>\n<h3><strong>Avvisare i dipendenti dell&#8217;azienda<\/strong><\/h3>\n<p>In Svizzera il codice commerciale prevede che i dipendenti siano informati almeno due mesi prima di qualsiasi cessione. L&#8217;articolo L.23-10-1 permette loro di prendere in considerazione la possibilit\u00e0 di rilevare l&#8217;impresa, assistiti da consulenti di loro scelta, e di fare un&#8217;offerta d&#8217;acquisto. Tuttavia, il cedente non \u00e8 obbligato ad accettare un&#8217;eventuale offerta da parte dei propri dipendenti. Questo \u00e8 un momento cruciale in cui l&#8217;imprenditore dovrebbe rassicurare i propri dipendenti sulla futura stabilit\u00e0 dell&#8217;azienda e sulla continuit\u00e0 del loro impiego. Se i vostri dipendenti vi informano ufficialmente che non vogliono rilevare l&#8217;azienda, il trasferimento pu\u00f2 avvenire senza aspettare la fine del termine.<\/p>\n<p><strong>In conclusione<\/strong>, noi consigliamo ai nostri clienti cedenti, di procedere con una valutazione preliminare degli aspetti legali relativi alla propria attivit\u00e0, con l&#8217;obiettivo di fissare un prezzo di vendita corretto che non sar\u00e0 messo in discussione dall&#8217;acquirente in fase avanzata o addirittura finale della trattativa. Questa fase preliminare \u00e8 garanzia del futuro successo della negoziazione.<\/p>\n<p>Per conto dei nostri clienti acquirenti, \u00e8 auspicabile (se possibile: aspetto concorrenziale da tenere in conto) far precedere la sottoscrizione di una lettera di intenti (LOI) con un patto di stretta riservatezza con il cedente, al fine di avere accesso ai documenti interni del target per valutare quanto prima i rischi legali che possono influenzare la sua valutazione.<\/p>\n<\/div><\/section><\/div>\n","protected":false},"excerpt":{"rendered":"<p>Vendita azienda Svizzera e Italia, trasferimento azienda Svizzera e Italia, vendita azienda Svizzera e Italia, acquisizione azienda Svizzera e Italia, vendita PMI Svizzera e Italia, vendita PMI Svizzera e Italia, successione PMI Svizzera e Italia, vendita azienda Svizzera e Italia, trovare un acquirente in Svizzera e in Italia<\/p>\n","protected":false},"author":2,"featured_media":18381,"parent":9888,"menu_order":4,"comment_status":"closed","ping_status":"closed","template":"","meta":{"footnotes":""},"class_list":["post-13853","page","type-page","status-publish","has-post-thumbnail","hentry"],"yoast_head":"<!-- This site is optimized with the Yoast SEO plugin v27.4 - https:\/\/yoast.com\/product\/yoast-seo-wordpress\/ -->\n<title>Supporto e consulenza legale<\/title>\n<meta name=\"description\" content=\"Supporto e consulenza legale, specialista in Svizzera, Ticino e Italia per la trasmissione e la successione aziendale, il trasferimento di PMI in Svizzera, Ticino e Italia.\" \/>\n<meta name=\"robots\" content=\"index, follow, max-snippet:-1, max-image-preview:large, max-video-preview:-1\" \/>\n<link rel=\"canonical\" href=\"https:\/\/actoria.com\/ch-it\/servizi\/supporto-e-consulenza-legale\/\" \/>\n<meta property=\"og:locale\" content=\"it_IT\" \/>\n<meta property=\"og:type\" content=\"article\" \/>\n<meta property=\"og:title\" content=\"Supporto e consulenza legale\" \/>\n<meta property=\"og:description\" content=\"Supporto e consulenza legale, specialista in Svizzera, Ticino e Italia per la trasmissione e la successione aziendale, il trasferimento di PMI in Svizzera, Ticino e Italia.\" \/>\n<meta property=\"og:url\" content=\"https:\/\/actoria.com\/ch-it\/servizi\/supporto-e-consulenza-legale\/\" \/>\n<meta property=\"og:site_name\" content=\"Trasferimento di azienda Svizzera, Ticino e Italia, Fusioni &amp; Acquisizioni Svizzera, Ticino e Italia, Sviluppo Strategico Svizzera, Ticino e Italia\" \/>\n<meta property=\"article:modified_time\" content=\"2022-08-12T15:41:40+00:00\" \/>\n<meta property=\"og:image\" content=\"https:\/\/actoria.com\/ch-it\/wp-content\/uploads\/2021\/12\/shutterstock-1-19.jpg\" \/>\n\t<meta property=\"og:image:width\" content=\"2400\" \/>\n\t<meta property=\"og:image:height\" content=\"1600\" \/>\n\t<meta property=\"og:image:type\" content=\"image\/jpeg\" \/>\n<meta name=\"twitter:card\" content=\"summary_large_image\" \/>\n<meta name=\"twitter:label1\" content=\"Tempo di lettura stimato\" \/>\n\t<meta name=\"twitter:data1\" content=\"7 minuti\" \/>\n<script type=\"application\/ld+json\" class=\"yoast-schema-graph\">{\"@context\":\"https:\\\/\\\/schema.org\",\"@graph\":[{\"@type\":\"Article\",\"@id\":\"https:\\\/\\\/actoria.com\\\/ch-it\\\/servizi\\\/supporto-e-consulenza-legale\\\/#article\",\"isPartOf\":{\"@id\":\"https:\\\/\\\/actoria.com\\\/ch-it\\\/servizi\\\/supporto-e-consulenza-legale\\\/\"},\"author\":{\"name\":\"fabrice\",\"@id\":\"https:\\\/\\\/actoria.com\\\/ch-it\\\/#\\\/schema\\\/person\\\/f49dd9d0c4e953ed3de3e3b44cd339ac\"},\"headline\":\"Supporto e consulenza legale\",\"datePublished\":\"2021-06-03T14:06:29+00:00\",\"dateModified\":\"2022-08-12T15:41:40+00:00\",\"mainEntityOfPage\":{\"@id\":\"https:\\\/\\\/actoria.com\\\/ch-it\\\/servizi\\\/supporto-e-consulenza-legale\\\/\"},\"wordCount\":1366,\"publisher\":{\"@id\":\"https:\\\/\\\/actoria.com\\\/ch-it\\\/#organization\"},\"image\":{\"@id\":\"https:\\\/\\\/actoria.com\\\/ch-it\\\/servizi\\\/supporto-e-consulenza-legale\\\/#primaryimage\"},\"thumbnailUrl\":\"https:\\\/\\\/actoria.com\\\/ch-it\\\/wp-content\\\/uploads\\\/2021\\\/12\\\/shutterstock-1-19.jpg\",\"inLanguage\":\"it-IT\"},{\"@type\":\"WebPage\",\"@id\":\"https:\\\/\\\/actoria.com\\\/ch-it\\\/servizi\\\/supporto-e-consulenza-legale\\\/\",\"url\":\"https:\\\/\\\/actoria.com\\\/ch-it\\\/servizi\\\/supporto-e-consulenza-legale\\\/\",\"name\":\"Supporto e consulenza legale\",\"isPartOf\":{\"@id\":\"https:\\\/\\\/actoria.com\\\/ch-it\\\/#website\"},\"primaryImageOfPage\":{\"@id\":\"https:\\\/\\\/actoria.com\\\/ch-it\\\/servizi\\\/supporto-e-consulenza-legale\\\/#primaryimage\"},\"image\":{\"@id\":\"https:\\\/\\\/actoria.com\\\/ch-it\\\/servizi\\\/supporto-e-consulenza-legale\\\/#primaryimage\"},\"thumbnailUrl\":\"https:\\\/\\\/actoria.com\\\/ch-it\\\/wp-content\\\/uploads\\\/2021\\\/12\\\/shutterstock-1-19.jpg\",\"datePublished\":\"2021-06-03T14:06:29+00:00\",\"dateModified\":\"2022-08-12T15:41:40+00:00\",\"description\":\"Supporto e consulenza legale, specialista in Svizzera, Ticino e Italia per la trasmissione e la successione aziendale, il trasferimento di PMI in Svizzera, Ticino e Italia.\",\"breadcrumb\":{\"@id\":\"https:\\\/\\\/actoria.com\\\/ch-it\\\/servizi\\\/supporto-e-consulenza-legale\\\/#breadcrumb\"},\"inLanguage\":\"it-IT\",\"potentialAction\":[{\"@type\":\"ReadAction\",\"target\":[\"https:\\\/\\\/actoria.com\\\/ch-it\\\/servizi\\\/supporto-e-consulenza-legale\\\/\"]}]},{\"@type\":\"ImageObject\",\"inLanguage\":\"it-IT\",\"@id\":\"https:\\\/\\\/actoria.com\\\/ch-it\\\/servizi\\\/supporto-e-consulenza-legale\\\/#primaryimage\",\"url\":\"https:\\\/\\\/actoria.com\\\/ch-it\\\/wp-content\\\/uploads\\\/2021\\\/12\\\/shutterstock-1-19.jpg\",\"contentUrl\":\"https:\\\/\\\/actoria.com\\\/ch-it\\\/wp-content\\\/uploads\\\/2021\\\/12\\\/shutterstock-1-19.jpg\",\"width\":2400,\"height\":1600,\"caption\":\"Energia, materie prime e miniere, Energia, materie prime e miniere, trasferimento, vendita di societ\u00e0 e azienda in Svizzera e Italia\"},{\"@type\":\"BreadcrumbList\",\"@id\":\"https:\\\/\\\/actoria.com\\\/ch-it\\\/servizi\\\/supporto-e-consulenza-legale\\\/#breadcrumb\",\"itemListElement\":[{\"@type\":\"ListItem\",\"position\":1,\"name\":\"Home\",\"item\":\"https:\\\/\\\/actoria.com\\\/ch-it\\\/\"},{\"@type\":\"ListItem\",\"position\":2,\"name\":\"Servizi\",\"item\":\"https:\\\/\\\/actoria.com\\\/ch-it\\\/servizi\\\/\"},{\"@type\":\"ListItem\",\"position\":3,\"name\":\"Supporto e consulenza legale\"}]},{\"@type\":\"WebSite\",\"@id\":\"https:\\\/\\\/actoria.com\\\/ch-it\\\/#website\",\"url\":\"https:\\\/\\\/actoria.com\\\/ch-it\\\/\",\"name\":\"Trasferimento di azienda Svizzera, Ticino e Italia, Fusioni & Acquisizioni Svizzera, Ticino e Italia, Sviluppo Strategico Svizzera, Ticino e Italia\",\"description\":\"Vendere la tua azienda, PMI in Belgio, Francia, Svizzera, Marocco, Tunisia, Lussemburgo, Italia\",\"publisher\":{\"@id\":\"https:\\\/\\\/actoria.com\\\/ch-it\\\/#organization\"},\"alternateName\":\"Trasferimento di societ\u00e0, sviluppo di societ\u00e0 in Tunisia, lo specialista in fusioni e acquisizioni in Tunisia dal 2002\",\"potentialAction\":[{\"@type\":\"SearchAction\",\"target\":{\"@type\":\"EntryPoint\",\"urlTemplate\":\"https:\\\/\\\/actoria.com\\\/ch-it\\\/?s={search_term_string}\"},\"query-input\":{\"@type\":\"PropertyValueSpecification\",\"valueRequired\":true,\"valueName\":\"search_term_string\"}}],\"inLanguage\":\"it-IT\"},{\"@type\":\"Organization\",\"@id\":\"https:\\\/\\\/actoria.com\\\/ch-it\\\/#organization\",\"name\":\"Actoria Svizzera, Ticico e Italia, Trasferimento di azienda Svizzera, Ticino e Italia, Fusioni & Acquisizioni Svizzera, Ticino e Italia, Sviluppo Strategico Svizzera, Ticino e Italia\",\"alternateName\":\"Vendere la tua azienda, PMI in Belgio, Francia, Svizzera, Marocco, Tunisia, Lussemburgo, Italia\",\"url\":\"https:\\\/\\\/actoria.com\\\/ch-it\\\/\",\"logo\":{\"@type\":\"ImageObject\",\"inLanguage\":\"it-IT\",\"@id\":\"https:\\\/\\\/actoria.com\\\/ch-it\\\/#\\\/schema\\\/logo\\\/image\\\/\",\"url\":\"https:\\\/\\\/actoria.com\\\/ch-it\\\/wp-content\\\/uploads\\\/2020\\\/12\\\/Logo-standard.bmp\",\"contentUrl\":\"https:\\\/\\\/actoria.com\\\/ch-it\\\/wp-content\\\/uploads\\\/2020\\\/12\\\/Logo-standard.bmp\",\"width\":566,\"height\":358,\"caption\":\"Actoria Svizzera, Ticico e Italia, Trasferimento di azienda Svizzera, Ticino e Italia, Fusioni & Acquisizioni Svizzera, Ticino e Italia, Sviluppo Strategico Svizzera, Ticino e Italia\"},\"image\":{\"@id\":\"https:\\\/\\\/actoria.com\\\/ch-it\\\/#\\\/schema\\\/logo\\\/image\\\/\"},\"sameAs\":[\"https:\\\/\\\/fr.linkedin.com\\\/company\\\/actoria-group_2\"]},{\"@type\":\"Person\",\"@id\":\"https:\\\/\\\/actoria.com\\\/ch-it\\\/#\\\/schema\\\/person\\\/f49dd9d0c4e953ed3de3e3b44cd339ac\",\"name\":\"fabrice\",\"url\":\"https:\\\/\\\/actoria.com\\\/ch-it\\\/author\\\/fabrice\\\/\"}]}<\/script>\n<!-- \/ Yoast SEO plugin. -->","yoast_head_json":{"title":"Supporto e consulenza legale","description":"Supporto e consulenza legale, specialista in Svizzera, Ticino e Italia per la trasmissione e la successione aziendale, il trasferimento di PMI in Svizzera, Ticino e Italia.","robots":{"index":"index","follow":"follow","max-snippet":"max-snippet:-1","max-image-preview":"max-image-preview:large","max-video-preview":"max-video-preview:-1"},"canonical":"https:\/\/actoria.com\/ch-it\/servizi\/supporto-e-consulenza-legale\/","og_locale":"it_IT","og_type":"article","og_title":"Supporto e consulenza legale","og_description":"Supporto e consulenza legale, specialista in Svizzera, Ticino e Italia per la trasmissione e la successione aziendale, il trasferimento di PMI in Svizzera, Ticino e Italia.","og_url":"https:\/\/actoria.com\/ch-it\/servizi\/supporto-e-consulenza-legale\/","og_site_name":"Trasferimento di azienda Svizzera, Ticino e Italia, Fusioni &amp; Acquisizioni Svizzera, Ticino e Italia, Sviluppo Strategico Svizzera, Ticino e Italia","article_modified_time":"2022-08-12T15:41:40+00:00","og_image":[{"width":2400,"height":1600,"url":"https:\/\/actoria.com\/ch-it\/wp-content\/uploads\/2021\/12\/shutterstock-1-19.jpg","type":"image\/jpeg"}],"twitter_card":"summary_large_image","twitter_misc":{"Tempo di lettura stimato":"7 minuti"},"schema":{"@context":"https:\/\/schema.org","@graph":[{"@type":"Article","@id":"https:\/\/actoria.com\/ch-it\/servizi\/supporto-e-consulenza-legale\/#article","isPartOf":{"@id":"https:\/\/actoria.com\/ch-it\/servizi\/supporto-e-consulenza-legale\/"},"author":{"name":"fabrice","@id":"https:\/\/actoria.com\/ch-it\/#\/schema\/person\/f49dd9d0c4e953ed3de3e3b44cd339ac"},"headline":"Supporto e consulenza legale","datePublished":"2021-06-03T14:06:29+00:00","dateModified":"2022-08-12T15:41:40+00:00","mainEntityOfPage":{"@id":"https:\/\/actoria.com\/ch-it\/servizi\/supporto-e-consulenza-legale\/"},"wordCount":1366,"publisher":{"@id":"https:\/\/actoria.com\/ch-it\/#organization"},"image":{"@id":"https:\/\/actoria.com\/ch-it\/servizi\/supporto-e-consulenza-legale\/#primaryimage"},"thumbnailUrl":"https:\/\/actoria.com\/ch-it\/wp-content\/uploads\/2021\/12\/shutterstock-1-19.jpg","inLanguage":"it-IT"},{"@type":"WebPage","@id":"https:\/\/actoria.com\/ch-it\/servizi\/supporto-e-consulenza-legale\/","url":"https:\/\/actoria.com\/ch-it\/servizi\/supporto-e-consulenza-legale\/","name":"Supporto e consulenza legale","isPartOf":{"@id":"https:\/\/actoria.com\/ch-it\/#website"},"primaryImageOfPage":{"@id":"https:\/\/actoria.com\/ch-it\/servizi\/supporto-e-consulenza-legale\/#primaryimage"},"image":{"@id":"https:\/\/actoria.com\/ch-it\/servizi\/supporto-e-consulenza-legale\/#primaryimage"},"thumbnailUrl":"https:\/\/actoria.com\/ch-it\/wp-content\/uploads\/2021\/12\/shutterstock-1-19.jpg","datePublished":"2021-06-03T14:06:29+00:00","dateModified":"2022-08-12T15:41:40+00:00","description":"Supporto e consulenza legale, specialista in Svizzera, Ticino e Italia per la trasmissione e la successione aziendale, il trasferimento di PMI in Svizzera, Ticino e Italia.","breadcrumb":{"@id":"https:\/\/actoria.com\/ch-it\/servizi\/supporto-e-consulenza-legale\/#breadcrumb"},"inLanguage":"it-IT","potentialAction":[{"@type":"ReadAction","target":["https:\/\/actoria.com\/ch-it\/servizi\/supporto-e-consulenza-legale\/"]}]},{"@type":"ImageObject","inLanguage":"it-IT","@id":"https:\/\/actoria.com\/ch-it\/servizi\/supporto-e-consulenza-legale\/#primaryimage","url":"https:\/\/actoria.com\/ch-it\/wp-content\/uploads\/2021\/12\/shutterstock-1-19.jpg","contentUrl":"https:\/\/actoria.com\/ch-it\/wp-content\/uploads\/2021\/12\/shutterstock-1-19.jpg","width":2400,"height":1600,"caption":"Energia, materie prime e miniere, Energia, materie prime e miniere, trasferimento, vendita di societ\u00e0 e azienda in Svizzera e Italia"},{"@type":"BreadcrumbList","@id":"https:\/\/actoria.com\/ch-it\/servizi\/supporto-e-consulenza-legale\/#breadcrumb","itemListElement":[{"@type":"ListItem","position":1,"name":"Home","item":"https:\/\/actoria.com\/ch-it\/"},{"@type":"ListItem","position":2,"name":"Servizi","item":"https:\/\/actoria.com\/ch-it\/servizi\/"},{"@type":"ListItem","position":3,"name":"Supporto e consulenza legale"}]},{"@type":"WebSite","@id":"https:\/\/actoria.com\/ch-it\/#website","url":"https:\/\/actoria.com\/ch-it\/","name":"Trasferimento di azienda Svizzera, Ticino e Italia, Fusioni & Acquisizioni Svizzera, Ticino e Italia, Sviluppo Strategico Svizzera, Ticino e Italia","description":"Vendere la tua azienda, PMI in Belgio, Francia, Svizzera, Marocco, Tunisia, Lussemburgo, Italia","publisher":{"@id":"https:\/\/actoria.com\/ch-it\/#organization"},"alternateName":"Trasferimento di societ\u00e0, sviluppo di societ\u00e0 in Tunisia, lo specialista in fusioni e acquisizioni in Tunisia dal 2002","potentialAction":[{"@type":"SearchAction","target":{"@type":"EntryPoint","urlTemplate":"https:\/\/actoria.com\/ch-it\/?s={search_term_string}"},"query-input":{"@type":"PropertyValueSpecification","valueRequired":true,"valueName":"search_term_string"}}],"inLanguage":"it-IT"},{"@type":"Organization","@id":"https:\/\/actoria.com\/ch-it\/#organization","name":"Actoria Svizzera, Ticico e Italia, Trasferimento di azienda Svizzera, Ticino e Italia, Fusioni & Acquisizioni Svizzera, Ticino e Italia, Sviluppo Strategico Svizzera, Ticino e Italia","alternateName":"Vendere la tua azienda, PMI in Belgio, Francia, Svizzera, Marocco, Tunisia, Lussemburgo, Italia","url":"https:\/\/actoria.com\/ch-it\/","logo":{"@type":"ImageObject","inLanguage":"it-IT","@id":"https:\/\/actoria.com\/ch-it\/#\/schema\/logo\/image\/","url":"https:\/\/actoria.com\/ch-it\/wp-content\/uploads\/2020\/12\/Logo-standard.bmp","contentUrl":"https:\/\/actoria.com\/ch-it\/wp-content\/uploads\/2020\/12\/Logo-standard.bmp","width":566,"height":358,"caption":"Actoria Svizzera, Ticico e Italia, Trasferimento di azienda Svizzera, Ticino e Italia, Fusioni & Acquisizioni Svizzera, Ticino e Italia, Sviluppo Strategico Svizzera, Ticino e Italia"},"image":{"@id":"https:\/\/actoria.com\/ch-it\/#\/schema\/logo\/image\/"},"sameAs":["https:\/\/fr.linkedin.com\/company\/actoria-group_2"]},{"@type":"Person","@id":"https:\/\/actoria.com\/ch-it\/#\/schema\/person\/f49dd9d0c4e953ed3de3e3b44cd339ac","name":"fabrice","url":"https:\/\/actoria.com\/ch-it\/author\/fabrice\/"}]}},"_links":{"self":[{"href":"https:\/\/actoria.com\/ch-it\/wp-json\/wp\/v2\/pages\/13853","targetHints":{"allow":["GET"]}}],"collection":[{"href":"https:\/\/actoria.com\/ch-it\/wp-json\/wp\/v2\/pages"}],"about":[{"href":"https:\/\/actoria.com\/ch-it\/wp-json\/wp\/v2\/types\/page"}],"author":[{"embeddable":true,"href":"https:\/\/actoria.com\/ch-it\/wp-json\/wp\/v2\/users\/2"}],"replies":[{"embeddable":true,"href":"https:\/\/actoria.com\/ch-it\/wp-json\/wp\/v2\/comments?post=13853"}],"version-history":[{"count":0,"href":"https:\/\/actoria.com\/ch-it\/wp-json\/wp\/v2\/pages\/13853\/revisions"}],"up":[{"embeddable":true,"href":"https:\/\/actoria.com\/ch-it\/wp-json\/wp\/v2\/pages\/9888"}],"wp:featuredmedia":[{"embeddable":true,"href":"https:\/\/actoria.com\/ch-it\/wp-json\/wp\/v2\/media\/18381"}],"wp:attachment":[{"href":"https:\/\/actoria.com\/ch-it\/wp-json\/wp\/v2\/media?parent=13853"}],"curies":[{"name":"wp","href":"https:\/\/api.w.org\/{rel}","templated":true}]}}