{"id":1429,"date":"2015-05-12T13:06:33","date_gmt":"2015-05-12T13:06:33","guid":{"rendered":"https:\/\/actoria.com\/ch-it\/\/?page_id=1429"},"modified":"2022-08-12T17:39:49","modified_gmt":"2022-08-12T15:39:49","slug":"i-nostri-consigli-per-un-trasferimento-dimpresa-di-successo-in-svizzera","status":"publish","type":"page","link":"https:\/\/actoria.com\/ch-it\/trasmissione\/decidere-di-vendere\/i-nostri-consigli-per-un-trasferimento-dimpresa-di-successo-in-svizzera\/","title":{"rendered":"I nostri consigli per un trasferimento d&#8217;impresa di successo in Svizzera"},"content":{"rendered":"<div id='av_section_1'  class='avia-section main_color avia-section-default avia-no-border-styling  avia-full-stretch avia-bg-style-fixed  avia-builder-el-0  el_before_av_one_full  avia-builder-el-first  header_page_section_title_wrapper  av-arrow-down-section av-minimum-height av-minimum-height-custom  container_wrap sidebar_right' style='background-repeat: no-repeat; background-image: url(https:\/\/actoria.com\/ch-it\/wp-content\/uploads\/2021\/12\/shutterstock-1-37-1500x910.jpg);background-attachment: fixed; background-position: center center;  '  data-section-bg-repeat='stretch'><div class='container' style='height:660px'><main  role=\"main\" itemprop=\"mainContentOfPage\"  class='template-page content  av-content-small alpha units'><div class='post-entry post-entry-type-page post-entry-1429'><div class='entry-content-wrapper clearfix'>\n<div class='flex_column_table av-equal-height-column-flextable -flextable' ><div class=\"flex_column av_one_full  flex_column_table_cell av-equal-height-column av-align-bottom av-zero-column-padding first  avia-builder-el-1  avia-builder-el-no-sibling  header_page_section_title \" style='border-radius:0px; ' id=\"header_page_section_title\" ><p><br \/>\n<div  style='padding-bottom:5px; margin:0 0 0 0; color:#ffffff;' class='av-special-heading av-special-heading-h1 custom-color-heading   avia-builder-el-3  el_after_av_codeblock  avia-builder-el-last  '><h1 class='av-special-heading-tag '  itemprop=\"headline\"  >I nostri consigli per un trasferimento d\u2019impresa di successo in Svizzera<\/h1><div class='special-heading-border'><div class='special-heading-inner-border' style='border-color:#ffffff'><\/div><\/div><\/div><\/p><\/div><\/div><!--close column table wrapper. Autoclose: 1 -->\n<\/div><\/div><\/main><!-- close content main element --><\/div><div class='av-extra-border-element border-extra-arrow-down'><div class='av-extra-border-outer'><div class='av-extra-border-inner'  style='background-color:#ffffff;' ><\/div><\/div><\/div><\/div><div id='after_section_1'  class='main_color av_default_container_wrap container_wrap sidebar_right' style=' '  ><div class='container' ><div class='template-page content  av-content-small alpha units'><div class='post-entry post-entry-type-page post-entry-1429'><div class='entry-content-wrapper clearfix'>\n<div class=\"flex_column av_one_full  flex_column_div av-zero-column-padding first  avia-builder-el-4  el_after_av_section  avia-builder-el-no-sibling  \" style='border-radius:0px; '><p><div  style='height:50px' class='hr hr-invisible   avia-builder-el-5  el_before_av_textblock  avia-builder-el-first '><span class='hr-inner ' ><span class='hr-inner-style'><\/span><\/span><\/div><br \/>\n<section class=\"av_textblock_section \"  itemscope=\"itemscope\" itemtype=\"https:\/\/schema.org\/CreativeWork\" ><div class='avia_textblock  '   itemprop=\"text\" ><p>Qui di seguito troverete i nostri 10 migliori consigli per un trasferimento d&#8217;impresa di successo in Svizzera.<\/p>\n<h3 style=\"text-align: justify;\">Consiglio N\u00b0 1: Preparazione, preparazione e ancora preparazione<\/h3>\n<div id=\"attachment_18626\" style=\"width: 310px\" class=\"wp-caption alignleft\"><img loading=\"lazy\" decoding=\"async\" aria-describedby=\"caption-attachment-18626\" class=\"wp-image-18626 size-medium\" title=\"I nostri consigli per un trasferimento d&rsquo;impresa di successo in Svizzera, I nostri consigli per un trasferimento d&rsquo;impresa di successo in Svizzera, trasferimento, vendita di societ\u00e0 e azienda in Svizzera e Italia\" src=\"https:\/\/actoria.com\/ch-it\/wp-content\/uploads\/2021\/12\/shutterstock-1-62-300x200.jpg\" alt=\"I nostri consigli per un trasferimento d&rsquo;impresa di successo in Svizzera, I nostri consigli per un trasferimento d&rsquo;impresa di successo in Svizzera, trasferimento, vendita di societ\u00e0 e azienda in Svizzera e Italia\" width=\"300\" height=\"200\" \/><p id=\"caption-attachment-18626\" class=\"wp-caption-text\">I nostri consigli sulle cessioni, trasferimento d&#8217;impresa in Svizzera<\/p><\/div>\n<p style=\"text-align: justify;\">Prima di passare alla fase operativa, \u00e8 essenziale partire con una riflessione sulle <strong>motivazioni e gli obiettivi dell&#8217;operazione, per fare in modo che il trasferimento dell&#8217;attivit\u00e0 abbia successo.<\/strong> Ci possono essere molte ragioni per la vendita e qualsiasi mancanza di chiarezza sulle ragioni della vendita costituir\u00e0 un freno all&#8217;analisi del vostro dossier da parte degli acquirenti. Inoltre, una <strong>diagnosi finanziaria, e anche personale,<\/strong> \u00e8 un prerequisito essenziale per l&#8217;operazione, al fine di essere preparati alle sue conseguenze.<br \/>\nAttenzione ai pericoli della vita che ti costringono a precipitare le cose. In questo settore, qualsiasi fretta porta alla sfiducia da parte degli acquirenti e dei consulenti.<\/p>\n<h3 style=\"text-align: justify;\"><strong>ConsiglioN\u00b0 2: Non cedere mai la propria attivit\u00e0 da soli<\/strong><\/h3>\n<p style=\"text-align: justify;\"><strong>Non sar\u00e0 garantita la riservatezza<\/strong> se si decider\u00e0 di vendere la propria\u00a0 attivit\u00e0 per conto proprio, in particolare pubblicando un annuncio sulla stampa. Inoltre, <strong>non bisogna mai trovarsi in prima linea<\/strong> di fronte a un acquirente e ai suoi consigli. Solo un consulente di vendita sar\u00e0 in grado di garantire la vostra rappresentanza e svolgere un<strong> ruolo di consulenza nelle trattative altamente tecniche<\/strong>. Inoltre, \u00e8 <strong>preferibile che dei consulenti filtrino<\/strong> gli acquirenti e ne verifichino le qualit\u00e0 professionali e finanziarie.<\/p>\n<h3 style=\"text-align: justify;\"><strong>Consiglio N\u00b0 3: Affidate il vostro fascicolo a un solo consulente<\/strong><\/h3>\n<p style=\"text-align: justify;\">Troppo spesso gli imprenditori commettono l&#8217;errore di riferirsi al mercato immobiliare e inizialmente considerano che hanno bisogno di aumentare il numero di consulenti incaricati di vendere la loro attivit\u00e0. <strong>Un&#8217;azienda viene trasferita<\/strong> seguendo una <strong>metodologia<\/strong> estremamente rigorosa <strong>che non ha nulla a che vedere con la vendita di un immobile<\/strong>, in particolare con un <strong>approccio diretto<\/strong> e <strong>indiretto<\/strong> sulla base di <strong>specifiche ben definite<\/strong>. L&#8217;approccio diretto agli acquirenti pu\u00f2 essere effettuato solo da un singolo\u00a0 consulente. Inoltre,<strong> bisognerebbe scegliere un operatore con una dimensione internazionale<\/strong>, che da solo pu\u00f2 beneficiare di una <strong>potente logistica<\/strong> che permetter\u00e0 di diramare sul vostro caso a<strong> livello nazionale o addirittura internazionale<\/strong>. Questo \u00e8 ovviamente il nostro caso.<\/p>\n<h3 style=\"text-align: justify;\"><strong>Consiglio N\u00b0 4: La successione familiare \u00e8 la soluzione migliore per una trasmissione aziendale di successo?<\/strong><\/h3>\n<p style=\"text-align: justify;\">Naturalmente, la trasmissione familiare \u00e8 il modo pi\u00f9 logico di trasferire l&#8217;azienda quando \u00e8 stata nella famiglia per diverse generazioni. <strong>Siete sicuri che questa sia la soluzione giusta?<\/strong> Che i vostri figli siano capaci di prenderne il controllo? Che questo progetto faccia parte delle loro aspirazioni?<\/p>\n<p>Non \u00e8 meglio recuperare un prezzo di trasferimento pi\u00f9 interessante in generale trasferendo a una terza parte?<\/p>\n<p>Attenzione, un regalo non \u00e8 sempre il modo migliore per trasferire. <strong>Esistono altre soluzioni pi\u00f9 vantaggiose per il cedente.<\/strong><\/p>\n<h3 style=\"text-align: justify;\"><strong>Consiglio N\u00b0 5: Parlare con il numero &#8220;due&#8221; dell&#8217;azienda<\/strong><\/h3>\n<div id=\"attachment_18628\" style=\"width: 310px\" class=\"wp-caption alignleft\"><img loading=\"lazy\" decoding=\"async\" aria-describedby=\"caption-attachment-18628\" class=\"wp-image-18628 size-medium\" title=\"I nostri consigli per un trasferimento d&rsquo;impresa di successo in Svizzera, I nostri consigli per un trasferimento d&rsquo;impresa di successo in Svizzera, trasferimento, vendita di societ\u00e0 e azienda in Svizzera e Italia\" src=\"https:\/\/actoria.com\/ch-it\/wp-content\/uploads\/2021\/12\/shutterstock-1-63-300x200.jpg\" alt=\"I nostri consigli per un trasferimento d&rsquo;impresa di successo in Svizzera, I nostri consigli per un trasferimento d&rsquo;impresa di successo in Svizzera, trasferimento, vendita di societ\u00e0 e azienda in Svizzera e Italia\" width=\"300\" height=\"200\" srcset=\"https:\/\/actoria.com\/ch-it\/wp-content\/uploads\/2021\/12\/shutterstock-1-63-300x200.jpg 300w, https:\/\/actoria.com\/ch-it\/wp-content\/uploads\/2021\/12\/shutterstock-1-63-1030x687.jpg 1030w, https:\/\/actoria.com\/ch-it\/wp-content\/uploads\/2021\/12\/shutterstock-1-63-768x512.jpg 768w, https:\/\/actoria.com\/ch-it\/wp-content\/uploads\/2021\/12\/shutterstock-1-63-1536x1024.jpg 1536w, https:\/\/actoria.com\/ch-it\/wp-content\/uploads\/2021\/12\/shutterstock-1-63-2048x1365.jpg 2048w, https:\/\/actoria.com\/ch-it\/wp-content\/uploads\/2021\/12\/shutterstock-1-63-1500x1000.jpg 1500w, https:\/\/actoria.com\/ch-it\/wp-content\/uploads\/2021\/12\/shutterstock-1-63-705x470.jpg 705w\" sizes=\"auto, (max-width: 300px) 100vw, 300px\" \/><p id=\"caption-attachment-18628\" class=\"wp-caption-text\">I nostri consigli sulle cessioni, trasferimento d&#8217;impresa in Svizzera<\/p><\/div>\n<p style=\"text-align: justify;\">Ovviamente, il tema della vendita della propria azienda \u00e8 un tab\u00f9, soprattutto nel caso di una PMI familiare.<\/p>\n<p style=\"text-align: justify;\"><strong>Per trasferire con successo un&#8217;azienda, \u00e8 imperativo che il braccio destro sia coinvolto e che aiuti il nuovo capo.<\/strong><br \/>\nInoltre, anche se la vostra et\u00e0 \u00e8 mantenuta segreta, il personale si rende conto che non siete pi\u00f9 giovani e che il problema si presenter\u00e0 prima o poi&#8230;<\/p>\n<h3 style=\"text-align: justify;\"><strong>Consiglio N\u00b0 6: Attenzione a ci\u00f2 che firmate<\/strong><\/h3>\n<p style=\"text-align: justify;\">Fate attenzione prima di accettare una <strong>lettera di intenti<\/strong>, un protocollo di discussione, <strong>un&#8217;esclusiva<\/strong>, una <strong>promessa<\/strong>, un <strong>contratto di vendita<\/strong>, una garanzie di passivit\u00e0&#8230;<\/p>\n<p style=\"text-align: justify;\">Non firmate mai senza l&#8217;approvazione di un esperto. In qualsiasi momento, si pu\u00f2 essere ritenuti civilmente o addirittura penalmente responsabili e rischiare di perdere diversi mesi in contenziosi inutili.<\/p>\n<p style=\"text-align: justify;\">Possiamo mettervi a disposizione, su vostra espressa richiesta, <strong>esperti fiscali e avvocati<\/strong>, che potranno fornirvi tutta la consulenza necessaria sui possibili rischi dell&#8217;operazione.<\/p>\n<h3 style=\"text-align: justify;\"><strong>Consiglio N\u00b0 7: La riservatezza \u00e8 fondamentale<\/strong><\/h3>\n<p style=\"text-align: justify;\">Immaginate che un concorrente, un fornitore o un dipendente sappia della vostra intenzione di vendere. Questo \u00e8 un rischio che non potete permettervi di correre.<br \/>\nInoltre, <strong>finch\u00e9 il prezzo non \u00e8 stato pagato, la transazione non \u00e8 completata<\/strong>. Attenzione agli annunci prematuri.<br \/>\nQualsiasi transazione resa pubblica e non completata pu\u00f2 mettere in dubbio la qualit\u00e0 della vostra PMI e rendere pi\u00f9 difficile qualsiasi transazione successiva.<\/p>\n<h3 style=\"text-align: justify;\"><strong>Consiglio N\u00b0 8: Il prezzo non \u00e8 l&#8217;aspetto principale<\/strong><\/h3>\n<p style=\"text-align: justify;\">Naturalmente, volete vendere alle migliori condizioni. Non dimenticate che ci\u00f2 che conta \u00e8 <strong>l&#8217;importo che riceverete al netto delle tasse<\/strong> e dopo la deduzione delle azioni di garanzia&#8230;<\/p>\n<p style=\"text-align: justify;\">Inoltre, le <strong>garanzie richieste dagli acquirenti<\/strong> sono generalmente proporzionali alle vostre esigenze finanziarie.<\/p>\n<h3 style=\"text-align: justify;\"><strong>Consiglio N\u00b0 9: Preparare la transizione<\/strong><\/h3>\n<p style=\"text-align: justify;\">La maggior parte degli acquirenti richiede che siate presenti nell&#8217;azienda per un periodo di tempo per assicurare la transizione nella gestione.<br \/>\nPer trasferire con successo un&#8217;impresa, la transizione \u00e8 importante per rassicurare i dipendenti, il direttivo, i clienti e i fornitori.<\/p>\n<p style=\"text-align: justify;\">Ma attenzione a <strong>non dimenticate i termini finanziari<\/strong>, altrimenti potrebbe esserci una brutta sorpresa dopo il trasferimento.<\/p>\n<h3 style=\"text-align: justify;\"><strong>Consiglio N\u00b0 10: Dopo la cessione, la vita continua<\/strong><\/h3>\n<p>Avete venduto o trasferito la vostra attivit\u00e0? Attenzione, state cambiando il vostro status&#8230;<br \/>\nNon siete pi\u00f9 a capo di una PMI, siete tornati ad essere una persona comune!<\/p>\n<p><strong>Preparate la vostra conversione<\/strong>, sia che stiate andando in pensione o che stiate cambiando attivit\u00e0.<\/p>\n<\/div><\/section><\/p><\/div>\n","protected":false},"excerpt":{"rendered":"<p>Vendita azienda Svizzera e Italia, trasferimento azienda Svizzera e Italia, vendita azienda Svizzera e Italia, acquisizione azienda Svizzera e Italia, vendita PMI Svizzera e Italia, vendita PMI Svizzera e Italia, successione PMI Svizzera e Italia, vendita azienda Svizzera e Italia, trovare un acquirente in Svizzera e in Italia<\/p>\n","protected":false},"author":2,"featured_media":18347,"parent":9919,"menu_order":1,"comment_status":"closed","ping_status":"closed","template":"","meta":{"footnotes":""},"class_list":["post-1429","page","type-page","status-publish","has-post-thumbnail","hentry"],"_links":{"self":[{"href":"https:\/\/actoria.com\/ch-it\/wp-json\/wp\/v2\/pages\/1429","targetHints":{"allow":["GET"]}}],"collection":[{"href":"https:\/\/actoria.com\/ch-it\/wp-json\/wp\/v2\/pages"}],"about":[{"href":"https:\/\/actoria.com\/ch-it\/wp-json\/wp\/v2\/types\/page"}],"author":[{"embeddable":true,"href":"https:\/\/actoria.com\/ch-it\/wp-json\/wp\/v2\/users\/2"}],"replies":[{"embeddable":true,"href":"https:\/\/actoria.com\/ch-it\/wp-json\/wp\/v2\/comments?post=1429"}],"version-history":[{"count":0,"href":"https:\/\/actoria.com\/ch-it\/wp-json\/wp\/v2\/pages\/1429\/revisions"}],"up":[{"embeddable":true,"href":"https:\/\/actoria.com\/ch-it\/wp-json\/wp\/v2\/pages\/9919"}],"wp:featuredmedia":[{"embeddable":true,"href":"https:\/\/actoria.com\/ch-it\/wp-json\/wp\/v2\/media\/18347"}],"wp:attachment":[{"href":"https:\/\/actoria.com\/ch-it\/wp-json\/wp\/v2\/media?parent=1429"}],"curies":[{"name":"wp","href":"https:\/\/api.w.org\/{rel}","templated":true}]}}