{"id":1480,"date":"2015-05-12T16:17:22","date_gmt":"2015-05-12T16:17:22","guid":{"rendered":"https:\/\/actoria.com\/ch-it\/\/?page_id=1480"},"modified":"2022-08-12T17:44:35","modified_gmt":"2022-08-12T15:44:35","slug":"diagnosi-finanziaria-dellazienda","status":"publish","type":"page","link":"https:\/\/actoria.com\/ch-it\/trasmissione\/come-vendere\/diagnosi-finanziaria-dellazienda\/","title":{"rendered":"Diagnosi finanziaria dell&#8217;azienda"},"content":{"rendered":"<div id='av_section_1'  class='avia-section main_color avia-section-default avia-no-border-styling  avia-full-stretch av-parallax-section avia-bg-style-parallax  avia-builder-el-0  el_before_av_one_full  avia-builder-el-first  header_page_section_title_wrapper  av-arrow-down-section av-minimum-height av-minimum-height-custom  container_wrap sidebar_right' style=' '  data-section-bg-repeat='stretch'><div class='av-parallax' data-avia-parallax-ratio='0.3' ><div class='av-parallax-inner main_color  avia-full-stretch' style = 'background-repeat: no-repeat; background-image: url(https:\/\/actoria.com\/ch-it\/wp-content\/uploads\/2020\/03\/actoria_cession_entreprise-15.jpg);background-attachment: scroll; background-position: center center; ' ><\/div><\/div><div class='container' style='height:660px'><main  role=\"main\" itemprop=\"mainContentOfPage\"  class='template-page content  av-content-small alpha units'><div class='post-entry post-entry-type-page post-entry-1480'><div class='entry-content-wrapper clearfix'>\n<div class='flex_column_table av-equal-height-column-flextable -flextable' ><div class=\"flex_column av_one_full  av-animated-generic bottom-to-top  flex_column_table_cell av-equal-height-column av-align-bottom av-zero-column-padding first  avia-builder-el-1  avia-builder-el-no-sibling  header_page_section_title \" style='border-radius:0px; ' id=\"header_page_section_title\" ><p><br \/>\n<div  style='padding-bottom:5px; margin:0 0 0 0; color:#ffffff;' class='av-special-heading av-special-heading-h1 custom-color-heading   avia-builder-el-3  el_after_av_codeblock  avia-builder-el-last  '><h1 class='av-special-heading-tag '  itemprop=\"headline\"  >Diagnosi finanziaria dell\u2019azienda<\/h1><div class='special-heading-border'><div class='special-heading-inner-border' style='border-color:#ffffff'><\/div><\/div><\/div><\/p><\/div><\/div><!--close column table wrapper. Autoclose: 1 --><\/div><\/div><\/main><!-- close content main element --><\/div><div class='av-extra-border-element border-extra-arrow-down'><div class='av-extra-border-outer'><div class='av-extra-border-inner'  style='background-color:#ffffff;' ><\/div><\/div><\/div><\/div><div id='after_section_1'  class='main_color av_default_container_wrap container_wrap sidebar_right' style=' '  ><div class='container' ><div class='template-page content  av-content-small alpha units'><div class='post-entry post-entry-type-page post-entry-1480'><div class='entry-content-wrapper clearfix'><div class=\"flex_column av_one_full  flex_column_div av-zero-column-padding first  avia-builder-el-4  el_after_av_section  el_before_av_postcontent  avia-builder-el-no-sibling  \" style='border-radius:0px; '><section class=\"av_textblock_section \"  itemscope=\"itemscope\" itemtype=\"https:\/\/schema.org\/CreativeWork\" ><div class='avia_textblock  '   itemprop=\"text\" ><p><img loading=\"lazy\" decoding=\"async\" class=\"wp-image-8110 alignleft\" src=\"https:\/\/actoria.com\/ch-it\/\/wp-content\/uploads\/2019\/11\/modern-factory-management-2PEM4V8.jpg\" alt=\"\" width=\"334\" height=\"222\" title=\"\" srcset=\"https:\/\/actoria.com\/ch-it\/wp-content\/uploads\/2019\/11\/modern-factory-management-2PEM4V8.jpg 2000w, https:\/\/actoria.com\/ch-it\/wp-content\/uploads\/2019\/11\/modern-factory-management-2PEM4V8-300x200.jpg 300w, https:\/\/actoria.com\/ch-it\/wp-content\/uploads\/2019\/11\/modern-factory-management-2PEM4V8-1030x686.jpg 1030w, https:\/\/actoria.com\/ch-it\/wp-content\/uploads\/2019\/11\/modern-factory-management-2PEM4V8-768x512.jpg 768w, https:\/\/actoria.com\/ch-it\/wp-content\/uploads\/2019\/11\/modern-factory-management-2PEM4V8-1536x1024.jpg 1536w, https:\/\/actoria.com\/ch-it\/wp-content\/uploads\/2019\/11\/modern-factory-management-2PEM4V8-1500x1000.jpg 1500w, https:\/\/actoria.com\/ch-it\/wp-content\/uploads\/2019\/11\/modern-factory-management-2PEM4V8-705x470.jpg 705w\" sizes=\"auto, (max-width: 334px) 100vw, 334px\" \/><\/p>\n<h2>Concetto della diagnosi finanziaria dell&#8217;azienda<\/h2>\n<p>Questa fase preliminare della diagnosi finanziaria dell&#8217;azienda \u00e8 essenziale per fare il punto sui punti di forza e di debolezza dell&#8217;azienda da un punto di vista esterno, in particolare quello del potenziale acquirente. \u00c8 un punto di partenza che evidenzia i punti critici da migliorare e i punti forti da sviluppare in vista del trasferimento o della vendita dell&#8217;azienda.<br \/>\nLa diagnosi finanziaria dell&#8217;azienda evidenzier\u00e0 anche la necessit\u00e0 di preparare accuratamente l&#8217;azienda diversi mesi o addirittura anni prima del trasferimento o della vendita.<\/p>\n<h2>Diagnosi strategica del business<\/h2>\n<p>Domande inevitabili per l&#8217;acquirente: in che tipo di mercato opera l&#8217;azienda (tasso di crescita, intensit\u00e0 competitiva, ecc.)? Qual \u00e8 la sua strategia per sfruttare questo mercato (differenziazione o dominio dei costi, ecc.)? Cosa potr\u00f2 farci (svilupparlo o ottimizzarlo, qual \u00e8 il suo potenziale, ecc.)?<br \/>\nLa diagnosi strategica anticipa le domande fondamentali di qualsiasi acquirente; aiuta il venditore a posizionare, o anche a riposizionare, la sua azienda in relazione ai profili degli acquirenti che avr\u00e0 precedentemente definito con la nostra assistenza.<\/p>\n<h2>Diagnosi economica e finanziaria dell&#8217;azienda<\/h2>\n<p>Una volta stabilita la diagnosi strategica, \u00e8 necessario, da un lato, dimostrare la redditivit\u00e0 o addirittura l&#8217;attrattiva economica dell&#8217;impresa e, dall&#8217;altro, analizzare la sua capacit\u00e0 finanziaria in relazione alle sue necessit\u00e0 di sviluppo e garantire la sua sostenibilit\u00e0.<br \/>\nLa diagnosi economica e finanziaria permetter\u00e0 anche di determinare il pacchetto di acquisizione per il buyout e per il finanziamento di un piano di sviluppo.<\/p>\n<h2>Diagnosi operativa dell&#8217;azienda<\/h2>\n<p>Una volta che l&#8217;azienda ha una strategia e risorse finanziarie adeguate, rimane per il futuro acquirente assicurare che abbia capacit\u00e0 operative efficaci. Far\u00e0 un&#8217;analisi critica di tali e tanti aspetti operativi secondo il tipo di azienda target. Per esempio, il punto critico sar\u00e0 la competenza delle squadre per una societ\u00e0 di servizi; la fabbrica per una PMI industriale; la logistica per una societ\u00e0 di distribuzione, ecc.<br \/>\nLe PMI hanno anche una debolezza ricorrente: l&#8217;intuitu-persona dei loro manager. La creazione di un numero due, o middle management, potrebbe richiedere un anno o pi\u00f9.<\/p>\n<h2>Diagnosi legale dell&#8217;azienda<\/h2>\n<p>L&#8217;obiettivo \u00e8 quello di verificare che non ci siano ostacoli legali al futuro trasferimento da un punto di vista interno (accordo tra azionisti, clausola di approvazione, ecc.) o da un punto di vista esterno (contratto di licenza legato da intuitu-personae, ecc.) \u00c8 anche necessario identificare azioni legali potenziali o provate contro l&#8217;azienda, compresi i rischi ambientali e sociali.<\/p>\n<\/div><\/section><\/div>[av_section min_height='' min_height_pc='25' min_height_px='500px' padding='huge' shadow='no-border-styling' bottom_border='no-border-styling' bottom_border_diagonal_color='#333333' bottom_border_diagonal_direction='' bottom_border_style='' margin='aviaTBmargin' custom_margin='50px' custom_margin_sync='true' custom_arrow_bg='' color='alternate_color' background='bg_color' custom_bg='' background_gradient_color1='' background_gradient_color2='' background_gradient_direction='vertical' src='https:\/\/actoria.com\/fr\/wp-content\/uploads\/2019\/10\/actoria-transmission-entreprise-2.jpg' attachment='7691' attachment_size='full' attach='parallax' position='top left' repeat='stretch' video='' video_ratio='16:9' overlay_enable='aviaTBoverlay_enable' overlay_opacity='0.8' overlay_color='#0b0146' overlay_pattern='' overlay_custom_pattern='' id='' custom_class='template_element le_cabinet_resume' aria_label='' av_element_hidden_in_editor='0' av_uid='av-2axmry']\r\n\r\n[av_one_half first min_height='av-equal-height-column' vertical_alignment='av-align-middle' space='' margin='0px' margin_sync='true' row_boxshadow_color='' row_boxshadow_width='10' link='' linktarget='' link_hover='' title_attr='' alt_attr='' padding='0px' padding_sync='true' highlight_size='1.1' border='' border_color='' radius='0px' radius_sync='true' column_boxshadow_color='' column_boxshadow_width='10' background='bg_color' background_color='' background_gradient_color1='' background_gradient_color2='' background_gradient_direction='vertical' src='' attachment='' attachment_size='' background_position='top left' background_repeat='no-repeat' animation='' mobile_breaking='' mobile_display='' id='' custom_class='' av_uid='av-m28772']\r\n\r\n[av_textblock size='' av-medium-font-size='' av-small-font-size='' av-mini-font-size='' font_color='' color='' id='' custom_class='' av_uid='av-24hq0e' admin_preview_bg='']\r\n<h3>Il Gruppo in sintesi:<\/h3>\r\n[\/av_textblock]\r\n\r\n[av_headline_rotator before_rotating='Ogni anno' after_rotating='' margin='' margin_sync='true' align='left' custom_title='#ff3d3d' size='14' av-medium-font-size-title='' av-small-font-size-title='' av-mini-font-size-title='' tag='h3' interval='5' animation='' alb_description='' id='' custom_class='' av_uid='av-kit1c31w' admin_preview_bg='']\r\n[av_rotator_item title='60 missioni di successo' custom_title='#ff3d3d' link='' linktarget='' av_uid='av-hfe426']\r\n[av_rotator_item title='con 20 partner e consulenti senior' custom_title='#ff3d3d' link='' linktarget='' av_uid='av-3a6x7y']\r\n[av_rotator_item title='Su aziende da 5 a 100 dipendenti' custom_title='#ff3d3d' link='' linktarget='' av_uid='av-e91dwe']\r\n[av_rotator_item title='Con un fatturato da 1 a 100 milioni' custom_title='#ff3d3d' link='' linktarget='' av_uid='av-d56udq']\r\n[\/av_headline_rotator]\r\n\r\n[\/av_one_half][av_one_half min_height='' vertical_alignment='' space='' custom_margin='' margin='0px' row_boxshadow='' row_boxshadow_color='' row_boxshadow_width='10' link='' linktarget='' link_hover='' title_attr='' alt_attr='' padding='0px' highlight='' highlight_size='' border='' border_color='' radius='0px' column_boxshadow='' column_boxshadow_color='' column_boxshadow_width='10' background='bg_color' background_color='' background_gradient_color1='' background_gradient_color2='' background_gradient_direction='vertical' src='' background_position='top left' background_repeat='no-repeat' animation='' mobile_breaking='' mobile_display='' av_uid='av-l9wtny']\r\n\r\n[av_textblock size='' av-medium-font-size='' av-small-font-size='' av-mini-font-size='' font_color='' color='' id='' custom_class='' av_uid='av-k2aokny5' admin_preview_bg='']\r\nSiamo presenti in numerosi paesi d'Europa e Africa per raggiungere acquirenti\/investitori stranieri:\r\n[\/av_textblock]\r\n\r\n[av_buttonrow alignment='center' button_spacing='5' button_spacing_unit='px' alb_description='' id='' custom_class='' av_uid='av-k2apppve' admin_preview_bg='']\r\n[av_buttonrow_item label='ACTORIA International' icon_select='no' icon='4' font='entypo-fontello' link='manually,https:\/\/actoria.com\/' link_target='_blank' size='small' label_display='' title_attr='' color='theme-color' custom_bg='#444444' custom_font='#ffffff' av_uid='av-dtv1ou']\r\n[av_buttonrow_item label='ACTORIA Suisse' icon_select='no' icon='4' font='entypo-fontello' link='manually,http:\/\/actoria.com\/ch\/' link_target='_blank' size='small' label_display='' title_attr='' color='theme-color' custom_bg='#444444' custom_font='#ffffff' av_uid='av-ciaxvy']\r\n[av_buttonrow_item label='ACTORIA Marocco' icon_select='no' icon='4' font='entypo-fontello' link='manually,https:\/\/actoria.com\/ma\/' link_target='_blank' size='small' label_display='' title_attr='' color='theme-color' custom_bg='#444444' custom_font='#ffffff' av_uid='av-a7v9gu']\r\n[av_buttonrow_item label='ACTORIA Belgio' icon_select='no' icon='4' font='entypo-fontello' link='manually,https:\/\/actoria.com\/be\/' link_target='_blank' size='small' label_display='' title_attr='' color='theme-color' custom_bg='#444444' custom_font='#ffffff' av_uid='av-8fxqj2']\r\n[av_buttonrow_item label='ACTORIA Spagna' icon_select='no' icon='4' font='entypo-fontello' link='manually,https:\/\/actoria.com\/es\/' link_target='_blank' size='small' label_display='' title_attr='' color='theme-color' custom_bg='#444444' custom_font='#ffffff' av_uid='av-7ypnzy']\r\n[av_buttonrow_item label='ACTORIA Lussemburgo' icon_select='no' icon='4' font='entypo-fontello' link='manually,https:\/\/actoria.com\/lu\/' link_target='_blank' size='small' label_display='' title_attr='' color='theme-color' custom_bg='#444444' custom_font='#ffffff' av_uid='av-5yruz2']\r\n[av_buttonrow_item label='ACTORIA Francia' icon_select='no' icon='4' font='entypo-fontello' link='manually,https:\/\/actoria.com\/fr\/' link_target='_blank' size='small' label_display='' title_attr='' color='theme-color' custom_bg='#444444' custom_font='#ffffff' av_uid='av-2ebsxa' icon_hover='']\r\n[av_buttonrow_item label='ACTORIA Italia' icon_select='no' icon='4' font='entypo-fontello' link='manually,https:\/\/actoria.com\/ch-it\/' link_target='_blank' size='small' label_display='' title_attr='' color='theme-color' custom_bg='#444444' custom_font='#ffffff' av_uid='av-4g0er2']\r\n[av_buttonrow_item label='ACTORIA Tunisia' icon_select='no' icon='ue800' font='entypo-fontello' link='manually,https:\/\/actoria.com\/tn\/' link_target='' size='small' label_display='' title_attr='' color='theme-color' custom_bg='#444444' custom_font='#ffffff' av_uid='av-2lsd4u']\r\n[\/av_buttonrow]\r\n\r\n[\/av_one_half][\/av_section]<\/p>\n","protected":false},"excerpt":{"rendered":"<p>Vendita azienda Svizzera e Italia, trasferimento azienda Svizzera e Italia, vendita azienda Svizzera e Italia, acquisizione azienda Svizzera e Italia, vendita PMI Svizzera e Italia, vendita PMI Svizzera e Italia, successione PMI Svizzera e Italia, vendita azienda Svizzera e Italia, trovare un acquirente in Svizzera e in Italia<\/p>\n","protected":false},"author":2,"featured_media":18649,"parent":8253,"menu_order":2,"comment_status":"closed","ping_status":"closed","template":"","meta":{"footnotes":""},"class_list":["post-1480","page","type-page","status-publish","has-post-thumbnail","hentry"],"_links":{"self":[{"href":"https:\/\/actoria.com\/ch-it\/wp-json\/wp\/v2\/pages\/1480","targetHints":{"allow":["GET"]}}],"collection":[{"href":"https:\/\/actoria.com\/ch-it\/wp-json\/wp\/v2\/pages"}],"about":[{"href":"https:\/\/actoria.com\/ch-it\/wp-json\/wp\/v2\/types\/page"}],"author":[{"embeddable":true,"href":"https:\/\/actoria.com\/ch-it\/wp-json\/wp\/v2\/users\/2"}],"replies":[{"embeddable":true,"href":"https:\/\/actoria.com\/ch-it\/wp-json\/wp\/v2\/comments?post=1480"}],"version-history":[{"count":0,"href":"https:\/\/actoria.com\/ch-it\/wp-json\/wp\/v2\/pages\/1480\/revisions"}],"up":[{"embeddable":true,"href":"https:\/\/actoria.com\/ch-it\/wp-json\/wp\/v2\/pages\/8253"}],"wp:featuredmedia":[{"embeddable":true,"href":"https:\/\/actoria.com\/ch-it\/wp-json\/wp\/v2\/media\/18649"}],"wp:attachment":[{"href":"https:\/\/actoria.com\/ch-it\/wp-json\/wp\/v2\/media?parent=1480"}],"curies":[{"name":"wp","href":"https:\/\/api.w.org\/{rel}","templated":true}]}}