{"id":1484,"date":"2015-05-12T16:17:51","date_gmt":"2015-05-12T16:17:51","guid":{"rendered":"https:\/\/actoria.com\/ch-it\/\/?page_id=1484"},"modified":"2022-08-12T17:45:07","modified_gmt":"2022-08-12T15:45:07","slug":"ottimizzazione-dei-beni-dellazienda","status":"publish","type":"page","link":"https:\/\/actoria.com\/ch-it\/trasmissione\/come-vendere\/preparare-la-trasmissione-di-un-azienda\/ottimizzazione-dei-beni-dellazienda\/","title":{"rendered":"Ottimizzazione dei beni dell&#8217;azienda"},"content":{"rendered":"<div id='av_section_1'  class='avia-section main_color avia-section-default avia-no-border-styling  avia-full-stretch avia-bg-style-fixed  avia-builder-el-0  el_before_av_one_full  avia-builder-el-first  header_page_section_title_wrapper  av-arrow-down-section av-minimum-height av-minimum-height-custom  container_wrap sidebar_right' style='background-repeat: no-repeat; background-image: url(https:\/\/actoria.com\/ch-it\/wp-content\/uploads\/2021\/12\/shutterstock-1-82-1500x1021.jpg);background-attachment: fixed; background-position: center center;  '  data-section-bg-repeat='stretch'><div class='container' style='height:660px'><main  role=\"main\" itemprop=\"mainContentOfPage\"  class='template-page content  av-content-small alpha units'><div class='post-entry post-entry-type-page post-entry-1484'><div class='entry-content-wrapper clearfix'>\n<div class='flex_column_table av-equal-height-column-flextable -flextable' ><div class=\"flex_column av_one_full  flex_column_table_cell av-equal-height-column av-align-bottom av-zero-column-padding first  avia-builder-el-1  avia-builder-el-no-sibling  header_page_section_title \" style='border-radius:0px; ' id=\"header_page_section_title\" ><p><br \/>\n<div  style='padding-bottom:5px; margin:0 0 0 0; color:#ffffff;' class='av-special-heading av-special-heading-h1 custom-color-heading   avia-builder-el-3  el_after_av_codeblock  avia-builder-el-last  '><h1 class='av-special-heading-tag '  itemprop=\"headline\"  >Ottimizzazione dei beni dell\u2019azienda<\/h1><div class='special-heading-border'><div class='special-heading-inner-border' style='border-color:#ffffff'><\/div><\/div><\/div><\/p><\/div><\/div><!--close column table wrapper. Autoclose: 1 --><\/div><\/div><\/main><!-- close content main element --><\/div><div class='av-extra-border-element border-extra-arrow-down'><div class='av-extra-border-outer'><div class='av-extra-border-inner'  style='background-color:#ffffff;' ><\/div><\/div><\/div><\/div><div id='after_section_1'  class='main_color av_default_container_wrap container_wrap sidebar_right' style=' '  ><div class='container' ><div class='template-page content  av-content-small alpha units'><div class='post-entry post-entry-type-page post-entry-1484'><div class='entry-content-wrapper clearfix'><div class=\"flex_column av_one_full  flex_column_div av-zero-column-padding first  avia-builder-el-4  el_after_av_section  avia-builder-el-no-sibling  \" style='border-radius:0px; '><section class=\"av_textblock_section \"  itemscope=\"itemscope\" itemtype=\"https:\/\/schema.org\/CreativeWork\" ><div class='avia_textblock  '   itemprop=\"text\" ><div id=\"attachment_18682\" style=\"width: 310px\" class=\"wp-caption alignleft\"><img loading=\"lazy\" decoding=\"async\" aria-describedby=\"caption-attachment-18682\" class=\"size-medium wp-image-18682\" title=\"Optimisation de l\u2019Actif de l\u2019entreprise, transmission d'entreprises en Suisse\" src=\"https:\/\/actoria.com\/ch-it\/\/wp-content\/uploads\/2021\/12\/shutterstock-1-81-300x169.jpg\" alt=\"Optimisation de l\u2019Actif de l\u2019entreprise, transmission d'entreprises en Suisse\" width=\"300\" height=\"169\" \/><p id=\"caption-attachment-18682\" class=\"wp-caption-text\">Ottimizzazione del patrimonio aziendale, trasferimento di aziende in Svizzera<\/p><\/div>\n<p>Nella maggior parte dei casi, un potenziale acquirente alla ricerca di un&#8217;azienda da vendere cercher\u00e0 delle rassicurazioni: far\u00e0 un&#8217;<strong>analisi finanziaria<\/strong> dei conti degli ultimi tre esercizi, studier\u00e0 la situazione esistente e cercher\u00e0 di costruire una previsione con quello che vede&#8230; <strong>Questa analisi sar\u00e0 spesso sfavorevole per voi se non vi preparate<\/strong>, ecco perch\u00e9 ottimizzare il patrimonio dell&#8217;azienda \u00e8 fondamentale<\/p>\n<p>Come potete migliorare l&#8217;immagine della vostra azienda prima del suo trasferimento?<\/p>\n<\/div><\/section><br \/>\n<div  style='height:50px' class='hr hr-invisible   avia-builder-el-6  el_after_av_textblock  el_before_av_textblock '><span class='hr-inner ' ><span class='hr-inner-style'><\/span><\/span><\/div><br \/>\n<section class=\"av_textblock_section \"  itemscope=\"itemscope\" itemtype=\"https:\/\/schema.org\/CreativeWork\" ><div class='avia_textblock  '   itemprop=\"text\" ><h2>Accrescimento organizzativo<\/h2>\n<p>La vostra azienda \u00e8 in attivit\u00e0 da molto tempo, i dipendenti sanno cosa devono fare e le cose si sono gradualmente intrecciate&#8230; Per voi, tutto funziona, ma per un nuovo manager, la vostra organizzazione pu\u00f2 sembrare molto complessa o addirittura confusa. I potenziali acquirenti analizzeranno in dettaglio la capacit\u00e0 della vostra azienda di funzionare senza di voi e di adattarsi ai cambiamenti della situazione economica, ecc. Idealmente, dovreste essere certificati ISO-9001, poich\u00e9 ci\u00f2 dimostrerebbe un livello di organizzazione conforme alle norme internazionali in termini di organizzazione della qualit\u00e0, cio\u00e8 la capacit\u00e0 di soddisfare le esigenze dei vostri clienti. I manager che rimarranno nell&#8217;azienda dopo il suo trasferimento devono essere in grado di gestirla quotidianamente. I nostri esperti in ottimizzazione dei processi possono aiutarvi ad aumentare il valore della vostra azienda durante la fase di trasferimento.<\/p>\n<h2>La preparazione finanziaria<\/h2>\n<p>I nostri esperti intervengono sul vostro bilancio per massimizzare il patrimonio netto aumentando le riserve, integrando i conti correnti e, se necessario, aumentando il capitale (utilizzando l&#8217;effetto leva fiscale).<br \/>\nUn lavoro importante per ridurre il capitale d&#8217;esercizio (scorte e crediti) \u00e8 sempre possibile (factoring, ecc.).<br \/>\nSi possono capitalizzare alcune spese, creare beni immateriali (marchio, nome&#8230;) e rivalutare i beni fisici&#8230;<br \/>\nAlcune disposizioni potrebbero non essere pi\u00f9 giustificate! Oltre all&#8217;ottimizzazione degli attivi dell&#8217;azienda, cercheremo di ottimizzare il vostro risultato netto per soddisfare le aspettative della maggior parte degli acquirenti.<\/p>\n<\/div><\/section><\/p><\/div><\/p>\n","protected":false},"excerpt":{"rendered":"<p>Vendita azienda Svizzera e Italia, trasferimento azienda Svizzera e Italia, vendita azienda Svizzera e Italia, acquisizione azienda Svizzera e Italia, vendita PMI Svizzera e Italia, vendita PMI Svizzera e Italia, successione PMI Svizzera e Italia, vendita azienda Svizzera e Italia, trovare un acquirente in Svizzera e in Italia<\/p>\n","protected":false},"author":2,"featured_media":18675,"parent":14593,"menu_order":0,"comment_status":"closed","ping_status":"closed","template":"","meta":{"footnotes":""},"class_list":["post-1484","page","type-page","status-publish","has-post-thumbnail","hentry"],"yoast_head":"<!-- This site is optimized with the Yoast SEO plugin v27.4 - https:\/\/yoast.com\/product\/yoast-seo-wordpress\/ -->\n<title>Ottimizzazione dei beni dell&#039;azienda in Svizzera<\/title>\n<meta name=\"description\" content=\"Actoria Svizzera, Ticino e Italia vi aiuta a ottimizzare il patrimonio della societ\u00e0 in Svizzera, Ticino e Italia al fine di garantire le migliori condizioni possibili per un trasferimento.\" \/>\n<meta name=\"robots\" content=\"index, follow, max-snippet:-1, max-image-preview:large, max-video-preview:-1\" \/>\n<link rel=\"canonical\" href=\"https:\/\/actoria.com\/ch-it\/trasmissione\/come-vendere\/preparare-la-trasmissione-di-un-azienda\/ottimizzazione-dei-beni-dellazienda\/\" \/>\n<meta property=\"og:locale\" content=\"it_IT\" \/>\n<meta property=\"og:type\" content=\"article\" \/>\n<meta property=\"og:title\" content=\"Ottimizzazione dei beni dell&#039;azienda in Svizzera\" \/>\n<meta property=\"og:description\" content=\"Actoria Svizzera, Ticino e Italia vi aiuta a ottimizzare il patrimonio della societ\u00e0 in Svizzera, Ticino e Italia al fine di garantire le migliori condizioni possibili per un trasferimento.\" \/>\n<meta property=\"og:url\" content=\"https:\/\/actoria.com\/ch-it\/trasmissione\/come-vendere\/preparare-la-trasmissione-di-un-azienda\/ottimizzazione-dei-beni-dellazienda\/\" \/>\n<meta property=\"og:site_name\" content=\"Trasferimento di azienda Svizzera, Ticino e Italia, Fusioni &amp; Acquisizioni Svizzera, Ticino e Italia, Sviluppo Strategico Svizzera, Ticino e Italia\" \/>\n<meta property=\"article:modified_time\" content=\"2022-08-12T15:45:07+00:00\" \/>\n<meta property=\"og:image\" content=\"https:\/\/actoria.com\/ch-it\/wp-content\/uploads\/2021\/12\/shutterstock-1-79.jpg\" \/>\n\t<meta property=\"og:image:width\" content=\"2397\" \/>\n\t<meta property=\"og:image:height\" content=\"1600\" \/>\n\t<meta property=\"og:image:type\" content=\"image\/jpeg\" \/>\n<meta name=\"twitter:card\" content=\"summary_large_image\" \/>\n<meta name=\"twitter:label1\" content=\"Tempo di lettura stimato\" \/>\n\t<meta name=\"twitter:data1\" content=\"5 minuti\" \/>\n<script type=\"application\/ld+json\" class=\"yoast-schema-graph\">{\"@context\":\"https:\\\/\\\/schema.org\",\"@graph\":[{\"@type\":\"Article\",\"@id\":\"https:\\\/\\\/actoria.com\\\/ch-it\\\/trasmissione\\\/come-vendere\\\/preparare-la-trasmissione-di-un-azienda\\\/ottimizzazione-dei-beni-dellazienda\\\/#article\",\"isPartOf\":{\"@id\":\"https:\\\/\\\/actoria.com\\\/ch-it\\\/trasmissione\\\/come-vendere\\\/preparare-la-trasmissione-di-un-azienda\\\/ottimizzazione-dei-beni-dellazienda\\\/\"},\"author\":{\"name\":\"fabrice\",\"@id\":\"https:\\\/\\\/actoria.com\\\/ch-it\\\/#\\\/schema\\\/person\\\/f49dd9d0c4e953ed3de3e3b44cd339ac\"},\"headline\":\"Ottimizzazione dei beni dell&#8217;azienda\",\"datePublished\":\"2015-05-12T16:17:51+00:00\",\"dateModified\":\"2022-08-12T15:45:07+00:00\",\"mainEntityOfPage\":{\"@id\":\"https:\\\/\\\/actoria.com\\\/ch-it\\\/trasmissione\\\/come-vendere\\\/preparare-la-trasmissione-di-un-azienda\\\/ottimizzazione-dei-beni-dellazienda\\\/\"},\"wordCount\":786,\"publisher\":{\"@id\":\"https:\\\/\\\/actoria.com\\\/ch-it\\\/#organization\"},\"image\":{\"@id\":\"https:\\\/\\\/actoria.com\\\/ch-it\\\/trasmissione\\\/come-vendere\\\/preparare-la-trasmissione-di-un-azienda\\\/ottimizzazione-dei-beni-dellazienda\\\/#primaryimage\"},\"thumbnailUrl\":\"https:\\\/\\\/actoria.com\\\/ch-it\\\/wp-content\\\/uploads\\\/2021\\\/12\\\/shutterstock-1-79.jpg\",\"inLanguage\":\"it-IT\"},{\"@type\":\"WebPage\",\"@id\":\"https:\\\/\\\/actoria.com\\\/ch-it\\\/trasmissione\\\/come-vendere\\\/preparare-la-trasmissione-di-un-azienda\\\/ottimizzazione-dei-beni-dellazienda\\\/\",\"url\":\"https:\\\/\\\/actoria.com\\\/ch-it\\\/trasmissione\\\/come-vendere\\\/preparare-la-trasmissione-di-un-azienda\\\/ottimizzazione-dei-beni-dellazienda\\\/\",\"name\":\"Ottimizzazione dei beni dell'azienda in Svizzera\",\"isPartOf\":{\"@id\":\"https:\\\/\\\/actoria.com\\\/ch-it\\\/#website\"},\"primaryImageOfPage\":{\"@id\":\"https:\\\/\\\/actoria.com\\\/ch-it\\\/trasmissione\\\/come-vendere\\\/preparare-la-trasmissione-di-un-azienda\\\/ottimizzazione-dei-beni-dellazienda\\\/#primaryimage\"},\"image\":{\"@id\":\"https:\\\/\\\/actoria.com\\\/ch-it\\\/trasmissione\\\/come-vendere\\\/preparare-la-trasmissione-di-un-azienda\\\/ottimizzazione-dei-beni-dellazienda\\\/#primaryimage\"},\"thumbnailUrl\":\"https:\\\/\\\/actoria.com\\\/ch-it\\\/wp-content\\\/uploads\\\/2021\\\/12\\\/shutterstock-1-79.jpg\",\"datePublished\":\"2015-05-12T16:17:51+00:00\",\"dateModified\":\"2022-08-12T15:45:07+00:00\",\"description\":\"Actoria Svizzera, Ticino e Italia vi aiuta a ottimizzare il patrimonio della societ\u00e0 in Svizzera, Ticino e Italia al fine di garantire le migliori condizioni possibili per un trasferimento.\",\"breadcrumb\":{\"@id\":\"https:\\\/\\\/actoria.com\\\/ch-it\\\/trasmissione\\\/come-vendere\\\/preparare-la-trasmissione-di-un-azienda\\\/ottimizzazione-dei-beni-dellazienda\\\/#breadcrumb\"},\"inLanguage\":\"it-IT\",\"potentialAction\":[{\"@type\":\"ReadAction\",\"target\":[\"https:\\\/\\\/actoria.com\\\/ch-it\\\/trasmissione\\\/come-vendere\\\/preparare-la-trasmissione-di-un-azienda\\\/ottimizzazione-dei-beni-dellazienda\\\/\"]}]},{\"@type\":\"ImageObject\",\"inLanguage\":\"it-IT\",\"@id\":\"https:\\\/\\\/actoria.com\\\/ch-it\\\/trasmissione\\\/come-vendere\\\/preparare-la-trasmissione-di-un-azienda\\\/ottimizzazione-dei-beni-dellazienda\\\/#primaryimage\",\"url\":\"https:\\\/\\\/actoria.com\\\/ch-it\\\/wp-content\\\/uploads\\\/2021\\\/12\\\/shutterstock-1-79.jpg\",\"contentUrl\":\"https:\\\/\\\/actoria.com\\\/ch-it\\\/wp-content\\\/uploads\\\/2021\\\/12\\\/shutterstock-1-79.jpg\",\"width\":2397,\"height\":1600,\"caption\":\"Cessione di una rete di franchising, Cessione di una rete di franchising, trasferimento, vendita di societ\u00e0 e azienda in Svizzera e Italia\"},{\"@type\":\"BreadcrumbList\",\"@id\":\"https:\\\/\\\/actoria.com\\\/ch-it\\\/trasmissione\\\/come-vendere\\\/preparare-la-trasmissione-di-un-azienda\\\/ottimizzazione-dei-beni-dellazienda\\\/#breadcrumb\",\"itemListElement\":[{\"@type\":\"ListItem\",\"position\":1,\"name\":\"Home\",\"item\":\"https:\\\/\\\/actoria.com\\\/ch-it\\\/\"},{\"@type\":\"ListItem\",\"position\":2,\"name\":\"Trasmissione\",\"item\":\"https:\\\/\\\/actoria.com\\\/ch-it\\\/trasmissione\\\/\"},{\"@type\":\"ListItem\",\"position\":3,\"name\":\"Come vendere?\",\"item\":\"https:\\\/\\\/actoria.com\\\/ch-it\\\/trasmissione\\\/come-vendere\\\/\"},{\"@type\":\"ListItem\",\"position\":4,\"name\":\"Preparare la trasmissione di un&#8217;azienda\",\"item\":\"https:\\\/\\\/actoria.com\\\/ch-it\\\/trasmissione\\\/come-vendere\\\/preparare-la-trasmissione-di-un-azienda\\\/\"},{\"@type\":\"ListItem\",\"position\":5,\"name\":\"Ottimizzazione dei beni dell&#8217;azienda\"}]},{\"@type\":\"WebSite\",\"@id\":\"https:\\\/\\\/actoria.com\\\/ch-it\\\/#website\",\"url\":\"https:\\\/\\\/actoria.com\\\/ch-it\\\/\",\"name\":\"Trasferimento di azienda Svizzera, Ticino e Italia, Fusioni & Acquisizioni Svizzera, Ticino e Italia, Sviluppo Strategico Svizzera, Ticino e Italia\",\"description\":\"Vendere la tua azienda, PMI in Belgio, Francia, Svizzera, Marocco, Tunisia, Lussemburgo, Italia\",\"publisher\":{\"@id\":\"https:\\\/\\\/actoria.com\\\/ch-it\\\/#organization\"},\"alternateName\":\"Trasferimento di societ\u00e0, sviluppo di societ\u00e0 in Tunisia, lo specialista in fusioni e acquisizioni in Tunisia dal 2002\",\"potentialAction\":[{\"@type\":\"SearchAction\",\"target\":{\"@type\":\"EntryPoint\",\"urlTemplate\":\"https:\\\/\\\/actoria.com\\\/ch-it\\\/?s={search_term_string}\"},\"query-input\":{\"@type\":\"PropertyValueSpecification\",\"valueRequired\":true,\"valueName\":\"search_term_string\"}}],\"inLanguage\":\"it-IT\"},{\"@type\":\"Organization\",\"@id\":\"https:\\\/\\\/actoria.com\\\/ch-it\\\/#organization\",\"name\":\"Actoria Svizzera, Ticico e Italia, Trasferimento di azienda Svizzera, Ticino e Italia, Fusioni & Acquisizioni Svizzera, Ticino e Italia, Sviluppo Strategico Svizzera, Ticino e Italia\",\"alternateName\":\"Vendere la tua azienda, PMI in Belgio, Francia, Svizzera, Marocco, Tunisia, Lussemburgo, Italia\",\"url\":\"https:\\\/\\\/actoria.com\\\/ch-it\\\/\",\"logo\":{\"@type\":\"ImageObject\",\"inLanguage\":\"it-IT\",\"@id\":\"https:\\\/\\\/actoria.com\\\/ch-it\\\/#\\\/schema\\\/logo\\\/image\\\/\",\"url\":\"https:\\\/\\\/actoria.com\\\/ch-it\\\/wp-content\\\/uploads\\\/2020\\\/12\\\/Logo-standard.bmp\",\"contentUrl\":\"https:\\\/\\\/actoria.com\\\/ch-it\\\/wp-content\\\/uploads\\\/2020\\\/12\\\/Logo-standard.bmp\",\"width\":566,\"height\":358,\"caption\":\"Actoria Svizzera, Ticico e Italia, Trasferimento di azienda Svizzera, Ticino e Italia, Fusioni & Acquisizioni Svizzera, Ticino e Italia, Sviluppo Strategico Svizzera, Ticino e Italia\"},\"image\":{\"@id\":\"https:\\\/\\\/actoria.com\\\/ch-it\\\/#\\\/schema\\\/logo\\\/image\\\/\"},\"sameAs\":[\"https:\\\/\\\/fr.linkedin.com\\\/company\\\/actoria-group_2\"]},{\"@type\":\"Person\",\"@id\":\"https:\\\/\\\/actoria.com\\\/ch-it\\\/#\\\/schema\\\/person\\\/f49dd9d0c4e953ed3de3e3b44cd339ac\",\"name\":\"fabrice\",\"url\":\"https:\\\/\\\/actoria.com\\\/ch-it\\\/author\\\/fabrice\\\/\"}]}<\/script>\n<!-- \/ Yoast SEO plugin. -->","yoast_head_json":{"title":"Ottimizzazione dei beni dell'azienda in Svizzera","description":"Actoria Svizzera, Ticino e Italia vi aiuta a ottimizzare il patrimonio della societ\u00e0 in Svizzera, Ticino e Italia al fine di garantire le migliori condizioni possibili per un trasferimento.","robots":{"index":"index","follow":"follow","max-snippet":"max-snippet:-1","max-image-preview":"max-image-preview:large","max-video-preview":"max-video-preview:-1"},"canonical":"https:\/\/actoria.com\/ch-it\/trasmissione\/come-vendere\/preparare-la-trasmissione-di-un-azienda\/ottimizzazione-dei-beni-dellazienda\/","og_locale":"it_IT","og_type":"article","og_title":"Ottimizzazione dei beni dell'azienda in Svizzera","og_description":"Actoria Svizzera, Ticino e Italia vi aiuta a ottimizzare il patrimonio della societ\u00e0 in Svizzera, Ticino e Italia al fine di garantire le migliori condizioni possibili per un trasferimento.","og_url":"https:\/\/actoria.com\/ch-it\/trasmissione\/come-vendere\/preparare-la-trasmissione-di-un-azienda\/ottimizzazione-dei-beni-dellazienda\/","og_site_name":"Trasferimento di azienda Svizzera, Ticino e Italia, Fusioni &amp; Acquisizioni Svizzera, Ticino e Italia, Sviluppo Strategico Svizzera, Ticino e Italia","article_modified_time":"2022-08-12T15:45:07+00:00","og_image":[{"width":2397,"height":1600,"url":"https:\/\/actoria.com\/ch-it\/wp-content\/uploads\/2021\/12\/shutterstock-1-79.jpg","type":"image\/jpeg"}],"twitter_card":"summary_large_image","twitter_misc":{"Tempo di lettura stimato":"5 minuti"},"schema":{"@context":"https:\/\/schema.org","@graph":[{"@type":"Article","@id":"https:\/\/actoria.com\/ch-it\/trasmissione\/come-vendere\/preparare-la-trasmissione-di-un-azienda\/ottimizzazione-dei-beni-dellazienda\/#article","isPartOf":{"@id":"https:\/\/actoria.com\/ch-it\/trasmissione\/come-vendere\/preparare-la-trasmissione-di-un-azienda\/ottimizzazione-dei-beni-dellazienda\/"},"author":{"name":"fabrice","@id":"https:\/\/actoria.com\/ch-it\/#\/schema\/person\/f49dd9d0c4e953ed3de3e3b44cd339ac"},"headline":"Ottimizzazione dei beni dell&#8217;azienda","datePublished":"2015-05-12T16:17:51+00:00","dateModified":"2022-08-12T15:45:07+00:00","mainEntityOfPage":{"@id":"https:\/\/actoria.com\/ch-it\/trasmissione\/come-vendere\/preparare-la-trasmissione-di-un-azienda\/ottimizzazione-dei-beni-dellazienda\/"},"wordCount":786,"publisher":{"@id":"https:\/\/actoria.com\/ch-it\/#organization"},"image":{"@id":"https:\/\/actoria.com\/ch-it\/trasmissione\/come-vendere\/preparare-la-trasmissione-di-un-azienda\/ottimizzazione-dei-beni-dellazienda\/#primaryimage"},"thumbnailUrl":"https:\/\/actoria.com\/ch-it\/wp-content\/uploads\/2021\/12\/shutterstock-1-79.jpg","inLanguage":"it-IT"},{"@type":"WebPage","@id":"https:\/\/actoria.com\/ch-it\/trasmissione\/come-vendere\/preparare-la-trasmissione-di-un-azienda\/ottimizzazione-dei-beni-dellazienda\/","url":"https:\/\/actoria.com\/ch-it\/trasmissione\/come-vendere\/preparare-la-trasmissione-di-un-azienda\/ottimizzazione-dei-beni-dellazienda\/","name":"Ottimizzazione dei beni dell'azienda in Svizzera","isPartOf":{"@id":"https:\/\/actoria.com\/ch-it\/#website"},"primaryImageOfPage":{"@id":"https:\/\/actoria.com\/ch-it\/trasmissione\/come-vendere\/preparare-la-trasmissione-di-un-azienda\/ottimizzazione-dei-beni-dellazienda\/#primaryimage"},"image":{"@id":"https:\/\/actoria.com\/ch-it\/trasmissione\/come-vendere\/preparare-la-trasmissione-di-un-azienda\/ottimizzazione-dei-beni-dellazienda\/#primaryimage"},"thumbnailUrl":"https:\/\/actoria.com\/ch-it\/wp-content\/uploads\/2021\/12\/shutterstock-1-79.jpg","datePublished":"2015-05-12T16:17:51+00:00","dateModified":"2022-08-12T15:45:07+00:00","description":"Actoria Svizzera, Ticino e Italia vi aiuta a ottimizzare il patrimonio della societ\u00e0 in Svizzera, Ticino e Italia al fine di garantire le migliori condizioni possibili per un trasferimento.","breadcrumb":{"@id":"https:\/\/actoria.com\/ch-it\/trasmissione\/come-vendere\/preparare-la-trasmissione-di-un-azienda\/ottimizzazione-dei-beni-dellazienda\/#breadcrumb"},"inLanguage":"it-IT","potentialAction":[{"@type":"ReadAction","target":["https:\/\/actoria.com\/ch-it\/trasmissione\/come-vendere\/preparare-la-trasmissione-di-un-azienda\/ottimizzazione-dei-beni-dellazienda\/"]}]},{"@type":"ImageObject","inLanguage":"it-IT","@id":"https:\/\/actoria.com\/ch-it\/trasmissione\/come-vendere\/preparare-la-trasmissione-di-un-azienda\/ottimizzazione-dei-beni-dellazienda\/#primaryimage","url":"https:\/\/actoria.com\/ch-it\/wp-content\/uploads\/2021\/12\/shutterstock-1-79.jpg","contentUrl":"https:\/\/actoria.com\/ch-it\/wp-content\/uploads\/2021\/12\/shutterstock-1-79.jpg","width":2397,"height":1600,"caption":"Cessione di una rete di franchising, Cessione di una rete di franchising, trasferimento, vendita di societ\u00e0 e azienda in Svizzera e Italia"},{"@type":"BreadcrumbList","@id":"https:\/\/actoria.com\/ch-it\/trasmissione\/come-vendere\/preparare-la-trasmissione-di-un-azienda\/ottimizzazione-dei-beni-dellazienda\/#breadcrumb","itemListElement":[{"@type":"ListItem","position":1,"name":"Home","item":"https:\/\/actoria.com\/ch-it\/"},{"@type":"ListItem","position":2,"name":"Trasmissione","item":"https:\/\/actoria.com\/ch-it\/trasmissione\/"},{"@type":"ListItem","position":3,"name":"Come vendere?","item":"https:\/\/actoria.com\/ch-it\/trasmissione\/come-vendere\/"},{"@type":"ListItem","position":4,"name":"Preparare la trasmissione di un&#8217;azienda","item":"https:\/\/actoria.com\/ch-it\/trasmissione\/come-vendere\/preparare-la-trasmissione-di-un-azienda\/"},{"@type":"ListItem","position":5,"name":"Ottimizzazione dei beni dell&#8217;azienda"}]},{"@type":"WebSite","@id":"https:\/\/actoria.com\/ch-it\/#website","url":"https:\/\/actoria.com\/ch-it\/","name":"Trasferimento di azienda Svizzera, Ticino e Italia, Fusioni & Acquisizioni Svizzera, Ticino e Italia, Sviluppo Strategico Svizzera, Ticino e Italia","description":"Vendere la tua azienda, PMI in Belgio, Francia, Svizzera, Marocco, Tunisia, Lussemburgo, Italia","publisher":{"@id":"https:\/\/actoria.com\/ch-it\/#organization"},"alternateName":"Trasferimento di societ\u00e0, sviluppo di societ\u00e0 in Tunisia, lo specialista in fusioni e acquisizioni in Tunisia dal 2002","potentialAction":[{"@type":"SearchAction","target":{"@type":"EntryPoint","urlTemplate":"https:\/\/actoria.com\/ch-it\/?s={search_term_string}"},"query-input":{"@type":"PropertyValueSpecification","valueRequired":true,"valueName":"search_term_string"}}],"inLanguage":"it-IT"},{"@type":"Organization","@id":"https:\/\/actoria.com\/ch-it\/#organization","name":"Actoria Svizzera, Ticico e Italia, Trasferimento di azienda Svizzera, Ticino e Italia, Fusioni & Acquisizioni Svizzera, Ticino e Italia, Sviluppo Strategico Svizzera, Ticino e Italia","alternateName":"Vendere la tua azienda, PMI in Belgio, Francia, Svizzera, Marocco, Tunisia, Lussemburgo, Italia","url":"https:\/\/actoria.com\/ch-it\/","logo":{"@type":"ImageObject","inLanguage":"it-IT","@id":"https:\/\/actoria.com\/ch-it\/#\/schema\/logo\/image\/","url":"https:\/\/actoria.com\/ch-it\/wp-content\/uploads\/2020\/12\/Logo-standard.bmp","contentUrl":"https:\/\/actoria.com\/ch-it\/wp-content\/uploads\/2020\/12\/Logo-standard.bmp","width":566,"height":358,"caption":"Actoria Svizzera, Ticico e Italia, Trasferimento di azienda Svizzera, Ticino e Italia, Fusioni & Acquisizioni Svizzera, Ticino e Italia, Sviluppo Strategico Svizzera, Ticino e Italia"},"image":{"@id":"https:\/\/actoria.com\/ch-it\/#\/schema\/logo\/image\/"},"sameAs":["https:\/\/fr.linkedin.com\/company\/actoria-group_2"]},{"@type":"Person","@id":"https:\/\/actoria.com\/ch-it\/#\/schema\/person\/f49dd9d0c4e953ed3de3e3b44cd339ac","name":"fabrice","url":"https:\/\/actoria.com\/ch-it\/author\/fabrice\/"}]}},"_links":{"self":[{"href":"https:\/\/actoria.com\/ch-it\/wp-json\/wp\/v2\/pages\/1484","targetHints":{"allow":["GET"]}}],"collection":[{"href":"https:\/\/actoria.com\/ch-it\/wp-json\/wp\/v2\/pages"}],"about":[{"href":"https:\/\/actoria.com\/ch-it\/wp-json\/wp\/v2\/types\/page"}],"author":[{"embeddable":true,"href":"https:\/\/actoria.com\/ch-it\/wp-json\/wp\/v2\/users\/2"}],"replies":[{"embeddable":true,"href":"https:\/\/actoria.com\/ch-it\/wp-json\/wp\/v2\/comments?post=1484"}],"version-history":[{"count":0,"href":"https:\/\/actoria.com\/ch-it\/wp-json\/wp\/v2\/pages\/1484\/revisions"}],"up":[{"embeddable":true,"href":"https:\/\/actoria.com\/ch-it\/wp-json\/wp\/v2\/pages\/14593"}],"wp:featuredmedia":[{"embeddable":true,"href":"https:\/\/actoria.com\/ch-it\/wp-json\/wp\/v2\/media\/18675"}],"wp:attachment":[{"href":"https:\/\/actoria.com\/ch-it\/wp-json\/wp\/v2\/media?parent=1484"}],"curies":[{"name":"wp","href":"https:\/\/api.w.org\/{rel}","templated":true}]}}