{"id":1489,"date":"2015-05-12T16:21:35","date_gmt":"2015-05-12T15:21:35","guid":{"rendered":"https:\/\/actoria.com\/ch-it\/\/?page_id=1489"},"modified":"2022-08-12T16:01:23","modified_gmt":"2022-08-12T14:01:23","slug":"stima-finanziaria-del-valore-di-unazienda","status":"publish","type":"page","link":"https:\/\/actoria.com\/ch-it\/trasmissione\/i-nostri-strumenti-di-trasmissione-e-consigli\/perche-preparare-la-cessione-di-unimpresa\/stima-finanziaria-del-valore-di-unazienda\/","title":{"rendered":"Stima finanziaria del valore di un&#8217;azienda"},"content":{"rendered":"<section class=\"av_textblock_section \"  itemscope=\"itemscope\" itemtype=\"https:\/\/schema.org\/CreativeWork\" ><div class='avia_textblock  '   itemprop=\"text\" ><h1><span style=\"color: #ffffff;\">Stima finanziaria del valore di un&#8217;azienda<\/span><\/h1>\n<h2>Approccio alla stima del valore di un&#8217;azienda<\/h2>\n<p>Questo approccio permetter\u00e0 al venditore di conoscere la gamma del valore contabile (senza restatement) dell&#8217;azienda e di prendere coscienza degli elementi che influenzano questo valore. Con la nostra assistenza, sar\u00e0 in grado di mettere in atto un piano d&#8217;azione per migliorarli e quindi aumentare direttamente il valore della sua azienda.<\/p>\n<p>Un business plan o piano di uscita \u00e8 una proiezione del futuro dell&#8217;azienda su diversi anni. \u00c8 uno strumento di decisione essenziale per qualsiasi acquirente. Un buon business plan informa l&#8217;acquirente sulle prospettive di fatturato e di redditivit\u00e0, le dimensioni della struttura, il fabbisogno o l&#8217;eccedenza di cassa, la capacit\u00e0 di rimborsare i prestiti della holding di acquisizione, e naturalmente l&#8217;opportunit\u00e0 dell&#8217;opzione strategica adottata. La necessit\u00e0 di presentare un piano di successo costringer\u00e0 di fatto l&#8217;azienda a pensare e attuare le necessarie misure di miglioramento delle prestazioni. Un buon business plan far\u00e0 risparmiare tempo prezioso a entrambe le parti e accorcer\u00e0 considerevolmente il periodo di negoziazione migliorando la stima del valore dell&#8217;azienda.<\/p>\n<h3>Varie raccomandazioni<\/h3>\n<p>Oltre al business plan, faremo un inventario dei soggetti che avranno anche un impatto sulla valutazione dell&#8217;azienda. Si tratta in particolare di punti che non possono essere quantificati, come la qualit\u00e0 delle squadre o la garanzia di una fonte di approvvigionamento.<\/p>\n<p>La fase finale prima che l&#8217;azienda sia messa sul mercato \u00e8 la sua seconda valutazione, pi\u00f9 approfondita, che avr\u00e0 beneficiato di tutti gli effetti della preparazione. Questo \u00e8 anche il momento di misurare i progressi fatti, e di valutare l&#8217;efficacia del nostro ufficio la cui remunerazione \u00e8 in parte basata su questo risultato.<\/p>\n<\/div><\/section>\n","protected":false},"excerpt":{"rendered":"<p>Vendita azienda Svizzera e Italia, trasferimento azienda Svizzera e Italia, vendita azienda Svizzera e Italia, acquisizione azienda Svizzera e Italia, vendita PMI Svizzera e Italia, vendita PMI Svizzera e Italia, successione PMI Svizzera e Italia, vendita azienda Svizzera e Italia, trovare un acquirente in Svizzera e in Italia<\/p>\n","protected":false},"author":2,"featured_media":6752,"parent":1464,"menu_order":0,"comment_status":"closed","ping_status":"open","template":"","meta":{"footnotes":""},"class_list":["post-1489","page","type-page","status-publish","has-post-thumbnail","hentry"],"_links":{"self":[{"href":"https:\/\/actoria.com\/ch-it\/wp-json\/wp\/v2\/pages\/1489","targetHints":{"allow":["GET"]}}],"collection":[{"href":"https:\/\/actoria.com\/ch-it\/wp-json\/wp\/v2\/pages"}],"about":[{"href":"https:\/\/actoria.com\/ch-it\/wp-json\/wp\/v2\/types\/page"}],"author":[{"embeddable":true,"href":"https:\/\/actoria.com\/ch-it\/wp-json\/wp\/v2\/users\/2"}],"replies":[{"embeddable":true,"href":"https:\/\/actoria.com\/ch-it\/wp-json\/wp\/v2\/comments?post=1489"}],"version-history":[{"count":0,"href":"https:\/\/actoria.com\/ch-it\/wp-json\/wp\/v2\/pages\/1489\/revisions"}],"up":[{"embeddable":true,"href":"https:\/\/actoria.com\/ch-it\/wp-json\/wp\/v2\/pages\/1464"}],"wp:featuredmedia":[{"embeddable":true,"href":"https:\/\/actoria.com\/ch-it\/wp-json\/wp\/v2\/media\/6752"}],"wp:attachment":[{"href":"https:\/\/actoria.com\/ch-it\/wp-json\/wp\/v2\/media?parent=1489"}],"curies":[{"name":"wp","href":"https:\/\/api.w.org\/{rel}","templated":true}]}}