{"id":1606,"date":"2015-05-13T10:23:43","date_gmt":"2015-05-13T08:23:43","guid":{"rendered":"https:\/\/actoria.com\/ch-it\/\/?page_id=1606"},"modified":"2022-08-12T16:02:08","modified_gmt":"2022-08-12T14:02:08","slug":"i-nostri-migliori-consigli-per-rilevare-unazienda","status":"publish","type":"page","link":"https:\/\/actoria.com\/ch-it\/riassunto\/i-nostri-migliori-consigli-per-rilevare-unazienda\/","title":{"rendered":"I nostri migliori consigli per rilevare un&#8217;azienda"},"content":{"rendered":"<h3><span style=\"color: #ffffff;\">Come vendere un&#8217;azienda?<\/span><\/h3>\n<p>vendere un&#8217;azienda, vendere un&#8217;azienda, comprare un&#8217;azienda, comprare un&#8217;azienda, acquisire un&#8217;azienda, acquisizione di un&#8217;azienda, alleanza d&#8217;azienda, alleanza d&#8217;azienda, annuncio di acquisto d&#8217;azienda vendita d&#8217;azienda Nord, Centro, Sud-Ovest, Sud-Est, Corsica, Dom-tom, Est, Ovest Svizzera, annuncio di acquisto d&#8217;azienda, annuncio di trasferimento d&#8217;azienda, annuncio di trasferimento d&#8217;azienda, annuncio di acquisto d&#8217;azienda Nord, Centro, Sud-Ovest, Sud-Est, corsica, Dom-tom, est, ovest della Svizzera, annuncio acquisto azienda, annuncio vendita azienda Nord, Centro, sud-ovest, sud-est, corsica, Dom-tom, est, ovest della Svizzera, vendere azienda Nord, Centro, sud-ovest, sud-est, corsica, Dom-tom, est, ovest della Svizzera, vendere azienda, trasferimento azienda, trasferimento azienda, azienda da acquistare, azienda da acquistare, azienda da trasferire, valutazione azienda Nord, Centro, sud-ovest, sud-est, corsica, Dom-tom, est, ovest della Svizzera, fusione acquisizione di societ\u00e0, fusione acquisizione di societ\u00e0, fusione di societ\u00e0, fusione di societ\u00e0, acquistare una societ\u00e0, acquistare una societ\u00e0, rilevare una societ\u00e0, rilevare una societ\u00e0, societ\u00e0 da acquisire, societ\u00e0 da vendere Nord, Centro, Sud-Ovest, Sud-Est, Corsica, Dom-tom, Est, Ovest della Svizzera, societ\u00e0 da rilevare, societ\u00e0 in vendita, transazione di societ\u00e0, transazione di societ\u00e0, trasmissione di societ\u00e0, trasmissione di una societ\u00e0 trasferimento di societ\u00e0 Nord, Centro, sud-ovest, sud-est, corsica, Dom-tom, est, ovest della Svizzera, valutazione di societ\u00e0, valutazione di una societ\u00e0, vendere societ\u00e0, vendere societ\u00e0 Nord, Centro, sud-ovest, sud-est, corsica, Dom-tom, est, ovest della Svizzera, vendita di una societ\u00e0 Nord, Centro, sud-ovest, sud-est, corsica, Dom-tom, est, ovest della Svizzera, vendere una societ\u00e0<br \/>\nvendere azienda, vendere azienda, comprare azienda, comprare azienda, acquisire azienda, acquisire azienda, acquisizione azienda, alleanza azienda, alleanza azienda, annuncio acquisto azienda annuncio vendita azienda Nord, Centro, Sud-Ovest, Sud-Est, Corsica, Dom-tom, Est, Ovest Svizzera, annuncio acquisto azienda annuncio vendita azienda, annuncio trasferimento azienda, annuncio acquisto azienda Nord, Centro, Sud-Ovest, Sud-Est corsica, Dom-tom, est, ovest della Svizzera, annuncio di riacquisto azienda, annuncio di vendita azienda Nord, Centro, sud-ovest, sud-est, corsica, Dom-tom, est, ovest della Svizzera, trasferimento azienda Nord, Centro, sud-ovest, sud-est, corsica, Dom-tom, est, ovest della Svizzera, trasferimento azienda, trasferimento azienda, azienda da acquistare, azienda da acquistare, azienda da trasferire, valutazione azienda Nord, Centro, sud-ovest, sud-est, corsica, Dom-tom, est, ovest della Svizzera fusione acquisizione di societ\u00e0, fusione acquisizione di societ\u00e0, fusione di societ\u00e0, fusione di societ\u00e0, acquistare una societ\u00e0, acquistare una societ\u00e0, rilevare una societ\u00e0, rilevare una societ\u00e0, societ\u00e0 da acquisire, societ\u00e0 da vendere Nord, Centro, Sud-Ovest, Sud-Est, Corsica, Dom-tom, Est, Ovest della Svizzera, societ\u00e0 da rilevare, societ\u00e0 in vendita, transazione di societ\u00e0, transazione di societ\u00e0, trasmissione di societ\u00e0, trasmissione di una societ\u00e0 trasferimento d&#8217;azienda Nord, Centro, Sud-Ovest, Sud-Est, Corsica, Dom-tom, Est, Ovest della Svizzera, valutazione d&#8217;azienda, valutazione di un&#8217;azienda, vendere un&#8217;azienda, vendere un&#8217;azienda Nord, Centro, Sud-Ovest, Sud-Est, Corsica, Dom-tom, Est, Ovest della Svizzera, vendere un&#8217;azienda Nord, Centro, Sud-Ovest, Sud-Est, Corsica, Dom-tom, Est, Ovest della Svizzera, vendita di azienda, vendita di azienda Nord, Centro, Sud-Ovest, Sud-Est, Corsica<\/p>\n","protected":false},"excerpt":{"rendered":"<p>Vendita azienda Svizzera e Italia, trasferimento azienda Svizzera e Italia, vendita azienda Svizzera e Italia, acquisizione azienda Svizzera e Italia, vendita PMI Svizzera e Italia, vendita PMI Svizzera e Italia, successione PMI Svizzera e Italia, vendita azienda Svizzera e Italia, trovare un acquirente in Svizzera e in Italia<\/p>\n","protected":false},"author":2,"featured_media":6842,"parent":1690,"menu_order":0,"comment_status":"closed","ping_status":"closed","template":"","meta":{"footnotes":""},"class_list":["post-1606","page","type-page","status-publish","has-post-thumbnail","hentry"],"yoast_head":"<!-- This site is optimized with the Yoast SEO plugin v27.4 - https:\/\/yoast.com\/product\/yoast-seo-wordpress\/ -->\n<title>Come vendere un&#039;azienda in Svizzera?<\/title>\n<meta name=\"description\" content=\"Come vendere un&#039;azienda in Svizzera, Ticino e Italia, vendita PMI in Svizzera, Ticino e Italia, acquisizione PMI in Svizzera, Ticino e Italia, trasferimento PMI in Svizzera, Ticino e Italia, vendita azienda in Svizzera, Ticino e Italia, trasferimento azienda in Svizzera, Ticino e Italia\" \/>\n<meta name=\"robots\" content=\"index, follow, max-snippet:-1, max-image-preview:large, max-video-preview:-1\" \/>\n<link rel=\"canonical\" href=\"https:\/\/actoria.com\/ch-it\/riassunto\/i-nostri-migliori-consigli-per-rilevare-unazienda\/\" \/>\n<meta property=\"og:locale\" content=\"it_IT\" \/>\n<meta property=\"og:type\" content=\"article\" \/>\n<meta property=\"og:title\" content=\"Come vendere un&#039;azienda in Svizzera?\" \/>\n<meta property=\"og:description\" content=\"Come vendere un&#039;azienda in Svizzera, Ticino e Italia, vendita PMI in Svizzera, Ticino e Italia, acquisizione PMI in Svizzera, Ticino e Italia, trasferimento PMI in Svizzera, Ticino e Italia, vendita azienda in Svizzera, Ticino e Italia, trasferimento azienda in Svizzera, Ticino e Italia\" \/>\n<meta property=\"og:url\" content=\"https:\/\/actoria.com\/ch-it\/riassunto\/i-nostri-migliori-consigli-per-rilevare-unazienda\/\" \/>\n<meta property=\"og:site_name\" content=\"Trasferimento di azienda Svizzera, Ticino e Italia, Fusioni &amp; Acquisizioni Svizzera, Ticino e Italia, Sviluppo Strategico Svizzera, Ticino e Italia\" \/>\n<meta property=\"article:modified_time\" content=\"2022-08-12T14:02:08+00:00\" \/>\n<meta property=\"og:image\" content=\"https:\/\/actoria.com\/ch-it\/wp-content\/uploads\/2019\/02\/due-diligence.jpg\" \/>\n\t<meta property=\"og:image:width\" content=\"1080\" \/>\n\t<meta property=\"og:image:height\" content=\"720\" \/>\n\t<meta property=\"og:image:type\" content=\"image\/jpeg\" \/>\n<meta name=\"twitter:card\" content=\"summary_large_image\" \/>\n<meta name=\"twitter:label1\" content=\"Tempo di lettura stimato\" \/>\n\t<meta name=\"twitter:data1\" content=\"2 minuti\" \/>\n<script type=\"application\/ld+json\" class=\"yoast-schema-graph\">{\"@context\":\"https:\\\/\\\/schema.org\",\"@graph\":[{\"@type\":\"Article\",\"@id\":\"https:\\\/\\\/actoria.com\\\/ch-it\\\/riassunto\\\/i-nostri-migliori-consigli-per-rilevare-unazienda\\\/#article\",\"isPartOf\":{\"@id\":\"https:\\\/\\\/actoria.com\\\/ch-it\\\/riassunto\\\/i-nostri-migliori-consigli-per-rilevare-unazienda\\\/\"},\"author\":{\"name\":\"fabrice\",\"@id\":\"https:\\\/\\\/actoria.com\\\/ch-it\\\/#\\\/schema\\\/person\\\/f49dd9d0c4e953ed3de3e3b44cd339ac\"},\"headline\":\"I nostri migliori consigli per rilevare un&#8217;azienda\",\"datePublished\":\"2015-05-13T08:23:43+00:00\",\"dateModified\":\"2022-08-12T14:02:08+00:00\",\"mainEntityOfPage\":{\"@id\":\"https:\\\/\\\/actoria.com\\\/ch-it\\\/riassunto\\\/i-nostri-migliori-consigli-per-rilevare-unazienda\\\/\"},\"wordCount\":482,\"publisher\":{\"@id\":\"https:\\\/\\\/actoria.com\\\/ch-it\\\/#organization\"},\"image\":{\"@id\":\"https:\\\/\\\/actoria.com\\\/ch-it\\\/riassunto\\\/i-nostri-migliori-consigli-per-rilevare-unazienda\\\/#primaryimage\"},\"thumbnailUrl\":\"https:\\\/\\\/actoria.com\\\/ch-it\\\/wp-content\\\/uploads\\\/2019\\\/02\\\/due-diligence.jpg\",\"inLanguage\":\"it-IT\"},{\"@type\":\"WebPage\",\"@id\":\"https:\\\/\\\/actoria.com\\\/ch-it\\\/riassunto\\\/i-nostri-migliori-consigli-per-rilevare-unazienda\\\/\",\"url\":\"https:\\\/\\\/actoria.com\\\/ch-it\\\/riassunto\\\/i-nostri-migliori-consigli-per-rilevare-unazienda\\\/\",\"name\":\"Come vendere un'azienda in Svizzera?\",\"isPartOf\":{\"@id\":\"https:\\\/\\\/actoria.com\\\/ch-it\\\/#website\"},\"primaryImageOfPage\":{\"@id\":\"https:\\\/\\\/actoria.com\\\/ch-it\\\/riassunto\\\/i-nostri-migliori-consigli-per-rilevare-unazienda\\\/#primaryimage\"},\"image\":{\"@id\":\"https:\\\/\\\/actoria.com\\\/ch-it\\\/riassunto\\\/i-nostri-migliori-consigli-per-rilevare-unazienda\\\/#primaryimage\"},\"thumbnailUrl\":\"https:\\\/\\\/actoria.com\\\/ch-it\\\/wp-content\\\/uploads\\\/2019\\\/02\\\/due-diligence.jpg\",\"datePublished\":\"2015-05-13T08:23:43+00:00\",\"dateModified\":\"2022-08-12T14:02:08+00:00\",\"description\":\"Come vendere un'azienda in Svizzera, Ticino e Italia, vendita PMI in Svizzera, Ticino e Italia, acquisizione PMI in Svizzera, Ticino e Italia, trasferimento PMI in Svizzera, Ticino e Italia, vendita azienda in Svizzera, Ticino e Italia, trasferimento azienda in Svizzera, Ticino e Italia\",\"breadcrumb\":{\"@id\":\"https:\\\/\\\/actoria.com\\\/ch-it\\\/riassunto\\\/i-nostri-migliori-consigli-per-rilevare-unazienda\\\/#breadcrumb\"},\"inLanguage\":\"it-IT\",\"potentialAction\":[{\"@type\":\"ReadAction\",\"target\":[\"https:\\\/\\\/actoria.com\\\/ch-it\\\/riassunto\\\/i-nostri-migliori-consigli-per-rilevare-unazienda\\\/\"]}]},{\"@type\":\"ImageObject\",\"inLanguage\":\"it-IT\",\"@id\":\"https:\\\/\\\/actoria.com\\\/ch-it\\\/riassunto\\\/i-nostri-migliori-consigli-per-rilevare-unazienda\\\/#primaryimage\",\"url\":\"https:\\\/\\\/actoria.com\\\/ch-it\\\/wp-content\\\/uploads\\\/2019\\\/02\\\/due-diligence.jpg\",\"contentUrl\":\"https:\\\/\\\/actoria.com\\\/ch-it\\\/wp-content\\\/uploads\\\/2019\\\/02\\\/due-diligence.jpg\",\"width\":1080,\"height\":720,\"caption\":\"I nostri migliori consigli per rilevare un&rsquo;azienda, I nostri migliori consigli per rilevare un&rsquo;azienda, trasferimento, vendita di societ\u00e0 e azienda in Svizzera e Italia\"},{\"@type\":\"BreadcrumbList\",\"@id\":\"https:\\\/\\\/actoria.com\\\/ch-it\\\/riassunto\\\/i-nostri-migliori-consigli-per-rilevare-unazienda\\\/#breadcrumb\",\"itemListElement\":[{\"@type\":\"ListItem\",\"position\":1,\"name\":\"Home\",\"item\":\"https:\\\/\\\/actoria.com\\\/ch-it\\\/\"},{\"@type\":\"ListItem\",\"position\":2,\"name\":\"Riassunto\",\"item\":\"https:\\\/\\\/actoria.com\\\/ch-it\\\/riassunto\\\/\"},{\"@type\":\"ListItem\",\"position\":3,\"name\":\"I nostri migliori consigli per rilevare un&#8217;azienda\"}]},{\"@type\":\"WebSite\",\"@id\":\"https:\\\/\\\/actoria.com\\\/ch-it\\\/#website\",\"url\":\"https:\\\/\\\/actoria.com\\\/ch-it\\\/\",\"name\":\"Trasferimento di azienda Svizzera, Ticino e Italia, Fusioni & Acquisizioni Svizzera, Ticino e Italia, Sviluppo Strategico Svizzera, Ticino e Italia\",\"description\":\"Vendere la tua azienda, PMI in Belgio, Francia, Svizzera, Marocco, Tunisia, Lussemburgo, Italia\",\"publisher\":{\"@id\":\"https:\\\/\\\/actoria.com\\\/ch-it\\\/#organization\"},\"alternateName\":\"Trasferimento di societ\u00e0, sviluppo di societ\u00e0 in Tunisia, lo specialista in fusioni e acquisizioni in Tunisia dal 2002\",\"potentialAction\":[{\"@type\":\"SearchAction\",\"target\":{\"@type\":\"EntryPoint\",\"urlTemplate\":\"https:\\\/\\\/actoria.com\\\/ch-it\\\/?s={search_term_string}\"},\"query-input\":{\"@type\":\"PropertyValueSpecification\",\"valueRequired\":true,\"valueName\":\"search_term_string\"}}],\"inLanguage\":\"it-IT\"},{\"@type\":\"Organization\",\"@id\":\"https:\\\/\\\/actoria.com\\\/ch-it\\\/#organization\",\"name\":\"Actoria Svizzera, Ticico e Italia, Trasferimento di azienda Svizzera, Ticino e Italia, Fusioni & Acquisizioni Svizzera, Ticino e Italia, Sviluppo Strategico Svizzera, Ticino e Italia\",\"alternateName\":\"Vendere la tua azienda, PMI in Belgio, Francia, Svizzera, Marocco, Tunisia, Lussemburgo, Italia\",\"url\":\"https:\\\/\\\/actoria.com\\\/ch-it\\\/\",\"logo\":{\"@type\":\"ImageObject\",\"inLanguage\":\"it-IT\",\"@id\":\"https:\\\/\\\/actoria.com\\\/ch-it\\\/#\\\/schema\\\/logo\\\/image\\\/\",\"url\":\"https:\\\/\\\/actoria.com\\\/ch-it\\\/wp-content\\\/uploads\\\/2020\\\/12\\\/Logo-standard.bmp\",\"contentUrl\":\"https:\\\/\\\/actoria.com\\\/ch-it\\\/wp-content\\\/uploads\\\/2020\\\/12\\\/Logo-standard.bmp\",\"width\":566,\"height\":358,\"caption\":\"Actoria Svizzera, Ticico e Italia, Trasferimento di azienda Svizzera, Ticino e Italia, Fusioni & Acquisizioni Svizzera, Ticino e Italia, Sviluppo Strategico Svizzera, Ticino e Italia\"},\"image\":{\"@id\":\"https:\\\/\\\/actoria.com\\\/ch-it\\\/#\\\/schema\\\/logo\\\/image\\\/\"},\"sameAs\":[\"https:\\\/\\\/fr.linkedin.com\\\/company\\\/actoria-group_2\"]},{\"@type\":\"Person\",\"@id\":\"https:\\\/\\\/actoria.com\\\/ch-it\\\/#\\\/schema\\\/person\\\/f49dd9d0c4e953ed3de3e3b44cd339ac\",\"name\":\"fabrice\",\"url\":\"https:\\\/\\\/actoria.com\\\/ch-it\\\/author\\\/fabrice\\\/\"}]}<\/script>\n<!-- \/ Yoast SEO plugin. -->","yoast_head_json":{"title":"Come vendere un'azienda in Svizzera?","description":"Come vendere un'azienda in Svizzera, Ticino e Italia, vendita PMI in Svizzera, Ticino e Italia, acquisizione PMI in Svizzera, Ticino e Italia, trasferimento PMI in Svizzera, Ticino e Italia, vendita azienda in Svizzera, Ticino e Italia, trasferimento azienda in Svizzera, Ticino e Italia","robots":{"index":"index","follow":"follow","max-snippet":"max-snippet:-1","max-image-preview":"max-image-preview:large","max-video-preview":"max-video-preview:-1"},"canonical":"https:\/\/actoria.com\/ch-it\/riassunto\/i-nostri-migliori-consigli-per-rilevare-unazienda\/","og_locale":"it_IT","og_type":"article","og_title":"Come vendere un'azienda in Svizzera?","og_description":"Come vendere un'azienda in Svizzera, Ticino e Italia, vendita PMI in Svizzera, Ticino e Italia, acquisizione PMI in Svizzera, Ticino e Italia, trasferimento PMI in Svizzera, Ticino e Italia, vendita azienda in Svizzera, Ticino e Italia, trasferimento azienda in Svizzera, Ticino e Italia","og_url":"https:\/\/actoria.com\/ch-it\/riassunto\/i-nostri-migliori-consigli-per-rilevare-unazienda\/","og_site_name":"Trasferimento di azienda Svizzera, Ticino e Italia, Fusioni &amp; Acquisizioni Svizzera, Ticino e Italia, Sviluppo Strategico Svizzera, Ticino e Italia","article_modified_time":"2022-08-12T14:02:08+00:00","og_image":[{"width":1080,"height":720,"url":"https:\/\/actoria.com\/ch-it\/wp-content\/uploads\/2019\/02\/due-diligence.jpg","type":"image\/jpeg"}],"twitter_card":"summary_large_image","twitter_misc":{"Tempo di lettura stimato":"2 minuti"},"schema":{"@context":"https:\/\/schema.org","@graph":[{"@type":"Article","@id":"https:\/\/actoria.com\/ch-it\/riassunto\/i-nostri-migliori-consigli-per-rilevare-unazienda\/#article","isPartOf":{"@id":"https:\/\/actoria.com\/ch-it\/riassunto\/i-nostri-migliori-consigli-per-rilevare-unazienda\/"},"author":{"name":"fabrice","@id":"https:\/\/actoria.com\/ch-it\/#\/schema\/person\/f49dd9d0c4e953ed3de3e3b44cd339ac"},"headline":"I nostri migliori consigli per rilevare un&#8217;azienda","datePublished":"2015-05-13T08:23:43+00:00","dateModified":"2022-08-12T14:02:08+00:00","mainEntityOfPage":{"@id":"https:\/\/actoria.com\/ch-it\/riassunto\/i-nostri-migliori-consigli-per-rilevare-unazienda\/"},"wordCount":482,"publisher":{"@id":"https:\/\/actoria.com\/ch-it\/#organization"},"image":{"@id":"https:\/\/actoria.com\/ch-it\/riassunto\/i-nostri-migliori-consigli-per-rilevare-unazienda\/#primaryimage"},"thumbnailUrl":"https:\/\/actoria.com\/ch-it\/wp-content\/uploads\/2019\/02\/due-diligence.jpg","inLanguage":"it-IT"},{"@type":"WebPage","@id":"https:\/\/actoria.com\/ch-it\/riassunto\/i-nostri-migliori-consigli-per-rilevare-unazienda\/","url":"https:\/\/actoria.com\/ch-it\/riassunto\/i-nostri-migliori-consigli-per-rilevare-unazienda\/","name":"Come vendere un'azienda in Svizzera?","isPartOf":{"@id":"https:\/\/actoria.com\/ch-it\/#website"},"primaryImageOfPage":{"@id":"https:\/\/actoria.com\/ch-it\/riassunto\/i-nostri-migliori-consigli-per-rilevare-unazienda\/#primaryimage"},"image":{"@id":"https:\/\/actoria.com\/ch-it\/riassunto\/i-nostri-migliori-consigli-per-rilevare-unazienda\/#primaryimage"},"thumbnailUrl":"https:\/\/actoria.com\/ch-it\/wp-content\/uploads\/2019\/02\/due-diligence.jpg","datePublished":"2015-05-13T08:23:43+00:00","dateModified":"2022-08-12T14:02:08+00:00","description":"Come vendere un'azienda in Svizzera, Ticino e Italia, vendita PMI in Svizzera, Ticino e Italia, acquisizione PMI in Svizzera, Ticino e Italia, trasferimento PMI in Svizzera, Ticino e Italia, vendita azienda in Svizzera, Ticino e Italia, trasferimento azienda in Svizzera, Ticino e Italia","breadcrumb":{"@id":"https:\/\/actoria.com\/ch-it\/riassunto\/i-nostri-migliori-consigli-per-rilevare-unazienda\/#breadcrumb"},"inLanguage":"it-IT","potentialAction":[{"@type":"ReadAction","target":["https:\/\/actoria.com\/ch-it\/riassunto\/i-nostri-migliori-consigli-per-rilevare-unazienda\/"]}]},{"@type":"ImageObject","inLanguage":"it-IT","@id":"https:\/\/actoria.com\/ch-it\/riassunto\/i-nostri-migliori-consigli-per-rilevare-unazienda\/#primaryimage","url":"https:\/\/actoria.com\/ch-it\/wp-content\/uploads\/2019\/02\/due-diligence.jpg","contentUrl":"https:\/\/actoria.com\/ch-it\/wp-content\/uploads\/2019\/02\/due-diligence.jpg","width":1080,"height":720,"caption":"I nostri migliori consigli per rilevare un&rsquo;azienda, I nostri migliori consigli per rilevare un&rsquo;azienda, trasferimento, vendita di societ\u00e0 e azienda in Svizzera e Italia"},{"@type":"BreadcrumbList","@id":"https:\/\/actoria.com\/ch-it\/riassunto\/i-nostri-migliori-consigli-per-rilevare-unazienda\/#breadcrumb","itemListElement":[{"@type":"ListItem","position":1,"name":"Home","item":"https:\/\/actoria.com\/ch-it\/"},{"@type":"ListItem","position":2,"name":"Riassunto","item":"https:\/\/actoria.com\/ch-it\/riassunto\/"},{"@type":"ListItem","position":3,"name":"I nostri migliori consigli per rilevare un&#8217;azienda"}]},{"@type":"WebSite","@id":"https:\/\/actoria.com\/ch-it\/#website","url":"https:\/\/actoria.com\/ch-it\/","name":"Trasferimento di azienda Svizzera, Ticino e Italia, Fusioni & Acquisizioni Svizzera, Ticino e Italia, Sviluppo Strategico Svizzera, Ticino e Italia","description":"Vendere la tua azienda, PMI in Belgio, Francia, Svizzera, Marocco, Tunisia, Lussemburgo, Italia","publisher":{"@id":"https:\/\/actoria.com\/ch-it\/#organization"},"alternateName":"Trasferimento di societ\u00e0, sviluppo di societ\u00e0 in Tunisia, lo specialista in fusioni e acquisizioni in Tunisia dal 2002","potentialAction":[{"@type":"SearchAction","target":{"@type":"EntryPoint","urlTemplate":"https:\/\/actoria.com\/ch-it\/?s={search_term_string}"},"query-input":{"@type":"PropertyValueSpecification","valueRequired":true,"valueName":"search_term_string"}}],"inLanguage":"it-IT"},{"@type":"Organization","@id":"https:\/\/actoria.com\/ch-it\/#organization","name":"Actoria Svizzera, Ticico e Italia, Trasferimento di azienda Svizzera, Ticino e Italia, Fusioni & Acquisizioni Svizzera, Ticino e Italia, Sviluppo Strategico Svizzera, Ticino e Italia","alternateName":"Vendere la tua azienda, PMI in Belgio, Francia, Svizzera, Marocco, Tunisia, Lussemburgo, Italia","url":"https:\/\/actoria.com\/ch-it\/","logo":{"@type":"ImageObject","inLanguage":"it-IT","@id":"https:\/\/actoria.com\/ch-it\/#\/schema\/logo\/image\/","url":"https:\/\/actoria.com\/ch-it\/wp-content\/uploads\/2020\/12\/Logo-standard.bmp","contentUrl":"https:\/\/actoria.com\/ch-it\/wp-content\/uploads\/2020\/12\/Logo-standard.bmp","width":566,"height":358,"caption":"Actoria Svizzera, Ticico e Italia, Trasferimento di azienda Svizzera, Ticino e Italia, Fusioni & Acquisizioni Svizzera, Ticino e Italia, Sviluppo Strategico Svizzera, Ticino e Italia"},"image":{"@id":"https:\/\/actoria.com\/ch-it\/#\/schema\/logo\/image\/"},"sameAs":["https:\/\/fr.linkedin.com\/company\/actoria-group_2"]},{"@type":"Person","@id":"https:\/\/actoria.com\/ch-it\/#\/schema\/person\/f49dd9d0c4e953ed3de3e3b44cd339ac","name":"fabrice","url":"https:\/\/actoria.com\/ch-it\/author\/fabrice\/"}]}},"_links":{"self":[{"href":"https:\/\/actoria.com\/ch-it\/wp-json\/wp\/v2\/pages\/1606","targetHints":{"allow":["GET"]}}],"collection":[{"href":"https:\/\/actoria.com\/ch-it\/wp-json\/wp\/v2\/pages"}],"about":[{"href":"https:\/\/actoria.com\/ch-it\/wp-json\/wp\/v2\/types\/page"}],"author":[{"embeddable":true,"href":"https:\/\/actoria.com\/ch-it\/wp-json\/wp\/v2\/users\/2"}],"replies":[{"embeddable":true,"href":"https:\/\/actoria.com\/ch-it\/wp-json\/wp\/v2\/comments?post=1606"}],"version-history":[{"count":0,"href":"https:\/\/actoria.com\/ch-it\/wp-json\/wp\/v2\/pages\/1606\/revisions"}],"up":[{"embeddable":true,"href":"https:\/\/actoria.com\/ch-it\/wp-json\/wp\/v2\/pages\/1690"}],"wp:featuredmedia":[{"embeddable":true,"href":"https:\/\/actoria.com\/ch-it\/wp-json\/wp\/v2\/media\/6842"}],"wp:attachment":[{"href":"https:\/\/actoria.com\/ch-it\/wp-json\/wp\/v2\/media?parent=1606"}],"curies":[{"name":"wp","href":"https:\/\/api.w.org\/{rel}","templated":true}]}}