{"id":1614,"date":"2015-05-13T10:26:40","date_gmt":"2015-05-13T10:26:40","guid":{"rendered":"https:\/\/actoria.com\/ch-it\/\/?page_id=1614"},"modified":"2022-08-12T17:40:59","modified_gmt":"2022-08-12T15:40:59","slug":"due-diligence-e-audit","status":"publish","type":"page","link":"https:\/\/actoria.com\/ch-it\/trasmissione\/come-vendere\/chiusura-di-successo\/due-diligence-e-audit\/","title":{"rendered":"Due Diligence e audit"},"content":{"rendered":"<div id='av_section_1'  class='avia-section main_color avia-section-default avia-no-border-styling  avia-full-stretch avia-bg-style-fixed  avia-builder-el-0  el_before_av_one_full  avia-builder-el-first  header_page_section_title_wrapper  av-arrow-down-section av-minimum-height av-minimum-height-custom  container_wrap sidebar_right' style='background-repeat: no-repeat; background-image: url(https:\/\/actoria.com\/ch-it\/wp-content\/uploads\/2022\/08\/shutterstock-1-12.jpg);background-attachment: fixed; background-position: center center;  '  data-section-bg-repeat='stretch'><div class='container' style='height:660px'><main  role=\"main\" itemprop=\"mainContentOfPage\"  class='template-page content  av-content-small alpha units'><div class='post-entry post-entry-type-page post-entry-1614'><div class='entry-content-wrapper clearfix'>\n<div class='flex_column_table av-equal-height-column-flextable -flextable' ><div class=\"flex_column av_one_full  flex_column_table_cell av-equal-height-column av-align-bottom av-zero-column-padding first  avia-builder-el-1  avia-builder-el-no-sibling  header_page_section_title \" style='border-radius:0px; ' id=\"header_page_section_title\" ><p><br \/>\n<div  style='padding-bottom:5px; margin:0 0 0 0; color:#ffffff;' class='av-special-heading av-special-heading-h1 custom-color-heading   avia-builder-el-3  el_after_av_codeblock  avia-builder-el-last  '><h1 class='av-special-heading-tag '  itemprop=\"headline\"  >Due Diligence e audit<\/h1><div class='special-heading-border'><div class='special-heading-inner-border' style='border-color:#ffffff'><\/div><\/div><\/div><\/p><\/div><\/div><!--close column table wrapper. Autoclose: 1 -->\n<\/div><\/div><\/main><!-- close content main element --><\/div><div class='av-extra-border-element border-extra-arrow-down'><div class='av-extra-border-outer'><div class='av-extra-border-inner'  style='background-color:#ffffff;' ><\/div><\/div><\/div><\/div><div id='after_section_1'  class='main_color av_default_container_wrap container_wrap sidebar_right' style=' '  ><div class='container' ><div class='template-page content  av-content-small alpha units'><div class='post-entry post-entry-type-page post-entry-1614'><div class='entry-content-wrapper clearfix'>\n<div class=\"flex_column av_one_full  flex_column_div av-zero-column-padding first  avia-builder-el-4  el_after_av_section  avia-builder-el-no-sibling  \" style='border-radius:0px; '><section class=\"av_textblock_section \"  itemscope=\"itemscope\" itemtype=\"https:\/\/schema.org\/CreativeWork\" ><div class='avia_textblock  '   itemprop=\"text\" ><p><img loading=\"lazy\" decoding=\"async\" class=\"alignleft wp-image-13815 size-medium\" title=\"Due Diligence e audit, Opportunit\u00e0 di valutazione\" src=\"https:\/\/actoria.com\/ch-it\/wp-content\/uploads\/2020\/04\/Valoriser-lentreprise-300x204.jpg\" alt=\"Due Diligence e audit, Opportunit\u00e0 di valutazione\" width=\"300\" height=\"204\" srcset=\"https:\/\/actoria.com\/ch-it\/wp-content\/uploads\/2020\/04\/Valoriser-lentreprise-300x204.jpg 300w, https:\/\/actoria.com\/ch-it\/wp-content\/uploads\/2020\/04\/Valoriser-lentreprise-1030x701.jpg 1030w, https:\/\/actoria.com\/ch-it\/wp-content\/uploads\/2020\/04\/Valoriser-lentreprise-768x523.jpg 768w, https:\/\/actoria.com\/ch-it\/wp-content\/uploads\/2020\/04\/Valoriser-lentreprise-1536x1046.jpg 1536w, https:\/\/actoria.com\/ch-it\/wp-content\/uploads\/2020\/04\/Valoriser-lentreprise-2048x1394.jpg 2048w, https:\/\/actoria.com\/ch-it\/wp-content\/uploads\/2020\/04\/Valoriser-lentreprise-1500x1021.jpg 1500w, https:\/\/actoria.com\/ch-it\/wp-content\/uploads\/2020\/04\/Valoriser-lentreprise-705x480.jpg 705w\" sizes=\"auto, (max-width: 300px) 100vw, 300px\" \/><\/p>\n<h3><\/h3>\n<h3>Scopo degli audit dell&#8217;azienda<\/h3>\n<p style=\"text-align: justify;\">Lo scopo principale della due diligence e degli audit aziendali \u00e8 quello di permettere all&#8217;acquirente di decidere sulla fattibilit\u00e0 dell&#8217;operazione di trasmissione dell&#8217;impresa, e anche sulla determinazione del valore dell&#8217;azienda.<\/p>\n<h3>In quale momento entrano in gioco?<\/h3>\n<p style=\"text-align: justify;\">La due diligence e gli audit della societ\u00e0 possono essere effettuati sia prima della formalizzazione dell&#8217;accordo tra le parti in un memorandum d&#8217;intesa, sia dopo, in genere come condizione sospensiva al completamento delle operazioni di vendita di azioni o di investimento azionario previste nel memorandum.<\/p>\n<h3><strong>Cosa viene controllato?<\/strong><\/h3>\n<p style=\"text-align: justify;\">La portata della due diligence e degli audit dell&#8217;azienda sar\u00e0 determinata caso per caso dall&#8217;acquirente. Tuttavia, sono generalmente sottoposti a verifica: la situazione fiscale, sociale e giuridica dell&#8217;impresa, la sua situazione contabile e finanziaria, la conformit\u00e0 della sua situazione con il diritto ambientale, i diritti di propriet\u00e0 che detiene (brevetti, marchi, software, nomi di dominio, tecnologia, etc.) e la sua situazione operativa.<\/p>\n<h3>Modalit\u00e0<\/h3>\n<p style=\"text-align: justify;\">La due diligence e gli audit aziendali sono di solito eseguiti da auditor esterni appositamente incaricati.<\/p>\n<h3>Costo<\/h3>\n<p style=\"text-align: justify;\">Il costo dell&#8217;audit sar\u00e0 concordato tra le parti per quanto riguarda la sua copertura. Un acquirente straniero preferir\u00e0 controllare le revisioni e sosterr\u00e0 il costo corrispondente.<\/p>\n<\/div><\/section><\/div>\n","protected":false},"excerpt":{"rendered":"<p>Vendita azienda Svizzera e Italia, trasferimento azienda Svizzera e Italia, vendita azienda Svizzera e Italia, acquisizione azienda Svizzera e Italia, vendita PMI Svizzera e Italia, vendita PMI Svizzera e Italia, successione PMI Svizzera e Italia, vendita azienda Svizzera e Italia, trovare un acquirente in Svizzera e in Italia<\/p>\n","protected":false},"author":2,"featured_media":18374,"parent":9782,"menu_order":2,"comment_status":"closed","ping_status":"closed","template":"","meta":{"footnotes":""},"class_list":["post-1614","page","type-page","status-publish","has-post-thumbnail","hentry"],"_links":{"self":[{"href":"https:\/\/actoria.com\/ch-it\/wp-json\/wp\/v2\/pages\/1614","targetHints":{"allow":["GET"]}}],"collection":[{"href":"https:\/\/actoria.com\/ch-it\/wp-json\/wp\/v2\/pages"}],"about":[{"href":"https:\/\/actoria.com\/ch-it\/wp-json\/wp\/v2\/types\/page"}],"author":[{"embeddable":true,"href":"https:\/\/actoria.com\/ch-it\/wp-json\/wp\/v2\/users\/2"}],"replies":[{"embeddable":true,"href":"https:\/\/actoria.com\/ch-it\/wp-json\/wp\/v2\/comments?post=1614"}],"version-history":[{"count":0,"href":"https:\/\/actoria.com\/ch-it\/wp-json\/wp\/v2\/pages\/1614\/revisions"}],"up":[{"embeddable":true,"href":"https:\/\/actoria.com\/ch-it\/wp-json\/wp\/v2\/pages\/9782"}],"wp:featuredmedia":[{"embeddable":true,"href":"https:\/\/actoria.com\/ch-it\/wp-json\/wp\/v2\/media\/18374"}],"wp:attachment":[{"href":"https:\/\/actoria.com\/ch-it\/wp-json\/wp\/v2\/media?parent=1614"}],"curies":[{"name":"wp","href":"https:\/\/api.w.org\/{rel}","templated":true}]}}