{"id":1624,"date":"2015-05-13T10:28:30","date_gmt":"2015-05-13T09:28:30","guid":{"rendered":"https:\/\/actoria.com\/ch-it\/\/?page_id=1624"},"modified":"2022-08-12T17:42:07","modified_gmt":"2022-08-12T15:42:07","slug":"profilo-dell-acquirente","status":"publish","type":"page","link":"https:\/\/actoria.com\/ch-it\/trasmissione\/come-vendere\/ricerca-di-acquirenti\/profilo-dell-acquirente\/","title":{"rendered":"Profilo dell&#8217;acquirente"},"content":{"rendered":"<div id='av_section_1'  class='avia-section main_color avia-section-default avia-no-border-styling  avia-full-stretch avia-bg-style-fixed  avia-builder-el-0  el_before_av_one_half  avia-builder-el-first  header_page_section_title_wrapper  av-arrow-down-section av-minimum-height av-minimum-height-custom  container_wrap sidebar_right' style='background-repeat: no-repeat; background-image: url(https:\/\/actoria.com\/ch-it\/wp-content\/uploads\/2021\/12\/shutterstock-1-83-1500x1166.jpg);background-attachment: fixed; background-position: center center;  '  data-section-bg-repeat='stretch'><div class='container' style='height:660px'><main  role=\"main\" itemprop=\"mainContentOfPage\"  class='template-page content  av-content-small alpha units'><div class='post-entry post-entry-type-page post-entry-1624'><div class='entry-content-wrapper clearfix'>\n<div class='flex_column_table av-equal-height-column-flextable -flextable' ><div class=\"flex_column av_one_full  flex_column_table_cell av-equal-height-column av-align-bottom av-zero-column-padding first  avia-builder-el-1  avia-builder-el-no-sibling  header_page_section_title \" style='border-radius:0px; ' id=\"header_page_section_title\" ><p><br \/>\n<div  style='padding-bottom:5px; margin:0 0 0 0; color:#ffffff;' class='av-special-heading av-special-heading-h1 custom-color-heading   avia-builder-el-3  el_after_av_codeblock  avia-builder-el-last  '><h1 class='av-special-heading-tag '  itemprop=\"headline\"  >Profilo dell\u2019acquirente di aziende<\/h1><div class='special-heading-border'><div class='special-heading-inner-border' style='border-color:#ffffff'><\/div><\/div><\/div><\/p><\/div><\/div><!--close column table wrapper. Autoclose: 1 --><\/div><\/div><\/main><!-- close content main element --><\/div><div class='av-extra-border-element border-extra-arrow-down'><div class='av-extra-border-outer'><div class='av-extra-border-inner'  style='background-color:#ffffff;' ><\/div><\/div><\/div><\/div><div id='after_section_1'  class='main_color av_default_container_wrap container_wrap sidebar_right' style=' '  ><div class='container' ><div class='template-page content  av-content-small alpha units'><div class='post-entry post-entry-type-page post-entry-1624'><div class='entry-content-wrapper clearfix'><div class='flex_column_table av-equal-height-column-flextable -flextable' ><div class=\"flex_column av_one_half  no_margin flex_column_table_cell av-equal-height-column av-align-middle av-zero-column-padding first  avia-builder-el-4  el_after_av_section  el_before_av_one_half  avia-builder-el-first  \" style='border-radius:0px; '><section class=\"av_textblock_section \"  itemscope=\"itemscope\" itemtype=\"https:\/\/schema.org\/CreativeWork\" ><div class='avia_textblock  '   itemprop=\"text\" ><p class=\"\"><img loading=\"lazy\" decoding=\"async\" class=\"alignleft wp-image-6025\" src=\"https:\/\/actoria.com\/ch-it\/\/wp-content\/uploads\/2018\/02\/bourses_transmission_reprise_entreprise_910.jpg\" alt=\"Quel profil du Repreneur d&#039;entreprise\" width=\"483\" height=\"292\" title=\"\" srcset=\"https:\/\/actoria.com\/ch-it\/wp-content\/uploads\/2018\/02\/bourses_transmission_reprise_entreprise_910.jpg 910w, https:\/\/actoria.com\/ch-it\/wp-content\/uploads\/2018\/02\/bourses_transmission_reprise_entreprise_910-300x181.jpg 300w, https:\/\/actoria.com\/ch-it\/wp-content\/uploads\/2018\/02\/bourses_transmission_reprise_entreprise_910-768x464.jpg 768w, https:\/\/actoria.com\/ch-it\/wp-content\/uploads\/2018\/02\/bourses_transmission_reprise_entreprise_910-705x426.jpg 705w\" sizes=\"auto, (max-width: 483px) 100vw, 483px\" \/><\/p>\n<\/div><\/section><\/div><\/p>\n<div class=\"flex_column av_one_half  no_margin flex_column_table_cell av-equal-height-column av-align-middle av-zero-column-padding   avia-builder-el-6  el_after_av_one_half  el_before_av_one_full  \" style='border-radius:0px; '><section class=\"av_textblock_section \"  itemscope=\"itemscope\" itemtype=\"https:\/\/schema.org\/CreativeWork\" ><div class='avia_textblock  '   itemprop=\"text\" ><p>La scelta del profilo del potenziale acquirente del business determiner\u00e0 il processo di trasferimento del business.<\/p>\n<p>\u00c8 ovvio che il processo di trasferimento dell&#8217;azienda sar\u00e0 pi\u00f9 semplice se si tratta di un trasferimento familiare che di un trasferimento a un gruppo internazionale.<\/p>\n<p>Prima di preparare il trasferimento della vostra azienda, \u00e8 necessario identificare i diversi tipi di acquirenti d&#8217;affari:<\/p>\n<\/div><\/section><\/div><\/div><!--close column table wrapper. Autoclose: 1 -->\n<div class=\"flex_column av_one_full  flex_column_div av-zero-column-padding first  avia-builder-el-8  el_after_av_one_half  avia-builder-el-last  column-top-margin\" style='border-radius:0px; '><section class=\"av_textblock_section \"  itemscope=\"itemscope\" itemtype=\"https:\/\/schema.org\/CreativeWork\" ><div class='avia_textblock  '   itemprop=\"text\" ><ul>\n<li>Cessionario membro della famiglia<\/li>\n<li>I bambini<\/li>\n<li>Un membro della famiglia<\/li>\n<\/ul>\n<p>Se uno dei membri della famiglia prende il controllo del vostro PMI, \u00e8 importante considerare come dargli\/le potere senza danneggiare gli interessi degli altri eredi.<\/p>\n<p>In questo caso, dividere l&#8217;azienda, separare i beni immobili e la holding di famiglia sono strumenti che possono aiutare a risolvere questo problema.<\/p>\n<ul>\n<li>Dipendente(i) che subentra(no)<\/li>\n<li>Gruppo di manager dell&#8217;azienda (LMBO: Leverage Management buy out)<\/li>\n<li>Gruppo di manager con un investitore finanziario<\/li>\n<li>Gruppo di gestione con un manager esterno (LMBI)<\/li>\n<\/ul>\n<p>In questo caso, \u00e8 importante assicurarsi che gli interessati siano adeguatamente consigliati e, se necessario, assisterli nel loro approccio con un trasferimento graduale dell&#8217;azienda, una clausola di earn-out o, perch\u00e9 no, un prestito del venditore.<\/p>\n<ul>\n<li>Acquirenti esterni dell&#8217;azienda<\/li>\n<li>Concorrenti, clienti, fornitori<\/li>\n<li>Investitore industriale<br \/>\nGli investitori finanziari (LBO: &#8211; Leverage buy out),&#8230;<\/li>\n<li>Manager o gruppo di manager<\/li>\n<\/ul>\n<p>Se il potenziale acquirente dell&#8217;azienda \u00e8 un concorrente, il problema della riservatezza delle informazioni trasmesse \u00e8 cruciale. Infatti, tutti i concorrenti saranno interessati a ricevere informazioni precise sull&#8217;azienda da vendere senza un vero progetto di acquisizione.<br \/>\nTuttavia, questo tipo di potenziale acquirente non deve essere trascurato nella misura in cui, nella maggior parte dei casi, sono i concorrenti che hanno un interesse strategico all&#8217;acquisto, con, in pi\u00f9, una conoscenza del business che facilita molto le trattative.<br \/>\nPer la trasmissione delle informazioni, si pu\u00f2 utilizzare il principio della sala dati.<\/p>\n<h4>La borsa valori<\/h4>\n<p>Questa \u00e8 una possibilit\u00e0 aperta solo alle grandi PMI con una crescita significativa e risultati positivi regolari e ricorrenti negli ultimi 5\/7 anni.<\/p>\n<\/div><\/section><\/div>\n","protected":false},"excerpt":{"rendered":"<p>Vendita azienda Svizzera e Italia, trasferimento azienda Svizzera e Italia, vendita azienda Svizzera e Italia, acquisizione azienda Svizzera e Italia, vendita PMI Svizzera e Italia, vendita PMI Svizzera e Italia, successione PMI Svizzera e Italia, vendita azienda Svizzera e Italia, trovare un acquirente in Svizzera e in Italia<\/p>\n","protected":false},"author":2,"featured_media":18381,"parent":9768,"menu_order":0,"comment_status":"closed","ping_status":"open","template":"","meta":{"footnotes":""},"class_list":["post-1624","page","type-page","status-publish","has-post-thumbnail","hentry"],"_links":{"self":[{"href":"https:\/\/actoria.com\/ch-it\/wp-json\/wp\/v2\/pages\/1624","targetHints":{"allow":["GET"]}}],"collection":[{"href":"https:\/\/actoria.com\/ch-it\/wp-json\/wp\/v2\/pages"}],"about":[{"href":"https:\/\/actoria.com\/ch-it\/wp-json\/wp\/v2\/types\/page"}],"author":[{"embeddable":true,"href":"https:\/\/actoria.com\/ch-it\/wp-json\/wp\/v2\/users\/2"}],"replies":[{"embeddable":true,"href":"https:\/\/actoria.com\/ch-it\/wp-json\/wp\/v2\/comments?post=1624"}],"version-history":[{"count":0,"href":"https:\/\/actoria.com\/ch-it\/wp-json\/wp\/v2\/pages\/1624\/revisions"}],"up":[{"embeddable":true,"href":"https:\/\/actoria.com\/ch-it\/wp-json\/wp\/v2\/pages\/9768"}],"wp:featuredmedia":[{"embeddable":true,"href":"https:\/\/actoria.com\/ch-it\/wp-json\/wp\/v2\/media\/18381"}],"wp:attachment":[{"href":"https:\/\/actoria.com\/ch-it\/wp-json\/wp\/v2\/media?parent=1624"}],"curies":[{"name":"wp","href":"https:\/\/api.w.org\/{rel}","templated":true}]}}