{"id":1657,"date":"2015-05-13T11:28:47","date_gmt":"2015-05-13T11:28:47","guid":{"rendered":"https:\/\/actoria.com\/ch-it\/\/?page_id=1657"},"modified":"2022-08-12T17:40:57","modified_gmt":"2022-08-12T15:40:57","slug":"cessione-di-una-rete-di-franchising","status":"publish","type":"page","link":"https:\/\/actoria.com\/ch-it\/trasmissione\/a-chi-vendere\/cessione-di-una-rete-di-franchising\/","title":{"rendered":"Cessione di una rete di franchising"},"content":{"rendered":"<div id='av_section_1'  class='avia-section main_color avia-section-default avia-no-border-styling  avia-full-stretch avia-bg-style-fixed  avia-builder-el-0  el_before_av_textblock  avia-builder-el-first  header_page_section_title_wrapper  av-arrow-down-section av-minimum-height av-minimum-height-custom  container_wrap sidebar_right' style='background-repeat: no-repeat; background-image: url(https:\/\/actoria.com\/ch-it\/wp-content\/uploads\/2021\/12\/shutterstock-1-79-1500x1001.jpg);background-attachment: fixed; background-position: center center;  '  data-section-bg-repeat='stretch'><div class='container' style='height:660px'><main  role=\"main\" itemprop=\"mainContentOfPage\"  class='template-page content  av-content-small alpha units'><div class='post-entry post-entry-type-page post-entry-1657'><div class='entry-content-wrapper clearfix'>\n<div class='flex_column_table av-equal-height-column-flextable -flextable' ><div class=\"flex_column av_one_full  flex_column_table_cell av-equal-height-column av-align-bottom av-zero-column-padding first  avia-builder-el-1  avia-builder-el-no-sibling  header_page_section_title \" style='border-radius:0px; ' id=\"header_page_section_title\" ><p><br \/>\n<div  style='padding-bottom:5px; margin:0 0 0 0; color:#ffffff;' class='av-special-heading av-special-heading-h1 custom-color-heading   avia-builder-el-3  el_after_av_codeblock  avia-builder-el-last  '><h1 class='av-special-heading-tag '  itemprop=\"headline\"  >Cessione di una rete di franchising<\/h1><div class='special-heading-border'><div class='special-heading-inner-border' style='border-color:#ffffff'><\/div><\/div><\/div><\/p><\/div><\/div><!--close column table wrapper. Autoclose: 1 -->\n<\/div><\/div><\/main><!-- close content main element --><\/div><div class='av-extra-border-element border-extra-arrow-down'><div class='av-extra-border-outer'><div class='av-extra-border-inner'  style='background-color:#ffffff;' ><\/div><\/div><\/div><\/div><div id='after_section_1'  class='main_color av_default_container_wrap container_wrap sidebar_right' style=' '  ><div class='container' ><div class='template-page content  av-content-small alpha units'><div class='post-entry post-entry-type-page post-entry-1657'><div class='entry-content-wrapper clearfix'>\n<section class=\"av_textblock_section \"  itemscope=\"itemscope\" itemtype=\"https:\/\/schema.org\/CreativeWork\" ><div class='avia_textblock  '   itemprop=\"text\" ><div id=\"attachment_18674\" style=\"width: 310px\" class=\"wp-caption alignleft\"><img loading=\"lazy\" decoding=\"async\" aria-describedby=\"caption-attachment-18674\" class=\"wp-image-18674 size-medium\" title=\"Cessione di una rete di franchising, Cessione di una rete di franchising, trasferimento, vendita di societ\u00e0 e azienda in Svizzera e Italia\" src=\"https:\/\/actoria.com\/ch-it\/wp-content\/uploads\/2021\/12\/shutterstock-1-78-300x200.jpg\" alt=\"Cessione di una rete di franchising, Cessione di una rete di franchising, trasferimento, vendita di societ\u00e0 e azienda in Svizzera e Italia\" width=\"300\" height=\"200\" \/><p id=\"caption-attachment-18674\" class=\"wp-caption-text\">Cessione di una rete di franchising, trasmissione di aziende in Svizzera<\/p><\/div>\n<p style=\"text-align: justify;\">La vendita di un franchising o di una rete di filiali \u00e8 spesso un&#8217;operazione molto pi\u00f9 complessa della vendita di un&#8217;attivit\u00e0 commerciale o industriale, per non parlare della vendita di franchisee.<\/p>\n<p style=\"text-align: justify;\">Per vendere con successo una rete, \u00e8 essenziale una <strong>preparazione molto accurata <\/strong>dell&#8217;operazione.<\/p>\n<\/div><\/section>\n<div class=\"flex_column av_one_full  flex_column_div av-zero-column-padding first  avia-builder-el-5  el_after_av_textblock  avia-builder-el-last  column-top-margin\" style='border-radius:0px; '><section class=\"av_textblock_section \"  itemscope=\"itemscope\" itemtype=\"https:\/\/schema.org\/CreativeWork\" ><div class='avia_textblock  '   itemprop=\"text\" ><h2 style=\"text-align: justify;\">Prepararsi a trasmettere una rete di franchising in Svizzera<\/h2>\n<p style=\"text-align: justify;\">Questa preparazione dovrebbe prevedere in particolare i seguenti punti:<\/p>\n<ul>\n<li style=\"text-align: justify;\">Preparazione della contabilit\u00e0 della societ\u00e0 o delle societ\u00e0 proprietarie della rete.<\/li>\n<li style=\"text-align: justify;\">Preparazione della comunicazione nei confronti dei membri della rete.<\/li>\n<li style=\"text-align: justify;\">Preparazione legale degli accordi di franchising, che devono includere. l&#8217;autorizzazione al trasferimento della rete.<\/li>\n<li style=\"text-align: justify;\">Preparazione del piano strategico per i seguenti 2 o 3 anni.<\/li>\n<li style=\"text-align: justify;\">Ottimizzazione e messa in sicurezza di propriet\u00e0 o relazioni immobiliari.<\/li>\n<li style=\"text-align: justify;\">Valutazione finanziaria della rete per determinarne il valore.<\/li>\n<li style=\"text-align: justify;\">Diagnosi finanziaria della rete per evidenziare la performance economica della rete.<\/li>\n<li style=\"text-align: justify;\">Redazione di un dossier di presentazione molto completo (eventualmente tradotto in diverse lingue) che sar\u00e0 dato ai potenziali acquirenti e\/o investitori.<\/li>\n<\/ul>\n<p style=\"text-align: justify;\"><strong>Ognuno dei punti di preparazione sopra menzionati deve essere affrontato in maniera rigorosa.<\/strong><\/p>\n<p style=\"text-align: justify;\">Una preparazione approssimativa, o peggio, una mancanza di preparazione, \u00e8 spesso la causa del fallimento quando si tratta di vendere una rete di franchising.<\/p>\n<p style=\"text-align: justify;\">Troppo spesso i documenti di presentazione che trascrivono i punti principali della preparazione non soddisfano le aspettative degli acquirenti e degli investitori. Il risultato \u00e8 una perdita di tempo per tutti.<\/p>\n<p style=\"text-align: justify;\">In particolare le questioni della preparazione della contabilit\u00e0 e della valutazione della rete sono delicate. Spesso richiedono aggiustamenti contabili per identificare, per esempio, gli investimenti fatti nello sviluppo al fine di far emergere la vera redditivit\u00e0 dell&#8217;azienda o delle aziende che detengono la rete.<\/p>\n<p style=\"text-align: justify;\">Allo stesso modo, l&#8217;approccio di valutazione sar\u00e0 molto diverso per un operatore di filiale che pu\u00f2 evidenziare la propriet\u00e0 dei beni aziendali, che costituiscono gli elementi per la valutazione patrimoniale.<\/p>\n<p style=\"text-align: justify;\">Allo stesso modo, la questione della <strong>propriet\u00e0 immobiliare<\/strong> pu\u00f2 avere un forte impatto sul valore della rete a seconda che sia controllata direttamente o indirettamente dalla societ\u00e0 che porta la rete.<\/p>\n<p style=\"text-align: justify;\">Il <strong>franchisor<\/strong>, d&#8217;altra parte, \u00e8 un creditore degli obblighi dei franchisee legati alla sua rete in base agli accordi di franchising. L&#8217;approccio di valutazione sar\u00e0 quindi diverso in questo caso.<\/p>\n<p style=\"text-align: justify;\">Il valore della sua rete si baser\u00e0 sul valore del marchio, il know-how, la qualit\u00e0 dei prodotti o servizi commercializzati, ma anche sulla qualit\u00e0 degli accordi di franchising: esclusivit\u00e0, condizioni di rinnovo, condizioni finanziarie, controllo della qualit\u00e0, condizioni di trasferimento, ecc.<\/p>\n<h1 style=\"text-align: justify;\">Individuazione di acquirenti\/investitori e trasferimento di una rete di franchising in Svizzera<\/h1>\n<p style=\"text-align: justify;\">Questa fase \u00e8 delicata come quella della preparazione per diverse ragioni:<\/p>\n<ul>\n<li style=\"text-align: justify;\">Non \u00e8 opportuno che un franchisor o una filiale comunichi internamente alla sua rete il suo progetto di cessione.<\/li>\n<li style=\"text-align: justify;\">Non \u00e8 opportuno che un franchisor o una filiale comunichi ai concorrenti il suo progetto di cessione.<\/li>\n<li style=\"text-align: justify;\">Non \u00e8 opportuno che i clienti della rete vengano informati sul progetto di cessione.<\/li>\n<li style=\"text-align: justify;\">La posta in gioco finanziaria \u00e8 tale che pochi acquirenti sono idonei a rilevare una rete.<\/li>\n<\/ul>\n<p style=\"text-align: justify;\">Per tutte queste ragioni, <strong>Actoria Conseil ha messo in atto un processo specifico per identificare gli acquirenti\/investitori di alto livello finanziario nel rispetto di una perfetta riservatezza.<\/strong><\/p>\n<p style=\"text-align: justify;\">Le operazioni internazionali sono particolarmente favorite e la logistica internazionale di <strong>Actoria Conseil<\/strong> permette, per esempio, di chiudere tutte le comunicazioni sul progetto in uno o pi\u00f9 paesi europei.<\/p>\n<p style=\"text-align: justify;\">Da diversi anni, <strong>Actoria Conseil<\/strong> ha sviluppato una forte competenza nella vendita totale o parziale (apertura di capitale) di reti e <strong>pu\u00f2 accompagnarvi dalla A alla Z su tutte le questioni legate alla vendita di una rete in franchising<\/strong> situata in una o pi\u00f9 nazioni europee.<\/p>\n<\/div><\/section><\/div>\n","protected":false},"excerpt":{"rendered":"<p>Vendita azienda Svizzera e Italia, trasferimento azienda Svizzera e Italia, vendita azienda Svizzera e Italia, acquisizione azienda Svizzera e Italia, vendita PMI Svizzera e Italia, vendita PMI Svizzera e Italia, successione PMI Svizzera e Italia, vendita azienda Svizzera e Italia, trovare un acquirente in Svizzera e in Italia<\/p>\n","protected":false},"author":2,"featured_media":18374,"parent":4362,"menu_order":5,"comment_status":"closed","ping_status":"closed","template":"","meta":{"footnotes":""},"class_list":["post-1657","page","type-page","status-publish","has-post-thumbnail","hentry"],"_links":{"self":[{"href":"https:\/\/actoria.com\/ch-it\/wp-json\/wp\/v2\/pages\/1657","targetHints":{"allow":["GET"]}}],"collection":[{"href":"https:\/\/actoria.com\/ch-it\/wp-json\/wp\/v2\/pages"}],"about":[{"href":"https:\/\/actoria.com\/ch-it\/wp-json\/wp\/v2\/types\/page"}],"author":[{"embeddable":true,"href":"https:\/\/actoria.com\/ch-it\/wp-json\/wp\/v2\/users\/2"}],"replies":[{"embeddable":true,"href":"https:\/\/actoria.com\/ch-it\/wp-json\/wp\/v2\/comments?post=1657"}],"version-history":[{"count":0,"href":"https:\/\/actoria.com\/ch-it\/wp-json\/wp\/v2\/pages\/1657\/revisions"}],"up":[{"embeddable":true,"href":"https:\/\/actoria.com\/ch-it\/wp-json\/wp\/v2\/pages\/4362"}],"wp:featuredmedia":[{"embeddable":true,"href":"https:\/\/actoria.com\/ch-it\/wp-json\/wp\/v2\/media\/18374"}],"wp:attachment":[{"href":"https:\/\/actoria.com\/ch-it\/wp-json\/wp\/v2\/media?parent=1657"}],"curies":[{"name":"wp","href":"https:\/\/api.w.org\/{rel}","templated":true}]}}