{"id":1661,"date":"2015-05-13T11:37:26","date_gmt":"2015-05-13T11:37:26","guid":{"rendered":"https:\/\/actoria.com\/ch-it\/\/?page_id=1661"},"modified":"2022-08-12T17:46:46","modified_gmt":"2022-08-12T15:46:46","slug":"trasmettere-unimpresa-alla-propria-famiglia","status":"publish","type":"page","link":"https:\/\/actoria.com\/ch-it\/trasmissione\/a-chi-vendere\/trasmettere-unimpresa-alla-propria-famiglia\/","title":{"rendered":"Trasmettere un&#8217;impresa alla propria famiglia"},"content":{"rendered":"<div id='av_section_1'  class='avia-section main_color avia-section-default avia-no-border-styling  avia-full-stretch avia-bg-style-fixed  avia-builder-el-0  el_before_av_one_full  avia-builder-el-first  header_page_section_title_wrapper  av-arrow-down-section av-minimum-height av-minimum-height-custom  container_wrap sidebar_right' style='background-repeat: no-repeat; background-image: url(https:\/\/actoria.com\/ch-it\/wp-content\/uploads\/2021\/12\/shutterstock-1-74-1500x1000.jpg);background-attachment: fixed; background-position: center center;  '  data-section-bg-repeat='stretch'><div class='container' style='height:660px'><main  role=\"main\" itemprop=\"mainContentOfPage\"  class='template-page content  av-content-small alpha units'><div class='post-entry post-entry-type-page post-entry-1661'><div class='entry-content-wrapper clearfix'>\n<div class='flex_column_table av-equal-height-column-flextable -flextable' ><div class=\"flex_column av_one_full  flex_column_table_cell av-equal-height-column av-align-bottom av-zero-column-padding first  avia-builder-el-1  avia-builder-el-no-sibling  header_page_section_title \" style='border-radius:0px; ' id=\"header_page_section_title\" ><p><br \/>\n<div  style='padding-bottom:5px; margin:0 0 0 0; color:#ffffff;' class='av-special-heading av-special-heading-h1 custom-color-heading   avia-builder-el-3  el_after_av_codeblock  avia-builder-el-last  '><h1 class='av-special-heading-tag '  itemprop=\"headline\"  >Trasmettere un\u2019impresa alla propria famiglia<\/h1><div class='special-heading-border'><div class='special-heading-inner-border' style='border-color:#ffffff'><\/div><\/div><\/div><\/p><\/div><\/div><!--close column table wrapper. Autoclose: 1 --><\/div><\/div><\/main><!-- close content main element --><\/div><div class='av-extra-border-element border-extra-arrow-down'><div class='av-extra-border-outer'><div class='av-extra-border-inner'  style='background-color:#ffffff;' ><\/div><\/div><\/div><\/div><div id='after_section_1'  class='main_color av_default_container_wrap container_wrap sidebar_right' style=' '  ><div class='container' ><div class='template-page content  av-content-small alpha units'><div class='post-entry post-entry-type-page post-entry-1661'><div class='entry-content-wrapper clearfix'><div class=\"flex_column av_one_full  flex_column_div av-zero-column-padding first  avia-builder-el-4  el_after_av_section  avia-builder-el-no-sibling  \" style='border-radius:0px; '><section class=\"av_textblock_section \"  itemscope=\"itemscope\" itemtype=\"https:\/\/schema.org\/CreativeWork\" ><div class='avia_textblock  '   itemprop=\"text\" ><h2><strong>Trasmettere un&#8217;azienda alla propria famiglia in Svizzera a titolo gratuito\u00a0<\/strong><\/h2>\n<div id=\"attachment_18663\" style=\"width: 310px\" class=\"wp-caption alignleft\"><img loading=\"lazy\" decoding=\"async\" aria-describedby=\"caption-attachment-18663\" class=\"wp-image-18663 size-medium\" title=\"Trasmettere un&rsquo;impresa alla propria famiglia, Trasmettere un&rsquo;impresa alla propria famiglia, trasferimento, vendita di societ\u00e0 e azienda in Svizzera e Italia\" src=\"https:\/\/actoria.com\/ch-it\/wp-content\/uploads\/2021\/12\/shutterstock-1-73-300x200.jpg\" alt=\"Trasmettere un&rsquo;impresa alla propria famiglia, Trasmettere un&rsquo;impresa alla propria famiglia, trasferimento, vendita di societ\u00e0 e azienda in Svizzera e Italia\" width=\"300\" height=\"200\" \/><p id=\"caption-attachment-18663\" class=\"wp-caption-text\">Cedere un&#8217;azienda alla propria famiglia, trasferimento di aziende in Svizzera<\/p><\/div>\n<p style=\"text-align: justify;\">Generalmente, la cessione gratuita di un&#8217;impresa alla propria famiglia permette di effettuare una trasmissione familiare di un&#8217;impresa per un importo inferiore a quello di un trasferimento a titolo oneroso. <strong>Prima si fa questa donazione, pi\u00f9 \u00e8 interessante ai fini fiscali.<\/strong><\/p>\n<p style=\"text-align: justify;\">Quando si tratta di trasferire un&#8217;azienda gratuitamente, ci sono diverse possibilit\u00e0 tra le quali il dirigente dovr\u00e0 scegliere. In effetti, il <strong>trasferimento gratuito di un&#8217;azienda non \u00e8 fiscalmente indolore e devono essere pagare varie imposte<\/strong>, ma la pressione fiscale \u00e8 pi\u00f9 o meno importante a seconda della situazione e a seconda della nazione. Ogni caso deve essere considerato a s\u00e8 stante. In ogni modo, <strong>\u00e8 opportuno agire per tempo<\/strong>.<\/p>\n<p style=\"text-align: justify;\">Tutte le donazioni sono soggette a un regime <strong>fiscale &#8220;generico&#8221;<\/strong> che si applica indipendentemente dal tipo di donazione, ma ognuna beneficia anche di disposizioni speciali.<\/p>\n<p style=\"text-align: justify;\">Le tasse sono dovute, sotto forma di <strong>tasse di trasferimento<\/strong> che sono ridotte secondo l&#8217;et\u00e0 del donatore. Inoltre, ci possono essere delle detrazioni che portano a una riduzione della base imponibile nel caso di un impegno collettivo e individuale a mantenere le azioni.<\/p>\n<p style=\"text-align: justify;\">Un&#8217;esenzione dall&#8217;<strong>imposta sulle plusvalenze \u00e8 possibile<\/strong> quando il trasferimento dell&#8217;impresa familiare (o dei suoi beni) non supera un certo importo.<\/p>\n<h2>Trasferimento di un&#8217;impresa alla propria famiglia in Svizzera a titolo oneroso<\/h2>\n<p style=\"text-align: justify;\">La valutazione dell&#8217;azienda durante la fase di trasferimento \u00e8 <strong>difficile da effettuare da parte del proprietario stesso<\/strong>, che tender\u00e0 sempre a vedere solo le qualit\u00e0 e i punti di forza della sua azienda. Un consulente esterno \u00e8 spesso nella posizione migliore per offrire una <strong>valutazione obiettiva della situazione attuale dell&#8217;azienda e delle sue possibilit\u00e0<\/strong>.<\/p>\n<p style=\"text-align: justify;\"><span style=\"text-decoration: underline;\">Accordi legali e fiscali:<\/span> Molti accordi pi\u00f9 o meno complessi sono possibili al momento di trasferire un&#8217;impresa familiare. Nel contesto di una successione familiare, alcune disposizioni sono particolarmente vantaggiose, come l&#8217;<a href=\"https:\/\/actoria.com\/ch-it\/\/reussir-la-cession-dune-pme-2\/ceder-lentreprise-a-soi-meme\/\">OBO<\/a> (vedi: sezione del sito web) e la creazione di una societ\u00e0 di holding per l&#8217;acquisizione. <strong>La scelta del set-up deve essere fatta in collaborazione con specialisti in questo tipo di operazioni, come commercialisti, avvocati, consulenti, ecc.<\/strong><\/p>\n<p style=\"text-align: justify;\"><span style=\"text-decoration: underline;\">Ottimizzazione fiscale:<\/span> Nel contesto in cui si vuole trasferire una societ\u00e0 a titolo oneroso, il cedente deve prestare particolare attenzione alla tassazione che gli sar\u00e0 imposta. Si consiglia vivamente di rivolgersi a un professionista del settore per ottimizzare lo smaltimento fiscale della vostra PMI e beneficiare di un regime vantaggioso.<\/p>\n<p style=\"text-align: justify;\"><strong>Il pi\u00f9 delle volte \u00e8 vantaggioso per il cedente e il beneficiario di utilizzare al meglio i due metodi di trasferimento combinando abilmente la donazione e la vendita<\/strong>, permettendo loro di beneficiare dei vantaggi fiscali associati a ciascun metodo di trasferimento di un&#8217;impresa.<\/p>\n<p style=\"text-align: justify;\"><strong>Actoria ha una vasta esperienza in tutti gli aspetti finanziari, giuridici e tecnici della successione aziendale<\/strong> e offre una gamma di servizi su misura per le esigenze delle successioni familiari. Gli esperti di <strong>Actoria<\/strong> assistono la coppia cedente\/acquisitore familiare in tutte le fasi del trasferimento dell&#8217;impresa familiare, dalla preparazione al supporto post-successione.<\/p>\n<\/div><\/section><\/div><\/p>\n","protected":false},"excerpt":{"rendered":"<p>Vendita azienda Svizzera e Italia, trasferimento azienda Svizzera e Italia, vendita azienda Svizzera e Italia, acquisizione azienda Svizzera e Italia, vendita PMI Svizzera e Italia, vendita PMI Svizzera e Italia, successione PMI Svizzera e Italia, vendita azienda Svizzera e Italia, trovare un acquirente in Svizzera e in Italia<\/p>\n","protected":false},"author":2,"featured_media":22705,"parent":4362,"menu_order":1,"comment_status":"closed","ping_status":"closed","template":"","meta":{"footnotes":""},"class_list":["post-1661","page","type-page","status-publish","has-post-thumbnail","hentry"],"_links":{"self":[{"href":"https:\/\/actoria.com\/ch-it\/wp-json\/wp\/v2\/pages\/1661","targetHints":{"allow":["GET"]}}],"collection":[{"href":"https:\/\/actoria.com\/ch-it\/wp-json\/wp\/v2\/pages"}],"about":[{"href":"https:\/\/actoria.com\/ch-it\/wp-json\/wp\/v2\/types\/page"}],"author":[{"embeddable":true,"href":"https:\/\/actoria.com\/ch-it\/wp-json\/wp\/v2\/users\/2"}],"replies":[{"embeddable":true,"href":"https:\/\/actoria.com\/ch-it\/wp-json\/wp\/v2\/comments?post=1661"}],"version-history":[{"count":0,"href":"https:\/\/actoria.com\/ch-it\/wp-json\/wp\/v2\/pages\/1661\/revisions"}],"up":[{"embeddable":true,"href":"https:\/\/actoria.com\/ch-it\/wp-json\/wp\/v2\/pages\/4362"}],"wp:featuredmedia":[{"embeddable":true,"href":"https:\/\/actoria.com\/ch-it\/wp-json\/wp\/v2\/media\/22705"}],"wp:attachment":[{"href":"https:\/\/actoria.com\/ch-it\/wp-json\/wp\/v2\/media?parent=1661"}],"curies":[{"name":"wp","href":"https:\/\/api.w.org\/{rel}","templated":true}]}}