{"id":1665,"date":"2015-05-13T11:38:34","date_gmt":"2015-05-13T09:38:34","guid":{"rendered":"https:\/\/actoria.com\/ch-it\/\/?page_id=1665"},"modified":"2022-08-12T17:44:21","modified_gmt":"2022-08-12T15:44:21","slug":"trasferire-unattivita-a-terzi","status":"publish","type":"page","link":"https:\/\/actoria.com\/ch-it\/trasmissione\/a-chi-vendere\/trasferire-unattivita-a-terzi\/","title":{"rendered":"Trasferire un&#8217;attivit\u00e0 a terzi"},"content":{"rendered":"<div id='av_section_1'  class='avia-section main_color avia-section-default avia-no-border-styling  avia-full-stretch avia-bg-style-fixed  avia-builder-el-0  el_before_av_one_full  avia-builder-el-first  header_page_section_title_wrapper  av-arrow-down-section av-minimum-height av-minimum-height-custom  container_wrap sidebar_right' style='background-repeat: no-repeat; background-image: url(https:\/\/actoria.com\/ch-it\/wp-content\/uploads\/2021\/12\/shutterstock-1-77-1500x1000.jpg);background-attachment: fixed; background-position: center center;  '  data-section-bg-repeat='stretch'><div class='container' style='height:660px'><main  role=\"main\" itemprop=\"mainContentOfPage\"  class='template-page content  av-content-small alpha units'><div class='post-entry post-entry-type-page post-entry-1665'><div class='entry-content-wrapper clearfix'>\n<div class='flex_column_table av-equal-height-column-flextable -flextable' ><div class=\"flex_column av_one_full  flex_column_table_cell av-equal-height-column av-align-bottom av-zero-column-padding first  avia-builder-el-1  avia-builder-el-no-sibling  header_page_section_title \" style='border-radius:0px; ' id=\"header_page_section_title\" ><p><br \/>\n<div  style='padding-bottom:5px; margin:0 0 0 0; color:#ffffff;' class='av-special-heading av-special-heading-h1 custom-color-heading   avia-builder-el-3  el_after_av_codeblock  avia-builder-el-last  '><h1 class='av-special-heading-tag '  itemprop=\"headline\"  >Trasferire un\u2019attivit\u00e0 a terzi<\/h1><div class='special-heading-border'><div class='special-heading-inner-border' style='border-color:#ffffff'><\/div><\/div><\/div><\/p><\/div><\/div><!--close column table wrapper. Autoclose: 1 --><\/div><\/div><\/main><!-- close content main element --><\/div><div class='av-extra-border-element border-extra-arrow-down'><div class='av-extra-border-outer'><div class='av-extra-border-inner'  style='background-color:#ffffff;' ><\/div><\/div><\/div><\/div><div id='after_section_1'  class='main_color av_default_container_wrap container_wrap sidebar_right' style=' '  ><div class='container' ><div class='template-page content  av-content-small alpha units'><div class='post-entry post-entry-type-page post-entry-1665'><div class='entry-content-wrapper clearfix'><div class=\"flex_column av_one_full  flex_column_div av-zero-column-padding first  avia-builder-el-4  el_after_av_section  avia-builder-el-no-sibling  \" style='border-radius:0px; '><section class=\"av_textblock_section \"  itemscope=\"itemscope\" itemtype=\"https:\/\/schema.org\/CreativeWork\" ><div class='avia_textblock  '   itemprop=\"text\" ><h2>Quali sono le ragioni per trasferire un&#8217;azienda a terzi in Svizzera?<\/h2>\n<div id=\"attachment_18669\" style=\"width: 310px\" class=\"wp-caption alignleft\"><img loading=\"lazy\" decoding=\"async\" aria-describedby=\"caption-attachment-18669\" class=\"wp-image-18669 size-medium\" title=\"Trasferire un&rsquo;attivit\u00e0 a terzi, Trasferire un&rsquo;attivit\u00e0 a terzi, trasferimento, vendita di societ\u00e0 e azienda in Svizzera e Italia\" src=\"https:\/\/actoria.com\/ch-it\/wp-content\/uploads\/2021\/12\/shutterstock-1-76-300x200.jpg\" alt=\"Trasferire un&rsquo;attivit\u00e0 a terzi, Trasferire un&rsquo;attivit\u00e0 a terzi, trasferimento, vendita di societ\u00e0 e azienda in Svizzera e Italia\" width=\"300\" height=\"200\" \/><p id=\"caption-attachment-18669\" class=\"wp-caption-text\">Trasferimento di un&#8217;impresa a terzi, trasferimento di imprese in Svizzera<\/p><\/div>\n<p style=\"text-align: justify;\">Meno investimento per prendere il controllo<\/p>\n<p style=\"text-align: justify;\">Non \u00e8 necessario acquisire il 100% del capitale di una societ\u00e0 per prendere il controllo di un&#8217;impresa. Nel caso di una societ\u00e0 a responsabilit\u00e0 limitata, \u00e8 sufficiente avere pi\u00f9 del 50% delle azioni per decidere la politica di gestione e la ripartizione degli utili. Se una persona possiede il 75% delle azioni, ha il controllo.<br \/>\nA seconda della capacit\u00e0 finanziaria individuale, \u00e8 possibile aumentare la partecipazione nel tempo.<\/p>\n<h2><\/h2>\n<h2 style=\"text-align: justify;\"><strong>La vendita di titoli significa &#8220;<\/strong><strong>la vendita in blocco&#8221;.<\/strong><\/h2>\n<p style=\"text-align: justify;\">A differenza dell&#8217;acquisto di un bene commerciale, l&#8217;acquirente di un&#8217;azienda non pu\u00f2 scegliere cosa rilevare. Cos\u00ec, <strong>non pu\u00f2 pi\u00f9 controllare i rischi associati alle passivit\u00e0 precedenti dell&#8217;azienda<\/strong>, poich\u00e9 queste sono incorporate nell&#8217;acquisto in blocco. Il proprietario di una societ\u00e0 detiene quindi diritti in proporzione alla sua quota di capitale della societ\u00e0 per ricevere i profitti o rispondere dei debiti passati o correnti.<\/p>\n<h2><strong>A quale prezzo <a href=\"https:\/\/actoria.com\/ch-it\/\/reussir-la-cession-dune-pme-2\/\">cedere un&#8217;azienda<\/a>?<\/strong><\/h2>\n<p style=\"text-align: justify;\">Il valore della <a href=\"https:\/\/fr.wikipedia.org\/wiki\/Petite_et_moyenne_entreprise\">PMI<\/a> in cessione \u00e8 pi\u00f9 difficile da determinare rispetto a un fondo, perch\u00e9 si basa sulla valutazione dell&#8217;attivo e del passivo dell&#8217;azienda.<\/p>\n<p style=\"text-align: justify;\"><strong>Quando un&#8217;azienda deve essere venduta<\/strong>, \u00e8 consuetudine rivolgersi a una <strong>societ\u00e0 di consulenza per effettuarne la valutazione<\/strong>. La societ\u00e0 di consulenza sar\u00e0 in grado di calcolare il valore dell&#8217;azienda in fase di cessione utilizzando diversi metodi adattati all&#8217;azienda in questione.<\/p>\n<h2>Esistono delle garanzie legali?<\/h2>\n<p style=\"text-align: justify;\">Le garanzie legali sono limitate. Infatti, l&#8217;acquisto di titoli non d\u00e0 alcun diritto particolare sulle attivit\u00e0 di propriet\u00e0 della societ\u00e0. Se non ci sono impegni specifici, \u00e8 difficile che l&#8217;acquirente possa agire contro il venditore di un&#8217;azienda in fase di trasmissione.<br \/>\nL&#8217;acquirente pu\u00f2 reclamare contro il venditore se prova che :<br \/>\n&#8211; L&#8217;azienda viene privata dei suoi beni<br \/>\n&#8211; Il venditore ha agito in modo tale da viziare il consenso dell&#8217;acquirente<\/p>\n<h2>La garanzia del passivo \u00e8 diventata obbligatoria<\/h2>\n<p style=\"text-align: justify;\">Poich\u00e9 le garanzie legali sono limitate quando si vende un&#8217;impresa, \u00e8 necessario <strong>fornire una garanzia contrattuale: la garanzia del passivo<\/strong>.<\/p>\n<p>Questa garanzia protegge da eventuali passivit\u00e0 dell&#8217;azienda durante la fase di vendita o trasferimento che non sono riconosciute nel bilancio e la cui origine \u00e8 precedente al trasferimento. \u00c8 necessario indicare in modo esplicito e preciso gli eventi la cui causa \u00e8 anteriore al trasferimento della PMI che permettono di far scattare questa garanzia. Questi eventi possono essere un aggiustamento fiscale o di sicurezza sociale, o reclami di responsabilit\u00e0, per esempio.<\/p>\n<p>Ci sono due tipi di clausole: la garanzia del passivo pura e la clausola di revisione del prezzo.<\/p>\n<p style=\"text-align: justify;\"><strong>La garanzia del passivo pura<\/strong><br \/>\nIl venditore dell&#8217;azienda si impegna a pagare i creditori rivelati dopo il trasferimento o a rimborsare i debiti rivelati dopo il trasferimento in modo che l&#8217;azienda possa pagare queste passivit\u00e0.<\/p>\n<p style=\"text-align: justify;\"><strong>La clausola di revisione del prezzo<\/strong><\/p>\n<p style=\"text-align: justify;\">Questa clausola \u00e8 di solito usata quando il pagamento del prezzo \u00e8 dilazionato nel tempo. Il venditore dell&#8217;azienda si impegna a rimborsare direttamente all&#8217;acquirente la differenza di valore dei titoli relativi alla passivit\u00e0 rivelata, il che equivale a una riduzione del prezzo.<\/p>\n<h2>Formalit\u00e0 per il trasferimento di una societ\u00e0 in Svizzera: passo dopo passo<\/h2>\n<p style=\"text-align: justify;\">Il trasferimento dei titoli \u00e8 registrato in un unico atto. Tuttavia, \u00e8 necessario redigere diversi documenti prima della firma. Durante il <strong>periodo di trattativa<\/strong>, entrambe le parti hanno il dovere di lealt\u00e0 e se una delle parti interrompe impropriamente le trattative, se ne prende la responsabilit\u00e0.<\/p>\n<p style=\"text-align: justify;\">Durante il <strong>periodo di revisione<\/strong>, \u00e8 consigliabile firmare un <strong>memorandum d&#8217;intesa<\/strong> che stabilisca i termini dell&#8217;acquisto e le garanzie (spiegate in precedenza). Se le azioni sono pagate con fondi comuni, il partner deve dare il proprio consenso che sar\u00e0 menzionato nell&#8217;atto.<br \/>\nAltrimenti il partner pu\u00f2 chiedere la nullit\u00e0 dell&#8217;atto entro un periodo di 2 anni dalla conoscenza dell&#8217;atto.<br \/>\nUn&#8217;altra modalit\u00e0 sar\u00e0 necessaria a seconda del tipo di societ\u00e0, sar\u00e0 necessario ottenere l&#8217;approvazione degli altri soci, o almeno la maggioranza dei soci che rappresentano la met\u00e0 delle azioni.<\/p>\n<p><strong>La cessione dell&#8217;azienda<\/strong> \u00e8 registrata in una scrittura privata autenticata o in un atto notarile pubblico.<\/p>\n<\/div><\/section><\/div><\/p>\n","protected":false},"excerpt":{"rendered":"<p>Vendita azienda Svizzera e Italia, trasferimento azienda Svizzera e Italia, vendita azienda Svizzera e Italia, acquisizione azienda Svizzera e Italia, vendita PMI Svizzera e Italia, vendita PMI Svizzera e Italia, successione PMI Svizzera e Italia, vendita azienda Svizzera e Italia, trovare un acquirente in Svizzera e in Italia<\/p>\n","protected":false},"author":2,"featured_media":18634,"parent":4362,"menu_order":1,"comment_status":"closed","ping_status":"closed","template":"","meta":{"footnotes":""},"class_list":["post-1665","page","type-page","status-publish","has-post-thumbnail","hentry"],"yoast_head":"<!-- This site is optimized with the Yoast SEO plugin v27.4 - https:\/\/yoast.com\/product\/yoast-seo-wordpress\/ -->\n<title>Trasferire un&#039;attivit\u00e0 a terzi<\/title>\n<meta name=\"description\" content=\"Trasferire un&#039;attivit\u00e0 a terzi in Svizzera, Ticino e Italia \u00e8 un&#039;operazione comune per il trasferimento di una PMI in Svizzera, Ticino e Italia Trasferire un&#039;attivit\u00e0 a terzi\" \/>\n<meta name=\"robots\" content=\"index, follow, max-snippet:-1, max-image-preview:large, max-video-preview:-1\" \/>\n<link rel=\"canonical\" href=\"https:\/\/actoria.com\/ch-it\/trasmissione\/a-chi-vendere\/trasferire-unattivita-a-terzi\/\" \/>\n<meta property=\"og:locale\" content=\"it_IT\" \/>\n<meta property=\"og:type\" content=\"article\" \/>\n<meta property=\"og:title\" content=\"Trasferire un&#039;attivit\u00e0 a terzi\" \/>\n<meta property=\"og:description\" content=\"Trasferire un&#039;attivit\u00e0 a terzi in Svizzera, Ticino e Italia \u00e8 un&#039;operazione comune per il trasferimento di una PMI in Svizzera, Ticino e Italia Trasferire un&#039;attivit\u00e0 a terzi\" \/>\n<meta property=\"og:url\" content=\"https:\/\/actoria.com\/ch-it\/trasmissione\/a-chi-vendere\/trasferire-unattivita-a-terzi\/\" \/>\n<meta property=\"og:site_name\" content=\"Trasferimento di azienda Svizzera, Ticino e Italia, Fusioni &amp; Acquisizioni Svizzera, Ticino e Italia, Sviluppo Strategico Svizzera, Ticino e Italia\" \/>\n<meta property=\"article:modified_time\" content=\"2022-08-12T15:44:21+00:00\" \/>\n<meta property=\"og:image\" content=\"https:\/\/actoria.com\/ch-it\/wp-content\/uploads\/2021\/12\/shutterstock-1-66.jpg\" \/>\n\t<meta property=\"og:image:width\" content=\"2400\" \/>\n\t<meta property=\"og:image:height\" content=\"1600\" \/>\n\t<meta property=\"og:image:type\" content=\"image\/jpeg\" \/>\n<meta name=\"twitter:card\" content=\"summary_large_image\" \/>\n<meta name=\"twitter:label1\" content=\"Tempo di lettura stimato\" \/>\n\t<meta name=\"twitter:data1\" content=\"6 minuti\" \/>\n<script type=\"application\/ld+json\" class=\"yoast-schema-graph\">{\"@context\":\"https:\\\/\\\/schema.org\",\"@graph\":[{\"@type\":\"Article\",\"@id\":\"https:\\\/\\\/actoria.com\\\/ch-it\\\/trasmissione\\\/a-chi-vendere\\\/trasferire-unattivita-a-terzi\\\/#article\",\"isPartOf\":{\"@id\":\"https:\\\/\\\/actoria.com\\\/ch-it\\\/trasmissione\\\/a-chi-vendere\\\/trasferire-unattivita-a-terzi\\\/\"},\"author\":{\"name\":\"fabrice\",\"@id\":\"https:\\\/\\\/actoria.com\\\/ch-it\\\/#\\\/schema\\\/person\\\/f49dd9d0c4e953ed3de3e3b44cd339ac\"},\"headline\":\"Trasferire un&#8217;attivit\u00e0 a terzi\",\"datePublished\":\"2015-05-13T09:38:34+00:00\",\"dateModified\":\"2022-08-12T15:44:21+00:00\",\"mainEntityOfPage\":{\"@id\":\"https:\\\/\\\/actoria.com\\\/ch-it\\\/trasmissione\\\/a-chi-vendere\\\/trasferire-unattivita-a-terzi\\\/\"},\"wordCount\":1088,\"publisher\":{\"@id\":\"https:\\\/\\\/actoria.com\\\/ch-it\\\/#organization\"},\"image\":{\"@id\":\"https:\\\/\\\/actoria.com\\\/ch-it\\\/trasmissione\\\/a-chi-vendere\\\/trasferire-unattivita-a-terzi\\\/#primaryimage\"},\"thumbnailUrl\":\"https:\\\/\\\/actoria.com\\\/ch-it\\\/wp-content\\\/uploads\\\/2021\\\/12\\\/shutterstock-1-66.jpg\",\"inLanguage\":\"it-IT\"},{\"@type\":\"WebPage\",\"@id\":\"https:\\\/\\\/actoria.com\\\/ch-it\\\/trasmissione\\\/a-chi-vendere\\\/trasferire-unattivita-a-terzi\\\/\",\"url\":\"https:\\\/\\\/actoria.com\\\/ch-it\\\/trasmissione\\\/a-chi-vendere\\\/trasferire-unattivita-a-terzi\\\/\",\"name\":\"Trasferire un'attivit\u00e0 a terzi\",\"isPartOf\":{\"@id\":\"https:\\\/\\\/actoria.com\\\/ch-it\\\/#website\"},\"primaryImageOfPage\":{\"@id\":\"https:\\\/\\\/actoria.com\\\/ch-it\\\/trasmissione\\\/a-chi-vendere\\\/trasferire-unattivita-a-terzi\\\/#primaryimage\"},\"image\":{\"@id\":\"https:\\\/\\\/actoria.com\\\/ch-it\\\/trasmissione\\\/a-chi-vendere\\\/trasferire-unattivita-a-terzi\\\/#primaryimage\"},\"thumbnailUrl\":\"https:\\\/\\\/actoria.com\\\/ch-it\\\/wp-content\\\/uploads\\\/2021\\\/12\\\/shutterstock-1-66.jpg\",\"datePublished\":\"2015-05-13T09:38:34+00:00\",\"dateModified\":\"2022-08-12T15:44:21+00:00\",\"description\":\"Trasferire un'attivit\u00e0 a terzi in Svizzera, Ticino e Italia \u00e8 un'operazione comune per il trasferimento di una PMI in Svizzera, Ticino e Italia Trasferire un'attivit\u00e0 a terzi\",\"breadcrumb\":{\"@id\":\"https:\\\/\\\/actoria.com\\\/ch-it\\\/trasmissione\\\/a-chi-vendere\\\/trasferire-unattivita-a-terzi\\\/#breadcrumb\"},\"inLanguage\":\"it-IT\",\"potentialAction\":[{\"@type\":\"ReadAction\",\"target\":[\"https:\\\/\\\/actoria.com\\\/ch-it\\\/trasmissione\\\/a-chi-vendere\\\/trasferire-unattivita-a-terzi\\\/\"]}]},{\"@type\":\"ImageObject\",\"inLanguage\":\"it-IT\",\"@id\":\"https:\\\/\\\/actoria.com\\\/ch-it\\\/trasmissione\\\/a-chi-vendere\\\/trasferire-unattivita-a-terzi\\\/#primaryimage\",\"url\":\"https:\\\/\\\/actoria.com\\\/ch-it\\\/wp-content\\\/uploads\\\/2021\\\/12\\\/shutterstock-1-66.jpg\",\"contentUrl\":\"https:\\\/\\\/actoria.com\\\/ch-it\\\/wp-content\\\/uploads\\\/2021\\\/12\\\/shutterstock-1-66.jpg\",\"width\":2400,\"height\":1600,\"caption\":\"Costo di trasferimento di una societ\u00e0 svizzera, Costo di trasferimento di una societ\u00e0 svizzera, trasferimento, vendita di societ\u00e0 e azienda in Svizzera e Italia\"},{\"@type\":\"BreadcrumbList\",\"@id\":\"https:\\\/\\\/actoria.com\\\/ch-it\\\/trasmissione\\\/a-chi-vendere\\\/trasferire-unattivita-a-terzi\\\/#breadcrumb\",\"itemListElement\":[{\"@type\":\"ListItem\",\"position\":1,\"name\":\"Home\",\"item\":\"https:\\\/\\\/actoria.com\\\/ch-it\\\/\"},{\"@type\":\"ListItem\",\"position\":2,\"name\":\"Trasmissione\",\"item\":\"https:\\\/\\\/actoria.com\\\/ch-it\\\/trasmissione\\\/\"},{\"@type\":\"ListItem\",\"position\":3,\"name\":\"A chi vendere?\",\"item\":\"https:\\\/\\\/actoria.com\\\/ch-it\\\/trasmissione\\\/a-chi-vendere\\\/\"},{\"@type\":\"ListItem\",\"position\":4,\"name\":\"Trasferire un&#8217;attivit\u00e0 a terzi\"}]},{\"@type\":\"WebSite\",\"@id\":\"https:\\\/\\\/actoria.com\\\/ch-it\\\/#website\",\"url\":\"https:\\\/\\\/actoria.com\\\/ch-it\\\/\",\"name\":\"Trasferimento di azienda Svizzera, Ticino e Italia, Fusioni & Acquisizioni Svizzera, Ticino e Italia, Sviluppo Strategico Svizzera, Ticino e Italia\",\"description\":\"Vendere la tua azienda, PMI in Belgio, Francia, Svizzera, Marocco, Tunisia, Lussemburgo, Italia\",\"publisher\":{\"@id\":\"https:\\\/\\\/actoria.com\\\/ch-it\\\/#organization\"},\"alternateName\":\"Trasferimento di societ\u00e0, sviluppo di societ\u00e0 in Tunisia, lo specialista in fusioni e acquisizioni in Tunisia dal 2002\",\"potentialAction\":[{\"@type\":\"SearchAction\",\"target\":{\"@type\":\"EntryPoint\",\"urlTemplate\":\"https:\\\/\\\/actoria.com\\\/ch-it\\\/?s={search_term_string}\"},\"query-input\":{\"@type\":\"PropertyValueSpecification\",\"valueRequired\":true,\"valueName\":\"search_term_string\"}}],\"inLanguage\":\"it-IT\"},{\"@type\":\"Organization\",\"@id\":\"https:\\\/\\\/actoria.com\\\/ch-it\\\/#organization\",\"name\":\"Actoria Svizzera, Ticico e Italia, Trasferimento di azienda Svizzera, Ticino e Italia, Fusioni & Acquisizioni Svizzera, Ticino e Italia, Sviluppo Strategico Svizzera, Ticino e Italia\",\"alternateName\":\"Vendere la tua azienda, PMI in Belgio, Francia, Svizzera, Marocco, Tunisia, Lussemburgo, Italia\",\"url\":\"https:\\\/\\\/actoria.com\\\/ch-it\\\/\",\"logo\":{\"@type\":\"ImageObject\",\"inLanguage\":\"it-IT\",\"@id\":\"https:\\\/\\\/actoria.com\\\/ch-it\\\/#\\\/schema\\\/logo\\\/image\\\/\",\"url\":\"https:\\\/\\\/actoria.com\\\/ch-it\\\/wp-content\\\/uploads\\\/2020\\\/12\\\/Logo-standard.bmp\",\"contentUrl\":\"https:\\\/\\\/actoria.com\\\/ch-it\\\/wp-content\\\/uploads\\\/2020\\\/12\\\/Logo-standard.bmp\",\"width\":566,\"height\":358,\"caption\":\"Actoria Svizzera, Ticico e Italia, Trasferimento di azienda Svizzera, Ticino e Italia, Fusioni & Acquisizioni Svizzera, Ticino e Italia, Sviluppo Strategico Svizzera, Ticino e Italia\"},\"image\":{\"@id\":\"https:\\\/\\\/actoria.com\\\/ch-it\\\/#\\\/schema\\\/logo\\\/image\\\/\"},\"sameAs\":[\"https:\\\/\\\/fr.linkedin.com\\\/company\\\/actoria-group_2\"]},{\"@type\":\"Person\",\"@id\":\"https:\\\/\\\/actoria.com\\\/ch-it\\\/#\\\/schema\\\/person\\\/f49dd9d0c4e953ed3de3e3b44cd339ac\",\"name\":\"fabrice\",\"url\":\"https:\\\/\\\/actoria.com\\\/ch-it\\\/author\\\/fabrice\\\/\"}]}<\/script>\n<!-- \/ Yoast SEO plugin. -->","yoast_head_json":{"title":"Trasferire un'attivit\u00e0 a terzi","description":"Trasferire un'attivit\u00e0 a terzi in Svizzera, Ticino e Italia \u00e8 un'operazione comune per il trasferimento di una PMI in Svizzera, Ticino e Italia Trasferire un'attivit\u00e0 a terzi","robots":{"index":"index","follow":"follow","max-snippet":"max-snippet:-1","max-image-preview":"max-image-preview:large","max-video-preview":"max-video-preview:-1"},"canonical":"https:\/\/actoria.com\/ch-it\/trasmissione\/a-chi-vendere\/trasferire-unattivita-a-terzi\/","og_locale":"it_IT","og_type":"article","og_title":"Trasferire un'attivit\u00e0 a terzi","og_description":"Trasferire un'attivit\u00e0 a terzi in Svizzera, Ticino e Italia \u00e8 un'operazione comune per il trasferimento di una PMI in Svizzera, Ticino e Italia Trasferire un'attivit\u00e0 a terzi","og_url":"https:\/\/actoria.com\/ch-it\/trasmissione\/a-chi-vendere\/trasferire-unattivita-a-terzi\/","og_site_name":"Trasferimento di azienda Svizzera, Ticino e Italia, Fusioni &amp; Acquisizioni Svizzera, Ticino e Italia, Sviluppo Strategico Svizzera, Ticino e Italia","article_modified_time":"2022-08-12T15:44:21+00:00","og_image":[{"width":2400,"height":1600,"url":"https:\/\/actoria.com\/ch-it\/wp-content\/uploads\/2021\/12\/shutterstock-1-66.jpg","type":"image\/jpeg"}],"twitter_card":"summary_large_image","twitter_misc":{"Tempo di lettura stimato":"6 minuti"},"schema":{"@context":"https:\/\/schema.org","@graph":[{"@type":"Article","@id":"https:\/\/actoria.com\/ch-it\/trasmissione\/a-chi-vendere\/trasferire-unattivita-a-terzi\/#article","isPartOf":{"@id":"https:\/\/actoria.com\/ch-it\/trasmissione\/a-chi-vendere\/trasferire-unattivita-a-terzi\/"},"author":{"name":"fabrice","@id":"https:\/\/actoria.com\/ch-it\/#\/schema\/person\/f49dd9d0c4e953ed3de3e3b44cd339ac"},"headline":"Trasferire un&#8217;attivit\u00e0 a terzi","datePublished":"2015-05-13T09:38:34+00:00","dateModified":"2022-08-12T15:44:21+00:00","mainEntityOfPage":{"@id":"https:\/\/actoria.com\/ch-it\/trasmissione\/a-chi-vendere\/trasferire-unattivita-a-terzi\/"},"wordCount":1088,"publisher":{"@id":"https:\/\/actoria.com\/ch-it\/#organization"},"image":{"@id":"https:\/\/actoria.com\/ch-it\/trasmissione\/a-chi-vendere\/trasferire-unattivita-a-terzi\/#primaryimage"},"thumbnailUrl":"https:\/\/actoria.com\/ch-it\/wp-content\/uploads\/2021\/12\/shutterstock-1-66.jpg","inLanguage":"it-IT"},{"@type":"WebPage","@id":"https:\/\/actoria.com\/ch-it\/trasmissione\/a-chi-vendere\/trasferire-unattivita-a-terzi\/","url":"https:\/\/actoria.com\/ch-it\/trasmissione\/a-chi-vendere\/trasferire-unattivita-a-terzi\/","name":"Trasferire un'attivit\u00e0 a terzi","isPartOf":{"@id":"https:\/\/actoria.com\/ch-it\/#website"},"primaryImageOfPage":{"@id":"https:\/\/actoria.com\/ch-it\/trasmissione\/a-chi-vendere\/trasferire-unattivita-a-terzi\/#primaryimage"},"image":{"@id":"https:\/\/actoria.com\/ch-it\/trasmissione\/a-chi-vendere\/trasferire-unattivita-a-terzi\/#primaryimage"},"thumbnailUrl":"https:\/\/actoria.com\/ch-it\/wp-content\/uploads\/2021\/12\/shutterstock-1-66.jpg","datePublished":"2015-05-13T09:38:34+00:00","dateModified":"2022-08-12T15:44:21+00:00","description":"Trasferire un'attivit\u00e0 a terzi in Svizzera, Ticino e Italia \u00e8 un'operazione comune per il trasferimento di una PMI in Svizzera, Ticino e Italia Trasferire un'attivit\u00e0 a terzi","breadcrumb":{"@id":"https:\/\/actoria.com\/ch-it\/trasmissione\/a-chi-vendere\/trasferire-unattivita-a-terzi\/#breadcrumb"},"inLanguage":"it-IT","potentialAction":[{"@type":"ReadAction","target":["https:\/\/actoria.com\/ch-it\/trasmissione\/a-chi-vendere\/trasferire-unattivita-a-terzi\/"]}]},{"@type":"ImageObject","inLanguage":"it-IT","@id":"https:\/\/actoria.com\/ch-it\/trasmissione\/a-chi-vendere\/trasferire-unattivita-a-terzi\/#primaryimage","url":"https:\/\/actoria.com\/ch-it\/wp-content\/uploads\/2021\/12\/shutterstock-1-66.jpg","contentUrl":"https:\/\/actoria.com\/ch-it\/wp-content\/uploads\/2021\/12\/shutterstock-1-66.jpg","width":2400,"height":1600,"caption":"Costo di trasferimento di una societ\u00e0 svizzera, Costo di trasferimento di una societ\u00e0 svizzera, trasferimento, vendita di societ\u00e0 e azienda in Svizzera e Italia"},{"@type":"BreadcrumbList","@id":"https:\/\/actoria.com\/ch-it\/trasmissione\/a-chi-vendere\/trasferire-unattivita-a-terzi\/#breadcrumb","itemListElement":[{"@type":"ListItem","position":1,"name":"Home","item":"https:\/\/actoria.com\/ch-it\/"},{"@type":"ListItem","position":2,"name":"Trasmissione","item":"https:\/\/actoria.com\/ch-it\/trasmissione\/"},{"@type":"ListItem","position":3,"name":"A chi vendere?","item":"https:\/\/actoria.com\/ch-it\/trasmissione\/a-chi-vendere\/"},{"@type":"ListItem","position":4,"name":"Trasferire un&#8217;attivit\u00e0 a terzi"}]},{"@type":"WebSite","@id":"https:\/\/actoria.com\/ch-it\/#website","url":"https:\/\/actoria.com\/ch-it\/","name":"Trasferimento di azienda Svizzera, Ticino e Italia, Fusioni & Acquisizioni Svizzera, Ticino e Italia, Sviluppo Strategico Svizzera, Ticino e Italia","description":"Vendere la tua azienda, PMI in Belgio, Francia, Svizzera, Marocco, Tunisia, Lussemburgo, Italia","publisher":{"@id":"https:\/\/actoria.com\/ch-it\/#organization"},"alternateName":"Trasferimento di societ\u00e0, sviluppo di societ\u00e0 in Tunisia, lo specialista in fusioni e acquisizioni in Tunisia dal 2002","potentialAction":[{"@type":"SearchAction","target":{"@type":"EntryPoint","urlTemplate":"https:\/\/actoria.com\/ch-it\/?s={search_term_string}"},"query-input":{"@type":"PropertyValueSpecification","valueRequired":true,"valueName":"search_term_string"}}],"inLanguage":"it-IT"},{"@type":"Organization","@id":"https:\/\/actoria.com\/ch-it\/#organization","name":"Actoria Svizzera, Ticico e Italia, Trasferimento di azienda Svizzera, Ticino e Italia, Fusioni & Acquisizioni Svizzera, Ticino e Italia, Sviluppo Strategico Svizzera, Ticino e Italia","alternateName":"Vendere la tua azienda, PMI in Belgio, Francia, Svizzera, Marocco, Tunisia, Lussemburgo, Italia","url":"https:\/\/actoria.com\/ch-it\/","logo":{"@type":"ImageObject","inLanguage":"it-IT","@id":"https:\/\/actoria.com\/ch-it\/#\/schema\/logo\/image\/","url":"https:\/\/actoria.com\/ch-it\/wp-content\/uploads\/2020\/12\/Logo-standard.bmp","contentUrl":"https:\/\/actoria.com\/ch-it\/wp-content\/uploads\/2020\/12\/Logo-standard.bmp","width":566,"height":358,"caption":"Actoria Svizzera, Ticico e Italia, Trasferimento di azienda Svizzera, Ticino e Italia, Fusioni & Acquisizioni Svizzera, Ticino e Italia, Sviluppo Strategico Svizzera, Ticino e Italia"},"image":{"@id":"https:\/\/actoria.com\/ch-it\/#\/schema\/logo\/image\/"},"sameAs":["https:\/\/fr.linkedin.com\/company\/actoria-group_2"]},{"@type":"Person","@id":"https:\/\/actoria.com\/ch-it\/#\/schema\/person\/f49dd9d0c4e953ed3de3e3b44cd339ac","name":"fabrice","url":"https:\/\/actoria.com\/ch-it\/author\/fabrice\/"}]}},"_links":{"self":[{"href":"https:\/\/actoria.com\/ch-it\/wp-json\/wp\/v2\/pages\/1665","targetHints":{"allow":["GET"]}}],"collection":[{"href":"https:\/\/actoria.com\/ch-it\/wp-json\/wp\/v2\/pages"}],"about":[{"href":"https:\/\/actoria.com\/ch-it\/wp-json\/wp\/v2\/types\/page"}],"author":[{"embeddable":true,"href":"https:\/\/actoria.com\/ch-it\/wp-json\/wp\/v2\/users\/2"}],"replies":[{"embeddable":true,"href":"https:\/\/actoria.com\/ch-it\/wp-json\/wp\/v2\/comments?post=1665"}],"version-history":[{"count":0,"href":"https:\/\/actoria.com\/ch-it\/wp-json\/wp\/v2\/pages\/1665\/revisions"}],"up":[{"embeddable":true,"href":"https:\/\/actoria.com\/ch-it\/wp-json\/wp\/v2\/pages\/4362"}],"wp:featuredmedia":[{"embeddable":true,"href":"https:\/\/actoria.com\/ch-it\/wp-json\/wp\/v2\/media\/18634"}],"wp:attachment":[{"href":"https:\/\/actoria.com\/ch-it\/wp-json\/wp\/v2\/media?parent=1665"}],"curies":[{"name":"wp","href":"https:\/\/api.w.org\/{rel}","templated":true}]}}