{"id":1690,"date":"2015-05-13T14:25:55","date_gmt":"2015-05-13T13:25:55","guid":{"rendered":"https:\/\/actoria.com\/ch-it\/\/?page_id=1690"},"modified":"2022-08-12T16:02:06","modified_gmt":"2022-08-12T14:02:06","slug":"riassunto","status":"publish","type":"page","link":"https:\/\/actoria.com\/ch-it\/riassunto\/","title":{"rendered":"Riassunto"},"content":{"rendered":"<p>investire aziende, vendere aziende, comprare aziende, comprare un&#8217;azienda, acquisire aziende, acquisire un&#8217;azienda, acquisizione azienda, acquisizione azienda, alleanza azienda, alleanza azienda, annuncio acquisto azienda, annuncio vendita azienda Isola della Svizzera del Nord, annuncio acquisto azienda, annuncio trasferimento azienda, annuncio vendita azienda, annuncio acquisto azienda Svizzera del Nord, annuncio acquisto azienda, annuncio vendita azienda Svizzera del Nord, vendere azienda Svizzera del Nord, vendere azienda, trasferimento azienda, trasferimento azienda, aziende da comprare, aziende da comprare, aziende da trasferire, valutazione azienda Svizzera del Nord, acquisizione di societ\u00e0 di fusione, acquisizione di societ\u00e0 di fusione, fusione di societ\u00e0, fusione di societ\u00e0, comprare una societ\u00e0, comprare una societ\u00e0, investire societ\u00e0, investire una societ\u00e0, societ\u00e0 da acquisire, societ\u00e0 da vendere, societ\u00e0 da investire Nord Svizzera, societ\u00e0 da investire, societ\u00e0 in vendita, transazione commerciale, transazione commerciale, trasferire aziende, trasferire un&#8217;azienda, trasferire aziende Svizzera del Nord, valutare aziende, valutare un&#8217;azienda, vendere aziende, vendere aziende Svizzera del Nord, investire in un&#8217;azienda Svizzera del Nord, vendita di aziende, vendita di aziende Svizzera del Nord, vendere aziende<br \/>\ninvestire aziende, vendere aziende, comprare aziende, comprare un&#8217;azienda, acquisire aziende, acquisire un&#8217;azienda, acquisizione azienda, acquisizione azienda, alleanza azienda, alleanza azienda, annuncio acquisto azienda annuncio vendita azienda Svizzera settentrionale, annuncio acquisto azienda, annuncio trasferimento azienda, annuncio vendita azienda, annuncio acquisto azienda Svizzera del Nord, annuncio acquisto azienda, annuncio vendita azienda Svizzera del Nord, vendere azienda Svizzera del Nord, vendere azienda, trasferimento azienda, trasferimento azienda, aziende da comprare, aziende da comprare, aziende da trasferire, valutazione azienda Svizzera del Nord, acquisizione di societ\u00e0 di fusione, acquisizione di societ\u00e0 di fusione, fusione di societ\u00e0, fusione di societ\u00e0, comprare una societ\u00e0, comprare una societ\u00e0, investire societ\u00e0, investire una societ\u00e0, societ\u00e0 da acquisire, societ\u00e0 da vendere, societ\u00e0 da investire Nord Svizzera, societ\u00e0 da investire, societ\u00e0 in vendita, transazione commerciale, transazione commerciale, trasferire aziende, trasferire un&#8217;azienda, trasferire aziende Svizzera del Nord, valutare aziende, valutare un&#8217;azienda, vendere aziende, vendere aziende Svizzera del Nord, investire in un&#8217;azienda Svizzera del Nord, vendita di aziende, vendita di aziende Svizzera del Nord, vendere aziende<\/p>\n","protected":false},"excerpt":{"rendered":"<p>Vendita azienda Svizzera e Italia, trasferimento azienda Svizzera e Italia, vendita azienda Svizzera e Italia, acquisizione azienda Svizzera e Italia, vendita PMI Svizzera e Italia, vendita PMI Svizzera e Italia, successione PMI Svizzera e Italia, vendita azienda Svizzera e Italia, trovare un acquirente in Svizzera e in Italia<\/p>\n","protected":false},"author":2,"featured_media":6842,"parent":0,"menu_order":0,"comment_status":"closed","ping_status":"open","template":"","meta":{"footnotes":""},"class_list":["post-1690","page","type-page","status-publish","has-post-thumbnail","hentry"],"yoast_head":"<!-- This site is optimized with the Yoast SEO plugin v27.4 - https:\/\/yoast.com\/product\/yoast-seo-wordpress\/ -->\n<title>Riassunto<\/title>\n<meta name=\"description\" content=\"Acquisizione, acquisizione di un&#039;azienda in Svizzera, Ticino e Italia, acquisizione di una PMI in Svizzera, Ticino e Italia, acquisizione di un&#039;azienda, acquisizione di un&#039;azienda in Svizzera, Ticino e Italia, acquisizione di una PMI in Svizzera, Ticino e Italia, acquisto di un&#039;azienda in Svizzera, Ticino e Italia\" \/>\n<meta name=\"robots\" content=\"index, follow, max-snippet:-1, max-image-preview:large, max-video-preview:-1\" \/>\n<link rel=\"canonical\" href=\"https:\/\/actoria.com\/ch-it\/riassunto\/\" \/>\n<meta property=\"og:locale\" content=\"it_IT\" \/>\n<meta property=\"og:type\" content=\"article\" \/>\n<meta property=\"og:title\" content=\"Riassunto\" \/>\n<meta property=\"og:description\" content=\"Acquisizione, acquisizione di un&#039;azienda in Svizzera, Ticino e Italia, acquisizione di una PMI in Svizzera, Ticino e Italia, acquisizione di un&#039;azienda, acquisizione di un&#039;azienda in Svizzera, Ticino e Italia, acquisizione di una PMI in Svizzera, Ticino e Italia, acquisto di un&#039;azienda in Svizzera, Ticino e Italia\" \/>\n<meta property=\"og:url\" content=\"https:\/\/actoria.com\/ch-it\/riassunto\/\" \/>\n<meta property=\"og:site_name\" content=\"Trasferimento di azienda Svizzera, Ticino e Italia, Fusioni &amp; Acquisizioni Svizzera, Ticino e Italia, Sviluppo Strategico Svizzera, Ticino e Italia\" \/>\n<meta property=\"article:modified_time\" content=\"2022-08-12T14:02:06+00:00\" \/>\n<meta property=\"og:image\" content=\"https:\/\/actoria.com\/ch-it\/wp-content\/uploads\/2019\/02\/due-diligence.jpg\" \/>\n\t<meta property=\"og:image:width\" content=\"1080\" \/>\n\t<meta property=\"og:image:height\" content=\"720\" \/>\n\t<meta property=\"og:image:type\" content=\"image\/jpeg\" \/>\n<meta name=\"twitter:card\" content=\"summary_large_image\" \/>\n<meta name=\"twitter:label1\" content=\"Tempo di lettura stimato\" \/>\n\t<meta name=\"twitter:data1\" content=\"2 minuti\" \/>\n<script type=\"application\/ld+json\" class=\"yoast-schema-graph\">{\"@context\":\"https:\\\/\\\/schema.org\",\"@graph\":[{\"@type\":\"Article\",\"@id\":\"https:\\\/\\\/actoria.com\\\/ch-it\\\/riassunto\\\/#article\",\"isPartOf\":{\"@id\":\"https:\\\/\\\/actoria.com\\\/ch-it\\\/riassunto\\\/\"},\"author\":{\"name\":\"fabrice\",\"@id\":\"https:\\\/\\\/actoria.com\\\/ch-it\\\/#\\\/schema\\\/person\\\/f49dd9d0c4e953ed3de3e3b44cd339ac\"},\"headline\":\"Riassunto\",\"datePublished\":\"2015-05-13T13:25:55+00:00\",\"dateModified\":\"2022-08-12T14:02:06+00:00\",\"mainEntityOfPage\":{\"@id\":\"https:\\\/\\\/actoria.com\\\/ch-it\\\/riassunto\\\/\"},\"wordCount\":338,\"publisher\":{\"@id\":\"https:\\\/\\\/actoria.com\\\/ch-it\\\/#organization\"},\"image\":{\"@id\":\"https:\\\/\\\/actoria.com\\\/ch-it\\\/riassunto\\\/#primaryimage\"},\"thumbnailUrl\":\"https:\\\/\\\/actoria.com\\\/ch-it\\\/wp-content\\\/uploads\\\/2019\\\/02\\\/due-diligence.jpg\",\"inLanguage\":\"it-IT\"},{\"@type\":\"WebPage\",\"@id\":\"https:\\\/\\\/actoria.com\\\/ch-it\\\/riassunto\\\/\",\"url\":\"https:\\\/\\\/actoria.com\\\/ch-it\\\/riassunto\\\/\",\"name\":\"Riassunto\",\"isPartOf\":{\"@id\":\"https:\\\/\\\/actoria.com\\\/ch-it\\\/#website\"},\"primaryImageOfPage\":{\"@id\":\"https:\\\/\\\/actoria.com\\\/ch-it\\\/riassunto\\\/#primaryimage\"},\"image\":{\"@id\":\"https:\\\/\\\/actoria.com\\\/ch-it\\\/riassunto\\\/#primaryimage\"},\"thumbnailUrl\":\"https:\\\/\\\/actoria.com\\\/ch-it\\\/wp-content\\\/uploads\\\/2019\\\/02\\\/due-diligence.jpg\",\"datePublished\":\"2015-05-13T13:25:55+00:00\",\"dateModified\":\"2022-08-12T14:02:06+00:00\",\"description\":\"Acquisizione, acquisizione di un'azienda in Svizzera, Ticino e Italia, acquisizione di una PMI in Svizzera, Ticino e Italia, acquisizione di un'azienda, acquisizione di un'azienda in Svizzera, Ticino e Italia, acquisizione di una PMI in Svizzera, Ticino e Italia, acquisto di un'azienda in Svizzera, Ticino e Italia\",\"breadcrumb\":{\"@id\":\"https:\\\/\\\/actoria.com\\\/ch-it\\\/riassunto\\\/#breadcrumb\"},\"inLanguage\":\"it-IT\",\"potentialAction\":[{\"@type\":\"ReadAction\",\"target\":[\"https:\\\/\\\/actoria.com\\\/ch-it\\\/riassunto\\\/\"]}]},{\"@type\":\"ImageObject\",\"inLanguage\":\"it-IT\",\"@id\":\"https:\\\/\\\/actoria.com\\\/ch-it\\\/riassunto\\\/#primaryimage\",\"url\":\"https:\\\/\\\/actoria.com\\\/ch-it\\\/wp-content\\\/uploads\\\/2019\\\/02\\\/due-diligence.jpg\",\"contentUrl\":\"https:\\\/\\\/actoria.com\\\/ch-it\\\/wp-content\\\/uploads\\\/2019\\\/02\\\/due-diligence.jpg\",\"width\":1080,\"height\":720,\"caption\":\"I nostri migliori consigli per rilevare un&rsquo;azienda, I nostri migliori consigli per rilevare un&rsquo;azienda, trasferimento, vendita di societ\u00e0 e azienda in Svizzera e Italia\"},{\"@type\":\"BreadcrumbList\",\"@id\":\"https:\\\/\\\/actoria.com\\\/ch-it\\\/riassunto\\\/#breadcrumb\",\"itemListElement\":[{\"@type\":\"ListItem\",\"position\":1,\"name\":\"Home\",\"item\":\"https:\\\/\\\/actoria.com\\\/ch-it\\\/\"},{\"@type\":\"ListItem\",\"position\":2,\"name\":\"Riassunto\"}]},{\"@type\":\"WebSite\",\"@id\":\"https:\\\/\\\/actoria.com\\\/ch-it\\\/#website\",\"url\":\"https:\\\/\\\/actoria.com\\\/ch-it\\\/\",\"name\":\"Trasferimento di azienda Svizzera, Ticino e Italia, Fusioni & Acquisizioni Svizzera, Ticino e Italia, Sviluppo Strategico Svizzera, Ticino e Italia\",\"description\":\"Vendere la tua azienda, PMI in Belgio, Francia, Svizzera, Marocco, Tunisia, Lussemburgo, Italia\",\"publisher\":{\"@id\":\"https:\\\/\\\/actoria.com\\\/ch-it\\\/#organization\"},\"alternateName\":\"Trasferimento di societ\u00e0, sviluppo di societ\u00e0 in Tunisia, lo specialista in fusioni e acquisizioni in Tunisia dal 2002\",\"potentialAction\":[{\"@type\":\"SearchAction\",\"target\":{\"@type\":\"EntryPoint\",\"urlTemplate\":\"https:\\\/\\\/actoria.com\\\/ch-it\\\/?s={search_term_string}\"},\"query-input\":{\"@type\":\"PropertyValueSpecification\",\"valueRequired\":true,\"valueName\":\"search_term_string\"}}],\"inLanguage\":\"it-IT\"},{\"@type\":\"Organization\",\"@id\":\"https:\\\/\\\/actoria.com\\\/ch-it\\\/#organization\",\"name\":\"Actoria Svizzera, Ticico e Italia, Trasferimento di azienda Svizzera, Ticino e Italia, Fusioni & Acquisizioni Svizzera, Ticino e Italia, Sviluppo Strategico Svizzera, Ticino e Italia\",\"alternateName\":\"Vendere la tua azienda, PMI in Belgio, Francia, Svizzera, Marocco, Tunisia, Lussemburgo, Italia\",\"url\":\"https:\\\/\\\/actoria.com\\\/ch-it\\\/\",\"logo\":{\"@type\":\"ImageObject\",\"inLanguage\":\"it-IT\",\"@id\":\"https:\\\/\\\/actoria.com\\\/ch-it\\\/#\\\/schema\\\/logo\\\/image\\\/\",\"url\":\"https:\\\/\\\/actoria.com\\\/ch-it\\\/wp-content\\\/uploads\\\/2020\\\/12\\\/Logo-standard.bmp\",\"contentUrl\":\"https:\\\/\\\/actoria.com\\\/ch-it\\\/wp-content\\\/uploads\\\/2020\\\/12\\\/Logo-standard.bmp\",\"width\":566,\"height\":358,\"caption\":\"Actoria Svizzera, Ticico e Italia, Trasferimento di azienda Svizzera, Ticino e Italia, Fusioni & Acquisizioni Svizzera, Ticino e Italia, Sviluppo Strategico Svizzera, Ticino e Italia\"},\"image\":{\"@id\":\"https:\\\/\\\/actoria.com\\\/ch-it\\\/#\\\/schema\\\/logo\\\/image\\\/\"},\"sameAs\":[\"https:\\\/\\\/fr.linkedin.com\\\/company\\\/actoria-group_2\"]},{\"@type\":\"Person\",\"@id\":\"https:\\\/\\\/actoria.com\\\/ch-it\\\/#\\\/schema\\\/person\\\/f49dd9d0c4e953ed3de3e3b44cd339ac\",\"name\":\"fabrice\",\"url\":\"https:\\\/\\\/actoria.com\\\/ch-it\\\/author\\\/fabrice\\\/\"}]}<\/script>\n<!-- \/ Yoast SEO plugin. -->","yoast_head_json":{"title":"Riassunto","description":"Acquisizione, acquisizione di un'azienda in Svizzera, Ticino e Italia, acquisizione di una PMI in Svizzera, Ticino e Italia, acquisizione di un'azienda, acquisizione di un'azienda in Svizzera, Ticino e Italia, acquisizione di una PMI in Svizzera, Ticino e Italia, acquisto di un'azienda in Svizzera, Ticino e Italia","robots":{"index":"index","follow":"follow","max-snippet":"max-snippet:-1","max-image-preview":"max-image-preview:large","max-video-preview":"max-video-preview:-1"},"canonical":"https:\/\/actoria.com\/ch-it\/riassunto\/","og_locale":"it_IT","og_type":"article","og_title":"Riassunto","og_description":"Acquisizione, acquisizione di un'azienda in Svizzera, Ticino e Italia, acquisizione di una PMI in Svizzera, Ticino e Italia, acquisizione di un'azienda, acquisizione di un'azienda in Svizzera, Ticino e Italia, acquisizione di una PMI in Svizzera, Ticino e Italia, acquisto di un'azienda in Svizzera, Ticino e Italia","og_url":"https:\/\/actoria.com\/ch-it\/riassunto\/","og_site_name":"Trasferimento di azienda Svizzera, Ticino e Italia, Fusioni &amp; Acquisizioni Svizzera, Ticino e Italia, Sviluppo Strategico Svizzera, Ticino e Italia","article_modified_time":"2022-08-12T14:02:06+00:00","og_image":[{"width":1080,"height":720,"url":"https:\/\/actoria.com\/ch-it\/wp-content\/uploads\/2019\/02\/due-diligence.jpg","type":"image\/jpeg"}],"twitter_card":"summary_large_image","twitter_misc":{"Tempo di lettura stimato":"2 minuti"},"schema":{"@context":"https:\/\/schema.org","@graph":[{"@type":"Article","@id":"https:\/\/actoria.com\/ch-it\/riassunto\/#article","isPartOf":{"@id":"https:\/\/actoria.com\/ch-it\/riassunto\/"},"author":{"name":"fabrice","@id":"https:\/\/actoria.com\/ch-it\/#\/schema\/person\/f49dd9d0c4e953ed3de3e3b44cd339ac"},"headline":"Riassunto","datePublished":"2015-05-13T13:25:55+00:00","dateModified":"2022-08-12T14:02:06+00:00","mainEntityOfPage":{"@id":"https:\/\/actoria.com\/ch-it\/riassunto\/"},"wordCount":338,"publisher":{"@id":"https:\/\/actoria.com\/ch-it\/#organization"},"image":{"@id":"https:\/\/actoria.com\/ch-it\/riassunto\/#primaryimage"},"thumbnailUrl":"https:\/\/actoria.com\/ch-it\/wp-content\/uploads\/2019\/02\/due-diligence.jpg","inLanguage":"it-IT"},{"@type":"WebPage","@id":"https:\/\/actoria.com\/ch-it\/riassunto\/","url":"https:\/\/actoria.com\/ch-it\/riassunto\/","name":"Riassunto","isPartOf":{"@id":"https:\/\/actoria.com\/ch-it\/#website"},"primaryImageOfPage":{"@id":"https:\/\/actoria.com\/ch-it\/riassunto\/#primaryimage"},"image":{"@id":"https:\/\/actoria.com\/ch-it\/riassunto\/#primaryimage"},"thumbnailUrl":"https:\/\/actoria.com\/ch-it\/wp-content\/uploads\/2019\/02\/due-diligence.jpg","datePublished":"2015-05-13T13:25:55+00:00","dateModified":"2022-08-12T14:02:06+00:00","description":"Acquisizione, acquisizione di un'azienda in Svizzera, Ticino e Italia, acquisizione di una PMI in Svizzera, Ticino e Italia, acquisizione di un'azienda, acquisizione di un'azienda in Svizzera, Ticino e Italia, acquisizione di una PMI in Svizzera, Ticino e Italia, acquisto di un'azienda in Svizzera, Ticino e Italia","breadcrumb":{"@id":"https:\/\/actoria.com\/ch-it\/riassunto\/#breadcrumb"},"inLanguage":"it-IT","potentialAction":[{"@type":"ReadAction","target":["https:\/\/actoria.com\/ch-it\/riassunto\/"]}]},{"@type":"ImageObject","inLanguage":"it-IT","@id":"https:\/\/actoria.com\/ch-it\/riassunto\/#primaryimage","url":"https:\/\/actoria.com\/ch-it\/wp-content\/uploads\/2019\/02\/due-diligence.jpg","contentUrl":"https:\/\/actoria.com\/ch-it\/wp-content\/uploads\/2019\/02\/due-diligence.jpg","width":1080,"height":720,"caption":"I nostri migliori consigli per rilevare un&rsquo;azienda, I nostri migliori consigli per rilevare un&rsquo;azienda, trasferimento, vendita di societ\u00e0 e azienda in Svizzera e Italia"},{"@type":"BreadcrumbList","@id":"https:\/\/actoria.com\/ch-it\/riassunto\/#breadcrumb","itemListElement":[{"@type":"ListItem","position":1,"name":"Home","item":"https:\/\/actoria.com\/ch-it\/"},{"@type":"ListItem","position":2,"name":"Riassunto"}]},{"@type":"WebSite","@id":"https:\/\/actoria.com\/ch-it\/#website","url":"https:\/\/actoria.com\/ch-it\/","name":"Trasferimento di azienda Svizzera, Ticino e Italia, Fusioni & Acquisizioni Svizzera, Ticino e Italia, Sviluppo Strategico Svizzera, Ticino e Italia","description":"Vendere la tua azienda, PMI in Belgio, Francia, Svizzera, Marocco, Tunisia, Lussemburgo, Italia","publisher":{"@id":"https:\/\/actoria.com\/ch-it\/#organization"},"alternateName":"Trasferimento di societ\u00e0, sviluppo di societ\u00e0 in Tunisia, lo specialista in fusioni e acquisizioni in Tunisia dal 2002","potentialAction":[{"@type":"SearchAction","target":{"@type":"EntryPoint","urlTemplate":"https:\/\/actoria.com\/ch-it\/?s={search_term_string}"},"query-input":{"@type":"PropertyValueSpecification","valueRequired":true,"valueName":"search_term_string"}}],"inLanguage":"it-IT"},{"@type":"Organization","@id":"https:\/\/actoria.com\/ch-it\/#organization","name":"Actoria Svizzera, Ticico e Italia, Trasferimento di azienda Svizzera, Ticino e Italia, Fusioni & Acquisizioni Svizzera, Ticino e Italia, Sviluppo Strategico Svizzera, Ticino e Italia","alternateName":"Vendere la tua azienda, PMI in Belgio, Francia, Svizzera, Marocco, Tunisia, Lussemburgo, Italia","url":"https:\/\/actoria.com\/ch-it\/","logo":{"@type":"ImageObject","inLanguage":"it-IT","@id":"https:\/\/actoria.com\/ch-it\/#\/schema\/logo\/image\/","url":"https:\/\/actoria.com\/ch-it\/wp-content\/uploads\/2020\/12\/Logo-standard.bmp","contentUrl":"https:\/\/actoria.com\/ch-it\/wp-content\/uploads\/2020\/12\/Logo-standard.bmp","width":566,"height":358,"caption":"Actoria Svizzera, Ticico e Italia, Trasferimento di azienda Svizzera, Ticino e Italia, Fusioni & Acquisizioni Svizzera, Ticino e Italia, Sviluppo Strategico Svizzera, Ticino e Italia"},"image":{"@id":"https:\/\/actoria.com\/ch-it\/#\/schema\/logo\/image\/"},"sameAs":["https:\/\/fr.linkedin.com\/company\/actoria-group_2"]},{"@type":"Person","@id":"https:\/\/actoria.com\/ch-it\/#\/schema\/person\/f49dd9d0c4e953ed3de3e3b44cd339ac","name":"fabrice","url":"https:\/\/actoria.com\/ch-it\/author\/fabrice\/"}]}},"_links":{"self":[{"href":"https:\/\/actoria.com\/ch-it\/wp-json\/wp\/v2\/pages\/1690","targetHints":{"allow":["GET"]}}],"collection":[{"href":"https:\/\/actoria.com\/ch-it\/wp-json\/wp\/v2\/pages"}],"about":[{"href":"https:\/\/actoria.com\/ch-it\/wp-json\/wp\/v2\/types\/page"}],"author":[{"embeddable":true,"href":"https:\/\/actoria.com\/ch-it\/wp-json\/wp\/v2\/users\/2"}],"replies":[{"embeddable":true,"href":"https:\/\/actoria.com\/ch-it\/wp-json\/wp\/v2\/comments?post=1690"}],"version-history":[{"count":0,"href":"https:\/\/actoria.com\/ch-it\/wp-json\/wp\/v2\/pages\/1690\/revisions"}],"wp:featuredmedia":[{"embeddable":true,"href":"https:\/\/actoria.com\/ch-it\/wp-json\/wp\/v2\/media\/6842"}],"wp:attachment":[{"href":"https:\/\/actoria.com\/ch-it\/wp-json\/wp\/v2\/media?parent=1690"}],"curies":[{"name":"wp","href":"https:\/\/api.w.org\/{rel}","templated":true}]}}