{"id":1698,"date":"2015-05-13T14:38:27","date_gmt":"2015-05-13T13:38:27","guid":{"rendered":"https:\/\/actoria.com\/ch-it\/\/?page_id=1698"},"modified":"2022-08-12T16:00:02","modified_gmt":"2022-08-12T14:00:02","slug":"acquisizione-di-titoli","status":"publish","type":"page","link":"https:\/\/actoria.com\/ch-it\/riassunto\/acquisizione-di-titoli\/","title":{"rendered":"Acquisizione di titoli"},"content":{"rendered":"<div id='av_section_1'  class='avia-section main_color avia-section-default avia-no-border-styling  avia-bg-style-parallax  avia-builder-el-0  el_before_av_one_full  avia-builder-el-first  header_page_section_title_wrapper  av-arrow-down-section av-minimum-height av-minimum-height-custom  container_wrap sidebar_right' style=' '  ><div class='container' style='height:660px'><main  role=\"main\" itemprop=\"mainContentOfPage\"  class='template-page content  av-content-small alpha units'><div class='post-entry post-entry-type-page post-entry-1698'><div class='entry-content-wrapper clearfix'>\n<div class='flex_column_table av-equal-height-column-flextable -flextable' ><div class=\"flex_column av_one_full  flex_column_table_cell av-equal-height-column av-align-bottom av-zero-column-padding first  avia-builder-el-1  avia-builder-el-no-sibling  header_page_section_title \" style='border-radius:0px; ' id=\"header_page_section_title\" ><p><br \/>\n<div  style='padding-bottom:5px; margin:0 0 0 0; color:#ffffff;' class='av-special-heading av-special-heading-h1 custom-color-heading   avia-builder-el-3  el_after_av_codeblock  avia-builder-el-last  '><h1 class='av-special-heading-tag '  itemprop=\"headline\"  >Acquisizione di titoli<\/h1><div class='special-heading-border'><div class='special-heading-inner-border' style='border-color:#ffffff'><\/div><\/div><\/div><\/p><\/div><\/div><!--close column table wrapper. Autoclose: 1 -->\n<\/div><\/div><\/main><!-- close content main element --><\/div><div class='av-extra-border-element border-extra-arrow-down'><div class='av-extra-border-outer'><div class='av-extra-border-inner'  style='background-color:#ffffff;' ><\/div><\/div><\/div><\/div><div id='after_section_1'  class='main_color av_default_container_wrap container_wrap sidebar_right' style=' '  ><div class='container' ><div class='template-page content  av-content-small alpha units'><div class='post-entry post-entry-type-page post-entry-1698'><div class='entry-content-wrapper clearfix'>\n<div class=\"flex_column av_one_full  flex_column_div av-zero-column-padding first  avia-builder-el-4  el_after_av_section  el_before_av_postcontent  avia-builder-el-no-sibling  \" style='border-radius:0px; '><section class=\"av_textblock_section \"  itemscope=\"itemscope\" itemtype=\"https:\/\/schema.org\/CreativeWork\" ><div class='avia_textblock  '   itemprop=\"text\" ><h2>Quale sono le motivazioni per rilevare un&#8217;azienda?<\/h2>\n<div id=\"attachment_16514\" style=\"width: 310px\" class=\"wp-caption alignleft\"><img loading=\"lazy\" decoding=\"async\" aria-describedby=\"caption-attachment-16514\" class=\"wp-image-16514 size-medium\" title=\"Cessione della mia PMI - Quali possono essere le motivazioni per vendere un'impresa?\" src=\"https:\/\/actoria.com\/ch-it\/wp-content\/uploads\/2021\/10\/shutterstock-202142818-300x300.jpg\" alt=\"Cessione della mia PMI - Quali possono essere le motivazioni per vendere un'impresa?\" width=\"300\" height=\"300\" \/><p id=\"caption-attachment-16514\" class=\"wp-caption-text\">Cessione della mia PMI &#8211; Quali possono essere le motivazioni per vendere un&#8217;impresa?<\/p><\/div>\n<h3><\/h3>\n<h3>Meno investimenti per prendere il controllo<\/h3>\n<p style=\"text-align: justify;\">Non \u00e8 necessario acquisire il 100% del capitale per prendere il controllo di un&#8217;azienda. Per una societ\u00e0 a responsabilit\u00e0 limitata, \u00e8 sufficiente avere pi\u00f9 del 50% delle azioni per decidere la politica di gestione e la ripartizione degli utili. Se una persona possiede il 75% delle azioni, ha il controllo.<br \/>\nA seconda della capacit\u00e0 finanziaria personale, \u00e8 possibile aumentare la partecipazione nel tempo.<\/p>\n<h2>L&#8217;acquisizione delle azioni significa &#8220;la vendita in blocco&#8221;.<\/h2>\n<p style=\"text-align: justify;\">A differenza dell&#8217;acquisizione di beni, l&#8217;acquirente di un&#8217;azienda in cessione non pu\u00f2 scegliere ci\u00f2 su cui subentra. Pertanto, <strong>non pu\u00f2 controllare i rischi associati alle precedenti passivit\u00e0<\/strong> della societ\u00e0 perch\u00e9 questa \u00e8 integrata nell&#8217;acquisto in blocco. Il proprietario di un&#8217;azienda in cessione detiene quindi diritti proporzionali alla sua partecipazione al capitale della societ\u00e0 per raccogliere utili o soddisfare i debiti passati o attuali.<\/p>\n<h2><strong>A quale prezzo?<\/strong><\/h2>\n<p>Il valore dell&#8217;azienda in cessione \u00e8 pi\u00f9 difficile da determinare rispetto a un fondo perch\u00e9 si basa sulla valutazione delle attivit\u00e0 e delle passivit\u00e0 dell&#8217;azienda.<\/p>\n<p>Di solito <strong>si ricorre a una societ\u00e0 di consulenza per effettuare questa valutazione<\/strong>. La societ\u00e0 di consulenza sar\u00e0 in grado di calcolare il valore dell&#8217;azienda secondo diversi metodi adattati all&#8217;azienda in questione.<\/p>\n<h2>Ci sono garanzie legali?<\/h2>\n<p>Le garanzie legali sono limitate. In effetti, l&#8217;acquisizione di azioni non d\u00e0 alcun diritto particolare sull&#8217;attivit\u00e0 di propriet\u00e0 della societ\u00e0. Se non ci sono impegni specifici, l&#8217;acquirente difficilmente pu\u00f2 agire contro il venditore di un&#8217;azienda da cedere.<br \/>\nL&#8217;acquirente pu\u00f2 agire contro il venditore se dimostra che:<\/p>\n<ul>\n<li>l&#8217;azienda viene privata dei suoi beni;<\/li>\n<li>il venditore ha agito in modo tale da viziare il consenso dell&#8217;acquirente.<\/li>\n<\/ul>\n<h2>La garanzia del Passivo \u00e8 diventata obbligatoria<\/h2>\n<p>Poich\u00e9 le garanzie legali sono poche, \u00e8 necessario fornire una garanzia contrattuale: la<strong> garanzia del Passivo<\/strong>.<\/p>\n<p>Questa garanzia protegge da eventuali passivit\u00e0 dell&#8217;azienda in vendita che non sono riconosciute nel bilancio e la cui origine \u00e8 precedente alla vendita. \u00c8 necessario indicare in modo esplicito e preciso gli eventi la cui causa \u00e8 anteriore al trasferimento dell&#8217;azienda che permettono di far scattare questa garanzia. Questi eventi possono essere, per esempio, un aggiustamento fiscale o di sicurezza sociale o richieste di responsabilit\u00e0.<\/p>\n<p>Ci sono due tipi di clausole: la garanzia del Passivo e la clausola di revisione del prezzo.<\/p>\n<p style=\"text-align: justify;\"><strong>La garanzia del Passivo<\/strong><br \/>\nIl venditore dell&#8217;azienda si impegna a pagare i creditori rivelati dopo la cessione o a rimborsare i debiti rivelati dopo il trasferimento in modo che l&#8217;azienda possa pagare queste passivit\u00e0.<\/p>\n<p style=\"text-align: justify;\"><strong>La clausola di revisione del prezzo<\/strong><br \/>\nQuesta clausola \u00e8 di solito usata quando il pagamento del prezzo \u00e8 dilazionato nel tempo. Il venditore dell&#8217;azienda si impegna a rimborsare la differenza di valore dei titoli relativi alla passivit\u00e0 rivelata direttamente all&#8217;acquirente, il che equivale a una riduzione del prezzo.<\/p>\n<h2>Formalit\u00e0 per la cessione di un&#8217;azienda: passo dopo passo<\/h2>\n<p>Il trasferimento dei titoli \u00e8 registrato in un unico atto. Tuttavia, \u00e8 necessario redigere diversi documenti prima della firma. Durante il periodo delle <strong>trattative<\/strong>, entrambe le parti hanno il dovere di lealt\u00e0 e se una delle parti interrompe le trattative in modo improprio, ne \u00e8 responsabile.<\/p>\n<p>Durante il periodo di <strong>audit<\/strong>\u00a0\u00e8 consigliabile firmare un protocollo d&#8217;intesa che stabilisca i termini dell&#8217;acquisto e le garanzie (spiegate in precedenza). Se le azioni sono pagate con fondi comuni, il congiunto deve dare il suo consenso e menzionarlo nell&#8217;atto.<br \/>\nIn caso contrario, il coniuge pu\u00f2 chiedere la nullit\u00e0 dell&#8217;atto entro 2 anni dalla conoscenza dell&#8217;atto.<br \/>\nUn&#8217;altra procedura \u00e8 necessaria a seconda del tipo di societ\u00e0, si deve ottenere l&#8217;approvazione degli altri soci, in linea di principio la maggioranza dei soci che rappresentano la met\u00e0 delle azioni.<\/p>\n<p>La <strong>cessione<\/strong> \u00e8 registrato in un atto privato o in un atto notarile.<\/p>\n<p style=\"text-align: justify;\"><strong>Pubblicare la cessione<\/strong><br \/>\nAffinch\u00e9 l&#8217;atto sia esecutivo, \u00e8 necessario effettuare alcune pubblicazioni legali. In primo luogo, l&#8217;atto deve essere firmato dalla ditta in presenza di un ufficiale giudiziario. In secondo luogo, due copie dell&#8217;atto devono essere depositate presso la cancelleria del tribunale commerciale e il registro del commercio e delle societ\u00e0.<\/p>\n<p><strong>Tasse di registrazione<\/strong><br \/>\nLa registrazione deve essere fatta entro un mese dall&#8217;operazione.<\/p>\n<h3>Trasmissione familiare<\/h3>\n<p style=\"text-align: justify;\">In caso di trasmissione familiare, il proprietario versa un apporto di fondi in una nuova societ\u00e0 creata in questa occasione per i suoi bisogni.<br \/>\nI titoli della societ\u00e0 da cedere saranno pi\u00f9 facilmente distribuiti al momento della successione.<br \/>\nSe uno degli eredi intende rilevare le azioni della societ\u00e0, dovr\u00e0 riacquistare alcune o tutte le azioni degli eredi.<\/p>\n<\/div><\/section><\/div>[av_section min_height='' min_height_pc='25' min_height_px='500px' padding='huge' shadow='no-border-styling' bottom_border='no-border-styling' bottom_border_diagonal_color='#333333' bottom_border_diagonal_direction='' bottom_border_style='' margin='aviaTBmargin' custom_margin='50px' custom_margin_sync='true' custom_arrow_bg='' color='alternate_color' background='bg_color' custom_bg='' background_gradient_color1='' background_gradient_color2='' background_gradient_direction='vertical' src='https:\/\/actoria.com\/fr\/wp-content\/uploads\/2019\/10\/actoria-transmission-entreprise-2.jpg' attachment='7691' attachment_size='full' attach='parallax' position='top left' repeat='stretch' video='' video_ratio='16:9' overlay_enable='aviaTBoverlay_enable' overlay_opacity='0.8' overlay_color='#0b0146' overlay_pattern='' overlay_custom_pattern='' id='' custom_class='template_element le_cabinet_resume' aria_label='' av_element_hidden_in_editor='0' av_uid='av-2axmry']\r\n\r\n[av_one_half first min_height='av-equal-height-column' vertical_alignment='av-align-middle' space='' margin='0px' margin_sync='true' row_boxshadow_color='' row_boxshadow_width='10' link='' linktarget='' link_hover='' title_attr='' alt_attr='' padding='0px' padding_sync='true' highlight_size='1.1' border='' border_color='' radius='0px' radius_sync='true' column_boxshadow_color='' column_boxshadow_width='10' background='bg_color' background_color='' background_gradient_color1='' background_gradient_color2='' background_gradient_direction='vertical' src='' attachment='' attachment_size='' background_position='top left' background_repeat='no-repeat' animation='' mobile_breaking='' mobile_display='' id='' custom_class='' av_uid='av-m28772']\r\n\r\n[av_textblock size='' av-medium-font-size='' av-small-font-size='' av-mini-font-size='' font_color='' color='' id='' custom_class='' av_uid='av-24hq0e' admin_preview_bg='']\r\n<h3>Il Gruppo in sintesi:<\/h3>\r\n[\/av_textblock]\r\n\r\n[av_headline_rotator before_rotating='Ogni anno' after_rotating='' margin='' margin_sync='true' align='left' custom_title='#ff3d3d' size='14' av-medium-font-size-title='' av-small-font-size-title='' av-mini-font-size-title='' tag='h3' interval='5' animation='' alb_description='' id='' custom_class='' av_uid='av-kit1c31w' admin_preview_bg='']\r\n[av_rotator_item title='60 missioni di successo' custom_title='#ff3d3d' link='' linktarget='' av_uid='av-hfe426']\r\n[av_rotator_item title='con 20 partner e consulenti senior' custom_title='#ff3d3d' link='' linktarget='' av_uid='av-3a6x7y']\r\n[av_rotator_item title='Su aziende da 5 a 100 dipendenti' custom_title='#ff3d3d' link='' linktarget='' av_uid='av-e91dwe']\r\n[av_rotator_item title='Con un fatturato da 1 a 100 milioni' custom_title='#ff3d3d' link='' linktarget='' av_uid='av-d56udq']\r\n[\/av_headline_rotator]\r\n\r\n[\/av_one_half][av_one_half min_height='' vertical_alignment='' space='' custom_margin='' margin='0px' row_boxshadow='' row_boxshadow_color='' row_boxshadow_width='10' link='' linktarget='' link_hover='' title_attr='' alt_attr='' padding='0px' highlight='' highlight_size='' border='' border_color='' radius='0px' column_boxshadow='' column_boxshadow_color='' column_boxshadow_width='10' background='bg_color' background_color='' background_gradient_color1='' background_gradient_color2='' background_gradient_direction='vertical' src='' background_position='top left' background_repeat='no-repeat' animation='' mobile_breaking='' mobile_display='' av_uid='av-l9wtny']\r\n\r\n[av_textblock size='' av-medium-font-size='' av-small-font-size='' av-mini-font-size='' font_color='' color='' id='' custom_class='' av_uid='av-k2aokny5' admin_preview_bg='']\r\nSiamo presenti in numerosi paesi d'Europa e Africa per raggiungere acquirenti\/investitori stranieri:\r\n[\/av_textblock]\r\n\r\n[av_buttonrow alignment='center' button_spacing='5' button_spacing_unit='px' alb_description='' id='' custom_class='' av_uid='av-k2apppve' admin_preview_bg='']\r\n[av_buttonrow_item label='ACTORIA International' icon_select='no' icon='4' font='entypo-fontello' link='manually,https:\/\/actoria.com\/' link_target='_blank' size='small' label_display='' title_attr='' color='theme-color' custom_bg='#444444' custom_font='#ffffff' av_uid='av-dtv1ou']\r\n[av_buttonrow_item label='ACTORIA Suisse' icon_select='no' icon='4' font='entypo-fontello' link='manually,http:\/\/actoria.com\/ch\/' link_target='_blank' size='small' label_display='' title_attr='' color='theme-color' custom_bg='#444444' custom_font='#ffffff' av_uid='av-ciaxvy']\r\n[av_buttonrow_item label='ACTORIA Marocco' icon_select='no' icon='4' font='entypo-fontello' link='manually,https:\/\/actoria.com\/ma\/' link_target='_blank' size='small' label_display='' title_attr='' color='theme-color' custom_bg='#444444' custom_font='#ffffff' av_uid='av-a7v9gu']\r\n[av_buttonrow_item label='ACTORIA Belgio' icon_select='no' icon='4' font='entypo-fontello' link='manually,https:\/\/actoria.com\/be\/' link_target='_blank' size='small' label_display='' title_attr='' color='theme-color' custom_bg='#444444' custom_font='#ffffff' av_uid='av-8fxqj2']\r\n[av_buttonrow_item label='ACTORIA Spagna' icon_select='no' icon='4' font='entypo-fontello' link='manually,https:\/\/actoria.com\/es\/' link_target='_blank' size='small' label_display='' title_attr='' color='theme-color' custom_bg='#444444' custom_font='#ffffff' av_uid='av-7ypnzy']\r\n[av_buttonrow_item label='ACTORIA Lussemburgo' icon_select='no' icon='4' font='entypo-fontello' link='manually,https:\/\/actoria.com\/lu\/' link_target='_blank' size='small' label_display='' title_attr='' color='theme-color' custom_bg='#444444' custom_font='#ffffff' av_uid='av-5yruz2']\r\n[av_buttonrow_item label='ACTORIA Francia' icon_select='no' icon='4' font='entypo-fontello' link='manually,https:\/\/actoria.com\/fr\/' link_target='_blank' size='small' label_display='' title_attr='' color='theme-color' custom_bg='#444444' custom_font='#ffffff' av_uid='av-2ebsxa' icon_hover='']\r\n[av_buttonrow_item label='ACTORIA Italia' icon_select='no' icon='4' font='entypo-fontello' link='manually,https:\/\/actoria.com\/ch-it\/' link_target='_blank' size='small' label_display='' title_attr='' color='theme-color' custom_bg='#444444' custom_font='#ffffff' av_uid='av-4g0er2']\r\n[av_buttonrow_item label='ACTORIA Tunisia' icon_select='no' icon='ue800' font='entypo-fontello' link='manually,https:\/\/actoria.com\/tn\/' link_target='' size='small' label_display='' title_attr='' color='theme-color' custom_bg='#444444' custom_font='#ffffff' av_uid='av-2lsd4u']\r\n[\/av_buttonrow]\r\n\r\n[\/av_one_half][\/av_section]<\/p>\n","protected":false},"excerpt":{"rendered":"<p>Vendita azienda Svizzera e Italia, trasferimento azienda Svizzera e Italia, vendita azienda Svizzera e Italia, acquisizione azienda Svizzera e Italia, vendita PMI Svizzera e Italia, vendita PMI Svizzera e Italia, successione PMI Svizzera e Italia, vendita azienda Svizzera e Italia, trovare un acquirente in Svizzera e in Italia<\/p>\n","protected":false},"author":2,"featured_media":6655,"parent":1690,"menu_order":0,"comment_status":"closed","ping_status":"open","template":"","meta":{"footnotes":""},"class_list":["post-1698","page","type-page","status-publish","has-post-thumbnail","hentry"],"_links":{"self":[{"href":"https:\/\/actoria.com\/ch-it\/wp-json\/wp\/v2\/pages\/1698","targetHints":{"allow":["GET"]}}],"collection":[{"href":"https:\/\/actoria.com\/ch-it\/wp-json\/wp\/v2\/pages"}],"about":[{"href":"https:\/\/actoria.com\/ch-it\/wp-json\/wp\/v2\/types\/page"}],"author":[{"embeddable":true,"href":"https:\/\/actoria.com\/ch-it\/wp-json\/wp\/v2\/users\/2"}],"replies":[{"embeddable":true,"href":"https:\/\/actoria.com\/ch-it\/wp-json\/wp\/v2\/comments?post=1698"}],"version-history":[{"count":0,"href":"https:\/\/actoria.com\/ch-it\/wp-json\/wp\/v2\/pages\/1698\/revisions"}],"up":[{"embeddable":true,"href":"https:\/\/actoria.com\/ch-it\/wp-json\/wp\/v2\/pages\/1690"}],"wp:featuredmedia":[{"embeddable":true,"href":"https:\/\/actoria.com\/ch-it\/wp-json\/wp\/v2\/media\/6655"}],"wp:attachment":[{"href":"https:\/\/actoria.com\/ch-it\/wp-json\/wp\/v2\/media?parent=1698"}],"curies":[{"name":"wp","href":"https:\/\/api.w.org\/{rel}","templated":true}]}}