{"id":17712,"date":"2021-11-18T15:24:59","date_gmt":"2021-11-18T14:24:59","guid":{"rendered":"https:\/\/actoria.com\/ch-it\/\/?page_id=17712"},"modified":"2022-08-12T17:39:11","modified_gmt":"2022-08-12T15:39:11","slug":"valore-immateriale-di-unazienda","status":"publish","type":"page","link":"https:\/\/actoria.com\/ch-it\/trasmissione\/come-vendere\/preparare-la-trasmissione-di-un-azienda\/valore-immateriale-di-unazienda\/","title":{"rendered":"Valore immateriale di un&#8217;azienda"},"content":{"rendered":"<div id='av_section_1'  class='avia-section main_color avia-section-default avia-no-border-styling  avia-full-stretch avia-bg-style-fixed  avia-builder-el-0  el_before_av_one_full  avia-builder-el-first  header_page_section_title_wrapper  av-arrow-down-section av-minimum-height av-minimum-height-custom  container_wrap sidebar_right' style='background-repeat: no-repeat; background-image: url(https:\/\/actoria.com\/ch-it\/wp-content\/uploads\/2021\/11\/shutterstock-1-3-1500x1000.jpg);background-attachment: fixed; background-position: center center;  '  data-section-bg-repeat='stretch'><div class='container' style='height:660px'><main  role=\"main\" itemprop=\"mainContentOfPage\"  class='template-page content  av-content-small alpha units'><div class='post-entry post-entry-type-page post-entry-17712'><div class='entry-content-wrapper clearfix'>\n<div class='flex_column_table av-equal-height-column-flextable -flextable' ><div class=\"flex_column av_one_full  flex_column_table_cell av-equal-height-column av-align-bottom av-zero-column-padding first  avia-builder-el-1  avia-builder-el-no-sibling  header_page_section_title \" style='border-radius:0px; ' id=\"header_page_section_title\" ><p><br \/>\n<div  style='padding-bottom:5px; margin:0 0 0 0; color:#ffffff;' class='av-special-heading av-special-heading-h1 custom-color-heading   avia-builder-el-3  el_after_av_codeblock  avia-builder-el-last  '><h1 class='av-special-heading-tag '  itemprop=\"headline\"  >Valore immateriale di un\u2019azienda<\/h1><div class='special-heading-border'><div class='special-heading-inner-border' style='border-color:#ffffff'><\/div><\/div><\/div><\/p><\/div><\/div><!--close column table wrapper. Autoclose: 1 --><\/div><\/div><\/main><!-- close content main element --><\/div><div class='av-extra-border-element border-extra-arrow-down'><div class='av-extra-border-outer'><div class='av-extra-border-inner'  style='background-color:#ffffff;' ><\/div><\/div><\/div><\/div><div id='after_section_1'  class='main_color av_default_container_wrap container_wrap sidebar_right' style=' '  ><div class='container' ><div class='template-page content  av-content-small alpha units'><div class='post-entry post-entry-type-page post-entry-17712'><div class='entry-content-wrapper clearfix'><div class=\"flex_column av_one_full  flex_column_div av-zero-column-padding first  avia-builder-el-4  el_after_av_section  el_before_av_one_full  avia-builder-el-first  \" style='border-radius:0px; '><section class=\"av_textblock_section \"  itemscope=\"itemscope\" itemtype=\"https:\/\/schema.org\/CreativeWork\" ><div class='avia_textblock  '   itemprop=\"text\" ><h2>Nuovo approccio alla valutazione aziendale in Svizzera<\/h2>\n<p><img loading=\"lazy\" decoding=\"async\" class=\"wp-image-17840 size-medium alignleft\" title=\"Valorisation immat\u00e9rielle d\u2019une entreprise, transmission de PME en Suisse\" src=\"https:\/\/actoria.com\/be\/wp-content\/uploads\/2021\/11\/shutterstock-1-1-300x200.jpg\" alt=\"Valorisation immat\u00e9rielle d\u2019une entreprise, transmission de PME en Suisse\" width=\"300\" height=\"200\" \/><\/p>\n<p>Gli investimenti in beni immateriali sono alla base dell&#8217;economia della conoscenza o dell&#8217;apprendimento in Svizzera.<\/p>\n<p>Questi investimenti, come la propriet\u00e0 intellettuale (IP), la ricerca, la tecnologia e il software, e il capitale umano, sono aumentati inesorabilmente negli ultimi 25 anni. E la pandemia COVID-19 sembra aver accelerato questa tendenza.<\/p>\n<h2>Verso un approccio dematerializzato alla valutazione aziendale.<\/h2>\n<p>Stiamo assistendo all&#8217;inizio di una nuova fase nella storia del capitalismo basata sull&#8217;apprendimento, la conoscenza e il capitale intellettuale?<\/p>\n<p>La valutazione immateriale delle imprese prender\u00e0 il posto dei metodi di valutazione puramente finanziari in Svizzera?<\/p>\n<p>Le attivit\u00e0 immateriali stanno diventando sempre pi\u00f9 essenziali per la valutazione di un&#8217;azienda.<\/p>\n<p>Ma le attuali norme contabili in Svizzera rendono difficile tenerne conto nei bilanci.<\/p>\n<p>Questa mancanza di riconoscimento pu\u00f2 influenzare negativamente la valutazione di un&#8217;azienda.<\/p>\n<p>Le valutazioni basate su semplici misure contabili dai bilanci (bilanci e conti) delle aziende non sono pi\u00f9 sufficienti.<\/p>\n<p>Le attivit\u00e0 immateriali sviluppate internamente tendono a rimanere fuori dal bilancio e i costi associati sono spesi come sostenuti.<\/p>\n<p>Secondo gli IFRS, queste attivit\u00e0 sono riconosciute solo se sono soddisfatti determinati criteri.<\/p>\n<p>Il trattamento contabile differisce a seconda del tipo di attivit\u00e0:<\/p>\n<ul>\n<li>le attivit\u00e0 materiali beneficiano di misure contabili di ammortamento e di svalutazione<\/li>\n<li>I beni immateriali sviluppati internamente non beneficiano di misure contabili standardizzate in Svizzera e creano problemi di valutazione.<\/li>\n<\/ul>\n<p>Con l&#8217;aumento degli investimenti in beni immateriali, la valutazione del valore di questi beni come componente del valore aziendale diventa sempre pi\u00f9 essenziale.<\/p>\n<h2>Discrimination entre les actifs des entreprises sur la plan comptable<\/h2>\n<p><img loading=\"lazy\" decoding=\"async\" class=\"size-medium wp-image-18019 alignleft\" title=\"Valorisation immat\u00e9rielle d\u2019une entreprise, transmission d'entreprises en Suisse\" src=\"https:\/\/actoria.com\/be\/wp-content\/uploads\/2021\/11\/shutterstock-1-3-300x200.jpg\" alt=\"Valorisation immat\u00e9rielle d\u2019une entreprise, transmission d'entreprises en Suisse\" width=\"300\" height=\"200\" \/><\/p>\n<p>Un&#8217;azienda in Svizzera che ha sviluppato il suo portafoglio di attivit\u00e0 immateriali attraverso un&#8217;acquisizione avr\u00e0 probabilmente una proporzione pi\u00f9 alta di attivit\u00e0 immateriali sul suo bilancio (e pi\u00f9 avviamento) di un&#8217;azienda che ha sviluppato attivit\u00e0 immateriali internamente.<\/p>\n<p>Questo influenzer\u00e0 gli indici di bilancio e i profitti riportati, ma anche il valore del business.<\/p>\n<p>La valutazione dei beni immateriali \u00e8 altamente soggettiva.<\/p>\n<p>Per complicare le cose, gli imprenditori in Svizzera tendono a sovrastimare il valore dei beni immateriali della loro azienda.<\/p>\n<p>Gli attivi immateriali possono essere il fattore determinante del valore della vostra azienda e anche l&#8217;arma segreta per la quale l&#8217;acquirente accetta un prezzo molto alto.<\/p>\n<p>Ma far accettare il valore di questi beni \u00e8 spesso il pi\u00f9 grande ostacolo nella vendita di un&#8217;impresa.<\/p>\n<p>Ecco alcuni consigli per capire i beni immateriali e come potrebbero essere valutati.<\/p>\n<h3>1. Capire cos&#8217;\u00e8 un bene immateriale<\/h3>\n<p>Un bene immateriale \u00e8 un bene che non ha una forma fisica e non \u00e8 monetario.<\/p>\n<p>I principali beni immateriali sono la propriet\u00e0 intellettuale, le marche, i marchi, le liste di clienti e, in alcuni casi, i patti di non concorrenza.<\/p>\n<p>A volte questi beni possono essere raggruppati tutti insieme come &#8220;avviamento&#8221;, ma in realt\u00e0 sono separati e distinti.<\/p>\n<p>Generalmente, non appaiono nel bilancio di una societ\u00e0 quando una societ\u00e0 acquisisce un&#8217;altra societ\u00e0 o se una specifica attivit\u00e0 immateriale viene acquisita separatamente.<\/p>\n<h3>2. Comprendere il processo<\/h3>\n<p>In un trasferimento d&#8217;impresa in Svizzera, <strong>Actoria<\/strong> stabilisce normalmente una valutazione di tutta l&#8217;impresa, compreso il valore degli attivi immateriali.<\/p>\n<\/div><\/section><\/div><div class=\"flex_column av_one_full  flex_column_div av-zero-column-padding first  avia-builder-el-6  el_after_av_one_full  avia-builder-el-last  column-top-margin\" style='border-radius:0px; '><section class=\"av_textblock_section \"  itemscope=\"itemscope\" itemtype=\"https:\/\/schema.org\/CreativeWork\" ><div class='avia_textblock  '   itemprop=\"text\" ><h2>M\u00e9thode de valorisation expos\u00e9e<\/h2>\n<p><img loading=\"lazy\" decoding=\"async\" class=\"size-medium wp-image-17719 alignleft\" title=\"Valorisation immat\u00e9rielle d\u2019une entreprise, transmission d'entreprises en Suisse\" src=\"https:\/\/actoria.com\/ch-it\/\/wp-content\/uploads\/2021\/11\/shutterstock-1-2-300x200.jpg\" alt=\"Valorisation immat\u00e9rielle d\u2019une entreprise, transmission d'entreprises en Suisse\" width=\"300\" height=\"200\" \/><\/p>\n<p>La m\u00e9thode d&#8217;\u00e9valuation immat\u00e9rielle d\u00e9velopp\u00e9e par Actoria Suisse dite des Actifs Immat\u00e9riels et Incorporels Strat\u00e9giques (AIIS) est le fruit de l&#8217;exp\u00e9rience de plusieurs ann\u00e9es de r\u00e9flexion.<\/p>\n<p>Elle refl\u00e8te en quelque sorte la valeur dite de march\u00e9 des groupes &amp; soci\u00e9t\u00e9s cot\u00e9s. Son mode de calcul semble simple puisqu&#8217;il s&#8217;agit de la formule suivante :<\/p>\n<p>Valeur de march\u00e9 = capitaux propres + Goodwill (ensemble des AIIS)<\/p>\n<p>Et parfois : Valeur de march\u00e9 = capitaux propres &#8211; Badwill<\/p>\n<h3>Sp\u00e9cificit\u00e9s de la m\u00e9thode<\/h3>\n<ul>\n<li>Cette m\u00e9thode permet de tenir compte des principaux \u00e9l\u00e9ments suivants :- Le capital humain (comp\u00e9tences, dext\u00e9rit\u00e9, productivit\u00e9, efficacit\u00e9&#8230;)<\/li>\n<li>Le capital relationnel et structurel (r\u00e9seaux, partenariats, carnet d&#8217;adresses, lobbying, pr\u00e9sence dans les organismes de normalisation&#8230;<\/li>\n<li>Le capital organisationnel (avantages comp\u00e9titifs, Business Model, logiciels-m\u00e9tiers&#8230;)<\/li>\n<li>Le capital client (part de march\u00e9, fid\u00e9lisation des clients, prospects qualifi\u00e9s)<\/li>\n<li>Le capital innovation (bases de donn\u00e9es, gestion de la connaissance, innovation et intelligence \u00e9conomique&#8230;)<\/li>\n<li>Et les incorporels prot\u00e9g\u00e9s (marques, brevets, dessins, copyrights&#8230;).<\/li>\n<\/ul>\n<h3>Engagez un expert<\/h3>\n<p>Lors de la vente d&#8217;une entreprise ou d\u2019un rapprochement d&#8217;entreprises en Suisse ou \u00e0 l&#8217;internationale, c&#8217;est une toujours bonne id\u00e9e d&#8217;embaucher un \u00e9valuateur tel que Actoria pour \u00e9tablir la valorisation de l&#8217;entreprise. Cela peut aider \u00e0 att\u00e9nuer les diff\u00e9rends ou la confusion entre l&#8217;acheteur et le vendeur.<\/p>\n<p>Lorsque vous embauchez un \u00e9valuateur, recherchez ses r\u00e9f\u00e9rences et obtenez des devis de deux ou trois \u00e9valuateurs d&#8217;entreprises reconnus en Suisse qui connaissent bien votre secteur.<\/p>\n<p>Les actifs incorporels sont tous tr\u00e8s uniques.<\/p>\n<p>Essayer d&#8217;\u00e9valuer leur valeur sans comprendre toutes les subtilit\u00e9s ne donne pas un r\u00e9sultat tr\u00e8s pr\u00e9cis et peut \u00eatre frustrant. Consulter Actoria pour obtenir des conseils.<\/p>\n<p><strong>Actoria Suisse a d\u00e9velopp\u00e9 un outil tr\u00e8s sp\u00e9cifique<\/strong>, Xtravalue, qui, apr\u00e8s un audit de vos actifs immat\u00e9riels, donne une valeur sp\u00e9cifique \u00e0 chacun d\u2019entre eux pour in fine d\u00e9terminer un nouveau Goodwill donnant une valeur immat\u00e9rielle \u00e0 votre entreprise.<\/p>\n<p>Pour plus d\u2019informations, prenez contact avec nous.<\/p>\n<\/div><\/section><\/div><\/p>\n","protected":false},"excerpt":{"rendered":"<p>Vendita azienda Svizzera e Italia, trasferimento azienda Svizzera e Italia, vendita azienda Svizzera e Italia, acquisizione azienda Svizzera e Italia, vendita PMI Svizzera e Italia, vendita PMI Svizzera e Italia, successione PMI Svizzera e Italia, vendita azienda Svizzera e Italia, trovare un acquirente in Svizzera e in Italia<\/p>\n","protected":false},"author":2,"featured_media":18347,"parent":14593,"menu_order":0,"comment_status":"closed","ping_status":"closed","template":"","meta":{"footnotes":""},"class_list":["post-17712","page","type-page","status-publish","has-post-thumbnail","hentry"],"_links":{"self":[{"href":"https:\/\/actoria.com\/ch-it\/wp-json\/wp\/v2\/pages\/17712","targetHints":{"allow":["GET"]}}],"collection":[{"href":"https:\/\/actoria.com\/ch-it\/wp-json\/wp\/v2\/pages"}],"about":[{"href":"https:\/\/actoria.com\/ch-it\/wp-json\/wp\/v2\/types\/page"}],"author":[{"embeddable":true,"href":"https:\/\/actoria.com\/ch-it\/wp-json\/wp\/v2\/users\/2"}],"replies":[{"embeddable":true,"href":"https:\/\/actoria.com\/ch-it\/wp-json\/wp\/v2\/comments?post=17712"}],"version-history":[{"count":0,"href":"https:\/\/actoria.com\/ch-it\/wp-json\/wp\/v2\/pages\/17712\/revisions"}],"up":[{"embeddable":true,"href":"https:\/\/actoria.com\/ch-it\/wp-json\/wp\/v2\/pages\/14593"}],"wp:featuredmedia":[{"embeddable":true,"href":"https:\/\/actoria.com\/ch-it\/wp-json\/wp\/v2\/media\/18347"}],"wp:attachment":[{"href":"https:\/\/actoria.com\/ch-it\/wp-json\/wp\/v2\/media?parent=17712"}],"curies":[{"name":"wp","href":"https:\/\/api.w.org\/{rel}","templated":true}]}}