{"id":17749,"date":"2021-11-18T16:25:30","date_gmt":"2021-11-18T15:25:30","guid":{"rendered":"https:\/\/actoria.com\/ch-it\/\/?page_id=17749"},"modified":"2022-08-12T17:40:41","modified_gmt":"2022-08-12T15:40:41","slug":"superare-le-crisi","status":"publish","type":"page","link":"https:\/\/actoria.com\/ch-it\/sviluppare\/perche-sviluppare\/superare-le-crisi\/","title":{"rendered":"Superare le crisi"},"content":{"rendered":"<div id='av_section_1'  class='avia-section main_color avia-section-default avia-no-border-styling  avia-full-stretch avia-bg-style-fixed  avia-builder-el-0  el_before_av_one_full  avia-builder-el-first  header_page_section_title_wrapper  av-arrow-down-section av-minimum-height av-minimum-height-custom  container_wrap sidebar_right' style='background-repeat: no-repeat; background-image: url(https:\/\/actoria.com\/ch-it\/wp-content\/uploads\/2021\/12\/shutterstock-1-40-1500x873.jpg);background-attachment: fixed; background-position: center center;  '  data-section-bg-repeat='stretch'><div class='container' style='height:660px'><main  role=\"main\" itemprop=\"mainContentOfPage\"  class='template-page content  av-content-small alpha units'><div class='post-entry post-entry-type-page post-entry-17749'><div class='entry-content-wrapper clearfix'>\n<div class='flex_column_table av-equal-height-column-flextable -flextable' ><div class=\"flex_column av_one_full  flex_column_table_cell av-equal-height-column av-align-bottom av-zero-column-padding first  avia-builder-el-1  avia-builder-el-no-sibling  header_page_section_title \" style='border-radius:0px; ' id=\"header_page_section_title\" ><p><br \/>\n<div  style='padding-bottom:5px; margin:0 0 0 0; color:#ffffff;' class='av-special-heading av-special-heading-h1 custom-color-heading   avia-builder-el-3  el_after_av_codeblock  avia-builder-el-last  '><h1 class='av-special-heading-tag '  itemprop=\"headline\"  >Superare le crisi<\/h1><div class='special-heading-border'><div class='special-heading-inner-border' style='border-color:#ffffff'><\/div><\/div><\/div><\/p><\/div><\/div><!--close column table wrapper. Autoclose: 1 -->\n<\/div><\/div><\/main><!-- close content main element --><\/div><div class='av-extra-border-element border-extra-arrow-down'><div class='av-extra-border-outer'><div class='av-extra-border-inner'  style='background-color:#ffffff;' ><\/div><\/div><\/div><\/div><div id='after_section_1'  class='main_color av_default_container_wrap container_wrap sidebar_right' style=' '  ><div class='container' ><div class='template-page content  av-content-small alpha units'><div class='post-entry post-entry-type-page post-entry-17749'><div class='entry-content-wrapper clearfix'>\n<div class=\"flex_column av_one_full  flex_column_div av-zero-column-padding first  avia-builder-el-4  el_after_av_section  el_before_av_one_full  avia-builder-el-first  \" style='border-radius:0px; '><section class=\"av_textblock_section \"  itemscope=\"itemscope\" itemtype=\"https:\/\/schema.org\/CreativeWork\" ><div class='avia_textblock  '   itemprop=\"text\" ><h1 style=\"text-align: center;\">Superare le crisi<\/h1>\n<h3 style=\"text-align: center;\">Un&#8217;introduzione ai principi della crescita come leva strategica per la resilienza<\/h3>\n<\/div><\/section><br \/>\n<section class=\"av_textblock_section \"  itemscope=\"itemscope\" itemtype=\"https:\/\/schema.org\/CreativeWork\" ><div class='avia_textblock  '   itemprop=\"text\" ><p><img loading=\"lazy\" decoding=\"async\" class=\"alignleft wp-image-17758 size-medium\" title=\"Superare le crisi, Superare le crisi, trasferimento, vendita di societ\u00e0 e azienda in Svizzera e Italia\" src=\"https:\/\/actoria.com\/ch-it\/wp-content\/uploads\/2021\/11\/shutterstock-1-9-300x200.jpg\" alt=\"Superare le crisi, Superare le crisi, trasferimento, vendita di societ\u00e0 e azienda in Svizzera e Italia\" width=\"300\" height=\"200\" \/><\/p>\n<p>In tempi di recessione economica, le <strong>strategie di crescita delle aziende in Svizzera devono cambiare<\/strong> per riuscire a superare la crisi.<\/p>\n<p>Non possiamo avvicinarci a questo argomento senza risalire all&#8217;antica etimologia di questa parola che ha un doppio significato. Dal greco antico <em>krisis<\/em>, che significa giudizio, scelta, e dal latino medievale <em>crisis<\/em>, che significa una manifestazione brutale e violenta di una malattia. <strong>Crisi si riferisce all&#8217;idea di un momento chiave, critico, dove tutto viene deciso.<\/strong><\/p>\n<p><strong>L&#8217;imprenditore moderno in Svizzera deve essere capace di vivere in un&#8217;era di incertezze.<\/strong><\/p>\n<p>Le crisi globali (economiche, sanitarie, sociali) sono una preoccupazione notevole per i leader aziendali, e come superare lo shock derivante da una crisi fa parte delle abilit\u00e0 di un buon imprenditore.<\/p>\n<p><strong>Un ventaglio di opportunit\u00e0 che sfida l&#8217;equilibrio mentale dei dirigenti d&#8217;azienda in Svizzera.<\/strong><\/p>\n<p>Un evento cos\u00ec sconcertante come una crisi ha diverse implicazioni per le strategie di crescita e la performance aziendale. Potrebbe spingere gli imprenditori svizzeri a prendere <strong>misure irrazionali<\/strong> come la perdita di personale a vantaggio dei concorrenti.<\/p>\n<p><strong>Mantenere il valore dell&#8217;azienda in tempi di crisi<\/strong><\/p>\n<p>Nelle crisi precedenti, alcune aziende sono fallite perch\u00e9 hanno attuato scelte poco sagge. Si stima che durante il periodo di crisi 2007-2008 il valore delle aziende sia diminuito di <strong>oltre il 63% in due anni<\/strong>. Quindi, le crisi creano la necessit\u00e0 di capire i cambiamenti nelle strategie e nei modelli di gestione, comprese le strategie di crescita che dovrebbero essere adottate per mitigare l&#8217;impatto quando le crisi si ripresentano.<\/p>\n<p><strong>La trasformazione necessaria delle strategie di crescita<\/strong><\/p>\n<p>In tempi di recessione economica, <strong>le strategie di crescita delle aziende in Svizzera devono cambiare per superare la crisi<\/strong>. Durante questo periodo, l&#8217;ideazione di strategie di sviluppo diventa molto pi\u00f9 importante, anche se crescita e recessione non sono naturalmente compatibili. Pertanto, la decisione di quale tipo di strategia seguire diventa una decisione critica legata alla stabilit\u00e0 delle aziende.<\/p>\n<p>Il <strong>contagio<\/strong> della crisi colpisce le imprese in Svizzera durante i problemi economici globali. E l&#8217;implementazione di soluzioni come fusioni e aggregazioni aziendali non sono cos\u00ec semplici, anche se possono rivelarsi dei salvavita.<\/p>\n<p><strong><em>&#8220;Gli uomini accettano il cambiamento solo in caso di necessit\u00e0 e vedono la necessit\u00e0 solo nella crisi&#8221;<\/em><\/strong><\/p>\n<p>Jean Monnet<\/p>\n<p>Le crisi economiche presentano un&#8217;<strong>opzione di cambiamento obbligatorio<\/strong> per gli imprenditori. Gestire il cambiamento \u00e8 difficile e parte del problema \u00e8 che c&#8217;\u00e8 poco consenso sui fattori che motivano maggiormente le iniziative di trasformazione e su come influenzano i comportamenti delle aziende in Svizzera.<\/p>\n<p>Il primo principio di ogni processo decisionale e di arbitraggio \u00e8 quello di acquisire una visione strategica chiara e obiettiva della situazione, delle forze in gioco, della portata e delle modalit\u00e0 delle azioni strategiche.<\/p>\n<\/div><\/section><\/p><\/div><div class=\"flex_column av_one_full  flex_column_div av-zero-column-padding first  avia-builder-el-7  el_after_av_one_full  avia-builder-el-last  column-top-margin\" style='border-radius:0px; '><section class=\"av_textblock_section \"  itemscope=\"itemscope\" itemtype=\"https:\/\/schema.org\/CreativeWork\" ><div class='avia_textblock  '   itemprop=\"text\" ><p><img loading=\"lazy\" decoding=\"async\" class=\"wp-image-9587 size-full aligncenter\" title=\"Surmonter les crises, transmission d'entreprises en Belgique\" src=\"https:\/\/actoria.com\/be\/wp-content\/uploads\/2020\/05\/Rapprochement-entreprise.png\" alt=\"Surmonter les crises, transmission d'entreprises en Belgique\" width=\"1008\" height=\"537\" \/><\/p>\n<\/div><\/section><\/div><\/p>\n","protected":false},"excerpt":{"rendered":"<p>Vendita azienda Svizzera e Italia, trasferimento azienda Svizzera e Italia, vendita azienda Svizzera e Italia, acquisizione azienda Svizzera e Italia, vendita PMI Svizzera e Italia, vendita PMI Svizzera e Italia, successione PMI Svizzera e Italia, vendita azienda Svizzera e Italia, trovare un acquirente in Svizzera e in Italia<\/p>\n","protected":false},"author":2,"featured_media":18374,"parent":9388,"menu_order":0,"comment_status":"closed","ping_status":"closed","template":"","meta":{"footnotes":""},"class_list":["post-17749","page","type-page","status-publish","has-post-thumbnail","hentry"],"yoast_head":"<!-- This site is optimized with the Yoast SEO plugin v27.4 - https:\/\/yoast.com\/product\/yoast-seo-wordpress\/ -->\n<title>Superare le crisi, Esperto svizzero in trasmissione aziendale<\/title>\n<meta name=\"description\" content=\"Superare le crisi, Esperto in trasferimento d&#039;impresa in Svizzera, Ticino e Italia, come avere successo nella successione di una PMI in Svizzera, Ticino e Italia\" \/>\n<meta name=\"robots\" content=\"index, follow, max-snippet:-1, max-image-preview:large, max-video-preview:-1\" \/>\n<link rel=\"canonical\" href=\"https:\/\/actoria.com\/ch-it\/sviluppare\/perche-sviluppare\/superare-le-crisi\/\" \/>\n<meta property=\"og:locale\" content=\"it_IT\" \/>\n<meta property=\"og:type\" content=\"article\" \/>\n<meta property=\"og:title\" content=\"Superare le crisi, Esperto svizzero in trasmissione aziendale\" \/>\n<meta property=\"og:description\" content=\"Superare le crisi, Esperto in trasferimento d&#039;impresa in Svizzera, Ticino e Italia, come avere successo nella successione di una PMI in Svizzera, Ticino e Italia\" \/>\n<meta property=\"og:url\" content=\"https:\/\/actoria.com\/ch-it\/sviluppare\/perche-sviluppare\/superare-le-crisi\/\" \/>\n<meta property=\"og:site_name\" content=\"Trasferimento di azienda Svizzera, Ticino e Italia, Fusioni &amp; Acquisizioni Svizzera, Ticino e Italia, Sviluppo Strategico Svizzera, Ticino e Italia\" \/>\n<meta property=\"article:modified_time\" content=\"2022-08-12T15:40:41+00:00\" \/>\n<meta property=\"og:image\" content=\"https:\/\/actoria.com\/ch-it\/wp-content\/uploads\/2021\/12\/shutterstock-1-17.jpg\" \/>\n\t<meta property=\"og:image:width\" content=\"2397\" \/>\n\t<meta property=\"og:image:height\" content=\"1600\" \/>\n\t<meta property=\"og:image:type\" content=\"image\/jpeg\" \/>\n<meta name=\"twitter:card\" content=\"summary_large_image\" \/>\n<meta name=\"twitter:label1\" content=\"Tempo di lettura stimato\" \/>\n\t<meta name=\"twitter:data1\" content=\"4 minuti\" \/>\n<script type=\"application\/ld+json\" class=\"yoast-schema-graph\">{\"@context\":\"https:\\\/\\\/schema.org\",\"@graph\":[{\"@type\":\"Article\",\"@id\":\"https:\\\/\\\/actoria.com\\\/ch-it\\\/sviluppare\\\/perche-sviluppare\\\/superare-le-crisi\\\/#article\",\"isPartOf\":{\"@id\":\"https:\\\/\\\/actoria.com\\\/ch-it\\\/sviluppare\\\/perche-sviluppare\\\/superare-le-crisi\\\/\"},\"author\":{\"name\":\"fabrice\",\"@id\":\"https:\\\/\\\/actoria.com\\\/ch-it\\\/#\\\/schema\\\/person\\\/f49dd9d0c4e953ed3de3e3b44cd339ac\"},\"headline\":\"Superare le crisi\",\"datePublished\":\"2021-11-18T15:25:30+00:00\",\"dateModified\":\"2022-08-12T15:40:41+00:00\",\"mainEntityOfPage\":{\"@id\":\"https:\\\/\\\/actoria.com\\\/ch-it\\\/sviluppare\\\/perche-sviluppare\\\/superare-le-crisi\\\/\"},\"wordCount\":982,\"publisher\":{\"@id\":\"https:\\\/\\\/actoria.com\\\/ch-it\\\/#organization\"},\"image\":{\"@id\":\"https:\\\/\\\/actoria.com\\\/ch-it\\\/sviluppare\\\/perche-sviluppare\\\/superare-le-crisi\\\/#primaryimage\"},\"thumbnailUrl\":\"https:\\\/\\\/actoria.com\\\/ch-it\\\/wp-content\\\/uploads\\\/2021\\\/12\\\/shutterstock-1-17.jpg\",\"inLanguage\":\"it-IT\"},{\"@type\":\"WebPage\",\"@id\":\"https:\\\/\\\/actoria.com\\\/ch-it\\\/sviluppare\\\/perche-sviluppare\\\/superare-le-crisi\\\/\",\"url\":\"https:\\\/\\\/actoria.com\\\/ch-it\\\/sviluppare\\\/perche-sviluppare\\\/superare-le-crisi\\\/\",\"name\":\"Superare le crisi, Esperto svizzero in trasmissione aziendale\",\"isPartOf\":{\"@id\":\"https:\\\/\\\/actoria.com\\\/ch-it\\\/#website\"},\"primaryImageOfPage\":{\"@id\":\"https:\\\/\\\/actoria.com\\\/ch-it\\\/sviluppare\\\/perche-sviluppare\\\/superare-le-crisi\\\/#primaryimage\"},\"image\":{\"@id\":\"https:\\\/\\\/actoria.com\\\/ch-it\\\/sviluppare\\\/perche-sviluppare\\\/superare-le-crisi\\\/#primaryimage\"},\"thumbnailUrl\":\"https:\\\/\\\/actoria.com\\\/ch-it\\\/wp-content\\\/uploads\\\/2021\\\/12\\\/shutterstock-1-17.jpg\",\"datePublished\":\"2021-11-18T15:25:30+00:00\",\"dateModified\":\"2022-08-12T15:40:41+00:00\",\"description\":\"Superare le crisi, Esperto in trasferimento d'impresa in Svizzera, Ticino e Italia, come avere successo nella successione di una PMI in Svizzera, Ticino e Italia\",\"breadcrumb\":{\"@id\":\"https:\\\/\\\/actoria.com\\\/ch-it\\\/sviluppare\\\/perche-sviluppare\\\/superare-le-crisi\\\/#breadcrumb\"},\"inLanguage\":\"it-IT\",\"potentialAction\":[{\"@type\":\"ReadAction\",\"target\":[\"https:\\\/\\\/actoria.com\\\/ch-it\\\/sviluppare\\\/perche-sviluppare\\\/superare-le-crisi\\\/\"]}]},{\"@type\":\"ImageObject\",\"inLanguage\":\"it-IT\",\"@id\":\"https:\\\/\\\/actoria.com\\\/ch-it\\\/sviluppare\\\/perche-sviluppare\\\/superare-le-crisi\\\/#primaryimage\",\"url\":\"https:\\\/\\\/actoria.com\\\/ch-it\\\/wp-content\\\/uploads\\\/2021\\\/12\\\/shutterstock-1-17.jpg\",\"contentUrl\":\"https:\\\/\\\/actoria.com\\\/ch-it\\\/wp-content\\\/uploads\\\/2021\\\/12\\\/shutterstock-1-17.jpg\",\"width\":2397,\"height\":1600,\"caption\":\"Chimico, Chimico, trasferimento, vendita di societ\u00e0 e azienda in Svizzera e Italia\"},{\"@type\":\"BreadcrumbList\",\"@id\":\"https:\\\/\\\/actoria.com\\\/ch-it\\\/sviluppare\\\/perche-sviluppare\\\/superare-le-crisi\\\/#breadcrumb\",\"itemListElement\":[{\"@type\":\"ListItem\",\"position\":1,\"name\":\"Home\",\"item\":\"https:\\\/\\\/actoria.com\\\/ch-it\\\/\"},{\"@type\":\"ListItem\",\"position\":2,\"name\":\"Sviluppare\",\"item\":\"https:\\\/\\\/actoria.com\\\/ch-it\\\/sviluppare\\\/\"},{\"@type\":\"ListItem\",\"position\":3,\"name\":\"Perch\u00e9 sviluppare?\",\"item\":\"https:\\\/\\\/actoria.com\\\/ch-it\\\/sviluppare\\\/perche-sviluppare\\\/\"},{\"@type\":\"ListItem\",\"position\":4,\"name\":\"Superare le crisi\"}]},{\"@type\":\"WebSite\",\"@id\":\"https:\\\/\\\/actoria.com\\\/ch-it\\\/#website\",\"url\":\"https:\\\/\\\/actoria.com\\\/ch-it\\\/\",\"name\":\"Trasferimento di azienda Svizzera, Ticino e Italia, Fusioni & Acquisizioni Svizzera, Ticino e Italia, Sviluppo Strategico Svizzera, Ticino e Italia\",\"description\":\"Vendere la tua azienda, PMI in Belgio, Francia, Svizzera, Marocco, Tunisia, Lussemburgo, Italia\",\"publisher\":{\"@id\":\"https:\\\/\\\/actoria.com\\\/ch-it\\\/#organization\"},\"alternateName\":\"Trasferimento di societ\u00e0, sviluppo di societ\u00e0 in Tunisia, lo specialista in fusioni e acquisizioni in Tunisia dal 2002\",\"potentialAction\":[{\"@type\":\"SearchAction\",\"target\":{\"@type\":\"EntryPoint\",\"urlTemplate\":\"https:\\\/\\\/actoria.com\\\/ch-it\\\/?s={search_term_string}\"},\"query-input\":{\"@type\":\"PropertyValueSpecification\",\"valueRequired\":true,\"valueName\":\"search_term_string\"}}],\"inLanguage\":\"it-IT\"},{\"@type\":\"Organization\",\"@id\":\"https:\\\/\\\/actoria.com\\\/ch-it\\\/#organization\",\"name\":\"Actoria Svizzera, Ticico e Italia, Trasferimento di azienda Svizzera, Ticino e Italia, Fusioni & Acquisizioni Svizzera, Ticino e Italia, Sviluppo Strategico Svizzera, Ticino e Italia\",\"alternateName\":\"Vendere la tua azienda, PMI in Belgio, Francia, Svizzera, Marocco, Tunisia, Lussemburgo, Italia\",\"url\":\"https:\\\/\\\/actoria.com\\\/ch-it\\\/\",\"logo\":{\"@type\":\"ImageObject\",\"inLanguage\":\"it-IT\",\"@id\":\"https:\\\/\\\/actoria.com\\\/ch-it\\\/#\\\/schema\\\/logo\\\/image\\\/\",\"url\":\"https:\\\/\\\/actoria.com\\\/ch-it\\\/wp-content\\\/uploads\\\/2020\\\/12\\\/Logo-standard.bmp\",\"contentUrl\":\"https:\\\/\\\/actoria.com\\\/ch-it\\\/wp-content\\\/uploads\\\/2020\\\/12\\\/Logo-standard.bmp\",\"width\":566,\"height\":358,\"caption\":\"Actoria Svizzera, Ticico e Italia, Trasferimento di azienda Svizzera, Ticino e Italia, Fusioni & Acquisizioni Svizzera, Ticino e Italia, Sviluppo Strategico Svizzera, Ticino e Italia\"},\"image\":{\"@id\":\"https:\\\/\\\/actoria.com\\\/ch-it\\\/#\\\/schema\\\/logo\\\/image\\\/\"},\"sameAs\":[\"https:\\\/\\\/fr.linkedin.com\\\/company\\\/actoria-group_2\"]},{\"@type\":\"Person\",\"@id\":\"https:\\\/\\\/actoria.com\\\/ch-it\\\/#\\\/schema\\\/person\\\/f49dd9d0c4e953ed3de3e3b44cd339ac\",\"name\":\"fabrice\",\"url\":\"https:\\\/\\\/actoria.com\\\/ch-it\\\/author\\\/fabrice\\\/\"}]}<\/script>\n<!-- \/ Yoast SEO plugin. -->","yoast_head_json":{"title":"Superare le crisi, Esperto svizzero in trasmissione aziendale","description":"Superare le crisi, Esperto in trasferimento d'impresa in Svizzera, Ticino e Italia, come avere successo nella successione di una PMI in Svizzera, Ticino e Italia","robots":{"index":"index","follow":"follow","max-snippet":"max-snippet:-1","max-image-preview":"max-image-preview:large","max-video-preview":"max-video-preview:-1"},"canonical":"https:\/\/actoria.com\/ch-it\/sviluppare\/perche-sviluppare\/superare-le-crisi\/","og_locale":"it_IT","og_type":"article","og_title":"Superare le crisi, Esperto svizzero in trasmissione aziendale","og_description":"Superare le crisi, Esperto in trasferimento d'impresa in Svizzera, Ticino e Italia, come avere successo nella successione di una PMI in Svizzera, Ticino e Italia","og_url":"https:\/\/actoria.com\/ch-it\/sviluppare\/perche-sviluppare\/superare-le-crisi\/","og_site_name":"Trasferimento di azienda Svizzera, Ticino e Italia, Fusioni &amp; Acquisizioni Svizzera, Ticino e Italia, Sviluppo Strategico Svizzera, Ticino e Italia","article_modified_time":"2022-08-12T15:40:41+00:00","og_image":[{"width":2397,"height":1600,"url":"https:\/\/actoria.com\/ch-it\/wp-content\/uploads\/2021\/12\/shutterstock-1-17.jpg","type":"image\/jpeg"}],"twitter_card":"summary_large_image","twitter_misc":{"Tempo di lettura stimato":"4 minuti"},"schema":{"@context":"https:\/\/schema.org","@graph":[{"@type":"Article","@id":"https:\/\/actoria.com\/ch-it\/sviluppare\/perche-sviluppare\/superare-le-crisi\/#article","isPartOf":{"@id":"https:\/\/actoria.com\/ch-it\/sviluppare\/perche-sviluppare\/superare-le-crisi\/"},"author":{"name":"fabrice","@id":"https:\/\/actoria.com\/ch-it\/#\/schema\/person\/f49dd9d0c4e953ed3de3e3b44cd339ac"},"headline":"Superare le crisi","datePublished":"2021-11-18T15:25:30+00:00","dateModified":"2022-08-12T15:40:41+00:00","mainEntityOfPage":{"@id":"https:\/\/actoria.com\/ch-it\/sviluppare\/perche-sviluppare\/superare-le-crisi\/"},"wordCount":982,"publisher":{"@id":"https:\/\/actoria.com\/ch-it\/#organization"},"image":{"@id":"https:\/\/actoria.com\/ch-it\/sviluppare\/perche-sviluppare\/superare-le-crisi\/#primaryimage"},"thumbnailUrl":"https:\/\/actoria.com\/ch-it\/wp-content\/uploads\/2021\/12\/shutterstock-1-17.jpg","inLanguage":"it-IT"},{"@type":"WebPage","@id":"https:\/\/actoria.com\/ch-it\/sviluppare\/perche-sviluppare\/superare-le-crisi\/","url":"https:\/\/actoria.com\/ch-it\/sviluppare\/perche-sviluppare\/superare-le-crisi\/","name":"Superare le crisi, Esperto svizzero in trasmissione aziendale","isPartOf":{"@id":"https:\/\/actoria.com\/ch-it\/#website"},"primaryImageOfPage":{"@id":"https:\/\/actoria.com\/ch-it\/sviluppare\/perche-sviluppare\/superare-le-crisi\/#primaryimage"},"image":{"@id":"https:\/\/actoria.com\/ch-it\/sviluppare\/perche-sviluppare\/superare-le-crisi\/#primaryimage"},"thumbnailUrl":"https:\/\/actoria.com\/ch-it\/wp-content\/uploads\/2021\/12\/shutterstock-1-17.jpg","datePublished":"2021-11-18T15:25:30+00:00","dateModified":"2022-08-12T15:40:41+00:00","description":"Superare le crisi, Esperto in trasferimento d'impresa in Svizzera, Ticino e Italia, come avere successo nella successione di una PMI in Svizzera, Ticino e Italia","breadcrumb":{"@id":"https:\/\/actoria.com\/ch-it\/sviluppare\/perche-sviluppare\/superare-le-crisi\/#breadcrumb"},"inLanguage":"it-IT","potentialAction":[{"@type":"ReadAction","target":["https:\/\/actoria.com\/ch-it\/sviluppare\/perche-sviluppare\/superare-le-crisi\/"]}]},{"@type":"ImageObject","inLanguage":"it-IT","@id":"https:\/\/actoria.com\/ch-it\/sviluppare\/perche-sviluppare\/superare-le-crisi\/#primaryimage","url":"https:\/\/actoria.com\/ch-it\/wp-content\/uploads\/2021\/12\/shutterstock-1-17.jpg","contentUrl":"https:\/\/actoria.com\/ch-it\/wp-content\/uploads\/2021\/12\/shutterstock-1-17.jpg","width":2397,"height":1600,"caption":"Chimico, Chimico, trasferimento, vendita di societ\u00e0 e azienda in Svizzera e Italia"},{"@type":"BreadcrumbList","@id":"https:\/\/actoria.com\/ch-it\/sviluppare\/perche-sviluppare\/superare-le-crisi\/#breadcrumb","itemListElement":[{"@type":"ListItem","position":1,"name":"Home","item":"https:\/\/actoria.com\/ch-it\/"},{"@type":"ListItem","position":2,"name":"Sviluppare","item":"https:\/\/actoria.com\/ch-it\/sviluppare\/"},{"@type":"ListItem","position":3,"name":"Perch\u00e9 sviluppare?","item":"https:\/\/actoria.com\/ch-it\/sviluppare\/perche-sviluppare\/"},{"@type":"ListItem","position":4,"name":"Superare le crisi"}]},{"@type":"WebSite","@id":"https:\/\/actoria.com\/ch-it\/#website","url":"https:\/\/actoria.com\/ch-it\/","name":"Trasferimento di azienda Svizzera, Ticino e Italia, Fusioni & Acquisizioni Svizzera, Ticino e Italia, Sviluppo Strategico Svizzera, Ticino e Italia","description":"Vendere la tua azienda, PMI in Belgio, Francia, Svizzera, Marocco, Tunisia, Lussemburgo, Italia","publisher":{"@id":"https:\/\/actoria.com\/ch-it\/#organization"},"alternateName":"Trasferimento di societ\u00e0, sviluppo di societ\u00e0 in Tunisia, lo specialista in fusioni e acquisizioni in Tunisia dal 2002","potentialAction":[{"@type":"SearchAction","target":{"@type":"EntryPoint","urlTemplate":"https:\/\/actoria.com\/ch-it\/?s={search_term_string}"},"query-input":{"@type":"PropertyValueSpecification","valueRequired":true,"valueName":"search_term_string"}}],"inLanguage":"it-IT"},{"@type":"Organization","@id":"https:\/\/actoria.com\/ch-it\/#organization","name":"Actoria Svizzera, Ticico e Italia, Trasferimento di azienda Svizzera, Ticino e Italia, Fusioni & Acquisizioni Svizzera, Ticino e Italia, Sviluppo Strategico Svizzera, Ticino e Italia","alternateName":"Vendere la tua azienda, PMI in Belgio, Francia, Svizzera, Marocco, Tunisia, Lussemburgo, Italia","url":"https:\/\/actoria.com\/ch-it\/","logo":{"@type":"ImageObject","inLanguage":"it-IT","@id":"https:\/\/actoria.com\/ch-it\/#\/schema\/logo\/image\/","url":"https:\/\/actoria.com\/ch-it\/wp-content\/uploads\/2020\/12\/Logo-standard.bmp","contentUrl":"https:\/\/actoria.com\/ch-it\/wp-content\/uploads\/2020\/12\/Logo-standard.bmp","width":566,"height":358,"caption":"Actoria Svizzera, Ticico e Italia, Trasferimento di azienda Svizzera, Ticino e Italia, Fusioni & Acquisizioni Svizzera, Ticino e Italia, Sviluppo Strategico Svizzera, Ticino e Italia"},"image":{"@id":"https:\/\/actoria.com\/ch-it\/#\/schema\/logo\/image\/"},"sameAs":["https:\/\/fr.linkedin.com\/company\/actoria-group_2"]},{"@type":"Person","@id":"https:\/\/actoria.com\/ch-it\/#\/schema\/person\/f49dd9d0c4e953ed3de3e3b44cd339ac","name":"fabrice","url":"https:\/\/actoria.com\/ch-it\/author\/fabrice\/"}]}},"_links":{"self":[{"href":"https:\/\/actoria.com\/ch-it\/wp-json\/wp\/v2\/pages\/17749","targetHints":{"allow":["GET"]}}],"collection":[{"href":"https:\/\/actoria.com\/ch-it\/wp-json\/wp\/v2\/pages"}],"about":[{"href":"https:\/\/actoria.com\/ch-it\/wp-json\/wp\/v2\/types\/page"}],"author":[{"embeddable":true,"href":"https:\/\/actoria.com\/ch-it\/wp-json\/wp\/v2\/users\/2"}],"replies":[{"embeddable":true,"href":"https:\/\/actoria.com\/ch-it\/wp-json\/wp\/v2\/comments?post=17749"}],"version-history":[{"count":0,"href":"https:\/\/actoria.com\/ch-it\/wp-json\/wp\/v2\/pages\/17749\/revisions"}],"up":[{"embeddable":true,"href":"https:\/\/actoria.com\/ch-it\/wp-json\/wp\/v2\/pages\/9388"}],"wp:featuredmedia":[{"embeddable":true,"href":"https:\/\/actoria.com\/ch-it\/wp-json\/wp\/v2\/media\/18374"}],"wp:attachment":[{"href":"https:\/\/actoria.com\/ch-it\/wp-json\/wp\/v2\/media?parent=17749"}],"curies":[{"name":"wp","href":"https:\/\/api.w.org\/{rel}","templated":true}]}}