{"id":17762,"date":"2021-11-18T16:40:46","date_gmt":"2021-11-18T15:40:46","guid":{"rendered":"https:\/\/actoria.com\/ch-it\/\/?page_id=17762"},"modified":"2022-08-12T17:40:20","modified_gmt":"2022-08-12T15:40:20","slug":"alleanza-strategica-tra-imprese","status":"publish","type":"page","link":"https:\/\/actoria.com\/ch-it\/sviluppare\/quali-soluzioni-di-sviluppo\/alleanza-strategica-tra-imprese\/","title":{"rendered":"Alleanza strategica tra imprese"},"content":{"rendered":"<div id='av_section_1'  class='avia-section main_color avia-section-default avia-no-border-styling  avia-full-stretch avia-bg-style-fixed  avia-builder-el-0  el_before_av_one_full  avia-builder-el-first  header_page_section_title_wrapper  av-arrow-down-section av-minimum-height av-minimum-height-custom  container_wrap sidebar_right' style='background-repeat: no-repeat; background-image: url(https:\/\/actoria.com\/ch-it\/wp-content\/uploads\/2021\/11\/shutterstock-1-14-1500x978.jpg);background-attachment: fixed; background-position: center center;  '  data-section-bg-repeat='stretch'><div class='container' style='height:660px'><main  role=\"main\" itemprop=\"mainContentOfPage\"  class='template-page content  av-content-small alpha units'><div class='post-entry post-entry-type-page post-entry-17762'><div class='entry-content-wrapper clearfix'>\n<div class='flex_column_table av-equal-height-column-flextable -flextable' ><div class=\"flex_column av_one_full  flex_column_table_cell av-equal-height-column av-align-bottom av-zero-column-padding first  avia-builder-el-1  avia-builder-el-no-sibling  header_page_section_title \" style='border-radius:0px; ' id=\"header_page_section_title\" ><p><br \/>\n<div  style='padding-bottom:5px; margin:0 0 0 0; color:#ffffff;' class='av-special-heading av-special-heading-h1 custom-color-heading   avia-builder-el-3  el_after_av_codeblock  avia-builder-el-last  '><h1 class='av-special-heading-tag '  itemprop=\"headline\"  >Alleanza strategica tra imprese<\/h1><div class='special-heading-border'><div class='special-heading-inner-border' style='border-color:#ffffff'><\/div><\/div><\/div><\/p><\/div><\/div><!--close column table wrapper. Autoclose: 1 -->\n<\/div><\/div><\/main><!-- close content main element --><\/div><div class='av-extra-border-element border-extra-arrow-down'><div class='av-extra-border-outer'><div class='av-extra-border-inner'  style='background-color:#ffffff;' ><\/div><\/div><\/div><\/div><div id='after_section_1'  class='main_color av_default_container_wrap container_wrap sidebar_right' style=' '  ><div class='container' ><div class='template-page content  av-content-small alpha units'><div class='post-entry post-entry-type-page post-entry-17762'><div class='entry-content-wrapper clearfix'>\n<div class=\"flex_column av_one_full  flex_column_div av-zero-column-padding first  avia-builder-el-4  el_after_av_section  avia-builder-el-no-sibling  \" style='border-radius:0px; '><section class=\"av_textblock_section \"  itemscope=\"itemscope\" itemtype=\"https:\/\/schema.org\/CreativeWork\" ><div class='avia_textblock  '   itemprop=\"text\" ><h3>Definizione di un&#8217;alleanza strategica<\/h3>\n<p><img loading=\"lazy\" decoding=\"async\" class=\"alignleft wp-image-17763 size-medium\" title=\"Alleanza strategica tra imprese, Alleanza strategica tra imprese, trasferimento, vendita di societ\u00e0 e azienda in Svizzera e Italia\" src=\"https:\/\/actoria.com\/ch-it\/wp-content\/uploads\/2021\/11\/shutterstock-1-11-300x200.jpg\" alt=\"Alleanza strategica tra imprese, Alleanza strategica tra imprese, trasferimento, vendita di societ\u00e0 e azienda in Svizzera e Italia\" width=\"300\" height=\"200\" \/><\/p>\n<p>Un&#8217;alleanza strategica (o anche partnership strategica) \u00e8 un accordo tra due o pi\u00f9 parti per perseguire un<strong> insieme di obiettivi concordati e necessari pur restando organizzazioni indipendenti<\/strong>.<\/p>\n<p>Un&#8217;alleanza strategica in Svizzera non corrisponde generalmente a una relazione di partenariato nel quadro giuridico di un&#8217;agenzia o di una societ\u00e0 affiliata.<\/p>\n<p>In generale, due aziende formano un&#8217;alleanza strategica quando ognuna ha un&#8217;<strong>esperienza che aiuter\u00e0 l&#8217;altra a migliorare il proprio business<\/strong>.<\/p>\n<p>Le alleanze strategiche in Svizzera possono svilupparsi nel contesto di esternalizzazione in cui le parti desiderano ottenere benefici a lungo termine e innovazioni basate su risultati ambiti reciprocamente.<\/p>\n<p>Le alleanze strategiche in Svizzera si verificano quando due o pi\u00f9 aziende si uniscono per <strong>cercare un vantaggio reciproco<\/strong>.<\/p>\n<p>I partner possono fornire all&#8217;alleanza strategica risorse come prodotti, canali di distribuzione, capacit\u00e0 di produzione, finanziamento di progetti, attrezzature di capitale, conoscenze, competenze o propriet\u00e0 intellettuale.<\/p>\n<p>L&#8217;alleanza in Svizzera \u00e8 una <strong>cooperazione o una collaborazione che mira alla sinergia dove ogni partner spera che i benefici dell&#8217;alleanza<\/strong> siano maggiori dei benefici degli sforzi individuali.<\/p>\n<p>L&#8217;alleanza comporta a volte il <strong>trasferimento di tecnologia<\/strong> (accesso alle conoscenze e alle competenze), una specializzazione economica, la condivisione delle spese e la condivisione del rischio.<\/p>\n<p>Un&#8217;alleanza strategica in Svizzera \u00e8 un <strong>mezzo per completare i beni, le competenze e le attivit\u00e0 interne<\/strong> tramite l&#8217;accesso alle risorse o ai processi necessari di attori esterni come fornitori, clienti, concorrenti, aziende di diversi settori, proprietari di marchi, universit\u00e0, istituti o divisioni governative.<\/p>\n<p>In misura pi\u00f9 o meno grande, alcune alleanze in Svizzera si traducono in una <strong>integrazione parziale <\/strong> delle parti attraverso una partecipazione azionaria progressiva, contratti che definiscono diritti, ruoli e responsabilit\u00e0 per un certo periodo di tempo o una partecipazione azionaria minoritaria.<\/p>\n<p>A differenza di una societ\u00e0 mista, le aziende in un&#8217;alleanza strategica in Svizzera <strong>non formano una nuova entit\u00e0<\/strong> per perseguire i loro obiettivi, ma collaborano pur rimanendo separate e distinte.<\/p>\n<h3>Vantaggi di un&#8217;alleanza<\/h3>\n<p><img loading=\"lazy\" decoding=\"async\" class=\"alignleft wp-image-17736 size-medium\" title=\"Alleanza strategica tra imprese, Alleanza strategica tra imprese, trasferimento, vendita di societ\u00e0 e azienda in Svizzera e Italia\" src=\"https:\/\/actoria.com\/ch-it\/wp-content\/uploads\/2021\/11\/shutterstock-1-5-300x198.jpg\" alt=\"Alleanza strategica tra imprese, Alleanza strategica tra imprese, trasferimento, vendita di societ\u00e0 e azienda in Svizzera e Italia\" width=\"300\" height=\"198\" \/><\/p>\n<p><strong>Condivisione del rischio<\/strong><br \/>\nLe partnership permettono alle aziende coinvolte di compensare la loro esposizione al mercato. Le alleanze strategiche probabilmente funzionano meglio se i portafogli delle aziende si completano a vicenda, ma non competono direttamente.<\/p>\n<p><strong>Condividere il know-how<\/strong><br \/>\nLa condivisione delle competenze (distribuzione, marketing, gestione), dei marchi, della conoscenza del mercato, del know-how tecnico e dei beni porta ad effetti di sinergia, che si traducono in una messa in comune delle risorse che ha maggiore valore delle distinte risorse individuali nella societ\u00e0 interessata.<\/p>\n<p><strong>Opportunit\u00e0 di crescita<\/strong><\/p>\n<p>L&#8217;uso delle reti di distribuzione del partner, combinato con lo sfruttamento di una buona immagine di marca, pu\u00f2 aiutare un&#8217;impresa a crescere pi\u00f9 velocemente di quanto farebbe da sola. La crescita organica di un business pu\u00f2 spesso non essere sufficiente a soddisfare i requisiti strategici di un&#8217;azienda, il che significa che un&#8217;impresa spesso non pu\u00f2 crescere ed espandersi abbastanza velocemente senza l&#8217;esperienza e il supporto dei partner<\/p>\n<p><strong>Velocit\u00e0 di accesso al mercato<\/strong><br \/>\nLa velocit\u00e0 di accesso al mercato \u00e8 un fattore chiave di successo nei mercati competitivi di oggi e il partner giusto pu\u00f2 contribuire a migliorare nettamente questa situazione<\/p>\n<p><strong>Complessit\u00e0<\/strong><br \/>\nPi\u00f9 la complessit\u00e0 aumenta,\u00a0 pi\u00f9 \u00e8 difficile gestire tutti i requisiti e le sfide che un&#8217;azienda deve affrontare. Mettere in comune le competenze e le conoscenze pu\u00f2 quindi aiutare a servire meglio i clienti.<\/p>\n<p><strong>Innovazione<\/strong><br \/>\nLe parti di un&#8217;alleanza possono determinare congiuntamente i risultati che vogliono raggiungere e sviluppare un contratto di collaborazione comporta un incentivo destinato a stimolare gli investimenti nell&#8217;innovazione.<\/p>\n<p><strong>Costi<\/strong><br \/>\nI partner possono contribuire a ridurre i costi, in particolare nelle aree non profit come la ricerca e lo sviluppo.<\/p>\n<p><strong>Accesso alle risorse<\/strong><br \/>\nI partner in un&#8217;alleanza strategica possono aiutarsi a vicenda fornendo accesso a risorse (personale, finanza, tecnologia) che permettono al partner di produrre i propri prodotti di qualit\u00e0 migliore o in modo pi\u00f9 economico.<\/p>\n<p><strong>Accesso ai mercati di destinazione<\/strong><br \/>\nA volte lavorare con un partner locale \u00e8 l&#8217;unico modo per penetrare un mercato specifico. I paesi in via di sviluppo, in particolare, vogliono evitare lo sfruttamento delle loro risorse, il che rende difficile per le imprese straniere entrare in questi mercati.<\/p>\n<p><strong>Economie di scala<\/strong><br \/>\nQuando le aziende mettono in comune le loro risorse e permettono reciprocamente l&#8217;accesso alle capacit\u00e0 di produzione, si possono realizzare delle economie di scala.<\/p>\n<p>La cooperazione con strategie appropriate permette anche alle piccole aziende di lavorare insieme e competere con i concorrenti pi\u00f9 grandi.<\/p>\n<p><img loading=\"lazy\" decoding=\"async\" class=\"aligncenter wp-image-9618 size-full\" title=\"Alleanza strategica tra imprese, Alleanza strategica tra imprese, trasferimento, vendita di societ\u00e0 e azienda in Svizzera e Italia\" src=\"https:\/\/actoria.com\/ch-it\/wp-content\/uploads\/2020\/05\/Alliances.png\" alt=\"Alleanza strategica tra imprese, Alleanza strategica tra imprese, trasferimento, vendita di societ\u00e0 e azienda in Svizzera e Italia\" width=\"972\" height=\"791\" \/><\/p>\n<\/div><\/section><\/div>\n","protected":false},"excerpt":{"rendered":"<p>Vendita azienda Svizzera e Italia, trasferimento azienda Svizzera e Italia, vendita azienda Svizzera e Italia, acquisizione azienda Svizzera e Italia, vendita PMI Svizzera e Italia, vendita PMI Svizzera e Italia, successione PMI Svizzera e Italia, vendita azienda Svizzera e Italia, trovare un acquirente in Svizzera e in Italia<\/p>\n","protected":false},"author":2,"featured_media":18370,"parent":17743,"menu_order":0,"comment_status":"closed","ping_status":"closed","template":"","meta":{"footnotes":""},"class_list":["post-17762","page","type-page","status-publish","has-post-thumbnail","hentry"],"_links":{"self":[{"href":"https:\/\/actoria.com\/ch-it\/wp-json\/wp\/v2\/pages\/17762","targetHints":{"allow":["GET"]}}],"collection":[{"href":"https:\/\/actoria.com\/ch-it\/wp-json\/wp\/v2\/pages"}],"about":[{"href":"https:\/\/actoria.com\/ch-it\/wp-json\/wp\/v2\/types\/page"}],"author":[{"embeddable":true,"href":"https:\/\/actoria.com\/ch-it\/wp-json\/wp\/v2\/users\/2"}],"replies":[{"embeddable":true,"href":"https:\/\/actoria.com\/ch-it\/wp-json\/wp\/v2\/comments?post=17762"}],"version-history":[{"count":0,"href":"https:\/\/actoria.com\/ch-it\/wp-json\/wp\/v2\/pages\/17762\/revisions"}],"up":[{"embeddable":true,"href":"https:\/\/actoria.com\/ch-it\/wp-json\/wp\/v2\/pages\/17743"}],"wp:featuredmedia":[{"embeddable":true,"href":"https:\/\/actoria.com\/ch-it\/wp-json\/wp\/v2\/media\/18370"}],"wp:attachment":[{"href":"https:\/\/actoria.com\/ch-it\/wp-json\/wp\/v2\/media?parent=17762"}],"curies":[{"name":"wp","href":"https:\/\/api.w.org\/{rel}","templated":true}]}}