{"id":17775,"date":"2021-11-18T16:58:31","date_gmt":"2021-11-18T15:58:31","guid":{"rendered":"https:\/\/actoria.com\/ch-it\/\/?page_id=17775"},"modified":"2022-08-12T17:40:39","modified_gmt":"2022-08-12T15:40:39","slug":"societa-mista-joint-venture","status":"publish","type":"page","link":"https:\/\/actoria.com\/ch-it\/sviluppare\/quali-soluzioni-di-sviluppo\/societa-mista-joint-venture\/","title":{"rendered":"Societ\u00e0 mista (Joint venture)"},"content":{"rendered":"<div id='av_section_1'  class='avia-section main_color avia-section-default avia-no-border-styling  avia-full-stretch avia-bg-style-fixed  avia-builder-el-0  el_before_av_one_full  avia-builder-el-first  header_page_section_title_wrapper  av-arrow-down-section av-minimum-height av-minimum-height-custom  container_wrap sidebar_right' style='background-repeat: no-repeat; background-image: url(https:\/\/actoria.com\/ch-it\/wp-content\/uploads\/2021\/12\/shutterstock-1-44-1500x1001.jpg);background-attachment: fixed; background-position: center center;  '  data-section-bg-repeat='stretch'><div class='container' style='height:660px'><main  role=\"main\" itemprop=\"mainContentOfPage\"  class='template-page content  av-content-small alpha units'><div class='post-entry post-entry-type-page post-entry-17775'><div class='entry-content-wrapper clearfix'>\n<div class='flex_column_table av-equal-height-column-flextable -flextable' ><div class=\"flex_column av_one_full  flex_column_table_cell av-equal-height-column av-align-bottom av-zero-column-padding first  avia-builder-el-1  avia-builder-el-no-sibling  header_page_section_title \" style='border-radius:0px; ' id=\"header_page_section_title\" ><p><br \/>\n<div  style='padding-bottom:5px; margin:0 0 0 0; color:#ffffff;' class='av-special-heading av-special-heading-h1 custom-color-heading   avia-builder-el-3  el_after_av_codeblock  avia-builder-el-last  '><h1 class='av-special-heading-tag '  itemprop=\"headline\"  >Societ\u00e0 mista (Joint venture)<\/h1><div class='special-heading-border'><div class='special-heading-inner-border' style='border-color:#ffffff'><\/div><\/div><\/div><\/p><\/div><\/div><!--close column table wrapper. Autoclose: 1 --><\/div><\/div><\/main><!-- close content main element --><\/div><div class='av-extra-border-element border-extra-arrow-down'><div class='av-extra-border-outer'><div class='av-extra-border-inner'  style='background-color:#ffffff;' ><\/div><\/div><\/div><\/div><div id='after_section_1'  class='main_color av_default_container_wrap container_wrap sidebar_right' style=' '  ><div class='container' ><div class='template-page content  av-content-small alpha units'><div class='post-entry post-entry-type-page post-entry-17775'><div class='entry-content-wrapper clearfix'><div class=\"flex_column av_one_full  flex_column_div av-zero-column-padding first  avia-builder-el-4  el_after_av_section  avia-builder-el-no-sibling  \" style='border-radius:0px; '><section class=\"av_textblock_section \"  itemscope=\"itemscope\" itemtype=\"https:\/\/schema.org\/CreativeWork\" ><div class='avia_textblock  '   itemprop=\"text\" ><h2><\/h2>\n<h2>Che cos&#8217;\u00e8 una joint-venture (JV) ?<\/h2>\n<p><img loading=\"lazy\" decoding=\"async\" class=\"alignleft wp-image-17777 size-medium\" title=\"Societ\u00e0 mista (Joint venture), trasferimento di societ\u00e0 in Svizzera\" src=\"https:\/\/actoria.com\/ch-it\/\/wp-content\/uploads\/2021\/11\/shutterstock-1-16-300x200.jpg\" alt=\"Societ\u00e0 mista (Joint venture), trasferimento di societ\u00e0 in Svizzera\" width=\"300\" height=\"200\" \/><\/p>\n<p>Una joint-venture (JV, associazione temporanea di imprese) \u00e8 un accordo commerciale in cui due o pi\u00f9 imprese <strong>combinano le loro risorse<\/strong> per ottenere un <strong>vantaggio tattico e strategico sul mercato<\/strong>.<\/p>\n<p>Le aziende in Svizzera spesso entrano in una joint venture per perseguire <strong>progetti specifici<\/strong>.<\/p>\n<p>La societ\u00e0 mista in Svizzera pu\u00f2 consistere in un nuovo progetto con prodotti o servizi simili o pu\u00f2 comportare la creazione di una societ\u00e0 completamente nuova con differenti attivit\u00e0 principali.<\/p>\n<p>Le aziende iniziano una joint venture attraverso un <strong>accordo contrattuale tra\u00a0 le parti coinvolte<\/strong>. I profitti e le perdite dell&#8217;impresa sono condivisi dai partecipanti.<\/p>\n<h2>I vantaggi principali delle societ\u00e0 miste (joint-venture)<\/h2>\n<p>Una societ\u00e0 mista (joint-venture) in Svizzera offre diversi vantaggi ai suoi partecipanti. Pu\u00f2 aiutare un&#8217;azienda a crescere pi\u00f9 velocemente, ad aumentare la produttivit\u00e0 e generare benefici supplementari.<\/p>\n<h3>Investimento condiviso<\/h3>\n<p>Ciascuna delle parti della societ\u00e0 contribuisce al progetto con un determinato importo di capitale iniziale, secondo i termini dell&#8217;accordo di partnership, <strong>alleggerendo cos\u00ec parte dell&#8217;onere finanziario<\/strong> imposto a ciascuna societ\u00e0 in Svizzera.<\/p>\n<h3>Spese condivise<\/h3>\n<p>Ogni parte condivide un <strong>bacino comune di risorse<\/strong>, il che pu\u00f2 ridurre i costi in generale.<\/p>\n<h3>Competenza tecnica e know-how<\/h3>\n<p>Ciascuna parte della joint venture spesso apporta <strong>competenze e conoscenze specifiche<\/strong>, il che aiuta a rendere la societ\u00e0 mista (joint venture) abbastanza forte da muoversi in modo aggressivo verso una direzione specifica.<\/p>\n<h3>Nuova penetrazione del mercato<\/h3>\n<p><img loading=\"lazy\" decoding=\"async\" class=\"alignleft wp-image-17781 size-medium\" title=\"Societ\u00e0 mista (Joint venture), trasferimento di societ\u00e0 in Svizzera\" src=\"https:\/\/actoria.com\/ch-it\/\/wp-content\/uploads\/2021\/11\/shutterstock-1-17-300x200.jpg\" alt=\"Societ\u00e0 mista (Joint venture), trasferimento di societ\u00e0 in Svizzera\" width=\"300\" height=\"200\" \/><\/p>\n<p>Una societ\u00e0 mista (joint venture) pu\u00f2 consentire alle aziende in Svizzera di entrare in un nuovo mercato molto rapidamente, poich\u00e9 tutte le normative e la logistica pertinenti sono gestite dall&#8217;attore locale.<\/p>\n<p>Un <strong>accordo di societ\u00e0 mista (joint venture) internazionale<\/strong> \u00e8 un accordo tra una societ\u00e0 con sede nel paese &#8220;A&#8221; e una societ\u00e0 con sede nel paese &#8220;B&#8221; che vuole ottenere l&#8217;accesso al mercato nel paese &#8220;A&#8221;.<\/p>\n<p>Con la creazione della societ\u00e0 mista (joint venture), le aziende in Svizzera sono in grado di espandere il loro portafoglio di prodotti e le dimensioni del mercato, e l&#8217;azienda del paese B ottiene un facile accesso al mercato del paese A.<\/p>\n<h3>Nuove fonti di guadagno<\/h3>\n<p>Le piccole imprese in Svizzera si confrontano spesso con risorse e capitali limitati per i progetti di crescita.<\/p>\n<p>Entrando in una joint venture con un&#8217;azienda pi\u00f9 grande con <strong>pi\u00f9 risorse finanziarie<\/strong>, la piccola azienda pu\u00f2 crescere pi\u00f9 velocemente.<\/p>\n<p>I canali di distribuzione estesi dell&#8217;azienda pi\u00f9 grande possono anche fornire alla piccola azienda dei flussi di entrate pi\u00f9 grandi e\/o pi\u00f9 diversificati.<\/p>\n<h3>Guadagni di propriet\u00e0 intellettuale<\/h3>\n<p>Le tecnologie avanzate sono spesso difficili da creare internamente per le aziende.<\/p>\n<p>Pertanto, le aziende in Svizzera entrano spesso in una societ\u00e0 mista (joint venture) con aziende ricche di tecnologia <strong>per accedere a questi beni senza dover spendere tempo e denaro <\/strong>per sviluppare i beni per se stessi.<\/p>\n<p>Una grande azienda con un buon accesso ai finanziamenti pu\u00f2 contribuire con la sua forza di capitale circolante a una societ\u00e0 mista (joint venture) con un&#8217;azienda che ha solo capacit\u00e0 finanziarie limitate ma pu\u00f2 fornire la tecnologia chiave per lo sviluppo di prodotti o servizi.<\/p>\n<h3>Benefici della sinergia<\/h3>\n<p>Le joint venture in Svizzera possono offrire lo stesso tipo di benefici di sinergia che le aziende spesso cercano in fusioni e acquisizioni &#8211; sia la <strong>sinergia finanziaria<\/strong> che abbassa il costo del capitale, sia la <strong>sinergia operativa<\/strong> dove due aziende che lavorano insieme aumentano l&#8217;efficienza operativa.<\/p>\n<h3>Maggiore credibilit\u00e0<\/h3>\n<p>Di solito ci vuole molto tempo per una giovane azienda in Svizzera per costruire una credibilit\u00e0 sul mercato e una forte base di clienti.<\/p>\n<p>Per queste aziende, formare una societ\u00e0 mista (joint venture) con un <strong>marchio pi\u00f9 grande e conosciuto<\/strong> pu\u00f2 aiutarle a raggiungere pi\u00f9 rapidamente una maggiore visibilit\u00e0 e credibilit\u00e0 sul mercato.<\/p>\n<h3>Ostacolare la concorrenza<\/h3>\n<p>Una delle ragioni per creare societ\u00e0 mista in Svizzera \u00e8 anche quella di <strong>evitare la concorrenza e la pressione sui prezzi<\/strong>.<\/p>\n<p>Attraverso la collaborazione con altre imprese, le aziende possono talvolta erigere efficacemente barriere ai concorrenti che rendono difficile il loro ingresso sul mercato.<\/p>\n<h3>Migliori economie di scala<\/h3>\n<p>Una societ\u00e0 pi\u00f9 grande beneficia sempre di economie di scala, di cui beneficiano comunque tutte le parti della societ\u00e0 mista.<\/p>\n<p>Questo si riferisce alla nozione di sinergia operativa.<\/p>\n<\/div><\/section><\/div><\/p>\n","protected":false},"excerpt":{"rendered":"<p>Vendita azienda Svizzera e Italia, trasferimento azienda Svizzera e Italia, vendita azienda Svizzera e Italia, acquisizione azienda Svizzera e Italia, vendita PMI Svizzera e Italia, vendita PMI Svizzera e Italia, successione PMI Svizzera e Italia, vendita azienda Svizzera e Italia, trovare un acquirente in Svizzera e in Italia<\/p>\n","protected":false},"author":2,"featured_media":18374,"parent":17743,"menu_order":0,"comment_status":"closed","ping_status":"closed","template":"","meta":{"footnotes":""},"class_list":["post-17775","page","type-page","status-publish","has-post-thumbnail","hentry"],"_links":{"self":[{"href":"https:\/\/actoria.com\/ch-it\/wp-json\/wp\/v2\/pages\/17775","targetHints":{"allow":["GET"]}}],"collection":[{"href":"https:\/\/actoria.com\/ch-it\/wp-json\/wp\/v2\/pages"}],"about":[{"href":"https:\/\/actoria.com\/ch-it\/wp-json\/wp\/v2\/types\/page"}],"author":[{"embeddable":true,"href":"https:\/\/actoria.com\/ch-it\/wp-json\/wp\/v2\/users\/2"}],"replies":[{"embeddable":true,"href":"https:\/\/actoria.com\/ch-it\/wp-json\/wp\/v2\/comments?post=17775"}],"version-history":[{"count":0,"href":"https:\/\/actoria.com\/ch-it\/wp-json\/wp\/v2\/pages\/17775\/revisions"}],"up":[{"embeddable":true,"href":"https:\/\/actoria.com\/ch-it\/wp-json\/wp\/v2\/pages\/17743"}],"wp:featuredmedia":[{"embeddable":true,"href":"https:\/\/actoria.com\/ch-it\/wp-json\/wp\/v2\/media\/18374"}],"wp:attachment":[{"href":"https:\/\/actoria.com\/ch-it\/wp-json\/wp\/v2\/media?parent=17775"}],"curies":[{"name":"wp","href":"https:\/\/api.w.org\/{rel}","templated":true}]}}