{"id":17784,"date":"2021-11-18T17:03:47","date_gmt":"2021-11-18T16:03:47","guid":{"rendered":"https:\/\/actoria.com\/ch-it\/\/?page_id=17784"},"modified":"2022-08-12T17:39:52","modified_gmt":"2022-08-12T15:39:52","slug":"fusioni-tra-aziende","status":"publish","type":"page","link":"https:\/\/actoria.com\/ch-it\/sviluppare\/quali-soluzioni-di-sviluppo\/fusioni-tra-aziende\/","title":{"rendered":"Fusioni tra aziende"},"content":{"rendered":"<div id='av_section_1'  class='avia-section main_color avia-section-default avia-no-border-styling  avia-full-stretch avia-bg-style-fixed  avia-builder-el-0  el_before_av_one_full  avia-builder-el-first  header_page_section_title_wrapper  av-arrow-down-section av-minimum-height av-minimum-height-custom  container_wrap sidebar_right' style='background-repeat: no-repeat; background-image: url(https:\/\/actoria.com\/ch-it\/wp-content\/uploads\/2022\/08\/shutterstock-1-6.jpg);background-attachment: fixed; background-position: center center;  '  data-section-bg-repeat='stretch'><div class='container' style='height:660px'><main  role=\"main\" itemprop=\"mainContentOfPage\"  class='template-page content  av-content-small alpha units'><div class='post-entry post-entry-type-page post-entry-17784'><div class='entry-content-wrapper clearfix'>\n<div class='flex_column_table av-equal-height-column-flextable -flextable' ><div class=\"flex_column av_one_full  flex_column_table_cell av-equal-height-column av-align-bottom av-zero-column-padding first  avia-builder-el-1  avia-builder-el-no-sibling  header_page_section_title \" style='border-radius:0px; ' id=\"header_page_section_title\" ><p><br \/>\n<div  style='padding-bottom:5px; margin:0 0 0 0; color:#ffffff;' class='av-special-heading av-special-heading-h1 custom-color-heading   avia-builder-el-3  el_after_av_codeblock  avia-builder-el-last  '><h1 class='av-special-heading-tag '  itemprop=\"headline\"  >Fusioni<\/h1><div class='special-heading-border'><div class='special-heading-inner-border' style='border-color:#ffffff'><\/div><\/div><\/div><\/p><\/div><\/div><!--close column table wrapper. Autoclose: 1 -->\n<\/div><\/div><\/main><!-- close content main element --><\/div><div class='av-extra-border-element border-extra-arrow-down'><div class='av-extra-border-outer'><div class='av-extra-border-inner'  style='background-color:#ffffff;' ><\/div><\/div><\/div><\/div><div id='after_section_1'  class='main_color av_default_container_wrap container_wrap sidebar_right' style=' '  ><div class='container' ><div class='template-page content  av-content-small alpha units'><div class='post-entry post-entry-type-page post-entry-17784'><div class='entry-content-wrapper clearfix'>\n<div class=\"flex_column av_one_full  flex_column_div av-zero-column-padding first  avia-builder-el-4  el_after_av_section  avia-builder-el-no-sibling  \" style='border-radius:0px; '><section class=\"av_textblock_section \"  itemscope=\"itemscope\" itemtype=\"https:\/\/schema.org\/CreativeWork\" ><div class='avia_textblock  '   itemprop=\"text\" ><h1>Che cos&#8217;\u00e8 una fusione?<\/h1>\n<p><img loading=\"lazy\" decoding=\"async\" class=\"alignleft wp-image-17788 size-medium\" title=\"Fusioni tra aziende, Fusioni tra aziende, trasferimento, vendita di societ\u00e0 e azienda in Svizzera e Italia\" src=\"https:\/\/actoria.com\/ch-it\/wp-content\/uploads\/2021\/11\/shutterstock-1-19-300x300.jpg\" alt=\"Fusioni tra aziende, Fusioni tra aziende, trasferimento, vendita di societ\u00e0 e azienda in Svizzera e Italia\" width=\"300\" height=\"300\" srcset=\"https:\/\/actoria.com\/ch-it\/wp-content\/uploads\/2021\/11\/shutterstock-1-19-300x300.jpg 300w, https:\/\/actoria.com\/ch-it\/wp-content\/uploads\/2021\/11\/shutterstock-1-19-1030x1030.jpg 1030w, https:\/\/actoria.com\/ch-it\/wp-content\/uploads\/2021\/11\/shutterstock-1-19-80x80.jpg 80w, https:\/\/actoria.com\/ch-it\/wp-content\/uploads\/2021\/11\/shutterstock-1-19-768x768.jpg 768w, https:\/\/actoria.com\/ch-it\/wp-content\/uploads\/2021\/11\/shutterstock-1-19-1536x1536.jpg 1536w, https:\/\/actoria.com\/ch-it\/wp-content\/uploads\/2021\/11\/shutterstock-1-19-36x36.jpg 36w, https:\/\/actoria.com\/ch-it\/wp-content\/uploads\/2021\/11\/shutterstock-1-19-180x180.jpg 180w, https:\/\/actoria.com\/ch-it\/wp-content\/uploads\/2021\/11\/shutterstock-1-19-1500x1500.jpg 1500w, https:\/\/actoria.com\/ch-it\/wp-content\/uploads\/2021\/11\/shutterstock-1-19-705x705.jpg 705w, https:\/\/actoria.com\/ch-it\/wp-content\/uploads\/2021\/11\/shutterstock-1-19.jpg 1600w\" sizes=\"auto, (max-width: 300px) 100vw, 300px\" \/><\/p>\n<p>Una fusione \u00e8 una strategia aziendale in Svizzera che consiste nell&#8217;integrarsi con un&#8217;altra societ\u00e0 e operare come un&#8217;unica entit\u00e0 legale.<\/p>\n<p>Le aziende in Svizzera che accettano di fondersi sono generalmente uguali in termini di\u00a0 dimensioni e scala di operazioni.<\/p>\n<h2>Tipi di fusione<\/h2>\n<h3><strong>1. Fusione di competitor ed estensioni di prodotto<\/strong><\/h3>\n<p>Queste fusioni avvengono tra imprese operanti <strong>nello stesso mercato<\/strong>. La fusione comporta l&#8217;aggiunta di un nuovo prodotto alla linea di prodotti esistente di un&#8217;azienda.<\/p>\n<p>Grazie all&#8217;unione, le aziende in Svizzera possono accedere a una base clienti pi\u00f9 ampia e aumentare la propria quota di mercato.<\/p>\n<h3><strong>2. Fusioni conglomerali<\/strong><\/h3>\n<p>La fusione di conglomerati \u00e8 un&#8217;unione di societ\u00e0 in Svizzera con attivit\u00e0 non correlate.<\/p>\n<p>L&#8217;unione avr\u00e0 luogo solo se aumenter\u00e0 la ricchezza degli azionisti.<\/p>\n<h3><strong>3. Fusione per espansione di mercato<\/strong><\/h3>\n<p>Le aziende svizzere che operano in <strong>mercati divers<\/strong>i, ma che vendono gli stessi prodotti, si fondono per avere accesso a un mercato pi\u00f9 grande e a una base di clienti pi\u00f9 ampia.<\/p>\n<h3><strong>4. Fusione orizzontale<\/strong><\/h3>\n<p>Le aziende in Svizzera che operano in mercati diversi, ma che vendono gli stessi <strong>prodotti<\/strong>, si aggregano per accedere a un mercato pi\u00f9 ampio e a una base di clienti pi\u00f9 ampia.<\/p>\n<h3><strong>5. Fusione verticale<\/strong><\/h3>\n<p>Una fusione verticale si verifica quando aziende in Svizzera che operano <strong>nello stesso settore<\/strong>, ma a diversi livelli della filiera, si fondono.<\/p>\n<p>Queste fusioni hanno l&#8217;effetto di aumentare le sinergie, il controllo della catena di approvvigionamento e l&#8217;efficienza.<\/p>\n<h2>Vantaggi di una fusione<\/h2>\n<h3><strong>1. Aumenta la quota di mercato<\/strong><\/h3>\n<p>Quando le aziende in Svizzera si fondono, la nuova azienda guadagna una quota di mercato maggiore e <strong>vantaggio sulla concorrenza<\/strong>.<\/p>\n<h3><strong>2. Ridurre i costi operativi<\/strong><\/h3>\n<p>Le aziende in Svizzera possono attuare <strong>economie di scala<\/strong>, ad esempio acquistando materie prime all&#8217;ingrosso, il che pu\u00f2 portare a una riduzione dei costi. Gli investimenti in beni sono ora ripartiti su una produzione pi\u00f9 consistente, con conseguente risparmio.<\/p>\n<h3><strong>3. Evitare la replicazione<\/strong><\/h3>\n<p>Alcune aziende in Svizzera che producono prodotti simili possono fondersi per <strong>evitare doppioni <\/strong>ed eliminare la concorrenza. Questo si traduce anche in prezzi pi\u00f9 bassi per i clienti.<\/p>\n<h3><strong>4. Espansione dell&#8217;attivit\u00e0 in nuove aree geografiche<\/strong><\/h3>\n<p>Un&#8217;impresa in Svizzera che vuole <strong>espandere la propria attivit\u00e0 in una determinata area geografica,<\/strong> pu\u00f2 fondersi con un&#8217;altra azienda simile che opera in quell&#8217;area per avviare la sua attivit\u00e0.<\/p>\n<h3><strong>5. Previene la chiusura di un&#8217;attivit\u00e0 non redditizia<\/strong><\/h3>\n<p>Le fusioni in Svizzera possono<strong> evitare il fallimento<\/strong> di un&#8217;azienda e salvare molti posti di lavoro.<\/p>\n<h2>Obiettivi di fusione<\/h2>\n<h3>Fusione per unione<\/h3>\n<p><img loading=\"lazy\" decoding=\"async\" class=\"aligncenter wp-image-9622 size-full\" title=\"Fusione, trasmissione d'azienda in Svizzera\" src=\"https:\/\/actoria.com\/ch-it\/wp-content\/uploads\/2020\/05\/fusion-r\u00e9union.png\" alt=\"Fusione, trasmissione d'azienda in Svizzera\" width=\"1016\" height=\"674\" \/><\/p>\n<h3>Fusione per incorporazione<\/h3>\n<p><img loading=\"lazy\" decoding=\"async\" class=\"aligncenter wp-image-9624 size-full\" title=\"Fusione, trasmissione d'azienda in Belgio\" src=\"https:\/\/actoria.com\/ch-it\/wp-content\/uploads\/2020\/05\/fusions-absoptions.png\" alt=\"Fusione, trasmissione d'azienda in Belgio\" width=\"1021\" height=\"676\" \/><\/p>\n<\/div><\/section><\/div>\n","protected":false},"excerpt":{"rendered":"<p>Vendita azienda Svizzera e Italia, trasferimento azienda Svizzera e Italia, vendita azienda Svizzera e Italia, acquisizione azienda Svizzera e Italia, vendita PMI Svizzera e Italia, vendita PMI Svizzera e Italia, successione PMI Svizzera e Italia, vendita azienda Svizzera e Italia, trovare un acquirente in Svizzera e in Italia<\/p>\n","protected":false},"author":2,"featured_media":18350,"parent":17743,"menu_order":0,"comment_status":"closed","ping_status":"closed","template":"","meta":{"footnotes":""},"class_list":["post-17784","page","type-page","status-publish","has-post-thumbnail","hentry"],"_links":{"self":[{"href":"https:\/\/actoria.com\/ch-it\/wp-json\/wp\/v2\/pages\/17784","targetHints":{"allow":["GET"]}}],"collection":[{"href":"https:\/\/actoria.com\/ch-it\/wp-json\/wp\/v2\/pages"}],"about":[{"href":"https:\/\/actoria.com\/ch-it\/wp-json\/wp\/v2\/types\/page"}],"author":[{"embeddable":true,"href":"https:\/\/actoria.com\/ch-it\/wp-json\/wp\/v2\/users\/2"}],"replies":[{"embeddable":true,"href":"https:\/\/actoria.com\/ch-it\/wp-json\/wp\/v2\/comments?post=17784"}],"version-history":[{"count":0,"href":"https:\/\/actoria.com\/ch-it\/wp-json\/wp\/v2\/pages\/17784\/revisions"}],"up":[{"embeddable":true,"href":"https:\/\/actoria.com\/ch-it\/wp-json\/wp\/v2\/pages\/17743"}],"wp:featuredmedia":[{"embeddable":true,"href":"https:\/\/actoria.com\/ch-it\/wp-json\/wp\/v2\/media\/18350"}],"wp:attachment":[{"href":"https:\/\/actoria.com\/ch-it\/wp-json\/wp\/v2\/media?parent=17784"}],"curies":[{"name":"wp","href":"https:\/\/api.w.org\/{rel}","templated":true}]}}