{"id":17791,"date":"2021-11-18T17:21:57","date_gmt":"2021-11-18T16:21:57","guid":{"rendered":"https:\/\/actoria.com\/ch-it\/\/?page_id=17791"},"modified":"2022-08-12T17:39:10","modified_gmt":"2022-08-12T15:39:10","slug":"acquisizione-di-azienda","status":"publish","type":"page","link":"https:\/\/actoria.com\/ch-it\/sviluppare\/quali-soluzioni-di-sviluppo\/acquisizione-di-azienda\/","title":{"rendered":"Acquisizione di azienda"},"content":{"rendered":"<div id='av_section_1'  class='avia-section main_color avia-section-default avia-no-border-styling  avia-full-stretch avia-bg-style-fixed  avia-builder-el-0  el_before_av_one_full  avia-builder-el-first  header_page_section_title_wrapper  av-arrow-down-section av-minimum-height av-minimum-height-custom  container_wrap sidebar_right' style='background-repeat: no-repeat; background-image: url(https:\/\/actoria.com\/ch-it\/wp-content\/uploads\/2021\/12\/shutterstock-1-43-1000x423.jpg);background-attachment: fixed; background-position: center center;  '  data-section-bg-repeat='stretch'><div class='container' style='height:660px'><main  role=\"main\" itemprop=\"mainContentOfPage\"  class='template-page content  av-content-small alpha units'><div class='post-entry post-entry-type-page post-entry-17791'><div class='entry-content-wrapper clearfix'>\n<div class='flex_column_table av-equal-height-column-flextable -flextable' ><div class=\"flex_column av_one_full  flex_column_table_cell av-equal-height-column av-align-bottom av-zero-column-padding first  avia-builder-el-1  avia-builder-el-no-sibling  header_page_section_title \" style='border-radius:0px; ' id=\"header_page_section_title\" ><p><br \/>\n<div  style='padding-bottom:5px; margin:0 0 0 0; color:#ffffff;' class='av-special-heading av-special-heading-h1 custom-color-heading   avia-builder-el-3  el_after_av_codeblock  avia-builder-el-last  '><h1 class='av-special-heading-tag '  itemprop=\"headline\"  >Acquisizione di azienda<\/h1><div class='special-heading-border'><div class='special-heading-inner-border' style='border-color:#ffffff'><\/div><\/div><\/div><\/p><\/div><\/div><!--close column table wrapper. Autoclose: 1 -->\n<\/div><\/div><\/main><!-- close content main element --><\/div><div class='av-extra-border-element border-extra-arrow-down'><div class='av-extra-border-outer'><div class='av-extra-border-inner'  style='background-color:#ffffff;' ><\/div><\/div><\/div><\/div><div id='after_section_1'  class='main_color av_default_container_wrap container_wrap sidebar_right' style=' '  ><div class='container' ><div class='template-page content  av-content-small alpha units'><div class='post-entry post-entry-type-page post-entry-17791'><div class='entry-content-wrapper clearfix'>\n<div class=\"flex_column av_one_full  flex_column_div av-zero-column-padding first  avia-builder-el-4  el_after_av_section  avia-builder-el-no-sibling  \" style='border-radius:0px; '><section class=\"av_textblock_section \"  itemscope=\"itemscope\" itemtype=\"https:\/\/schema.org\/CreativeWork\" ><div class='avia_textblock  '   itemprop=\"text\" ><h3>Definizione di <b>acquisizione<\/b> di <b>azienda<\/b><\/h3>\n<p><img loading=\"lazy\" decoding=\"async\" class=\"alignleft wp-image-17793 size-medium\" title=\"Acquisizione di azienda, Acquisizione di azienda, trasferimento, vendita di societ\u00e0 e azienda in Svizzera e Italia\" src=\"https:\/\/actoria.com\/ch-it\/wp-content\/uploads\/2021\/11\/shutterstock-1-21-300x200.jpg\" alt=\"Acquisizione di azienda, Acquisizione di azienda, trasferimento, vendita di societ\u00e0 e azienda in Svizzera e Italia\" width=\"300\" height=\"200\" \/><\/p>\n<p>Un&#8217;acquisizione di azienda \u00e8 definita in Svizzera come una <strong>transazione<\/strong> commerciale in cui una societ\u00e0 acquista tutte o parte delle azioni o dei beni di un&#8217;altra societ\u00e0.<\/p>\n<p>Le acquisizioni di aziende in Svizzera sono generalmente effettuate al fine di prendere il controllo dei punti di forza dell&#8217;azienda target, di sfruttarli e di beneficiare delle sinergie.<\/p>\n<p>Questo in Svizzera \u00e8 un procedimento\u00a0 per sfruttare i punti di forza dell&#8217;attivit\u00e0 acquisita.<\/p>\n<p>Il risultato finale \u00e8 una <strong>crescita dell&#8217;azienda che acquisisce pi\u00f9 rapida e pi\u00f9 redditizia<\/strong> di quanto la normale crescita organica permetterebbe.<\/p>\n<p>Il processo in Svizzera inizia con la definizione del tipo di azienda che costituirebbe una buona acquisizione.<\/p>\n<p>In generale, in Svizzera, si prendono di mira quelle aziende che si trovano <strong>nello stesso segmento o in un segmento di mercato complementare.<\/strong><\/p>\n<p>Una volta definito il tipo di obiettivo, ci si propone alla societ\u00e0 target e, in caso di manifestazione d&#8217;interesse, si procede alla <em>due diligence<\/em> per verificare le condizioni finanziarie e di altro genere dell&#8217;azienda.<\/p>\n<p>Verranno valutati i processi, il personale e i prodotti\/servizi del target e verranno mantenuti gli elementi pi\u00f9 performanti.<\/p>\n<p>Una semplice acquisizione di attivit\u00e0 in Svizzera si riferisce a una societ\u00e0 che <strong>acquista i beni e le attivit\u00e0 di un&#8217;altra societ\u00e0 e assorbe ci\u00f2 che \u00e8 valido, <\/strong>eliminando semplicemente elementi duplicati o non necessari dell&#8217;attivit\u00e0 acquisita.<\/p>\n<p>L&#8217;acquisizione di beni (in contrapposizione alle acquisizioni di titoli, azioni o quote societarie) in Svizzera consiste nell&#8217;acquisto di un&#8217;azienda per ottenere uno o due beni dell&#8217;azienda (ad esempio: portafoglio clienti, inventario, marchio&#8230;).<\/p>\n<h3>Vantaggi delle acquisizioni<\/h3>\n<p>Le acquisizioni di aziende in Svizzera hanno i seguenti vantaggi per l&#8217;acquirente:<\/p>\n<p><strong>Riduzione di barriere all&#8217;accesso<\/strong><\/p>\n<p>Attraverso le acquisizioni, un&#8217;azienda in Svizzera pu\u00f2 entrare immediatamente in nuovi mercati e linee di prodotti con un marchio gi\u00e0 riconosciuto, con una buona reputazione e disponendo di una clientela gi\u00e0 esistente.<\/p>\n<p>Un&#8217;acquisizione di azienda pu\u00f2 aiutare a superare gli ostacoli d&#8217;accesso nel\u00a0 mercato prima difficili da superare.<\/p>\n<p>L&#8217;ingresso nel mercato pu\u00f2 essere un progetto costoso per le piccole imprese a causa delle spese per gli studi di mercato, lo sviluppo di nuovi prodotti e il tempo necessario per costruire una base di clientela importante.<\/p>\n<p><strong>Potere di mercato<\/strong><\/p>\n<p>Un&#8217;acquisizione pu\u00f2 aiutare ad aumentare rapidamente la quota di mercato della vostra azienda in Svizzera.<\/p>\n<p>Anche se c&#8217;\u00e8 molta concorrenza, la crescita per acquisizione pu\u00f2 aiutarti a ottenere un vantaggio competitivo sul mercato.<\/p>\n<p><strong>Nuove competenze e risorse<\/strong><\/p>\n<p>Un&#8217;azienda in Svizzera pu\u00f2 scegliere di rilevare altre aziende per acquisire competenze e risorse che attualmente non possiede.<\/p>\n<p>Questo approccio pu\u00f2 presentare numerosi vantaggi, come una rapida crescita dei ricavi o un miglioramento della situazione finanziaria a lungo termine, rendendo pi\u00f9 facile la raccolta di fondi per strategie di crescita.<\/p>\n<p>L&#8217;espansione e la diversit\u00e0 possono anche aiutare un&#8217;azienda a superare una recessione economica.<\/p>\n<p><strong>Accesso agli esperti<\/strong><\/p>\n<p>Quando le piccole imprese in Svizzera si associano ad aziende pi\u00f9 grandi, possono avere accesso a specialisti come esperti finanziari, legali o altre risorse umane.<\/p>\n<p><strong>Accesso al capitale<\/strong><\/p>\n<p>Dopo un&#8217;acquisizione, l&#8217;accesso al capitale come azienda pi\u00f9 grande \u00e8 migliorato.<\/p>\n<p>I proprietari di piccole imprese in Svizzera sono di solito costretti a investire il proprio denaro nella crescita del business, a causa della loro incapacit\u00e0 di accedere a grandi fondi di prestito.<\/p>\n<p>Tuttavia, un&#8217;acquisizione permette di disporre di un livello maggiore di capitale, che permette agli imprenditori di acquisire i fondi necessari senza dover attingere alle proprie tasche.<\/p>\n<p><strong>Nuove idee e prospettive<\/strong><\/p>\n<p>Le acquisizioni in Svizzera permettono spesso di costituire un nuovo team di esperti con nuove prospettive e nuove idee che si impegnano ad aiutare l&#8217;azienda a raggiungere i propri obiettivi.<\/p>\n<p><strong>Caso di studio: acquisizione di una societ\u00e0 informatica (IT):<\/strong><\/p>\n<p><img loading=\"lazy\" decoding=\"async\" class=\"aligncenter wp-image-9628 size-full\" title=\"Acquisizione di azienda, Acquisizione di azienda, trasferimento, vendita di societ\u00e0 e azienda in Svizzera e Italia\" src=\"https:\/\/actoria.com\/ch-it\/wp-content\/uploads\/2020\/05\/acquisition-entreprise.png\" alt=\"Acquisizione di azienda, Acquisizione di azienda, trasferimento, vendita di societ\u00e0 e azienda in Svizzera e Italia\" width=\"1006\" height=\"591\" \/><\/p>\n<\/div><\/section><\/div>\n","protected":false},"excerpt":{"rendered":"<p>Vendita azienda Svizzera e Italia, trasferimento azienda Svizzera e Italia, vendita azienda Svizzera e Italia, acquisizione azienda Svizzera e Italia, vendita PMI Svizzera e Italia, vendita PMI Svizzera e Italia, successione PMI Svizzera e Italia, vendita azienda Svizzera e Italia, trovare un acquirente in Svizzera e in Italia<\/p>\n","protected":false},"author":2,"featured_media":18347,"parent":17743,"menu_order":0,"comment_status":"closed","ping_status":"closed","template":"","meta":{"footnotes":""},"class_list":["post-17791","page","type-page","status-publish","has-post-thumbnail","hentry"],"_links":{"self":[{"href":"https:\/\/actoria.com\/ch-it\/wp-json\/wp\/v2\/pages\/17791","targetHints":{"allow":["GET"]}}],"collection":[{"href":"https:\/\/actoria.com\/ch-it\/wp-json\/wp\/v2\/pages"}],"about":[{"href":"https:\/\/actoria.com\/ch-it\/wp-json\/wp\/v2\/types\/page"}],"author":[{"embeddable":true,"href":"https:\/\/actoria.com\/ch-it\/wp-json\/wp\/v2\/users\/2"}],"replies":[{"embeddable":true,"href":"https:\/\/actoria.com\/ch-it\/wp-json\/wp\/v2\/comments?post=17791"}],"version-history":[{"count":0,"href":"https:\/\/actoria.com\/ch-it\/wp-json\/wp\/v2\/pages\/17791\/revisions"}],"up":[{"embeddable":true,"href":"https:\/\/actoria.com\/ch-it\/wp-json\/wp\/v2\/pages\/17743"}],"wp:featuredmedia":[{"embeddable":true,"href":"https:\/\/actoria.com\/ch-it\/wp-json\/wp\/v2\/media\/18347"}],"wp:attachment":[{"href":"https:\/\/actoria.com\/ch-it\/wp-json\/wp\/v2\/media?parent=17791"}],"curies":[{"name":"wp","href":"https:\/\/api.w.org\/{rel}","templated":true}]}}