{"id":17902,"date":"2021-11-25T20:21:17","date_gmt":"2021-11-25T19:21:17","guid":{"rendered":"https:\/\/actoria.com\/ch-it\/\/?page_id=17902"},"modified":"2022-08-12T16:01:11","modified_gmt":"2022-08-12T14:01:11","slug":"trasmissione-e-successione-dimpresa-nel-cantone-di-neuchatel","status":"publish","type":"page","link":"https:\/\/actoria.com\/ch-it\/organizzazione\/sedi\/trasmissione-e-successione-dimpresa-nel-cantone-di-neuchatel\/","title":{"rendered":"Trasmissione e successione d&#8217;impresa nel cantone di Neuch\u00e2tel"},"content":{"rendered":"<div id='av_section_1'  class='avia-section main_color avia-section-default avia-no-border-styling  avia-bg-style-fixed  avia-builder-el-0  el_before_av_one_full  avia-builder-el-first  header_page_section_title_wrapper  av-arrow-down-section av-minimum-height av-minimum-height-custom  container_wrap sidebar_right' style=' '  ><div class='container' style='height:660px'><main  role=\"main\" itemprop=\"mainContentOfPage\"  class='template-page content  av-content-small alpha units'><div class='post-entry post-entry-type-page post-entry-17902'><div class='entry-content-wrapper clearfix'>\n<div class='flex_column_table av-equal-height-column-flextable -flextable' ><div class=\"flex_column av_one_full  flex_column_table_cell av-equal-height-column av-align-bottom av-zero-column-padding first  avia-builder-el-1  avia-builder-el-no-sibling  header_page_section_title \" style='border-radius:0px; ' id=\"header_page_section_title\" ><p><br \/>\n<div  style='padding-bottom:5px; margin:0 0 0 0; color:#ffffff;' class='av-special-heading av-special-heading-h2 custom-color-heading   avia-builder-el-3  el_after_av_codeblock  avia-builder-el-last  '><h2 class='av-special-heading-tag '  itemprop=\"headline\"  >Trasmissione e successione d\u2019impresa nel cantone di Neuch\u00e2tel<\/h2><div class='special-heading-border'><div class='special-heading-inner-border' style='border-color:#ffffff'><\/div><\/div><\/div><\/p><\/div><\/div><!--close column table wrapper. Autoclose: 1 --><\/div><\/div><\/main><!-- close content main element --><\/div><div class='av-extra-border-element border-extra-arrow-down'><div class='av-extra-border-outer'><div class='av-extra-border-inner'  style='background-color:#ffffff;' ><\/div><\/div><\/div><\/div><div id='after_section_1'  class='main_color av_default_container_wrap container_wrap sidebar_right' style=' '  ><div class='container' ><div class='template-page content  av-content-small alpha units'><div class='post-entry post-entry-type-page post-entry-17902'><div class='entry-content-wrapper clearfix'><div class=\"flex_column av_one_full  flex_column_div av-zero-column-padding first  avia-builder-el-4  el_after_av_section  avia-builder-el-no-sibling  \" style='border-radius:0px; '><section class=\"av_textblock_section \"  itemscope=\"itemscope\" itemtype=\"https:\/\/schema.org\/CreativeWork\" ><div class='avia_textblock  '   itemprop=\"text\" ><h3 style=\"text-align: justify;\"><strong>Actoria Neuch\u00e2tel :<\/strong><\/h3>\n<p style=\"text-align: justify;\">Tel. : +41 (0)32 519 01 67<br \/>\nE-mail : info-neuchatel@actoria.ch<\/p>\n<h3 style=\"text-align: justify;\">Trasferimento di imprese e successione nel cantone di Neuch\u00e2tel: come preparare e trasferire la vostra impresa nel cantone di Neuch\u00e2tel?<\/h3>\n<p style=\"text-align: justify;\"><em>Trasferimento di imprese e successione nel cantone di Neuch\u00e2tel: come preparare e trasferire la vostra impresa nel cantone di Neuch\u00e2tel?<\/em><\/p>\n<h3 style=\"text-align: justify;\">Trasmissione e successione d&#8217;impresa nel cantone di Neuch\u00e2tel ed Economia<\/h3>\n<div id=\"attachment_16194\" style=\"width: 310px\" class=\"wp-caption alignleft\"><img loading=\"lazy\" decoding=\"async\" aria-describedby=\"caption-attachment-16194\" class=\"wp-image-16194 size-medium\" title=\"Trasmissione e successione d&rsquo;impresa nel cantone di Neuch\u00e2tel, Trasmissione e successione d&rsquo;impresa nel cantone di Neuch\u00e2tel, trasferimento, vendita di societ\u00e0 e azienda in Svizzera e Italia\" src=\"https:\/\/actoria.com\/ch-it\/wp-content\/uploads\/2021\/10\/Ville-de-Neuchatel-620x349-2-300x169.jpg\" alt=\"Trasmissione e successione d&rsquo;impresa nel cantone di Neuch\u00e2tel, Trasmissione e successione d&rsquo;impresa nel cantone di Neuch\u00e2tel, trasferimento, vendita di societ\u00e0 e azienda in Svizzera e Italia\" width=\"300\" height=\"169\" \/><p id=\"caption-attachment-16194\" class=\"wp-caption-text\">Trasferimento di imprese e sviluppo Neuch\u00e2tel, trasferimento di imprese in Svizzera<\/p><\/div>\n<p>Il cantone di Neuch\u00e2tel o R\u00e9publique et Canton de Neuch\u00e2tel (NE) aveva 177.964 abitanti nel dicembre 2018. La sua capitale \u00e8 Neuch\u00e2tel con 33.578 abitanti. Il cantone \u00e8 diviso in 6 distretti, ha 31 comuni al 1\u00b0 gennaio 2018, tra cui 5 citt\u00e0 con pi\u00f9 di 10.000 abitanti: Neuch\u00e2tel, La Chaux-de-Fonds (38.625 abitanti), Val-de-Ruz (16.907 abitanti), Val-de-Travers (10.745 abitanti) e Le Locle (10.389 abitanti). La lingua ufficiale del cantone \u00e8 il francese.<\/p>\n<p>Secondo fonti cantonali, nel 2016, il PIL di Neuch\u00e2tel ammontava a 15,2 miliardi di franchi. Il cantone di Neuch\u00e2tel ha il pi\u00f9 alto prodotto interno lordo (PIL) pro capite della Svizzera francese, dopo Ginevra.<\/p>\n<p>Nel 2016, il cantone di Neuch\u00e2tel aveva 86.500 posti di lavoro. Il settore terziario (commercio e servizi) rappresenta il maggior volume di posti di lavoro (65%). Questo \u00e8 seguito dal settore secondario, che rappresenta il 32,5% del volume di occupazione del cantone. Infine, il settore primario (agricoltura, silvicoltura, pesca) rappresenta il 2,5% del totale. Con il 44% del suo PIL proveniente dal settore secondario, il cantone di Neuch\u00e2tel \u00e8 uno dei cantoni pi\u00f9 industrializzati della Svizzera. La sola citt\u00e0 di Neuch\u00e2tel rappresenta circa un terzo di tutti i posti di lavoro del cantone (dato 2015).<\/p>\n<p>Il cantone di Neuch\u00e2tel \u00e8 la culla dell&#8217;industria orologiera svizzera. Dopo la crisi dell&#8217;orologeria degli anni 80, il territorio ha potuto diversificare il suo tessuto economico, pur rimanendo fedele alla sua tradizione industriale, dato che l&#8217;industria rappresenta il 40% del suo PIL. Dall&#8217;orologeria, Neuch\u00e2tel si \u00e8 diversificata e specializzata nella produzione di oggetti piccoli, precisi, affidabili e ad altissimo valore aggiunto nei settori degli strumenti di precisione, dell&#8217;elettronica e della microtecnologia. Nello stesso tempo in cui si \u00e8 orientato verso prodotti di nicchia, il cantone ha giocato la carta dell&#8217;esportazione (il cantone contribuisce per pi\u00f9 del 20% all&#8217;eccedenza della bilancia commerciale del paese).<\/p>\n<h3>Cosa c&#8217;\u00e8 in gioco quando si tratta di trasferire un&#8217;impresa nel cantone di Neuch\u00e2tel?<\/h3>\n<p>Come in altri cantoni svizzeri, il trasferimento di un&#8217;impresa nel cantone di Neuch\u00e2tel \u00e8 una questione territoriale fondamentale, poich\u00e9 la grande maggioranza (oltre il 99%) delle imprese svizzere sono piccole e medie imprese (PMI) e impiegano meno di 250 persone.<\/p>\n<p>Actoria \u00e8 l&#8217;unico operatore specializzato nelle PMI\/PMI che possiede tutte le competenze necessarie per un trasferimento d&#8217;impresa di successo in Svizzera (finanziarie ed economiche, giuridiche e fiscali, tecniche).<\/p>\n<p>La regione di Neuch\u00e2tel \u00e8 un luogo particolarmente attraente per trasferire un&#8217;impresa. Il cantone \u00e8 dinamico e ha puntato sull&#8217;innovazione grazie alla fruttuosa cooperazione tra un tessuto industriale ricco e diversificato e centri accademici e di ricerca di alto livello. \u00c8 quindi sede di una forza lavoro qualificata e di alto livello.<\/p>\n<p>Il cantone di Neuch\u00e2tel ha la seconda <strong>pi\u00f9 alta densit\u00e0 di brevetti depositati per 100.000 abitanti in Svizzera<\/strong> (Organizzazione europea dei brevetti, 2017). Il cantone ha quindi creato infrastrutture tecniche e capacit\u00e0 di alloggio per le unit\u00e0 di R&amp;S delle imprese private.<\/p>\n<p>In sintesi, il cantone di Neuch\u00e2tel offre un ecosistema caratterizzato da una qualit\u00e0 di vita eccezionale: &#8211; basso costo della vita rispetto ad altre regioni che beneficiano di una magnifica riviera, condizioni quadro attraenti: &#8211; Con Microcity Neuch\u00e2tel ha uno dei cluster microtecnologici pi\u00f9 dinamici del mondo, un alto livello di istruzione, aziende locali che offrono servizi strategici (finanziari, IT, ecc.) e una posizione strategica nel cuore dell&#8217;Europa. Geograficamente situato al confine con la Franche-Comt\u00e9 in Francia, il cantone fa parte dell&#8217;Arco del Giura franco-svizzero, che concentra un territorio con una lunga storia di know-how nei settori dell&#8217;orologeria e delle industrie di precisione.<\/p>\n<h3 style=\"text-align: justify;\">Trasferimenti e successioni aziendali nel cantone di Neuch\u00e2tel: i settori pi\u00f9 dinamici<\/h3>\n<div id=\"attachment_16195\" style=\"width: 310px\" class=\"wp-caption alignleft\"><img loading=\"lazy\" decoding=\"async\" aria-describedby=\"caption-attachment-16195\" class=\"wp-image-16195 size-medium\" title=\"Trasmissione e successione d&rsquo;impresa nel cantone di Neuch\u00e2tel, Trasmissione e successione d&rsquo;impresa nel cantone di Neuch\u00e2tel, trasferimento, vendita di societ\u00e0 e azienda in Svizzera e Italia\" src=\"https:\/\/actoria.com\/ch-it\/wp-content\/uploads\/2021\/10\/Arc-jurassien-franco-suisse-1-620x440-1-300x213.jpg\" alt=\"Trasmissione e successione d&rsquo;impresa nel cantone di Neuch\u00e2tel, Trasmissione e successione d&rsquo;impresa nel cantone di Neuch\u00e2tel, trasferimento, vendita di societ\u00e0 e azienda in Svizzera e Italia\" width=\"300\" height=\"213\" \/><p id=\"caption-attachment-16195\" class=\"wp-caption-text\">Trasferimento di imprese e sviluppo Neuch\u00e2tel, trasferimento di imprese in Svizzera<\/p><\/div>\n<p>Micro &amp; Nano-Tecnologie: ereditata dalla sua tradizione orologiera, Neuch\u00e2tel ha sviluppato un know-how nell&#8217;infinitamente piccolo che trova sbocchi in molti settori: automobilistico, telecomunicazioni, medico e spaziale. Tra le aziende che hanno scelto di insediarsi nel cantone ci sono Amicrosystems (Stati Uniti, fabbricazione di sensori MEMS, microtecnologie utilizzate in campi diversi come l&#8217;automobile, l&#8217;aeronautica, la medicina, la biologia e le telecomunicazioni), Capqua (Svizzera, integrazione\/riparazione di assemblaggi elettronici per i settori aerospaziale, ferroviario, dispositivi medici, orologeria e IoT) e Horlaser (lavori di subappalto nel settore laser). Neuch\u00e2tel ospita diversi attori istituzionali nel campo dell&#8217;ultra-precisione, come Microcity, il cluster di innovazione di Neuch\u00e2tel; il CSEM, il Centro svizzero di elettronica e microtecnologia, e la FSRM, la Fondazione svizzera per la ricerca nella microtecnologia.<\/p>\n<p>Banche e servizi finanziari: Neuch\u00e2tel ha una lunga tradizione di banchieri privati. Gli investitori regionali hanno quindi un accesso privilegiato ai finanziamenti per le loro attivit\u00e0 specifiche. Tutte le principali banche e compagnie di assicurazione sono presenti a Neuch\u00e2tel. La Banque Bonh\u00f4te &amp; Cie, fondata a Neuch\u00e2tel nel 1815, sostiene gli imprenditori di Neuch\u00e2tel da oltre 200 anni. Inoltre, il cantone di Neuch\u00e2tel sostiene attivamente i bisogni di finanziamento delle imprese, sia start-up emergenti che grandi gruppi, legati agli investimenti nell&#8217;innovazione: progetti di R&amp;S e trasferimento tecnologico, registrazione di brevetti e protezione della propriet\u00e0 intellettuale, certificazioni complesse (MedTech, aeronautica).<\/p>\n<p>Ingegneria industriale: le aziende di Neuch\u00e2tel possono contare su una rete accademica di prima classe. La sede della Haute \u00c9cole Arc ing\u00e9nierie, gi\u00e0 \u00c9cole d&#8217;ing\u00e9nieurs de l&#8217;Arc jurassien (EIAJ), \u00e8 a Neuch\u00e2tel, con altre sedi nel cantone a Le Locle, Del\u00e9mont, Saint-Imier e La Chaux-de-Fonds. La scuola forma ingegneri specializzati in microtecnologia, informatica, ingegneria del design industriale e gestione industriale. Il gruppo italiano IMA, leader mondiale nella progettazione e produzione di macchine automatiche per il trattamento e il confezionamento di prodotti farmaceutici, cosmetici e alimentari, ha scelto La Chaux-de-Fonds come sede della sua filiale IMA Medtech Switzerland. Quest&#8217;ultima \u00e8 leader nella progettazione, produzione e commercializzazione di macchine per l&#8217;assemblaggio di prodotti medici per l&#8217;automedicazione (inalatori, siringhe, sistemi di iniezione di insulina). Da menzionare anche il gruppo svizzero MIKRON, leader nelle soluzioni di montaggio (assemblaggio e sistemi di controllo) per i settori farmaceutico, automobilistico, elettrico e altri, che ha stabilito la sua sede principale a Boudry, sulle rive del lago di Neuch\u00e2tel.<\/p>\n<p>Ottica &amp; Fotonica: Suss MicroOptics, con sede a Hauterive, \u00e8 uno specialista mondiale della micro-ottica, una tecnologia indispensabile per molti prodotti e applicazioni, utilizzata nei dispositivi medici (endoscopi, oftalmologia), nelle apparecchiature laser, ma anche nelle reti di comunicazione in fibra ottica. L&#8217;azienda \u00e8 anche un fornitore chiave per l&#8217;industria automobilistica, qualificato per soluzioni fotoniche innovative nei settori delle telecomunicazioni, della comunicazione dei dati, delle scienze della vita, del laser, delle attrezzature per semiconduttori e dell&#8217;illuminazione automobilistica. Micro-Cameras &amp; Space Exploration a Neuch\u00e2tel sviluppa sistemi specifici nel campo della strumentazione scientifica per l&#8217;esplorazione dello spazio. Riconosciuta per il suo know-how, \u00e8 stata selezionata per sviluppare sistemi di imaging per diverse missioni dell&#8217;Agenzia Spaziale Europea, e anche a bordo della stazione spaziale internazionale.<\/p>\n<h3 style=\"text-align: justify;\">Prima di trasferire la vostra impresa e di effettuare la vostra successione nel cantone di Neuch\u00e2tel<\/h3>\n<p style=\"text-align: justify;\">\u00c8 importante capire la realt\u00e0 economica regionale. Le cifre chiave citate sopra forniscono una visione globale dell&#8217;economia del cantone.<\/p>\n<h3 style=\"text-align: justify;\">Sostenere il trasferimento della vostra impresa nel cantone di Neuch\u00e2tel<\/h3>\n<p style=\"text-align: justify;\">Actoria, un&#8217;azienda specializzata nel trasferimento di imprese, \u00e8 presente in Svizzera con una filiale locale a Friburgo. Da pi\u00f9 di 25 anni, assistiamo i manager nella cessione della loro impresa, con un metodo che si \u00e8 dimostrato valido. Con un processo collaudato, svolgiamo tutte le formalit\u00e0 &#8211; audit, contabilit\u00e0, legale, HR, ecc. &#8211; per il trasferimento della vostra azienda. &#8211; per il trasferimento della vostra attivit\u00e0. Dalla redazione del vostro dossier alla firma del contratto di cessione, vi aiutiamo a selezionare il miglior candidato per l&#8217;acquisizione e a negoziare con voi le condizioni di cessione. In qualit\u00e0 di attore principale nel trasferimento di PMI e VSE in Svizzera e nel cantone di Neuch\u00e2tel, Actoria fornisce un&#8217;assistenza personalizzata per ogni trasferimento d&#8217;impresa. Se anche tu stai pianificando il trasferimento della tua azienda nel cantone di Neuch\u00e2tel, contatta il nostro ufficio locale.<\/p>\n<p style=\"text-align: justify;\"><strong>Elementi di mappatura:<\/strong><\/p>\n<div id=\"attachment_16196\" style=\"width: 310px\" class=\"wp-caption alignnone\"><img loading=\"lazy\" decoding=\"async\" aria-describedby=\"caption-attachment-16196\" class=\"wp-image-16196 size-medium\" title=\"Trasmissione e successione d&rsquo;impresa nel cantone di Neuch\u00e2tel, Trasmissione e successione d&rsquo;impresa nel cantone di Neuch\u00e2tel, trasferimento, vendita di societ\u00e0 e azienda in Svizzera e Italia\" src=\"https:\/\/actoria.com\/ch-it\/wp-content\/uploads\/2021\/10\/Karte-Kanton-Neuenburg-Bezirke-2010-1-620x528-1-300x255.jpg\" alt=\"Trasmissione e successione d&rsquo;impresa nel cantone di Neuch\u00e2tel, Trasmissione e successione d&rsquo;impresa nel cantone di Neuch\u00e2tel, trasferimento, vendita di societ\u00e0 e azienda in Svizzera e Italia\" width=\"300\" height=\"255\" \/><p id=\"caption-attachment-16196\" class=\"wp-caption-text\">Trasferimento di imprese e sviluppo Neuch\u00e2tel, trasferimento di imprese in Svizzera<\/p><\/div>\n<\/div><\/section><\/div><\/p>\n","protected":false},"excerpt":{"rendered":"<p>Vendita azienda Svizzera e Italia, trasferimento azienda Svizzera e Italia, vendita azienda Svizzera e Italia, acquisizione azienda Svizzera e Italia, vendita PMI Svizzera e Italia, vendita PMI Svizzera e Italia, successione PMI Svizzera e Italia, vendita azienda Svizzera e Italia, trovare un acquirente in Svizzera e in Italia<\/p>\n","protected":false},"author":2,"featured_media":6752,"parent":8737,"menu_order":0,"comment_status":"closed","ping_status":"closed","template":"","meta":{"footnotes":""},"class_list":["post-17902","page","type-page","status-publish","has-post-thumbnail","hentry"],"_links":{"self":[{"href":"https:\/\/actoria.com\/ch-it\/wp-json\/wp\/v2\/pages\/17902","targetHints":{"allow":["GET"]}}],"collection":[{"href":"https:\/\/actoria.com\/ch-it\/wp-json\/wp\/v2\/pages"}],"about":[{"href":"https:\/\/actoria.com\/ch-it\/wp-json\/wp\/v2\/types\/page"}],"author":[{"embeddable":true,"href":"https:\/\/actoria.com\/ch-it\/wp-json\/wp\/v2\/users\/2"}],"replies":[{"embeddable":true,"href":"https:\/\/actoria.com\/ch-it\/wp-json\/wp\/v2\/comments?post=17902"}],"version-history":[{"count":0,"href":"https:\/\/actoria.com\/ch-it\/wp-json\/wp\/v2\/pages\/17902\/revisions"}],"up":[{"embeddable":true,"href":"https:\/\/actoria.com\/ch-it\/wp-json\/wp\/v2\/pages\/8737"}],"wp:featuredmedia":[{"embeddable":true,"href":"https:\/\/actoria.com\/ch-it\/wp-json\/wp\/v2\/media\/6752"}],"wp:attachment":[{"href":"https:\/\/actoria.com\/ch-it\/wp-json\/wp\/v2\/media?parent=17902"}],"curies":[{"name":"wp","href":"https:\/\/api.w.org\/{rel}","templated":true}]}}