{"id":24965,"date":"2023-07-18T12:03:45","date_gmt":"2023-07-18T10:03:45","guid":{"rendered":"https:\/\/actoria.com\/ch-it\/?page_id=24965"},"modified":"2023-07-18T12:26:28","modified_gmt":"2023-07-18T10:26:28","slug":"green-business","status":"publish","type":"page","link":"https:\/\/actoria.com\/ch-it\/servizi\/settori\/green-business\/","title":{"rendered":"Green Business &#038; ambiante"},"content":{"rendered":"<div id='av_section_1'  class='avia-section main_color avia-section-default avia-no-border-styling  avia-full-stretch avia-bg-style-fixed  avia-builder-el-0  el_before_av_one_full  avia-builder-el-first  header_page_section_title_wrapper  av-arrow-down-section av-minimum-height av-minimum-height-custom  container_wrap sidebar_right' style='background-repeat: no-repeat; background-image: url(https:\/\/actoria.com\/ch-it\/wp-content\/uploads\/2022\/08\/green-business-growth.jpg);background-attachment: fixed; background-position: center center;  '  data-section-bg-repeat='stretch'><div class='container' style='height:660px'><main  role=\"main\" itemprop=\"mainContentOfPage\"  class='template-page content  av-content-small alpha units'><div class='post-entry post-entry-type-page post-entry-24965'><div class='entry-content-wrapper clearfix'>\n<div class='flex_column_table av-equal-height-column-flextable -flextable' ><div class=\"flex_column av_one_full  flex_column_table_cell av-equal-height-column av-align-bottom av-zero-column-padding first  avia-builder-el-1  avia-builder-el-no-sibling  header_page_section_title \" style='border-radius:0px; ' id=\"header_page_section_title\" ><p><br \/>\n<div  style='padding-bottom:5px; margin:0 0 0 0; color:#ffffff;' class='av-special-heading av-special-heading-h1 custom-color-heading   avia-builder-el-3  el_after_av_codeblock  avia-builder-el-last  '><h1 class='av-special-heading-tag '  itemprop=\"headline\"  >Green Business <span class='special_amp'>&amp;<\/span> ambiente<\/h1><div class='special-heading-border'><div class='special-heading-inner-border' style='border-color:#ffffff'><\/div><\/div><\/div><\/p><\/div><\/div><!--close column table wrapper. Autoclose: 1 -->\n<\/div><\/div><\/main><!-- close content main element --><\/div><div class='av-extra-border-element border-extra-arrow-down'><div class='av-extra-border-outer'><div class='av-extra-border-inner'  style='background-color:#ffffff;' ><\/div><\/div><\/div><\/div><div id='after_section_1'  class='main_color av_default_container_wrap container_wrap sidebar_right' style=' '  ><div class='container' ><div class='template-page content  av-content-small alpha units'><div class='post-entry post-entry-type-page post-entry-24965'><div class='entry-content-wrapper clearfix'>\n<div class=\"flex_column av_one_full  flex_column_div av-zero-column-padding first  avia-builder-el-4  el_after_av_section  avia-builder-el-no-sibling  \" style='border-radius:0px; '><section class=\"av_textblock_section \"  itemscope=\"itemscope\" itemtype=\"https:\/\/schema.org\/CreativeWork\" ><div class='avia_textblock  '   itemprop=\"text\" ><p>Il green business (l&#8217;ambiente) riguarda diversi settori della nostra economia:<\/p>\n<p>\u2022 Edifici: installazione di nuovi sistemi di riscaldamento, ecc.<br \/>\n\u2022 Riciclaggio dei rifiuti<br \/>\n\u2022 Commercio equo e solidale<br \/>\n\u2022 Energia rinnovabile: energia eolica, geotermica, ecc.<br \/>\n\u2022 Trasporti ecologici<br \/>\n\u2022 Turismo verde<\/p>\n<p>Comprende quindi tutte le aziende che integrano le preoccupazioni ambientali e un principio di sostenibilit\u00e0 nel loro sviluppo.<\/p>\n<p>Il 12 dicembre 2015 rimarr\u00e0 una data importante per l&#8217;umanit\u00e0, quando \u00e8 stato approvato l&#8217;accordo internazionale sul clima, al termine della COP 21. L&#8217;obiettivo di questo accordo \u00e8 quello di contenere l&#8217;aumento della temperatura media al di sotto dei 2 gradi e di sforzarsi di limitare tale aumento a 1,5 gradi, al fine di ridurre i rischi e gli impatti associati alle conseguenze del cambiamento climatico.<\/p>\n<p>Si tratta anche di assumere una visione positiva della sfida climatica, sottolineando i benefici che se ne possono trarre, soprattutto in termini di creazione di posti di lavoro, innovazione e risparmio energetico.<\/p>\n<p>I cambiamenti climatici non si limitano a sconvolgere le correnti oceaniche, ma influenzano anche l&#8217;aria che circola nella nostra atmosfera. Secondo uno studio pubblicato su &#8220;Nature Climate Change&#8221;, in pochi anni la velocit\u00e0 del vento ha subito un&#8217;accelerazione inaspettata.<\/p>\n<p>Questo rapido aumento della velocit\u00e0 del vento in tutto il mondo \u00e8 una buona notizia per il settore energetico. Estendendo la ricerca, gli scienziati hanno calcolato che una tipica turbina eolica che riceve la velocit\u00e0 media del vento in tutto il mondo avrebbe prodotto circa il 17% di energia in pi\u00f9 nel 2017 rispetto al 2010. Secondo le loro previsioni, la produzione di energia eolica potrebbe quindi aumentare del 37% entro il 2024.<\/p>\n<p>In ogni caso, l&#8217;aumento della velocit\u00e0 del vento \u00e8 di buon auspicio per la transizione del settore energetico verso le energie rinnovabili, indispensabile per mantenere il riscaldamento globale al di sotto dei 2\u00b0C.<\/p>\n<p>\u00c8 inoltre interessante notare che circa il 7% degli europei ha sottoscritto un&#8217;offerta di elettricit\u00e0 verde nel 2019, rispetto ad appena il 5% del 2017. Per le aziende energetiche, l&#8217;argomento &#8220;verde&#8221; \u00e8 diventato centrale nella commercializzazione dei contratti di fornitura.<\/p>\n<p>Il settore &#8220;ambiente e cambiamenti climatici&#8221; \u00e8 oggi quello in cui si \u00e8 registrato il maggior numero di fusioni e acquisizioni dal 2020, rispetto alla media dei 3 anni precedenti. Detto questo, queste transazioni comprendono tutti i tipi di operazioni, comprese le fusioni e le acquisizioni, una strategia di sviluppo che \u00e8 stata relativamente poco considerata dai manager. Oggi anche la raccolta di fondi \u00e8 in crescita, poich\u00e9 i manager cercano di adattarsi alle decisioni governative che riguardano questo settore, come la legge del 10 febbraio 2020 sulla lotta agli sprechi e l&#8217;economia circolare.<\/p>\n<p style=\"text-align: center;\"><img loading=\"lazy\" decoding=\"async\" class=\"size-full wp-image-24966 aligncenter\" title=\"Green Business Environnement, trasferimento, vendita di impresa, azienda, PMI in Svizzera, Ticino e Italia,\" src=\"https:\/\/actoria.com\/ch-it\/wp-content\/uploads\/2023\/07\/Image-.png\" alt=\"\" width=\"551\" height=\"298\" srcset=\"https:\/\/actoria.com\/ch-it\/wp-content\/uploads\/2023\/07\/Image-.png 551w, https:\/\/actoria.com\/ch-it\/wp-content\/uploads\/2023\/07\/Image--300x162.png 300w\" sizes=\"auto, (max-width: 551px) 100vw, 551px\" \/><\/p>\n<p>Abbiamo portato a termine transazioni in tutto il settore. Siamo in grado di individuare e selezionare le transazioni pi\u00f9 adatte in base a un approccio diretto.<\/p>\n<p>I nostri professionisti hanno svolto numerosi mandati di ricerca e incarichi nel settore del green business. Il punto di partenza per la costruzione del nostro team \u00e8 un ampio gruppo di esperti ambientali.<\/p>\n<p>Il settore del green business ha un notevole potenziale di mercato per lo sviluppo di basi pi\u00f9 verdi nella nostra economia e per le imprese.<\/p>\n<\/div><\/section><\/div>\n","protected":false},"excerpt":{"rendered":"<p>Vendita azienda Svizzera e Italia, trasferimento azienda Svizzera e Italia, vendita azienda Svizzera e Italia, acquisizione azienda Svizzera e Italia, vendita PMI Svizzera e Italia, vendita PMI Svizzera e Italia, successione PMI Svizzera e Italia, vendita azienda Svizzera e Italia, trovare un acquirente in Svizzera e in Italia<\/p>\n","protected":false},"author":28,"featured_media":18675,"parent":10521,"menu_order":8,"comment_status":"closed","ping_status":"closed","template":"","meta":{"footnotes":""},"class_list":["post-24965","page","type-page","status-publish","has-post-thumbnail","hentry"],"yoast_head":"<!-- This site is optimized with the Yoast SEO plugin v27.4 - https:\/\/yoast.com\/product\/yoast-seo-wordpress\/ -->\n<title>Green Business &amp; ambiante<\/title>\n<meta name=\"description\" content=\"Informatica, Digitale, Media e Reti in Svizzera, Ticino e Italia, vendita di imprese in Svizzera, Ticino e Italia NTIC, PMI specializzate e start-up\" \/>\n<meta name=\"robots\" content=\"index, follow, max-snippet:-1, max-image-preview:large, max-video-preview:-1\" \/>\n<link rel=\"canonical\" href=\"https:\/\/actoria.com\/ch-it\/servizi\/settori\/green-business\/\" \/>\n<meta property=\"og:locale\" content=\"it_IT\" \/>\n<meta property=\"og:type\" content=\"article\" \/>\n<meta property=\"og:title\" content=\"Green Business &amp; ambiante\" \/>\n<meta property=\"og:description\" content=\"Informatica, Digitale, Media e Reti in Svizzera, Ticino e Italia, vendita di imprese in Svizzera, Ticino e Italia NTIC, PMI specializzate e start-up\" \/>\n<meta property=\"og:url\" content=\"https:\/\/actoria.com\/ch-it\/servizi\/settori\/green-business\/\" \/>\n<meta property=\"og:site_name\" content=\"Trasferimento di azienda Svizzera, Ticino e Italia, Fusioni &amp; Acquisizioni Svizzera, Ticino e Italia, Sviluppo Strategico Svizzera, Ticino e Italia\" \/>\n<meta property=\"article:modified_time\" content=\"2023-07-18T10:26:28+00:00\" \/>\n<meta property=\"og:image\" content=\"https:\/\/actoria.com\/ch-it\/wp-content\/uploads\/2021\/12\/shutterstock-1-79.jpg\" \/>\n\t<meta property=\"og:image:width\" content=\"2397\" \/>\n\t<meta property=\"og:image:height\" content=\"1600\" \/>\n\t<meta property=\"og:image:type\" content=\"image\/jpeg\" \/>\n<meta name=\"twitter:card\" content=\"summary_large_image\" \/>\n<meta name=\"twitter:label1\" content=\"Tempo di lettura stimato\" \/>\n\t<meta name=\"twitter:data1\" content=\"4 minuti\" \/>\n<script type=\"application\/ld+json\" class=\"yoast-schema-graph\">{\"@context\":\"https:\\\/\\\/schema.org\",\"@graph\":[{\"@type\":\"Article\",\"@id\":\"https:\\\/\\\/actoria.com\\\/ch-it\\\/servizi\\\/settori\\\/green-business\\\/#article\",\"isPartOf\":{\"@id\":\"https:\\\/\\\/actoria.com\\\/ch-it\\\/servizi\\\/settori\\\/green-business\\\/\"},\"author\":{\"name\":\"Backoffice\",\"@id\":\"https:\\\/\\\/actoria.com\\\/ch-it\\\/#\\\/schema\\\/person\\\/53fc9d4c64f5fa0799e40748e07ed566\"},\"headline\":\"Green Business &#038; ambiante\",\"datePublished\":\"2023-07-18T10:03:45+00:00\",\"dateModified\":\"2023-07-18T10:26:28+00:00\",\"mainEntityOfPage\":{\"@id\":\"https:\\\/\\\/actoria.com\\\/ch-it\\\/servizi\\\/settori\\\/green-business\\\/\"},\"wordCount\":884,\"publisher\":{\"@id\":\"https:\\\/\\\/actoria.com\\\/ch-it\\\/#organization\"},\"image\":{\"@id\":\"https:\\\/\\\/actoria.com\\\/ch-it\\\/servizi\\\/settori\\\/green-business\\\/#primaryimage\"},\"thumbnailUrl\":\"https:\\\/\\\/actoria.com\\\/ch-it\\\/wp-content\\\/uploads\\\/2021\\\/12\\\/shutterstock-1-79.jpg\",\"inLanguage\":\"it-IT\"},{\"@type\":\"WebPage\",\"@id\":\"https:\\\/\\\/actoria.com\\\/ch-it\\\/servizi\\\/settori\\\/green-business\\\/\",\"url\":\"https:\\\/\\\/actoria.com\\\/ch-it\\\/servizi\\\/settori\\\/green-business\\\/\",\"name\":\"Green Business & ambiante\",\"isPartOf\":{\"@id\":\"https:\\\/\\\/actoria.com\\\/ch-it\\\/#website\"},\"primaryImageOfPage\":{\"@id\":\"https:\\\/\\\/actoria.com\\\/ch-it\\\/servizi\\\/settori\\\/green-business\\\/#primaryimage\"},\"image\":{\"@id\":\"https:\\\/\\\/actoria.com\\\/ch-it\\\/servizi\\\/settori\\\/green-business\\\/#primaryimage\"},\"thumbnailUrl\":\"https:\\\/\\\/actoria.com\\\/ch-it\\\/wp-content\\\/uploads\\\/2021\\\/12\\\/shutterstock-1-79.jpg\",\"datePublished\":\"2023-07-18T10:03:45+00:00\",\"dateModified\":\"2023-07-18T10:26:28+00:00\",\"description\":\"Informatica, Digitale, Media e Reti in Svizzera, Ticino e Italia, vendita di imprese in Svizzera, Ticino e Italia NTIC, PMI specializzate e start-up\",\"breadcrumb\":{\"@id\":\"https:\\\/\\\/actoria.com\\\/ch-it\\\/servizi\\\/settori\\\/green-business\\\/#breadcrumb\"},\"inLanguage\":\"it-IT\",\"potentialAction\":[{\"@type\":\"ReadAction\",\"target\":[\"https:\\\/\\\/actoria.com\\\/ch-it\\\/servizi\\\/settori\\\/green-business\\\/\"]}]},{\"@type\":\"ImageObject\",\"inLanguage\":\"it-IT\",\"@id\":\"https:\\\/\\\/actoria.com\\\/ch-it\\\/servizi\\\/settori\\\/green-business\\\/#primaryimage\",\"url\":\"https:\\\/\\\/actoria.com\\\/ch-it\\\/wp-content\\\/uploads\\\/2021\\\/12\\\/shutterstock-1-79.jpg\",\"contentUrl\":\"https:\\\/\\\/actoria.com\\\/ch-it\\\/wp-content\\\/uploads\\\/2021\\\/12\\\/shutterstock-1-79.jpg\",\"width\":2397,\"height\":1600,\"caption\":\"Cessione di una rete di franchising, Cessione di una rete di franchising, trasferimento, vendita di societ\u00e0 e azienda in Svizzera e Italia\"},{\"@type\":\"BreadcrumbList\",\"@id\":\"https:\\\/\\\/actoria.com\\\/ch-it\\\/servizi\\\/settori\\\/green-business\\\/#breadcrumb\",\"itemListElement\":[{\"@type\":\"ListItem\",\"position\":1,\"name\":\"Home\",\"item\":\"https:\\\/\\\/actoria.com\\\/ch-it\\\/\"},{\"@type\":\"ListItem\",\"position\":2,\"name\":\"Servizi\",\"item\":\"https:\\\/\\\/actoria.com\\\/ch-it\\\/servizi\\\/\"},{\"@type\":\"ListItem\",\"position\":3,\"name\":\"Settori\",\"item\":\"https:\\\/\\\/actoria.com\\\/ch-it\\\/servizi\\\/settori\\\/\"},{\"@type\":\"ListItem\",\"position\":4,\"name\":\"Green Business &#038; ambiante\"}]},{\"@type\":\"WebSite\",\"@id\":\"https:\\\/\\\/actoria.com\\\/ch-it\\\/#website\",\"url\":\"https:\\\/\\\/actoria.com\\\/ch-it\\\/\",\"name\":\"Trasferimento di azienda Svizzera, Ticino e Italia, Fusioni & Acquisizioni Svizzera, Ticino e Italia, Sviluppo Strategico Svizzera, Ticino e Italia\",\"description\":\"Vendere la tua azienda, PMI in Belgio, Francia, Svizzera, Marocco, Tunisia, Lussemburgo, Italia\",\"publisher\":{\"@id\":\"https:\\\/\\\/actoria.com\\\/ch-it\\\/#organization\"},\"alternateName\":\"Trasferimento di societ\u00e0, sviluppo di societ\u00e0 in Tunisia, lo specialista in fusioni e acquisizioni in Tunisia dal 2002\",\"potentialAction\":[{\"@type\":\"SearchAction\",\"target\":{\"@type\":\"EntryPoint\",\"urlTemplate\":\"https:\\\/\\\/actoria.com\\\/ch-it\\\/?s={search_term_string}\"},\"query-input\":{\"@type\":\"PropertyValueSpecification\",\"valueRequired\":true,\"valueName\":\"search_term_string\"}}],\"inLanguage\":\"it-IT\"},{\"@type\":\"Organization\",\"@id\":\"https:\\\/\\\/actoria.com\\\/ch-it\\\/#organization\",\"name\":\"Actoria Svizzera, Ticico e Italia, Trasferimento di azienda Svizzera, Ticino e Italia, Fusioni & Acquisizioni Svizzera, Ticino e Italia, Sviluppo Strategico Svizzera, Ticino e Italia\",\"alternateName\":\"Vendere la tua azienda, PMI in Belgio, Francia, Svizzera, Marocco, Tunisia, Lussemburgo, Italia\",\"url\":\"https:\\\/\\\/actoria.com\\\/ch-it\\\/\",\"logo\":{\"@type\":\"ImageObject\",\"inLanguage\":\"it-IT\",\"@id\":\"https:\\\/\\\/actoria.com\\\/ch-it\\\/#\\\/schema\\\/logo\\\/image\\\/\",\"url\":\"https:\\\/\\\/actoria.com\\\/ch-it\\\/wp-content\\\/uploads\\\/2020\\\/12\\\/Logo-standard.bmp\",\"contentUrl\":\"https:\\\/\\\/actoria.com\\\/ch-it\\\/wp-content\\\/uploads\\\/2020\\\/12\\\/Logo-standard.bmp\",\"width\":566,\"height\":358,\"caption\":\"Actoria Svizzera, Ticico e Italia, Trasferimento di azienda Svizzera, Ticino e Italia, Fusioni & Acquisizioni Svizzera, Ticino e Italia, Sviluppo Strategico Svizzera, Ticino e Italia\"},\"image\":{\"@id\":\"https:\\\/\\\/actoria.com\\\/ch-it\\\/#\\\/schema\\\/logo\\\/image\\\/\"},\"sameAs\":[\"https:\\\/\\\/fr.linkedin.com\\\/company\\\/actoria-group_2\"]},{\"@type\":\"Person\",\"@id\":\"https:\\\/\\\/actoria.com\\\/ch-it\\\/#\\\/schema\\\/person\\\/53fc9d4c64f5fa0799e40748e07ed566\",\"name\":\"Backoffice\",\"url\":\"https:\\\/\\\/actoria.com\\\/ch-it\\\/author\\\/backoffice\\\/\"}]}<\/script>\n<!-- \/ Yoast SEO plugin. -->","yoast_head_json":{"title":"Green Business & ambiante","description":"Informatica, Digitale, Media e Reti in Svizzera, Ticino e Italia, vendita di imprese in Svizzera, Ticino e Italia NTIC, PMI specializzate e start-up","robots":{"index":"index","follow":"follow","max-snippet":"max-snippet:-1","max-image-preview":"max-image-preview:large","max-video-preview":"max-video-preview:-1"},"canonical":"https:\/\/actoria.com\/ch-it\/servizi\/settori\/green-business\/","og_locale":"it_IT","og_type":"article","og_title":"Green Business & ambiante","og_description":"Informatica, Digitale, Media e Reti in Svizzera, Ticino e Italia, vendita di imprese in Svizzera, Ticino e Italia NTIC, PMI specializzate e start-up","og_url":"https:\/\/actoria.com\/ch-it\/servizi\/settori\/green-business\/","og_site_name":"Trasferimento di azienda Svizzera, Ticino e Italia, Fusioni &amp; Acquisizioni Svizzera, Ticino e Italia, Sviluppo Strategico Svizzera, Ticino e Italia","article_modified_time":"2023-07-18T10:26:28+00:00","og_image":[{"width":2397,"height":1600,"url":"https:\/\/actoria.com\/ch-it\/wp-content\/uploads\/2021\/12\/shutterstock-1-79.jpg","type":"image\/jpeg"}],"twitter_card":"summary_large_image","twitter_misc":{"Tempo di lettura stimato":"4 minuti"},"schema":{"@context":"https:\/\/schema.org","@graph":[{"@type":"Article","@id":"https:\/\/actoria.com\/ch-it\/servizi\/settori\/green-business\/#article","isPartOf":{"@id":"https:\/\/actoria.com\/ch-it\/servizi\/settori\/green-business\/"},"author":{"name":"Backoffice","@id":"https:\/\/actoria.com\/ch-it\/#\/schema\/person\/53fc9d4c64f5fa0799e40748e07ed566"},"headline":"Green Business &#038; ambiante","datePublished":"2023-07-18T10:03:45+00:00","dateModified":"2023-07-18T10:26:28+00:00","mainEntityOfPage":{"@id":"https:\/\/actoria.com\/ch-it\/servizi\/settori\/green-business\/"},"wordCount":884,"publisher":{"@id":"https:\/\/actoria.com\/ch-it\/#organization"},"image":{"@id":"https:\/\/actoria.com\/ch-it\/servizi\/settori\/green-business\/#primaryimage"},"thumbnailUrl":"https:\/\/actoria.com\/ch-it\/wp-content\/uploads\/2021\/12\/shutterstock-1-79.jpg","inLanguage":"it-IT"},{"@type":"WebPage","@id":"https:\/\/actoria.com\/ch-it\/servizi\/settori\/green-business\/","url":"https:\/\/actoria.com\/ch-it\/servizi\/settori\/green-business\/","name":"Green Business & ambiante","isPartOf":{"@id":"https:\/\/actoria.com\/ch-it\/#website"},"primaryImageOfPage":{"@id":"https:\/\/actoria.com\/ch-it\/servizi\/settori\/green-business\/#primaryimage"},"image":{"@id":"https:\/\/actoria.com\/ch-it\/servizi\/settori\/green-business\/#primaryimage"},"thumbnailUrl":"https:\/\/actoria.com\/ch-it\/wp-content\/uploads\/2021\/12\/shutterstock-1-79.jpg","datePublished":"2023-07-18T10:03:45+00:00","dateModified":"2023-07-18T10:26:28+00:00","description":"Informatica, Digitale, Media e Reti in Svizzera, Ticino e Italia, vendita di imprese in Svizzera, Ticino e Italia NTIC, PMI specializzate e start-up","breadcrumb":{"@id":"https:\/\/actoria.com\/ch-it\/servizi\/settori\/green-business\/#breadcrumb"},"inLanguage":"it-IT","potentialAction":[{"@type":"ReadAction","target":["https:\/\/actoria.com\/ch-it\/servizi\/settori\/green-business\/"]}]},{"@type":"ImageObject","inLanguage":"it-IT","@id":"https:\/\/actoria.com\/ch-it\/servizi\/settori\/green-business\/#primaryimage","url":"https:\/\/actoria.com\/ch-it\/wp-content\/uploads\/2021\/12\/shutterstock-1-79.jpg","contentUrl":"https:\/\/actoria.com\/ch-it\/wp-content\/uploads\/2021\/12\/shutterstock-1-79.jpg","width":2397,"height":1600,"caption":"Cessione di una rete di franchising, Cessione di una rete di franchising, trasferimento, vendita di societ\u00e0 e azienda in Svizzera e Italia"},{"@type":"BreadcrumbList","@id":"https:\/\/actoria.com\/ch-it\/servizi\/settori\/green-business\/#breadcrumb","itemListElement":[{"@type":"ListItem","position":1,"name":"Home","item":"https:\/\/actoria.com\/ch-it\/"},{"@type":"ListItem","position":2,"name":"Servizi","item":"https:\/\/actoria.com\/ch-it\/servizi\/"},{"@type":"ListItem","position":3,"name":"Settori","item":"https:\/\/actoria.com\/ch-it\/servizi\/settori\/"},{"@type":"ListItem","position":4,"name":"Green Business &#038; ambiante"}]},{"@type":"WebSite","@id":"https:\/\/actoria.com\/ch-it\/#website","url":"https:\/\/actoria.com\/ch-it\/","name":"Trasferimento di azienda Svizzera, Ticino e Italia, Fusioni & Acquisizioni Svizzera, Ticino e Italia, Sviluppo Strategico Svizzera, Ticino e Italia","description":"Vendere la tua azienda, PMI in Belgio, Francia, Svizzera, Marocco, Tunisia, Lussemburgo, Italia","publisher":{"@id":"https:\/\/actoria.com\/ch-it\/#organization"},"alternateName":"Trasferimento di societ\u00e0, sviluppo di societ\u00e0 in Tunisia, lo specialista in fusioni e acquisizioni in Tunisia dal 2002","potentialAction":[{"@type":"SearchAction","target":{"@type":"EntryPoint","urlTemplate":"https:\/\/actoria.com\/ch-it\/?s={search_term_string}"},"query-input":{"@type":"PropertyValueSpecification","valueRequired":true,"valueName":"search_term_string"}}],"inLanguage":"it-IT"},{"@type":"Organization","@id":"https:\/\/actoria.com\/ch-it\/#organization","name":"Actoria Svizzera, Ticico e Italia, Trasferimento di azienda Svizzera, Ticino e Italia, Fusioni & Acquisizioni Svizzera, Ticino e Italia, Sviluppo Strategico Svizzera, Ticino e Italia","alternateName":"Vendere la tua azienda, PMI in Belgio, Francia, Svizzera, Marocco, Tunisia, Lussemburgo, Italia","url":"https:\/\/actoria.com\/ch-it\/","logo":{"@type":"ImageObject","inLanguage":"it-IT","@id":"https:\/\/actoria.com\/ch-it\/#\/schema\/logo\/image\/","url":"https:\/\/actoria.com\/ch-it\/wp-content\/uploads\/2020\/12\/Logo-standard.bmp","contentUrl":"https:\/\/actoria.com\/ch-it\/wp-content\/uploads\/2020\/12\/Logo-standard.bmp","width":566,"height":358,"caption":"Actoria Svizzera, Ticico e Italia, Trasferimento di azienda Svizzera, Ticino e Italia, Fusioni & Acquisizioni Svizzera, Ticino e Italia, Sviluppo Strategico Svizzera, Ticino e Italia"},"image":{"@id":"https:\/\/actoria.com\/ch-it\/#\/schema\/logo\/image\/"},"sameAs":["https:\/\/fr.linkedin.com\/company\/actoria-group_2"]},{"@type":"Person","@id":"https:\/\/actoria.com\/ch-it\/#\/schema\/person\/53fc9d4c64f5fa0799e40748e07ed566","name":"Backoffice","url":"https:\/\/actoria.com\/ch-it\/author\/backoffice\/"}]}},"_links":{"self":[{"href":"https:\/\/actoria.com\/ch-it\/wp-json\/wp\/v2\/pages\/24965","targetHints":{"allow":["GET"]}}],"collection":[{"href":"https:\/\/actoria.com\/ch-it\/wp-json\/wp\/v2\/pages"}],"about":[{"href":"https:\/\/actoria.com\/ch-it\/wp-json\/wp\/v2\/types\/page"}],"author":[{"embeddable":true,"href":"https:\/\/actoria.com\/ch-it\/wp-json\/wp\/v2\/users\/28"}],"replies":[{"embeddable":true,"href":"https:\/\/actoria.com\/ch-it\/wp-json\/wp\/v2\/comments?post=24965"}],"version-history":[{"count":0,"href":"https:\/\/actoria.com\/ch-it\/wp-json\/wp\/v2\/pages\/24965\/revisions"}],"up":[{"embeddable":true,"href":"https:\/\/actoria.com\/ch-it\/wp-json\/wp\/v2\/pages\/10521"}],"wp:featuredmedia":[{"embeddable":true,"href":"https:\/\/actoria.com\/ch-it\/wp-json\/wp\/v2\/media\/18675"}],"wp:attachment":[{"href":"https:\/\/actoria.com\/ch-it\/wp-json\/wp\/v2\/media?parent=24965"}],"curies":[{"name":"wp","href":"https:\/\/api.w.org\/{rel}","templated":true}]}}