{"id":24975,"date":"2023-07-18T12:22:20","date_gmt":"2023-07-18T10:22:20","guid":{"rendered":"https:\/\/actoria.com\/ch-it\/?page_id=24975"},"modified":"2023-07-18T12:24:14","modified_gmt":"2023-07-18T10:24:14","slug":"comunicazioni","status":"publish","type":"page","link":"https:\/\/actoria.com\/ch-it\/servizi\/settori\/comunicazioni\/","title":{"rendered":"Comunicazioni"},"content":{"rendered":"<div id='av_section_1'  class='avia-section main_color avia-section-default avia-no-border-styling  avia-full-stretch avia-bg-style-fixed  avia-builder-el-0  el_before_av_one_full  avia-builder-el-first  header_page_section_title_wrapper  av-arrow-down-section av-minimum-height av-minimum-height-custom  container_wrap sidebar_right' style='background-repeat: no-repeat; background-image: url(https:\/\/actoria.com\/ch-it\/wp-content\/uploads\/2022\/08\/medias-communication-actoria.jpg);background-attachment: fixed; background-position: center center;  '  data-section-bg-repeat='stretch'><div class='container' style='height:660px'><main  role=\"main\" itemprop=\"mainContentOfPage\"  class='template-page content  av-content-small alpha units'><div class='post-entry post-entry-type-page post-entry-24975'><div class='entry-content-wrapper clearfix'>\n<div class='flex_column_table av-equal-height-column-flextable -flextable' ><div class=\"flex_column av_one_full  flex_column_table_cell av-equal-height-column av-align-bottom av-zero-column-padding first  avia-builder-el-1  avia-builder-el-no-sibling  header_page_section_title \" style='border-radius:0px; ' id=\"header_page_section_title\" ><p><br \/>\n<div  style='padding-bottom:5px; margin:0 0 0 0; color:#ffffff;' class='av-special-heading av-special-heading-h1 custom-color-heading   avia-builder-el-3  el_after_av_codeblock  avia-builder-el-last  '><h1 class='av-special-heading-tag '  itemprop=\"headline\"  >Comunicazioni<\/h1><div class='special-heading-border'><div class='special-heading-inner-border' style='border-color:#ffffff'><\/div><\/div><\/div><\/p><\/div><\/div><!--close column table wrapper. Autoclose: 1 --><\/div><\/div><\/main><!-- close content main element --><\/div><div class='av-extra-border-element border-extra-arrow-down'><div class='av-extra-border-outer'><div class='av-extra-border-inner'  style='background-color:#ffffff;' ><\/div><\/div><\/div><\/div><div id='after_section_1'  class='main_color av_default_container_wrap container_wrap sidebar_right' style=' '  ><div class='container' ><div class='template-page content  av-content-small alpha units'><div class='post-entry post-entry-type-page post-entry-24975'><div class='entry-content-wrapper clearfix'><div class=\"flex_column av_one_full  flex_column_div av-zero-column-padding first  avia-builder-el-4  el_after_av_section  avia-builder-el-no-sibling  \" style='border-radius:0px; '><section class=\"av_textblock_section \"  itemscope=\"itemscope\" itemtype=\"https:\/\/schema.org\/CreativeWork\" ><div class='avia_textblock  '   itemprop=\"text\" ><h2><img loading=\"lazy\" decoding=\"async\" class=\"size-full wp-image-24976 alignleft\" title=\"\" src=\"https:\/\/actoria.com\/ch-it\/wp-content\/uploads\/2023\/07\/shutterstock-x-.jpg\" alt=\"\" width=\"300\" height=\"200\" \/><\/h2>\n<p>La comunicazione \u00e8 un bisogno umano che viene soddisfatto da una serie di prodotti e servizi complementari forniti dal settore delle comunicazioni. Le tecnologie di comunicazione sono cresciute rapidamente nell&#8217;ultimo decennio e siamo entrati in un&#8217;epoca in cui i dati sono considerati &#8220;il nuovo petrolio&#8221;.<\/p>\n<p>La transizione verso l&#8217;era dell&#8217;informazione \u00e8 stata caratterizzata da sforzi di digitalizzazione e tecnologie dirompenti che hanno cambiato radicalmente il modo in cui le persone comunicano e accedono alle informazioni.<\/p>\n<h2>FACILITATO DA SOLUZIONI INNOVATIVE E DALL&#8217;ESPANSIONE DELL&#8217;INFRASTRUTTURA DI RETE, SONO EMERSI NUOVI MODELLI DI BUSINESS<\/h2>\n<p>Il settore delle comunicazioni ha una grande influenza sulla societ\u00e0, presentando sia sfide (ad esempio, la privacy dei dati, la qualit\u00e0 delle informazioni e il consumo di energia) che opportunit\u00e0 (ad esempio, l&#8217;inclusione sociale, la decarbonizzazione).<\/p>\n<p>Molte aziende hanno potenzialmente un impatto netto positivo sulla sostenibilit\u00e0 offrendo prodotti e servizi che sostituiscono le attivit\u00e0 tradizionali (ad esempio, facilitando la comunicazione geograficamente indipendente al posto dei viaggi a lunga distanza). Tuttavia, a differenza della comunicazione faccia a faccia, la comunicazione digitale, che richiede flussi di dati su una certa distanza attraverso un mezzo di trasmissione, produce certamente esternalit\u00e0 negative: ampio uso di energia attraverso la digitalizzazione, esclusione sociale dovuta alla mancanza di accesso a Internet o violazioni della privacy causate dallo sfruttamento dei dati.<\/p>\n<h2>AMBITO DEL SETTORE<\/h2>\n<p>Il settore spazia dagli operatori di telecomunicazioni alle aziende pubblicitarie e di stampa, e comprende quindi un&#8217;ampia gamma di aziende che offrono prodotti e servizi diversi con impatti differenti sulla societ\u00e0, sull&#8217;ambiente e sull&#8217;economia. Inoltre, il settore delle comunicazioni \u00e8 guidato da una costante innovazione tecnologica e da un&#8217;azione di disturbo che trasforma non solo i modelli di business all&#8217;interno del settore stesso, ma anche la conduzione degli affari in tutti gli altri settori.<\/p>\n<p>Il settore delle comunicazioni \u00e8 caratterizzato da una concentrazione del mercato, in particolare nei sottosettori Internet (3,7%), Telecomunicazioni (3,1%) e Media Provider (1,2%), dove poche aziende esercitano un forte potere di mercato. Oltre a questo potere di mercato, la riservatezza dei dati \u00e8 diventata un rischio ESG considerevole con l&#8217;ascesa di Internet. considerevole con l&#8217;ascesa di societ\u00e0 Internet il cui modello di business si basa sulla raccolta e sulla vendita di dati.<br \/>\ndati.<\/p>\n<p>Facebook, ad esempio, ha perso sempre pi\u00f9 la sua reputazione in quanto l&#8217;azienda \u00e8 stata messa sotto pressione per il suo comportamento controverso nella gestione dei dati degli utenti. (Bloomberg 2018a). Dalla sua IPO nel 2012, Facebook \u00e8 stata regolarmente oggetto di una Valutazione dell&#8217;impatto delle controversie da parte di Inrate. Valutazione. L&#8217;uso poco chiaro dei dati dei clienti e la mancanza di trasparenza dell&#8217;azienda nei confronti di investitori e stakeholder rappresentano un rischio sostanziale per la reputazione. dell&#8217;azienda nei confronti di investitori e stakeholder rappresentano un rischio sostanziale per la reputazione.<\/p>\n<h2>ATTENZIONE ALLE VIOLAZIONI DEI DATI<\/h2>\n<p>L&#8217;ultima violazione dei dati che ha coinvolto la societ\u00e0 di consulenza Cambridge Analytica ha avuto importanti ripercussioni in borsa per Facebook, con un drastico calo del prezzo delle azioni. Questo esempio sottolinea l&#8217;importanza che le aziende si dotino di una politica rigorosa e di un solido sistema di gestione dei dati. In questo modo \u00e8 possibile evitare i rischi associati alle violazioni dei dati, come l&#8217;aumento dei costi di bonifica, la perdita di clienti ed eventualmente di reputazione (Rahm 2014). evitare (Rahm 2014). Inrate considera la buona gestione dei dati una priorit\u00e0 elevata e ha stabilito un indicatore di controversia separato sul contenuto e la riservatezza dei dati. indicatore di controversia separato sul contenuto e la riservatezza dei dati dei clienti.<\/p>\n<p>Se da un lato grandi quantit\u00e0 di dati comportano alcuni rischi ESG, dall&#8217;altro presentano notevoli opportunit\u00e0. La disponibilit\u00e0 di grandi quantit\u00e0 di dati in tempi pi\u00f9 brevi consente alle aziende di analizzare le questioni di sostenibilit\u00e0 in gioco, di affrontarle pi\u00f9 facilmente e di trarne il massimo vantaggio. La disponibilit\u00e0 di grandi quantit\u00e0 di dati in tempi pi\u00f9 brevi consente alle aziende di analizzare le questioni di sostenibilit\u00e0 in gioco, di affrontarle in modo pi\u00f9 efficace e di produrre relazioni pi\u00f9 accurate, aumentando cos\u00ec la trasparenza. trasparenza. Ci\u00f2 consente agli investitori di valutare meglio l&#8217;impatto sulla sostenibilit\u00e0 specifico del settore e dell&#8217;azienda e di integrarlo nel loro processo decisionale. impatto sulla sostenibilit\u00e0 specifico del settore e dell&#8217;azienda e di integrarlo nel loro processo decisionale (GRI 2016).<\/p>\n<p>La catena di approvvigionamento e i sistemi di gestione responsabile sono temi ESG che stanno ricevendo molta attenzione.<\/p>\n<p>Queste aziende non solo gestiscono le reti, ma vendono anche telefoni cellulari e dispositivi elettronici contenenti minerali non di origine naturale. telefoni cellulari e dispositivi elettronici contenenti minerali molto controversi dal punto di vista dei diritti umani. Inoltre, alcuni dispositivi sono assemblati da produttori a contratto noti per le loro pessime condizioni di lavoro. condizioni di lavoro. In generale, i rischi ESG si manifestano a monte delle catene di fornitura, principalmente al di l\u00e0 dei fornitori di primo livello. fornitori di primo livello. Dimostrare il proprio impegno nei confronti della legislazione locale, come Dodd-Frank e il Modern Slavery Act del Regno Unito, e partecipare a iniziative di settore come la Global eSustainability Initiative (GeSI), aumenta la fiducia degli investitori responsabili. L&#8217;offerta di dispositivi alternativi con servizi e componenti socialmente compatibili pu\u00f2 portare a un vantaggio competitivo.<\/p>\n<h2>IMPATTO SULL&#8217;AMBIENTE<\/h2>\n<p>Sebbene il settore delle comunicazioni influisca principalmente sulla societ\u00e0, i rischi e le opportunit\u00e0 ambientali meritano la stessa attenzione. Una valutazione completa dell&#8217;impatto di un&#8217;azienda sull&#8217;ambiente richiede un&#8217;analisi dell&#8217;intero ciclo di vita del prodotto, comprese le catene di fornitura, l&#8217;utilizzo del prodotto, la gestione ambientale e la gestione dei rifiuti.<\/p>\n<p>Il consumo di elettricit\u00e0 \u00e8 una delle principali questioni ambientali (GRI 2013a), dato che i data center richiedono circa l&#8217;1,4% del consumo globale di elettricit\u00e0.<\/p>\n<p>Si prevede che questa cifra aumenti ulteriormente con l&#8217;aumento dei volumi di dati (Castellazzi et al. 2017). L&#8217;uso dell&#8217;elettricit\u00e0 nelle infrastrutture di rete e la prevenzione della produzione di materiali pericolosi e di rifiuti elettronici dai beni di consumo sono altre questioni da affrontare. Esempi di rischi associati a misure ambientali inefficaci sono la non conformit\u00e0 alle leggi nazionali sull&#8217;inquinamento e gli alti costi sostenuti per un consumo eccessivo di energia (CDC. Group plc 2018). Inrate identifica questi rischi trattando le questioni ambientali specifiche del settore nella valutazione delle societ\u00e0 di comunicazione. valutazione delle societ\u00e0 di comunicazione.<\/p>\n<p>Nonostante queste sfide, i prodotti e i servizi di comunicazione possono avere un effetto sostitutivo su alcune attivit\u00e0 tradizionali, come la sostituzione dei supporti fisici o la riduzione degli spostamenti. Questo porta in ultima analisi a una riduzione delle emissioni di CO2, dell&#8217;uso delle risorse e dell&#8217;inquinamento. Inoltre, le aziende possono migliorare l&#8217;efficienza energetica migliorando l&#8217;uso dei data center e utilizzare fonti di energia rinnovabili sviluppando sistemi fotovoltaici (CDC Group plc 2018).<\/p>\n<\/div><\/section><\/div><\/p>\n","protected":false},"excerpt":{"rendered":"<p>Vendita azienda Svizzera e Italia, trasferimento azienda Svizzera e Italia, vendita azienda Svizzera e Italia, acquisizione azienda Svizzera e Italia, vendita PMI Svizzera e Italia, vendita PMI Svizzera e Italia, successione PMI Svizzera e Italia, vendita azienda Svizzera e Italia, trovare un acquirente in Svizzera e in Italia<\/p>\n","protected":false},"author":28,"featured_media":22708,"parent":10521,"menu_order":5,"comment_status":"closed","ping_status":"closed","template":"","meta":{"footnotes":""},"class_list":["post-24975","page","type-page","status-publish","has-post-thumbnail","hentry"],"yoast_head":"<!-- This site is optimized with the Yoast SEO plugin v27.4 - https:\/\/yoast.com\/product\/yoast-seo-wordpress\/ -->\n<title>Comunicazioni<\/title>\n<meta name=\"description\" content=\"Aerospaziale in Svizzera, Ticino e Italia, industria aerospaziale e della difesa, vendite aziendali in Svizzera, Ticino e Italia Aerospaziale\" \/>\n<meta name=\"robots\" content=\"index, follow, max-snippet:-1, max-image-preview:large, max-video-preview:-1\" \/>\n<link rel=\"canonical\" href=\"https:\/\/actoria.com\/ch-it\/servizi\/settori\/comunicazioni\/\" \/>\n<meta property=\"og:locale\" content=\"it_IT\" \/>\n<meta property=\"og:type\" content=\"article\" \/>\n<meta property=\"og:title\" content=\"Comunicazioni\" \/>\n<meta property=\"og:description\" content=\"Aerospaziale in Svizzera, Ticino e Italia, industria aerospaziale e della difesa, vendite aziendali in Svizzera, Ticino e Italia Aerospaziale\" \/>\n<meta property=\"og:url\" content=\"https:\/\/actoria.com\/ch-it\/servizi\/settori\/comunicazioni\/\" \/>\n<meta property=\"og:site_name\" content=\"Trasferimento di azienda Svizzera, Ticino e Italia, Fusioni &amp; Acquisizioni Svizzera, Ticino e Italia, Sviluppo Strategico Svizzera, Ticino e Italia\" \/>\n<meta property=\"article:modified_time\" content=\"2023-07-18T10:24:14+00:00\" \/>\n<meta property=\"og:image\" content=\"https:\/\/actoria.com\/ch-it\/wp-content\/uploads\/2022\/08\/shutterstock-1-13.jpg\" \/>\n\t<meta property=\"og:image:width\" content=\"2397\" \/>\n\t<meta property=\"og:image:height\" content=\"1600\" \/>\n\t<meta property=\"og:image:type\" content=\"image\/jpeg\" \/>\n<meta name=\"twitter:card\" content=\"summary_large_image\" \/>\n<meta name=\"twitter:label1\" content=\"Tempo di lettura stimato\" \/>\n\t<meta name=\"twitter:data1\" content=\"7 minuti\" \/>\n<script type=\"application\/ld+json\" class=\"yoast-schema-graph\">{\"@context\":\"https:\\\/\\\/schema.org\",\"@graph\":[{\"@type\":\"Article\",\"@id\":\"https:\\\/\\\/actoria.com\\\/ch-it\\\/servizi\\\/settori\\\/comunicazioni\\\/#article\",\"isPartOf\":{\"@id\":\"https:\\\/\\\/actoria.com\\\/ch-it\\\/servizi\\\/settori\\\/comunicazioni\\\/\"},\"author\":{\"name\":\"Backoffice\",\"@id\":\"https:\\\/\\\/actoria.com\\\/ch-it\\\/#\\\/schema\\\/person\\\/53fc9d4c64f5fa0799e40748e07ed566\"},\"headline\":\"Comunicazioni\",\"datePublished\":\"2023-07-18T10:22:20+00:00\",\"dateModified\":\"2023-07-18T10:24:14+00:00\",\"mainEntityOfPage\":{\"@id\":\"https:\\\/\\\/actoria.com\\\/ch-it\\\/servizi\\\/settori\\\/comunicazioni\\\/\"},\"wordCount\":1512,\"publisher\":{\"@id\":\"https:\\\/\\\/actoria.com\\\/ch-it\\\/#organization\"},\"image\":{\"@id\":\"https:\\\/\\\/actoria.com\\\/ch-it\\\/servizi\\\/settori\\\/comunicazioni\\\/#primaryimage\"},\"thumbnailUrl\":\"https:\\\/\\\/actoria.com\\\/ch-it\\\/wp-content\\\/uploads\\\/2022\\\/08\\\/shutterstock-1-13.jpg\",\"inLanguage\":\"it-IT\"},{\"@type\":\"WebPage\",\"@id\":\"https:\\\/\\\/actoria.com\\\/ch-it\\\/servizi\\\/settori\\\/comunicazioni\\\/\",\"url\":\"https:\\\/\\\/actoria.com\\\/ch-it\\\/servizi\\\/settori\\\/comunicazioni\\\/\",\"name\":\"Comunicazioni\",\"isPartOf\":{\"@id\":\"https:\\\/\\\/actoria.com\\\/ch-it\\\/#website\"},\"primaryImageOfPage\":{\"@id\":\"https:\\\/\\\/actoria.com\\\/ch-it\\\/servizi\\\/settori\\\/comunicazioni\\\/#primaryimage\"},\"image\":{\"@id\":\"https:\\\/\\\/actoria.com\\\/ch-it\\\/servizi\\\/settori\\\/comunicazioni\\\/#primaryimage\"},\"thumbnailUrl\":\"https:\\\/\\\/actoria.com\\\/ch-it\\\/wp-content\\\/uploads\\\/2022\\\/08\\\/shutterstock-1-13.jpg\",\"datePublished\":\"2023-07-18T10:22:20+00:00\",\"dateModified\":\"2023-07-18T10:24:14+00:00\",\"description\":\"Aerospaziale in Svizzera, Ticino e Italia, industria aerospaziale e della difesa, vendite aziendali in Svizzera, Ticino e Italia Aerospaziale\",\"breadcrumb\":{\"@id\":\"https:\\\/\\\/actoria.com\\\/ch-it\\\/servizi\\\/settori\\\/comunicazioni\\\/#breadcrumb\"},\"inLanguage\":\"it-IT\",\"potentialAction\":[{\"@type\":\"ReadAction\",\"target\":[\"https:\\\/\\\/actoria.com\\\/ch-it\\\/servizi\\\/settori\\\/comunicazioni\\\/\"]}]},{\"@type\":\"ImageObject\",\"inLanguage\":\"it-IT\",\"@id\":\"https:\\\/\\\/actoria.com\\\/ch-it\\\/servizi\\\/settori\\\/comunicazioni\\\/#primaryimage\",\"url\":\"https:\\\/\\\/actoria.com\\\/ch-it\\\/wp-content\\\/uploads\\\/2022\\\/08\\\/shutterstock-1-13.jpg\",\"contentUrl\":\"https:\\\/\\\/actoria.com\\\/ch-it\\\/wp-content\\\/uploads\\\/2022\\\/08\\\/shutterstock-1-13.jpg\",\"width\":2397,\"height\":1600,\"caption\":\"Garanzia Attivo\\\/Passivo, Garanzia Attivo\\\/Passivo, trasferimento, vendita di societ\u00e0 e azienda in Svizzera e Italia\"},{\"@type\":\"BreadcrumbList\",\"@id\":\"https:\\\/\\\/actoria.com\\\/ch-it\\\/servizi\\\/settori\\\/comunicazioni\\\/#breadcrumb\",\"itemListElement\":[{\"@type\":\"ListItem\",\"position\":1,\"name\":\"Home\",\"item\":\"https:\\\/\\\/actoria.com\\\/ch-it\\\/\"},{\"@type\":\"ListItem\",\"position\":2,\"name\":\"Servizi\",\"item\":\"https:\\\/\\\/actoria.com\\\/ch-it\\\/servizi\\\/\"},{\"@type\":\"ListItem\",\"position\":3,\"name\":\"Settori\",\"item\":\"https:\\\/\\\/actoria.com\\\/ch-it\\\/servizi\\\/settori\\\/\"},{\"@type\":\"ListItem\",\"position\":4,\"name\":\"Comunicazioni\"}]},{\"@type\":\"WebSite\",\"@id\":\"https:\\\/\\\/actoria.com\\\/ch-it\\\/#website\",\"url\":\"https:\\\/\\\/actoria.com\\\/ch-it\\\/\",\"name\":\"Trasferimento di azienda Svizzera, Ticino e Italia, Fusioni & Acquisizioni Svizzera, Ticino e Italia, Sviluppo Strategico Svizzera, Ticino e Italia\",\"description\":\"Vendere la tua azienda, PMI in Belgio, Francia, Svizzera, Marocco, Tunisia, Lussemburgo, Italia\",\"publisher\":{\"@id\":\"https:\\\/\\\/actoria.com\\\/ch-it\\\/#organization\"},\"alternateName\":\"Trasferimento di societ\u00e0, sviluppo di societ\u00e0 in Tunisia, lo specialista in fusioni e acquisizioni in Tunisia dal 2002\",\"potentialAction\":[{\"@type\":\"SearchAction\",\"target\":{\"@type\":\"EntryPoint\",\"urlTemplate\":\"https:\\\/\\\/actoria.com\\\/ch-it\\\/?s={search_term_string}\"},\"query-input\":{\"@type\":\"PropertyValueSpecification\",\"valueRequired\":true,\"valueName\":\"search_term_string\"}}],\"inLanguage\":\"it-IT\"},{\"@type\":\"Organization\",\"@id\":\"https:\\\/\\\/actoria.com\\\/ch-it\\\/#organization\",\"name\":\"Actoria Svizzera, Ticico e Italia, Trasferimento di azienda Svizzera, Ticino e Italia, Fusioni & Acquisizioni Svizzera, Ticino e Italia, Sviluppo Strategico Svizzera, Ticino e Italia\",\"alternateName\":\"Vendere la tua azienda, PMI in Belgio, Francia, Svizzera, Marocco, Tunisia, Lussemburgo, Italia\",\"url\":\"https:\\\/\\\/actoria.com\\\/ch-it\\\/\",\"logo\":{\"@type\":\"ImageObject\",\"inLanguage\":\"it-IT\",\"@id\":\"https:\\\/\\\/actoria.com\\\/ch-it\\\/#\\\/schema\\\/logo\\\/image\\\/\",\"url\":\"https:\\\/\\\/actoria.com\\\/ch-it\\\/wp-content\\\/uploads\\\/2020\\\/12\\\/Logo-standard.bmp\",\"contentUrl\":\"https:\\\/\\\/actoria.com\\\/ch-it\\\/wp-content\\\/uploads\\\/2020\\\/12\\\/Logo-standard.bmp\",\"width\":566,\"height\":358,\"caption\":\"Actoria Svizzera, Ticico e Italia, Trasferimento di azienda Svizzera, Ticino e Italia, Fusioni & Acquisizioni Svizzera, Ticino e Italia, Sviluppo Strategico Svizzera, Ticino e Italia\"},\"image\":{\"@id\":\"https:\\\/\\\/actoria.com\\\/ch-it\\\/#\\\/schema\\\/logo\\\/image\\\/\"},\"sameAs\":[\"https:\\\/\\\/fr.linkedin.com\\\/company\\\/actoria-group_2\"]},{\"@type\":\"Person\",\"@id\":\"https:\\\/\\\/actoria.com\\\/ch-it\\\/#\\\/schema\\\/person\\\/53fc9d4c64f5fa0799e40748e07ed566\",\"name\":\"Backoffice\",\"url\":\"https:\\\/\\\/actoria.com\\\/ch-it\\\/author\\\/backoffice\\\/\"}]}<\/script>\n<!-- \/ Yoast SEO plugin. -->","yoast_head_json":{"title":"Comunicazioni","description":"Aerospaziale in Svizzera, Ticino e Italia, industria aerospaziale e della difesa, vendite aziendali in Svizzera, Ticino e Italia Aerospaziale","robots":{"index":"index","follow":"follow","max-snippet":"max-snippet:-1","max-image-preview":"max-image-preview:large","max-video-preview":"max-video-preview:-1"},"canonical":"https:\/\/actoria.com\/ch-it\/servizi\/settori\/comunicazioni\/","og_locale":"it_IT","og_type":"article","og_title":"Comunicazioni","og_description":"Aerospaziale in Svizzera, Ticino e Italia, industria aerospaziale e della difesa, vendite aziendali in Svizzera, Ticino e Italia Aerospaziale","og_url":"https:\/\/actoria.com\/ch-it\/servizi\/settori\/comunicazioni\/","og_site_name":"Trasferimento di azienda Svizzera, Ticino e Italia, Fusioni &amp; Acquisizioni Svizzera, Ticino e Italia, Sviluppo Strategico Svizzera, Ticino e Italia","article_modified_time":"2023-07-18T10:24:14+00:00","og_image":[{"width":2397,"height":1600,"url":"https:\/\/actoria.com\/ch-it\/wp-content\/uploads\/2022\/08\/shutterstock-1-13.jpg","type":"image\/jpeg"}],"twitter_card":"summary_large_image","twitter_misc":{"Tempo di lettura stimato":"7 minuti"},"schema":{"@context":"https:\/\/schema.org","@graph":[{"@type":"Article","@id":"https:\/\/actoria.com\/ch-it\/servizi\/settori\/comunicazioni\/#article","isPartOf":{"@id":"https:\/\/actoria.com\/ch-it\/servizi\/settori\/comunicazioni\/"},"author":{"name":"Backoffice","@id":"https:\/\/actoria.com\/ch-it\/#\/schema\/person\/53fc9d4c64f5fa0799e40748e07ed566"},"headline":"Comunicazioni","datePublished":"2023-07-18T10:22:20+00:00","dateModified":"2023-07-18T10:24:14+00:00","mainEntityOfPage":{"@id":"https:\/\/actoria.com\/ch-it\/servizi\/settori\/comunicazioni\/"},"wordCount":1512,"publisher":{"@id":"https:\/\/actoria.com\/ch-it\/#organization"},"image":{"@id":"https:\/\/actoria.com\/ch-it\/servizi\/settori\/comunicazioni\/#primaryimage"},"thumbnailUrl":"https:\/\/actoria.com\/ch-it\/wp-content\/uploads\/2022\/08\/shutterstock-1-13.jpg","inLanguage":"it-IT"},{"@type":"WebPage","@id":"https:\/\/actoria.com\/ch-it\/servizi\/settori\/comunicazioni\/","url":"https:\/\/actoria.com\/ch-it\/servizi\/settori\/comunicazioni\/","name":"Comunicazioni","isPartOf":{"@id":"https:\/\/actoria.com\/ch-it\/#website"},"primaryImageOfPage":{"@id":"https:\/\/actoria.com\/ch-it\/servizi\/settori\/comunicazioni\/#primaryimage"},"image":{"@id":"https:\/\/actoria.com\/ch-it\/servizi\/settori\/comunicazioni\/#primaryimage"},"thumbnailUrl":"https:\/\/actoria.com\/ch-it\/wp-content\/uploads\/2022\/08\/shutterstock-1-13.jpg","datePublished":"2023-07-18T10:22:20+00:00","dateModified":"2023-07-18T10:24:14+00:00","description":"Aerospaziale in Svizzera, Ticino e Italia, industria aerospaziale e della difesa, vendite aziendali in Svizzera, Ticino e Italia Aerospaziale","breadcrumb":{"@id":"https:\/\/actoria.com\/ch-it\/servizi\/settori\/comunicazioni\/#breadcrumb"},"inLanguage":"it-IT","potentialAction":[{"@type":"ReadAction","target":["https:\/\/actoria.com\/ch-it\/servizi\/settori\/comunicazioni\/"]}]},{"@type":"ImageObject","inLanguage":"it-IT","@id":"https:\/\/actoria.com\/ch-it\/servizi\/settori\/comunicazioni\/#primaryimage","url":"https:\/\/actoria.com\/ch-it\/wp-content\/uploads\/2022\/08\/shutterstock-1-13.jpg","contentUrl":"https:\/\/actoria.com\/ch-it\/wp-content\/uploads\/2022\/08\/shutterstock-1-13.jpg","width":2397,"height":1600,"caption":"Garanzia Attivo\/Passivo, Garanzia Attivo\/Passivo, trasferimento, vendita di societ\u00e0 e azienda in Svizzera e Italia"},{"@type":"BreadcrumbList","@id":"https:\/\/actoria.com\/ch-it\/servizi\/settori\/comunicazioni\/#breadcrumb","itemListElement":[{"@type":"ListItem","position":1,"name":"Home","item":"https:\/\/actoria.com\/ch-it\/"},{"@type":"ListItem","position":2,"name":"Servizi","item":"https:\/\/actoria.com\/ch-it\/servizi\/"},{"@type":"ListItem","position":3,"name":"Settori","item":"https:\/\/actoria.com\/ch-it\/servizi\/settori\/"},{"@type":"ListItem","position":4,"name":"Comunicazioni"}]},{"@type":"WebSite","@id":"https:\/\/actoria.com\/ch-it\/#website","url":"https:\/\/actoria.com\/ch-it\/","name":"Trasferimento di azienda Svizzera, Ticino e Italia, Fusioni & Acquisizioni Svizzera, Ticino e Italia, Sviluppo Strategico Svizzera, Ticino e Italia","description":"Vendere la tua azienda, PMI in Belgio, Francia, Svizzera, Marocco, Tunisia, Lussemburgo, Italia","publisher":{"@id":"https:\/\/actoria.com\/ch-it\/#organization"},"alternateName":"Trasferimento di societ\u00e0, sviluppo di societ\u00e0 in Tunisia, lo specialista in fusioni e acquisizioni in Tunisia dal 2002","potentialAction":[{"@type":"SearchAction","target":{"@type":"EntryPoint","urlTemplate":"https:\/\/actoria.com\/ch-it\/?s={search_term_string}"},"query-input":{"@type":"PropertyValueSpecification","valueRequired":true,"valueName":"search_term_string"}}],"inLanguage":"it-IT"},{"@type":"Organization","@id":"https:\/\/actoria.com\/ch-it\/#organization","name":"Actoria Svizzera, Ticico e Italia, Trasferimento di azienda Svizzera, Ticino e Italia, Fusioni & Acquisizioni Svizzera, Ticino e Italia, Sviluppo Strategico Svizzera, Ticino e Italia","alternateName":"Vendere la tua azienda, PMI in Belgio, Francia, Svizzera, Marocco, Tunisia, Lussemburgo, Italia","url":"https:\/\/actoria.com\/ch-it\/","logo":{"@type":"ImageObject","inLanguage":"it-IT","@id":"https:\/\/actoria.com\/ch-it\/#\/schema\/logo\/image\/","url":"https:\/\/actoria.com\/ch-it\/wp-content\/uploads\/2020\/12\/Logo-standard.bmp","contentUrl":"https:\/\/actoria.com\/ch-it\/wp-content\/uploads\/2020\/12\/Logo-standard.bmp","width":566,"height":358,"caption":"Actoria Svizzera, Ticico e Italia, Trasferimento di azienda Svizzera, Ticino e Italia, Fusioni & Acquisizioni Svizzera, Ticino e Italia, Sviluppo Strategico Svizzera, Ticino e Italia"},"image":{"@id":"https:\/\/actoria.com\/ch-it\/#\/schema\/logo\/image\/"},"sameAs":["https:\/\/fr.linkedin.com\/company\/actoria-group_2"]},{"@type":"Person","@id":"https:\/\/actoria.com\/ch-it\/#\/schema\/person\/53fc9d4c64f5fa0799e40748e07ed566","name":"Backoffice","url":"https:\/\/actoria.com\/ch-it\/author\/backoffice\/"}]}},"_links":{"self":[{"href":"https:\/\/actoria.com\/ch-it\/wp-json\/wp\/v2\/pages\/24975","targetHints":{"allow":["GET"]}}],"collection":[{"href":"https:\/\/actoria.com\/ch-it\/wp-json\/wp\/v2\/pages"}],"about":[{"href":"https:\/\/actoria.com\/ch-it\/wp-json\/wp\/v2\/types\/page"}],"author":[{"embeddable":true,"href":"https:\/\/actoria.com\/ch-it\/wp-json\/wp\/v2\/users\/28"}],"replies":[{"embeddable":true,"href":"https:\/\/actoria.com\/ch-it\/wp-json\/wp\/v2\/comments?post=24975"}],"version-history":[{"count":0,"href":"https:\/\/actoria.com\/ch-it\/wp-json\/wp\/v2\/pages\/24975\/revisions"}],"up":[{"embeddable":true,"href":"https:\/\/actoria.com\/ch-it\/wp-json\/wp\/v2\/pages\/10521"}],"wp:featuredmedia":[{"embeddable":true,"href":"https:\/\/actoria.com\/ch-it\/wp-json\/wp\/v2\/media\/22708"}],"wp:attachment":[{"href":"https:\/\/actoria.com\/ch-it\/wp-json\/wp\/v2\/media?parent=24975"}],"curies":[{"name":"wp","href":"https:\/\/api.w.org\/{rel}","templated":true}]}}