{"id":4604,"date":"2016-08-10T11:47:23","date_gmt":"2016-08-10T09:47:23","guid":{"rendered":"https:\/\/actoria.com\/ch-it\/\/?page_id=4604"},"modified":"2022-08-12T17:44:20","modified_gmt":"2022-08-12T15:44:20","slug":"formulario-valutazione-gratuita","status":"publish","type":"page","link":"https:\/\/actoria.com\/ch-it\/formulario-valutazione-gratuita\/","title":{"rendered":"Formulario valutazione gratuita"},"content":{"rendered":"<div id='av_section_1'  class='avia-section main_color avia-section-default avia-no-border-styling  avia-full-stretch av-parallax-section avia-bg-style-parallax  avia-builder-el-0  el_before_av_hr  avia-builder-el-first  header_page_section_title_wrapper  av-arrow-down-section av-minimum-height av-minimum-height-custom  container_wrap sidebar_right' style=' '  data-section-bg-repeat='stretch'><div class='av-parallax' data-avia-parallax-ratio='0.3' ><div class='av-parallax-inner main_color  avia-full-stretch' style = 'background-repeat: no-repeat; background-image: url(https:\/\/actoria.com\/ch-it\/wp-content\/uploads\/2020\/03\/actoria_cession_entreprise-16.jpg);background-attachment: scroll; background-position: center center; ' ><\/div><\/div><div class='container' style='height:660px'><main  role=\"main\" itemprop=\"mainContentOfPage\"  class='template-page content  av-content-small alpha units'><div class='post-entry post-entry-type-page post-entry-4604'><div class='entry-content-wrapper clearfix'>\n<div class='flex_column_table av-equal-height-column-flextable -flextable' ><div class=\"flex_column av_one_full  av-animated-generic bottom-to-top  flex_column_table_cell av-equal-height-column av-align-bottom av-zero-column-padding first  avia-builder-el-1  avia-builder-el-no-sibling  header_page_section_title \" style='border-radius:0px; ' id=\"header_page_section_title\" ><p><br \/>\n<div  style='padding-bottom:5px; margin:0 0 0 0; color:#ffffff;' class='av-special-heading av-special-heading-h1 custom-color-heading   avia-builder-el-3  el_after_av_codeblock  avia-builder-el-last  '><h1 class='av-special-heading-tag '  itemprop=\"headline\"  >Formulario valutazione gratuita<\/h1><div class='special-heading-border'><div class='special-heading-inner-border' style='border-color:#ffffff'><\/div><\/div><\/div><\/p><\/div><\/div><!--close column table wrapper. Autoclose: 1 --><\/div><\/div><\/main><!-- close content main element --><\/div><div class='av-extra-border-element border-extra-arrow-down'><div class='av-extra-border-outer'><div class='av-extra-border-inner'  style='background-color:#ffffff;' ><\/div><\/div><\/div><\/div><div id='after_section_1'  class='main_color av_default_container_wrap container_wrap sidebar_right' style=' '  ><div class='container' ><div class='template-page content  av-content-small alpha units'><div class='post-entry post-entry-type-page post-entry-4604'><div class='entry-content-wrapper clearfix'><div  style='height:25px' class='hr hr-invisible   avia-builder-el-4  el_after_av_section  el_before_av_postcontent  avia-builder-el-no-sibling '><span class='hr-inner ' ><span class='hr-inner-style'><\/span><\/span><\/div><\/p>\n[av_section min_height='custom' min_height_pc='25' min_height_px='660px' padding='default' shadow='no-border-styling' bottom_border='border-extra-arrow-down' bottom_border_diagonal_color='#ffffff' bottom_border_diagonal_direction='border-extra-diagonal-inverse' bottom_border_style='' custom_margin='0px' custom_margin_sync='true' custom_arrow_bg='' color='main_color' background='bg_color' custom_bg='' background_gradient_color1='' background_gradient_color2='' background_gradient_direction='vertical' src='https:\/\/actoria.com\/ch-it\/\/wp-content\/uploads\/2020\/03\/actoria_cession_entreprise-8.jpg' attachment='9234' attachment_size='full' attach='parallax' position='center center' repeat='stretch' video='' video_ratio='16:9' overlay_opacity='0.5' overlay_color='#000046' overlay_pattern='' overlay_custom_pattern='' id='' custom_class='header_page_section_title_wrapper' aria_label='' av_element_hidden_in_editor='0' av_uid='av-jzjro2lm']\r\n[av_one_full first min_height='av-equal-height-column' vertical_alignment='av-align-bottom' space='' margin='0px' margin_sync='true' row_boxshadow_color='' row_boxshadow_width='10' link='' linktarget='' link_hover='' title_attr='' alt_attr='' padding='0px' padding_sync='true' highlight_size='1.1' border='' border_color='' radius='0px' radius_sync='true' column_boxshadow_color='' column_boxshadow_width='10' background='bg_color' background_color='' background_gradient_color1='' background_gradient_color2='' background_gradient_direction='vertical' src='' attachment='' attachment_size='' background_position='top left' background_repeat='no-repeat' animation='bottom-to-top' mobile_breaking='' mobile_display='' id='header_page_section_title' custom_class='header_page_section_title' av_uid='av-jzjrtnz4'][av_codeblock wrapper_element='' wrapper_element_attributes='' codeblock_type='' av_uid='av-jzjsqafo' custom_class=''][av_breadcrumbs][\/av_codeblock][av_heading heading='Nos conseils en reprise' tag='h1' link_apply='' link='manually,http:\/\/' link_target='' style='' size='' subheading_active='' subheading_size='15' margin='0' margin_sync='true' padding='5' color='custom-color-heading' custom_font='#ffffff' av-medium-font-size-title='' av-small-font-size-title='' av-mini-font-size-title='' av-medium-font-size='' av-small-font-size='' av-mini-font-size='' id='' custom_class='' av_uid='av-k2xcilp6' admin_preview_bg=''][\/av_heading][\/av_one_full][\/av_section][av_one_half first min_height='av-equal-height-column' vertical_alignment='av-align-middle' space='no_margin' margin='0px' margin_sync='true' row_boxshadow_color='' row_boxshadow_width='10' link='' linktarget='' link_hover='' title_attr='' alt_attr='' padding='0px' padding_sync='true' highlight_size='1.1' border='' border_color='' radius='0px' radius_sync='true' column_boxshadow_color='' column_boxshadow_width='10' background='bg_color' background_color='' background_gradient_color1='' background_gradient_color2='' background_gradient_direction='vertical' src='' attachment='' attachment_size='' background_position='top left' background_repeat='no-repeat' animation='' mobile_breaking='' mobile_display='' id='' custom_class='' av_uid='av-2oggqs'][av_textblock size='' font_color='' color='' id='' custom_class='' av-medium-font-size='' av-small-font-size='' av-mini-font-size='' av_uid='av-k2yq5mrl' admin_preview_bg='']<img loading=\"lazy\" decoding=\"async\" class=\"wp-image-7756 size-full alignleft\" src=\"https:\/\/actoria.com\/ch-it\/\/wp-content\/uploads\/2019\/10\/actoria-temoignage.png\" alt=\"\" width=\"987\" height=\"566\" \/>[\/av_textblock][\/av_one_half][av_one_half min_height='' vertical_alignment='' space='' custom_margin='' margin='0px' row_boxshadow='' row_boxshadow_color='' row_boxshadow_width='10' link='' linktarget='' link_hover='' title_attr='' alt_attr='' padding='0px' highlight='' highlight_size='' border='' border_color='' radius='0px' column_boxshadow='' column_boxshadow_color='' column_boxshadow_width='10' background='bg_color' background_color='' background_gradient_color1='' background_gradient_color2='' background_gradient_direction='vertical' src='' background_position='top left' background_repeat='no-repeat' animation='' mobile_breaking='' mobile_display='' av_uid='av-2oggqs'][av_heading heading='10 Conseils' tag='h2' link_apply='' link='manually,http:\/\/' link_target='' style='blockquote modern-quote' size='' subheading_active='subheading_below' subheading_size='15' margin='' margin_sync='true' padding='10' color='' custom_font='' av-medium-font-size-title='' av-small-font-size-title='' av-mini-font-size-title='' av-medium-font-size='' av-small-font-size='' av-mini-font-size='' id='' custom_class='title_dix_conseils' av_uid='av-k2yqintf' admin_preview_bg='']pour bien reprendre une entreprise[\/av_heading][\/av_one_half][av_one_full first min_height='' vertical_alignment='' space='' custom_margin='' margin='0px' row_boxshadow='' row_boxshadow_color='' row_boxshadow_width='10' link='' linktarget='' link_hover='' title_attr='' alt_attr='' padding='0px' highlight='' highlight_size='' border='' border_color='' radius='0px' column_boxshadow='' column_boxshadow_color='' column_boxshadow_width='10' background='bg_color' background_color='' background_gradient_color1='' background_gradient_color2='' background_gradient_direction='vertical' src='' background_position='top left' background_repeat='no-repeat' animation='' mobile_breaking='' mobile_display='' av_uid='av-2oggqs'][av_textblock size='' av-medium-font-size='' av-small-font-size='' av-mini-font-size='' font_color='' color='' id='' custom_class='' av_uid='av-362h3q' admin_preview_bg='']<h3><strong>Conseil N\u00b0 1: Sachez pr\u00e9parer votre projet pour bien reprendre une entreprise<\/strong><\/h3><p style=\"text-align: justify;\">Avant de passer \u00e0 la phase op\u00e9rationnelle, il est indispensable d'engager une r\u00e9flexion sur les <strong>motivations et objectifs de l'op\u00e9ration<\/strong>. Les motivations peuvent \u00eatre multiples et toute opacit\u00e9 sur les motifs constituera un frein \u00e0 l'\u00e9tude de votre dossier par des c\u00e9dants.En outre un <strong>diagnostic patrimonial, voire personnel<\/strong> , constituent un pr\u00e9alable indispensable \u00e0 l'op\u00e9ration.<\/p><h3><strong>Conseil N\u00b0 2: Ne reprenez jamais seul une affaire<\/strong><\/h3><p style=\"text-align: justify;\">Pour bien reprendre une entreprise sur tous ses volets (financiers, fiscaux, juridiques et techniques) il est n\u00e9cessaire de s\u2019entourer de sp\u00e9cialistes, <strong>d\u00e8s la phase de pr\u00e9paration<\/strong>. <strong>Ne comptez pas sur le conseil du c\u00e9dant pour vous aider.<\/strong> Il n\u2019est pas l\u00e0 pour cela et repr\u00e9sente uniquement les int\u00e9r\u00eats du c\u00e9dant. Il se trouverait d\u2019ailleurs en conflit d\u2019int\u00e9r\u00eats et engagerait sa responsabilit\u00e9 professionnelle s\u2019il vous apportait des conseils. <strong>Il est pr\u00e9f\u00e9rable d\u2019adh\u00e9rez \u00e0 un club de repreneurs, d\u2019\u00eatre accompagn\u00e9 par un cabinet conseil \u00ab acheteur \u00bb<\/strong> tant pour la phase d\u2019audit que pour la n\u00e9gociation. Un cabinet conseil \u00ab acheteur \u00bb est une excellente solution pour donner de la cr\u00e9dibilit\u00e9 \u00e0 votre d\u00e9marche \u00e0 l\u2019\u00e9gard des c\u00e9dants et surtout de leurs conseils.<\/p><h3><strong>Conseil N\u00b0 3: D\u00e9finissez pr\u00e9cis\u00e9ment votre cible<\/strong><\/h3><p style=\"text-align: justify;\">L\u2019absence d\u2019identification pr\u00e9cise d\u2019une cible conduit de mani\u00e8re immanquable \u00e0 un \u00e9chec. Ne croyez pas qu\u2019en augmentant le spectre de ciblage, vous augmenterez les chances de r\u00e9ussite. Bien au contraire !<strong> Les cabinets de fusions acquisitions appr\u00e9cient les repreneurs<\/strong> <strong>ayant un ciblage pr\u00e9cis<\/strong> et s\u2019y tenant. Pour autant, si vous ne recherchez qu\u2019une entreprise situ\u00e9e dans votre r\u00e9gion ayant une rentabilit\u00e9 sup\u00e9rieure \u00e0 10%, vous augmentez le risque d'\u00e9chec.<\/p><h3><strong>Conseil N\u00b0 4: C'est le c\u00e9dant qui choisit son repreneur<\/strong><\/h3><p style=\"text-align: justify;\">De nombreuses reprises \u00e9chouent par une <strong>incompr\u00e9hension de la psychologie du c\u00e9dant.<\/strong> Ce dernier a souvent pass\u00e9 plusieurs dizaines d\u2019ann\u00e9es de sa vie \u00e0 mettre en place et d\u00e9velopper un outil de travail qui fait vivre toute sa famille et de nombreux salari\u00e9s. Il ne vend pas un bien immobilier mais plut\u00f4t une partie de lui-m\u00eame. <strong>L\u2019aspect relationnel et affectif dans la n\u00e9gociation appara\u00eet tr\u00e8s souvent comme un \u00e9l\u00e9ment d\u00e9terminant.<\/strong> Le repreneur doit donc <strong>s\u00e9duire<\/strong> le c\u00e9dant potentiel. Les cas de c\u00e9dants ayant d\u00e9cid\u00e9 de vendre \u00e0 un prix inf\u00e9rieur au prix qu\u2019ils avaient initialement d\u00e9cid\u00e9 ne sont pas rares lorsque le repreneur arrive \u00e0 cr\u00e9er un climat de confiance qui rassure le c\u00e9dant quant \u00e0 la p\u00e9rennit\u00e9 de son entreprise.<\/p><h3><strong>Conseil N\u00b0 5: Comportez-vous en riskmanager<\/strong><\/h3><p style=\"text-align: justify;\">Pour bien reprendre une entreprise, il faut s'inscrire dans une d\u00e9marche de riskmanagement. Dans un premier temps <strong>vous devez identifier<\/strong> les risques de la reprise notamment sur les plans financiers (rentabilit\u00e9,...), strat\u00e9giques (l'entreprise est-elle sur un march\u00e9 porteur ?), juridiques (l'entreprise dispose t-elle de contrats commerciaux bien r\u00e9dig\u00e9s?), fiscaux (l'entreprise n\u2019a-t-elle pas pris certains risques inconsid\u00e9r\u00e9s), environnementaux (l'entreprise respecte-t-elle les normes anti-pollution ?), sociaux (l'ambiance sociale est-elle bonne ?). <strong>Une fois ces risques identifi\u00e9s<\/strong>,<strong> vous devrez les \u00e9valuer puis les hi\u00e9rarchiser<\/strong> du plus faible au plus important en termes de sinistralit\u00e9. <strong>In fine, il vous faudra traiter ces risques<\/strong> par voie d'assurance, de garantie ou de transfert.<\/p><h3><strong>Conseil N\u00b0 6: Ayez une approche du financier au regard de son impact sur le fiscal et le juridique<\/strong><\/h3><p style=\"text-align: justify;\">Vous devez engager le c\u00e9dant dans le processus de vente. Pour cela, il est recommand\u00e9, pour l\u2019une et l\u2019autre des parties, de <strong>pr\u00e9-contractualiser les intentions de chacun<\/strong> par une lettre d\u2019intention conjointe. Une promesse bien verrouill\u00e9e permet de limiter les discussions et d\u00e9saccords futurs en fixant notamment des conditions suspensives et r\u00e9solutoires tr\u00e8s pr\u00e9cises ainsi que les indemnit\u00e9s \u00e9ventuelles qui en d\u00e9coulent.La garantie d\u2019actif et de passif doit \u00eatre soigneusement r\u00e9dig\u00e9e par un sp\u00e9cialiste si l\u2019on souhaite pouvoir mettre en \u0153uvre ses dispositions. Il vous faudra n\u00e9gocier les engagements du c\u00e9dant, notamment sa d\u00e9mission du conseil d\u2019administration, son accompagnement \u00e9ventuel et une clause de non concurrence et de non d\u00e9bauchage pour l\u2019avenir.<\/p><h3><strong>Conseil N\u00b0 7: Gardez la main sur le juridique<\/strong><\/h3><p style=\"text-align: justify;\">Attention avant de r\u00e9diger une<strong> lettre d'intention<\/strong>, de demander une <strong>exclusivit\u00e9<\/strong>, de signer une <strong>promesse<\/strong>, un<strong> contrat de vente<\/strong>, une <strong>garantie de passif<\/strong>...Essayez d'impliquer le c\u00e9dant et son conseil d\u00e8s la lettre d'intention. <strong>N'h\u00e9sitez-pas \u00e0 adresser vos projets de lettre d'intention au conseil du c\u00e9dant avant de les faire partir \u00e0 son client. <\/strong>Id\u00e9alement, \u00e9voquez la lettre d'intention avec le conseil du c\u00e9dant dans le cadre d'un ou plusieurs rendez-vous de travail. Vous augmenterez s\u00e9rieusement vos chances d'acceptation de la lettre d'intention, le conseil du c\u00e9dant connaissant la marge de n\u00e9gociation de son client.<\/p><h3><strong>Conseil N\u00b0 8: Le prix n'est pas l'essentiel<\/strong><\/h3><p style=\"text-align: justify;\">Pour bien reprendre une entreprise, ne vous focalisez pas uniquement sur le prix de cession de l\u2019entreprise cible. Essayez d'avoir une approche globale de la valeur de l'entreprise en vous projetant dans l'avenir. <strong>Le potentiel futur<\/strong> <strong>de l'entreprise<\/strong> appara\u00eet \u00e0 ce titre beaucoup plus important que le prix que vous allez payer \u00e0 la signature, ce n'est souvent que 2 ou 3 ans apr\u00e8s que l'on se rend compte si l'on a pay\u00e9 trop cher ou pas une entreprise.<\/p><p style=\"text-align: justify;\"><strong>L'implication du c\u00e9dant dans le processus de reprise<\/strong> appara\u00eet en outre comme un gage de r\u00e9ussite important pour le repreneur. N'oubliez pas que le temps qu'il va passer avec vous pendant la p\u00e9riode d'accompagnement a parfois plus de valeur que le prix que vous allez payer.<\/p><h3><strong>Conseil N\u00b0 9: Sans financement il n'y a pas de reprise<\/strong><\/h3><p style=\"text-align: justify;\">Comme pour n\u2019importe quel projet de cr\u00e9ation ou de d\u00e9veloppement d\u2019entreprise, les partenaires financiers vont rechercher un projet dont le risque est en rapport avec le taux de rendement attendu (TRI). Pour les convaincre, quel que soit le montage, <strong>l\u2019\u00e9l\u00e9ment essentiel r\u00e9side dans la capacit\u00e9 des hommes \u00e0 r\u00e9ussir cette transition et le d\u00e9veloppement qui suivra.<\/strong> La cr\u00e9dibilit\u00e9 commerciale, technique et financi\u00e8re du repreneur sera d\u00e9terminante. L\u2019exp\u00e9rience et la confiance accord\u00e9es au repreneur par les \u00e9quipes de l\u2019entreprise le seront \u00e9galement\u2026 Enfin, <strong>la qualit\u00e9 du business plan, strat\u00e9gique, op\u00e9rationnel et financier<\/strong> devra \u00eatre irr\u00e9prochable.<\/p><h3><strong>Conseil N\u00b0 10: Apr\u00e8s la reprise, adaptez-vous<\/strong><\/h3><p style=\"text-align: justify;\">Vous avez repris ? Attention, vous changez de statut...Vous n'\u00eates plus un salari\u00e9 ou dirigeant d'entreprise mais prenez la place d'un chef d'entreprise dans une entreprise que vous ne connaissez pas. Soyez humble et ne critiquez jamais la gestion pass\u00e9e \u00e0 l'\u00e9gard de qui que ce soit.<strong>Entourez-vous de conseils \u00e0 ce stade<\/strong>, qu'il s'agisse de votre premi\u00e8re exp\u00e9rience en qualit\u00e9 de chef d'entreprise ou d'une op\u00e9ration de croissance externe.<\/p>[\/av_textblock][\/av_one_full][av_postcontent link='page,7678' av_uid='av-k2anrc21']\n<section class=\"av_textblock_section \"  itemscope=\"itemscope\" itemtype=\"https:\/\/schema.org\/CreativeWork\" ><div class='avia_textblock  '   itemprop=\"text\" ><p class=\"info_box\"><strong>Grazie per averci fornito tutte queste informazioni.<\/strong><br \/>\nAl ricevimento di questo modulo di valutazione, Actoria Conseil vi invier\u00e0, gratuitamente e senza impegno, una prima serie di stime finanziarie della vostra azienda. Questa stima \u00e8 fondamentale per il vostro processo decisionale. Ci \u00e8 sembrato normale offrirvi questo servizio gratuito per permettervi di prendere la decisione di trasferire la vostra attivit\u00e0 in tutta tranquillit\u00e0. Se gli elementi comunicati non sono sufficienti, un partner vi chieder\u00e0 di comunicare il vostro ultimo bilancio. Garantiamo totalmente la riservatezza delle informazioni trasmesse a seguito di questo preventivo gratuito.<\/p>\n<\/div><\/section>\n[av_section min_height='' min_height_pc='25' min_height_px='500px' padding='huge' shadow='no-border-styling' bottom_border='no-border-styling' bottom_border_diagonal_color='#333333' bottom_border_diagonal_direction='' bottom_border_style='' margin='aviaTBmargin' custom_margin='50px' custom_margin_sync='true' custom_arrow_bg='' color='alternate_color' background='bg_color' custom_bg='' background_gradient_color1='' background_gradient_color2='' background_gradient_direction='vertical' src='https:\/\/actoria.com\/fr\/wp-content\/uploads\/2019\/10\/actoria-transmission-entreprise-2.jpg' attachment='7691' attachment_size='full' attach='parallax' position='top left' repeat='stretch' video='' video_ratio='16:9' overlay_enable='aviaTBoverlay_enable' overlay_opacity='0.8' overlay_color='#0b0146' overlay_pattern='' overlay_custom_pattern='' id='' custom_class='template_element le_cabinet_resume' aria_label='' av_element_hidden_in_editor='0' av_uid='av-2axmry']\r\n\r\n[av_one_half first min_height='av-equal-height-column' vertical_alignment='av-align-middle' space='' margin='0px' margin_sync='true' row_boxshadow_color='' row_boxshadow_width='10' link='' linktarget='' link_hover='' title_attr='' alt_attr='' padding='0px' padding_sync='true' highlight_size='1.1' border='' border_color='' radius='0px' radius_sync='true' column_boxshadow_color='' column_boxshadow_width='10' background='bg_color' background_color='' background_gradient_color1='' background_gradient_color2='' background_gradient_direction='vertical' src='' attachment='' attachment_size='' background_position='top left' background_repeat='no-repeat' animation='' mobile_breaking='' mobile_display='' id='' custom_class='' av_uid='av-m28772']\r\n\r\n[av_textblock size='' av-medium-font-size='' av-small-font-size='' av-mini-font-size='' font_color='' color='' id='' custom_class='' av_uid='av-24hq0e' admin_preview_bg='']\r\n<h3>Il Gruppo in sintesi:<\/h3>\r\n[\/av_textblock]\r\n\r\n[av_headline_rotator before_rotating='Ogni anno' after_rotating='' margin='' margin_sync='true' align='left' custom_title='#ff3d3d' size='14' av-medium-font-size-title='' av-small-font-size-title='' av-mini-font-size-title='' tag='h3' interval='5' animation='' alb_description='' id='' custom_class='' av_uid='av-kit1c31w' admin_preview_bg='']\r\n[av_rotator_item title='60 missioni di successo' custom_title='#ff3d3d' link='' linktarget='' av_uid='av-hfe426']\r\n[av_rotator_item title='con 20 partner e consulenti senior' custom_title='#ff3d3d' link='' linktarget='' av_uid='av-3a6x7y']\r\n[av_rotator_item title='Su aziende da 5 a 100 dipendenti' custom_title='#ff3d3d' link='' linktarget='' av_uid='av-e91dwe']\r\n[av_rotator_item title='Con un fatturato da 1 a 100 milioni' custom_title='#ff3d3d' link='' linktarget='' av_uid='av-d56udq']\r\n[\/av_headline_rotator]\r\n\r\n[\/av_one_half][av_one_half min_height='' vertical_alignment='' space='' custom_margin='' margin='0px' row_boxshadow='' row_boxshadow_color='' row_boxshadow_width='10' link='' linktarget='' link_hover='' title_attr='' alt_attr='' padding='0px' highlight='' highlight_size='' border='' border_color='' radius='0px' column_boxshadow='' column_boxshadow_color='' column_boxshadow_width='10' background='bg_color' background_color='' background_gradient_color1='' background_gradient_color2='' background_gradient_direction='vertical' src='' background_position='top left' background_repeat='no-repeat' animation='' mobile_breaking='' mobile_display='' av_uid='av-l9wtny']\r\n\r\n[av_textblock size='' av-medium-font-size='' av-small-font-size='' av-mini-font-size='' font_color='' color='' id='' custom_class='' av_uid='av-k2aokny5' admin_preview_bg='']\r\nSiamo presenti in numerosi paesi d'Europa e Africa per raggiungere acquirenti\/investitori stranieri:\r\n[\/av_textblock]\r\n\r\n[av_buttonrow alignment='center' button_spacing='5' button_spacing_unit='px' alb_description='' id='' custom_class='' av_uid='av-k2apppve' admin_preview_bg='']\r\n[av_buttonrow_item label='ACTORIA International' icon_select='no' icon='4' font='entypo-fontello' link='manually,https:\/\/actoria.com\/' link_target='_blank' size='small' label_display='' title_attr='' color='theme-color' custom_bg='#444444' custom_font='#ffffff' av_uid='av-dtv1ou']\r\n[av_buttonrow_item label='ACTORIA Suisse' icon_select='no' icon='4' font='entypo-fontello' link='manually,http:\/\/actoria.com\/ch\/' link_target='_blank' size='small' label_display='' title_attr='' color='theme-color' custom_bg='#444444' custom_font='#ffffff' av_uid='av-ciaxvy']\r\n[av_buttonrow_item label='ACTORIA Marocco' icon_select='no' icon='4' font='entypo-fontello' link='manually,https:\/\/actoria.com\/ma\/' link_target='_blank' size='small' label_display='' title_attr='' color='theme-color' custom_bg='#444444' custom_font='#ffffff' av_uid='av-a7v9gu']\r\n[av_buttonrow_item label='ACTORIA Belgio' icon_select='no' icon='4' font='entypo-fontello' link='manually,https:\/\/actoria.com\/be\/' link_target='_blank' size='small' label_display='' title_attr='' color='theme-color' custom_bg='#444444' custom_font='#ffffff' av_uid='av-8fxqj2']\r\n[av_buttonrow_item label='ACTORIA Spagna' icon_select='no' icon='4' font='entypo-fontello' link='manually,https:\/\/actoria.com\/es\/' link_target='_blank' size='small' label_display='' title_attr='' color='theme-color' custom_bg='#444444' custom_font='#ffffff' av_uid='av-7ypnzy']\r\n[av_buttonrow_item label='ACTORIA Lussemburgo' icon_select='no' icon='4' font='entypo-fontello' link='manually,https:\/\/actoria.com\/lu\/' link_target='_blank' size='small' label_display='' title_attr='' color='theme-color' custom_bg='#444444' custom_font='#ffffff' av_uid='av-5yruz2']\r\n[av_buttonrow_item label='ACTORIA Francia' icon_select='no' icon='4' font='entypo-fontello' link='manually,https:\/\/actoria.com\/fr\/' link_target='_blank' size='small' label_display='' title_attr='' color='theme-color' custom_bg='#444444' custom_font='#ffffff' av_uid='av-2ebsxa' icon_hover='']\r\n[av_buttonrow_item label='ACTORIA Italia' icon_select='no' icon='4' font='entypo-fontello' link='manually,https:\/\/actoria.com\/ch-it\/' link_target='_blank' size='small' label_display='' title_attr='' color='theme-color' custom_bg='#444444' custom_font='#ffffff' av_uid='av-4g0er2']\r\n[av_buttonrow_item label='ACTORIA Tunisia' icon_select='no' icon='ue800' font='entypo-fontello' link='manually,https:\/\/actoria.com\/tn\/' link_target='' size='small' label_display='' title_attr='' color='theme-color' custom_bg='#444444' custom_font='#ffffff' av_uid='av-2lsd4u']\r\n[\/av_buttonrow]\r\n\r\n[\/av_one_half][\/av_section]\n","protected":false},"excerpt":{"rendered":"<p>Vendita azienda Svizzera e Italia, trasferimento azienda Svizzera e Italia, vendita azienda Svizzera e Italia, acquisizione azienda Svizzera e Italia, vendita PMI Svizzera e Italia, vendita PMI Svizzera e Italia, successione PMI Svizzera e Italia, vendita azienda Svizzera e Italia, trovare un acquirente in Svizzera e in Italia<\/p>\n","protected":false},"author":2,"featured_media":18634,"parent":0,"menu_order":0,"comment_status":"closed","ping_status":"closed","template":"","meta":{"footnotes":""},"class_list":["post-4604","page","type-page","status-publish","has-post-thumbnail","hentry"],"_links":{"self":[{"href":"https:\/\/actoria.com\/ch-it\/wp-json\/wp\/v2\/pages\/4604","targetHints":{"allow":["GET"]}}],"collection":[{"href":"https:\/\/actoria.com\/ch-it\/wp-json\/wp\/v2\/pages"}],"about":[{"href":"https:\/\/actoria.com\/ch-it\/wp-json\/wp\/v2\/types\/page"}],"author":[{"embeddable":true,"href":"https:\/\/actoria.com\/ch-it\/wp-json\/wp\/v2\/users\/2"}],"replies":[{"embeddable":true,"href":"https:\/\/actoria.com\/ch-it\/wp-json\/wp\/v2\/comments?post=4604"}],"version-history":[{"count":0,"href":"https:\/\/actoria.com\/ch-it\/wp-json\/wp\/v2\/pages\/4604\/revisions"}],"wp:featuredmedia":[{"embeddable":true,"href":"https:\/\/actoria.com\/ch-it\/wp-json\/wp\/v2\/media\/18634"}],"wp:attachment":[{"href":"https:\/\/actoria.com\/ch-it\/wp-json\/wp\/v2\/media?parent=4604"}],"curies":[{"name":"wp","href":"https:\/\/api.w.org\/{rel}","templated":true}]}}