{"id":5413,"date":"2017-11-22T09:35:24","date_gmt":"2017-11-22T09:35:24","guid":{"rendered":"https:\/\/actoria.com\/ch-it\/\/?page_id=5413"},"modified":"2022-08-12T17:44:43","modified_gmt":"2022-08-12T15:44:43","slug":"messaggio-del-presidente","status":"publish","type":"page","link":"https:\/\/actoria.com\/ch-it\/etica\/messaggio-del-presidente\/","title":{"rendered":"Messaggio del Presidente"},"content":{"rendered":"<div id='av_section_1'  class='avia-section main_color avia-section-default avia-no-border-styling  avia-full-stretch avia-bg-style-fixed  avia-builder-el-0  el_before_av_one_full  avia-builder-el-first  header_page_section_title_wrapper  av-arrow-down-section av-minimum-height av-minimum-height-custom  container_wrap sidebar_right' style='background-repeat: no-repeat; background-image: url(https:\/\/actoria.com\/ch-it\/wp-content\/uploads\/2021\/12\/shutterstock-1-33-1500x936.jpg);background-attachment: fixed; background-position: center center;  '  data-section-bg-repeat='stretch'><div class='container' style='height:660px'><main  role=\"main\" itemprop=\"mainContentOfPage\"  class='template-page content  av-content-small alpha units'><div class='post-entry post-entry-type-page post-entry-5413'><div class='entry-content-wrapper clearfix'>\n<div class='flex_column_table av-equal-height-column-flextable -flextable' ><div class=\"flex_column av_one_full  flex_column_table_cell av-equal-height-column av-align-bottom av-zero-column-padding first  avia-builder-el-1  avia-builder-el-no-sibling  header_page_section_title \" style='border-radius:0px; ' id=\"header_page_section_title\" ><p><br \/>\n<div  style='padding-bottom:5px; margin:0 0 0 0; color:#ffffff;' class='av-special-heading av-special-heading-h1 custom-color-heading   avia-builder-el-3  el_after_av_codeblock  avia-builder-el-last  '><h1 class='av-special-heading-tag '  itemprop=\"headline\"  >Messaggio del Presidente<\/h1><div class='special-heading-border'><div class='special-heading-inner-border' style='border-color:#ffffff'><\/div><\/div><\/div><\/p><\/div><\/div><!--close column table wrapper. Autoclose: 1 -->\n<\/div><\/div><\/main><!-- close content main element --><\/div><div class='av-extra-border-element border-extra-arrow-down'><div class='av-extra-border-outer'><div class='av-extra-border-inner'  style='background-color:#ffffff;' ><\/div><\/div><\/div><\/div><div id='after_section_1'  class='main_color av_default_container_wrap container_wrap sidebar_right' style=' '  ><div class='container' ><div class='template-page content  av-content-small alpha units'><div class='post-entry post-entry-type-page post-entry-5413'><div class='entry-content-wrapper clearfix'>\n<div class=\"flex_column av_one_full  flex_column_div av-zero-column-padding first  avia-builder-el-4  el_after_av_section  avia-builder-el-no-sibling  \" style='border-radius:0px; '><section class=\"av_textblock_section \"  itemscope=\"itemscope\" itemtype=\"https:\/\/schema.org\/CreativeWork\" ><div class='avia_textblock  '   itemprop=\"text\" ><p><img loading=\"lazy\" decoding=\"async\" class=\"alignleft wp-image-3964\" title=\"Fabrice Lange, Presidente del Gruppo Actoria\" src=\"https:\/\/www.actoria.ch\/wp-content\/uploads\/2016\/11\/1857-Copie-684x1024-620x928.jpg\" alt=\"Fabrice Lange, Presidente del Gruppo Actoria\" width=\"276\" height=\"413\" \/><\/p>\n<p style=\"text-align: justify;\">Nel Gruppo Actoria, che abbiamo fondato quasi 20 anni fa, vogliamo fare le cose in modo unico e con una <strong>visione innovativa<\/strong>. Questo \u00e8 il nostro modo di innovare, collaborare, operare e <strong>creare valore<\/strong> sia per chi vende che per chi acquista un&#8217;azienda. \u00c8 radicato nei nostri valori fondamentali.<\/p>\n<p style=\"text-align: justify;\">Di conseguenza, la nostra visione di un mercato etico nella trasmissione\u00a0 di azienda si riflette in tutti i livelli: dalla gestione dei nostri incarichi e dal servizio personalizzato ai nostri clienti, al consolidamento del nostro marchio e della nostra reputazione o al rispetto costante della riservatezza.<\/p>\n<p style=\"text-align: justify;\">Al centro del nostro Codice di condotta aziendale, si trovano i nostri sette valori fondamentali e invariabili: <strong>la creazione di valore per i nostri clienti, l&#8217;eccellenza dei membri del network, il know-how, l&#8217;integrit\u00e0, la responsabilit\u00e0, l&#8217;audacia e la creativit\u00e0<\/strong>. Il Codice di Condotta Aziendale comprende anche i &#8220;Principi di condotta&#8221; che definiscono come possiamo rispettare pienamente i nostri valori e adempiere agli obblighi che ognuno di noi deve comprendere e seguire per mantenere un ambiente di lavoro etico.<\/p>\n<p>La posta in gioco, in un mondo sempre pi\u00f9 frenetico, \u00e8 alta. L&#8217;uberizzazione dell&#8217;economia, che punta alla disintermediazione dei servizi, la digitalizzazione, l&#8217;automazione dei processi, i Big Data, l&#8217;intelligenza artificiale e le blockchain sono tutte nuove sfide che dobbiamo affrontare con il <strong>duplice obiettivo di rispettare i nostri valori fondamentali e di rispondere pi\u00f9 efficacemente alle aspettative dei nostri clienti<\/strong>.<\/p>\n<p style=\"text-align: justify;\">Queste sfide richiedono il meglio da ognuno di noi, ogni giorno e in tutto ci\u00f2 che facciamo. Apprezzo l&#8217;impegno dei consulenti del Gruppo Actoria per rispettare il nostro Codice di condotta aziendale e i valori fondamentali che contraddistinguono Actoria.<\/p>\n<p style=\"text-align: justify;\">Fabrice Lange<\/p>\n<p style=\"text-align: justify;\">Presidente<\/p>\n<p class=\"dual_btn\" style=\"text-align: justify;\"><a class=\"btn_download\" href=\"http:\/\/www.actoria.be\/wp-content\/uploads\/2016\/11\/Code-d\u2019\u00e9thique-Actoria.pdf\">Scarica il nostro Codice etico (Codice etico aziendale)<\/a><a class=\"btn_download\" href=\"http:\/\/www.actoria.be\/wp-content\/uploads\/2016\/11\/DP_ACTORIA_20151207.pdf\">Scarica il nostro comunicato stampa (Press Kit Actoria)<\/a><\/p>\n<\/div><\/section><\/div>\n","protected":false},"excerpt":{"rendered":"<p>Vendita azienda Svizzera e Italia, trasferimento azienda Svizzera e Italia, vendita azienda Svizzera e Italia, acquisizione azienda Svizzera e Italia, vendita PMI Svizzera e Italia, vendita PMI Svizzera e Italia, successione PMI Svizzera e Italia, vendita azienda Svizzera e Italia, trovare un acquirente in Svizzera e in Italia<\/p>\n","protected":false},"author":2,"featured_media":18656,"parent":9892,"menu_order":2,"comment_status":"closed","ping_status":"closed","template":"","meta":{"footnotes":""},"class_list":["post-5413","page","type-page","status-publish","has-post-thumbnail","hentry"],"_links":{"self":[{"href":"https:\/\/actoria.com\/ch-it\/wp-json\/wp\/v2\/pages\/5413","targetHints":{"allow":["GET"]}}],"collection":[{"href":"https:\/\/actoria.com\/ch-it\/wp-json\/wp\/v2\/pages"}],"about":[{"href":"https:\/\/actoria.com\/ch-it\/wp-json\/wp\/v2\/types\/page"}],"author":[{"embeddable":true,"href":"https:\/\/actoria.com\/ch-it\/wp-json\/wp\/v2\/users\/2"}],"replies":[{"embeddable":true,"href":"https:\/\/actoria.com\/ch-it\/wp-json\/wp\/v2\/comments?post=5413"}],"version-history":[{"count":0,"href":"https:\/\/actoria.com\/ch-it\/wp-json\/wp\/v2\/pages\/5413\/revisions"}],"up":[{"embeddable":true,"href":"https:\/\/actoria.com\/ch-it\/wp-json\/wp\/v2\/pages\/9892"}],"wp:featuredmedia":[{"embeddable":true,"href":"https:\/\/actoria.com\/ch-it\/wp-json\/wp\/v2\/media\/18656"}],"wp:attachment":[{"href":"https:\/\/actoria.com\/ch-it\/wp-json\/wp\/v2\/media?parent=5413"}],"curies":[{"name":"wp","href":"https:\/\/api.w.org\/{rel}","templated":true}]}}