{"id":6238,"date":"2018-03-13T14:37:42","date_gmt":"2018-03-13T14:37:42","guid":{"rendered":"https:\/\/actoria.com\/ch-it\/\/?page_id=6238"},"modified":"2022-08-12T17:45:55","modified_gmt":"2022-08-12T15:45:55","slug":"finanziare-lacquisizione-dellazienda","status":"publish","type":"page","link":"https:\/\/actoria.com\/ch-it\/riassunto\/passi-per-unacquisizione-di-successo\/finanziare-lacquisizione-dellazienda\/","title":{"rendered":"Finanziare l&#8217;acquisizione dell&#8217;azienda"},"content":{"rendered":"<div id='av_section_1'  class='avia-section main_color avia-section-default avia-no-border-styling  avia-bg-style-parallax  avia-builder-el-0  el_before_av_two_fifth  avia-builder-el-first  header_page_section_title_wrapper  av-arrow-down-section av-minimum-height av-minimum-height-custom  container_wrap sidebar_right' style=' '  ><div class='container' style='height:660px'><main  role=\"main\" itemprop=\"mainContentOfPage\"  class='template-page content  av-content-small alpha units'><div class='post-entry post-entry-type-page post-entry-6238'><div class='entry-content-wrapper clearfix'>\n<div class='flex_column_table av-equal-height-column-flextable -flextable' ><div class=\"flex_column av_one_full  av-animated-generic bottom-to-top  flex_column_table_cell av-equal-height-column av-align-bottom av-zero-column-padding first  avia-builder-el-1  avia-builder-el-no-sibling  header_page_section_title \" style='border-radius:0px; ' id=\"header_page_section_title\" ><p><br \/>\n<div  style='padding-bottom:5px; margin:0 0 0 0; color:#ffffff;' class='av-special-heading av-special-heading-h1 custom-color-heading   avia-builder-el-3  el_after_av_codeblock  avia-builder-el-last  '><h1 class='av-special-heading-tag '  itemprop=\"headline\"  >Finanziare l\u2018acquisizione dell\u2019azienda<\/h1><div class='special-heading-border'><div class='special-heading-inner-border' style='border-color:#ffffff'><\/div><\/div><\/div><\/p><\/div><\/div><!--close column table wrapper. Autoclose: 1 --><\/div><\/div><\/main><!-- close content main element --><\/div><div class='av-extra-border-element border-extra-arrow-down'><div class='av-extra-border-outer'><div class='av-extra-border-inner'  style='background-color:#ffffff;' ><\/div><\/div><\/div><\/div><div id='after_section_1'  class='main_color av_default_container_wrap container_wrap sidebar_right' style=' '  ><div class='container' ><div class='template-page content  av-content-small alpha units'><div class='post-entry post-entry-type-page post-entry-6238'><div class='entry-content-wrapper clearfix'><div class='flex_column_table av-equal-height-column-flextable -flextable' ><div class=\"flex_column av_two_fifth  no_margin flex_column_table_cell av-equal-height-column av-align-middle av-zero-column-padding first  avia-builder-el-4  el_after_av_section  el_before_av_three_fifth  avia-builder-el-first  \" style='border-radius:0px; '><section class=\"av_textblock_section \"  itemscope=\"itemscope\" itemtype=\"https:\/\/schema.org\/CreativeWork\" ><div class='avia_textblock  '   itemprop=\"text\" ><p><img loading=\"lazy\" decoding=\"async\" class=\"wp-image-8110 alignleft\" src=\"https:\/\/actoria.com\/ch-it\/\/wp-content\/uploads\/2019\/11\/modern-factory-management-2PEM4V8.jpg\" alt=\"\" width=\"929\" height=\"619\" title=\"\" srcset=\"https:\/\/actoria.com\/ch-it\/wp-content\/uploads\/2019\/11\/modern-factory-management-2PEM4V8.jpg 2000w, https:\/\/actoria.com\/ch-it\/wp-content\/uploads\/2019\/11\/modern-factory-management-2PEM4V8-300x200.jpg 300w, https:\/\/actoria.com\/ch-it\/wp-content\/uploads\/2019\/11\/modern-factory-management-2PEM4V8-1030x686.jpg 1030w, https:\/\/actoria.com\/ch-it\/wp-content\/uploads\/2019\/11\/modern-factory-management-2PEM4V8-768x512.jpg 768w, https:\/\/actoria.com\/ch-it\/wp-content\/uploads\/2019\/11\/modern-factory-management-2PEM4V8-1536x1024.jpg 1536w, https:\/\/actoria.com\/ch-it\/wp-content\/uploads\/2019\/11\/modern-factory-management-2PEM4V8-1500x1000.jpg 1500w, https:\/\/actoria.com\/ch-it\/wp-content\/uploads\/2019\/11\/modern-factory-management-2PEM4V8-705x470.jpg 705w\" sizes=\"auto, (max-width: 929px) 100vw, 929px\" \/><\/p>\n<\/div><\/section><\/div><\/p>\n<div class=\"flex_column av_three_fifth  no_margin flex_column_table_cell av-equal-height-column av-align-middle av-zero-column-padding   avia-builder-el-6  el_after_av_two_fifth  el_before_av_one_full  \" style='border-radius:0px; '><section class=\"av_textblock_section \"  itemscope=\"itemscope\" itemtype=\"https:\/\/schema.org\/CreativeWork\" ><div class='avia_textblock  '   itemprop=\"text\" ><p class=\"\">La questione del finanziamento di un&#8217;acquisizione aziendale rimane una questione delicata che non dovrebbe mai essere sottovalutata.<br \/>\nChe siate un compratore individuale o un&#8217;azienda a crescita esterna, dovreste affrontare la questione del finanziamento prima ancora di iniziare a finanziare un&#8217;acquisizione d&#8217;impresa.<br \/>\nIn particolare, dovreste assicurarvi che il vostro capitale sia sufficiente per finanziare un obiettivo.<\/p>\n<\/div><\/section><\/div><\/div><!--close column table wrapper. Autoclose: 1 --><div class=\"flex_column av_one_full  flex_column_div av-zero-column-padding first  avia-builder-el-8  el_after_av_three_fifth  el_before_av_one_third  \" style='border-radius:0px; '><p><section class=\"av_textblock_section \"  itemscope=\"itemscope\" itemtype=\"https:\/\/schema.org\/CreativeWork\" ><div class='avia_textblock  '   itemprop=\"text\" ><p>In generale, le banche finanziano le acquisizioni di imprese sulla base del 30% del patrimonio netto.<br \/>\nIn altre parole, per un&#8217;acquisizione di 1000, voi dovete contribuire con 300 e la banca finanzier\u00e0 il saldo di 700 in un massimo di 7 anni, prendendo come riferimento i risultati futuri dell&#8217;azienda, con una riduzione dal 20 al 30% per lasciare riserve essenziali per lo sviluppo dell&#8217;azienda.<\/p>\n<p>Per quanto riguarda gli attori, la situazione \u00e8 cambiata significativamente negli ultimi 5 anni e vediamo sempre pi\u00f9 soluzioni alternative per finanziare le acquisizioni che non passano pi\u00f9 attraverso le banche tradizionali.<br \/>\nLe piattaforme di tipo Fintech orientate al finanziamento partecipativo rivoluzioneranno il finanziamento delle acquisizioni di imprese.<br \/>\nPi\u00f9 che mai, di fronte alla moltitudine e alla complessit\u00e0 delle soluzioni di finanziamento, avete bisogno di essere sostenuti nel vostro finanziamento.<br \/>\nVorremmo evidenziare alcune societ\u00e0 specializzate nel finanziamento di acquisizioni di imprese che riteniamo interessanti.<\/p>\n<\/div><\/section><br \/>\n<div  style='height:50px' class='hr hr-invisible   avia-builder-el-10  el_after_av_textblock  avia-builder-el-last '><span class='hr-inner ' ><span class='hr-inner-style'><\/span><\/span><\/div><\/p><\/div><div class='flex_column_table av-equal-height-column-flextable -flextable' ><div class=\"flex_column av_one_third  no_margin flex_column_table_cell av-equal-height-column av-align-middle av-zero-column-padding first  avia-builder-el-11  el_after_av_one_full  el_before_av_two_third  column-top-margin\" style='border-radius:0px; '><section class=\"av_textblock_section \"  itemscope=\"itemscope\" itemtype=\"https:\/\/schema.org\/CreativeWork\" ><div class='avia_textblock  '   itemprop=\"text\" ><p><img loading=\"lazy\" decoding=\"async\" class=\"alignleft wp-image-6246 size-full\" src=\"https:\/\/actoria.com\/ch-it\/\/wp-content\/uploads\/2018\/03\/azza.jpg\" alt=\"\" width=\"560\" height=\"231\" title=\"\" srcset=\"https:\/\/actoria.com\/ch-it\/wp-content\/uploads\/2018\/03\/azza.jpg 560w, https:\/\/actoria.com\/ch-it\/wp-content\/uploads\/2018\/03\/azza-300x124.jpg 300w, https:\/\/actoria.com\/ch-it\/wp-content\/uploads\/2018\/03\/azza-450x186.jpg 450w\" sizes=\"auto, (max-width: 560px) 100vw, 560px\" \/><\/p>\n<\/div><\/section><\/div><\/p>\n<div class=\"flex_column av_two_third  no_margin flex_column_table_cell av-equal-height-column av-align-middle av-zero-column-padding   avia-builder-el-13  el_after_av_one_third  el_before_av_one_full  column-top-margin\" style='border-radius:0px; '><section class=\"av_textblock_section \"  itemscope=\"itemscope\" itemtype=\"https:\/\/schema.org\/CreativeWork\" ><div class='avia_textblock  '   itemprop=\"text\" ><p class=\"\">Pr\u20act Pro \u00e8 una societ\u00e0 nazionale di intermediazione finanziaria professionale. Assiste i creatori e gli acquirenti di imprese nella ricerca e nell&#8217;ottenimento di finanziamenti.<br \/>\nIl loro intervento \u00e8 diviso in quattro fasi.<\/p>\n<\/div><\/section><\/div><\/div><!--close column table wrapper. Autoclose: 1 --><div class=\"flex_column av_one_full  flex_column_div av-zero-column-padding first  avia-builder-el-15  el_after_av_two_third  el_before_av_postcontent  avia-builder-el-last  nomargin column-top-margin\" style='border-radius:0px; '><section class=\"av_textblock_section \"  itemscope=\"itemscope\" itemtype=\"https:\/\/schema.org\/CreativeWork\" ><div class='avia_textblock  '   itemprop=\"text\" ><ul>\n<li>Creazione di un dossier di finanziamento dematerializzato; i documenti sono depositati su un accesso extranet sicuro. Vi consigliamo la forma e il contenuto della presentazione del vostro dossier: punti forti messi in evidenza, Business Plan adattato alle banche.<\/li>\n<li>Invio alla banca e accompagnamento alla riunione della banca. Lavoriamo con TUTTE le banche, quindi sono tutte contattate. Durante questo incontro, presenterete il vostro progetto e discuteremo le vostre esigenze di finanziamento in interazione con i partner bancari presenti.<\/li>\n<li>Negoziazione di tutte le voci finanziarie. Le banche inviano una proposta di finanziamento, ma dettagliano anche tutti i costi della futura relazione (gestione del conto, spese di transazione, servizi di incasso, assicurazione del prestito, ecc.)<\/li>\n<li>Scelta della banca. Faremo una tabella comparativa di tutte le offerte dettagliate ricevute, e tu sceglierai quella che vuoi.<\/li>\n<\/ul>\n<p>Le loro parole chiave sono trasparenza e professionalit\u00e0. Trasparenza perch\u00e9 siete informati in tempo reale dello stato della vostra pratica tramite la vostra extranet. Professionalit\u00e0 perch\u00e9 sono circondati da esperti in tutte le fasi della vostra pratica.<\/p>\n<p><strong>K\u00e9vin PINGUET<\/strong><br \/>\nBroker di finanziamento professionale<br \/>\n06.23.11.20.51<br \/>\nkevin.pinguet@pretpro.fr<\/p>\n<p><strong>PR\u20acT PRO &#8211; Marchio nazionale di intermediazione finanziaria professionale<\/strong><\/p>\n<\/div><\/section><\/div>[av_section min_height='' min_height_pc='25' min_height_px='500px' padding='huge' shadow='no-border-styling' bottom_border='no-border-styling' bottom_border_diagonal_color='#333333' bottom_border_diagonal_direction='' bottom_border_style='' margin='aviaTBmargin' custom_margin='50px' custom_margin_sync='true' custom_arrow_bg='' color='alternate_color' background='bg_color' custom_bg='' background_gradient_color1='' background_gradient_color2='' background_gradient_direction='vertical' src='https:\/\/actoria.com\/fr\/wp-content\/uploads\/2019\/10\/actoria-transmission-entreprise-2.jpg' attachment='7691' attachment_size='full' attach='parallax' position='top left' repeat='stretch' video='' video_ratio='16:9' overlay_enable='aviaTBoverlay_enable' overlay_opacity='0.8' overlay_color='#0b0146' overlay_pattern='' overlay_custom_pattern='' id='' custom_class='template_element le_cabinet_resume' aria_label='' av_element_hidden_in_editor='0' av_uid='av-2axmry']\r\n\r\n[av_one_half first min_height='av-equal-height-column' vertical_alignment='av-align-middle' space='' margin='0px' margin_sync='true' row_boxshadow_color='' row_boxshadow_width='10' link='' linktarget='' link_hover='' title_attr='' alt_attr='' padding='0px' padding_sync='true' highlight_size='1.1' border='' border_color='' radius='0px' radius_sync='true' column_boxshadow_color='' column_boxshadow_width='10' background='bg_color' background_color='' background_gradient_color1='' background_gradient_color2='' background_gradient_direction='vertical' src='' attachment='' attachment_size='' background_position='top left' background_repeat='no-repeat' animation='' mobile_breaking='' mobile_display='' id='' custom_class='' av_uid='av-m28772']\r\n\r\n[av_textblock size='' av-medium-font-size='' av-small-font-size='' av-mini-font-size='' font_color='' color='' id='' custom_class='' av_uid='av-24hq0e' admin_preview_bg='']\r\n<h3>Il Gruppo in sintesi:<\/h3>\r\n[\/av_textblock]\r\n\r\n[av_headline_rotator before_rotating='Ogni anno' after_rotating='' margin='' margin_sync='true' align='left' custom_title='#ff3d3d' size='14' av-medium-font-size-title='' av-small-font-size-title='' av-mini-font-size-title='' tag='h3' interval='5' animation='' alb_description='' id='' custom_class='' av_uid='av-kit1c31w' admin_preview_bg='']\r\n[av_rotator_item title='60 missioni di successo' custom_title='#ff3d3d' link='' linktarget='' av_uid='av-hfe426']\r\n[av_rotator_item title='con 20 partner e consulenti senior' custom_title='#ff3d3d' link='' linktarget='' av_uid='av-3a6x7y']\r\n[av_rotator_item title='Su aziende da 5 a 100 dipendenti' custom_title='#ff3d3d' link='' linktarget='' av_uid='av-e91dwe']\r\n[av_rotator_item title='Con un fatturato da 1 a 100 milioni' custom_title='#ff3d3d' link='' linktarget='' av_uid='av-d56udq']\r\n[\/av_headline_rotator]\r\n\r\n[\/av_one_half][av_one_half min_height='' vertical_alignment='' space='' custom_margin='' margin='0px' row_boxshadow='' row_boxshadow_color='' row_boxshadow_width='10' link='' linktarget='' link_hover='' title_attr='' alt_attr='' padding='0px' highlight='' highlight_size='' border='' border_color='' radius='0px' column_boxshadow='' column_boxshadow_color='' column_boxshadow_width='10' background='bg_color' background_color='' background_gradient_color1='' background_gradient_color2='' background_gradient_direction='vertical' src='' background_position='top left' background_repeat='no-repeat' animation='' mobile_breaking='' mobile_display='' av_uid='av-l9wtny']\r\n\r\n[av_textblock size='' av-medium-font-size='' av-small-font-size='' av-mini-font-size='' font_color='' color='' id='' custom_class='' av_uid='av-k2aokny5' admin_preview_bg='']\r\nSiamo presenti in numerosi paesi d'Europa e Africa per raggiungere acquirenti\/investitori stranieri:\r\n[\/av_textblock]\r\n\r\n[av_buttonrow alignment='center' button_spacing='5' button_spacing_unit='px' alb_description='' id='' custom_class='' av_uid='av-k2apppve' admin_preview_bg='']\r\n[av_buttonrow_item label='ACTORIA International' icon_select='no' icon='4' font='entypo-fontello' link='manually,https:\/\/actoria.com\/' link_target='_blank' size='small' label_display='' title_attr='' color='theme-color' custom_bg='#444444' custom_font='#ffffff' av_uid='av-dtv1ou']\r\n[av_buttonrow_item label='ACTORIA Suisse' icon_select='no' icon='4' font='entypo-fontello' link='manually,http:\/\/actoria.com\/ch\/' link_target='_blank' size='small' label_display='' title_attr='' color='theme-color' custom_bg='#444444' custom_font='#ffffff' av_uid='av-ciaxvy']\r\n[av_buttonrow_item label='ACTORIA Marocco' icon_select='no' icon='4' font='entypo-fontello' link='manually,https:\/\/actoria.com\/ma\/' link_target='_blank' size='small' label_display='' title_attr='' color='theme-color' custom_bg='#444444' custom_font='#ffffff' av_uid='av-a7v9gu']\r\n[av_buttonrow_item label='ACTORIA Belgio' icon_select='no' icon='4' font='entypo-fontello' link='manually,https:\/\/actoria.com\/be\/' link_target='_blank' size='small' label_display='' title_attr='' color='theme-color' custom_bg='#444444' custom_font='#ffffff' av_uid='av-8fxqj2']\r\n[av_buttonrow_item label='ACTORIA Spagna' icon_select='no' icon='4' font='entypo-fontello' link='manually,https:\/\/actoria.com\/es\/' link_target='_blank' size='small' label_display='' title_attr='' color='theme-color' custom_bg='#444444' custom_font='#ffffff' av_uid='av-7ypnzy']\r\n[av_buttonrow_item label='ACTORIA Lussemburgo' icon_select='no' icon='4' font='entypo-fontello' link='manually,https:\/\/actoria.com\/lu\/' link_target='_blank' size='small' label_display='' title_attr='' color='theme-color' custom_bg='#444444' custom_font='#ffffff' av_uid='av-5yruz2']\r\n[av_buttonrow_item label='ACTORIA Francia' icon_select='no' icon='4' font='entypo-fontello' link='manually,https:\/\/actoria.com\/fr\/' link_target='_blank' size='small' label_display='' title_attr='' color='theme-color' custom_bg='#444444' custom_font='#ffffff' av_uid='av-2ebsxa' icon_hover='']\r\n[av_buttonrow_item label='ACTORIA Italia' icon_select='no' icon='4' font='entypo-fontello' link='manually,https:\/\/actoria.com\/ch-it\/' link_target='_blank' size='small' label_display='' title_attr='' color='theme-color' custom_bg='#444444' custom_font='#ffffff' av_uid='av-4g0er2']\r\n[av_buttonrow_item label='ACTORIA Tunisia' icon_select='no' icon='ue800' font='entypo-fontello' link='manually,https:\/\/actoria.com\/tn\/' link_target='' size='small' label_display='' title_attr='' color='theme-color' custom_bg='#444444' custom_font='#ffffff' av_uid='av-2lsd4u']\r\n[\/av_buttonrow]\r\n\r\n[\/av_one_half][\/av_section]<\/p>\n","protected":false},"excerpt":{"rendered":"<p>Vendita azienda Svizzera e Italia, trasferimento azienda Svizzera e Italia, vendita azienda Svizzera e Italia, acquisizione azienda Svizzera e Italia, vendita PMI Svizzera e Italia, vendita PMI Svizzera e Italia, successione PMI Svizzera e Italia, vendita azienda Svizzera e Italia, trovare un acquirente in Svizzera e in Italia<\/p>\n","protected":false},"author":2,"featured_media":22660,"parent":1700,"menu_order":2,"comment_status":"closed","ping_status":"closed","template":"","meta":{"footnotes":""},"class_list":["post-6238","page","type-page","status-publish","has-post-thumbnail","hentry"],"_links":{"self":[{"href":"https:\/\/actoria.com\/ch-it\/wp-json\/wp\/v2\/pages\/6238","targetHints":{"allow":["GET"]}}],"collection":[{"href":"https:\/\/actoria.com\/ch-it\/wp-json\/wp\/v2\/pages"}],"about":[{"href":"https:\/\/actoria.com\/ch-it\/wp-json\/wp\/v2\/types\/page"}],"author":[{"embeddable":true,"href":"https:\/\/actoria.com\/ch-it\/wp-json\/wp\/v2\/users\/2"}],"replies":[{"embeddable":true,"href":"https:\/\/actoria.com\/ch-it\/wp-json\/wp\/v2\/comments?post=6238"}],"version-history":[{"count":0,"href":"https:\/\/actoria.com\/ch-it\/wp-json\/wp\/v2\/pages\/6238\/revisions"}],"up":[{"embeddable":true,"href":"https:\/\/actoria.com\/ch-it\/wp-json\/wp\/v2\/pages\/1700"}],"wp:featuredmedia":[{"embeddable":true,"href":"https:\/\/actoria.com\/ch-it\/wp-json\/wp\/v2\/media\/22660"}],"wp:attachment":[{"href":"https:\/\/actoria.com\/ch-it\/wp-json\/wp\/v2\/media?parent=6238"}],"curies":[{"name":"wp","href":"https:\/\/api.w.org\/{rel}","templated":true}]}}