{"id":6476,"date":"2022-05-11T15:50:35","date_gmt":"2022-05-11T13:50:35","guid":{"rendered":"https:\/\/actoria.com\/ch-it\/\/?page_id=6476"},"modified":"2022-08-12T17:39:08","modified_gmt":"2022-08-12T15:39:08","slug":"vendere-la-propria-azienda-7-tecniche-di-negoziazione","status":"publish","type":"page","link":"https:\/\/actoria.com\/ch-it\/organizzazione\/sedi\/vendere-la-propria-azienda-7-tecniche-di-negoziazione\/","title":{"rendered":"Vendere la propria azienda: 7 tecniche di negoziazione"},"content":{"rendered":"<div class=\"entry-thumbnail has-thumb\"><img loading=\"lazy\" decoding=\"async\" class=\"attachment-large wp-post-image aligncenter\" src=\"https:\/\/www.actoriaconseil.com\/wp-content\/uploads\/2018\/04\/vendre-son-entreprise-negociation.jpg\" sizes=\"auto, (max-width: 843px) 100vw, 843px\" srcset=\"https:\/\/www.actoriaconseil.com\/wp-content\/uploads\/2018\/04\/vendre-son-entreprise-negociation.jpg 1000w, https:\/\/www.actoriaconseil.com\/wp-content\/uploads\/2018\/04\/vendre-son-entreprise-negociation-300x200.jpg 300w, https:\/\/www.actoriaconseil.com\/wp-content\/uploads\/2018\/04\/vendre-son-entreprise-negociation-768x512.jpg 768w\" alt=\"Vendere la propria azienda in Svizzera: 7 tecniche di negoziazione\" width=\"843\" height=\"562\" \/><\/div>\n<div class=\"entry-content entry--item\">\n<p><strong>Quando si tratta di vendere la propria azienda, i manager a volte perdono i buoni principi che hanno acquisito nel tempo. Ecco i nostri consigli per una negoziazione di successo.<\/strong><br \/>\nVendere la propria attivit\u00e0 non \u00e8 un compito facile. Non esiste un manuale di gestione dedicato a questo esercizio. Actoria, specialista in trasferimenti di imprese da pi\u00f9 di 20 anni, ti guider\u00e0 in questa fase inevitabile della tua vita di manager.<\/p>\n<h2>7 CONSIGLI PER VENDERE LA PROPRIA AZIENDA<\/h2>\n<h3>1. NON PARLARE (SOLO) DI TE STESSO<\/h3>\n<p>Questo \u00e8 un errore comune. Ma per vendere la vostra attivit\u00e0, non dovete parlare solo dei vostri prodotti. Al contrario, \u00e8 ascoltando i potenziali acquirenti che il venditore pu\u00f2 identificare la perla rara. E capire cosa si aspettano dal trasferimento.<\/p>\n<h3>2. ESSERE CURIOSI<\/h3>\n<p>Fate molte domande. Lungi dall&#8217;essere un segno di debolezza, questo assicura che si comprendono le ambizioni dei potenziali acquirenti. Chiedete loro quali sono le priorit\u00e0 e le aspettative. Comprendere l&#8217;ecosistema dell&#8217;acquirente vi aiuter\u00e0 a identificare le aree di accordo.<\/p>\n<h3>3. IMMAGINARE UNA SOLUZIONE PER L&#8217;ACQUIRENTE<\/h3>\n<p>Vendere la propria attivit\u00e0 significa preoccuparsi del futuro. Sta a voi mettere in atto una strategia post-trasferimento. Mostrare che il futuro dell&#8217;azienda, dei suoi prodotti e dei suoi servizi \u00e8 assicurato. E che si pu\u00f2 contribuire ad esso dopo la vendita.<\/p>\n<h3>4. SORPRESA<\/h3>\n<p>Questa \u00e8 una tecnica di negoziazione essenziale. Dire all&#8217;altra persona qualcosa che non sa all&#8217;inizio della conversazione. Dimostrate la vostra capacit\u00e0 di aggiungere valore al loro business esistente. E soprattutto, dimostrate quanto siete esperti nel vostro campo, nel vostro mercato. Offri una visione lungimirante del tuo settore e non dimenticare di menzionare le competenze interne.<\/p>\n<h3>5. INTERESSARSI AL MONDO DELL&#8217;ACQUIRENTE<\/h3>\n<p>Come manager di una PMI, hai imparato a fare tutto. Approfittate di queste esperienze per interessarvi al settore dell&#8217;acquirente. Scoprite le sue sfide e assicuratevi di poter aiutare il candidato a raggiungere i suoi obiettivi professionali o strategici.<\/p>\n<h3>6. SOLLEVARE OBIEZIONI<\/h3>\n<p>La vendita della tua azienda non si fa a qualsiasi prezzo e a qualsiasi condizione di negoziazione.\u00a0Anticipare le possibili obiezioni del potenziale acquirente.\u00a0Date importanza alle loro preoccupazioni e rispondete con onest\u00e0 e obiettivit\u00e0.<\/p>\n<h3>7. OFFRIRE OPZIONI NELLA NEGOZIAZIONE<\/h3>\n<p>Non lasciare il tuo intervistatore senza offrire diverse opzioni. Assicuratevi di essere soddisfatti di loro, qualunque sia la scelta finale. Voi sarete soddisfatti del risultato finale e l&#8217;acquirente conserva una soluzione che \u00e8 la migliore per lui. In breve, tutti sono felici.<br \/>\nContattate <strong>Actoria<\/strong> e beneficiate della nostra guida personale durante la vendita della vostra impresa.<\/p>\n<\/div>\n","protected":false},"excerpt":{"rendered":"<p>Vendita azienda Svizzera e Italia, trasferimento azienda Svizzera e Italia, vendita azienda Svizzera e Italia, acquisizione azienda Svizzera e Italia, vendita PMI Svizzera e Italia, vendita PMI Svizzera e Italia, successione PMI Svizzera e Italia, vendita azienda Svizzera e Italia, trovare un acquirente in Svizzera e in Italia<\/p>\n","protected":false},"author":2,"featured_media":18347,"parent":8737,"menu_order":0,"comment_status":"closed","ping_status":"closed","template":"","meta":{"footnotes":""},"class_list":["post-6476","page","type-page","status-publish","has-post-thumbnail","hentry"],"yoast_head":"<!-- This site is optimized with the Yoast SEO plugin v27.4 - https:\/\/yoast.com\/product\/yoast-seo-wordpress\/ -->\n<title>Vendere la propria azienda in Svizzera: 7 tecniche di negoziazione<\/title>\n<meta name=\"description\" content=\"Vendere la propria azienda in Svizzera, Ticino e Italia: 7 tecniche di negoziazione\" \/>\n<meta name=\"robots\" content=\"index, follow, max-snippet:-1, max-image-preview:large, max-video-preview:-1\" \/>\n<link rel=\"canonical\" href=\"https:\/\/actoria.com\/ch-it\/organizzazione\/sedi\/vendere-la-propria-azienda-7-tecniche-di-negoziazione\/\" \/>\n<meta property=\"og:locale\" content=\"it_IT\" \/>\n<meta property=\"og:type\" content=\"article\" \/>\n<meta property=\"og:title\" content=\"Vendere la propria azienda in Svizzera: 7 tecniche di negoziazione\" \/>\n<meta property=\"og:description\" content=\"Vendere la propria azienda in Svizzera, Ticino e Italia: 7 tecniche di negoziazione\" \/>\n<meta property=\"og:url\" content=\"https:\/\/actoria.com\/ch-it\/organizzazione\/sedi\/vendere-la-propria-azienda-7-tecniche-di-negoziazione\/\" \/>\n<meta property=\"og:site_name\" content=\"Trasferimento di azienda Svizzera, Ticino e Italia, Fusioni &amp; Acquisizioni Svizzera, Ticino e Italia, Sviluppo Strategico Svizzera, Ticino e Italia\" \/>\n<meta property=\"article:modified_time\" content=\"2022-08-12T15:39:08+00:00\" \/>\n<meta property=\"og:image\" content=\"https:\/\/actoria.com\/ch-it\/wp-content\/uploads\/2021\/12\/shutterstock-1-9.jpg\" \/>\n\t<meta property=\"og:image:width\" content=\"2257\" \/>\n\t<meta property=\"og:image:height\" content=\"1600\" \/>\n\t<meta property=\"og:image:type\" content=\"image\/jpeg\" \/>\n<meta name=\"twitter:card\" content=\"summary_large_image\" \/>\n<meta name=\"twitter:label1\" content=\"Tempo di lettura stimato\" \/>\n\t<meta name=\"twitter:data1\" content=\"3 minuti\" \/>\n<script type=\"application\/ld+json\" class=\"yoast-schema-graph\">{\"@context\":\"https:\\\/\\\/schema.org\",\"@graph\":[{\"@type\":\"Article\",\"@id\":\"https:\\\/\\\/actoria.com\\\/ch-it\\\/organizzazione\\\/sedi\\\/vendere-la-propria-azienda-7-tecniche-di-negoziazione\\\/#article\",\"isPartOf\":{\"@id\":\"https:\\\/\\\/actoria.com\\\/ch-it\\\/organizzazione\\\/sedi\\\/vendere-la-propria-azienda-7-tecniche-di-negoziazione\\\/\"},\"author\":{\"name\":\"fabrice\",\"@id\":\"https:\\\/\\\/actoria.com\\\/ch-it\\\/#\\\/schema\\\/person\\\/f49dd9d0c4e953ed3de3e3b44cd339ac\"},\"headline\":\"Vendere la propria azienda: 7 tecniche di negoziazione\",\"datePublished\":\"2022-05-11T13:50:35+00:00\",\"dateModified\":\"2022-08-12T15:39:08+00:00\",\"mainEntityOfPage\":{\"@id\":\"https:\\\/\\\/actoria.com\\\/ch-it\\\/organizzazione\\\/sedi\\\/vendere-la-propria-azienda-7-tecniche-di-negoziazione\\\/\"},\"wordCount\":415,\"publisher\":{\"@id\":\"https:\\\/\\\/actoria.com\\\/ch-it\\\/#organization\"},\"image\":{\"@id\":\"https:\\\/\\\/actoria.com\\\/ch-it\\\/organizzazione\\\/sedi\\\/vendere-la-propria-azienda-7-tecniche-di-negoziazione\\\/#primaryimage\"},\"thumbnailUrl\":\"https:\\\/\\\/actoria.com\\\/ch-it\\\/wp-content\\\/uploads\\\/2021\\\/12\\\/shutterstock-1-9.jpg\",\"inLanguage\":\"it-IT\"},{\"@type\":\"WebPage\",\"@id\":\"https:\\\/\\\/actoria.com\\\/ch-it\\\/organizzazione\\\/sedi\\\/vendere-la-propria-azienda-7-tecniche-di-negoziazione\\\/\",\"url\":\"https:\\\/\\\/actoria.com\\\/ch-it\\\/organizzazione\\\/sedi\\\/vendere-la-propria-azienda-7-tecniche-di-negoziazione\\\/\",\"name\":\"Vendere la propria azienda in Svizzera: 7 tecniche di negoziazione\",\"isPartOf\":{\"@id\":\"https:\\\/\\\/actoria.com\\\/ch-it\\\/#website\"},\"primaryImageOfPage\":{\"@id\":\"https:\\\/\\\/actoria.com\\\/ch-it\\\/organizzazione\\\/sedi\\\/vendere-la-propria-azienda-7-tecniche-di-negoziazione\\\/#primaryimage\"},\"image\":{\"@id\":\"https:\\\/\\\/actoria.com\\\/ch-it\\\/organizzazione\\\/sedi\\\/vendere-la-propria-azienda-7-tecniche-di-negoziazione\\\/#primaryimage\"},\"thumbnailUrl\":\"https:\\\/\\\/actoria.com\\\/ch-it\\\/wp-content\\\/uploads\\\/2021\\\/12\\\/shutterstock-1-9.jpg\",\"datePublished\":\"2022-05-11T13:50:35+00:00\",\"dateModified\":\"2022-08-12T15:39:08+00:00\",\"description\":\"Vendere la propria azienda in Svizzera, Ticino e Italia: 7 tecniche di negoziazione\",\"breadcrumb\":{\"@id\":\"https:\\\/\\\/actoria.com\\\/ch-it\\\/organizzazione\\\/sedi\\\/vendere-la-propria-azienda-7-tecniche-di-negoziazione\\\/#breadcrumb\"},\"inLanguage\":\"it-IT\",\"potentialAction\":[{\"@type\":\"ReadAction\",\"target\":[\"https:\\\/\\\/actoria.com\\\/ch-it\\\/organizzazione\\\/sedi\\\/vendere-la-propria-azienda-7-tecniche-di-negoziazione\\\/\"]}]},{\"@type\":\"ImageObject\",\"inLanguage\":\"it-IT\",\"@id\":\"https:\\\/\\\/actoria.com\\\/ch-it\\\/organizzazione\\\/sedi\\\/vendere-la-propria-azienda-7-tecniche-di-negoziazione\\\/#primaryimage\",\"url\":\"https:\\\/\\\/actoria.com\\\/ch-it\\\/wp-content\\\/uploads\\\/2021\\\/12\\\/shutterstock-1-9.jpg\",\"contentUrl\":\"https:\\\/\\\/actoria.com\\\/ch-it\\\/wp-content\\\/uploads\\\/2021\\\/12\\\/shutterstock-1-9.jpg\",\"width\":2257,\"height\":1600,\"caption\":\"Settori, Settori, trasferimento, vendita di societ\u00e0 e azienda in Svizzera e Italia\"},{\"@type\":\"BreadcrumbList\",\"@id\":\"https:\\\/\\\/actoria.com\\\/ch-it\\\/organizzazione\\\/sedi\\\/vendere-la-propria-azienda-7-tecniche-di-negoziazione\\\/#breadcrumb\",\"itemListElement\":[{\"@type\":\"ListItem\",\"position\":1,\"name\":\"Home\",\"item\":\"https:\\\/\\\/actoria.com\\\/ch-it\\\/\"},{\"@type\":\"ListItem\",\"position\":2,\"name\":\"Organizzazione\",\"item\":\"https:\\\/\\\/actoria.com\\\/ch-it\\\/organizzazione\\\/\"},{\"@type\":\"ListItem\",\"position\":3,\"name\":\"Sedi cantonali\",\"item\":\"https:\\\/\\\/actoria.com\\\/ch-it\\\/organizzazione\\\/sedi\\\/\"},{\"@type\":\"ListItem\",\"position\":4,\"name\":\"Vendere la propria azienda: 7 tecniche di negoziazione\"}]},{\"@type\":\"WebSite\",\"@id\":\"https:\\\/\\\/actoria.com\\\/ch-it\\\/#website\",\"url\":\"https:\\\/\\\/actoria.com\\\/ch-it\\\/\",\"name\":\"Trasferimento di azienda Svizzera, Ticino e Italia, Fusioni & Acquisizioni Svizzera, Ticino e Italia, Sviluppo Strategico Svizzera, Ticino e Italia\",\"description\":\"Vendere la tua azienda, PMI in Belgio, Francia, Svizzera, Marocco, Tunisia, Lussemburgo, Italia\",\"publisher\":{\"@id\":\"https:\\\/\\\/actoria.com\\\/ch-it\\\/#organization\"},\"alternateName\":\"Trasferimento di societ\u00e0, sviluppo di societ\u00e0 in Tunisia, lo specialista in fusioni e acquisizioni in Tunisia dal 2002\",\"potentialAction\":[{\"@type\":\"SearchAction\",\"target\":{\"@type\":\"EntryPoint\",\"urlTemplate\":\"https:\\\/\\\/actoria.com\\\/ch-it\\\/?s={search_term_string}\"},\"query-input\":{\"@type\":\"PropertyValueSpecification\",\"valueRequired\":true,\"valueName\":\"search_term_string\"}}],\"inLanguage\":\"it-IT\"},{\"@type\":\"Organization\",\"@id\":\"https:\\\/\\\/actoria.com\\\/ch-it\\\/#organization\",\"name\":\"Actoria Svizzera, Ticico e Italia, Trasferimento di azienda Svizzera, Ticino e Italia, Fusioni & Acquisizioni Svizzera, Ticino e Italia, Sviluppo Strategico Svizzera, Ticino e Italia\",\"alternateName\":\"Vendere la tua azienda, PMI in Belgio, Francia, Svizzera, Marocco, Tunisia, Lussemburgo, Italia\",\"url\":\"https:\\\/\\\/actoria.com\\\/ch-it\\\/\",\"logo\":{\"@type\":\"ImageObject\",\"inLanguage\":\"it-IT\",\"@id\":\"https:\\\/\\\/actoria.com\\\/ch-it\\\/#\\\/schema\\\/logo\\\/image\\\/\",\"url\":\"https:\\\/\\\/actoria.com\\\/ch-it\\\/wp-content\\\/uploads\\\/2020\\\/12\\\/Logo-standard.bmp\",\"contentUrl\":\"https:\\\/\\\/actoria.com\\\/ch-it\\\/wp-content\\\/uploads\\\/2020\\\/12\\\/Logo-standard.bmp\",\"width\":566,\"height\":358,\"caption\":\"Actoria Svizzera, Ticico e Italia, Trasferimento di azienda Svizzera, Ticino e Italia, Fusioni & Acquisizioni Svizzera, Ticino e Italia, Sviluppo Strategico Svizzera, Ticino e Italia\"},\"image\":{\"@id\":\"https:\\\/\\\/actoria.com\\\/ch-it\\\/#\\\/schema\\\/logo\\\/image\\\/\"},\"sameAs\":[\"https:\\\/\\\/fr.linkedin.com\\\/company\\\/actoria-group_2\"]},{\"@type\":\"Person\",\"@id\":\"https:\\\/\\\/actoria.com\\\/ch-it\\\/#\\\/schema\\\/person\\\/f49dd9d0c4e953ed3de3e3b44cd339ac\",\"name\":\"fabrice\",\"url\":\"https:\\\/\\\/actoria.com\\\/ch-it\\\/author\\\/fabrice\\\/\"}]}<\/script>\n<!-- \/ Yoast SEO plugin. -->","yoast_head_json":{"title":"Vendere la propria azienda in Svizzera: 7 tecniche di negoziazione","description":"Vendere la propria azienda in Svizzera, Ticino e Italia: 7 tecniche di negoziazione","robots":{"index":"index","follow":"follow","max-snippet":"max-snippet:-1","max-image-preview":"max-image-preview:large","max-video-preview":"max-video-preview:-1"},"canonical":"https:\/\/actoria.com\/ch-it\/organizzazione\/sedi\/vendere-la-propria-azienda-7-tecniche-di-negoziazione\/","og_locale":"it_IT","og_type":"article","og_title":"Vendere la propria azienda in Svizzera: 7 tecniche di negoziazione","og_description":"Vendere la propria azienda in Svizzera, Ticino e Italia: 7 tecniche di negoziazione","og_url":"https:\/\/actoria.com\/ch-it\/organizzazione\/sedi\/vendere-la-propria-azienda-7-tecniche-di-negoziazione\/","og_site_name":"Trasferimento di azienda Svizzera, Ticino e Italia, Fusioni &amp; Acquisizioni Svizzera, Ticino e Italia, Sviluppo Strategico Svizzera, Ticino e Italia","article_modified_time":"2022-08-12T15:39:08+00:00","og_image":[{"width":2257,"height":1600,"url":"https:\/\/actoria.com\/ch-it\/wp-content\/uploads\/2021\/12\/shutterstock-1-9.jpg","type":"image\/jpeg"}],"twitter_card":"summary_large_image","twitter_misc":{"Tempo di lettura stimato":"3 minuti"},"schema":{"@context":"https:\/\/schema.org","@graph":[{"@type":"Article","@id":"https:\/\/actoria.com\/ch-it\/organizzazione\/sedi\/vendere-la-propria-azienda-7-tecniche-di-negoziazione\/#article","isPartOf":{"@id":"https:\/\/actoria.com\/ch-it\/organizzazione\/sedi\/vendere-la-propria-azienda-7-tecniche-di-negoziazione\/"},"author":{"name":"fabrice","@id":"https:\/\/actoria.com\/ch-it\/#\/schema\/person\/f49dd9d0c4e953ed3de3e3b44cd339ac"},"headline":"Vendere la propria azienda: 7 tecniche di negoziazione","datePublished":"2022-05-11T13:50:35+00:00","dateModified":"2022-08-12T15:39:08+00:00","mainEntityOfPage":{"@id":"https:\/\/actoria.com\/ch-it\/organizzazione\/sedi\/vendere-la-propria-azienda-7-tecniche-di-negoziazione\/"},"wordCount":415,"publisher":{"@id":"https:\/\/actoria.com\/ch-it\/#organization"},"image":{"@id":"https:\/\/actoria.com\/ch-it\/organizzazione\/sedi\/vendere-la-propria-azienda-7-tecniche-di-negoziazione\/#primaryimage"},"thumbnailUrl":"https:\/\/actoria.com\/ch-it\/wp-content\/uploads\/2021\/12\/shutterstock-1-9.jpg","inLanguage":"it-IT"},{"@type":"WebPage","@id":"https:\/\/actoria.com\/ch-it\/organizzazione\/sedi\/vendere-la-propria-azienda-7-tecniche-di-negoziazione\/","url":"https:\/\/actoria.com\/ch-it\/organizzazione\/sedi\/vendere-la-propria-azienda-7-tecniche-di-negoziazione\/","name":"Vendere la propria azienda in Svizzera: 7 tecniche di negoziazione","isPartOf":{"@id":"https:\/\/actoria.com\/ch-it\/#website"},"primaryImageOfPage":{"@id":"https:\/\/actoria.com\/ch-it\/organizzazione\/sedi\/vendere-la-propria-azienda-7-tecniche-di-negoziazione\/#primaryimage"},"image":{"@id":"https:\/\/actoria.com\/ch-it\/organizzazione\/sedi\/vendere-la-propria-azienda-7-tecniche-di-negoziazione\/#primaryimage"},"thumbnailUrl":"https:\/\/actoria.com\/ch-it\/wp-content\/uploads\/2021\/12\/shutterstock-1-9.jpg","datePublished":"2022-05-11T13:50:35+00:00","dateModified":"2022-08-12T15:39:08+00:00","description":"Vendere la propria azienda in Svizzera, Ticino e Italia: 7 tecniche di negoziazione","breadcrumb":{"@id":"https:\/\/actoria.com\/ch-it\/organizzazione\/sedi\/vendere-la-propria-azienda-7-tecniche-di-negoziazione\/#breadcrumb"},"inLanguage":"it-IT","potentialAction":[{"@type":"ReadAction","target":["https:\/\/actoria.com\/ch-it\/organizzazione\/sedi\/vendere-la-propria-azienda-7-tecniche-di-negoziazione\/"]}]},{"@type":"ImageObject","inLanguage":"it-IT","@id":"https:\/\/actoria.com\/ch-it\/organizzazione\/sedi\/vendere-la-propria-azienda-7-tecniche-di-negoziazione\/#primaryimage","url":"https:\/\/actoria.com\/ch-it\/wp-content\/uploads\/2021\/12\/shutterstock-1-9.jpg","contentUrl":"https:\/\/actoria.com\/ch-it\/wp-content\/uploads\/2021\/12\/shutterstock-1-9.jpg","width":2257,"height":1600,"caption":"Settori, Settori, trasferimento, vendita di societ\u00e0 e azienda in Svizzera e Italia"},{"@type":"BreadcrumbList","@id":"https:\/\/actoria.com\/ch-it\/organizzazione\/sedi\/vendere-la-propria-azienda-7-tecniche-di-negoziazione\/#breadcrumb","itemListElement":[{"@type":"ListItem","position":1,"name":"Home","item":"https:\/\/actoria.com\/ch-it\/"},{"@type":"ListItem","position":2,"name":"Organizzazione","item":"https:\/\/actoria.com\/ch-it\/organizzazione\/"},{"@type":"ListItem","position":3,"name":"Sedi cantonali","item":"https:\/\/actoria.com\/ch-it\/organizzazione\/sedi\/"},{"@type":"ListItem","position":4,"name":"Vendere la propria azienda: 7 tecniche di negoziazione"}]},{"@type":"WebSite","@id":"https:\/\/actoria.com\/ch-it\/#website","url":"https:\/\/actoria.com\/ch-it\/","name":"Trasferimento di azienda Svizzera, Ticino e Italia, Fusioni & Acquisizioni Svizzera, Ticino e Italia, Sviluppo Strategico Svizzera, Ticino e Italia","description":"Vendere la tua azienda, PMI in Belgio, Francia, Svizzera, Marocco, Tunisia, Lussemburgo, Italia","publisher":{"@id":"https:\/\/actoria.com\/ch-it\/#organization"},"alternateName":"Trasferimento di societ\u00e0, sviluppo di societ\u00e0 in Tunisia, lo specialista in fusioni e acquisizioni in Tunisia dal 2002","potentialAction":[{"@type":"SearchAction","target":{"@type":"EntryPoint","urlTemplate":"https:\/\/actoria.com\/ch-it\/?s={search_term_string}"},"query-input":{"@type":"PropertyValueSpecification","valueRequired":true,"valueName":"search_term_string"}}],"inLanguage":"it-IT"},{"@type":"Organization","@id":"https:\/\/actoria.com\/ch-it\/#organization","name":"Actoria Svizzera, Ticico e Italia, Trasferimento di azienda Svizzera, Ticino e Italia, Fusioni & Acquisizioni Svizzera, Ticino e Italia, Sviluppo Strategico Svizzera, Ticino e Italia","alternateName":"Vendere la tua azienda, PMI in Belgio, Francia, Svizzera, Marocco, Tunisia, Lussemburgo, Italia","url":"https:\/\/actoria.com\/ch-it\/","logo":{"@type":"ImageObject","inLanguage":"it-IT","@id":"https:\/\/actoria.com\/ch-it\/#\/schema\/logo\/image\/","url":"https:\/\/actoria.com\/ch-it\/wp-content\/uploads\/2020\/12\/Logo-standard.bmp","contentUrl":"https:\/\/actoria.com\/ch-it\/wp-content\/uploads\/2020\/12\/Logo-standard.bmp","width":566,"height":358,"caption":"Actoria Svizzera, Ticico e Italia, Trasferimento di azienda Svizzera, Ticino e Italia, Fusioni & Acquisizioni Svizzera, Ticino e Italia, Sviluppo Strategico Svizzera, Ticino e Italia"},"image":{"@id":"https:\/\/actoria.com\/ch-it\/#\/schema\/logo\/image\/"},"sameAs":["https:\/\/fr.linkedin.com\/company\/actoria-group_2"]},{"@type":"Person","@id":"https:\/\/actoria.com\/ch-it\/#\/schema\/person\/f49dd9d0c4e953ed3de3e3b44cd339ac","name":"fabrice","url":"https:\/\/actoria.com\/ch-it\/author\/fabrice\/"}]}},"_links":{"self":[{"href":"https:\/\/actoria.com\/ch-it\/wp-json\/wp\/v2\/pages\/6476","targetHints":{"allow":["GET"]}}],"collection":[{"href":"https:\/\/actoria.com\/ch-it\/wp-json\/wp\/v2\/pages"}],"about":[{"href":"https:\/\/actoria.com\/ch-it\/wp-json\/wp\/v2\/types\/page"}],"author":[{"embeddable":true,"href":"https:\/\/actoria.com\/ch-it\/wp-json\/wp\/v2\/users\/2"}],"replies":[{"embeddable":true,"href":"https:\/\/actoria.com\/ch-it\/wp-json\/wp\/v2\/comments?post=6476"}],"version-history":[{"count":0,"href":"https:\/\/actoria.com\/ch-it\/wp-json\/wp\/v2\/pages\/6476\/revisions"}],"up":[{"embeddable":true,"href":"https:\/\/actoria.com\/ch-it\/wp-json\/wp\/v2\/pages\/8737"}],"wp:featuredmedia":[{"embeddable":true,"href":"https:\/\/actoria.com\/ch-it\/wp-json\/wp\/v2\/media\/18347"}],"wp:attachment":[{"href":"https:\/\/actoria.com\/ch-it\/wp-json\/wp\/v2\/media?parent=6476"}],"curies":[{"name":"wp","href":"https:\/\/api.w.org\/{rel}","templated":true}]}}