{"id":6512,"date":"2021-11-05T17:40:46","date_gmt":"2021-11-05T16:40:46","guid":{"rendered":"https:\/\/actoria.com\/ch-it\/\/?page_id=6512"},"modified":"2022-08-12T17:41:34","modified_gmt":"2022-08-12T15:41:34","slug":"dovrebbe-rilevare-o-iniziare-unattivita","status":"publish","type":"page","link":"https:\/\/actoria.com\/ch-it\/riassunto\/dovrebbe-rilevare-o-iniziare-unattivita\/","title":{"rendered":"Dovrebbe rilevare o iniziare un&#8217;attivit\u00e0?"},"content":{"rendered":"<p><img loading=\"lazy\" decoding=\"async\" class=\"alignleft wp-image-6511 size-medium\" title=\"Faut-il reprendre ou cr\u00e9er une entreprise ?, transmission d'entreprises en Suisse\" src=\"https:\/\/actoria.com\/ch-it\/\/wp-content\/uploads\/2018\/11\/creer-ou-racheter-entreprise-300x201.jpg\" alt=\"Faut-il reprendre ou cr\u00e9er une entreprise ?, transmission d'entreprises en Suisse\" width=\"300\" height=\"201\" srcset=\"https:\/\/actoria.com\/ch-it\/wp-content\/uploads\/2018\/11\/creer-ou-racheter-entreprise-300x201.jpg 300w, https:\/\/actoria.com\/ch-it\/wp-content\/uploads\/2018\/11\/creer-ou-racheter-entreprise-768x514.jpg 768w, https:\/\/actoria.com\/ch-it\/wp-content\/uploads\/2018\/11\/creer-ou-racheter-entreprise-705x472.jpg 705w, https:\/\/actoria.com\/ch-it\/wp-content\/uploads\/2018\/11\/creer-ou-racheter-entreprise.jpg 1000w\" sizes=\"auto, (max-width: 300px) 100vw, 300px\" \/><\/p>\n<p>Vuoi essere il tuo capo? Hai sempre voluto essere un imprenditore? L&#8217;acquisto di un&#8217;attivit\u00e0 potrebbe essere l&#8217;occasione perfetta per iniziare. Costruendo su una struttura esistente, \u00e8 possibile implementare una strategia di sviluppo audace.<\/p>\n<h2>COMPRARE UN&#8217;AZIENDA: LE BASI DEL TUO PROGETTO<\/h2>\n<p>Prima di comprare un&#8217;attivit\u00e0, dovresti farti le stesse domande che ti faresti se stessi iniziando un&#8217;attivit\u00e0. Perch\u00e9 dovreste imbarcarvi in questa avventura? \u00c8 il momento giusto? La mia famiglia e i miei amici mi seguiranno? Sono capace di gestire un&#8217;impresa? Ho i mezzi finanziari? In breve, \u00e8 consigliabile mettere in discussione le proprie motivazioni e fare un <strong>bilancio delle competenze<\/strong>. A volte sar\u00e0 necessario completare la vostra formazione prima di fare il grande passo. Ma molto spesso, dovrete cercare un finanziamento per completare il vostro contributo personale.<\/p>\n<p>Leggi anche: Quali sono gli aspetti difficili del processo di acquisizione di un&#8217;impresa?<\/p>\n<h2>COME SI FA A TROVARE UN&#8217;AZIENDA DA COMPRARE?<\/h2>\n<p>Prima di acquistare un&#8217;azienda, definisci i tuoi criteri di ricerca: settore, attivit\u00e0, dimensioni dell&#8217;azienda, area geografica, fascia di prezzo. Poi, comunicate con gli altri sul vostro progetto.\u00a0Sviluppa contatti utili attraverso i tuoi contatti personali e professionali. Contattate le organizzazioni che possono occuparsi di queste questioni, come le camere di commercio, le federazioni e le organizzazioni professionali e, naturalmente, gli esperti di trasferimento.<br \/>\nPoi, quando si incontra un&#8217;azienda che viene trasferita, si dovrebbe fare un&#8217;analisi approfondita e meticolosa dei suoi risultati. \u00c8 possibile accedere agli ultimi 3 bilanci e conti economici, atti di propriet\u00e0, locazioni commerciali, contratti di lavoro dei dipendenti e certificati di conformit\u00e0. Chiedete anche una lista delle attrezzature vendute. L&#8217;obiettivo \u00e8 rispondere a 2 domande fondamentali:<\/p>\n<ul>\n<li>qual \u00e8 il potenziale di sviluppo dell&#8217;azienda?<\/li>\n<li>Il prezzo richiesto \u00e8 giustificato?<\/li>\n<\/ul>\n<h2>COMPRARE UN&#8217;AZIENDA: A CHE PREZZO?<\/h2>\n<p>Infine, dovete sapere che ci sono diversi metodi per misurare il valore di un&#8217;azienda. Questo \u00e8 il momento di chiedere consiglio a un commercialista per aiutarvi a capire la valutazione del business.<\/p>\n<ul>\n<li><strong>L&#8217;approccio patrimoniale:<\/strong> il prezzo dell&#8217;azienda \u00e8 calcolato sull&#8217;ammontare dei suoi attivi, meno i suoi debiti.<\/li>\n<li><strong>Metodi dinamici:<\/strong> il valore \u00e8 determinato secondo il potenziale della struttura e il suo reddito futuro.<\/li>\n<li><strong>L&#8217;approccio comparativo:<\/strong> l&#8217;importo del prezzo di vendita \u00e8 basato sui prezzi di vendita di aziende comparabili sul mercato.<\/li>\n<\/ul>\n<p>Leggi anche: Come fissare il prezzo ideale per il tuo business<br \/>\nConfrontando questi diversi metodi, sarete in grado di determinare una fascia di prezzo, che potrete poi negoziare con il venditore.<br \/>\nGrazie al supporto di professionisti dedicati al trasferimento di imprese, l&#8217;acquisto di un&#8217;impresa con i consulenti di <strong>Actoria International<\/strong> ti permette di rendere la transazione il pi\u00f9 sicura possibile.<\/p>\n<p>&nbsp;<\/p>\n","protected":false},"excerpt":{"rendered":"<p>Vendita azienda Svizzera e Italia, trasferimento azienda Svizzera e Italia, vendita azienda Svizzera e Italia, acquisizione azienda Svizzera e Italia, vendita PMI Svizzera e Italia, vendita PMI Svizzera e Italia, successione PMI Svizzera e Italia, vendita azienda Svizzera e Italia, trovare un acquirente in Svizzera e in Italia<\/p>\n","protected":false},"author":2,"featured_media":18381,"parent":1690,"menu_order":0,"comment_status":"closed","ping_status":"closed","template":"","meta":{"footnotes":""},"class_list":["post-6512","page","type-page","status-publish","has-post-thumbnail","hentry"],"yoast_head":"<!-- This site is optimized with the Yoast SEO plugin v27.4 - https:\/\/yoast.com\/product\/yoast-seo-wordpress\/ -->\n<title>Dovete rilevare o avviare un&#039;attivit\u00e0 in Svizzera?<\/title>\n<meta name=\"description\" content=\"Dovete rilevare o avviare un&#039;attivit\u00e0 in Svizzera, Ticino e Italia?\" \/>\n<meta name=\"robots\" content=\"index, follow, max-snippet:-1, max-image-preview:large, max-video-preview:-1\" \/>\n<link rel=\"canonical\" href=\"https:\/\/actoria.com\/ch-it\/riassunto\/dovrebbe-rilevare-o-iniziare-unattivita\/\" \/>\n<meta property=\"og:locale\" content=\"it_IT\" \/>\n<meta property=\"og:type\" content=\"article\" \/>\n<meta property=\"og:title\" content=\"Dovete rilevare o avviare un&#039;attivit\u00e0 in Svizzera?\" \/>\n<meta property=\"og:description\" content=\"Dovete rilevare o avviare un&#039;attivit\u00e0 in Svizzera, Ticino e Italia?\" \/>\n<meta property=\"og:url\" content=\"https:\/\/actoria.com\/ch-it\/riassunto\/dovrebbe-rilevare-o-iniziare-unattivita\/\" \/>\n<meta property=\"og:site_name\" content=\"Trasferimento di azienda Svizzera, Ticino e Italia, Fusioni &amp; Acquisizioni Svizzera, Ticino e Italia, Sviluppo Strategico Svizzera, Ticino e Italia\" \/>\n<meta property=\"article:modified_time\" content=\"2022-08-12T15:41:34+00:00\" \/>\n<meta property=\"og:image\" content=\"https:\/\/actoria.com\/ch-it\/wp-content\/uploads\/2021\/12\/shutterstock-1-19.jpg\" \/>\n\t<meta property=\"og:image:width\" content=\"2400\" \/>\n\t<meta property=\"og:image:height\" content=\"1600\" \/>\n\t<meta property=\"og:image:type\" content=\"image\/jpeg\" \/>\n<meta name=\"twitter:card\" content=\"summary_large_image\" \/>\n<meta name=\"twitter:label1\" content=\"Tempo di lettura stimato\" \/>\n\t<meta name=\"twitter:data1\" content=\"2 minuti\" \/>\n<script type=\"application\/ld+json\" class=\"yoast-schema-graph\">{\"@context\":\"https:\\\/\\\/schema.org\",\"@graph\":[{\"@type\":\"Article\",\"@id\":\"https:\\\/\\\/actoria.com\\\/ch-it\\\/riassunto\\\/dovrebbe-rilevare-o-iniziare-unattivita\\\/#article\",\"isPartOf\":{\"@id\":\"https:\\\/\\\/actoria.com\\\/ch-it\\\/riassunto\\\/dovrebbe-rilevare-o-iniziare-unattivita\\\/\"},\"author\":{\"name\":\"fabrice\",\"@id\":\"https:\\\/\\\/actoria.com\\\/ch-it\\\/#\\\/schema\\\/person\\\/f49dd9d0c4e953ed3de3e3b44cd339ac\"},\"headline\":\"Dovrebbe rilevare o iniziare un&#8217;attivit\u00e0?\",\"datePublished\":\"2021-11-05T16:40:46+00:00\",\"dateModified\":\"2022-08-12T15:41:34+00:00\",\"mainEntityOfPage\":{\"@id\":\"https:\\\/\\\/actoria.com\\\/ch-it\\\/riassunto\\\/dovrebbe-rilevare-o-iniziare-unattivita\\\/\"},\"wordCount\":443,\"publisher\":{\"@id\":\"https:\\\/\\\/actoria.com\\\/ch-it\\\/#organization\"},\"image\":{\"@id\":\"https:\\\/\\\/actoria.com\\\/ch-it\\\/riassunto\\\/dovrebbe-rilevare-o-iniziare-unattivita\\\/#primaryimage\"},\"thumbnailUrl\":\"https:\\\/\\\/actoria.com\\\/ch-it\\\/wp-content\\\/uploads\\\/2021\\\/12\\\/shutterstock-1-19.jpg\",\"inLanguage\":\"it-IT\"},{\"@type\":\"WebPage\",\"@id\":\"https:\\\/\\\/actoria.com\\\/ch-it\\\/riassunto\\\/dovrebbe-rilevare-o-iniziare-unattivita\\\/\",\"url\":\"https:\\\/\\\/actoria.com\\\/ch-it\\\/riassunto\\\/dovrebbe-rilevare-o-iniziare-unattivita\\\/\",\"name\":\"Dovete rilevare o avviare un'attivit\u00e0 in Svizzera?\",\"isPartOf\":{\"@id\":\"https:\\\/\\\/actoria.com\\\/ch-it\\\/#website\"},\"primaryImageOfPage\":{\"@id\":\"https:\\\/\\\/actoria.com\\\/ch-it\\\/riassunto\\\/dovrebbe-rilevare-o-iniziare-unattivita\\\/#primaryimage\"},\"image\":{\"@id\":\"https:\\\/\\\/actoria.com\\\/ch-it\\\/riassunto\\\/dovrebbe-rilevare-o-iniziare-unattivita\\\/#primaryimage\"},\"thumbnailUrl\":\"https:\\\/\\\/actoria.com\\\/ch-it\\\/wp-content\\\/uploads\\\/2021\\\/12\\\/shutterstock-1-19.jpg\",\"datePublished\":\"2021-11-05T16:40:46+00:00\",\"dateModified\":\"2022-08-12T15:41:34+00:00\",\"description\":\"Dovete rilevare o avviare un'attivit\u00e0 in Svizzera, Ticino e Italia?\",\"breadcrumb\":{\"@id\":\"https:\\\/\\\/actoria.com\\\/ch-it\\\/riassunto\\\/dovrebbe-rilevare-o-iniziare-unattivita\\\/#breadcrumb\"},\"inLanguage\":\"it-IT\",\"potentialAction\":[{\"@type\":\"ReadAction\",\"target\":[\"https:\\\/\\\/actoria.com\\\/ch-it\\\/riassunto\\\/dovrebbe-rilevare-o-iniziare-unattivita\\\/\"]}]},{\"@type\":\"ImageObject\",\"inLanguage\":\"it-IT\",\"@id\":\"https:\\\/\\\/actoria.com\\\/ch-it\\\/riassunto\\\/dovrebbe-rilevare-o-iniziare-unattivita\\\/#primaryimage\",\"url\":\"https:\\\/\\\/actoria.com\\\/ch-it\\\/wp-content\\\/uploads\\\/2021\\\/12\\\/shutterstock-1-19.jpg\",\"contentUrl\":\"https:\\\/\\\/actoria.com\\\/ch-it\\\/wp-content\\\/uploads\\\/2021\\\/12\\\/shutterstock-1-19.jpg\",\"width\":2400,\"height\":1600,\"caption\":\"Energia, materie prime e miniere, Energia, materie prime e miniere, trasferimento, vendita di societ\u00e0 e azienda in Svizzera e Italia\"},{\"@type\":\"BreadcrumbList\",\"@id\":\"https:\\\/\\\/actoria.com\\\/ch-it\\\/riassunto\\\/dovrebbe-rilevare-o-iniziare-unattivita\\\/#breadcrumb\",\"itemListElement\":[{\"@type\":\"ListItem\",\"position\":1,\"name\":\"Home\",\"item\":\"https:\\\/\\\/actoria.com\\\/ch-it\\\/\"},{\"@type\":\"ListItem\",\"position\":2,\"name\":\"Riassunto\",\"item\":\"https:\\\/\\\/actoria.com\\\/ch-it\\\/riassunto\\\/\"},{\"@type\":\"ListItem\",\"position\":3,\"name\":\"Dovrebbe rilevare o iniziare un&#8217;attivit\u00e0?\"}]},{\"@type\":\"WebSite\",\"@id\":\"https:\\\/\\\/actoria.com\\\/ch-it\\\/#website\",\"url\":\"https:\\\/\\\/actoria.com\\\/ch-it\\\/\",\"name\":\"Trasferimento di azienda Svizzera, Ticino e Italia, Fusioni & Acquisizioni Svizzera, Ticino e Italia, Sviluppo Strategico Svizzera, Ticino e Italia\",\"description\":\"Vendere la tua azienda, PMI in Belgio, Francia, Svizzera, Marocco, Tunisia, Lussemburgo, Italia\",\"publisher\":{\"@id\":\"https:\\\/\\\/actoria.com\\\/ch-it\\\/#organization\"},\"alternateName\":\"Trasferimento di societ\u00e0, sviluppo di societ\u00e0 in Tunisia, lo specialista in fusioni e acquisizioni in Tunisia dal 2002\",\"potentialAction\":[{\"@type\":\"SearchAction\",\"target\":{\"@type\":\"EntryPoint\",\"urlTemplate\":\"https:\\\/\\\/actoria.com\\\/ch-it\\\/?s={search_term_string}\"},\"query-input\":{\"@type\":\"PropertyValueSpecification\",\"valueRequired\":true,\"valueName\":\"search_term_string\"}}],\"inLanguage\":\"it-IT\"},{\"@type\":\"Organization\",\"@id\":\"https:\\\/\\\/actoria.com\\\/ch-it\\\/#organization\",\"name\":\"Actoria Svizzera, Ticico e Italia, Trasferimento di azienda Svizzera, Ticino e Italia, Fusioni & Acquisizioni Svizzera, Ticino e Italia, Sviluppo Strategico Svizzera, Ticino e Italia\",\"alternateName\":\"Vendere la tua azienda, PMI in Belgio, Francia, Svizzera, Marocco, Tunisia, Lussemburgo, Italia\",\"url\":\"https:\\\/\\\/actoria.com\\\/ch-it\\\/\",\"logo\":{\"@type\":\"ImageObject\",\"inLanguage\":\"it-IT\",\"@id\":\"https:\\\/\\\/actoria.com\\\/ch-it\\\/#\\\/schema\\\/logo\\\/image\\\/\",\"url\":\"https:\\\/\\\/actoria.com\\\/ch-it\\\/wp-content\\\/uploads\\\/2020\\\/12\\\/Logo-standard.bmp\",\"contentUrl\":\"https:\\\/\\\/actoria.com\\\/ch-it\\\/wp-content\\\/uploads\\\/2020\\\/12\\\/Logo-standard.bmp\",\"width\":566,\"height\":358,\"caption\":\"Actoria Svizzera, Ticico e Italia, Trasferimento di azienda Svizzera, Ticino e Italia, Fusioni & Acquisizioni Svizzera, Ticino e Italia, Sviluppo Strategico Svizzera, Ticino e Italia\"},\"image\":{\"@id\":\"https:\\\/\\\/actoria.com\\\/ch-it\\\/#\\\/schema\\\/logo\\\/image\\\/\"},\"sameAs\":[\"https:\\\/\\\/fr.linkedin.com\\\/company\\\/actoria-group_2\"]},{\"@type\":\"Person\",\"@id\":\"https:\\\/\\\/actoria.com\\\/ch-it\\\/#\\\/schema\\\/person\\\/f49dd9d0c4e953ed3de3e3b44cd339ac\",\"name\":\"fabrice\",\"url\":\"https:\\\/\\\/actoria.com\\\/ch-it\\\/author\\\/fabrice\\\/\"}]}<\/script>\n<!-- \/ Yoast SEO plugin. -->","yoast_head_json":{"title":"Dovete rilevare o avviare un'attivit\u00e0 in Svizzera?","description":"Dovete rilevare o avviare un'attivit\u00e0 in Svizzera, Ticino e Italia?","robots":{"index":"index","follow":"follow","max-snippet":"max-snippet:-1","max-image-preview":"max-image-preview:large","max-video-preview":"max-video-preview:-1"},"canonical":"https:\/\/actoria.com\/ch-it\/riassunto\/dovrebbe-rilevare-o-iniziare-unattivita\/","og_locale":"it_IT","og_type":"article","og_title":"Dovete rilevare o avviare un'attivit\u00e0 in Svizzera?","og_description":"Dovete rilevare o avviare un'attivit\u00e0 in Svizzera, Ticino e Italia?","og_url":"https:\/\/actoria.com\/ch-it\/riassunto\/dovrebbe-rilevare-o-iniziare-unattivita\/","og_site_name":"Trasferimento di azienda Svizzera, Ticino e Italia, Fusioni &amp; Acquisizioni Svizzera, Ticino e Italia, Sviluppo Strategico Svizzera, Ticino e Italia","article_modified_time":"2022-08-12T15:41:34+00:00","og_image":[{"width":2400,"height":1600,"url":"https:\/\/actoria.com\/ch-it\/wp-content\/uploads\/2021\/12\/shutterstock-1-19.jpg","type":"image\/jpeg"}],"twitter_card":"summary_large_image","twitter_misc":{"Tempo di lettura stimato":"2 minuti"},"schema":{"@context":"https:\/\/schema.org","@graph":[{"@type":"Article","@id":"https:\/\/actoria.com\/ch-it\/riassunto\/dovrebbe-rilevare-o-iniziare-unattivita\/#article","isPartOf":{"@id":"https:\/\/actoria.com\/ch-it\/riassunto\/dovrebbe-rilevare-o-iniziare-unattivita\/"},"author":{"name":"fabrice","@id":"https:\/\/actoria.com\/ch-it\/#\/schema\/person\/f49dd9d0c4e953ed3de3e3b44cd339ac"},"headline":"Dovrebbe rilevare o iniziare un&#8217;attivit\u00e0?","datePublished":"2021-11-05T16:40:46+00:00","dateModified":"2022-08-12T15:41:34+00:00","mainEntityOfPage":{"@id":"https:\/\/actoria.com\/ch-it\/riassunto\/dovrebbe-rilevare-o-iniziare-unattivita\/"},"wordCount":443,"publisher":{"@id":"https:\/\/actoria.com\/ch-it\/#organization"},"image":{"@id":"https:\/\/actoria.com\/ch-it\/riassunto\/dovrebbe-rilevare-o-iniziare-unattivita\/#primaryimage"},"thumbnailUrl":"https:\/\/actoria.com\/ch-it\/wp-content\/uploads\/2021\/12\/shutterstock-1-19.jpg","inLanguage":"it-IT"},{"@type":"WebPage","@id":"https:\/\/actoria.com\/ch-it\/riassunto\/dovrebbe-rilevare-o-iniziare-unattivita\/","url":"https:\/\/actoria.com\/ch-it\/riassunto\/dovrebbe-rilevare-o-iniziare-unattivita\/","name":"Dovete rilevare o avviare un'attivit\u00e0 in Svizzera?","isPartOf":{"@id":"https:\/\/actoria.com\/ch-it\/#website"},"primaryImageOfPage":{"@id":"https:\/\/actoria.com\/ch-it\/riassunto\/dovrebbe-rilevare-o-iniziare-unattivita\/#primaryimage"},"image":{"@id":"https:\/\/actoria.com\/ch-it\/riassunto\/dovrebbe-rilevare-o-iniziare-unattivita\/#primaryimage"},"thumbnailUrl":"https:\/\/actoria.com\/ch-it\/wp-content\/uploads\/2021\/12\/shutterstock-1-19.jpg","datePublished":"2021-11-05T16:40:46+00:00","dateModified":"2022-08-12T15:41:34+00:00","description":"Dovete rilevare o avviare un'attivit\u00e0 in Svizzera, Ticino e Italia?","breadcrumb":{"@id":"https:\/\/actoria.com\/ch-it\/riassunto\/dovrebbe-rilevare-o-iniziare-unattivita\/#breadcrumb"},"inLanguage":"it-IT","potentialAction":[{"@type":"ReadAction","target":["https:\/\/actoria.com\/ch-it\/riassunto\/dovrebbe-rilevare-o-iniziare-unattivita\/"]}]},{"@type":"ImageObject","inLanguage":"it-IT","@id":"https:\/\/actoria.com\/ch-it\/riassunto\/dovrebbe-rilevare-o-iniziare-unattivita\/#primaryimage","url":"https:\/\/actoria.com\/ch-it\/wp-content\/uploads\/2021\/12\/shutterstock-1-19.jpg","contentUrl":"https:\/\/actoria.com\/ch-it\/wp-content\/uploads\/2021\/12\/shutterstock-1-19.jpg","width":2400,"height":1600,"caption":"Energia, materie prime e miniere, Energia, materie prime e miniere, trasferimento, vendita di societ\u00e0 e azienda in Svizzera e Italia"},{"@type":"BreadcrumbList","@id":"https:\/\/actoria.com\/ch-it\/riassunto\/dovrebbe-rilevare-o-iniziare-unattivita\/#breadcrumb","itemListElement":[{"@type":"ListItem","position":1,"name":"Home","item":"https:\/\/actoria.com\/ch-it\/"},{"@type":"ListItem","position":2,"name":"Riassunto","item":"https:\/\/actoria.com\/ch-it\/riassunto\/"},{"@type":"ListItem","position":3,"name":"Dovrebbe rilevare o iniziare un&#8217;attivit\u00e0?"}]},{"@type":"WebSite","@id":"https:\/\/actoria.com\/ch-it\/#website","url":"https:\/\/actoria.com\/ch-it\/","name":"Trasferimento di azienda Svizzera, Ticino e Italia, Fusioni & Acquisizioni Svizzera, Ticino e Italia, Sviluppo Strategico Svizzera, Ticino e Italia","description":"Vendere la tua azienda, PMI in Belgio, Francia, Svizzera, Marocco, Tunisia, Lussemburgo, Italia","publisher":{"@id":"https:\/\/actoria.com\/ch-it\/#organization"},"alternateName":"Trasferimento di societ\u00e0, sviluppo di societ\u00e0 in Tunisia, lo specialista in fusioni e acquisizioni in Tunisia dal 2002","potentialAction":[{"@type":"SearchAction","target":{"@type":"EntryPoint","urlTemplate":"https:\/\/actoria.com\/ch-it\/?s={search_term_string}"},"query-input":{"@type":"PropertyValueSpecification","valueRequired":true,"valueName":"search_term_string"}}],"inLanguage":"it-IT"},{"@type":"Organization","@id":"https:\/\/actoria.com\/ch-it\/#organization","name":"Actoria Svizzera, Ticico e Italia, Trasferimento di azienda Svizzera, Ticino e Italia, Fusioni & Acquisizioni Svizzera, Ticino e Italia, Sviluppo Strategico Svizzera, Ticino e Italia","alternateName":"Vendere la tua azienda, PMI in Belgio, Francia, Svizzera, Marocco, Tunisia, Lussemburgo, Italia","url":"https:\/\/actoria.com\/ch-it\/","logo":{"@type":"ImageObject","inLanguage":"it-IT","@id":"https:\/\/actoria.com\/ch-it\/#\/schema\/logo\/image\/","url":"https:\/\/actoria.com\/ch-it\/wp-content\/uploads\/2020\/12\/Logo-standard.bmp","contentUrl":"https:\/\/actoria.com\/ch-it\/wp-content\/uploads\/2020\/12\/Logo-standard.bmp","width":566,"height":358,"caption":"Actoria Svizzera, Ticico e Italia, Trasferimento di azienda Svizzera, Ticino e Italia, Fusioni & Acquisizioni Svizzera, Ticino e Italia, Sviluppo Strategico Svizzera, Ticino e Italia"},"image":{"@id":"https:\/\/actoria.com\/ch-it\/#\/schema\/logo\/image\/"},"sameAs":["https:\/\/fr.linkedin.com\/company\/actoria-group_2"]},{"@type":"Person","@id":"https:\/\/actoria.com\/ch-it\/#\/schema\/person\/f49dd9d0c4e953ed3de3e3b44cd339ac","name":"fabrice","url":"https:\/\/actoria.com\/ch-it\/author\/fabrice\/"}]}},"_links":{"self":[{"href":"https:\/\/actoria.com\/ch-it\/wp-json\/wp\/v2\/pages\/6512","targetHints":{"allow":["GET"]}}],"collection":[{"href":"https:\/\/actoria.com\/ch-it\/wp-json\/wp\/v2\/pages"}],"about":[{"href":"https:\/\/actoria.com\/ch-it\/wp-json\/wp\/v2\/types\/page"}],"author":[{"embeddable":true,"href":"https:\/\/actoria.com\/ch-it\/wp-json\/wp\/v2\/users\/2"}],"replies":[{"embeddable":true,"href":"https:\/\/actoria.com\/ch-it\/wp-json\/wp\/v2\/comments?post=6512"}],"version-history":[{"count":0,"href":"https:\/\/actoria.com\/ch-it\/wp-json\/wp\/v2\/pages\/6512\/revisions"}],"up":[{"embeddable":true,"href":"https:\/\/actoria.com\/ch-it\/wp-json\/wp\/v2\/pages\/1690"}],"wp:featuredmedia":[{"embeddable":true,"href":"https:\/\/actoria.com\/ch-it\/wp-json\/wp\/v2\/media\/18381"}],"wp:attachment":[{"href":"https:\/\/actoria.com\/ch-it\/wp-json\/wp\/v2\/media?parent=6512"}],"curies":[{"name":"wp","href":"https:\/\/api.w.org\/{rel}","templated":true}]}}