{"id":6527,"date":"2018-11-23T10:49:49","date_gmt":"2018-11-23T09:49:49","guid":{"rendered":"https:\/\/actoria.com\/ch-it\/\/?page_id=6527"},"modified":"2022-08-12T15:21:47","modified_gmt":"2022-08-12T13:21:47","slug":"acquisire-una-pmi-per-sviluppare-la-tua-azienda","status":"publish","type":"page","link":"https:\/\/actoria.com\/ch-it\/riassunto\/acquisire-una-pmi-per-sviluppare-la-tua-azienda\/","title":{"rendered":"Acquisire una PMI per sviluppare la tua azienda"},"content":{"rendered":"<p><strong><img loading=\"lazy\" decoding=\"async\" class=\"alignleft wp-image-6526 size-medium\" title=\"L'acquisition d'une PME pour d\u00e9velopper son business, transmission d'entreprises en Suisse\" src=\"https:\/\/actoria.com\/ch-it\/\/wp-content\/uploads\/2018\/11\/developper-son-business-300x199.jpg\" alt=\"L'acquisition d'une PME pour d\u00e9velopper son business, transmission d'entreprises en Suisse\" width=\"300\" height=\"199\" srcset=\"https:\/\/actoria.com\/ch-it\/wp-content\/uploads\/2018\/11\/developper-son-business-300x199.jpg 300w, https:\/\/actoria.com\/ch-it\/wp-content\/uploads\/2018\/11\/developper-son-business-768x508.jpg 768w, https:\/\/actoria.com\/ch-it\/wp-content\/uploads\/2018\/11\/developper-son-business-705x467.jpg 705w, https:\/\/actoria.com\/ch-it\/wp-content\/uploads\/2018\/11\/developper-son-business.jpg 1000w\" sizes=\"auto, (max-width: 300px) 100vw, 300px\" \/><\/strong><\/p>\n<p><strong>Come sviluppare il tuo business? Tutti i manager si pongono questa domanda un giorno. Ma pochi pensano di acquisire una PMI per aumentare la loro crescita.<\/strong><br \/>\nPer molti dirigenti, una delle strategie di crescita pi\u00f9 intelligenti per espandere il loro business \u00e8 quella di acquisire una PMI. Pu\u00f2 offrire maggiori capacit\u00e0, come nuovi prodotti o tecnologie di nicchia, una maggiore quota di mercato, costi ridotti e molti altri vantaggi.<\/p>\n<h2>FAR CRESCERE IL TUO BUSINESS COMPRANDO UNA SME<\/h2>\n<p>Per sfruttare al massimo l&#8217;ambiente positivo e dinamico di una PMI, \u00e8 importante preparare la transazione. Espandere il tuo business \u00e8 sinonimo di una<strong> strategia di acquisizione<\/strong> ben affinata. Questa strategia risponde a <strong>domande pratiche:<\/strong><\/p>\n<ul>\n<li>Quali sono i miei obiettivi commerciali? Voglio diversificare? Voglio espandermi a livello nazionale?<\/li>\n<li>Quali sono le opportunit\u00e0 di crescita per il mio business? Ci sono mercati non sfruttati?<\/li>\n<li>Quali sono le mie esigenze di acquisizione? Devo ridurre il costo del lavoro? Ho bisogno di modernizzare?<\/li>\n<li>Quanti soldi sono disposto a spendere per l&#8217;acquisizione? Quanto posso finanziare?<\/li>\n<li>Su quale tipo di business dovrei concentrarmi? Deve offrire un prodotto o una tecnologia specifica?<\/li>\n<li>Dove dovrebbe essere ubicato il business? Quali sono i miei parametri geografici?<\/li>\n<\/ul>\n<p>Leggi anche: Una strategia di trasferimento aziendale<\/p>\n<h2>DETERMINARE LO SME GIUSTO PER ME<\/h2>\n<p>Dopo aver condotto una ricerca metodica, cominciano ad emergere alcune piste per le PMI da acquisire. Resta da capire quale offre il <strong>miglior potenziale per lo sviluppo del tuo business<\/strong>. Quello che<strong> migliora il rendimento<\/strong> complessivo della mia attivit\u00e0 esistente. Potrebbe, per esempio, fornire punti di vendita aggiuntivi, sviluppare la vostra presenza geografica o digitale, penetrare in nuovi mercati in crescita o aumentare la vostra forza produttiva.<br \/>\nLeggi anche: Preparare la vendita di una PMI<\/p>\n<h2>ANALIZZARE IL PREZZO RICHIESTO<\/h2>\n<p>Infine, \u00e8 essenziale basare il prezzo di acquisizione di una PMI su criteri tangibili. Una perfetta <strong>due diligence<\/strong> \u00e8 la chiave: l&#8217;azienda deve essere in grado di fornire tutti i documenti amministrativi, legali, finanziari e fiscali che chiederete durante la fase di negoziazione. Chiedete al proprietario quale <strong>metodo di valutazione<\/strong> \u00e8 stato scelto per determinare il prezzo del trasferimento. A sua volta, valuta le attivit\u00e0 e le passivit\u00e0, comprese le scorte, le attrezzature, le locazioni, i contratti, le risorse umane, i clienti, ecc. Fate molta attenzione nell&#8217;analisi dei debiti, degli obblighi e delle passivit\u00e0 della PMI. Non trascurare nessuna controversia, sii duro sui pi\u00f9 piccoli dettagli.<\/p>\n<p>&nbsp;<\/p>\n","protected":false},"excerpt":{"rendered":"<p>Vendita azienda Svizzera e Italia, trasferimento azienda Svizzera e Italia, vendita azienda Svizzera e Italia, acquisizione azienda Svizzera e Italia, vendita PMI Svizzera e Italia, vendita PMI Svizzera e Italia, successione PMI Svizzera e Italia, vendita azienda Svizzera e Italia, trovare un acquirente in Svizzera e in Italia<\/p>\n","protected":false},"author":2,"featured_media":6526,"parent":1690,"menu_order":0,"comment_status":"closed","ping_status":"closed","template":"","meta":{"footnotes":""},"class_list":["post-6527","page","type-page","status-publish","has-post-thumbnail","hentry"],"_links":{"self":[{"href":"https:\/\/actoria.com\/ch-it\/wp-json\/wp\/v2\/pages\/6527","targetHints":{"allow":["GET"]}}],"collection":[{"href":"https:\/\/actoria.com\/ch-it\/wp-json\/wp\/v2\/pages"}],"about":[{"href":"https:\/\/actoria.com\/ch-it\/wp-json\/wp\/v2\/types\/page"}],"author":[{"embeddable":true,"href":"https:\/\/actoria.com\/ch-it\/wp-json\/wp\/v2\/users\/2"}],"replies":[{"embeddable":true,"href":"https:\/\/actoria.com\/ch-it\/wp-json\/wp\/v2\/comments?post=6527"}],"version-history":[{"count":0,"href":"https:\/\/actoria.com\/ch-it\/wp-json\/wp\/v2\/pages\/6527\/revisions"}],"up":[{"embeddable":true,"href":"https:\/\/actoria.com\/ch-it\/wp-json\/wp\/v2\/pages\/1690"}],"wp:featuredmedia":[{"embeddable":true,"href":"https:\/\/actoria.com\/ch-it\/wp-json\/wp\/v2\/media\/6526"}],"wp:attachment":[{"href":"https:\/\/actoria.com\/ch-it\/wp-json\/wp\/v2\/media?parent=6527"}],"curies":[{"name":"wp","href":"https:\/\/api.w.org\/{rel}","templated":true}]}}