{"id":6691,"date":"2019-01-31T09:36:23","date_gmt":"2019-01-31T08:36:23","guid":{"rendered":"https:\/\/actoria.com\/ch-it\/\/?page_id=6691"},"modified":"2022-08-12T16:00:40","modified_gmt":"2022-08-12T14:00:40","slug":"come-vendere-la-propria-azienda-in-difficolta","status":"publish","type":"page","link":"https:\/\/actoria.com\/ch-it\/trasmissione\/decidere-di-vendere\/come-vendere-la-propria-azienda-in-difficolta\/","title":{"rendered":"Come vendere la propria azienda in difficolt\u00e0?"},"content":{"rendered":"<div id='av_section_1'  class='avia-section main_color avia-section-default avia-no-border-styling  avia-full-stretch avia-bg-style-fixed  avia-builder-el-0  el_before_av_textblock  avia-builder-el-first  header_page_section_title_wrapper  av-arrow-down-section av-minimum-height av-minimum-height-custom  container_wrap sidebar_right' style='background-repeat: no-repeat; background-image: url(https:\/\/actoria.com\/ch-it\/wp-content\/uploads\/2021\/10\/shutterstock-304617983-1500x1000.jpg);background-attachment: fixed; background-position: center center;  '  data-section-bg-repeat='stretch'><div class='container' style='height:660px'><main  role=\"main\" itemprop=\"mainContentOfPage\"  class='template-page content  av-content-small alpha units'><div class='post-entry post-entry-type-page post-entry-6691'><div class='entry-content-wrapper clearfix'>\n<div class='flex_column_table av-equal-height-column-flextable -flextable' ><div class=\"flex_column av_one_full  flex_column_table_cell av-equal-height-column av-align-bottom av-zero-column-padding first  avia-builder-el-1  avia-builder-el-no-sibling  header_page_section_title \" style='border-radius:0px; ' id=\"header_page_section_title\" ><p><br \/>\n<div  style='padding-bottom:5px; margin:0 0 0 0; color:#ffffff;' class='av-special-heading av-special-heading-h1 custom-color-heading   avia-builder-el-3  el_after_av_codeblock  avia-builder-el-last  '><h1 class='av-special-heading-tag '  itemprop=\"headline\"  >Come vendere la vostra azienda in difficolt\u00e0 in Svizzera<\/h1><div class='special-heading-border'><div class='special-heading-inner-border' style='border-color:#ffffff'><\/div><\/div><\/div><\/p><\/div><\/div><!--close column table wrapper. Autoclose: 1 --><\/div><\/div><\/main><!-- close content main element --><\/div><div class='av-extra-border-element border-extra-arrow-down'><div class='av-extra-border-outer'><div class='av-extra-border-inner'  style='background-color:#ffffff;' ><\/div><\/div><\/div><\/div><div id='after_section_1'  class='main_color av_default_container_wrap container_wrap sidebar_right' style=' '  ><div class='container' ><div class='template-page content  av-content-small alpha units'><div class='post-entry post-entry-type-page post-entry-6691'><div class='entry-content-wrapper clearfix'><section class=\"av_textblock_section \"  itemscope=\"itemscope\" itemtype=\"https:\/\/schema.org\/CreativeWork\" ><div class='avia_textblock  '   itemprop=\"text\" ><p style=\"text-align: justify;\"><strong>Vendere la propria azienda in difficolt\u00e0 pu\u00f2 essere il modo migliore per salvarne la struttura e i dipendenti. Qualunque siano le difficolt\u00e0, i presupposti sono sempre gli stessi: un uso razionale del capitale disponibile.<\/strong><\/p>\n<p><strong style=\"font-size: 16px; text-align: justify;\"><img loading=\"lazy\" decoding=\"async\" class=\"alignleft wp-image-6694\" title=\"Come vendere la vostra azienda - - come vendere la vostra azienda in difficolt\u00e0?\" src=\"https:\/\/actoria.com\/ch-it\/\/wp-content\/uploads\/2019\/01\/vendre-societe-difficulte-300x201.jpg\" alt=\"Come vendere la vostra azienda in difficolt\u00e0 in Svizzera\" width=\"321\" height=\"215\" srcset=\"https:\/\/actoria.com\/ch-it\/wp-content\/uploads\/2019\/01\/vendre-societe-difficulte-300x201.jpg 300w, https:\/\/actoria.com\/ch-it\/wp-content\/uploads\/2019\/01\/vendre-societe-difficulte-1030x690.jpg 1030w, https:\/\/actoria.com\/ch-it\/wp-content\/uploads\/2019\/01\/vendre-societe-difficulte-768x514.jpg 768w, https:\/\/actoria.com\/ch-it\/wp-content\/uploads\/2019\/01\/vendre-societe-difficulte-705x472.jpg 705w, https:\/\/actoria.com\/ch-it\/wp-content\/uploads\/2019\/01\/vendre-societe-difficulte-450x301.jpg 450w, https:\/\/actoria.com\/ch-it\/wp-content\/uploads\/2019\/01\/vendre-societe-difficulte.jpg 1280w\" sizes=\"auto, (max-width: 321px) 100vw, 321px\" \/><\/strong><\/p>\n<p>Ci sono numerose ragioni per vendere un&#8217;azienda in difficolt\u00e0: cessazione dei pagamenti, diminuzione della domanda o mancanza di anticipazione dei cambiamenti del mercato&#8230; Per vendere nelle migliori condizioni possibili, \u00e8 consigliabile affrontare la realt\u00e0 con lucidit\u00e0. Pi\u00f9 preciso \u00e8 il vostro quadro delle cause che portano alla trasmissione e pi\u00f9 <strong>trasparenti siete con i potenziali acquirenti<\/strong>, pi\u00f9 \u00e8 probabile che l&#8217;azienda continui la sua attivit\u00e0 dopo la transazione.<\/p>\n<p style=\"text-align: justify;\">La tentazione di nascondere e abbellire la realt\u00e0 \u00e8 grande. Tuttavia, non state facendo un favore a nessuno. Questo non aumenter\u00e0 le vostre possibilit\u00e0 di vendita.<\/p>\n<h2 style=\"text-align: justify;\">VENDERE LA PROPRIA AZIENDA IN DIFFICOLT\u00c0 IN MODO TRASPARENTE<\/h2>\n<p style=\"text-align: justify;\">Quando si vende la propria azienda in difficolt\u00e0, \u00e8 sempre meglio <strong>mettere in chiaro le proprie intenzioni<\/strong>. L&#8217;onest\u00e0 \u00e8 il modo migliore per ottenere una proroga da un partner finanziario o da un fornitore. Allo stesso modo, se siete in contatto con un investitore, non cercate di nascondergli nulla. Se lo scoprono, chiuderanno i negoziati da un giorno all&#8217;altro.<\/p>\n<p style=\"text-align: justify;\">Tenete a mente che un potenziale acquirente \u00e8 interessato alla transazione perch\u00e9 pensa di fare un buon affare. Tuttavia, non sono disposti a correre un rischio eccessivo. Hanno bisogno di accedere a tutte le informazioni per farsi un&#8217;idea. Sta a voi come venditore, fare <strong>attenzione alla vostra comunicazione<\/strong>. Siate onesti ed evitate le approssimazioni. Dovete preparare la vostra cessione.<\/p>\n<h2 style=\"text-align: justify;\">BUONA GESTIONE DELLA LIQUIDIT\u00c0<\/h2>\n<p>La preparazione della vendita consiste essenzialmente in una bonifica finanziaria. Ecco perch\u00e9, per vendere la vostra azienda in difficolt\u00e0, dovete prima risanarla e stabilizzarla. Fate attenzione a tutte le spese che potete ridurre e contattate i vostri creditori. In questo modo, <strong>preservate il valore della vostra attivit\u00e0<\/strong>. Questa \u00e8 una risorsa che si pu\u00f2 usare quando si negozia con l&#8217;acquirente. Potete anche cercare nuovi modi per generare reddito o finanziamenti extra o per migliorare la vostra liquidit\u00e0.<\/p>\n<p>Dovreste inoltre preparare un <strong>piano di finanziamento<\/strong> (o di ristrutturazione) per risanare l&#8217;azienda. Dovreste anche redigere un business plan basato su presupposti oggettivi e un calendario dettagliato. Questo ottimizzer\u00e0 le vostre condizioni di uscita. Non bisogna dimenticare gli aspetti legali. Scegliete con cura il vostro acquirente. In caso di fallimento della societ\u00e0 fino a 18 mesi dopo la data del trasferimento, il tribunale in Svizzera pu\u00f2 dichiarare il cedente responsabile. Per evitare questo, potete chiedere al tribunale una procedura di conciliazione.<\/p>\n<p style=\"text-align: justify;\">Se avete bisogno di vendere la vostra azienda in difficolt\u00e0, lasciatevi accompagnare dai nostri consulenti Actoria, esperti in trasferimento d&#8217;impresa in Svizzera.<\/p>\n<\/div><\/section><\/p>\n","protected":false},"excerpt":{"rendered":"<p>Vendita azienda Svizzera e Italia, trasferimento azienda Svizzera e Italia, vendita azienda Svizzera e Italia, acquisizione azienda Svizzera e Italia, vendita PMI Svizzera e Italia, vendita PMI Svizzera e Italia, successione PMI Svizzera e Italia, vendita azienda Svizzera e Italia, trovare un acquirente in Svizzera e in Italia<\/p>\n","protected":false},"author":2,"featured_media":6694,"parent":9919,"menu_order":5,"comment_status":"closed","ping_status":"closed","template":"","meta":{"footnotes":""},"class_list":["post-6691","page","type-page","status-publish","has-post-thumbnail","hentry"],"yoast_head":"<!-- This site is optimized with the Yoast SEO plugin v27.4 - https:\/\/yoast.com\/product\/yoast-seo-wordpress\/ -->\n<title>Come vendere la propria azienda in difficolt\u00e0 in Svizzera<\/title>\n<meta name=\"description\" content=\"Come vendere la propria azienda in difficolt\u00e0 in Svizzera, Ticino e Italia, trovare un acquirente per un&#039;azienda in difficolt\u00e0 finanziarie\" \/>\n<meta name=\"robots\" content=\"index, follow, max-snippet:-1, max-image-preview:large, max-video-preview:-1\" \/>\n<link rel=\"canonical\" href=\"https:\/\/actoria.com\/ch-it\/trasmissione\/decidere-di-vendere\/come-vendere-la-propria-azienda-in-difficolta\/\" \/>\n<meta property=\"og:locale\" content=\"it_IT\" \/>\n<meta property=\"og:type\" content=\"article\" \/>\n<meta property=\"og:title\" content=\"Come vendere la propria azienda in difficolt\u00e0 in Svizzera\" \/>\n<meta property=\"og:description\" content=\"Come vendere la propria azienda in difficolt\u00e0 in Svizzera, Ticino e Italia, trovare un acquirente per un&#039;azienda in difficolt\u00e0 finanziarie\" \/>\n<meta property=\"og:url\" content=\"https:\/\/actoria.com\/ch-it\/trasmissione\/decidere-di-vendere\/come-vendere-la-propria-azienda-in-difficolta\/\" \/>\n<meta property=\"og:site_name\" content=\"Trasferimento di azienda Svizzera, Ticino e Italia, Fusioni &amp; Acquisizioni Svizzera, Ticino e Italia, Sviluppo Strategico Svizzera, Ticino e Italia\" \/>\n<meta property=\"article:modified_time\" content=\"2022-08-12T14:00:40+00:00\" \/>\n<meta property=\"og:image\" content=\"https:\/\/actoria.com\/ch-it\/wp-content\/uploads\/2019\/01\/vendre-societe-difficulte.jpg\" \/>\n\t<meta property=\"og:image:width\" content=\"1280\" \/>\n\t<meta property=\"og:image:height\" content=\"857\" \/>\n\t<meta property=\"og:image:type\" content=\"image\/jpeg\" \/>\n<meta name=\"twitter:card\" content=\"summary_large_image\" \/>\n<meta name=\"twitter:label1\" content=\"Tempo di lettura stimato\" \/>\n\t<meta name=\"twitter:data1\" content=\"3 minuti\" \/>\n<script type=\"application\/ld+json\" class=\"yoast-schema-graph\">{\"@context\":\"https:\\\/\\\/schema.org\",\"@graph\":[{\"@type\":\"Article\",\"@id\":\"https:\\\/\\\/actoria.com\\\/ch-it\\\/trasmissione\\\/decidere-di-vendere\\\/come-vendere-la-propria-azienda-in-difficolta\\\/#article\",\"isPartOf\":{\"@id\":\"https:\\\/\\\/actoria.com\\\/ch-it\\\/trasmissione\\\/decidere-di-vendere\\\/come-vendere-la-propria-azienda-in-difficolta\\\/\"},\"author\":{\"name\":\"fabrice\",\"@id\":\"https:\\\/\\\/actoria.com\\\/ch-it\\\/#\\\/schema\\\/person\\\/f49dd9d0c4e953ed3de3e3b44cd339ac\"},\"headline\":\"Come vendere la propria azienda in difficolt\u00e0?\",\"datePublished\":\"2019-01-31T08:36:23+00:00\",\"dateModified\":\"2022-08-12T14:00:40+00:00\",\"mainEntityOfPage\":{\"@id\":\"https:\\\/\\\/actoria.com\\\/ch-it\\\/trasmissione\\\/decidere-di-vendere\\\/come-vendere-la-propria-azienda-in-difficolta\\\/\"},\"wordCount\":760,\"publisher\":{\"@id\":\"https:\\\/\\\/actoria.com\\\/ch-it\\\/#organization\"},\"image\":{\"@id\":\"https:\\\/\\\/actoria.com\\\/ch-it\\\/trasmissione\\\/decidere-di-vendere\\\/come-vendere-la-propria-azienda-in-difficolta\\\/#primaryimage\"},\"thumbnailUrl\":\"https:\\\/\\\/actoria.com\\\/ch-it\\\/wp-content\\\/uploads\\\/2019\\\/01\\\/vendre-societe-difficulte.jpg\",\"inLanguage\":\"it-IT\"},{\"@type\":\"WebPage\",\"@id\":\"https:\\\/\\\/actoria.com\\\/ch-it\\\/trasmissione\\\/decidere-di-vendere\\\/come-vendere-la-propria-azienda-in-difficolta\\\/\",\"url\":\"https:\\\/\\\/actoria.com\\\/ch-it\\\/trasmissione\\\/decidere-di-vendere\\\/come-vendere-la-propria-azienda-in-difficolta\\\/\",\"name\":\"Come vendere la propria azienda in difficolt\u00e0 in Svizzera\",\"isPartOf\":{\"@id\":\"https:\\\/\\\/actoria.com\\\/ch-it\\\/#website\"},\"primaryImageOfPage\":{\"@id\":\"https:\\\/\\\/actoria.com\\\/ch-it\\\/trasmissione\\\/decidere-di-vendere\\\/come-vendere-la-propria-azienda-in-difficolta\\\/#primaryimage\"},\"image\":{\"@id\":\"https:\\\/\\\/actoria.com\\\/ch-it\\\/trasmissione\\\/decidere-di-vendere\\\/come-vendere-la-propria-azienda-in-difficolta\\\/#primaryimage\"},\"thumbnailUrl\":\"https:\\\/\\\/actoria.com\\\/ch-it\\\/wp-content\\\/uploads\\\/2019\\\/01\\\/vendre-societe-difficulte.jpg\",\"datePublished\":\"2019-01-31T08:36:23+00:00\",\"dateModified\":\"2022-08-12T14:00:40+00:00\",\"description\":\"Come vendere la propria azienda in difficolt\u00e0 in Svizzera, Ticino e Italia, trovare un acquirente per un'azienda in difficolt\u00e0 finanziarie\",\"breadcrumb\":{\"@id\":\"https:\\\/\\\/actoria.com\\\/ch-it\\\/trasmissione\\\/decidere-di-vendere\\\/come-vendere-la-propria-azienda-in-difficolta\\\/#breadcrumb\"},\"inLanguage\":\"it-IT\",\"potentialAction\":[{\"@type\":\"ReadAction\",\"target\":[\"https:\\\/\\\/actoria.com\\\/ch-it\\\/trasmissione\\\/decidere-di-vendere\\\/come-vendere-la-propria-azienda-in-difficolta\\\/\"]}]},{\"@type\":\"ImageObject\",\"inLanguage\":\"it-IT\",\"@id\":\"https:\\\/\\\/actoria.com\\\/ch-it\\\/trasmissione\\\/decidere-di-vendere\\\/come-vendere-la-propria-azienda-in-difficolta\\\/#primaryimage\",\"url\":\"https:\\\/\\\/actoria.com\\\/ch-it\\\/wp-content\\\/uploads\\\/2019\\\/01\\\/vendre-societe-difficulte.jpg\",\"contentUrl\":\"https:\\\/\\\/actoria.com\\\/ch-it\\\/wp-content\\\/uploads\\\/2019\\\/01\\\/vendre-societe-difficulte.jpg\",\"width\":1280,\"height\":857,\"caption\":\"Protocollo d&rsquo;intesa, Protocollo d&rsquo;intesa, trasferimento, vendita di societ\u00e0 e azienda in Svizzera e Italia\"},{\"@type\":\"BreadcrumbList\",\"@id\":\"https:\\\/\\\/actoria.com\\\/ch-it\\\/trasmissione\\\/decidere-di-vendere\\\/come-vendere-la-propria-azienda-in-difficolta\\\/#breadcrumb\",\"itemListElement\":[{\"@type\":\"ListItem\",\"position\":1,\"name\":\"Home\",\"item\":\"https:\\\/\\\/actoria.com\\\/ch-it\\\/\"},{\"@type\":\"ListItem\",\"position\":2,\"name\":\"Trasmissione\",\"item\":\"https:\\\/\\\/actoria.com\\\/ch-it\\\/trasmissione\\\/\"},{\"@type\":\"ListItem\",\"position\":3,\"name\":\"Decidere di vendere\",\"item\":\"https:\\\/\\\/actoria.com\\\/ch-it\\\/trasmissione\\\/decidere-di-vendere\\\/\"},{\"@type\":\"ListItem\",\"position\":4,\"name\":\"Come vendere la propria azienda in difficolt\u00e0?\"}]},{\"@type\":\"WebSite\",\"@id\":\"https:\\\/\\\/actoria.com\\\/ch-it\\\/#website\",\"url\":\"https:\\\/\\\/actoria.com\\\/ch-it\\\/\",\"name\":\"Trasferimento di azienda Svizzera, Ticino e Italia, Fusioni & Acquisizioni Svizzera, Ticino e Italia, Sviluppo Strategico Svizzera, Ticino e Italia\",\"description\":\"Vendere la tua azienda, PMI in Belgio, Francia, Svizzera, Marocco, Tunisia, Lussemburgo, Italia\",\"publisher\":{\"@id\":\"https:\\\/\\\/actoria.com\\\/ch-it\\\/#organization\"},\"alternateName\":\"Trasferimento di societ\u00e0, sviluppo di societ\u00e0 in Tunisia, lo specialista in fusioni e acquisizioni in Tunisia dal 2002\",\"potentialAction\":[{\"@type\":\"SearchAction\",\"target\":{\"@type\":\"EntryPoint\",\"urlTemplate\":\"https:\\\/\\\/actoria.com\\\/ch-it\\\/?s={search_term_string}\"},\"query-input\":{\"@type\":\"PropertyValueSpecification\",\"valueRequired\":true,\"valueName\":\"search_term_string\"}}],\"inLanguage\":\"it-IT\"},{\"@type\":\"Organization\",\"@id\":\"https:\\\/\\\/actoria.com\\\/ch-it\\\/#organization\",\"name\":\"Actoria Svizzera, Ticico e Italia, Trasferimento di azienda Svizzera, Ticino e Italia, Fusioni & Acquisizioni Svizzera, Ticino e Italia, Sviluppo Strategico Svizzera, Ticino e Italia\",\"alternateName\":\"Vendere la tua azienda, PMI in Belgio, Francia, Svizzera, Marocco, Tunisia, Lussemburgo, Italia\",\"url\":\"https:\\\/\\\/actoria.com\\\/ch-it\\\/\",\"logo\":{\"@type\":\"ImageObject\",\"inLanguage\":\"it-IT\",\"@id\":\"https:\\\/\\\/actoria.com\\\/ch-it\\\/#\\\/schema\\\/logo\\\/image\\\/\",\"url\":\"https:\\\/\\\/actoria.com\\\/ch-it\\\/wp-content\\\/uploads\\\/2020\\\/12\\\/Logo-standard.bmp\",\"contentUrl\":\"https:\\\/\\\/actoria.com\\\/ch-it\\\/wp-content\\\/uploads\\\/2020\\\/12\\\/Logo-standard.bmp\",\"width\":566,\"height\":358,\"caption\":\"Actoria Svizzera, Ticico e Italia, Trasferimento di azienda Svizzera, Ticino e Italia, Fusioni & Acquisizioni Svizzera, Ticino e Italia, Sviluppo Strategico Svizzera, Ticino e Italia\"},\"image\":{\"@id\":\"https:\\\/\\\/actoria.com\\\/ch-it\\\/#\\\/schema\\\/logo\\\/image\\\/\"},\"sameAs\":[\"https:\\\/\\\/fr.linkedin.com\\\/company\\\/actoria-group_2\"]},{\"@type\":\"Person\",\"@id\":\"https:\\\/\\\/actoria.com\\\/ch-it\\\/#\\\/schema\\\/person\\\/f49dd9d0c4e953ed3de3e3b44cd339ac\",\"name\":\"fabrice\",\"url\":\"https:\\\/\\\/actoria.com\\\/ch-it\\\/author\\\/fabrice\\\/\"}]}<\/script>\n<!-- \/ Yoast SEO plugin. -->","yoast_head_json":{"title":"Come vendere la propria azienda in difficolt\u00e0 in Svizzera","description":"Come vendere la propria azienda in difficolt\u00e0 in Svizzera, Ticino e Italia, trovare un acquirente per un'azienda in difficolt\u00e0 finanziarie","robots":{"index":"index","follow":"follow","max-snippet":"max-snippet:-1","max-image-preview":"max-image-preview:large","max-video-preview":"max-video-preview:-1"},"canonical":"https:\/\/actoria.com\/ch-it\/trasmissione\/decidere-di-vendere\/come-vendere-la-propria-azienda-in-difficolta\/","og_locale":"it_IT","og_type":"article","og_title":"Come vendere la propria azienda in difficolt\u00e0 in Svizzera","og_description":"Come vendere la propria azienda in difficolt\u00e0 in Svizzera, Ticino e Italia, trovare un acquirente per un'azienda in difficolt\u00e0 finanziarie","og_url":"https:\/\/actoria.com\/ch-it\/trasmissione\/decidere-di-vendere\/come-vendere-la-propria-azienda-in-difficolta\/","og_site_name":"Trasferimento di azienda Svizzera, Ticino e Italia, Fusioni &amp; Acquisizioni Svizzera, Ticino e Italia, Sviluppo Strategico Svizzera, Ticino e Italia","article_modified_time":"2022-08-12T14:00:40+00:00","og_image":[{"width":1280,"height":857,"url":"https:\/\/actoria.com\/ch-it\/wp-content\/uploads\/2019\/01\/vendre-societe-difficulte.jpg","type":"image\/jpeg"}],"twitter_card":"summary_large_image","twitter_misc":{"Tempo di lettura stimato":"3 minuti"},"schema":{"@context":"https:\/\/schema.org","@graph":[{"@type":"Article","@id":"https:\/\/actoria.com\/ch-it\/trasmissione\/decidere-di-vendere\/come-vendere-la-propria-azienda-in-difficolta\/#article","isPartOf":{"@id":"https:\/\/actoria.com\/ch-it\/trasmissione\/decidere-di-vendere\/come-vendere-la-propria-azienda-in-difficolta\/"},"author":{"name":"fabrice","@id":"https:\/\/actoria.com\/ch-it\/#\/schema\/person\/f49dd9d0c4e953ed3de3e3b44cd339ac"},"headline":"Come vendere la propria azienda in difficolt\u00e0?","datePublished":"2019-01-31T08:36:23+00:00","dateModified":"2022-08-12T14:00:40+00:00","mainEntityOfPage":{"@id":"https:\/\/actoria.com\/ch-it\/trasmissione\/decidere-di-vendere\/come-vendere-la-propria-azienda-in-difficolta\/"},"wordCount":760,"publisher":{"@id":"https:\/\/actoria.com\/ch-it\/#organization"},"image":{"@id":"https:\/\/actoria.com\/ch-it\/trasmissione\/decidere-di-vendere\/come-vendere-la-propria-azienda-in-difficolta\/#primaryimage"},"thumbnailUrl":"https:\/\/actoria.com\/ch-it\/wp-content\/uploads\/2019\/01\/vendre-societe-difficulte.jpg","inLanguage":"it-IT"},{"@type":"WebPage","@id":"https:\/\/actoria.com\/ch-it\/trasmissione\/decidere-di-vendere\/come-vendere-la-propria-azienda-in-difficolta\/","url":"https:\/\/actoria.com\/ch-it\/trasmissione\/decidere-di-vendere\/come-vendere-la-propria-azienda-in-difficolta\/","name":"Come vendere la propria azienda in difficolt\u00e0 in Svizzera","isPartOf":{"@id":"https:\/\/actoria.com\/ch-it\/#website"},"primaryImageOfPage":{"@id":"https:\/\/actoria.com\/ch-it\/trasmissione\/decidere-di-vendere\/come-vendere-la-propria-azienda-in-difficolta\/#primaryimage"},"image":{"@id":"https:\/\/actoria.com\/ch-it\/trasmissione\/decidere-di-vendere\/come-vendere-la-propria-azienda-in-difficolta\/#primaryimage"},"thumbnailUrl":"https:\/\/actoria.com\/ch-it\/wp-content\/uploads\/2019\/01\/vendre-societe-difficulte.jpg","datePublished":"2019-01-31T08:36:23+00:00","dateModified":"2022-08-12T14:00:40+00:00","description":"Come vendere la propria azienda in difficolt\u00e0 in Svizzera, Ticino e Italia, trovare un acquirente per un'azienda in difficolt\u00e0 finanziarie","breadcrumb":{"@id":"https:\/\/actoria.com\/ch-it\/trasmissione\/decidere-di-vendere\/come-vendere-la-propria-azienda-in-difficolta\/#breadcrumb"},"inLanguage":"it-IT","potentialAction":[{"@type":"ReadAction","target":["https:\/\/actoria.com\/ch-it\/trasmissione\/decidere-di-vendere\/come-vendere-la-propria-azienda-in-difficolta\/"]}]},{"@type":"ImageObject","inLanguage":"it-IT","@id":"https:\/\/actoria.com\/ch-it\/trasmissione\/decidere-di-vendere\/come-vendere-la-propria-azienda-in-difficolta\/#primaryimage","url":"https:\/\/actoria.com\/ch-it\/wp-content\/uploads\/2019\/01\/vendre-societe-difficulte.jpg","contentUrl":"https:\/\/actoria.com\/ch-it\/wp-content\/uploads\/2019\/01\/vendre-societe-difficulte.jpg","width":1280,"height":857,"caption":"Protocollo d&rsquo;intesa, Protocollo d&rsquo;intesa, trasferimento, vendita di societ\u00e0 e azienda in Svizzera e Italia"},{"@type":"BreadcrumbList","@id":"https:\/\/actoria.com\/ch-it\/trasmissione\/decidere-di-vendere\/come-vendere-la-propria-azienda-in-difficolta\/#breadcrumb","itemListElement":[{"@type":"ListItem","position":1,"name":"Home","item":"https:\/\/actoria.com\/ch-it\/"},{"@type":"ListItem","position":2,"name":"Trasmissione","item":"https:\/\/actoria.com\/ch-it\/trasmissione\/"},{"@type":"ListItem","position":3,"name":"Decidere di vendere","item":"https:\/\/actoria.com\/ch-it\/trasmissione\/decidere-di-vendere\/"},{"@type":"ListItem","position":4,"name":"Come vendere la propria azienda in difficolt\u00e0?"}]},{"@type":"WebSite","@id":"https:\/\/actoria.com\/ch-it\/#website","url":"https:\/\/actoria.com\/ch-it\/","name":"Trasferimento di azienda Svizzera, Ticino e Italia, Fusioni & Acquisizioni Svizzera, Ticino e Italia, Sviluppo Strategico Svizzera, Ticino e Italia","description":"Vendere la tua azienda, PMI in Belgio, Francia, Svizzera, Marocco, Tunisia, Lussemburgo, Italia","publisher":{"@id":"https:\/\/actoria.com\/ch-it\/#organization"},"alternateName":"Trasferimento di societ\u00e0, sviluppo di societ\u00e0 in Tunisia, lo specialista in fusioni e acquisizioni in Tunisia dal 2002","potentialAction":[{"@type":"SearchAction","target":{"@type":"EntryPoint","urlTemplate":"https:\/\/actoria.com\/ch-it\/?s={search_term_string}"},"query-input":{"@type":"PropertyValueSpecification","valueRequired":true,"valueName":"search_term_string"}}],"inLanguage":"it-IT"},{"@type":"Organization","@id":"https:\/\/actoria.com\/ch-it\/#organization","name":"Actoria Svizzera, Ticico e Italia, Trasferimento di azienda Svizzera, Ticino e Italia, Fusioni & Acquisizioni Svizzera, Ticino e Italia, Sviluppo Strategico Svizzera, Ticino e Italia","alternateName":"Vendere la tua azienda, PMI in Belgio, Francia, Svizzera, Marocco, Tunisia, Lussemburgo, Italia","url":"https:\/\/actoria.com\/ch-it\/","logo":{"@type":"ImageObject","inLanguage":"it-IT","@id":"https:\/\/actoria.com\/ch-it\/#\/schema\/logo\/image\/","url":"https:\/\/actoria.com\/ch-it\/wp-content\/uploads\/2020\/12\/Logo-standard.bmp","contentUrl":"https:\/\/actoria.com\/ch-it\/wp-content\/uploads\/2020\/12\/Logo-standard.bmp","width":566,"height":358,"caption":"Actoria Svizzera, Ticico e Italia, Trasferimento di azienda Svizzera, Ticino e Italia, Fusioni & Acquisizioni Svizzera, Ticino e Italia, Sviluppo Strategico Svizzera, Ticino e Italia"},"image":{"@id":"https:\/\/actoria.com\/ch-it\/#\/schema\/logo\/image\/"},"sameAs":["https:\/\/fr.linkedin.com\/company\/actoria-group_2"]},{"@type":"Person","@id":"https:\/\/actoria.com\/ch-it\/#\/schema\/person\/f49dd9d0c4e953ed3de3e3b44cd339ac","name":"fabrice","url":"https:\/\/actoria.com\/ch-it\/author\/fabrice\/"}]}},"_links":{"self":[{"href":"https:\/\/actoria.com\/ch-it\/wp-json\/wp\/v2\/pages\/6691","targetHints":{"allow":["GET"]}}],"collection":[{"href":"https:\/\/actoria.com\/ch-it\/wp-json\/wp\/v2\/pages"}],"about":[{"href":"https:\/\/actoria.com\/ch-it\/wp-json\/wp\/v2\/types\/page"}],"author":[{"embeddable":true,"href":"https:\/\/actoria.com\/ch-it\/wp-json\/wp\/v2\/users\/2"}],"replies":[{"embeddable":true,"href":"https:\/\/actoria.com\/ch-it\/wp-json\/wp\/v2\/comments?post=6691"}],"version-history":[{"count":0,"href":"https:\/\/actoria.com\/ch-it\/wp-json\/wp\/v2\/pages\/6691\/revisions"}],"up":[{"embeddable":true,"href":"https:\/\/actoria.com\/ch-it\/wp-json\/wp\/v2\/pages\/9919"}],"wp:featuredmedia":[{"embeddable":true,"href":"https:\/\/actoria.com\/ch-it\/wp-json\/wp\/v2\/media\/6694"}],"wp:attachment":[{"href":"https:\/\/actoria.com\/ch-it\/wp-json\/wp\/v2\/media?parent=6691"}],"curies":[{"name":"wp","href":"https:\/\/api.w.org\/{rel}","templated":true}]}}