{"id":6974,"date":"2019-03-25T09:09:46","date_gmt":"2019-03-25T08:09:46","guid":{"rendered":"https:\/\/actoria.com\/ch-it\/\/?page_id=6974"},"modified":"2022-08-12T17:39:28","modified_gmt":"2022-08-12T15:39:28","slug":"come-acquisire-una-pmi","status":"publish","type":"page","link":"https:\/\/actoria.com\/ch-it\/riassunto\/come-acquisire-una-pmi\/","title":{"rendered":"Come acquisire una PMI?"},"content":{"rendered":"<p style=\"text-align: justify;\"><strong>L&#8217;acquisizione di una PMI \u00e8 un&#8217;eccellente opportunit\u00e0 per diventare un imprenditore, senza passare attraverso una fase di start-up. Fin dall&#8217;inizio, siete operativi e prendete decisioni pi\u00f9 strategiche.<\/strong><\/p>\n<p style=\"text-align: justify;\"><img loading=\"lazy\" decoding=\"async\" class=\"alignleft wp-image-6975 size-full\" title=\"Comment faire l'acquisition d'une PME ?, transmission d'entreprises en Suisse\" src=\"https:\/\/actoria.com\/ch-it\/\/wp-content\/uploads\/2019\/03\/acquerir-une-pme-300x200.jpg\" alt=\"Comment faire l'acquisition d'une PME ?, transmission d'entreprises en Suisse\" width=\"300\" height=\"200\" \/>Ma l&#8217;acquisizione di una PMI non \u00e8 una questione di caso. Come un&#8217;auto di seconda mano, un&#8217;azienda pu\u00f2 avere difetti nascosti. \u00c8 importante fare tutto il possibile per evitare di fare un cattivo affare. Prima di comprare un&#8217;azienda, si dovrebbe quindi fare uno studio approfondito. Ecco i nostri consigli per comprare una PMI senza fare errori.<\/p>\n<h2>Prima di comprare una PMI, scava nel suo passato<\/h2>\n<p>Per cominciare, non esitate a chiedere perch\u00e9 il venditore vuole vendere. E fate un controllo incrociato delle vostre fonti. Il manager potrebbe andare in pensione, ma vale la pena scoprire se il mercato \u00e8 cambiato, per esempio, con l&#8217;apertura di un business pi\u00f9 competitivo. Controllate che l&#8217;azienda non abbia recentemente perso un contratto importante, questo genere di cose. Chiedete a chiunque possa darvi informazioni sul passato della PMI: agenti immobiliari locali, camera di commercio locale e fornitori.<\/p>\n<h2>Considerare ci\u00f2 che \u00e8 incluso nel prezzo di vendita<\/h2>\n<p>Quando acquistate una PMI, non esitate a realizzare il vostro metodo di valutazione. Dovrebbe esservi detto quali beni sono effettivamente messi in vendita e i loro rispettivi valori. Il venditore \u00e8 obbligato a preparare le informazioni in una scheda tecnica e a consegnarvela. Scava nei dettagli se qualcosa non \u00e8 chiaro per assicurarti che i beni non includano i debiti, per esempio.<\/p>\n<p>Leggi anche: Come fissare il prezzo di vendita della tua azienda?<\/p>\n<p>Il valore di un&#8217;impresa dipende dal reddito che genera ma anche da come \u00e8 stata gestita. L&#8217;<strong>esame dei registri finanziari di una PMI<\/strong> fornisce un quadro abbastanza accurato delle entrate lorde, dei costi e dei profitti.<\/p>\n<h2>Non dimenticare la fase di due diligence<\/h2>\n<p>Un venditore serio prender\u00e0 tutte le precauzioni necessarie prima di acquisire una PMI. La fase di due diligence \u00e8 essenziale in questo caso. Studiare la performance finanziaria passata dell&#8217;azienda. Guarda i suoi conti degli ultimi tre anni e fatti aiutare da un contabile esperto. Chiedete anche se la contabilit\u00e0 \u00e8 tenuta da un contabile interno o se la PMI usa una ditta esterna.<\/p>\n<p>Per valutare le opportunit\u00e0 di crescita, chiedete al venditore di venire ad osservare la PMI dall&#8217;interno per qualche giorno. Questo vi dar\u00e0 un quadro pi\u00f9 chiaro delle <strong>procedure e dei metodi di lavor<\/strong>o. Questo vi dar\u00e0 un quadro pi\u00f9 chiaro delle procedure e dei metodi di lavoro, e vi permetter\u00e0 di valutare le possibilit\u00e0 di innovazione o, al contrario, la riluttanza al cambiamento. Attenzione che il venditore pu\u00f2 rifiutarsi per preservare la sicurezza dei dati confidenziali della sua PMI.<\/p>\n<p>Il resto della vendita \u00e8 pi\u00f9 tradizionale. Una volta ottenute le informazioni sulle vostre possibilit\u00e0 finanziarie e di prestito, non vi resta che fare un&#8217;offerta. Una volta che l&#8217;offerta \u00e8 stata accettata, si pu\u00f2 firmare un atto di vendita. In tutti i casi, ricordatevi di essere accompagnati da professionisti esperti in trasferimenti di imprese. Scoprite tutti i servizi di<strong> Actoria Suisse.<\/strong><\/p>\n","protected":false},"excerpt":{"rendered":"<p>Vendita azienda Svizzera e Italia, trasferimento azienda Svizzera e Italia, vendita azienda Svizzera e Italia, acquisizione azienda Svizzera e Italia, vendita PMI Svizzera e Italia, vendita PMI Svizzera e Italia, successione PMI Svizzera e Italia, vendita azienda Svizzera e Italia, trovare un acquirente in Svizzera e in Italia<\/p>\n","protected":false},"author":2,"featured_media":18347,"parent":1690,"menu_order":0,"comment_status":"closed","ping_status":"closed","template":"","meta":{"footnotes":""},"class_list":["post-6974","page","type-page","status-publish","has-post-thumbnail","hentry"],"_links":{"self":[{"href":"https:\/\/actoria.com\/ch-it\/wp-json\/wp\/v2\/pages\/6974","targetHints":{"allow":["GET"]}}],"collection":[{"href":"https:\/\/actoria.com\/ch-it\/wp-json\/wp\/v2\/pages"}],"about":[{"href":"https:\/\/actoria.com\/ch-it\/wp-json\/wp\/v2\/types\/page"}],"author":[{"embeddable":true,"href":"https:\/\/actoria.com\/ch-it\/wp-json\/wp\/v2\/users\/2"}],"replies":[{"embeddable":true,"href":"https:\/\/actoria.com\/ch-it\/wp-json\/wp\/v2\/comments?post=6974"}],"version-history":[{"count":0,"href":"https:\/\/actoria.com\/ch-it\/wp-json\/wp\/v2\/pages\/6974\/revisions"}],"up":[{"embeddable":true,"href":"https:\/\/actoria.com\/ch-it\/wp-json\/wp\/v2\/pages\/1690"}],"wp:featuredmedia":[{"embeddable":true,"href":"https:\/\/actoria.com\/ch-it\/wp-json\/wp\/v2\/media\/18347"}],"wp:attachment":[{"href":"https:\/\/actoria.com\/ch-it\/wp-json\/wp\/v2\/media?parent=6974"}],"curies":[{"name":"wp","href":"https:\/\/api.w.org\/{rel}","templated":true}]}}