{"id":6999,"date":"2019-04-02T08:52:03","date_gmt":"2019-04-02T06:52:03","guid":{"rendered":"https:\/\/actoria.com\/ch-it\/\/?page_id=6999"},"modified":"2022-08-12T16:02:41","modified_gmt":"2022-08-12T14:02:41","slug":"rilevare-unazienda-come-fare-un-buon-affare","status":"publish","type":"page","link":"https:\/\/actoria.com\/ch-it\/riassunto\/rilevare-unazienda-come-fare-un-buon-affare\/","title":{"rendered":"Rilevare un&#8217;azienda: come fare un buon affare?"},"content":{"rendered":"<p style=\"text-align: justify;\"><strong>Rilevare un&#8217;azienda \u00e8 un processo speciale, con le sue procedure e le sue sfide. Diamo un&#8217;occhiata alle chiavi strategiche per trovare un&#8217;azienda da acquisire e finalizzare il trasferimento.<\/strong><\/p>\n<p style=\"text-align: justify;\"><img loading=\"lazy\" decoding=\"async\" class=\"alignleft wp-image-7001\" title=\"Reprendre une entreprise : comment faire une bonne affaire ?, transmission d'entreprises en Suisse\" src=\"https:\/\/actoria.com\/ch-it\/\/wp-content\/uploads\/2019\/04\/ec8925ba9f3e15a177-83775675.jpg\" alt=\"Reprendre une entreprise : comment faire une bonne affaire ?, transmission d'entreprises en Suisse\" width=\"413\" height=\"275\" srcset=\"https:\/\/actoria.com\/ch-it\/wp-content\/uploads\/2019\/04\/ec8925ba9f3e15a177-83775675.jpg 676w, https:\/\/actoria.com\/ch-it\/wp-content\/uploads\/2019\/04\/ec8925ba9f3e15a177-83775675-300x200.jpg 300w, https:\/\/actoria.com\/ch-it\/wp-content\/uploads\/2019\/04\/ec8925ba9f3e15a177-83775675-450x300.jpg 450w\" sizes=\"auto, (max-width: 413px) 100vw, 413px\" \/><\/p>\n<p>Per rilevare un&#8217;azienda, ci sono ora decine, centinaia di attori, tra cui venditori, acquirenti, avvocati, commercialisti, notai e, naturalmente, consulenti di fusione e acquisizione. Le procedure che circondano il trasferimento sono molto lunghe e noiose. Solo loro giustificano la partecipazione di tutti questi giocatori. I tempi di acquisizione sono lunghi, da 12 a 24 mesi. Inoltre, si stima che i \u00be dei negoziati falliscono.<\/p>\n<h2>Sondare il mercato prima di rilevare un&#8217;azienda<\/h2>\n<p>Nonostante i suoi vantaggi intrinseci, il mercato delle acquisizioni aziendali manca di attrattiva. C&#8217;\u00e8 uno squilibrio cronico di un venditore per ogni cinque potenziali acquirenti. C&#8217;\u00e8 un&#8217;incompatibilit\u00e0 tra i profili. Prima di voler rilevare un&#8217;azienda, \u00e8 quindi <strong>importante capire cosa deve essere trasferito.<\/strong><\/p>\n<p>L&#8217;80% delle PMI ha meno di 2 dipendenti. Ci sono anche molte aziende troppo deboli, con una contabilit\u00e0 fragile. Infine, alcune aziende sono destinate ad essere trasmesse alle famiglie o ai dipendenti. In altre parole, solo il 30-40% dei trasferimenti sono oggetto di un annuncio pubblico in cerca di acquirenti. In breve, identificare le aziende da acquisire \u00e8 un vero e proprio percorso a ostacoli. Eppure \u00e8 un passo essenziale per il futuro successo dell&#8217;imprenditore.<\/p>\n<p>Leggi anche: Perch\u00e9 comprare un&#8217;azienda?<\/p>\n<h2>Una scommessa sul futuro<\/h2>\n<p>Se escludiamo tutte le aziende che non possono essere trasferite, ci sono tra 5.000 e 7.000 trasferimenti in Svizzera ogni anno. A condizione di non cercare un profilo troppo specifico. La maggior parte degli acquirenti cerca aziende con le stesse caratteristiche: nella regione dell&#8217;\u00cele-de-Suisse, con un fatturato medio tra i 3 e i 10 milioni di franchi svizzeri. Sulla carta, tuttavia, pochi hanno questo fascino. Quando si decide di rilevare un&#8217;azienda, \u00e8 importante capire quali punti negativi possono essere facilmente corretti.<\/p>\n<p>Leggi anche: Dovresti creare o comprare un&#8217;azienda?<\/p>\n<p>Chiaramente, l&#8217;azienda ideale non esiste. <strong>Rilevare un&#8217;impresa \u00e8 sempre una sfida,<\/strong> proprio come iniziare un&#8217;attivit\u00e0. Comporta la sua parte di rischi e richiede altrettanti sforzi per mantenere e sviluppare il business. Perch\u00e9 la motivazione dell&#8217;acquisizione \u00e8 effettivamente quella di prevedere un potenziale di sviluppo. Senza questo, il trasferimento non ha senso. Allora, come si fa a identificare un venditore credibile? Per assicurarti che il manager sia davvero un venditore, controlla che abbia preparato il <strong>progetto di trasferimento<\/strong> con largo anticipo. Che \u00e8 pronto a condurre una due diligence approfondita, in collaborazione con un team di consulenti. Chiedigli come ha calcolato il valore della sua azienda e come ha fissato il prezzo.<\/p>\n<p>Per il vostro rilevamento d&#8217;impresa, rivolgetevi ai professionisti di <strong>Actoria Suiss<\/strong>e, specialisti del trasferimento d&#8217;impresa.<\/p>\n","protected":false},"excerpt":{"rendered":"<p>Vendita azienda Svizzera e Italia, trasferimento azienda Svizzera e Italia, vendita azienda Svizzera e Italia, acquisizione azienda Svizzera e Italia, vendita PMI Svizzera e Italia, vendita PMI Svizzera e Italia, successione PMI Svizzera e Italia, vendita azienda Svizzera e Italia, trovare un acquirente in Svizzera e in Italia<\/p>\n","protected":false},"author":2,"featured_media":7001,"parent":1690,"menu_order":0,"comment_status":"closed","ping_status":"closed","template":"","meta":{"footnotes":""},"class_list":["post-6999","page","type-page","status-publish","has-post-thumbnail","hentry"],"_links":{"self":[{"href":"https:\/\/actoria.com\/ch-it\/wp-json\/wp\/v2\/pages\/6999","targetHints":{"allow":["GET"]}}],"collection":[{"href":"https:\/\/actoria.com\/ch-it\/wp-json\/wp\/v2\/pages"}],"about":[{"href":"https:\/\/actoria.com\/ch-it\/wp-json\/wp\/v2\/types\/page"}],"author":[{"embeddable":true,"href":"https:\/\/actoria.com\/ch-it\/wp-json\/wp\/v2\/users\/2"}],"replies":[{"embeddable":true,"href":"https:\/\/actoria.com\/ch-it\/wp-json\/wp\/v2\/comments?post=6999"}],"version-history":[{"count":0,"href":"https:\/\/actoria.com\/ch-it\/wp-json\/wp\/v2\/pages\/6999\/revisions"}],"up":[{"embeddable":true,"href":"https:\/\/actoria.com\/ch-it\/wp-json\/wp\/v2\/pages\/1690"}],"wp:featuredmedia":[{"embeddable":true,"href":"https:\/\/actoria.com\/ch-it\/wp-json\/wp\/v2\/media\/7001"}],"wp:attachment":[{"href":"https:\/\/actoria.com\/ch-it\/wp-json\/wp\/v2\/media?parent=6999"}],"curies":[{"name":"wp","href":"https:\/\/api.w.org\/{rel}","templated":true}]}}