{"id":7006,"date":"2019-04-05T09:57:23","date_gmt":"2019-04-05T07:57:23","guid":{"rendered":"https:\/\/actoria.com\/ch-it\/\/?page_id=7006"},"modified":"2022-08-12T17:41:57","modified_gmt":"2022-08-12T15:41:57","slug":"siete-pronti-a-vendere-la-vostra-azienda","status":"publish","type":"page","link":"https:\/\/actoria.com\/ch-it\/trasmissione\/i-nostri-strumenti-di-trasmissione-e-consigli\/siete-pronti-a-vendere-la-vostra-azienda\/","title":{"rendered":"Siete pronti a vendere la vostra azienda?"},"content":{"rendered":"<div class=\"flex_column av_one_full  flex_column_div av-zero-column-padding first  avia-builder-el-0  el_before_av_textblock  avia-builder-el-first  \" style='border-radius:0px; '><section class=\"av_textblock_section \"  itemscope=\"itemscope\" itemtype=\"https:\/\/schema.org\/CreativeWork\" ><div class='avia_textblock  '   itemprop=\"text\" ><p><iframe id=\"sondage\" name=\"sondage\" width=\"1500px\" height=\"1200px\" frameborder=\"0\" scrolling=\"auto\"><\/iframe><br \/>\n<script>\nvar iframesrc = \"https:\/\/survey.actoria.com\/zs\/kZCzqB\";\nvar befHash = window.location.search;\nvar urlParams = (befHash.indexOf(\"?\")!= -1) ? befHash.substring(befHash.indexOf(\"?\")+1)+\"\" : \"\";\nvar objFrame=document.getElementById(\"sondage\");\nobjFrame.src = iframesrc + \"?\" + urlParams;\n<\/script><br \/>\n<strong>Contact Administrateur : <a href=\"mailto:info@actoria.com\">info@actoria.com<\/a><\/strong><\/p>\n<\/div><\/section><\/div><section class=\"av_textblock_section \"  itemscope=\"itemscope\" itemtype=\"https:\/\/schema.org\/CreativeWork\" ><div class='avia_textblock  '   itemprop=\"text\" ><p>Transmettre une entreprise est une d\u00e9cision difficile pour un chef d&#8217;entreprise car bien souvent il va fermer la page sur tout un plan de vie.<\/p>\n<p>Nous avons souhait\u00e9 vous aider concr\u00e8tement \u00e0 prendre la bonne d\u00e9cision et au bon moment.<\/p>\n<p>En remplissant ce petit questionnaire, vous pourrez ainsi savoir si vous \u00eates pr\u00eat ou non \u00e0 transmettre votre entreprise.<\/p>\n<\/div><\/section><\/p>\n[av_section min_height='' min_height_pc='25' min_height_px='500px' padding='huge' shadow='no-border-styling' bottom_border='no-border-styling' bottom_border_diagonal_color='#333333' bottom_border_diagonal_direction='' bottom_border_style='' margin='aviaTBmargin' custom_margin='50px' custom_margin_sync='true' custom_arrow_bg='' color='alternate_color' background='bg_color' custom_bg='' background_gradient_color1='' background_gradient_color2='' background_gradient_direction='vertical' src='https:\/\/actoria.com\/fr\/wp-content\/uploads\/2019\/10\/actoria-transmission-entreprise-2.jpg' attachment='7691' attachment_size='full' attach='parallax' position='top left' repeat='stretch' video='' video_ratio='16:9' overlay_enable='aviaTBoverlay_enable' overlay_opacity='0.8' overlay_color='#0b0146' overlay_pattern='' overlay_custom_pattern='' id='' custom_class='template_element le_cabinet_resume' aria_label='' av_element_hidden_in_editor='0' av_uid='av-2axmry']\r\n\r\n[av_one_half first min_height='av-equal-height-column' vertical_alignment='av-align-middle' space='' margin='0px' margin_sync='true' row_boxshadow_color='' row_boxshadow_width='10' link='' linktarget='' link_hover='' title_attr='' alt_attr='' padding='0px' padding_sync='true' highlight_size='1.1' border='' border_color='' radius='0px' radius_sync='true' column_boxshadow_color='' column_boxshadow_width='10' background='bg_color' background_color='' background_gradient_color1='' background_gradient_color2='' background_gradient_direction='vertical' src='' attachment='' attachment_size='' background_position='top left' background_repeat='no-repeat' animation='' mobile_breaking='' mobile_display='' id='' custom_class='' av_uid='av-m28772']\r\n\r\n[av_textblock size='' av-medium-font-size='' av-small-font-size='' av-mini-font-size='' font_color='' color='' id='' custom_class='' av_uid='av-24hq0e' admin_preview_bg='']\r\n<h3>Il Gruppo in sintesi:<\/h3>\r\n[\/av_textblock]\r\n\r\n[av_headline_rotator before_rotating='Ogni anno' after_rotating='' margin='' margin_sync='true' align='left' custom_title='#ff3d3d' size='14' av-medium-font-size-title='' av-small-font-size-title='' av-mini-font-size-title='' tag='h3' interval='5' animation='' alb_description='' id='' custom_class='' av_uid='av-kit1c31w' admin_preview_bg='']\r\n[av_rotator_item title='60 missioni di successo' custom_title='#ff3d3d' link='' linktarget='' av_uid='av-hfe426']\r\n[av_rotator_item title='con 20 partner e consulenti senior' custom_title='#ff3d3d' link='' linktarget='' av_uid='av-3a6x7y']\r\n[av_rotator_item title='Su aziende da 5 a 100 dipendenti' custom_title='#ff3d3d' link='' linktarget='' av_uid='av-e91dwe']\r\n[av_rotator_item title='Con un fatturato da 1 a 100 milioni' custom_title='#ff3d3d' link='' linktarget='' av_uid='av-d56udq']\r\n[\/av_headline_rotator]\r\n\r\n[\/av_one_half][av_one_half min_height='' vertical_alignment='' space='' custom_margin='' margin='0px' row_boxshadow='' row_boxshadow_color='' row_boxshadow_width='10' link='' linktarget='' link_hover='' title_attr='' alt_attr='' padding='0px' highlight='' highlight_size='' border='' border_color='' radius='0px' column_boxshadow='' column_boxshadow_color='' column_boxshadow_width='10' background='bg_color' background_color='' background_gradient_color1='' background_gradient_color2='' background_gradient_direction='vertical' src='' background_position='top left' background_repeat='no-repeat' animation='' mobile_breaking='' mobile_display='' av_uid='av-l9wtny']\r\n\r\n[av_textblock size='' av-medium-font-size='' av-small-font-size='' av-mini-font-size='' font_color='' color='' id='' custom_class='' av_uid='av-k2aokny5' admin_preview_bg='']\r\nSiamo presenti in numerosi paesi d'Europa e Africa per raggiungere acquirenti\/investitori stranieri:\r\n[\/av_textblock]\r\n\r\n[av_buttonrow alignment='center' button_spacing='5' button_spacing_unit='px' alb_description='' id='' custom_class='' av_uid='av-k2apppve' admin_preview_bg='']\r\n[av_buttonrow_item label='ACTORIA International' icon_select='no' icon='4' font='entypo-fontello' link='manually,https:\/\/actoria.com\/' link_target='_blank' size='small' label_display='' title_attr='' color='theme-color' custom_bg='#444444' custom_font='#ffffff' av_uid='av-dtv1ou']\r\n[av_buttonrow_item label='ACTORIA Suisse' icon_select='no' icon='4' font='entypo-fontello' link='manually,http:\/\/actoria.com\/ch\/' link_target='_blank' size='small' label_display='' title_attr='' color='theme-color' custom_bg='#444444' custom_font='#ffffff' av_uid='av-ciaxvy']\r\n[av_buttonrow_item label='ACTORIA Marocco' icon_select='no' icon='4' font='entypo-fontello' link='manually,https:\/\/actoria.com\/ma\/' link_target='_blank' size='small' label_display='' title_attr='' color='theme-color' custom_bg='#444444' custom_font='#ffffff' av_uid='av-a7v9gu']\r\n[av_buttonrow_item label='ACTORIA Belgio' icon_select='no' icon='4' font='entypo-fontello' link='manually,https:\/\/actoria.com\/be\/' link_target='_blank' size='small' label_display='' title_attr='' color='theme-color' custom_bg='#444444' custom_font='#ffffff' av_uid='av-8fxqj2']\r\n[av_buttonrow_item label='ACTORIA Spagna' icon_select='no' icon='4' font='entypo-fontello' link='manually,https:\/\/actoria.com\/es\/' link_target='_blank' size='small' label_display='' title_attr='' color='theme-color' custom_bg='#444444' custom_font='#ffffff' av_uid='av-7ypnzy']\r\n[av_buttonrow_item label='ACTORIA Lussemburgo' icon_select='no' icon='4' font='entypo-fontello' link='manually,https:\/\/actoria.com\/lu\/' link_target='_blank' size='small' label_display='' title_attr='' color='theme-color' custom_bg='#444444' custom_font='#ffffff' av_uid='av-5yruz2']\r\n[av_buttonrow_item label='ACTORIA Francia' icon_select='no' icon='4' font='entypo-fontello' link='manually,https:\/\/actoria.com\/fr\/' link_target='_blank' size='small' label_display='' title_attr='' color='theme-color' custom_bg='#444444' custom_font='#ffffff' av_uid='av-2ebsxa' icon_hover='']\r\n[av_buttonrow_item label='ACTORIA Italia' icon_select='no' icon='4' font='entypo-fontello' link='manually,https:\/\/actoria.com\/ch-it\/' link_target='_blank' size='small' label_display='' title_attr='' color='theme-color' custom_bg='#444444' custom_font='#ffffff' av_uid='av-4g0er2']\r\n[av_buttonrow_item label='ACTORIA Tunisia' icon_select='no' icon='ue800' font='entypo-fontello' link='manually,https:\/\/actoria.com\/tn\/' link_target='' size='small' label_display='' title_attr='' color='theme-color' custom_bg='#444444' custom_font='#ffffff' av_uid='av-2lsd4u']\r\n[\/av_buttonrow]\r\n\r\n[\/av_one_half][\/av_section]\n<section class=\"av_textblock_section \"  itemscope=\"itemscope\" itemtype=\"https:\/\/schema.org\/CreativeWork\" ><div class='avia_textblock  '   itemprop=\"text\" ><p>https:\/\/survey.zohopublic.com\/zs\/svCh5E<\/p>\n<\/div><\/section>\n","protected":false},"excerpt":{"rendered":"<p>Vendita azienda Svizzera e Italia, trasferimento azienda Svizzera e Italia, vendita azienda Svizzera e Italia, acquisizione azienda Svizzera e Italia, vendita PMI Svizzera e Italia, vendita PMI Svizzera e Italia, successione PMI Svizzera e Italia, vendita azienda Svizzera e Italia, trovare un acquirente in Svizzera e in Italia<\/p>\n","protected":false},"author":2,"featured_media":18381,"parent":16521,"menu_order":0,"comment_status":"closed","ping_status":"closed","template":"","meta":{"footnotes":""},"class_list":["post-7006","page","type-page","status-publish","has-post-thumbnail","hentry"],"yoast_head":"<!-- This site is optimized with the Yoast SEO plugin v27.4 - https:\/\/yoast.com\/product\/yoast-seo-wordpress\/ -->\n<title>Etes vous pr\u00eat \u00e0 transmettre votre entreprise en Suisse ?<\/title>\n<meta name=\"description\" content=\"Questionnaire d&#039;aide \u00e0 la d\u00e9cision de transmettre, cession entreprise en Suisse, cession PME en Suisse, vente entreprise en Suisse, transmission PME en Suisse, vente PME en Suisse\" \/>\n<meta name=\"robots\" content=\"index, follow, max-snippet:-1, max-image-preview:large, max-video-preview:-1\" \/>\n<link rel=\"canonical\" href=\"https:\/\/actoria.com\/ch-it\/trasmissione\/i-nostri-strumenti-di-trasmissione-e-consigli\/siete-pronti-a-vendere-la-vostra-azienda\/\" \/>\n<meta property=\"og:locale\" content=\"it_IT\" \/>\n<meta property=\"og:type\" content=\"article\" \/>\n<meta property=\"og:title\" content=\"Etes vous pr\u00eat \u00e0 transmettre votre entreprise en Suisse ?\" \/>\n<meta property=\"og:description\" content=\"Questionnaire d&#039;aide \u00e0 la d\u00e9cision de transmettre, cession entreprise en Suisse, cession PME en Suisse, vente entreprise en Suisse, transmission PME en Suisse, vente PME en Suisse\" \/>\n<meta property=\"og:url\" content=\"https:\/\/actoria.com\/ch-it\/trasmissione\/i-nostri-strumenti-di-trasmissione-e-consigli\/siete-pronti-a-vendere-la-vostra-azienda\/\" \/>\n<meta property=\"og:site_name\" content=\"Trasferimento di azienda Svizzera, Ticino e Italia, Fusioni &amp; Acquisizioni Svizzera, Ticino e Italia, Sviluppo Strategico Svizzera, Ticino e Italia\" \/>\n<meta property=\"article:modified_time\" content=\"2022-08-12T15:41:57+00:00\" \/>\n<meta property=\"og:image\" content=\"https:\/\/actoria.com\/ch-it\/wp-content\/uploads\/2021\/12\/shutterstock-1-19.jpg\" \/>\n\t<meta property=\"og:image:width\" content=\"2400\" \/>\n\t<meta property=\"og:image:height\" content=\"1600\" \/>\n\t<meta property=\"og:image:type\" content=\"image\/jpeg\" \/>\n<meta name=\"twitter:card\" content=\"summary_large_image\" \/>\n<meta name=\"twitter:label1\" content=\"Tempo di lettura stimato\" \/>\n\t<meta name=\"twitter:data1\" content=\"1 minuto\" \/>\n<script type=\"application\/ld+json\" class=\"yoast-schema-graph\">{\"@context\":\"https:\\\/\\\/schema.org\",\"@graph\":[{\"@type\":\"Article\",\"@id\":\"https:\\\/\\\/actoria.com\\\/ch-it\\\/trasmissione\\\/i-nostri-strumenti-di-trasmissione-e-consigli\\\/siete-pronti-a-vendere-la-vostra-azienda\\\/#article\",\"isPartOf\":{\"@id\":\"https:\\\/\\\/actoria.com\\\/ch-it\\\/trasmissione\\\/i-nostri-strumenti-di-trasmissione-e-consigli\\\/siete-pronti-a-vendere-la-vostra-azienda\\\/\"},\"author\":{\"name\":\"fabrice\",\"@id\":\"https:\\\/\\\/actoria.com\\\/ch-it\\\/#\\\/schema\\\/person\\\/f49dd9d0c4e953ed3de3e3b44cd339ac\"},\"headline\":\"Siete pronti a vendere la vostra azienda?\",\"datePublished\":\"2019-04-05T07:57:23+00:00\",\"dateModified\":\"2022-08-12T15:41:57+00:00\",\"mainEntityOfPage\":{\"@id\":\"https:\\\/\\\/actoria.com\\\/ch-it\\\/trasmissione\\\/i-nostri-strumenti-di-trasmissione-e-consigli\\\/siete-pronti-a-vendere-la-vostra-azienda\\\/\"},\"wordCount\":236,\"publisher\":{\"@id\":\"https:\\\/\\\/actoria.com\\\/ch-it\\\/#organization\"},\"image\":{\"@id\":\"https:\\\/\\\/actoria.com\\\/ch-it\\\/trasmissione\\\/i-nostri-strumenti-di-trasmissione-e-consigli\\\/siete-pronti-a-vendere-la-vostra-azienda\\\/#primaryimage\"},\"thumbnailUrl\":\"https:\\\/\\\/actoria.com\\\/ch-it\\\/wp-content\\\/uploads\\\/2021\\\/12\\\/shutterstock-1-19.jpg\",\"inLanguage\":\"it-IT\"},{\"@type\":\"WebPage\",\"@id\":\"https:\\\/\\\/actoria.com\\\/ch-it\\\/trasmissione\\\/i-nostri-strumenti-di-trasmissione-e-consigli\\\/siete-pronti-a-vendere-la-vostra-azienda\\\/\",\"url\":\"https:\\\/\\\/actoria.com\\\/ch-it\\\/trasmissione\\\/i-nostri-strumenti-di-trasmissione-e-consigli\\\/siete-pronti-a-vendere-la-vostra-azienda\\\/\",\"name\":\"Etes vous pr\u00eat \u00e0 transmettre votre entreprise en Suisse ?\",\"isPartOf\":{\"@id\":\"https:\\\/\\\/actoria.com\\\/ch-it\\\/#website\"},\"primaryImageOfPage\":{\"@id\":\"https:\\\/\\\/actoria.com\\\/ch-it\\\/trasmissione\\\/i-nostri-strumenti-di-trasmissione-e-consigli\\\/siete-pronti-a-vendere-la-vostra-azienda\\\/#primaryimage\"},\"image\":{\"@id\":\"https:\\\/\\\/actoria.com\\\/ch-it\\\/trasmissione\\\/i-nostri-strumenti-di-trasmissione-e-consigli\\\/siete-pronti-a-vendere-la-vostra-azienda\\\/#primaryimage\"},\"thumbnailUrl\":\"https:\\\/\\\/actoria.com\\\/ch-it\\\/wp-content\\\/uploads\\\/2021\\\/12\\\/shutterstock-1-19.jpg\",\"datePublished\":\"2019-04-05T07:57:23+00:00\",\"dateModified\":\"2022-08-12T15:41:57+00:00\",\"description\":\"Questionnaire d'aide \u00e0 la d\u00e9cision de transmettre, cession entreprise en Suisse, cession PME en Suisse, vente entreprise en Suisse, transmission PME en Suisse, vente PME en Suisse\",\"breadcrumb\":{\"@id\":\"https:\\\/\\\/actoria.com\\\/ch-it\\\/trasmissione\\\/i-nostri-strumenti-di-trasmissione-e-consigli\\\/siete-pronti-a-vendere-la-vostra-azienda\\\/#breadcrumb\"},\"inLanguage\":\"it-IT\",\"potentialAction\":[{\"@type\":\"ReadAction\",\"target\":[\"https:\\\/\\\/actoria.com\\\/ch-it\\\/trasmissione\\\/i-nostri-strumenti-di-trasmissione-e-consigli\\\/siete-pronti-a-vendere-la-vostra-azienda\\\/\"]}]},{\"@type\":\"ImageObject\",\"inLanguage\":\"it-IT\",\"@id\":\"https:\\\/\\\/actoria.com\\\/ch-it\\\/trasmissione\\\/i-nostri-strumenti-di-trasmissione-e-consigli\\\/siete-pronti-a-vendere-la-vostra-azienda\\\/#primaryimage\",\"url\":\"https:\\\/\\\/actoria.com\\\/ch-it\\\/wp-content\\\/uploads\\\/2021\\\/12\\\/shutterstock-1-19.jpg\",\"contentUrl\":\"https:\\\/\\\/actoria.com\\\/ch-it\\\/wp-content\\\/uploads\\\/2021\\\/12\\\/shutterstock-1-19.jpg\",\"width\":2400,\"height\":1600,\"caption\":\"Energia, materie prime e miniere, Energia, materie prime e miniere, trasferimento, vendita di societ\u00e0 e azienda in Svizzera e Italia\"},{\"@type\":\"BreadcrumbList\",\"@id\":\"https:\\\/\\\/actoria.com\\\/ch-it\\\/trasmissione\\\/i-nostri-strumenti-di-trasmissione-e-consigli\\\/siete-pronti-a-vendere-la-vostra-azienda\\\/#breadcrumb\",\"itemListElement\":[{\"@type\":\"ListItem\",\"position\":1,\"name\":\"Home\",\"item\":\"https:\\\/\\\/actoria.com\\\/ch-it\\\/\"},{\"@type\":\"ListItem\",\"position\":2,\"name\":\"Trasmissione\",\"item\":\"https:\\\/\\\/actoria.com\\\/ch-it\\\/trasmissione\\\/\"},{\"@type\":\"ListItem\",\"position\":3,\"name\":\"I nostri strumenti di trasmissione e consigli\",\"item\":\"https:\\\/\\\/actoria.com\\\/ch-it\\\/trasmissione\\\/i-nostri-strumenti-di-trasmissione-e-consigli\\\/\"},{\"@type\":\"ListItem\",\"position\":4,\"name\":\"Siete pronti a vendere la vostra azienda?\"}]},{\"@type\":\"WebSite\",\"@id\":\"https:\\\/\\\/actoria.com\\\/ch-it\\\/#website\",\"url\":\"https:\\\/\\\/actoria.com\\\/ch-it\\\/\",\"name\":\"Trasferimento di azienda Svizzera, Ticino e Italia, Fusioni & Acquisizioni Svizzera, Ticino e Italia, Sviluppo Strategico Svizzera, Ticino e Italia\",\"description\":\"Vendere la tua azienda, PMI in Belgio, Francia, Svizzera, Marocco, Tunisia, Lussemburgo, Italia\",\"publisher\":{\"@id\":\"https:\\\/\\\/actoria.com\\\/ch-it\\\/#organization\"},\"alternateName\":\"Trasferimento di societ\u00e0, sviluppo di societ\u00e0 in Tunisia, lo specialista in fusioni e acquisizioni in Tunisia dal 2002\",\"potentialAction\":[{\"@type\":\"SearchAction\",\"target\":{\"@type\":\"EntryPoint\",\"urlTemplate\":\"https:\\\/\\\/actoria.com\\\/ch-it\\\/?s={search_term_string}\"},\"query-input\":{\"@type\":\"PropertyValueSpecification\",\"valueRequired\":true,\"valueName\":\"search_term_string\"}}],\"inLanguage\":\"it-IT\"},{\"@type\":\"Organization\",\"@id\":\"https:\\\/\\\/actoria.com\\\/ch-it\\\/#organization\",\"name\":\"Actoria Svizzera, Ticico e Italia, Trasferimento di azienda Svizzera, Ticino e Italia, Fusioni & Acquisizioni Svizzera, Ticino e Italia, Sviluppo Strategico Svizzera, Ticino e Italia\",\"alternateName\":\"Vendere la tua azienda, PMI in Belgio, Francia, Svizzera, Marocco, Tunisia, Lussemburgo, Italia\",\"url\":\"https:\\\/\\\/actoria.com\\\/ch-it\\\/\",\"logo\":{\"@type\":\"ImageObject\",\"inLanguage\":\"it-IT\",\"@id\":\"https:\\\/\\\/actoria.com\\\/ch-it\\\/#\\\/schema\\\/logo\\\/image\\\/\",\"url\":\"https:\\\/\\\/actoria.com\\\/ch-it\\\/wp-content\\\/uploads\\\/2020\\\/12\\\/Logo-standard.bmp\",\"contentUrl\":\"https:\\\/\\\/actoria.com\\\/ch-it\\\/wp-content\\\/uploads\\\/2020\\\/12\\\/Logo-standard.bmp\",\"width\":566,\"height\":358,\"caption\":\"Actoria Svizzera, Ticico e Italia, Trasferimento di azienda Svizzera, Ticino e Italia, Fusioni & Acquisizioni Svizzera, Ticino e Italia, Sviluppo Strategico Svizzera, Ticino e Italia\"},\"image\":{\"@id\":\"https:\\\/\\\/actoria.com\\\/ch-it\\\/#\\\/schema\\\/logo\\\/image\\\/\"},\"sameAs\":[\"https:\\\/\\\/fr.linkedin.com\\\/company\\\/actoria-group_2\"]},{\"@type\":\"Person\",\"@id\":\"https:\\\/\\\/actoria.com\\\/ch-it\\\/#\\\/schema\\\/person\\\/f49dd9d0c4e953ed3de3e3b44cd339ac\",\"name\":\"fabrice\",\"url\":\"https:\\\/\\\/actoria.com\\\/ch-it\\\/author\\\/fabrice\\\/\"}]}<\/script>\n<!-- \/ Yoast SEO plugin. -->","yoast_head_json":{"title":"Etes vous pr\u00eat \u00e0 transmettre votre entreprise en Suisse ?","description":"Questionnaire d'aide \u00e0 la d\u00e9cision de transmettre, cession entreprise en Suisse, cession PME en Suisse, vente entreprise en Suisse, transmission PME en Suisse, vente PME en Suisse","robots":{"index":"index","follow":"follow","max-snippet":"max-snippet:-1","max-image-preview":"max-image-preview:large","max-video-preview":"max-video-preview:-1"},"canonical":"https:\/\/actoria.com\/ch-it\/trasmissione\/i-nostri-strumenti-di-trasmissione-e-consigli\/siete-pronti-a-vendere-la-vostra-azienda\/","og_locale":"it_IT","og_type":"article","og_title":"Etes vous pr\u00eat \u00e0 transmettre votre entreprise en Suisse ?","og_description":"Questionnaire d'aide \u00e0 la d\u00e9cision de transmettre, cession entreprise en Suisse, cession PME en Suisse, vente entreprise en Suisse, transmission PME en Suisse, vente PME en Suisse","og_url":"https:\/\/actoria.com\/ch-it\/trasmissione\/i-nostri-strumenti-di-trasmissione-e-consigli\/siete-pronti-a-vendere-la-vostra-azienda\/","og_site_name":"Trasferimento di azienda Svizzera, Ticino e Italia, Fusioni &amp; Acquisizioni Svizzera, Ticino e Italia, Sviluppo Strategico Svizzera, Ticino e Italia","article_modified_time":"2022-08-12T15:41:57+00:00","og_image":[{"width":2400,"height":1600,"url":"https:\/\/actoria.com\/ch-it\/wp-content\/uploads\/2021\/12\/shutterstock-1-19.jpg","type":"image\/jpeg"}],"twitter_card":"summary_large_image","twitter_misc":{"Tempo di lettura stimato":"1 minuto"},"schema":{"@context":"https:\/\/schema.org","@graph":[{"@type":"Article","@id":"https:\/\/actoria.com\/ch-it\/trasmissione\/i-nostri-strumenti-di-trasmissione-e-consigli\/siete-pronti-a-vendere-la-vostra-azienda\/#article","isPartOf":{"@id":"https:\/\/actoria.com\/ch-it\/trasmissione\/i-nostri-strumenti-di-trasmissione-e-consigli\/siete-pronti-a-vendere-la-vostra-azienda\/"},"author":{"name":"fabrice","@id":"https:\/\/actoria.com\/ch-it\/#\/schema\/person\/f49dd9d0c4e953ed3de3e3b44cd339ac"},"headline":"Siete pronti a vendere la vostra azienda?","datePublished":"2019-04-05T07:57:23+00:00","dateModified":"2022-08-12T15:41:57+00:00","mainEntityOfPage":{"@id":"https:\/\/actoria.com\/ch-it\/trasmissione\/i-nostri-strumenti-di-trasmissione-e-consigli\/siete-pronti-a-vendere-la-vostra-azienda\/"},"wordCount":236,"publisher":{"@id":"https:\/\/actoria.com\/ch-it\/#organization"},"image":{"@id":"https:\/\/actoria.com\/ch-it\/trasmissione\/i-nostri-strumenti-di-trasmissione-e-consigli\/siete-pronti-a-vendere-la-vostra-azienda\/#primaryimage"},"thumbnailUrl":"https:\/\/actoria.com\/ch-it\/wp-content\/uploads\/2021\/12\/shutterstock-1-19.jpg","inLanguage":"it-IT"},{"@type":"WebPage","@id":"https:\/\/actoria.com\/ch-it\/trasmissione\/i-nostri-strumenti-di-trasmissione-e-consigli\/siete-pronti-a-vendere-la-vostra-azienda\/","url":"https:\/\/actoria.com\/ch-it\/trasmissione\/i-nostri-strumenti-di-trasmissione-e-consigli\/siete-pronti-a-vendere-la-vostra-azienda\/","name":"Etes vous pr\u00eat \u00e0 transmettre votre entreprise en Suisse ?","isPartOf":{"@id":"https:\/\/actoria.com\/ch-it\/#website"},"primaryImageOfPage":{"@id":"https:\/\/actoria.com\/ch-it\/trasmissione\/i-nostri-strumenti-di-trasmissione-e-consigli\/siete-pronti-a-vendere-la-vostra-azienda\/#primaryimage"},"image":{"@id":"https:\/\/actoria.com\/ch-it\/trasmissione\/i-nostri-strumenti-di-trasmissione-e-consigli\/siete-pronti-a-vendere-la-vostra-azienda\/#primaryimage"},"thumbnailUrl":"https:\/\/actoria.com\/ch-it\/wp-content\/uploads\/2021\/12\/shutterstock-1-19.jpg","datePublished":"2019-04-05T07:57:23+00:00","dateModified":"2022-08-12T15:41:57+00:00","description":"Questionnaire d'aide \u00e0 la d\u00e9cision de transmettre, cession entreprise en Suisse, cession PME en Suisse, vente entreprise en Suisse, transmission PME en Suisse, vente PME en Suisse","breadcrumb":{"@id":"https:\/\/actoria.com\/ch-it\/trasmissione\/i-nostri-strumenti-di-trasmissione-e-consigli\/siete-pronti-a-vendere-la-vostra-azienda\/#breadcrumb"},"inLanguage":"it-IT","potentialAction":[{"@type":"ReadAction","target":["https:\/\/actoria.com\/ch-it\/trasmissione\/i-nostri-strumenti-di-trasmissione-e-consigli\/siete-pronti-a-vendere-la-vostra-azienda\/"]}]},{"@type":"ImageObject","inLanguage":"it-IT","@id":"https:\/\/actoria.com\/ch-it\/trasmissione\/i-nostri-strumenti-di-trasmissione-e-consigli\/siete-pronti-a-vendere-la-vostra-azienda\/#primaryimage","url":"https:\/\/actoria.com\/ch-it\/wp-content\/uploads\/2021\/12\/shutterstock-1-19.jpg","contentUrl":"https:\/\/actoria.com\/ch-it\/wp-content\/uploads\/2021\/12\/shutterstock-1-19.jpg","width":2400,"height":1600,"caption":"Energia, materie prime e miniere, Energia, materie prime e miniere, trasferimento, vendita di societ\u00e0 e azienda in Svizzera e Italia"},{"@type":"BreadcrumbList","@id":"https:\/\/actoria.com\/ch-it\/trasmissione\/i-nostri-strumenti-di-trasmissione-e-consigli\/siete-pronti-a-vendere-la-vostra-azienda\/#breadcrumb","itemListElement":[{"@type":"ListItem","position":1,"name":"Home","item":"https:\/\/actoria.com\/ch-it\/"},{"@type":"ListItem","position":2,"name":"Trasmissione","item":"https:\/\/actoria.com\/ch-it\/trasmissione\/"},{"@type":"ListItem","position":3,"name":"I nostri strumenti di trasmissione e consigli","item":"https:\/\/actoria.com\/ch-it\/trasmissione\/i-nostri-strumenti-di-trasmissione-e-consigli\/"},{"@type":"ListItem","position":4,"name":"Siete pronti a vendere la vostra azienda?"}]},{"@type":"WebSite","@id":"https:\/\/actoria.com\/ch-it\/#website","url":"https:\/\/actoria.com\/ch-it\/","name":"Trasferimento di azienda Svizzera, Ticino e Italia, Fusioni & Acquisizioni Svizzera, Ticino e Italia, Sviluppo Strategico Svizzera, Ticino e Italia","description":"Vendere la tua azienda, PMI in Belgio, Francia, Svizzera, Marocco, Tunisia, Lussemburgo, Italia","publisher":{"@id":"https:\/\/actoria.com\/ch-it\/#organization"},"alternateName":"Trasferimento di societ\u00e0, sviluppo di societ\u00e0 in Tunisia, lo specialista in fusioni e acquisizioni in Tunisia dal 2002","potentialAction":[{"@type":"SearchAction","target":{"@type":"EntryPoint","urlTemplate":"https:\/\/actoria.com\/ch-it\/?s={search_term_string}"},"query-input":{"@type":"PropertyValueSpecification","valueRequired":true,"valueName":"search_term_string"}}],"inLanguage":"it-IT"},{"@type":"Organization","@id":"https:\/\/actoria.com\/ch-it\/#organization","name":"Actoria Svizzera, Ticico e Italia, Trasferimento di azienda Svizzera, Ticino e Italia, Fusioni & Acquisizioni Svizzera, Ticino e Italia, Sviluppo Strategico Svizzera, Ticino e Italia","alternateName":"Vendere la tua azienda, PMI in Belgio, Francia, Svizzera, Marocco, Tunisia, Lussemburgo, Italia","url":"https:\/\/actoria.com\/ch-it\/","logo":{"@type":"ImageObject","inLanguage":"it-IT","@id":"https:\/\/actoria.com\/ch-it\/#\/schema\/logo\/image\/","url":"https:\/\/actoria.com\/ch-it\/wp-content\/uploads\/2020\/12\/Logo-standard.bmp","contentUrl":"https:\/\/actoria.com\/ch-it\/wp-content\/uploads\/2020\/12\/Logo-standard.bmp","width":566,"height":358,"caption":"Actoria Svizzera, Ticico e Italia, Trasferimento di azienda Svizzera, Ticino e Italia, Fusioni & Acquisizioni Svizzera, Ticino e Italia, Sviluppo Strategico Svizzera, Ticino e Italia"},"image":{"@id":"https:\/\/actoria.com\/ch-it\/#\/schema\/logo\/image\/"},"sameAs":["https:\/\/fr.linkedin.com\/company\/actoria-group_2"]},{"@type":"Person","@id":"https:\/\/actoria.com\/ch-it\/#\/schema\/person\/f49dd9d0c4e953ed3de3e3b44cd339ac","name":"fabrice","url":"https:\/\/actoria.com\/ch-it\/author\/fabrice\/"}]}},"_links":{"self":[{"href":"https:\/\/actoria.com\/ch-it\/wp-json\/wp\/v2\/pages\/7006","targetHints":{"allow":["GET"]}}],"collection":[{"href":"https:\/\/actoria.com\/ch-it\/wp-json\/wp\/v2\/pages"}],"about":[{"href":"https:\/\/actoria.com\/ch-it\/wp-json\/wp\/v2\/types\/page"}],"author":[{"embeddable":true,"href":"https:\/\/actoria.com\/ch-it\/wp-json\/wp\/v2\/users\/2"}],"replies":[{"embeddable":true,"href":"https:\/\/actoria.com\/ch-it\/wp-json\/wp\/v2\/comments?post=7006"}],"version-history":[{"count":0,"href":"https:\/\/actoria.com\/ch-it\/wp-json\/wp\/v2\/pages\/7006\/revisions"}],"up":[{"embeddable":true,"href":"https:\/\/actoria.com\/ch-it\/wp-json\/wp\/v2\/pages\/16521"}],"wp:featuredmedia":[{"embeddable":true,"href":"https:\/\/actoria.com\/ch-it\/wp-json\/wp\/v2\/media\/18381"}],"wp:attachment":[{"href":"https:\/\/actoria.com\/ch-it\/wp-json\/wp\/v2\/media?parent=7006"}],"curies":[{"name":"wp","href":"https:\/\/api.w.org\/{rel}","templated":true}]}}